{"id":1037,"date":"2022-06-09T07:15:15","date_gmt":"2022-06-09T07:15:15","guid":{"rendered":"https:\/\/artome.fi\/?page_id=1037"},"modified":"2022-11-28T13:38:38","modified_gmt":"2022-11-28T13:38:38","slug":"interactive-experience","status":"publish","type":"page","link":"https:\/\/artome.fi\/de\/interaktives-erlebnis\/","title":{"rendered":"Interaktives Erlebnis"},"content":{"rendered":"<div data-elementor-type=\"wp-page\" data-elementor-id=\"1037\" class=\"elementor elementor-1037\" data-elementor-post-type=\"page\">\n\t\t\t\t\t\t<section class=\"elementor-section elementor-top-section elementor-element elementor-element-7474c2ac ct-section-stretched elementor-section-height-min-height elementor-section-full_width elementor-section-height-default elementor-section-items-middle\" data-id=\"7474c2ac\" data-element_type=\"section\" data-settings=\"{&quot;background_background&quot;:&quot;classic&quot;}\">\n\t\t\t\t\t\t<div class=\"elementor-container elementor-column-gap-no\">\n\t\t\t\t\t<div class=\"elementor-column elementor-col-100 elementor-top-column elementor-element elementor-element-2acbdd8b\" data-id=\"2acbdd8b\" data-element_type=\"column\">\n\t\t\t<div class=\"elementor-widget-wrap elementor-element-populated\">\n\t\t\t\t\t\t<div class=\"elementor-element elementor-element-49f44ba0 elementor-widget elementor-widget-heading\" data-id=\"49f44ba0\" data-element_type=\"widget\" data-widget_type=\"heading.default\">\n\t\t\t\t<div class=\"elementor-widget-container\">\n\t\t\t\t\t<h1 class=\"elementor-heading-title elementor-size-default\">Eine L\u00f6sung f\u00fcr Videokonferenzen und Remote-Pr\u00e4sentationen<\/h1>\t\t\t\t<\/div>\n\t\t\t\t<\/div>\n\t\t\t\t\t<\/div>\n\t\t<\/div>\n\t\t\t\t\t<\/div>\n\t\t<\/section>\n\t\t\t\t<section class=\"elementor-section elementor-top-section elementor-element elementor-element-53b20c84 ct-section-stretched elementor-section-boxed elementor-section-height-default elementor-section-height-default\" data-id=\"53b20c84\" data-element_type=\"section\">\n\t\t\t\t\t\t<div class=\"elementor-container elementor-column-gap-no\">\n\t\t\t\t\t<div class=\"elementor-column elementor-col-100 elementor-top-column elementor-element elementor-element-419ac72\" data-id=\"419ac72\" data-element_type=\"column\">\n\t\t\t<div class=\"elementor-widget-wrap elementor-element-populated\">\n\t\t\t\t\t\t<div class=\"elementor-element elementor-element-1046a52c elementor-widget elementor-widget-heading\" data-id=\"1046a52c\" data-element_type=\"widget\" data-widget_type=\"heading.default\">\n\t\t\t\t<div class=\"elementor-widget-container\">\n\t\t\t\t\t<h2 class=\"elementor-heading-title elementor-size-default\">F\u00fcr Pr\u00e4sentationsbedarf nah und fern<\/h2>\t\t\t\t<\/div>\n\t\t\t\t<\/div>\n\t\t\t\t<div class=\"elementor-element elementor-element-75606491 elementor-widget elementor-widget-text-editor\" data-id=\"75606491\" data-element_type=\"widget\" data-widget_type=\"text-editor.default\">\n\t\t\t\t<div class=\"elementor-widget-container\">\n\t\t\t\t\t\t\t\t\t<p>Die Kombination von Remote- und lokaler Arbeit stellt Arbeitspl\u00e4tze vor die Herausforderung, jetzt und in Zukunft verschiedene Remote-Meeting-L\u00f6sungen zu unterst\u00fctzen. Auch Schulen stehen vor etwas Neuem, wenn die traditionelle Unterrichtsarbeit zu einer Kombination aus Nah- und Fernunterricht wird. Hybrides Arbeiten erfordert eine neue Art von Flexibilit\u00e4t sowohl bei den Arbeitsr\u00e4umen als auch bei den technologischen L\u00f6sungen. Artome M10 bietet eine benutzerfreundliche Videokonferenzfunktion in Form vollst\u00e4ndig mobiler Smart Furniture.<\/p>\t\t\t\t\t\t\t\t<\/div>\n\t\t\t\t<\/div>\n\t\t\t\t\t<\/div>\n\t\t<\/div>\n\t\t\t\t\t<\/div>\n\t\t<\/section>\n\t\t\t\t<section class=\"elementor-section elementor-top-section elementor-element elementor-element-29af4546 ct-section-stretched elementor-section-items-top elementor-section-height-min-height elementor-section-boxed elementor-section-height-default\" data-id=\"29af4546\" data-element_type=\"section\" data-settings=\"{&quot;background_background&quot;:&quot;classic&quot;}\">\n\t\t\t\t\t\t<div class=\"elementor-container elementor-column-gap-default\">\n\t\t\t\t\t<div class=\"elementor-column elementor-col-50 elementor-top-column elementor-element elementor-element-7eff66b3\" data-id=\"7eff66b3\" data-element_type=\"column\">\n\t\t\t<div class=\"elementor-widget-wrap elementor-element-populated\">\n\t\t\t\t\t\t\t<\/div>\n\t\t<\/div>\n\t\t\t\t<div class=\"elementor-column elementor-col-50 elementor-top-column elementor-element elementor-element-335e9efe\" data-id=\"335e9efe\" data-element_type=\"column\" data-settings=\"{&quot;background_background&quot;:&quot;classic&quot;}\">\n\t\t\t<div class=\"elementor-widget-wrap\">\n\t\t\t\t\t\t\t<\/div>\n\t\t<\/div>\n\t\t\t\t\t<\/div>\n\t\t<\/section>\n\t\t\t\t<section class=\"elementor-section elementor-top-section elementor-element elementor-element-3bcdc4ab ct-section-stretched elementor-section-boxed elementor-section-height-default elementor-section-height-default\" data-id=\"3bcdc4ab\" data-element_type=\"section\">\n\t\t\t\t\t\t<div class=\"elementor-container elementor-column-gap-default\">\n\t\t\t\t\t<div class=\"elementor-column elementor-col-50 elementor-top-column elementor-element elementor-element-8a6a016\" data-id=\"8a6a016\" data-element_type=\"column\" data-settings=\"{&quot;background_background&quot;:&quot;classic&quot;}\">\n\t\t\t<div class=\"elementor-widget-wrap elementor-element-populated\">\n\t\t\t\t\t\t<div class=\"elementor-element elementor-element-2d662a68 elementor-widget elementor-widget-heading\" data-id=\"2d662a68\" data-element_type=\"widget\" data-widget_type=\"heading.default\">\n\t\t\t\t<div class=\"elementor-widget-container\">\n\t\t\t\t\t<h2 class=\"elementor-heading-title elementor-size-default\">Zur Unterst\u00fctzung hybrider Arbeit<\/h2>\t\t\t\t<\/div>\n\t\t\t\t<\/div>\n\t\t\t\t\t<\/div>\n\t\t<\/div>\n\t\t\t\t<div class=\"elementor-column elementor-col-50 elementor-top-column elementor-element elementor-element-2eec3b32\" data-id=\"2eec3b32\" data-element_type=\"column\" data-settings=\"{&quot;background_background&quot;:&quot;classic&quot;}\">\n\t\t\t<div class=\"elementor-widget-wrap elementor-element-populated\">\n\t\t\t\t\t\t<div class=\"elementor-element elementor-element-4d58a7e8 elementor-widget elementor-widget-text-editor\" data-id=\"4d58a7e8\" data-element_type=\"widget\" data-widget_type=\"text-editor.default\">\n\t\t\t\t<div class=\"elementor-widget-container\">\n\t\t\t\t\t\t\t\t\t<p>Mit Artome M10 lassen sich Inhalte flexibel pr\u00e4sentieren. Das Smart-Ger\u00e4t l\u00e4sst sich einfach per HDMI-Kabel an Ihren Computer anschlie\u00dfen, sodass das Pr\u00e4sentationsmaterial des Meetings gleichzeitig an die Wand projiziert und an entfernte Teilnehmer verteilt werden kann. Die Artome M10-L\u00f6sung umfasst Anschl\u00fcsse f\u00fcr Kamera und Mikrofone, wodurch sich die Audiowiedergabe bei Videokonferenzen problemlos realisieren l\u00e4sst. Bei gr\u00f6\u00dferen Veranstaltungen kann der Ton mit zus\u00e4tzlichen externen Lautsprechern im Raum verst\u00e4rkt werden.<\/p>\t\t\t\t\t\t\t\t<\/div>\n\t\t\t\t<\/div>\n\t\t\t\t<div class=\"elementor-element elementor-element-1efc93d5 elementor-widget elementor-widget-text-editor\" data-id=\"1efc93d5\" data-element_type=\"widget\" data-widget_type=\"text-editor.default\">\n\t\t\t\t<div class=\"elementor-widget-container\">\n\t\t\t\t\t\t\t\t\t<p>Artome M10 nutzt unsere Innovation, die HybriDock\u2122-L\u00f6sung. Die HybriDock\u2122-Technologie erm\u00f6glicht die einfache Nutzung von Kameras, Mikrofonen und externen Lautsprechern und tr\u00e4gt dazu bei, ein wirklich interaktives Videokonferenzerlebnis f\u00fcr Zuschauer aus der N\u00e4he und aus der Ferne zu schaffen<\/p>\t\t\t\t\t\t\t\t<\/div>\n\t\t\t\t<\/div>\n\t\t\t\t\t<\/div>\n\t\t<\/div>\n\t\t\t\t\t<\/div>\n\t\t<\/section>\n\t\t\t\t<section class=\"elementor-section elementor-top-section elementor-element elementor-element-63215fa elementor-section-boxed elementor-section-height-default elementor-section-height-default\" data-id=\"63215fa\" data-element_type=\"section\">\n\t\t\t\t\t\t<div class=\"elementor-container elementor-column-gap-default\">\n\t\t\t\t\t<div class=\"elementor-column elementor-col-100 elementor-top-column elementor-element elementor-element-392d14c\" data-id=\"392d14c\" data-element_type=\"column\">\n\t\t\t<div class=\"elementor-widget-wrap elementor-element-populated\">\n\t\t\t\t\t\t<div class=\"elementor-element elementor-element-c6e0533 elementor-widget elementor-widget-heading\" data-id=\"c6e0533\" data-element_type=\"widget\" data-widget_type=\"heading.default\">\n\t\t\t\t<div class=\"elementor-widget-container\">\n\t\t\t\t\t<h2 class=\"elementor-heading-title elementor-size-default\">Erfahren Sie mehr \u00fcber unsere HybriDock\u2122-Technologiel\u00f6sung<\/h2>\t\t\t\t<\/div>\n\t\t\t\t<\/div>\n\t\t\t\t<div class=\"elementor-element elementor-element-3b4abfd elementor-align-center elementor-widget elementor-widget-button\" data-id=\"3b4abfd\" data-element_type=\"widget\" data-widget_type=\"button.default\">\n\t\t\t\t<div class=\"elementor-widget-container\">\n\t\t\t\t\t\t\t\t\t<div class=\"elementor-button-wrapper\">\n\t\t\t\t\t<a class=\"elementor-button elementor-button-link elementor-size-md elementor-animation-grow\" href=\"https:\/\/artome.fi\/de\/artome-hybridock\/\" target=\"_blank\">\n\t\t\t\t\t\t<span class=\"elementor-button-content-wrapper\">\n\t\t\t\t\t\t\t\t\t<span class=\"elementor-button-text\">Hier klicken<\/span>\n\t\t\t\t\t<\/span>\n\t\t\t\t\t<\/a>\n\t\t\t\t<\/div>\n\t\t\t\t\t\t\t\t<\/div>\n\t\t\t\t<\/div>\n\t\t\t\t\t<\/div>\n\t\t<\/div>\n\t\t\t\t\t<\/div>\n\t\t<\/section>\n\t\t\t\t<\/div>","protected":false},"excerpt":{"rendered":"<p>Ratkaisu videoneuvotteluun ja et\u00e4esitt\u00e4miseen Esitt\u00e4misen tarpeisiin l\u00e4hell\u00e4 ja et\u00e4n\u00e4 Et\u00e4- ja l\u00e4hity\u00f6n yhdist\u00e4minen haastavat ty\u00f6paikat tukemaan erilaisia et\u00e4kokousratkaisuja nyt ja tulevaisuudessa. My\u00f6s koulut ovat uuden edess\u00e4, kun perinteinen luokkaty\u00f6skentely muuttaa muotoaan l\u00e4hi- ja et\u00e4opiskelun yhdistelm\u00e4ksi. Hybridity\u00f6skentely vaatii uudenlaista joustavuutta niin ty\u00f6skentelytiloilta, kuin teknologisilta ratkaisuiltakin. Artome M10 tarjoaa helppok\u00e4ytt\u00f6isen videokonferenssiominaisuuden t\u00e4ysin liikuteltavan \u00e4lykalusteen muodossa. Hybridity\u00f6n tukena [&hellip;]<\/p>\n","protected":false},"author":1,"featured_media":0,"parent":0,"menu_order":0,"comment_status":"closed","ping_status":"closed","template":"elementor_header_footer","meta":{"om_disable_all_campaigns":false,"_monsterinsights_skip_tracking":false,"_monsterinsights_sitenote_active":false,"_monsterinsights_sitenote_note":"","_monsterinsights_sitenote_category":0,"_uf_show_specific_survey":0,"_uf_disable_surveys":false,"footnotes":""},"class_list":["post-1037","page","type-page","status-publish","hentry"],"blocksy_meta":{"styles_descriptor":{"styles":{"desktop":"","tablet":"","mobile":""},"google_fonts":[],"version":6}},"aioseo_notices":[],"yoast_head":"<!-- This site is optimized with the Yoast SEO Premium plugin v23.2 (Yoast SEO v26.3) - https:\/\/yoast.com\/wordpress\/plugins\/seo\/ -->\n<title>Artome | Interactive experience<\/title>\n<meta name=\"description\" content=\"Interactive experience. Meet the needs. Workplaces everywhere need to support remote working and hybridmeeting. Check out more.\" \/>\n<meta name=\"robots\" content=\"index, follow, max-snippet:-1, max-image-preview:large, max-video-preview:-1\" \/>\n<link rel=\"canonical\" href=\"https:\/\/artome.fi\/de\/interaktives-erlebnis\/\" \/>\n<meta property=\"og:locale\" content=\"de_DE\" \/>\n<meta property=\"og:type\" content=\"article\" \/>\n<meta property=\"og:title\" content=\"Interactive experience\" \/>\n<meta property=\"og:description\" content=\"Interactive experience. Meet the needs. Workplaces everywhere need to support remote working and hybridmeeting. Check out more.\" \/>\n<meta property=\"og:url\" content=\"https:\/\/artome.fi\/de\/interaktives-erlebnis\/\" \/>\n<meta property=\"og:site_name\" content=\"Artome\" \/>\n<meta property=\"article:modified_time\" content=\"2022-11-28T13:38:38+00:00\" \/>\n<meta name=\"twitter:card\" content=\"summary_large_image\" \/>\n<meta name=\"twitter:label1\" content=\"Gesch\u00e4tzte Lesezeit\" \/>\n\t<meta name=\"twitter:data1\" content=\"1\u00a0Minute\" \/>\n<script type=\"application\/ld+json\" class=\"yoast-schema-graph\">{\"@context\":\"https:\/\/schema.org\",\"@graph\":[{\"@type\":\"WebPage\",\"@id\":\"https:\/\/artome.fi\/fr\/experience-interactive\/\",\"url\":\"https:\/\/artome.fi\/fr\/experience-interactive\/\",\"name\":\"Artome | Interactive experience\",\"isPartOf\":{\"@id\":\"https:\/\/artome.fi\/en\/#website\"},\"datePublished\":\"2022-06-09T07:15:15+00:00\",\"dateModified\":\"2022-11-28T13:38:38+00:00\",\"description\":\"Interactive experience. Meet the needs. Workplaces everywhere need to support remote working and hybridmeeting. Check out more.\",\"breadcrumb\":{\"@id\":\"https:\/\/artome.fi\/fr\/experience-interactive\/#breadcrumb\"},\"inLanguage\":\"de\",\"potentialAction\":[{\"@type\":\"ReadAction\",\"target\":[\"https:\/\/artome.fi\/fr\/experience-interactive\/\"]}]},{\"@type\":\"BreadcrumbList\",\"@id\":\"https:\/\/artome.fi\/fr\/experience-interactive\/#breadcrumb\",\"itemListElement\":[{\"@type\":\"ListItem\",\"position\":1,\"name\":\"Etusivu\",\"item\":\"https:\/\/artome.fi\/en\/\"},{\"@type\":\"ListItem\",\"position\":2,\"name\":\"Interactive experience\"}]},{\"@type\":\"WebSite\",\"@id\":\"https:\/\/artome.fi\/en\/#website\",\"url\":\"https:\/\/artome.fi\/en\/\",\"name\":\"Artome\",\"description\":\"Redesigning audiovisual with smart furniture\",\"publisher\":{\"@id\":\"https:\/\/artome.fi\/en\/#organization\"},\"potentialAction\":[{\"@type\":\"SearchAction\",\"target\":{\"@type\":\"EntryPoint\",\"urlTemplate\":\"https:\/\/artome.fi\/en\/?s={search_term_string}\"},\"query-input\":{\"@type\":\"PropertyValueSpecification\",\"valueRequired\":true,\"valueName\":\"search_term_string\"}}],\"inLanguage\":\"de\"},{\"@type\":\"Organization\",\"@id\":\"https:\/\/artome.fi\/en\/#organization\",\"name\":\"Artome\",\"url\":\"https:\/\/artome.fi\/en\/\",\"logo\":{\"@type\":\"ImageObject\",\"inLanguage\":\"de\",\"@id\":\"https:\/\/artome.fi\/en\/#\/schema\/logo\/image\/\",\"url\":\"https:\/\/artome.fi\/wp-content\/uploads\/2022\/02\/artome_logo_black.png\",\"contentUrl\":\"https:\/\/artome.fi\/wp-content\/uploads\/2022\/02\/artome_logo_black.png\",\"width\":1280,\"height\":496,\"caption\":\"Artome\"},\"image\":{\"@id\":\"https:\/\/artome.fi\/en\/#\/schema\/logo\/image\/\"}}]}<\/script>\n<!-- \/ Yoast SEO Premium plugin. -->","yoast_head_json":{"title":"Artome | Interaktives Erlebnis","description":"Interaktives Erlebnis. Erf\u00fcllen Sie die Bed\u00fcrfnisse. \u00dcberall m\u00fcssen Arbeitspl\u00e4tze Remote-Arbeit und Hybrid-Meetings unterst\u00fctzen. Schauen Sie sich mehr an.","robots":{"index":"index","follow":"follow","max-snippet":"max-snippet:-1","max-image-preview":"max-image-preview:large","max-video-preview":"max-video-preview:-1"},"canonical":"https:\/\/artome.fi\/de\/interaktives-erlebnis\/","og_locale":"de_DE","og_type":"article","og_title":"Interactive experience","og_description":"Interactive experience. Meet the needs. Workplaces everywhere need to support remote working and hybridmeeting. Check out more.","og_url":"https:\/\/artome.fi\/de\/interaktives-erlebnis\/","og_site_name":"Artome","article_modified_time":"2022-11-28T13:38:38+00:00","twitter_card":"summary_large_image","twitter_misc":{"Gesch\u00e4tzte Lesezeit":"1\u00a0Minute"},"schema":{"@context":"https:\/\/schema.org","@graph":[{"@type":"WebPage","@id":"https:\/\/artome.fi\/fr\/experience-interactive\/","url":"https:\/\/artome.fi\/fr\/experience-interactive\/","name":"Artome | Interaktives Erlebnis","isPartOf":{"@id":"https:\/\/artome.fi\/en\/#website"},"datePublished":"2022-06-09T07:15:15+00:00","dateModified":"2022-11-28T13:38:38+00:00","description":"Interaktives Erlebnis. Erf\u00fcllen Sie die Bed\u00fcrfnisse. \u00dcberall m\u00fcssen Arbeitspl\u00e4tze Remote-Arbeit und Hybrid-Meetings unterst\u00fctzen. Schauen Sie sich mehr an.","breadcrumb":{"@id":"https:\/\/artome.fi\/fr\/experience-interactive\/#breadcrumb"},"inLanguage":"de","potentialAction":[{"@type":"ReadAction","target":["https:\/\/artome.fi\/fr\/experience-interactive\/"]}]},{"@type":"BreadcrumbList","@id":"https:\/\/artome.fi\/fr\/experience-interactive\/#breadcrumb","itemListElement":[{"@type":"ListItem","position":1,"name":"Etusivu","item":"https:\/\/artome.fi\/en\/"},{"@type":"ListItem","position":2,"name":"Interactive experience"}]},{"@type":"WebSite","@id":"https:\/\/artome.fi\/en\/#website","url":"https:\/\/artome.fi\/en\/","name":"Artome","description":"Neugestaltung audiovisueller Medien mit intelligenten M\u00f6beln","publisher":{"@id":"https:\/\/artome.fi\/en\/#organization"},"potentialAction":[{"@type":"SearchAction","target":{"@type":"EntryPoint","urlTemplate":"https:\/\/artome.fi\/en\/?s={search_term_string}"},"query-input":{"@type":"PropertyValueSpecification","valueRequired":true,"valueName":"search_term_string"}}],"inLanguage":"de"},{"@type":"Organization","@id":"https:\/\/artome.fi\/en\/#organization","name":"Artome","url":"https:\/\/artome.fi\/en\/","logo":{"@type":"ImageObject","inLanguage":"de","@id":"https:\/\/artome.fi\/en\/#\/schema\/logo\/image\/","url":"https:\/\/artome.fi\/wp-content\/uploads\/2022\/02\/artome_logo_black.png","contentUrl":"https:\/\/artome.fi\/wp-content\/uploads\/2022\/02\/artome_logo_black.png","width":1280,"height":496,"caption":"Artome"},"image":{"@id":"https:\/\/artome.fi\/en\/#\/schema\/logo\/image\/"}}]}},"_links":{"self":[{"href":"https:\/\/artome.fi\/de\/wp-json\/wp\/v2\/pages\/1037","targetHints":{"allow":["GET"]}}],"collection":[{"href":"https:\/\/artome.fi\/de\/wp-json\/wp\/v2\/pages"}],"about":[{"href":"https:\/\/artome.fi\/de\/wp-json\/wp\/v2\/types\/page"}],"author":[{"embeddable":true,"href":"https:\/\/artome.fi\/de\/wp-json\/wp\/v2\/users\/1"}],"replies":[{"embeddable":true,"href":"https:\/\/artome.fi\/de\/wp-json\/wp\/v2\/comments?post=1037"}],"version-history":[{"count":41,"href":"https:\/\/artome.fi\/de\/wp-json\/wp\/v2\/pages\/1037\/revisions"}],"predecessor-version":[{"id":2491,"href":"https:\/\/artome.fi\/de\/wp-json\/wp\/v2\/pages\/1037\/revisions\/2491"}],"wp:attachment":[{"href":"https:\/\/artome.fi\/de\/wp-json\/wp\/v2\/media?parent=1037"}],"curies":[{"name":"wp","href":"https:\/\/api.w.org\/{rel}","templated":true}]}}