{"id":1082,"date":"2022-06-09T10:42:23","date_gmt":"2022-06-09T10:42:23","guid":{"rendered":"https:\/\/artome.fi\/?page_id=1082"},"modified":"2023-11-08T15:47:00","modified_gmt":"2023-11-08T15:47:00","slug":"experiences-verona-international","status":"publish","type":"page","link":"https:\/\/artome.fi\/de\/erlebt-verona-international\/","title":{"rendered":"Verona International"},"content":{"rendered":"<div data-elementor-type=\"wp-page\" data-elementor-id=\"1082\" class=\"elementor elementor-1082\" data-elementor-post-type=\"page\">\n\t\t\t\t\t\t<section class=\"elementor-section elementor-top-section elementor-element elementor-element-78929c24 elementor-section-boxed elementor-section-height-default elementor-section-height-default\" data-id=\"78929c24\" data-element_type=\"section\">\n\t\t\t\t\t\t<div class=\"elementor-container elementor-column-gap-default\">\n\t\t\t\t\t<div class=\"elementor-column elementor-col-100 elementor-top-column elementor-element elementor-element-74ff65c5\" data-id=\"74ff65c5\" data-element_type=\"column\">\n\t\t\t<div class=\"elementor-widget-wrap elementor-element-populated\">\n\t\t\t\t\t\t<div class=\"elementor-element elementor-element-7bb94d5 elementor-mobile-align-center elementor-widget elementor-widget-button\" data-id=\"7bb94d5\" data-element_type=\"widget\" data-widget_type=\"button.default\">\n\t\t\t\t<div class=\"elementor-widget-container\">\n\t\t\t\t\t\t\t\t\t<div class=\"elementor-button-wrapper\">\n\t\t\t\t\t<a class=\"elementor-button elementor-button-link elementor-size-sm\" href=\"https:\/\/artome.fi\/de\/erfahrungen\/\">\n\t\t\t\t\t\t<span class=\"elementor-button-content-wrapper\">\n\t\t\t\t\t\t\t\t\t<span class=\"elementor-button-text\">Erfahrungen<\/span>\n\t\t\t\t\t<\/span>\n\t\t\t\t\t<\/a>\n\t\t\t\t<\/div>\n\t\t\t\t\t\t\t\t<\/div>\n\t\t\t\t<\/div>\n\t\t\t\t<div class=\"elementor-element elementor-element-25a70d32 elementor-widget elementor-widget-heading\" data-id=\"25a70d32\" data-element_type=\"widget\" data-widget_type=\"heading.default\">\n\t\t\t\t<div class=\"elementor-widget-container\">\n\t\t\t\t\t<h2 class=\"elementor-heading-title elementor-size-xl\">Verona International<\/h2>\t\t\t\t<\/div>\n\t\t\t\t<\/div>\n\t\t\t\t\t<\/div>\n\t\t<\/div>\n\t\t\t\t\t<\/div>\n\t\t<\/section>\n\t\t\t\t<section class=\"elementor-section elementor-top-section elementor-element elementor-element-139709ca elementor-section-boxed elementor-section-height-default elementor-section-height-default\" data-id=\"139709ca\" data-element_type=\"section\">\n\t\t\t\t\t\t<div class=\"elementor-container elementor-column-gap-default\">\n\t\t\t\t\t<div class=\"elementor-column elementor-col-100 elementor-top-column elementor-element elementor-element-7223068f\" data-id=\"7223068f\" data-element_type=\"column\">\n\t\t\t<div class=\"elementor-widget-wrap elementor-element-populated\">\n\t\t\t\t\t\t<div class=\"elementor-element elementor-element-7d074d49 elementor-widget elementor-widget-image\" data-id=\"7d074d49\" data-element_type=\"widget\" data-widget_type=\"image.default\">\n\t\t\t\t<div class=\"elementor-widget-container\">\n\t\t\t\t\t\t\t\t\t\t\t\t\t\t\t<img fetchpriority=\"high\" decoding=\"async\" width=\"1536\" height=\"864\" src=\"https:\/\/artome.fi\/wp-content\/uploads\/2022\/06\/Verona_office_2021_edited-1536x864.jpg\" class=\"attachment-1536x1536 size-1536x1536 wp-image-1201\" alt=\"Artome M10 im Einsatz in Verona International.\" srcset=\"https:\/\/artome.fi\/wp-content\/uploads\/2022\/06\/Verona_office_2021_edited-1536x864.jpg 1536w, https:\/\/artome.fi\/wp-content\/uploads\/2022\/06\/Verona_office_2021_edited-300x169.jpg 300w, https:\/\/artome.fi\/wp-content\/uploads\/2022\/06\/Verona_office_2021_edited-1024x576.jpg 1024w, https:\/\/artome.fi\/wp-content\/uploads\/2022\/06\/Verona_office_2021_edited-768x432.jpg 768w, https:\/\/artome.fi\/wp-content\/uploads\/2022\/06\/Verona_office_2021_edited-18x10.jpg 18w, https:\/\/artome.fi\/wp-content\/uploads\/2022\/06\/Verona_office_2021_edited.jpg 1920w\" sizes=\"(max-width: 1536px) 100vw, 1536px\" \/>\t\t\t\t\t\t\t\t\t\t\t\t\t\t\t<\/div>\n\t\t\t\t<\/div>\n\t\t\t\t<div class=\"elementor-element elementor-element-d5cd383 elementor-widget elementor-widget-heading\" data-id=\"d5cd383\" data-element_type=\"widget\" data-widget_type=\"heading.default\">\n\t\t\t\t<div class=\"elementor-widget-container\">\n\t\t\t\t\t<h2 class=\"elementor-heading-title elementor-size-default\">Ma\u00dfgeschneiderter Stil f\u00fcr einzigartige R\u00e4ume<\/h2>\t\t\t\t<\/div>\n\t\t\t\t<\/div>\n\t\t\t\t<div class=\"elementor-element elementor-element-11b04830 elementor-widget elementor-widget-text-editor\" data-id=\"11b04830\" data-element_type=\"widget\" data-widget_type=\"text-editor.default\">\n\t\t\t\t<div class=\"elementor-widget-container\">\n\t\t\t\t\t\t\t\t\t<p>Im Herzen der Stadt Helsinki, neben dem Rhythmus der vorbeifahrenden Stra\u00dfenbahnen, liegt das B\u00fcro von Verona International. Es ist ein Unternehmen, das sich zum Ziel gesetzt hat, seine Kunden bei Wachstum und Erneuerung durch engagierte Methoden und analytische Unternehmensberatung zu unterst\u00fctzen. Wenn man von Erneuerung spricht, dann hat sich auch in den R\u00e4umlichkeiten von Verona einiges getan, denn das Hauptb\u00fcro wurde k\u00fcrzlich renoviert, um den neuen Anforderungen des hybriden Arbeitens gerecht zu werden. Die Anforderungen beschr\u00e4nkten sich jedoch nicht nur auf die technische Seite, sondern es sollte auch eine \u00e4sthetische L\u00f6sung gefunden werden, die zum neuen Erscheinungsbild des B\u00fcros passt. Aus diesem Grund wurde Artome M10 gew\u00e4hlt.<br \/>Verona ist ein Unternehmen mit mehr als 90 Experten in Europa, das sich darauf konzentriert, internationalen Kunden bei der erfolgreichen Planung, Erhaltung, Risikoverwaltung und Vermehrung ihres Verm\u00f6gens \u00fcber mehrere Gerichtsbarkeiten und Generationen hinweg zu helfen. Neben dem B\u00fcro in Helsinki gibt es auch eines in Luxemburg. Daher war es wichtig, dass die gew\u00e4hlte Technologie auch Remote-Meetings unterst\u00fctzt.<\/p>\t\t\t\t\t\t\t\t<\/div>\n\t\t\t\t<\/div>\n\t\t\t\t<div class=\"elementor-element elementor-element-6012e57 elementor-blockquote--skin-quotation elementor-blockquote--align-center elementor-widget elementor-widget-blockquote\" data-id=\"6012e57\" data-element_type=\"widget\" data-widget_type=\"blockquote.default\">\n\t\t\t\t<div class=\"elementor-widget-container\">\n\t\t\t\t\t\t\t<blockquote class=\"elementor-blockquote\">\n\t\t\t<p class=\"elementor-blockquote__content\">\n\t\t\t\tBei der Planung der Renovierung haben wir uns entschieden, in designorientierte und einfach zu bedienende L\u00f6sungen zu investieren. Mit Artome M10 ist es m\u00fchelos m\u00f6glich, Remote-Meetings mit unseren Kunden auf der ganzen Welt durchzuf\u00fchren, und es passt auch sehr gut zu unserer B\u00fcroeinrichtung\t\t\t<\/p>\n\t\t\t\t\t\t\t<div class=\"e-q-footer\">\n\t\t\t\t\t\t\t\t\t\t\t<cite class=\"elementor-blockquote__author\"> Mari Tammivaara, Verwaltungsassistentin von Verona International<\/cite>\n\t\t\t\t\t\t\t\t\t\t\t\t\t\t<\/div>\n\t\t\t\t\t<\/blockquote>\n\t\t\t\t\t\t<\/div>\n\t\t\t\t<\/div>\n\t\t\t\t<div class=\"elementor-element elementor-element-632b413a elementor-widget elementor-widget-text-editor\" data-id=\"632b413a\" data-element_type=\"widget\" data-widget_type=\"text-editor.default\">\n\t\t\t\t<div class=\"elementor-widget-container\">\n\t\t\t\t\t\t\t\t\t<p>Aus den drei Rahmenoptionen des Artome M10 fiel die Wahl auf Verona aus schwarz gebeizter Esche und die graue Farbe der gepolsterten T\u00fcr, um das Aussehen der M\u00f6bel zu mildern. Alle dunkel gef\u00e4rbten Holzoberfl\u00e4chen im Besprechungsraum verleihen dem Raum ein anspruchsvolles Gesamtbild. Dennoch gelangt das Tageslicht durch gro\u00dfe Fenster in den Raum, um das Erscheinungsbild aufzulockern.<\/p>\t\t\t\t\t\t\t\t<\/div>\n\t\t\t\t<\/div>\n\t\t\t\t<div class=\"elementor-element elementor-element-147e82d elementor-widget elementor-widget-heading\" data-id=\"147e82d\" data-element_type=\"widget\" data-widget_type=\"heading.default\">\n\t\t\t\t<div class=\"elementor-widget-container\">\n\t\t\t\t\t<h2 class=\"elementor-heading-title elementor-size-default\">Erf\u00fcllt die Anforderungen ohne zus\u00e4tzliche Installationen<\/h2>\t\t\t\t<\/div>\n\t\t\t\t<\/div>\n\t\t\t\t<div class=\"elementor-element elementor-element-05a175c elementor-widget elementor-widget-text-editor\" data-id=\"05a175c\" data-element_type=\"widget\" data-widget_type=\"text-editor.default\">\n\t\t\t\t<div class=\"elementor-widget-container\">\n\t\t\t\t\t\t\t\t\t<p>Artome M10 ist ein von Nordic entwickeltes intelligentes M\u00f6belst\u00fcck, das \u00fcber einen integrierten Laserprojektor, ein integriertes Soundsystem und eine Videokonferenzfunktion verf\u00fcgt. Artome M10 erf\u00fcllt die Anforderungen verschiedener Betriebssysteme (Windows, MacOS, ChromeOS, Linux), ohne dass eine zus\u00e4tzliche Installation von Treibern oder Software erforderlich ist. Das Gleiche gilt f\u00fcr verschiedene Remote-Meeting-Plattformen. Egal, ob Sie Teams, Zoom, Google Meet oder andere verwenden, Artome M10 erm\u00f6glicht eine einfach zu bedienende Videokonferenz-Einrichtung mit Casting von einem Laptop oder einem anderen Ger\u00e4t. Und sollte es doch einmal Probleme geben, kann man sich jederzeit an eine zentrale Anlaufstelle wenden.<\/p>\t\t\t\t\t\t\t\t<\/div>\n\t\t\t\t<\/div>\n\t\t\t\t<div class=\"elementor-element elementor-element-710e3831 elementor-blockquote--skin-quotation elementor-blockquote--align-center elementor-widget elementor-widget-blockquote\" data-id=\"710e3831\" data-element_type=\"widget\" data-widget_type=\"blockquote.default\">\n\t\t\t\t<div class=\"elementor-widget-container\">\n\t\t\t\t\t\t\t<blockquote class=\"elementor-blockquote\">\n\t\t\t<p class=\"elementor-blockquote__content\">\n\t\t\t\tDer Artome-Support hat uns gute Dienste geleistet. Die L\u00f6sung an sich hat gut funktioniert, aber wir hatten noch einige Fragen zur Auswahl der richtigen Optionen im Team-Meeting-Men\u00fc f\u00fcr die von uns verwendeten Mikrofone. Der Artome-Support hat uns die Antwort gegeben, so dass wir das Problem leicht beheben konnten\t\t\t<\/p>\n\t\t\t\t\t<\/blockquote>\n\t\t\t\t\t\t<\/div>\n\t\t\t\t<\/div>\n\t\t\t\t<div class=\"elementor-element elementor-element-138fee82 elementor-widget elementor-widget-image\" data-id=\"138fee82\" data-element_type=\"widget\" data-widget_type=\"image.default\">\n\t\t\t\t<div class=\"elementor-widget-container\">\n\t\t\t\t\t\t\t\t\t\t\t\t\t\t\t<img decoding=\"async\" width=\"1152\" height=\"1536\" src=\"https:\/\/artome.fi\/wp-content\/uploads\/2022\/06\/Verona_office_portrait_2021_edited-1152x1536.jpg\" class=\"attachment-1536x1536 size-1536x1536 wp-image-1202\" alt=\"Artome M10 im Einsatz in Verona International.\" srcset=\"https:\/\/artome.fi\/wp-content\/uploads\/2022\/06\/Verona_office_portrait_2021_edited-1152x1536.jpg 1152w, https:\/\/artome.fi\/wp-content\/uploads\/2022\/06\/Verona_office_portrait_2021_edited-225x300.jpg 225w, https:\/\/artome.fi\/wp-content\/uploads\/2022\/06\/Verona_office_portrait_2021_edited-768x1024.jpg 768w, https:\/\/artome.fi\/wp-content\/uploads\/2022\/06\/Verona_office_portrait_2021_edited-1536x2048.jpg 1536w, https:\/\/artome.fi\/wp-content\/uploads\/2022\/06\/Verona_office_portrait_2021_edited-9x12.jpg 9w, https:\/\/artome.fi\/wp-content\/uploads\/2022\/06\/Verona_office_portrait_2021_edited.jpg 1920w\" sizes=\"(max-width: 1152px) 100vw, 1152px\" \/>\t\t\t\t\t\t\t\t\t\t\t\t\t\t\t<\/div>\n\t\t\t\t<\/div>\n\t\t\t\t\t<\/div>\n\t\t<\/div>\n\t\t\t\t\t<\/div>\n\t\t<\/section>\n\t\t\t\t<\/div>","protected":false},"excerpt":{"rendered":"<p>Kokemuksia Verona Tyylikkyytt\u00e4 ja teknologiaa Helsingin syd\u00e4mess\u00e4, ihmisvilin\u00e4n ja kiskoilla kiit\u00e4vien raitiovaunujen keskell\u00e4 sijaitsee liikkeenjohdon konsultointitoimisto Verona. Heid\u00e4n tavoitteenaan on auttaa asiakkaita liiketoimintahaasteissa ja luoda kest\u00e4v\u00e4\u00e4 kasvua uudistavalla ja ihmisl\u00e4heisell\u00e4 otteella. Veronassa uudistukseen p\u00e4\u00e4siv\u00e4t jokin aika sitten my\u00f6s Bulevardin arvokiinteist\u00f6ss\u00e4 sijaitsevat toimistotilat. He halusivat remontoida sis\u00e4tilat uuteen uskoon ja p\u00e4ivitt\u00e4\u00e4 samalla my\u00f6s neuvotteluhuoneiden esitysteknologiaa. Toimiston [&hellip;]<\/p>\n","protected":false},"author":1,"featured_media":0,"parent":0,"menu_order":0,"comment_status":"closed","ping_status":"closed","template":"elementor_header_footer","meta":{"om_disable_all_campaigns":false,"_monsterinsights_skip_tracking":false,"_monsterinsights_sitenote_active":false,"_monsterinsights_sitenote_note":"","_monsterinsights_sitenote_category":0,"_uf_show_specific_survey":0,"_uf_disable_surveys":false,"footnotes":""},"class_list":["post-1082","page","type-page","status-publish","hentry"],"blocksy_meta":{"styles_descriptor":{"styles":{"desktop":"","tablet":"","mobile":""},"google_fonts":[],"version":6}},"aioseo_notices":[],"yoast_head":"<!-- This site is optimized with the Yoast SEO Premium plugin v23.2 (Yoast SEO v26.3) - https:\/\/yoast.com\/wordpress\/plugins\/seo\/ -->\n<title>Artome | Experiences - Verona<\/title>\n<meta name=\"description\" content=\"Customized style for unique space. Meets the needs without additional installations.Read more about why Verona international chose Artome M10\" \/>\n<meta name=\"robots\" content=\"index, follow, max-snippet:-1, max-image-preview:large, max-video-preview:-1\" \/>\n<link rel=\"canonical\" href=\"https:\/\/artome.fi\/de\/erlebt-verona-international\/\" \/>\n<meta property=\"og:locale\" content=\"de_DE\" \/>\n<meta property=\"og:type\" content=\"article\" \/>\n<meta property=\"og:title\" content=\"Verona\" \/>\n<meta property=\"og:description\" content=\"Customized style for unique space. Meets the needs without additional installations.Read more about why Verona international chose Artome M10\" \/>\n<meta property=\"og:url\" content=\"https:\/\/artome.fi\/de\/erlebt-verona-international\/\" \/>\n<meta property=\"og:site_name\" content=\"Artome\" \/>\n<meta property=\"article:modified_time\" content=\"2023-11-08T15:47:00+00:00\" \/>\n<meta property=\"og:image\" content=\"https:\/\/artome.fi\/wp-content\/uploads\/2022\/06\/Verona_office_2021_edited-1536x864.jpg\" \/>\n<meta name=\"twitter:card\" content=\"summary_large_image\" \/>\n<meta name=\"twitter:label1\" content=\"Gesch\u00e4tzte Lesezeit\" \/>\n\t<meta name=\"twitter:data1\" content=\"2\u00a0Minuten\" \/>\n<script type=\"application\/ld+json\" class=\"yoast-schema-graph\">{\"@context\":\"https:\/\/schema.org\",\"@graph\":[{\"@type\":\"WebPage\",\"@id\":\"https:\/\/artome.fi\/en\/experiences-verona-international\/\",\"url\":\"https:\/\/artome.fi\/en\/experiences-verona-international\/\",\"name\":\"Artome | Experiences - Verona\",\"isPartOf\":{\"@id\":\"https:\/\/artome.fi\/en\/#website\"},\"primaryImageOfPage\":{\"@id\":\"https:\/\/artome.fi\/en\/experiences-verona-international\/#primaryimage\"},\"image\":{\"@id\":\"https:\/\/artome.fi\/en\/experiences-verona-international\/#primaryimage\"},\"thumbnailUrl\":\"https:\/\/artome.fi\/wp-content\/uploads\/2022\/06\/Verona_office_2021_edited-1536x864.jpg\",\"datePublished\":\"2022-06-09T10:42:23+00:00\",\"dateModified\":\"2023-11-08T15:47:00+00:00\",\"description\":\"Customized style for unique space. Meets the needs without additional installations.Read more about why Verona international chose Artome M10\",\"breadcrumb\":{\"@id\":\"https:\/\/artome.fi\/en\/experiences-verona-international\/#breadcrumb\"},\"inLanguage\":\"de\",\"potentialAction\":[{\"@type\":\"ReadAction\",\"target\":[\"https:\/\/artome.fi\/en\/experiences-verona-international\/\"]}]},{\"@type\":\"ImageObject\",\"inLanguage\":\"de\",\"@id\":\"https:\/\/artome.fi\/en\/experiences-verona-international\/#primaryimage\",\"url\":\"https:\/\/artome.fi\/wp-content\/uploads\/2022\/06\/Verona_office_2021_edited-1536x864.jpg\",\"contentUrl\":\"https:\/\/artome.fi\/wp-content\/uploads\/2022\/06\/Verona_office_2021_edited-1536x864.jpg\"},{\"@type\":\"BreadcrumbList\",\"@id\":\"https:\/\/artome.fi\/en\/experiences-verona-international\/#breadcrumb\",\"itemListElement\":[{\"@type\":\"ListItem\",\"position\":1,\"name\":\"Etusivu\",\"item\":\"https:\/\/artome.fi\/en\/\"},{\"@type\":\"ListItem\",\"position\":2,\"name\":\"Verona\"}]},{\"@type\":\"WebSite\",\"@id\":\"https:\/\/artome.fi\/en\/#website\",\"url\":\"https:\/\/artome.fi\/en\/\",\"name\":\"Artome\",\"description\":\"Redesigning audiovisual with smart furniture\",\"publisher\":{\"@id\":\"https:\/\/artome.fi\/en\/#organization\"},\"potentialAction\":[{\"@type\":\"SearchAction\",\"target\":{\"@type\":\"EntryPoint\",\"urlTemplate\":\"https:\/\/artome.fi\/en\/?s={search_term_string}\"},\"query-input\":{\"@type\":\"PropertyValueSpecification\",\"valueRequired\":true,\"valueName\":\"search_term_string\"}}],\"inLanguage\":\"de\"},{\"@type\":\"Organization\",\"@id\":\"https:\/\/artome.fi\/en\/#organization\",\"name\":\"Artome\",\"url\":\"https:\/\/artome.fi\/en\/\",\"logo\":{\"@type\":\"ImageObject\",\"inLanguage\":\"de\",\"@id\":\"https:\/\/artome.fi\/en\/#\/schema\/logo\/image\/\",\"url\":\"https:\/\/artome.fi\/wp-content\/uploads\/2022\/02\/artome_logo_black.png\",\"contentUrl\":\"https:\/\/artome.fi\/wp-content\/uploads\/2022\/02\/artome_logo_black.png\",\"width\":1280,\"height\":496,\"caption\":\"Artome\"},\"image\":{\"@id\":\"https:\/\/artome.fi\/en\/#\/schema\/logo\/image\/\"}}]}<\/script>\n<!-- \/ Yoast SEO Premium plugin. -->","yoast_head_json":{"title":"Artome | Erlebnisse - Verona","description":"Ma\u00dfgeschneiderter Stil f\u00fcr einzigartigen Raum. Erf\u00fcllt die Anforderungen ohne zus\u00e4tzliche Installationen. Lesen Sie mehr dar\u00fcber, warum Verona International sich f\u00fcr Artome M10 entschieden hat","robots":{"index":"index","follow":"follow","max-snippet":"max-snippet:-1","max-image-preview":"max-image-preview:large","max-video-preview":"max-video-preview:-1"},"canonical":"https:\/\/artome.fi\/de\/erlebt-verona-international\/","og_locale":"de_DE","og_type":"article","og_title":"Verona","og_description":"Customized style for unique space. Meets the needs without additional installations.Read more about why Verona international chose Artome M10","og_url":"https:\/\/artome.fi\/de\/erlebt-verona-international\/","og_site_name":"Artome","article_modified_time":"2023-11-08T15:47:00+00:00","og_image":[{"url":"https:\/\/artome.fi\/wp-content\/uploads\/2022\/06\/Verona_office_2021_edited-1536x864.jpg","type":"","width":"","height":""}],"twitter_card":"summary_large_image","twitter_misc":{"Gesch\u00e4tzte Lesezeit":"2\u00a0Minuten"},"schema":{"@context":"https:\/\/schema.org","@graph":[{"@type":"WebPage","@id":"https:\/\/artome.fi\/en\/experiences-verona-international\/","url":"https:\/\/artome.fi\/en\/experiences-verona-international\/","name":"Artome | Erlebnisse - Verona","isPartOf":{"@id":"https:\/\/artome.fi\/en\/#website"},"primaryImageOfPage":{"@id":"https:\/\/artome.fi\/en\/experiences-verona-international\/#primaryimage"},"image":{"@id":"https:\/\/artome.fi\/en\/experiences-verona-international\/#primaryimage"},"thumbnailUrl":"https:\/\/artome.fi\/wp-content\/uploads\/2022\/06\/Verona_office_2021_edited-1536x864.jpg","datePublished":"2022-06-09T10:42:23+00:00","dateModified":"2023-11-08T15:47:00+00:00","description":"Ma\u00dfgeschneiderter Stil f\u00fcr einzigartigen Raum. Erf\u00fcllt die Anforderungen ohne zus\u00e4tzliche Installationen. Lesen Sie mehr dar\u00fcber, warum Verona International sich f\u00fcr Artome M10 entschieden hat","breadcrumb":{"@id":"https:\/\/artome.fi\/en\/experiences-verona-international\/#breadcrumb"},"inLanguage":"de","potentialAction":[{"@type":"ReadAction","target":["https:\/\/artome.fi\/en\/experiences-verona-international\/"]}]},{"@type":"ImageObject","inLanguage":"de","@id":"https:\/\/artome.fi\/en\/experiences-verona-international\/#primaryimage","url":"https:\/\/artome.fi\/wp-content\/uploads\/2022\/06\/Verona_office_2021_edited-1536x864.jpg","contentUrl":"https:\/\/artome.fi\/wp-content\/uploads\/2022\/06\/Verona_office_2021_edited-1536x864.jpg"},{"@type":"BreadcrumbList","@id":"https:\/\/artome.fi\/en\/experiences-verona-international\/#breadcrumb","itemListElement":[{"@type":"ListItem","position":1,"name":"Etusivu","item":"https:\/\/artome.fi\/en\/"},{"@type":"ListItem","position":2,"name":"Verona"}]},{"@type":"WebSite","@id":"https:\/\/artome.fi\/en\/#website","url":"https:\/\/artome.fi\/en\/","name":"Artome","description":"Neugestaltung audiovisueller Medien mit intelligenten M\u00f6beln","publisher":{"@id":"https:\/\/artome.fi\/en\/#organization"},"potentialAction":[{"@type":"SearchAction","target":{"@type":"EntryPoint","urlTemplate":"https:\/\/artome.fi\/en\/?s={search_term_string}"},"query-input":{"@type":"PropertyValueSpecification","valueRequired":true,"valueName":"search_term_string"}}],"inLanguage":"de"},{"@type":"Organization","@id":"https:\/\/artome.fi\/en\/#organization","name":"Artome","url":"https:\/\/artome.fi\/en\/","logo":{"@type":"ImageObject","inLanguage":"de","@id":"https:\/\/artome.fi\/en\/#\/schema\/logo\/image\/","url":"https:\/\/artome.fi\/wp-content\/uploads\/2022\/02\/artome_logo_black.png","contentUrl":"https:\/\/artome.fi\/wp-content\/uploads\/2022\/02\/artome_logo_black.png","width":1280,"height":496,"caption":"Artome"},"image":{"@id":"https:\/\/artome.fi\/en\/#\/schema\/logo\/image\/"}}]}},"_links":{"self":[{"href":"https:\/\/artome.fi\/de\/wp-json\/wp\/v2\/pages\/1082","targetHints":{"allow":["GET"]}}],"collection":[{"href":"https:\/\/artome.fi\/de\/wp-json\/wp\/v2\/pages"}],"about":[{"href":"https:\/\/artome.fi\/de\/wp-json\/wp\/v2\/types\/page"}],"author":[{"embeddable":true,"href":"https:\/\/artome.fi\/de\/wp-json\/wp\/v2\/users\/1"}],"replies":[{"embeddable":true,"href":"https:\/\/artome.fi\/de\/wp-json\/wp\/v2\/comments?post=1082"}],"version-history":[{"count":34,"href":"https:\/\/artome.fi\/de\/wp-json\/wp\/v2\/pages\/1082\/revisions"}],"predecessor-version":[{"id":6603,"href":"https:\/\/artome.fi\/de\/wp-json\/wp\/v2\/pages\/1082\/revisions\/6603"}],"wp:attachment":[{"href":"https:\/\/artome.fi\/de\/wp-json\/wp\/v2\/media?parent=1082"}],"curies":[{"name":"wp","href":"https:\/\/api.w.org\/{rel}","templated":true}]}}