{"id":1636,"date":"2022-07-21T13:33:02","date_gmt":"2022-07-21T13:33:02","guid":{"rendered":"https:\/\/artome.fi\/?page_id=1636"},"modified":"2025-12-16T07:05:05","modified_gmt":"2025-12-16T07:05:05","slug":"privacy-policy","status":"publish","type":"page","link":"https:\/\/artome.fi\/de\/datenschutzrichtlinie\/","title":{"rendered":"Datenschutzrichtlinie \u2013 Informationsschutz"},"content":{"rendered":"<div data-elementor-type=\"wp-page\" data-elementor-id=\"1636\" class=\"elementor elementor-1636\" data-elementor-post-type=\"page\">\n\t\t\t\t\t\t<section class=\"elementor-section elementor-top-section elementor-element elementor-element-375085f elementor-section-boxed elementor-section-height-default elementor-section-height-default\" data-id=\"375085f\" data-element_type=\"section\">\n\t\t\t\t\t\t<div class=\"elementor-container elementor-column-gap-default\">\n\t\t\t\t\t<div class=\"elementor-column elementor-col-100 elementor-top-column elementor-element elementor-element-f0743cd\" data-id=\"f0743cd\" data-element_type=\"column\">\n\t\t\t<div class=\"elementor-widget-wrap elementor-element-populated\">\n\t\t\t\t\t\t<div class=\"elementor-element elementor-element-b660cee elementor-widget elementor-widget-text-editor\" data-id=\"b660cee\" data-element_type=\"widget\" data-widget_type=\"text-editor.default\">\n\t\t\t\t<div class=\"elementor-widget-container\">\n\t\t\t\t\t\t\t\t\t<h2 style=\"margin-bottom: 20px; font-size: var(--fontSize); text-align: start; line-height: var(--lineHeight); font-family: -apple-system, BlinkMacSystemFont, 'Segoe UI', Roboto, Helvetica, Arial, sans-serif, 'Apple Color Emoji', 'Segoe UI Emoji', 'Segoe UI Symbol'; font-weight: var(--fontWeight); font-style: normal; letter-spacing: normal; text-transform: none; text-decoration-thickness: initial; text-decoration-style: initial; text-decoration-color: initial; --fontweight: 700; --fontsize: 35px; --lineheight: 1.5;\">Datenschutzerkl\u00e4rung von Artome Oy<\/h2>\n<p style=\"margin-bottom: var(--content-spacing); font-size: 16px; text-align: start;\">Gesetz \u00fcber personenbezogene Daten (523\/1999), Abschnitt 10 und Abschnitt 24<br>Datum der Erstellung: 7. Mai 2018<br>Letzte Aktualisierung: 29. Juni 2022<\/p>\n<h2 style=\"margin-top: 0px; margin-bottom: 20px; font-size: var(--fontSize); text-align: start; line-height: var(--lineHeight); font-family: -apple-system, BlinkMacSystemFont, 'Segoe UI', Roboto, Helvetica, Arial, sans-serif, 'Apple Color Emoji', 'Segoe UI Emoji', 'Segoe UI Symbol'; font-weight: var(--fontWeight); font-style: normal; letter-spacing: normal; text-transform: none; text-decoration-thickness: initial; text-decoration-style: initial; text-decoration-color: initial; --fontweight: 700; --fontsize: 35px; --lineheight: 1.5;\">Der Halter des Registers<\/h2>\n<p style=\"margin-bottom: var(--content-spacing); font-size: 16px; text-align: start;\">Artome Oy (Gesch\u00e4fts-ID: 2775902-5)<br>Syrj\u00e4l\u00e4ntie 81, 19110 HEINOLA<br>Tel. contact@artome.fi<\/p>\n<h2 style=\"margin-top: 0px; margin-bottom: 20px; font-size: var(--fontSize); text-align: start; line-height: var(--lineHeight); font-family: -apple-system, BlinkMacSystemFont, 'Segoe UI', Roboto, Helvetica, Arial, sans-serif, 'Apple Color Emoji', 'Segoe UI Emoji', 'Segoe UI Symbol'; font-weight: var(--fontWeight); font-style: normal; letter-spacing: normal; text-transform: none; text-decoration-thickness: initial; text-decoration-style: initial; text-decoration-color: initial; --fontweight: 700; --fontsize: 35px; --lineheight: 1.5;\">Ansprechpartner in Sachen Register<\/h2>\n<p style=\"margin-bottom: var(--content-spacing); font-size: 16px; text-align: start;\">Toni Parikka<br>Syrj\u00e4l\u00e4ntie 81, 19110 HEINOLA<br>Tel. 0405291821<br>toni.parikka@artome.fi<\/p>\n<h2 style=\"margin-top: 0px; margin-bottom: 20px; font-size: var(--fontSize); text-align: start; line-height: var(--lineHeight); font-family: -apple-system, BlinkMacSystemFont, 'Segoe UI', Roboto, Helvetica, Arial, sans-serif, 'Apple Color Emoji', 'Segoe UI Emoji', 'Segoe UI Symbol'; font-weight: var(--fontWeight); font-style: normal; letter-spacing: normal; text-transform: none; text-decoration-thickness: initial; text-decoration-style: initial; text-decoration-color: initial; --fontweight: 700; --fontsize: 35px; --lineheight: 1.5;\">Registrierungsname<\/h2>\n<p style=\"margin-bottom: var(--content-spacing); font-size: 16px; text-align: start;\">Kundenregister<\/p>\n<h2 style=\"margin-top: 0px; margin-bottom: 20px; font-size: var(--fontSize); text-align: start; line-height: var(--lineHeight); font-family: -apple-system, BlinkMacSystemFont, 'Segoe UI', Roboto, Helvetica, Arial, sans-serif, 'Apple Color Emoji', 'Segoe UI Emoji', 'Segoe UI Symbol'; font-weight: var(--fontWeight); font-style: normal; letter-spacing: normal; text-transform: none; text-decoration-thickness: initial; text-decoration-style: initial; text-decoration-color: initial; --fontweight: 700; --fontsize: 35px; --lineheight: 1.5;\">Zweck der Verarbeitung personenbezogener Daten<\/h2>\n<p style=\"margin-bottom: var(--content-spacing); font-size: 16px; text-align: start;\" class=\"translation-block\">Personenbezogene Daten werden f\u00fcr die Verwaltung der Kundenbeziehung von Artome, die Erstellung und Personalisierung von Dienstleistungen sowie die Kundenkommunikation verarbeitet.<br> Die \u00fcber unsere Website gesammelten personalisierten Daten der Benutzer werden in begrenztem Umfang dazu verwendet, das Erlebnis der Website und der Gesch\u00e4fte und Dienste von Artome zu verbessern, es sei denn, der Benutzer verbietet dies ausdr\u00fccklich.<\/p>\n<p style=\"margin-bottom: var(--content-spacing); font-size: 16px; text-align: start;\">Aus technischen Gr\u00fcnden k\u00f6nnen die im Register enthaltenen Informationen auch auf dem Drittserver von Artome verarbeitet werden, die im Register enthaltenen Informationen werden jedoch ausschlie\u00dflich zur Pflege und Verbesserung der Kundenbeziehungen von Artome verwendet.<\/p>\n<p style=\"margin-bottom: var(--content-spacing); font-size: 16px; text-align: start;\">Die im Register enthaltenen Informationen k\u00f6nnen auch f\u00fcr gezieltes Marketing genutzt werden, allerdings werden die Informationen in diesem Fall pseudonymisiert verarbeitet und nicht an Dritte weitergegeben. Artome bestimmt intern, welche Personen zur Verarbeitung personenbezogener Daten berechtigt sind.<\/p>\n<h2 style=\"margin-top: 0px; margin-bottom: 20px; font-size: var(--fontSize); text-align: start; line-height: var(--lineHeight); font-family: -apple-system, BlinkMacSystemFont, 'Segoe UI', Roboto, Helvetica, Arial, sans-serif, 'Apple Color Emoji', 'Segoe UI Emoji', 'Segoe UI Symbol'; font-weight: var(--fontWeight); font-style: normal; letter-spacing: normal; text-transform: none; text-decoration-thickness: initial; text-decoration-style: initial; text-decoration-color: initial; --fontweight: 700; --fontsize: 35px; --lineheight: 1.5;\">Im Register enthaltene Informationen<\/h2>\n<p style=\"margin-bottom: var(--content-spacing); font-size: 16px; text-align: start;\" class=\"translation-block\">\u00dcber die Registrierung werden folgende Informationen gespeichert:<br> Vor-und Nachname<br> Organisation\/Firma<br> Zielland<br> Telefonnummer<br> E-Mail-Adresse<\/p>\n<h2 style=\"margin-top: 0px; margin-bottom: 20px; font-size: var(--fontSize); text-align: start; line-height: var(--lineHeight); font-family: -apple-system, BlinkMacSystemFont, 'Segoe UI', Roboto, Helvetica, Arial, sans-serif, 'Apple Color Emoji', 'Segoe UI Emoji', 'Segoe UI Symbol'; font-weight: var(--fontWeight); font-style: normal; letter-spacing: normal; text-transform: none; text-decoration-thickness: initial; text-decoration-style: initial; text-decoration-color: initial; --fontweight: 700; --fontsize: 35px; --lineheight: 1.5;\">Informationsquellen<\/h2>\n<p style=\"margin-bottom: var(--content-spacing); font-size: 16px; text-align: start;\">Personenbezogene Daten werden entweder 1) von der Person selbst, 2) von dem Unternehmen, bei dem die Person als Mitarbeiter arbeitet, 3) aus Nachrichten erhoben, die \u00fcber unsere digitalen Kan\u00e4le gesendet werden, beispielsweise Nachrichten aus den Formularen auf unserer Website.<br>Informationen, die zur Verbesserung des Website-Erlebnisses und f\u00fcr gezieltes Marketing verwendet werden, werden auch basierend auf dem Verhalten des Artome-Website-Benutzers gesammelt.<\/p>\n<h2 style=\"margin-top: 0px; margin-bottom: 20px; font-size: var(--fontSize); text-align: start; line-height: var(--lineHeight); font-family: -apple-system, BlinkMacSystemFont, 'Segoe UI', Roboto, Helvetica, Arial, sans-serif, 'Apple Color Emoji', 'Segoe UI Emoji', 'Segoe UI Symbol'; font-weight: var(--fontWeight); font-style: normal; letter-spacing: normal; text-transform: none; text-decoration-thickness: initial; text-decoration-style: initial; text-decoration-color: initial; --fontweight: 700; --fontsize: 35px; --lineheight: 1.5;\">Offenlegung von Informationen<\/h2>\n<p style=\"margin-bottom: var(--content-spacing); font-size: 16px; text-align: start;\">Die Informationen werden unternehmensintern verwendet und nicht an Dritte weitergegeben. Pseudonymisierte Informationen k\u00f6nnen jedoch in Diensten Dritter verwendet werden, deren Ziel darin besteht, die Benutzerfreundlichkeit des Gesch\u00e4fts und der Websites von Artome zu verbessern.<\/p>\n<p style=\"margin-bottom: var(--content-spacing); font-size: 16px; text-align: start;\">Eine \u00dcbermittlung von Informationen au\u00dferhalb der EU oder des EWR erfolgt nicht.<\/p>\n<h2 style=\"margin-top: 0px; margin-bottom: 20px; font-size: var(--fontSize); text-align: start; line-height: var(--lineHeight); font-family: -apple-system, BlinkMacSystemFont, 'Segoe UI', Roboto, Helvetica, Arial, sans-serif, 'Apple Color Emoji', 'Segoe UI Emoji', 'Segoe UI Symbol'; font-weight: var(--fontWeight); font-style: normal; letter-spacing: normal; text-transform: none; text-decoration-thickness: initial; text-decoration-style: initial; text-decoration-color: initial; --fontweight: 700; --fontsize: 35px; --lineheight: 1.5;\">Aufbewahrungsfrist f\u00fcr personenbezogene Daten<\/h2>\n<p style=\"margin-bottom: var(--content-spacing); font-size: 16px; text-align: start;\">Personenbezogene Daten werden nach Ablauf der gesetzlich vorgeschriebenen Aufbewahrungsfrist vernichtet, und zwar innerhalb von zwei Jahren nach Ablauf der gesetzlichen Aufbewahrungsfrist.<\/p>\n<h2 style=\"margin-top: 0px; margin-bottom: 20px; font-size: var(--fontSize); text-align: start; line-height: var(--lineHeight); font-family: -apple-system, BlinkMacSystemFont, 'Segoe UI', Roboto, Helvetica, Arial, sans-serif, 'Apple Color Emoji', 'Segoe UI Emoji', 'Segoe UI Symbol'; font-weight: var(--fontWeight); font-style: normal; letter-spacing: normal; text-transform: none; text-decoration-thickness: initial; text-decoration-style: initial; text-decoration-color: initial; --fontweight: 700; --fontsize: 35px; --lineheight: 1.5;\">Registrierungsschutz<\/h2>\n<p style=\"margin-bottom: var(--content-spacing); font-size: 16px; text-align: start;\">Die Daten werden in browserbasierten Anwendungen erfasst, die durch Firewalls, Passw\u00f6rter und andere technische Mittel gesch\u00fctzt sind. Nur namentlich genannte Personen haben das Recht, die Daten im Register zu verarbeiten und zu pflegen. Die manuellen Informationen werden in einem verschlossenen Raum gespeichert, zu dem nur autorisierte Personen Zugang haben.<\/p>\n<h2 style=\"margin-top: 0px; margin-bottom: 20px; font-size: var(--fontSize); text-align: start; line-height: var(--lineHeight); font-family: -apple-system, BlinkMacSystemFont, 'Segoe UI', Roboto, Helvetica, Arial, sans-serif, 'Apple Color Emoji', 'Segoe UI Emoji', 'Segoe UI Symbol'; font-weight: var(--fontWeight); font-style: normal; letter-spacing: normal; text-transform: none; text-decoration-thickness: initial; text-decoration-style: initial; text-decoration-color: initial; --fontweight: 700; --fontsize: 35px; --lineheight: 1.5;\">Das Recht, die Berichtigung und L\u00f6schung von Informationen zu verlangen<\/h2>\n<p style=\"margin-bottom: var(--content-spacing); font-size: 16px; text-align: start;\">Die registrierte Person hat das Recht, die Einsichtnahme und Berichtigung ihrer Angaben im Register zu verlangen. Die registrierte Person hat das Recht, die Berichtigung oder L\u00f6schung unrichtiger Angaben zu ihrer Person im Register zu verlangen.<\/p>\n<p style=\"margin-bottom: var(--content-spacing); font-size: 16px; text-align: start;\" class=\"translation-block\">Die registrierte Person hat das Recht, dem Verantwortlichen die Verarbeitung der sie betreffenden Informationen f\u00fcr Direktwerbung, Fernabsatz und sonstiges Direktmarketing sowie Markt- und Meinungsforschung zu untersagen.<br> Im Antrag auf Datenberichtigung oder -l\u00f6schung muss angegeben werden, auf welche Daten sich die Berichtigung oder L\u00f6schung bezieht. Die Anfrage wird per E-Mail an die im Abschnitt \u201eRegisterhalter\u201c genannte E-Mail-Adresse gesendet.<\/p>\n<p style=\"margin-bottom: var(--content-spacing); font-size: 16px; text-align: start;\">Die Anfrage wird unverz\u00fcglich und innerhalb einer angemessenen Frist beantwortet.<\/p>\t\t\t\t\t\t\t\t<\/div>\n\t\t\t\t<\/div>\n\t\t\t\t\t<\/div>\n\t\t<\/div>\n\t\t\t\t\t<\/div>\n\t\t<\/section>\n\t\t\t\t<\/div>","protected":false},"excerpt":{"rendered":"<p>Artome Oy:n tietosuojaseloste Henkil\u00f6tietolaki (523\/1999) 10 \u00a7 ja 24 \u00a7Laatimisp\u00e4iv\u00e4 7.5.2018P\u00e4ivitetty viimeksi: 29.6.2022 Rekisterin pit\u00e4j\u00e4 Artome Oy (y-tunnus: 2775902-5)Syrj\u00e4l\u00e4ntie 81, 19110 HEINOLAPuh. contact@artome.fi Yhteyshenkil\u00f6 rekisteri\u00e4 koskevissa asioissa Toni ParikkaSyrj\u00e4l\u00e4ntie 81, 19110 HEINOLAPuh. 0405291821toni.parikka@artome.fi Rekisterin nimi Asiakasrekisteri Henkil\u00f6tietojen k\u00e4sittelyn tarkoitus Henkil\u00f6tietoja k\u00e4sitell\u00e4\u00e4n Artomen asiakassuhteen hoitamiseen, palveluiden tuottamiseen ja -personointiin sek\u00e4 asiakasviestint\u00e4\u00e4n.Verkkosivujemme kautta ker\u00e4tt\u00e4v\u00e4\u00e4 k\u00e4ytt\u00e4jien personoitua tietoa [&hellip;]<\/p>\n","protected":false},"author":1,"featured_media":0,"parent":0,"menu_order":0,"comment_status":"closed","ping_status":"closed","template":"elementor_header_footer","meta":{"om_disable_all_campaigns":false,"_monsterinsights_skip_tracking":false,"_monsterinsights_sitenote_active":false,"_monsterinsights_sitenote_note":"","_monsterinsights_sitenote_category":0,"_uf_show_specific_survey":0,"_uf_disable_surveys":false,"footnotes":""},"class_list":["post-1636","page","type-page","status-publish","hentry"],"blocksy_meta":{"styles_descriptor":{"styles":{"desktop":"","tablet":"","mobile":""},"google_fonts":[],"version":6}},"aioseo_notices":[],"yoast_head":"<!-- This site is optimized with the Yoast SEO Premium plugin v23.2 (Yoast SEO v26.3) - https:\/\/yoast.com\/wordpress\/plugins\/seo\/ -->\n<title>Privacy Policy - Artome<\/title>\n<meta name=\"description\" content=\"The privacy policy of Artome. This document explains the company&#039;s policies of the collection, use and disclosure of personal information.\" \/>\n<meta name=\"robots\" content=\"index, follow, max-snippet:-1, max-image-preview:large, max-video-preview:-1\" \/>\n<link rel=\"canonical\" href=\"https:\/\/artome.fi\/de\/datenschutzrichtlinie\/\" \/>\n<meta property=\"og:locale\" content=\"de_DE\" \/>\n<meta property=\"og:type\" content=\"article\" \/>\n<meta property=\"og:title\" content=\"Privacy Policy -Tietosuoja\" \/>\n<meta property=\"og:description\" content=\"The privacy policy of Artome. This document explains the company&#039;s policies of the collection, use and disclosure of personal information.\" \/>\n<meta property=\"og:url\" content=\"https:\/\/artome.fi\/de\/datenschutzrichtlinie\/\" \/>\n<meta property=\"og:site_name\" content=\"Artome\" \/>\n<meta property=\"article:modified_time\" content=\"2025-12-16T07:05:05+00:00\" \/>\n<meta name=\"twitter:card\" content=\"summary_large_image\" \/>\n<script type=\"application\/ld+json\" class=\"yoast-schema-graph\">{\"@context\":\"https:\/\/schema.org\",\"@graph\":[{\"@type\":\"WebPage\",\"@id\":\"https:\/\/artome.fi\/en\/privacy-policy\/\",\"url\":\"https:\/\/artome.fi\/en\/privacy-policy\/\",\"name\":\"Privacy Policy - Artome\",\"isPartOf\":{\"@id\":\"https:\/\/artome.fi\/en\/#website\"},\"datePublished\":\"2022-07-21T13:33:02+00:00\",\"dateModified\":\"2025-12-16T07:05:05+00:00\",\"description\":\"The privacy policy of Artome. This document explains the company's policies of the collection, use and disclosure of personal information.\",\"breadcrumb\":{\"@id\":\"https:\/\/artome.fi\/en\/privacy-policy\/#breadcrumb\"},\"inLanguage\":\"de\",\"potentialAction\":[{\"@type\":\"ReadAction\",\"target\":[\"https:\/\/artome.fi\/en\/privacy-policy\/\"]}]},{\"@type\":\"BreadcrumbList\",\"@id\":\"https:\/\/artome.fi\/en\/privacy-policy\/#breadcrumb\",\"itemListElement\":[{\"@type\":\"ListItem\",\"position\":1,\"name\":\"Etusivu\",\"item\":\"https:\/\/artome.fi\/en\/\"},{\"@type\":\"ListItem\",\"position\":2,\"name\":\"Privacy Policy -Tietosuoja\"}]},{\"@type\":\"WebSite\",\"@id\":\"https:\/\/artome.fi\/en\/#website\",\"url\":\"https:\/\/artome.fi\/en\/\",\"name\":\"Artome\",\"description\":\"Redesigning audiovisual with smart furniture\",\"publisher\":{\"@id\":\"https:\/\/artome.fi\/en\/#organization\"},\"potentialAction\":[{\"@type\":\"SearchAction\",\"target\":{\"@type\":\"EntryPoint\",\"urlTemplate\":\"https:\/\/artome.fi\/en\/?s={search_term_string}\"},\"query-input\":{\"@type\":\"PropertyValueSpecification\",\"valueRequired\":true,\"valueName\":\"search_term_string\"}}],\"inLanguage\":\"de\"},{\"@type\":\"Organization\",\"@id\":\"https:\/\/artome.fi\/en\/#organization\",\"name\":\"Artome\",\"url\":\"https:\/\/artome.fi\/en\/\",\"logo\":{\"@type\":\"ImageObject\",\"inLanguage\":\"de\",\"@id\":\"https:\/\/artome.fi\/en\/#\/schema\/logo\/image\/\",\"url\":\"https:\/\/artome.fi\/wp-content\/uploads\/2022\/02\/artome_logo_black.png\",\"contentUrl\":\"https:\/\/artome.fi\/wp-content\/uploads\/2022\/02\/artome_logo_black.png\",\"width\":1280,\"height\":496,\"caption\":\"Artome\"},\"image\":{\"@id\":\"https:\/\/artome.fi\/en\/#\/schema\/logo\/image\/\"}}]}<\/script>\n<!-- \/ Yoast SEO Premium plugin. -->","yoast_head_json":{"title":"Datenschutzrichtlinie \u2013 Artome","description":"Die Datenschutzerkl\u00e4rung von Artome. In diesem Dokument werden die Richtlinien des Unternehmens zur Erfassung, Nutzung und Offenlegung personenbezogener Daten erl\u00e4utert.","robots":{"index":"index","follow":"follow","max-snippet":"max-snippet:-1","max-image-preview":"max-image-preview:large","max-video-preview":"max-video-preview:-1"},"canonical":"https:\/\/artome.fi\/de\/datenschutzrichtlinie\/","og_locale":"de_DE","og_type":"article","og_title":"Privacy Policy -Tietosuoja","og_description":"The privacy policy of Artome. This document explains the company's policies of the collection, use and disclosure of personal information.","og_url":"https:\/\/artome.fi\/de\/datenschutzrichtlinie\/","og_site_name":"Artome","article_modified_time":"2025-12-16T07:05:05+00:00","twitter_card":"summary_large_image","schema":{"@context":"https:\/\/schema.org","@graph":[{"@type":"WebPage","@id":"https:\/\/artome.fi\/en\/privacy-policy\/","url":"https:\/\/artome.fi\/en\/privacy-policy\/","name":"Datenschutzrichtlinie \u2013 Artome","isPartOf":{"@id":"https:\/\/artome.fi\/en\/#website"},"datePublished":"2022-07-21T13:33:02+00:00","dateModified":"2025-12-16T07:05:05+00:00","description":"Die Datenschutzerkl\u00e4rung von Artome. In diesem Dokument werden die Richtlinien des Unternehmens zur Erfassung, Nutzung und Offenlegung personenbezogener Daten erl\u00e4utert.","breadcrumb":{"@id":"https:\/\/artome.fi\/en\/privacy-policy\/#breadcrumb"},"inLanguage":"de","potentialAction":[{"@type":"ReadAction","target":["https:\/\/artome.fi\/en\/privacy-policy\/"]}]},{"@type":"BreadcrumbList","@id":"https:\/\/artome.fi\/en\/privacy-policy\/#breadcrumb","itemListElement":[{"@type":"ListItem","position":1,"name":"Etusivu","item":"https:\/\/artome.fi\/en\/"},{"@type":"ListItem","position":2,"name":"Privacy Policy -Tietosuoja"}]},{"@type":"WebSite","@id":"https:\/\/artome.fi\/en\/#website","url":"https:\/\/artome.fi\/en\/","name":"Artome","description":"Neugestaltung audiovisueller Medien mit intelligenten M\u00f6beln","publisher":{"@id":"https:\/\/artome.fi\/en\/#organization"},"potentialAction":[{"@type":"SearchAction","target":{"@type":"EntryPoint","urlTemplate":"https:\/\/artome.fi\/en\/?s={search_term_string}"},"query-input":{"@type":"PropertyValueSpecification","valueRequired":true,"valueName":"search_term_string"}}],"inLanguage":"de"},{"@type":"Organization","@id":"https:\/\/artome.fi\/en\/#organization","name":"Artome","url":"https:\/\/artome.fi\/en\/","logo":{"@type":"ImageObject","inLanguage":"de","@id":"https:\/\/artome.fi\/en\/#\/schema\/logo\/image\/","url":"https:\/\/artome.fi\/wp-content\/uploads\/2022\/02\/artome_logo_black.png","contentUrl":"https:\/\/artome.fi\/wp-content\/uploads\/2022\/02\/artome_logo_black.png","width":1280,"height":496,"caption":"Artome"},"image":{"@id":"https:\/\/artome.fi\/en\/#\/schema\/logo\/image\/"}}]}},"_links":{"self":[{"href":"https:\/\/artome.fi\/de\/wp-json\/wp\/v2\/pages\/1636","targetHints":{"allow":["GET"]}}],"collection":[{"href":"https:\/\/artome.fi\/de\/wp-json\/wp\/v2\/pages"}],"about":[{"href":"https:\/\/artome.fi\/de\/wp-json\/wp\/v2\/types\/page"}],"author":[{"embeddable":true,"href":"https:\/\/artome.fi\/de\/wp-json\/wp\/v2\/users\/1"}],"replies":[{"embeddable":true,"href":"https:\/\/artome.fi\/de\/wp-json\/wp\/v2\/comments?post=1636"}],"version-history":[{"count":12,"href":"https:\/\/artome.fi\/de\/wp-json\/wp\/v2\/pages\/1636\/revisions"}],"predecessor-version":[{"id":10313,"href":"https:\/\/artome.fi\/de\/wp-json\/wp\/v2\/pages\/1636\/revisions\/10313"}],"wp:attachment":[{"href":"https:\/\/artome.fi\/de\/wp-json\/wp\/v2\/media?parent=1636"}],"curies":[{"name":"wp","href":"https:\/\/api.w.org\/{rel}","templated":true}]}}