{"id":1903,"date":"2022-08-08T16:23:13","date_gmt":"2022-08-08T16:23:13","guid":{"rendered":"https:\/\/artome.fi\/?page_id=1903"},"modified":"2022-11-28T13:33:21","modified_gmt":"2022-11-28T13:33:21","slug":"careers","status":"publish","type":"page","link":"https:\/\/artome.fi\/de\/karriere\/","title":{"rendered":"Entwickler mobiler Rekrutierungsl\u00f6sungen"},"content":{"rendered":"<div data-elementor-type=\"wp-page\" data-elementor-id=\"1903\" class=\"elementor elementor-1903\" data-elementor-post-type=\"page\">\n\t\t\t\t\t\t<section class=\"elementor-section elementor-top-section elementor-element elementor-element-1249c2a ct-section-stretched elementor-section-height-min-height elementor-section-full_width elementor-section-items-bottom elementor-section-height-default\" data-id=\"1249c2a\" data-element_type=\"section\" data-settings=\"{&quot;background_background&quot;:&quot;classic&quot;}\">\n\t\t\t\t\t\t\t<div class=\"elementor-background-overlay\"><\/div>\n\t\t\t\t\t\t\t<div class=\"elementor-container elementor-column-gap-no\">\n\t\t\t\t\t<div class=\"elementor-column elementor-col-100 elementor-top-column elementor-element elementor-element-6eb7333b\" data-id=\"6eb7333b\" data-element_type=\"column\">\n\t\t\t<div class=\"elementor-widget-wrap elementor-element-populated\">\n\t\t\t\t\t\t<div class=\"elementor-element elementor-element-3a2f7d33 elementor-widget elementor-widget-heading\" data-id=\"3a2f7d33\" data-element_type=\"widget\" data-widget_type=\"heading.default\">\n\t\t\t\t<div class=\"elementor-widget-container\">\n\t\t\t\t\t<h1 class=\"elementor-heading-title elementor-size-default\">Karriere<\/h1>\t\t\t\t<\/div>\n\t\t\t\t<\/div>\n\t\t\t\t\t<\/div>\n\t\t<\/div>\n\t\t\t\t\t<\/div>\n\t\t<\/section>\n\t\t\t\t<section class=\"elementor-section elementor-top-section elementor-element elementor-element-0cbaf5f elementor-section-boxed elementor-section-height-default elementor-section-height-default\" data-id=\"0cbaf5f\" data-element_type=\"section\">\n\t\t\t\t\t\t<div class=\"elementor-container elementor-column-gap-default\">\n\t\t\t\t\t<div class=\"elementor-column elementor-col-100 elementor-top-column elementor-element elementor-element-cd792a4\" data-id=\"cd792a4\" data-element_type=\"column\">\n\t\t\t<div class=\"elementor-widget-wrap elementor-element-populated\">\n\t\t\t\t\t\t<div class=\"elementor-element elementor-element-d9c91ad elementor-widget elementor-widget-heading\" data-id=\"d9c91ad\" data-element_type=\"widget\" data-widget_type=\"heading.default\">\n\t\t\t\t<div class=\"elementor-widget-container\">\n\t\t\t\t\t<h2 class=\"elementor-heading-title elementor-size-default\">Leichtigkeit, globales Denken, Enabling und moderne Anarchie<\/h2>\t\t\t\t<\/div>\n\t\t\t\t<\/div>\n\t\t\t\t<div class=\"elementor-element elementor-element-b3ce9ba elementor-widget elementor-widget-text-editor\" data-id=\"b3ce9ba\" data-element_type=\"widget\" data-widget_type=\"text-editor.default\">\n\t\t\t\t<div class=\"elementor-widget-container\">\n\t\t\t\t\t\t\t\t\t<p><span style=\"text-align: start;\">Die Idee einer installationsfreien und anpassbaren Pr\u00e4sentationstechnik war und ist das Fundament des Unternehmens. Heute bietet Artome tragbare Plug-and-Play-Smart-M\u00f6bel zum Pr\u00e4sentieren, Lernen und vielem mehr. Das Ziel von Artome ist es, audiovisuelle Technologie auf nachhaltige Weise zu planen und zu bauen und Produkte herzustellen, die den Benutzern Flexibilit\u00e4t und Benutzerfreundlichkeit bieten, ohne dabei die \u00e4sthetische Seite zu vergessen.<\/span><\/p>\t\t\t\t\t\t\t\t<\/div>\n\t\t\t\t<\/div>\n\t\t\t\t\t<\/div>\n\t\t<\/div>\n\t\t\t\t\t<\/div>\n\t\t<\/section>\n\t\t\t\t<section class=\"elementor-section elementor-top-section elementor-element elementor-element-ab5f4bf elementor-section-boxed elementor-section-height-default elementor-section-height-default\" data-id=\"ab5f4bf\" data-element_type=\"section\">\n\t\t\t\t\t\t<div class=\"elementor-container elementor-column-gap-default\">\n\t\t\t\t\t<div class=\"elementor-column elementor-col-100 elementor-top-column elementor-element elementor-element-23f923a\" data-id=\"23f923a\" data-element_type=\"column\">\n\t\t\t<div class=\"elementor-widget-wrap elementor-element-populated\">\n\t\t\t\t\t\t<div class=\"elementor-element elementor-element-04ade56 elementor-widget elementor-widget-spacer\" data-id=\"04ade56\" data-element_type=\"widget\" data-widget_type=\"spacer.default\">\n\t\t\t\t<div class=\"elementor-widget-container\">\n\t\t\t\t\t\t\t<div class=\"elementor-spacer\">\n\t\t\t<div class=\"elementor-spacer-inner\"><\/div>\n\t\t<\/div>\n\t\t\t\t\t\t<\/div>\n\t\t\t\t<\/div>\n\t\t\t\t\t<\/div>\n\t\t<\/div>\n\t\t\t\t\t<\/div>\n\t\t<\/section>\n\t\t\t\t<section class=\"elementor-section elementor-top-section elementor-element elementor-element-3a4b8a58 ct-section-stretched elementor-section-boxed elementor-section-height-default elementor-section-height-default\" data-id=\"3a4b8a58\" data-element_type=\"section\">\n\t\t\t\t\t\t<div class=\"elementor-container elementor-column-gap-no\">\n\t\t\t\t\t<div class=\"elementor-column elementor-col-100 elementor-top-column elementor-element elementor-element-674ebe94\" data-id=\"674ebe94\" data-element_type=\"column\">\n\t\t\t<div class=\"elementor-widget-wrap elementor-element-populated\">\n\t\t\t\t\t\t<div class=\"elementor-element elementor-element-226c5bd elementor-widget elementor-widget-heading\" data-id=\"226c5bd\" data-element_type=\"widget\" data-widget_type=\"heading.default\">\n\t\t\t\t<div class=\"elementor-widget-container\">\n\t\t\t\t\t<h4 class=\"elementor-heading-title elementor-size-default\">Offene Karrieren bei Artome<\/h4>\t\t\t\t<\/div>\n\t\t\t\t<\/div>\n\t\t\t\t<div class=\"elementor-element elementor-element-1649baa elementor-widget elementor-widget-accordion\" data-id=\"1649baa\" data-element_type=\"widget\" data-widget_type=\"accordion.default\">\n\t\t\t\t<div class=\"elementor-widget-container\">\n\t\t\t\t\t\t\t<div class=\"elementor-accordion\">\n\t\t\t\t\t\t\t<div class=\"elementor-accordion-item\">\n\t\t\t\t\t<div id=\"elementor-tab-title-2331\" class=\"elementor-tab-title\" data-tab=\"1\" role=\"button\" aria-controls=\"elementor-tab-content-2331\" aria-expanded=\"false\">\n\t\t\t\t\t\t\t\t\t\t\t\t\t<span class=\"elementor-accordion-icon elementor-accordion-icon-left\" aria-hidden=\"true\">\n\t\t\t\t\t\t\t\t\t\t\t\t\t\t\t<span class=\"elementor-accordion-icon-closed\"><i class=\"fas fa-plus\"><\/i><\/span>\n\t\t\t\t\t\t\t\t<span class=\"elementor-accordion-icon-opened\"><i class=\"fas fa-minus\"><\/i><\/span>\n\t\t\t\t\t\t\t\t\t\t\t\t\t\t<\/span>\n\t\t\t\t\t\t\t\t\t\t\t\t<a class=\"elementor-accordion-title\" tabindex=\"0\">Hinterlassen Sie eine offene Bewerbung<\/a>\n\t\t\t\t\t<\/div>\n\t\t\t\t\t<div id=\"elementor-tab-content-2331\" class=\"elementor-tab-content elementor-clearfix\" data-tab=\"1\" role=\"region\" aria-labelledby=\"elementor-tab-title-2331\"><h5 style=\"font-size: var(--fontSize); text-align: start; color: #101010; font-family: var( --e-global-typography-text-font-family ), Sans-serif; font-weight: var( --e-global-typography-text-font-weight ); font-style: normal; letter-spacing: normal; text-transform: none; text-decoration-thickness: initial; text-decoration-style: initial; text-decoration-color: initial; --fontweight: 700; --fontsize: 35px; --lineheight: 1.5;\">Sind Sie daran interessiert, Teil der Schaffung von etwas v\u00f6llig Neuem zu sein, das die gesamte audiovisuelle Industrie revolutionieren wird?<\/h5><div>\u00a0<strong style=\"color: #101010; font-family: 'Nunito Sans', sans-serif; background-color: var(--palettecolor7); font-style: var(--fontStyle, inherit); letter-spacing: var(--letterSpacing); text-transform: var(--textTransform);\">Wenn die Antwort \u201eJa\u201c lautet, erz\u00e4hlen Sie uns etwas \u00fcber sich und welche Art von Stellenbeschreibung Sie interessant finden w\u00fcrden.<\/strong><span style=\"color: #101010; font-family: 'Nunito Sans', sans-serif; background-color: var(--palettecolor7); font-style: var(--fontStyle, inherit); font-weight: var(--fontWeight); letter-spacing: var(--letterSpacing); text-transform: var(--textTransform);\" data-ccp-props=\"{\">\u00a0<\/span><\/div><div><div><span style=\"background-color: var(--palettecolor7); color: var(--theme-text-color); font-family: var(--fontFamily); font-style: var(--fontStyle, inherit); font-weight: var(--fontWeight); letter-spacing: var(--letterSpacing); text-transform: var(--textTransform);\" data-contrast=\"none\">Senden Sie Ihre Bewerbung an <\/span><a style=\"background-color: var(--palettecolor7); font-family: var(--fontFamily); font-style: var(--fontStyle, inherit); font-weight: var(--fontWeight); letter-spacing: var(--letterSpacing); text-transform: var(--textTransform); transition: var(--transition);\" href=\"mailto:rekry@artome.fi\">rekry@artome.fi<\/a><span style=\"background-color: var(--palettecolor7); color: var(--theme-text-color); font-family: var(--fontFamily); font-style: var(--fontStyle, inherit); font-weight: var(--fontWeight); letter-spacing: var(--letterSpacing); text-transform: var(--textTransform);\" data-contrast=\"none\">.<br \/>Und vergessen Sie nicht, Ihre Botschaft mit einer einpr\u00e4gsamen \u00dcberschrift aufzupeppen, damit Sie sich von der Masse abheben.\u00a0<\/span><\/div><\/div><\/div>\n\t\t\t\t<\/div>\n\t\t\t\t\t\t\t\t<\/div>\n\t\t\t\t\t\t<\/div>\n\t\t\t\t<\/div>\n\t\t\t\t\t<\/div>\n\t\t<\/div>\n\t\t\t\t\t<\/div>\n\t\t<\/section>\n\t\t\t\t<section class=\"elementor-section elementor-top-section elementor-element elementor-element-971d5ae elementor-section-boxed elementor-section-height-default elementor-section-height-default\" data-id=\"971d5ae\" data-element_type=\"section\">\n\t\t\t\t\t\t<div class=\"elementor-container elementor-column-gap-default\">\n\t\t\t\t\t<div class=\"elementor-column elementor-col-100 elementor-top-column elementor-element elementor-element-1086bcb\" data-id=\"1086bcb\" data-element_type=\"column\">\n\t\t\t<div class=\"elementor-widget-wrap elementor-element-populated\">\n\t\t\t\t\t\t<div class=\"elementor-element elementor-element-324da76 elementor-widget elementor-widget-spacer\" data-id=\"324da76\" data-element_type=\"widget\" data-widget_type=\"spacer.default\">\n\t\t\t\t<div class=\"elementor-widget-container\">\n\t\t\t\t\t\t\t<div class=\"elementor-spacer\">\n\t\t\t<div class=\"elementor-spacer-inner\"><\/div>\n\t\t<\/div>\n\t\t\t\t\t\t<\/div>\n\t\t\t\t<\/div>\n\t\t\t\t\t<\/div>\n\t\t<\/div>\n\t\t\t\t\t<\/div>\n\t\t<\/section>\n\t\t\t\t<section class=\"elementor-section elementor-top-section elementor-element elementor-element-4efaa2a elementor-section-boxed elementor-section-height-default elementor-section-height-default\" data-id=\"4efaa2a\" data-element_type=\"section\">\n\t\t\t\t\t\t\t<div class=\"elementor-background-overlay\"><\/div>\n\t\t\t\t\t\t\t<div class=\"elementor-container elementor-column-gap-default\">\n\t\t\t\t\t<div class=\"elementor-column elementor-col-50 elementor-top-column elementor-element elementor-element-a59a6d9\" data-id=\"a59a6d9\" data-element_type=\"column\">\n\t\t\t<div class=\"elementor-widget-wrap elementor-element-populated\">\n\t\t\t\t\t\t<div class=\"elementor-element elementor-element-62bbb95 elementor-widget elementor-widget-image\" data-id=\"62bbb95\" data-element_type=\"widget\" data-widget_type=\"image.default\">\n\t\t\t\t<div class=\"elementor-widget-container\">\n\t\t\t\t\t\t\t\t\t\t\t\t\t\t\t<img decoding=\"async\" src=\"https:\/\/artome.fi\/wp-content\/uploads\/elementor\/thumbs\/Artome-Random-2-pwcdi1tsce6es9x1j8910iyhlclwd9mku2uin04ld8.jpg\" title=\"Artome | Karriere\" alt=\"Bild \u00fcber Artomes Mitarbeiter.\" loading=\"lazy\" \/>\t\t\t\t\t\t\t\t\t\t\t\t\t\t\t<\/div>\n\t\t\t\t<\/div>\n\t\t\t\t\t<\/div>\n\t\t<\/div>\n\t\t\t\t<div class=\"elementor-column elementor-col-50 elementor-top-column elementor-element elementor-element-20d9279\" data-id=\"20d9279\" data-element_type=\"column\">\n\t\t\t<div class=\"elementor-widget-wrap elementor-element-populated\">\n\t\t\t\t\t\t<div class=\"elementor-element elementor-element-307c0e9 elementor-widget elementor-widget-text-editor\" data-id=\"307c0e9\" data-element_type=\"widget\" data-widget_type=\"text-editor.default\">\n\t\t\t\t<div class=\"elementor-widget-container\">\n\t\t\t\t\t\t\t\t\t<h1><b><span data-contrast=\"none\">Artome kurz und b\u00fcndig<\/span><\/b><span data-ccp-props=\"{\">\u00a0<\/span><\/h1><p><span style=\"font-size: inherit; text-align: inherit; background-color: var(--palettecolor7); color: var(--theme-text-color); font-family: var(--fontFamily); font-style: var(--fontStyle, inherit); font-weight: var(--fontWeight); letter-spacing: var(--letterSpacing); text-transform: var(--textTransform);\" data-contrast=\"none\">Hersteller intelligenter M\u00f6bel aus Finnland, gegr\u00fcndet im Jahr 2016<\/span><span style=\"font-size: inherit; text-align: inherit; background-color: var(--palettecolor7); color: var(--theme-text-color); font-family: var(--fontFamily); font-style: var(--fontStyle, inherit); font-weight: var(--fontWeight); letter-spacing: var(--letterSpacing); text-transform: var(--textTransform);\" data-ccp-props=\"{\">\u00a0<\/span><br \/><span style=\"font-size: inherit; text-align: inherit; background-color: var(--palettecolor7); color: var(--theme-text-color); font-family: var(--fontFamily); font-style: var(--fontStyle, inherit); font-weight: var(--fontWeight); letter-spacing: var(--letterSpacing); text-transform: var(--textTransform);\" data-contrast=\"none\">Schnell wachsendes Unternehmen mit mehr als 15 Mitarbeitern<\/span><span style=\"font-size: inherit; text-align: inherit; background-color: var(--palettecolor7); color: var(--theme-text-color); font-family: var(--fontFamily); font-style: var(--fontStyle, inherit); font-weight: var(--fontWeight); letter-spacing: var(--letterSpacing); text-transform: var(--textTransform);\" data-ccp-props=\"{\">\u00a0<\/span><br \/><span style=\"font-size: inherit; text-align: inherit; background-color: var(--palettecolor7); color: var(--theme-text-color); font-family: var(--fontFamily); font-style: var(--fontStyle, inherit); font-weight: var(--fontWeight); letter-spacing: var(--letterSpacing); text-transform: var(--textTransform);\" data-contrast=\"none\">Weltweiter Pionier der audiovisuellen Industrie mit Niederlassungen in \u00fcber 30 L\u00e4ndern<\/span><span style=\"font-size: inherit; text-align: inherit; background-color: var(--palettecolor7); color: var(--theme-text-color); font-family: var(--fontFamily); font-style: var(--fontStyle, inherit); font-weight: var(--fontWeight); letter-spacing: var(--letterSpacing); text-transform: var(--textTransform);\" data-ccp-props=\"{\">\u00a0<\/span><br \/><span style=\"font-size: inherit; text-align: inherit; background-color: var(--palettecolor7); color: var(--theme-text-color); font-family: var(--fontFamily); font-style: var(--fontStyle, inherit); font-weight: var(--fontWeight); letter-spacing: var(--letterSpacing); text-transform: var(--textTransform);\" data-contrast=\"none\">Starkes und erfahrenes Management- und Stakeholder-Team mit Erfahrung in der Schaffung neuer M\u00e4rkte.<\/span><span style=\"font-size: inherit; text-align: inherit; background-color: var(--palettecolor7); color: var(--theme-text-color); font-family: var(--fontFamily); font-style: var(--fontStyle, inherit); font-weight: var(--fontWeight); letter-spacing: var(--letterSpacing); text-transform: var(--textTransform);\" data-ccp-props=\"{\">\u00a0<\/span><\/p>\t\t\t\t\t\t\t\t<\/div>\n\t\t\t\t<\/div>\n\t\t\t\t\t<\/div>\n\t\t<\/div>\n\t\t\t\t\t<\/div>\n\t\t<\/section>\n\t\t\t\t<section class=\"elementor-section elementor-top-section elementor-element elementor-element-438f102 elementor-section-boxed elementor-section-height-default elementor-section-height-default\" data-id=\"438f102\" data-element_type=\"section\">\n\t\t\t\t\t\t<div class=\"elementor-container elementor-column-gap-default\">\n\t\t\t\t\t<div class=\"elementor-column elementor-col-100 elementor-top-column elementor-element elementor-element-f81e3d0\" data-id=\"f81e3d0\" data-element_type=\"column\">\n\t\t\t<div class=\"elementor-widget-wrap elementor-element-populated\">\n\t\t\t\t\t\t<div class=\"elementor-element elementor-element-e371636 elementor-widget elementor-widget-spacer\" data-id=\"e371636\" data-element_type=\"widget\" data-widget_type=\"spacer.default\">\n\t\t\t\t<div class=\"elementor-widget-container\">\n\t\t\t\t\t\t\t<div class=\"elementor-spacer\">\n\t\t\t<div class=\"elementor-spacer-inner\"><\/div>\n\t\t<\/div>\n\t\t\t\t\t\t<\/div>\n\t\t\t\t<\/div>\n\t\t\t\t<div class=\"elementor-element elementor-element-43f0547 elementor-widget elementor-widget-image\" data-id=\"43f0547\" data-element_type=\"widget\" data-widget_type=\"image.default\">\n\t\t\t\t<div class=\"elementor-widget-container\">\n\t\t\t\t\t\t\t\t\t\t\t\t\t\t\t<img decoding=\"async\" width=\"300\" height=\"127\" src=\"https:\/\/artome.fi\/wp-content\/uploads\/2022\/05\/Artome_logo_black.svg\" class=\"attachment-medium size-medium wp-image-735\" alt=\"Artome-Logo.\" \/>\t\t\t\t\t\t\t\t\t\t\t\t\t\t\t<\/div>\n\t\t\t\t<\/div>\n\t\t\t\t<div class=\"elementor-element elementor-element-e2b162b elementor-widget elementor-widget-spacer\" data-id=\"e2b162b\" data-element_type=\"widget\" data-widget_type=\"spacer.default\">\n\t\t\t\t<div class=\"elementor-widget-container\">\n\t\t\t\t\t\t\t<div class=\"elementor-spacer\">\n\t\t\t<div class=\"elementor-spacer-inner\"><\/div>\n\t\t<\/div>\n\t\t\t\t\t\t<\/div>\n\t\t\t\t<\/div>\n\t\t\t\t\t<\/div>\n\t\t<\/div>\n\t\t\t\t\t<\/div>\n\t\t<\/section>\n\t\t\t\t<\/div>","protected":false},"excerpt":{"rendered":"<p>Careers Ease, Global Thinking, Enabling and Modern Anarcy The ideology of an installation-free and adaptable presentation technology has been, and still is, the foundation of the company. Today Artome offers portable plug-and-play smart furniture for presenting, learning, and much more. The goal of Artome is to plan and build audio-visual technology in a sustainable way [&hellip;]<\/p>\n","protected":false},"author":1,"featured_media":0,"parent":0,"menu_order":0,"comment_status":"closed","ping_status":"closed","template":"elementor_header_footer","meta":{"om_disable_all_campaigns":false,"_monsterinsights_skip_tracking":false,"_monsterinsights_sitenote_active":false,"_monsterinsights_sitenote_note":"","_monsterinsights_sitenote_category":0,"_uf_show_specific_survey":0,"_uf_disable_surveys":false,"footnotes":""},"class_list":["post-1903","page","type-page","status-publish","hentry"],"blocksy_meta":{"styles_descriptor":{"styles":{"desktop":"","tablet":"","mobile":""},"google_fonts":[],"version":6}},"aioseo_notices":[],"yoast_head":"<!-- This site is optimized with the Yoast SEO Premium plugin v23.2 (Yoast SEO v26.3) - https:\/\/yoast.com\/wordpress\/plugins\/seo\/ -->\n<title>Artome | Careers<\/title>\n<meta name=\"description\" content=\"Are you interested in creating something completely new, that will disrupt the whole audiovisual industry? If the answer is yes, keep reading.\" \/>\n<meta name=\"robots\" content=\"index, follow, max-snippet:-1, max-image-preview:large, max-video-preview:-1\" \/>\n<link rel=\"canonical\" href=\"https:\/\/artome.fi\/de\/karriere\/\" \/>\n<meta property=\"og:locale\" content=\"de_DE\" \/>\n<meta property=\"og:type\" content=\"article\" \/>\n<meta property=\"og:title\" content=\"recruitment mobile solution developer\" \/>\n<meta property=\"og:description\" content=\"Are you interested in creating something completely new, that will disrupt the whole audiovisual industry? If the answer is yes, keep reading.\" \/>\n<meta property=\"og:url\" content=\"https:\/\/artome.fi\/de\/karriere\/\" \/>\n<meta property=\"og:site_name\" content=\"Artome\" \/>\n<meta property=\"article:modified_time\" content=\"2022-11-28T13:33:21+00:00\" \/>\n<meta property=\"og:image\" content=\"https:\/\/artome.fi\/wp-content\/uploads\/elementor\/thumbs\/Artome-Random-2-pwcdi1tsce6es9x1j8910iyhlclwd9mku2uin04ld8.jpg\" \/>\n<meta name=\"twitter:card\" content=\"summary_large_image\" \/>\n<meta name=\"twitter:label1\" content=\"Gesch\u00e4tzte Lesezeit\" \/>\n\t<meta name=\"twitter:data1\" content=\"2\u00a0Minuten\" \/>\n<script type=\"application\/ld+json\" class=\"yoast-schema-graph\">{\"@context\":\"https:\/\/schema.org\",\"@graph\":[{\"@type\":\"WebPage\",\"@id\":\"https:\/\/artome.fi\/fi\/careers\/\",\"url\":\"https:\/\/artome.fi\/fi\/careers\/\",\"name\":\"Artome | Careers\",\"isPartOf\":{\"@id\":\"https:\/\/artome.fi\/en\/#website\"},\"primaryImageOfPage\":{\"@id\":\"https:\/\/artome.fi\/fi\/careers\/#primaryimage\"},\"image\":{\"@id\":\"https:\/\/artome.fi\/fi\/careers\/#primaryimage\"},\"thumbnailUrl\":\"https:\/\/artome.fi\/wp-content\/uploads\/elementor\/thumbs\/Artome-Random-2-pwcdi1tsce6es9x1j8910iyhlclwd9mku2uin04ld8.jpg\",\"datePublished\":\"2022-08-08T16:23:13+00:00\",\"dateModified\":\"2022-11-28T13:33:21+00:00\",\"description\":\"Are you interested in creating something completely new, that will disrupt the whole audiovisual industry? If the answer is yes, keep reading.\",\"breadcrumb\":{\"@id\":\"https:\/\/artome.fi\/fi\/careers\/#breadcrumb\"},\"inLanguage\":\"de\",\"potentialAction\":[{\"@type\":\"ReadAction\",\"target\":[\"https:\/\/artome.fi\/fi\/careers\/\"]}]},{\"@type\":\"ImageObject\",\"inLanguage\":\"de\",\"@id\":\"https:\/\/artome.fi\/fi\/careers\/#primaryimage\",\"url\":\"https:\/\/artome.fi\/wp-content\/uploads\/elementor\/thumbs\/Artome-Random-2-pwcdi1tsce6es9x1j8910iyhlclwd9mku2uin04ld8.jpg\",\"contentUrl\":\"https:\/\/artome.fi\/wp-content\/uploads\/elementor\/thumbs\/Artome-Random-2-pwcdi1tsce6es9x1j8910iyhlclwd9mku2uin04ld8.jpg\"},{\"@type\":\"BreadcrumbList\",\"@id\":\"https:\/\/artome.fi\/fi\/careers\/#breadcrumb\",\"itemListElement\":[{\"@type\":\"ListItem\",\"position\":1,\"name\":\"Etusivu\",\"item\":\"https:\/\/artome.fi\/en\/\"},{\"@type\":\"ListItem\",\"position\":2,\"name\":\"recruitment mobile solution developer\"}]},{\"@type\":\"WebSite\",\"@id\":\"https:\/\/artome.fi\/en\/#website\",\"url\":\"https:\/\/artome.fi\/en\/\",\"name\":\"Artome\",\"description\":\"Redesigning audiovisual with smart furniture\",\"publisher\":{\"@id\":\"https:\/\/artome.fi\/en\/#organization\"},\"potentialAction\":[{\"@type\":\"SearchAction\",\"target\":{\"@type\":\"EntryPoint\",\"urlTemplate\":\"https:\/\/artome.fi\/en\/?s={search_term_string}\"},\"query-input\":{\"@type\":\"PropertyValueSpecification\",\"valueRequired\":true,\"valueName\":\"search_term_string\"}}],\"inLanguage\":\"de\"},{\"@type\":\"Organization\",\"@id\":\"https:\/\/artome.fi\/en\/#organization\",\"name\":\"Artome\",\"url\":\"https:\/\/artome.fi\/en\/\",\"logo\":{\"@type\":\"ImageObject\",\"inLanguage\":\"de\",\"@id\":\"https:\/\/artome.fi\/en\/#\/schema\/logo\/image\/\",\"url\":\"https:\/\/artome.fi\/wp-content\/uploads\/2022\/02\/artome_logo_black.png\",\"contentUrl\":\"https:\/\/artome.fi\/wp-content\/uploads\/2022\/02\/artome_logo_black.png\",\"width\":1280,\"height\":496,\"caption\":\"Artome\"},\"image\":{\"@id\":\"https:\/\/artome.fi\/en\/#\/schema\/logo\/image\/\"}}]}<\/script>\n<!-- \/ Yoast SEO Premium plugin. -->","yoast_head_json":{"title":"Artome | Karriere","description":"Sind Sie daran interessiert, etwas v\u00f6llig Neues zu schaffen, das die gesamte audiovisuelle Industrie revolutionieren wird? Wenn die Antwort \u201eJa\u201c lautet, lesen Sie weiter.","robots":{"index":"index","follow":"follow","max-snippet":"max-snippet:-1","max-image-preview":"max-image-preview:large","max-video-preview":"max-video-preview:-1"},"canonical":"https:\/\/artome.fi\/de\/karriere\/","og_locale":"de_DE","og_type":"article","og_title":"recruitment mobile solution developer","og_description":"Are you interested in creating something completely new, that will disrupt the whole audiovisual industry? If the answer is yes, keep reading.","og_url":"https:\/\/artome.fi\/de\/karriere\/","og_site_name":"Artome","article_modified_time":"2022-11-28T13:33:21+00:00","og_image":[{"url":"https:\/\/artome.fi\/wp-content\/uploads\/elementor\/thumbs\/Artome-Random-2-pwcdi1tsce6es9x1j8910iyhlclwd9mku2uin04ld8.jpg","type":"","width":"","height":""}],"twitter_card":"summary_large_image","twitter_misc":{"Gesch\u00e4tzte Lesezeit":"2\u00a0Minuten"},"schema":{"@context":"https:\/\/schema.org","@graph":[{"@type":"WebPage","@id":"https:\/\/artome.fi\/fi\/careers\/","url":"https:\/\/artome.fi\/fi\/careers\/","name":"Artome | Karriere","isPartOf":{"@id":"https:\/\/artome.fi\/en\/#website"},"primaryImageOfPage":{"@id":"https:\/\/artome.fi\/fi\/careers\/#primaryimage"},"image":{"@id":"https:\/\/artome.fi\/fi\/careers\/#primaryimage"},"thumbnailUrl":"https:\/\/artome.fi\/wp-content\/uploads\/elementor\/thumbs\/Artome-Random-2-pwcdi1tsce6es9x1j8910iyhlclwd9mku2uin04ld8.jpg","datePublished":"2022-08-08T16:23:13+00:00","dateModified":"2022-11-28T13:33:21+00:00","description":"Sind Sie daran interessiert, etwas v\u00f6llig Neues zu schaffen, das die gesamte audiovisuelle Industrie revolutionieren wird? Wenn die Antwort \u201eJa\u201c lautet, lesen Sie weiter.","breadcrumb":{"@id":"https:\/\/artome.fi\/fi\/careers\/#breadcrumb"},"inLanguage":"de","potentialAction":[{"@type":"ReadAction","target":["https:\/\/artome.fi\/fi\/careers\/"]}]},{"@type":"ImageObject","inLanguage":"de","@id":"https:\/\/artome.fi\/fi\/careers\/#primaryimage","url":"https:\/\/artome.fi\/wp-content\/uploads\/elementor\/thumbs\/Artome-Random-2-pwcdi1tsce6es9x1j8910iyhlclwd9mku2uin04ld8.jpg","contentUrl":"https:\/\/artome.fi\/wp-content\/uploads\/elementor\/thumbs\/Artome-Random-2-pwcdi1tsce6es9x1j8910iyhlclwd9mku2uin04ld8.jpg"},{"@type":"BreadcrumbList","@id":"https:\/\/artome.fi\/fi\/careers\/#breadcrumb","itemListElement":[{"@type":"ListItem","position":1,"name":"Etusivu","item":"https:\/\/artome.fi\/en\/"},{"@type":"ListItem","position":2,"name":"recruitment mobile solution developer"}]},{"@type":"WebSite","@id":"https:\/\/artome.fi\/en\/#website","url":"https:\/\/artome.fi\/en\/","name":"Artome","description":"Neugestaltung audiovisueller Medien mit intelligenten M\u00f6beln","publisher":{"@id":"https:\/\/artome.fi\/en\/#organization"},"potentialAction":[{"@type":"SearchAction","target":{"@type":"EntryPoint","urlTemplate":"https:\/\/artome.fi\/en\/?s={search_term_string}"},"query-input":{"@type":"PropertyValueSpecification","valueRequired":true,"valueName":"search_term_string"}}],"inLanguage":"de"},{"@type":"Organization","@id":"https:\/\/artome.fi\/en\/#organization","name":"Artome","url":"https:\/\/artome.fi\/en\/","logo":{"@type":"ImageObject","inLanguage":"de","@id":"https:\/\/artome.fi\/en\/#\/schema\/logo\/image\/","url":"https:\/\/artome.fi\/wp-content\/uploads\/2022\/02\/artome_logo_black.png","contentUrl":"https:\/\/artome.fi\/wp-content\/uploads\/2022\/02\/artome_logo_black.png","width":1280,"height":496,"caption":"Artome"},"image":{"@id":"https:\/\/artome.fi\/en\/#\/schema\/logo\/image\/"}}]}},"_links":{"self":[{"href":"https:\/\/artome.fi\/de\/wp-json\/wp\/v2\/pages\/1903","targetHints":{"allow":["GET"]}}],"collection":[{"href":"https:\/\/artome.fi\/de\/wp-json\/wp\/v2\/pages"}],"about":[{"href":"https:\/\/artome.fi\/de\/wp-json\/wp\/v2\/types\/page"}],"author":[{"embeddable":true,"href":"https:\/\/artome.fi\/de\/wp-json\/wp\/v2\/users\/1"}],"replies":[{"embeddable":true,"href":"https:\/\/artome.fi\/de\/wp-json\/wp\/v2\/comments?post=1903"}],"version-history":[{"count":36,"href":"https:\/\/artome.fi\/de\/wp-json\/wp\/v2\/pages\/1903\/revisions"}],"predecessor-version":[{"id":3249,"href":"https:\/\/artome.fi\/de\/wp-json\/wp\/v2\/pages\/1903\/revisions\/3249"}],"wp:attachment":[{"href":"https:\/\/artome.fi\/de\/wp-json\/wp\/v2\/media?parent=1903"}],"curies":[{"name":"wp","href":"https:\/\/api.w.org\/{rel}","templated":true}]}}