{"id":4954,"date":"2023-04-25T08:17:22","date_gmt":"2023-04-25T08:17:22","guid":{"rendered":"https:\/\/artome.fi\/?page_id=4954"},"modified":"2023-05-24T07:09:45","modified_gmt":"2023-05-24T07:09:45","slug":"ilmoittaudu_kailastalo","status":"publish","type":"page","link":"https:\/\/artome.fi\/de\/register_kailastalo\/","title":{"rendered":"register_kailastalo"},"content":{"rendered":"\t\t<div data-elementor-type=\"wp-page\" data-elementor-id=\"4954\" class=\"elementor elementor-4954\" data-elementor-post-type=\"page\">\n\t\t\t\t\t\t<section class=\"elementor-section elementor-top-section elementor-element elementor-element-569eb71d elementor-section-boxed elementor-section-height-default elementor-section-height-default\" data-id=\"569eb71d\" data-element_type=\"section\">\n\t\t\t\t\t\t<div class=\"elementor-container elementor-column-gap-default\">\n\t\t\t\t\t<div class=\"elementor-column elementor-col-100 elementor-top-column elementor-element elementor-element-4d59263b\" data-id=\"4d59263b\" data-element_type=\"column\">\n\t\t\t<div class=\"elementor-widget-wrap elementor-element-populated\">\n\t\t\t\t\t\t<div class=\"elementor-element elementor-element-7f7111ca elementor-view-default elementor-widget elementor-widget-icon\" data-id=\"7f7111ca\" data-element_type=\"widget\" data-widget_type=\"icon.default\">\n\t\t\t\t<div class=\"elementor-widget-container\">\n\t\t\t\t\t\t\t<div class=\"elementor-icon-wrapper\">\n\t\t\t<div class=\"elementor-icon\">\n\t\t\t<i aria-hidden=\"true\" class=\"fas fa-school\"><\/i>\t\t\t<\/div>\n\t\t<\/div>\n\t\t\t\t\t\t<\/div>\n\t\t\t\t<\/div>\n\t\t\t\t<div class=\"elementor-element elementor-element-6e3ac6fd elementor-widget elementor-widget-heading\" data-id=\"6e3ac6fd\" data-element_type=\"widget\" data-widget_type=\"heading.default\">\n\t\t\t\t<div class=\"elementor-widget-container\">\n\t\t\t\t\t<h1 class=\"elementor-heading-title elementor-size-default\">Artome goes Kailastalo<\/h1>\t\t\t\t<\/div>\n\t\t\t\t<\/div>\n\t\t\t\t\t<\/div>\n\t\t<\/div>\n\t\t\t\t\t<\/div>\n\t\t<\/section>\n\t\t\t\t<section class=\"elementor-section elementor-top-section elementor-element elementor-element-42521be6 elementor-section-boxed elementor-section-height-default elementor-section-height-default\" data-id=\"42521be6\" data-element_type=\"section\">\n\t\t\t\t\t\t<div class=\"elementor-container elementor-column-gap-default\">\n\t\t\t\t\t<div class=\"elementor-column elementor-col-100 elementor-top-column elementor-element elementor-element-676561bd\" data-id=\"676561bd\" data-element_type=\"column\">\n\t\t\t<div class=\"elementor-widget-wrap elementor-element-populated\">\n\t\t\t\t\t\t<section class=\"elementor-section elementor-inner-section elementor-element elementor-element-4aebc4 elementor-section-boxed elementor-section-height-default elementor-section-height-default\" data-id=\"4aebc4\" data-element_type=\"section\">\n\t\t\t\t\t\t<div class=\"elementor-container elementor-column-gap-default\">\n\t\t\t\t\t<div class=\"elementor-column elementor-col-100 elementor-inner-column elementor-element elementor-element-2e1081b2\" data-id=\"2e1081b2\" data-element_type=\"column\">\n\t\t\t<div class=\"elementor-widget-wrap elementor-element-populated\">\n\t\t\t\t\t\t<div class=\"elementor-element elementor-element-287b9444 elementor-widget elementor-widget-text-editor\" data-id=\"287b9444\" data-element_type=\"widget\" data-widget_type=\"text-editor.default\">\n\t\t\t\t<div class=\"elementor-widget-container\">\n\t\t\t\t\t\t\t\t\t<p style=\"text-align: left;\"><strong>Olet l\u00e4mpim\u00e4sti tervetullut kanssamme 6.6.2023 vierailulle vastavalmistuneeseen Kailastaloon Heinolaan.<\/strong><\/p>\n<p style=\"text-align: left;\">Kailastalo on moderni kouluymp\u00e4rist\u00f6, joka koostuu oppimissoluista ja jotka palvelevat erilaisten oppijoiden tarpeita. Rakennuksessa sijaitsevat sek\u00e4 alakoulu (Kailaan koulu) ja p\u00e4iv\u00e4koti. T\u00e4m\u00e4n lis\u00e4ksi Kailastalon liikuntasali palvelee koko aluetta. Jo suunnitteluvaiheessa arkkitehtitoimisto sijoitti tiloihin Artomen siirrett\u00e4vi\u00e4 audiovisuaalisia kalusteita, jotka mahdollistavat joustavien tilojen maksimaalisen hy\u00f6dynt\u00e4misen.<\/p>\t\t\t\t\t\t\t\t<\/div>\n\t\t\t\t<\/div>\n\t\t\t\t\t<\/div>\n\t\t<\/div>\n\t\t\t\t\t<\/div>\n\t\t<\/section>\n\t\t\t\t<div class=\"elementor-element elementor-element-72b48b1 elementor-blockquote--skin-border elementor-widget elementor-widget-blockquote\" data-id=\"72b48b1\" data-element_type=\"widget\" data-widget_type=\"blockquote.default\">\n\t\t\t\t<div class=\"elementor-widget-container\">\n\t\t\t\t\t\t\t<blockquote class=\"elementor-blockquote\">\n\t\t\t<p class=\"elementor-blockquote__content\">\n\t\t\t\tOhjelma:\n<br>09:00-10:00 Aamukahvi, verkostoituminen, Artomen showroom, Syrj\u00e4l\u00e4ntie 81, 19110 Vierum\u00e4ki\n<br>10:00-11:00 Artomen tehdasvierailu\n<br>11:00-12:30 Lounas ja siirtyminen Kailastalolle, Vahlmaninkatu 2, 18100 Heinola\n<br>12:30-14:00 Vierailu Kailastaloon\t\t\t<\/p>\n\t\t\t\t\t<\/blockquote>\n\t\t\t\t\t\t<\/div>\n\t\t\t\t<\/div>\n\t\t\t\t<div class=\"elementor-element elementor-element-74bdac9 elementor-widget elementor-widget-text-editor\" data-id=\"74bdac9\" data-element_type=\"widget\" data-widget_type=\"text-editor.default\">\n\t\t\t\t<div class=\"elementor-widget-container\">\n\t\t\t\t\t\t\t\t\t<p style=\"text-align: left;\">HUOM!<br><span class=\"ui-provider cvm cvn c d e f g h i j k l m n o p q r s t cvo cvp w x y z ab ac ae af ag ah ai aj ak\" dir=\"ltr\">Viimeinen ilmoittautumisp\u00e4iv\u00e4 31.5.2023<br><\/span>Rajoitettu osallistujam\u00e4\u00e4r\u00e4 40, eli varaathan paikkasi ajoissa.<\/p>\n<p style=\"text-align: left;\">Mik\u00e4li tarvitse y\u00f6pymispaikkaa Heinolan seudulta, suosittelemme Holiday Club Vierum\u00e4ke\u00e4, joka sijaitsee vain n. 5 minuutin ajomatkan p\u00e4\u00e4ss\u00e4 Artomen tehtaalta.<\/p>\t\t\t\t\t\t\t\t<\/div>\n\t\t\t\t<\/div>\n\t\t\t\t<div class=\"elementor-element elementor-element-67954310 elementor-button-align-center elementor-widget elementor-widget-form\" data-id=\"67954310\" data-element_type=\"widget\" data-settings=\"{&quot;step_next_label&quot;:&quot;Next&quot;,&quot;step_previous_label&quot;:&quot;Previous&quot;,&quot;step_type&quot;:&quot;number_text&quot;,&quot;step_icon_shape&quot;:&quot;circle&quot;}\" data-widget_type=\"form.default\">\n\t\t\t\t<div class=\"elementor-widget-container\">\n\t\t\t\t\t\t\t<form class=\"elementor-form\" method=\"post\" name=\"Kailastalo form\" aria-label=\"Kailastalo form\">\n\t\t\t<input type=\"hidden\" name=\"post_id\" value=\"4954\"\/>\n\t\t\t<input type=\"hidden\" name=\"form_id\" value=\"67954310\"\/>\n\t\t\t<input type=\"hidden\" name=\"referer_title\" value=\"Hait kohdetta Pass Guaranteed 2023 High Hit-Rate C_GRCAC_13: Certified Application Associate - SAP Access Control 12.0 Test Sample Online \u25c0 Easily obtain \u3010 C_GRCAC_13 \u3011 for free download through \u27a0 www.pdfvce.com \ud83e\udc30 \ud83e\udd1aDump C_GRCAC_13 File. - Page 4 sur 8 - Artome\" \/>\n\n\t\t\t\n\t\t\t<div class=\"elementor-form-fields-wrapper elementor-labels-\">\n\t\t\t\t\t\t\t\t<div class=\"elementor-field-type-text elementor-field-group elementor-column elementor-field-group-field_db3d37f elementor-col-40 elementor-field-required\">\n\t\t\t\t\t\t\t\t\t\t\t\t<label for=\"form-field-field_db3d37f\" class=\"elementor-field-label elementor-screen-only\">\n\t\t\t\t\t\t\t\tEtunimi\t\t\t\t\t\t\t<\/label>\n\t\t\t\t\t\t\t\t\t\t\t\t\t\t<input size=\"1\" type=\"text\" name=\"form_fields[field_db3d37f]\" id=\"form-field-field_db3d37f\" class=\"elementor-field elementor-size-sm  elementor-field-textual\" placeholder=\"Etunimi\" required=\"required\">\n\t\t\t\t\t\t\t\t\t\t\t<\/div>\n\t\t\t\t\t\t\t\t<div class=\"elementor-field-type-text elementor-field-group elementor-column elementor-field-group-field_9627c4d elementor-col-40 elementor-field-required\">\n\t\t\t\t\t\t\t\t\t\t\t\t<label for=\"form-field-field_9627c4d\" class=\"elementor-field-label elementor-screen-only\">\n\t\t\t\t\t\t\t\tSukunimi\t\t\t\t\t\t\t<\/label>\n\t\t\t\t\t\t\t\t\t\t\t\t\t\t<input size=\"1\" type=\"text\" name=\"form_fields[field_9627c4d]\" id=\"form-field-field_9627c4d\" class=\"elementor-field elementor-size-sm  elementor-field-textual\" placeholder=\"Sukunimi\" required=\"required\">\n\t\t\t\t\t\t\t\t\t\t\t<\/div>\n\t\t\t\t\t\t\t\t<div class=\"elementor-field-type-email elementor-field-group elementor-column elementor-field-group-email elementor-col-80 elementor-field-required\">\n\t\t\t\t\t\t\t\t\t\t\t\t<label for=\"form-field-email\" class=\"elementor-field-label elementor-screen-only\">\n\t\t\t\t\t\t\t\tEmail\t\t\t\t\t\t\t<\/label>\n\t\t\t\t\t\t\t\t\t\t\t\t\t\t<input size=\"1\" type=\"email\" name=\"form_fields[email]\" id=\"form-field-email\" class=\"elementor-field elementor-size-sm  elementor-field-textual\" placeholder=\"S\u00e4hk\u00f6postiosoite\" required=\"required\">\n\t\t\t\t\t\t\t\t\t\t\t<\/div>\n\t\t\t\t\t\t\t\t<div class=\"elementor-field-type-text elementor-field-group elementor-column elementor-field-group-field_b1451e5 elementor-col-80\">\n\t\t\t\t\t\t\t\t\t\t\t\t<label for=\"form-field-field_b1451e5\" class=\"elementor-field-label elementor-screen-only\">\n\t\t\t\t\t\t\t\tOrganisaatio\t\t\t\t\t\t\t<\/label>\n\t\t\t\t\t\t\t\t\t\t\t\t\t\t<input size=\"1\" type=\"text\" name=\"form_fields[field_b1451e5]\" id=\"form-field-field_b1451e5\" class=\"elementor-field elementor-size-sm  elementor-field-textual\" placeholder=\"Organisaatio\">\n\t\t\t\t\t\t\t\t\t\t\t<\/div>\n\t\t\t\t\t\t\t\t<div class=\"elementor-field-type-text elementor-field-group elementor-column elementor-field-group-field_afed016 elementor-col-80\">\n\t\t\t\t\t\t\t\t\t\t\t\t<label for=\"form-field-field_afed016\" class=\"elementor-field-label elementor-screen-only\">\n\t\t\t\t\t\t\t\tErikoisruokavaliot\t\t\t\t\t\t\t<\/label>\n\t\t\t\t\t\t\t\t\t\t\t\t\t\t<input size=\"1\" type=\"text\" name=\"form_fields[field_afed016]\" id=\"form-field-field_afed016\" class=\"elementor-field elementor-size-sm  elementor-field-textual\" placeholder=\"Ruoka-aineallergiat, erikoisruokavaliot\">\n\t\t\t\t\t\t\t\t\t\t\t<\/div>\n\t\t\t\t\t\t\t\t<div class=\"elementor-field-group elementor-column elementor-field-type-submit elementor-col-100 e-form__buttons\">\n\t\t\t\t\t<button class=\"elementor-button elementor-size-sm\" type=\"submit\">\n\t\t\t\t\t\t<span class=\"elementor-button-content-wrapper\">\n\t\t\t\t\t\t\t\t\t\t\t\t\t\t\t\t\t\t\t\t\t\t<span class=\"elementor-button-text\">Ilmoittaudu<\/span>\n\t\t\t\t\t\t\t\t\t\t\t\t\t<\/span>\n\t\t\t\t\t<\/button>\n\t\t\t\t<\/div>\n\t\t\t<\/div>\n\t\t<\/form>\n\t\t\t\t\t\t<\/div>\n\t\t\t\t<\/div>\n\t\t\t\t<div class=\"elementor-element elementor-element-96be23b elementor-widget elementor-widget-text-editor\" data-id=\"96be23b\" data-element_type=\"widget\" data-widget_type=\"text-editor.default\">\n\t\t\t\t<div class=\"elementor-widget-container\">\n\t\t\t\t\t\t\t\t\t<p>Ilmoittautumalla tapahtumaan annat luvan Artomelle k\u00e4sitell\u00e4 henkil\u00f6tietojasi. Lue lis\u00e4\u00e4 tietosuojak\u00e4yt\u00e4nn\u00f6ist\u00e4mme <a href=\"https:\/\/artome.fi\/fi\/privacy-policy\">t\u00e4\u00e4lt\u00e4.<\/a><\/p>\t\t\t\t\t\t\t\t<\/div>\n\t\t\t\t<\/div>\n\t\t\t\t\t<\/div>\n\t\t<\/div>\n\t\t\t\t\t<\/div>\n\t\t<\/section>\n\t\t\t\t<section class=\"elementor-section elementor-top-section elementor-element elementor-element-37c75722 elementor-section-boxed elementor-section-height-default elementor-section-height-default\" data-id=\"37c75722\" data-element_type=\"section\">\n\t\t\t\t\t\t<div class=\"elementor-container elementor-column-gap-default\">\n\t\t\t\t\t<div class=\"elementor-column elementor-col-100 elementor-top-column elementor-element elementor-element-494717a1\" data-id=\"494717a1\" data-element_type=\"column\">\n\t\t\t<div class=\"elementor-widget-wrap elementor-element-populated\">\n\t\t\t\t\t\t\t<\/div>\n\t\t<\/div>\n\t\t\t\t\t<\/div>\n\t\t<\/section>\n\t\t\t\t<section class=\"elementor-section elementor-top-section elementor-element elementor-element-5689fbef elementor-section-boxed elementor-section-height-default elementor-section-height-default\" data-id=\"5689fbef\" data-element_type=\"section\">\n\t\t\t\t\t\t<div class=\"elementor-container elementor-column-gap-default\">\n\t\t\t\t\t<div class=\"elementor-column elementor-col-100 elementor-top-column elementor-element elementor-element-78dff445\" data-id=\"78dff445\" data-element_type=\"column\">\n\t\t\t<div class=\"elementor-widget-wrap elementor-element-populated\">\n\t\t\t\t\t\t\t<\/div>\n\t\t<\/div>\n\t\t\t\t\t<\/div>\n\t\t<\/section>\n\t\t\t\t<\/div>\n\t\t","protected":false},"excerpt":{"rendered":"<p>Artome goes Kailastalo Olet l\u00e4mpim\u00e4sti tervetullut kanssamme 6.6.2023 vierailulle vastavalmistuneeseen Kailastaloon Heinolaan. Kailastalo on moderni kouluymp\u00e4rist\u00f6, joka koostuu oppimissoluista ja jotka palvelevat erilaisten oppijoiden tarpeita. Rakennuksessa sijaitsevat sek\u00e4 alakoulu (Kailaan koulu) ja p\u00e4iv\u00e4koti. T\u00e4m\u00e4n lis\u00e4ksi Kailastalon liikuntasali palvelee koko aluetta. Jo suunnitteluvaiheessa arkkitehtitoimisto sijoitti tiloihin Artomen siirrett\u00e4vi\u00e4 audiovisuaalisia kalusteita, jotka mahdollistavat joustavien tilojen maksimaalisen hy\u00f6dynt\u00e4misen. [&hellip;]<\/p>\n","protected":false},"author":1,"featured_media":0,"parent":0,"menu_order":0,"comment_status":"closed","ping_status":"closed","template":"elementor_header_footer","meta":{"om_disable_all_campaigns":false,"_monsterinsights_skip_tracking":false,"_monsterinsights_sitenote_active":false,"_monsterinsights_sitenote_note":"","_monsterinsights_sitenote_category":0,"_uf_show_specific_survey":0,"_uf_disable_surveys":false,"footnotes":""},"class_list":["post-4954","page","type-page","status-publish","hentry"],"blocksy_meta":{"styles_descriptor":{"styles":{"desktop":"","tablet":"","mobile":""},"google_fonts":[],"version":6}},"aioseo_notices":[],"yoast_head":"<!-- This site is optimized with the Yoast SEO Premium plugin v23.2 (Yoast SEO v26.3) - https:\/\/yoast.com\/wordpress\/plugins\/seo\/ -->\n<title>ilmoittaudu_kailastalo - Artome<\/title>\n<meta name=\"robots\" content=\"index, follow, max-snippet:-1, max-image-preview:large, max-video-preview:-1\" \/>\n<link rel=\"canonical\" href=\"https:\/\/artome.fi\/de\/register_kailastalo\/\" \/>\n<meta property=\"og:locale\" content=\"de_DE\" \/>\n<meta property=\"og:type\" content=\"article\" \/>\n<meta property=\"og:title\" content=\"ilmoittaudu_kailastalo\" \/>\n<meta property=\"og:description\" content=\"Artome goes Kailastalo Olet l\u00e4mpim\u00e4sti tervetullut kanssamme 6.6.2023 vierailulle vastavalmistuneeseen Kailastaloon Heinolaan. Kailastalo on moderni kouluymp\u00e4rist\u00f6, joka koostuu oppimissoluista ja jotka palvelevat erilaisten oppijoiden tarpeita. Rakennuksessa sijaitsevat sek\u00e4 alakoulu (Kailaan koulu) ja p\u00e4iv\u00e4koti. T\u00e4m\u00e4n lis\u00e4ksi Kailastalon liikuntasali palvelee koko aluetta. Jo suunnitteluvaiheessa arkkitehtitoimisto sijoitti tiloihin Artomen siirrett\u00e4vi\u00e4 audiovisuaalisia kalusteita, jotka mahdollistavat joustavien tilojen maksimaalisen hy\u00f6dynt\u00e4misen. [&hellip;]\" \/>\n<meta property=\"og:url\" content=\"https:\/\/artome.fi\/de\/register_kailastalo\/\" \/>\n<meta property=\"og:site_name\" content=\"Artome\" \/>\n<meta property=\"article:modified_time\" content=\"2023-05-24T07:09:45+00:00\" \/>\n<meta name=\"twitter:card\" content=\"summary_large_image\" \/>\n<meta name=\"twitter:label1\" content=\"Gesch\u00e4tzte Lesezeit\" \/>\n\t<meta name=\"twitter:data1\" content=\"1\u00a0Minute\" \/>\n<script type=\"application\/ld+json\" class=\"yoast-schema-graph\">{\"@context\":\"https:\/\/schema.org\",\"@graph\":[{\"@type\":\"WebPage\",\"@id\":\"https:\/\/artome.fi\/it\/register_kailastalo\/\",\"url\":\"https:\/\/artome.fi\/it\/register_kailastalo\/\",\"name\":\"ilmoittaudu_kailastalo - Artome\",\"isPartOf\":{\"@id\":\"https:\/\/artome.fi\/en\/#website\"},\"datePublished\":\"2023-04-25T08:17:22+00:00\",\"dateModified\":\"2023-05-24T07:09:45+00:00\",\"breadcrumb\":{\"@id\":\"https:\/\/artome.fi\/it\/register_kailastalo\/#breadcrumb\"},\"inLanguage\":\"de\",\"potentialAction\":[{\"@type\":\"ReadAction\",\"target\":[\"https:\/\/artome.fi\/it\/register_kailastalo\/\"]}]},{\"@type\":\"BreadcrumbList\",\"@id\":\"https:\/\/artome.fi\/it\/register_kailastalo\/#breadcrumb\",\"itemListElement\":[{\"@type\":\"ListItem\",\"position\":1,\"name\":\"Etusivu\",\"item\":\"https:\/\/artome.fi\/en\/\"},{\"@type\":\"ListItem\",\"position\":2,\"name\":\"ilmoittaudu_kailastalo\"}]},{\"@type\":\"WebSite\",\"@id\":\"https:\/\/artome.fi\/en\/#website\",\"url\":\"https:\/\/artome.fi\/en\/\",\"name\":\"Artome\",\"description\":\"Redesigning audiovisual with smart furniture\",\"publisher\":{\"@id\":\"https:\/\/artome.fi\/en\/#organization\"},\"potentialAction\":[{\"@type\":\"SearchAction\",\"target\":{\"@type\":\"EntryPoint\",\"urlTemplate\":\"https:\/\/artome.fi\/en\/?s={search_term_string}\"},\"query-input\":{\"@type\":\"PropertyValueSpecification\",\"valueRequired\":true,\"valueName\":\"search_term_string\"}}],\"inLanguage\":\"de\"},{\"@type\":\"Organization\",\"@id\":\"https:\/\/artome.fi\/en\/#organization\",\"name\":\"Artome\",\"url\":\"https:\/\/artome.fi\/en\/\",\"logo\":{\"@type\":\"ImageObject\",\"inLanguage\":\"de\",\"@id\":\"https:\/\/artome.fi\/en\/#\/schema\/logo\/image\/\",\"url\":\"https:\/\/artome.fi\/wp-content\/uploads\/2022\/02\/artome_logo_black.png\",\"contentUrl\":\"https:\/\/artome.fi\/wp-content\/uploads\/2022\/02\/artome_logo_black.png\",\"width\":1280,\"height\":496,\"caption\":\"Artome\"},\"image\":{\"@id\":\"https:\/\/artome.fi\/en\/#\/schema\/logo\/image\/\"}}]}<\/script>\n<!-- \/ Yoast SEO Premium plugin. -->","yoast_head_json":{"title":"register_kailastalo \u2013 Artome","robots":{"index":"index","follow":"follow","max-snippet":"max-snippet:-1","max-image-preview":"max-image-preview:large","max-video-preview":"max-video-preview:-1"},"canonical":"https:\/\/artome.fi\/de\/register_kailastalo\/","og_locale":"de_DE","og_type":"article","og_title":"ilmoittaudu_kailastalo","og_description":"Artome goes Kailastalo Olet l\u00e4mpim\u00e4sti tervetullut kanssamme 6.6.2023 vierailulle vastavalmistuneeseen Kailastaloon Heinolaan. Kailastalo on moderni kouluymp\u00e4rist\u00f6, joka koostuu oppimissoluista ja jotka palvelevat erilaisten oppijoiden tarpeita. Rakennuksessa sijaitsevat sek\u00e4 alakoulu (Kailaan koulu) ja p\u00e4iv\u00e4koti. T\u00e4m\u00e4n lis\u00e4ksi Kailastalon liikuntasali palvelee koko aluetta. Jo suunnitteluvaiheessa arkkitehtitoimisto sijoitti tiloihin Artomen siirrett\u00e4vi\u00e4 audiovisuaalisia kalusteita, jotka mahdollistavat joustavien tilojen maksimaalisen hy\u00f6dynt\u00e4misen. [&hellip;]","og_url":"https:\/\/artome.fi\/de\/register_kailastalo\/","og_site_name":"Artome","article_modified_time":"2023-05-24T07:09:45+00:00","twitter_card":"summary_large_image","twitter_misc":{"Gesch\u00e4tzte Lesezeit":"1\u00a0Minute"},"schema":{"@context":"https:\/\/schema.org","@graph":[{"@type":"WebPage","@id":"https:\/\/artome.fi\/it\/register_kailastalo\/","url":"https:\/\/artome.fi\/it\/register_kailastalo\/","name":"register_kailastalo \u2013 Artome","isPartOf":{"@id":"https:\/\/artome.fi\/en\/#website"},"datePublished":"2023-04-25T08:17:22+00:00","dateModified":"2023-05-24T07:09:45+00:00","breadcrumb":{"@id":"https:\/\/artome.fi\/it\/register_kailastalo\/#breadcrumb"},"inLanguage":"de","potentialAction":[{"@type":"ReadAction","target":["https:\/\/artome.fi\/it\/register_kailastalo\/"]}]},{"@type":"BreadcrumbList","@id":"https:\/\/artome.fi\/it\/register_kailastalo\/#breadcrumb","itemListElement":[{"@type":"ListItem","position":1,"name":"Etusivu","item":"https:\/\/artome.fi\/en\/"},{"@type":"ListItem","position":2,"name":"ilmoittaudu_kailastalo"}]},{"@type":"WebSite","@id":"https:\/\/artome.fi\/en\/#website","url":"https:\/\/artome.fi\/en\/","name":"Artome","description":"Neugestaltung audiovisueller Medien mit intelligenten M\u00f6beln","publisher":{"@id":"https:\/\/artome.fi\/en\/#organization"},"potentialAction":[{"@type":"SearchAction","target":{"@type":"EntryPoint","urlTemplate":"https:\/\/artome.fi\/en\/?s={search_term_string}"},"query-input":{"@type":"PropertyValueSpecification","valueRequired":true,"valueName":"search_term_string"}}],"inLanguage":"de"},{"@type":"Organization","@id":"https:\/\/artome.fi\/en\/#organization","name":"Artome","url":"https:\/\/artome.fi\/en\/","logo":{"@type":"ImageObject","inLanguage":"de","@id":"https:\/\/artome.fi\/en\/#\/schema\/logo\/image\/","url":"https:\/\/artome.fi\/wp-content\/uploads\/2022\/02\/artome_logo_black.png","contentUrl":"https:\/\/artome.fi\/wp-content\/uploads\/2022\/02\/artome_logo_black.png","width":1280,"height":496,"caption":"Artome"},"image":{"@id":"https:\/\/artome.fi\/en\/#\/schema\/logo\/image\/"}}]}},"_links":{"self":[{"href":"https:\/\/artome.fi\/de\/wp-json\/wp\/v2\/pages\/4954","targetHints":{"allow":["GET"]}}],"collection":[{"href":"https:\/\/artome.fi\/de\/wp-json\/wp\/v2\/pages"}],"about":[{"href":"https:\/\/artome.fi\/de\/wp-json\/wp\/v2\/types\/page"}],"author":[{"embeddable":true,"href":"https:\/\/artome.fi\/de\/wp-json\/wp\/v2\/users\/1"}],"replies":[{"embeddable":true,"href":"https:\/\/artome.fi\/de\/wp-json\/wp\/v2\/comments?post=4954"}],"version-history":[{"count":45,"href":"https:\/\/artome.fi\/de\/wp-json\/wp\/v2\/pages\/4954\/revisions"}],"predecessor-version":[{"id":5100,"href":"https:\/\/artome.fi\/de\/wp-json\/wp\/v2\/pages\/4954\/revisions\/5100"}],"wp:attachment":[{"href":"https:\/\/artome.fi\/de\/wp-json\/wp\/v2\/media?parent=4954"}],"curies":[{"name":"wp","href":"https:\/\/api.w.org\/{rel}","templated":true}]}}