{"id":6629,"date":"2023-11-10T07:30:52","date_gmt":"2023-11-10T07:30:52","guid":{"rendered":"https:\/\/artome.fi\/?page_id=6629"},"modified":"2023-11-13T07:39:35","modified_gmt":"2023-11-13T07:39:35","slug":"the-big-picture-in-learning","status":"publish","type":"page","link":"https:\/\/artome.fi\/de\/das-grose-ganze-beim-lernen\/","title":{"rendered":"Das gro\u00dfe Ganze beim Lernen"},"content":{"rendered":"<div data-elementor-type=\"wp-page\" data-elementor-id=\"6629\" class=\"elementor elementor-6629\" data-elementor-post-type=\"page\">\n\t\t\t\t\t\t<section class=\"elementor-section elementor-top-section elementor-element elementor-element-3b7ab80 elementor-section-full_width elementor-section-content-middle elementor-reverse-mobile elementor-section-height-default elementor-section-height-default\" data-id=\"3b7ab80\" data-element_type=\"section\" data-settings=\"{&quot;background_background&quot;:&quot;classic&quot;}\">\n\t\t\t\t\t\t<div class=\"elementor-container elementor-column-gap-no\">\n\t\t\t\t\t<div class=\"elementor-column elementor-col-50 elementor-top-column elementor-element elementor-element-092de14\" data-id=\"092de14\" data-element_type=\"column\" data-settings=\"{&quot;background_background&quot;:&quot;gradient&quot;}\">\n\t\t\t<div class=\"elementor-widget-wrap elementor-element-populated\">\n\t\t\t\t\t\t<div class=\"elementor-element elementor-element-63faa2d elementor-widget elementor-widget-heading\" data-id=\"63faa2d\" data-element_type=\"widget\" data-widget_type=\"heading.default\">\n\t\t\t\t<div class=\"elementor-widget-container\">\n\t\t\t\t\t<h5 class=\"elementor-heading-title elementor-size-default\">Raumfl\u00e4chen optimal ausnutzen<\/h5>\t\t\t\t<\/div>\n\t\t\t\t<\/div>\n\t\t\t\t<div class=\"elementor-element elementor-element-db9d476 elementor-widget-mobile__width-initial elementor-widget elementor-widget-heading\" data-id=\"db9d476\" data-element_type=\"widget\" data-widget_type=\"heading.default\">\n\t\t\t\t<div class=\"elementor-widget-container\">\n\t\t\t\t\t<h2 class=\"elementor-heading-title elementor-size-default\">In der Welt der Bilder ist Gr\u00f6\u00dfe wesentlich<\/h2>\t\t\t\t<\/div>\n\t\t\t\t<\/div>\n\t\t\t\t\t<\/div>\n\t\t<\/div>\n\t\t\t\t<div class=\"elementor-column elementor-col-50 elementor-top-column elementor-element elementor-element-42d4a85\" data-id=\"42d4a85\" data-element_type=\"column\" data-settings=\"{&quot;background_background&quot;:&quot;classic&quot;}\">\n\t\t\t<div class=\"elementor-widget-wrap elementor-element-populated\">\n\t\t\t\t\t\t<div class=\"elementor-element elementor-element-6a1c493 elementor-widget elementor-widget-video\" data-id=\"6a1c493\" data-element_type=\"widget\" data-settings=\"{&quot;video_type&quot;:&quot;hosted&quot;,&quot;autoplay&quot;:&quot;yes&quot;,&quot;play_on_mobile&quot;:&quot;yes&quot;,&quot;mute&quot;:&quot;yes&quot;,&quot;loop&quot;:&quot;yes&quot;}\" data-widget_type=\"video.default\">\n\t\t\t\t<div class=\"elementor-widget-container\">\n\t\t\t\t\t\t\t<div class=\"e-hosted-video elementor-wrapper elementor-open-inline\">\n\t\t\t\t\t<video class=\"elementor-video\" src=\"https:\/\/artome.fi\/wp-content\/uploads\/2023\/08\/Education-1_1-opti.mp4\" autoplay=\"\" loop=\"\" muted=\"muted\" playsinline=\"\"><\/video>\n\t\t\t\t<\/div>\n\t\t\t\t\t\t<\/div>\n\t\t\t\t<\/div>\n\t\t\t\t\t<\/div>\n\t\t<\/div>\n\t\t\t\t\t<\/div>\n\t\t<\/section>\n\t\t\t\t<section class=\"elementor-section elementor-top-section elementor-element elementor-element-188495c elementor-section-boxed elementor-section-height-default elementor-section-height-default\" data-id=\"188495c\" data-element_type=\"section\">\n\t\t\t\t\t\t<div class=\"elementor-container elementor-column-gap-default\">\n\t\t\t\t\t<div class=\"elementor-column elementor-col-100 elementor-top-column elementor-element elementor-element-73175e1\" data-id=\"73175e1\" data-element_type=\"column\">\n\t\t\t<div class=\"elementor-widget-wrap elementor-element-populated\">\n\t\t\t\t\t\t<div class=\"elementor-element elementor-element-04150fe elementor-widget elementor-widget-text-editor\" data-id=\"04150fe\" data-element_type=\"widget\" data-widget_type=\"text-editor.default\">\n\t\t\t\t<div class=\"elementor-widget-container\">\n\t\t\t\t\t\t\t\t\t<p>Der Schl\u00fcssel zu unvergesslichen Lernerlebnissen liegt im sorgf\u00e4ltig ausgew\u00e4hlten Lehrmaterial der Lehrkr\u00e4fte. Durch den Einsatz anpassungsf\u00e4higer und benutzerfreundlicher audiovisueller Technologien verwandelt sich das Klassenzimmer in eine dynamische Lernumgebung, die der Vorstellungskraft freien Lauf l\u00e4\u00dft. Mit einer gro\u00dfformatigen Bildfl\u00e4che die selbst vom hintersten Teil des Klassenzimmers aus klar sichtbar ist, wird jeder Platz zum besten Platz.<br><\/p>\t\t\t\t\t\t\t\t<\/div>\n\t\t\t\t<\/div>\n\t\t\t\t<div class=\"elementor-element elementor-element-21383ac elementor-widget elementor-widget-text-editor\" data-id=\"21383ac\" data-element_type=\"widget\" data-widget_type=\"text-editor.default\">\n\t\t\t\t<div class=\"elementor-widget-container\">\n\t\t\t\t\t\t\t\t\t<p><b><span data-contrast=\"auto\">Forschungsergebnisse haben gezeigt, dass 58% der Sch\u00fcler nicht alle wiedergegebenen Inhalte auf einem 70-Zoll-Flachbildschirm lesen k\u00f6nnen<\/span><\/b><span data-ccp-props=\"{&quot;201341983&quot;:0,&quot;335559739&quot;:160,&quot;335559740&quot;:259}\">\u00a0<\/span><\/p><p><span data-contrast=\"auto\">Versuch auf einem f\u00fchrenden Herstellerger\u00e4t mit 70 Zoll Flachbildschirm und 4K-Aufl\u00f6sung, abgehalten in einem Klassenzimmer mit 7 mal 8 Metern. Als Sch\u00fcler gebeten wurden, sechs kurze Informationspunkte von der angezeigten Bildfolie abzuschreiben, schrieben 58% der Sch\u00fcler im Alter von 12-22 Jahren mindestens einen Punkt falsch nieder. Basierend auf einer Studie von Radius Research (USA).\u00a0<br \/>Mehr \u00fcber die Studie erfahren Sie auf der Webseite unseres Partners Epson <a href=\"https:\/\/epson.com\/choosing-school-projectors-display-size-vs-flat-screens\">hier<\/a>.<\/span><\/p>\t\t\t\t\t\t\t\t<\/div>\n\t\t\t\t<\/div>\n\t\t\t\t<div class=\"elementor-element elementor-element-064a34a elementor-widget elementor-widget-image\" data-id=\"064a34a\" data-element_type=\"widget\" data-widget_type=\"image.default\">\n\t\t\t\t<div class=\"elementor-widget-container\">\n\t\t\t\t\t\t\t\t\t\t\t\t\t\t\t<img fetchpriority=\"high\" decoding=\"async\" width=\"1024\" height=\"201\" src=\"https:\/\/artome.fi\/wp-content\/uploads\/2023\/11\/area-1024x201.png\" class=\"attachment-large size-large wp-image-6632\" alt=\"\" srcset=\"https:\/\/artome.fi\/wp-content\/uploads\/2023\/11\/area-1024x201.png 1024w, https:\/\/artome.fi\/wp-content\/uploads\/2023\/11\/area-300x59.png 300w, https:\/\/artome.fi\/wp-content\/uploads\/2023\/11\/area-768x150.png 768w, https:\/\/artome.fi\/wp-content\/uploads\/2023\/11\/area-18x4.png 18w, https:\/\/artome.fi\/wp-content\/uploads\/2023\/11\/area.png 1200w\" sizes=\"(max-width: 1024px) 100vw, 1024px\" \/>\t\t\t\t\t\t\t\t\t\t\t\t\t\t\t<\/div>\n\t\t\t\t<\/div>\n\t\t\t\t<div class=\"elementor-element elementor-element-c972574 elementor-widget elementor-widget-text-editor\" data-id=\"c972574\" data-element_type=\"widget\" data-widget_type=\"text-editor.default\">\n\t\t\t\t<div class=\"elementor-widget-container\">\n\t\t\t\t\t\t\t\t\t<p><b><span data-contrast=\"none\">Besseres Lernen durch die 4\/6\/8-Regel\u00a0<\/span><\/b><span data-ccp-props=\"{&quot;201341983&quot;:0,&quot;335559739&quot;:160,&quot;335559740&quot;:259}\">\u00a0<\/span><\/p><p><span data-contrast=\"auto\">Wenn audiovisuelle (AV) Systeme installiert werden, wird als g\u00e4ngige Norm zur Bestimmung der Bildschirmgr\u00f6\u00dfe die 4\/6\/8-Regel angewendet.<\/span><span data-ccp-props=\"{&quot;201341983&quot;:0,&quot;335559739&quot;:160,&quot;335559740&quot;:259}\">\u00a0<\/span><\/p><p><span data-contrast=\"auto\">Diese Regel besagt, dass die ideale Betrachtungsentfernung f\u00fcr unterschiedliche Anwendungen das x-fache der Bildschirmh\u00f6he betragen sollte, n\u00e4mlich f\u00fcr analytische Betrachtung das Vierfache, f\u00fcr normale Pr\u00e4sentationen das Sechsfache und f\u00fcr rein passive Unterhaltung das Achtfache.<\/span><\/p>\t\t\t\t\t\t\t\t<\/div>\n\t\t\t\t<\/div>\n\t\t\t\t\t<\/div>\n\t\t<\/div>\n\t\t\t\t\t<\/div>\n\t\t<\/section>\n\t\t\t\t<section class=\"elementor-section elementor-top-section elementor-element elementor-element-f310058 elementor-section-boxed elementor-section-height-default elementor-section-height-default\" data-id=\"f310058\" data-element_type=\"section\">\n\t\t\t\t\t\t<div class=\"elementor-container elementor-column-gap-default\">\n\t\t\t\t\t<div class=\"elementor-column elementor-col-100 elementor-top-column elementor-element elementor-element-12e5b78\" data-id=\"12e5b78\" data-element_type=\"column\">\n\t\t\t<div class=\"elementor-widget-wrap elementor-element-populated\">\n\t\t\t\t\t\t<div class=\"elementor-element elementor-element-ebb44ec elementor-widget elementor-widget-text-editor\" data-id=\"ebb44ec\" data-element_type=\"widget\" data-widget_type=\"text-editor.default\">\n\t\t\t\t<div class=\"elementor-widget-container\">\n\t\t\t\t\t\t\t\t\t<p><b><span data-contrast=\"none\">Je gr\u00f6\u00dfer das Bild, desto verst\u00e4ndlicher die Information f\u00fcr alle im Raum<\/span><\/b><\/p><p class=\"translation-block\">Durch klarem Klang und gro\u00dfem Bild, welche auch von den letzten Reihen aus gut sichtbar und h\u00f6rbar sind, werden mittels Technik Herausforderungen \u00fcberwunden und dem Lehrer die M\u00f6glichkeit gegeben, Videos, Diagramme und gemeinsame Leinw\u00e4nde zu teilen. \n<br>Artome passt sich leicht den t\u00e4glichen Gegebenheiten im Unterricht an, egal ob Sie nach einem neuen Erstger\u00e4t suchen oder Ihr bestehenden Ger\u00e4t duch ein zuverl\u00e4ssiges Zweitger\u00e4t abichern wollen, der im Fall der Fl\u00e4lle den Tag zu retten vermag, da er \u00fcberall in einer Minute aufgebaut werden kann \u2013 der Artome S1 ist Ihre perfekte Audio-Visuelle L\u00f6sung.<\/p>\t\t\t\t\t\t\t\t<\/div>\n\t\t\t\t<\/div>\n\t\t\t\t\t<\/div>\n\t\t<\/div>\n\t\t\t\t\t<\/div>\n\t\t<\/section>\n\t\t\t\t<section class=\"elementor-section elementor-top-section elementor-element elementor-element-faf54cb elementor-section-boxed elementor-section-height-default elementor-section-height-default\" data-id=\"faf54cb\" data-element_type=\"section\">\n\t\t\t\t\t\t<div class=\"elementor-container elementor-column-gap-default\">\n\t\t\t\t\t<div class=\"elementor-column elementor-col-100 elementor-top-column elementor-element elementor-element-51fe3b7\" data-id=\"51fe3b7\" data-element_type=\"column\">\n\t\t\t<div class=\"elementor-widget-wrap elementor-element-populated\">\n\t\t\t\t\t\t<div class=\"elementor-element elementor-element-db24fad elementor-align-center elementor-mobile-align-center elementor-widget elementor-widget-button\" data-id=\"db24fad\" data-element_type=\"widget\" data-widget_type=\"button.default\">\n\t\t\t\t<div class=\"elementor-widget-container\">\n\t\t\t\t\t\t\t\t\t<div class=\"elementor-button-wrapper\">\n\t\t\t\t\t<a class=\"elementor-button elementor-button-link elementor-size-sm\" href=\"https:\/\/artome.fi\/de\/demo-anfordern\/\">\n\t\t\t\t\t\t<span class=\"elementor-button-content-wrapper\">\n\t\t\t\t\t\t\t\t\t<span class=\"elementor-button-text\">Vorf\u00fchrung - Hier Klicken<\/span>\n\t\t\t\t\t<\/span>\n\t\t\t\t\t<\/a>\n\t\t\t\t<\/div>\n\t\t\t\t\t\t\t\t<\/div>\n\t\t\t\t<\/div>\n\t\t\t\t\t<\/div>\n\t\t<\/div>\n\t\t\t\t\t<\/div>\n\t\t<\/section>\n\t\t\t\t<\/div>","protected":false},"excerpt":{"rendered":"<p>Vapauta tilojen potentiaali Oppimisessa suurella kuvalla on v\u00e4li\u00e4 https:\/\/artome.fi\/wp-content\/uploads\/2023\/08\/Education-1_1-opti.mp4 Opettajan parhaat kumppanit mukaansatempaavan oppimiskokemuksen luomisessa ovat luokassa k\u00e4ytett\u00e4v\u00e4t opetusmateriaalit. Joustava ja helppok\u00e4ytt\u00f6inen audiovisuaalinen teknologia mahdollistaa luokkahuoneen muuntamisen tilaksi, jossa mielikuvitus p\u00e4\u00e4see valloilleen. Suuren kuvan ansiosta esitett\u00e4v\u00e4 sis\u00e4lt\u00f6 on helposti n\u00e4ht\u00e4viss\u00e4 my\u00f6s luokan takaosasta, joten jokainen paikka tuntuu, kuin istuisi eturivill\u00e4. Tutkimus osoittaa, ett\u00e4 58 % [&hellip;]<\/p>\n","protected":false},"author":1,"featured_media":0,"parent":0,"menu_order":0,"comment_status":"closed","ping_status":"closed","template":"elementor_header_footer","meta":{"om_disable_all_campaigns":false,"_monsterinsights_skip_tracking":false,"_monsterinsights_sitenote_active":false,"_monsterinsights_sitenote_note":"","_monsterinsights_sitenote_category":0,"_uf_show_specific_survey":0,"_uf_disable_surveys":false,"footnotes":""},"class_list":["post-6629","page","type-page","status-publish","hentry"],"blocksy_meta":[],"aioseo_notices":[],"yoast_head":"<!-- This site is optimized with the Yoast SEO Premium plugin v23.2 (Yoast SEO v26.3) - https:\/\/yoast.com\/wordpress\/plugins\/seo\/ -->\n<title>The big picture in learning - Artome<\/title>\n<meta name=\"robots\" content=\"index, follow, max-snippet:-1, max-image-preview:large, max-video-preview:-1\" \/>\n<link rel=\"canonical\" href=\"https:\/\/artome.fi\/de\/das-grose-ganze-beim-lernen\/\" \/>\n<meta property=\"og:locale\" content=\"de_DE\" \/>\n<meta property=\"og:type\" content=\"article\" \/>\n<meta property=\"og:title\" content=\"The big picture in learning\" \/>\n<meta property=\"og:description\" content=\"Vapauta tilojen potentiaali Oppimisessa suurella kuvalla on v\u00e4li\u00e4 https:\/\/artome.fi\/wp-content\/uploads\/2023\/08\/Education-1_1-opti.mp4 Opettajan parhaat kumppanit mukaansatempaavan oppimiskokemuksen luomisessa ovat luokassa k\u00e4ytett\u00e4v\u00e4t opetusmateriaalit. Joustava ja helppok\u00e4ytt\u00f6inen audiovisuaalinen teknologia mahdollistaa luokkahuoneen muuntamisen tilaksi, jossa mielikuvitus p\u00e4\u00e4see valloilleen. Suuren kuvan ansiosta esitett\u00e4v\u00e4 sis\u00e4lt\u00f6 on helposti n\u00e4ht\u00e4viss\u00e4 my\u00f6s luokan takaosasta, joten jokainen paikka tuntuu, kuin istuisi eturivill\u00e4. Tutkimus osoittaa, ett\u00e4 58 % [&hellip;]\" \/>\n<meta property=\"og:url\" content=\"https:\/\/artome.fi\/de\/das-grose-ganze-beim-lernen\/\" \/>\n<meta property=\"og:site_name\" content=\"Artome\" \/>\n<meta property=\"article:modified_time\" content=\"2023-11-13T07:39:35+00:00\" \/>\n<meta property=\"og:image\" content=\"https:\/\/artome.fi\/wp-content\/uploads\/2023\/11\/area-1024x201.png\" \/>\n<meta name=\"twitter:card\" content=\"summary_large_image\" \/>\n<meta name=\"twitter:label1\" content=\"Gesch\u00e4tzte Lesezeit\" \/>\n\t<meta name=\"twitter:data1\" content=\"2\u00a0Minuten\" \/>\n<script type=\"application\/ld+json\" class=\"yoast-schema-graph\">{\"@context\":\"https:\/\/schema.org\",\"@graph\":[{\"@type\":\"WebPage\",\"@id\":\"https:\/\/artome.fi\/fi\/the-big-picture-in-learning\/\",\"url\":\"https:\/\/artome.fi\/fi\/the-big-picture-in-learning\/\",\"name\":\"The big picture in learning - Artome\",\"isPartOf\":{\"@id\":\"https:\/\/artome.fi\/en\/#website\"},\"primaryImageOfPage\":{\"@id\":\"https:\/\/artome.fi\/fi\/the-big-picture-in-learning\/#primaryimage\"},\"image\":{\"@id\":\"https:\/\/artome.fi\/fi\/the-big-picture-in-learning\/#primaryimage\"},\"thumbnailUrl\":\"https:\/\/artome.fi\/wp-content\/uploads\/2023\/11\/area-1024x201.png\",\"datePublished\":\"2023-11-10T07:30:52+00:00\",\"dateModified\":\"2023-11-13T07:39:35+00:00\",\"breadcrumb\":{\"@id\":\"https:\/\/artome.fi\/fi\/the-big-picture-in-learning\/#breadcrumb\"},\"inLanguage\":\"de\",\"potentialAction\":[{\"@type\":\"ReadAction\",\"target\":[\"https:\/\/artome.fi\/fi\/the-big-picture-in-learning\/\"]}]},{\"@type\":\"ImageObject\",\"inLanguage\":\"de\",\"@id\":\"https:\/\/artome.fi\/fi\/the-big-picture-in-learning\/#primaryimage\",\"url\":\"https:\/\/artome.fi\/wp-content\/uploads\/2023\/11\/area-1024x201.png\",\"contentUrl\":\"https:\/\/artome.fi\/wp-content\/uploads\/2023\/11\/area-1024x201.png\"},{\"@type\":\"BreadcrumbList\",\"@id\":\"https:\/\/artome.fi\/fi\/the-big-picture-in-learning\/#breadcrumb\",\"itemListElement\":[{\"@type\":\"ListItem\",\"position\":1,\"name\":\"Etusivu\",\"item\":\"https:\/\/artome.fi\/en\/\"},{\"@type\":\"ListItem\",\"position\":2,\"name\":\"The big picture in learning\"}]},{\"@type\":\"WebSite\",\"@id\":\"https:\/\/artome.fi\/en\/#website\",\"url\":\"https:\/\/artome.fi\/en\/\",\"name\":\"Artome\",\"description\":\"Redesigning audiovisual with smart furniture\",\"publisher\":{\"@id\":\"https:\/\/artome.fi\/en\/#organization\"},\"potentialAction\":[{\"@type\":\"SearchAction\",\"target\":{\"@type\":\"EntryPoint\",\"urlTemplate\":\"https:\/\/artome.fi\/en\/?s={search_term_string}\"},\"query-input\":{\"@type\":\"PropertyValueSpecification\",\"valueRequired\":true,\"valueName\":\"search_term_string\"}}],\"inLanguage\":\"de\"},{\"@type\":\"Organization\",\"@id\":\"https:\/\/artome.fi\/en\/#organization\",\"name\":\"Artome\",\"url\":\"https:\/\/artome.fi\/en\/\",\"logo\":{\"@type\":\"ImageObject\",\"inLanguage\":\"de\",\"@id\":\"https:\/\/artome.fi\/en\/#\/schema\/logo\/image\/\",\"url\":\"https:\/\/artome.fi\/wp-content\/uploads\/2022\/02\/artome_logo_black.png\",\"contentUrl\":\"https:\/\/artome.fi\/wp-content\/uploads\/2022\/02\/artome_logo_black.png\",\"width\":1280,\"height\":496,\"caption\":\"Artome\"},\"image\":{\"@id\":\"https:\/\/artome.fi\/en\/#\/schema\/logo\/image\/\"}}]}<\/script>\n<!-- \/ Yoast SEO Premium plugin. -->","yoast_head_json":{"title":"Das gro\u00dfe Ganze beim Lernen \u2013 Artome","robots":{"index":"index","follow":"follow","max-snippet":"max-snippet:-1","max-image-preview":"max-image-preview:large","max-video-preview":"max-video-preview:-1"},"canonical":"https:\/\/artome.fi\/de\/das-grose-ganze-beim-lernen\/","og_locale":"de_DE","og_type":"article","og_title":"The big picture in learning","og_description":"Vapauta tilojen potentiaali Oppimisessa suurella kuvalla on v\u00e4li\u00e4 https:\/\/artome.fi\/wp-content\/uploads\/2023\/08\/Education-1_1-opti.mp4 Opettajan parhaat kumppanit mukaansatempaavan oppimiskokemuksen luomisessa ovat luokassa k\u00e4ytett\u00e4v\u00e4t opetusmateriaalit. Joustava ja helppok\u00e4ytt\u00f6inen audiovisuaalinen teknologia mahdollistaa luokkahuoneen muuntamisen tilaksi, jossa mielikuvitus p\u00e4\u00e4see valloilleen. Suuren kuvan ansiosta esitett\u00e4v\u00e4 sis\u00e4lt\u00f6 on helposti n\u00e4ht\u00e4viss\u00e4 my\u00f6s luokan takaosasta, joten jokainen paikka tuntuu, kuin istuisi eturivill\u00e4. Tutkimus osoittaa, ett\u00e4 58 % [&hellip;]","og_url":"https:\/\/artome.fi\/de\/das-grose-ganze-beim-lernen\/","og_site_name":"Artome","article_modified_time":"2023-11-13T07:39:35+00:00","og_image":[{"url":"https:\/\/artome.fi\/wp-content\/uploads\/2023\/11\/area-1024x201.png","type":"","width":"","height":""}],"twitter_card":"summary_large_image","twitter_misc":{"Gesch\u00e4tzte Lesezeit":"2\u00a0Minuten"},"schema":{"@context":"https:\/\/schema.org","@graph":[{"@type":"WebPage","@id":"https:\/\/artome.fi\/fi\/the-big-picture-in-learning\/","url":"https:\/\/artome.fi\/fi\/the-big-picture-in-learning\/","name":"Das gro\u00dfe Ganze beim Lernen \u2013 Artome","isPartOf":{"@id":"https:\/\/artome.fi\/en\/#website"},"primaryImageOfPage":{"@id":"https:\/\/artome.fi\/fi\/the-big-picture-in-learning\/#primaryimage"},"image":{"@id":"https:\/\/artome.fi\/fi\/the-big-picture-in-learning\/#primaryimage"},"thumbnailUrl":"https:\/\/artome.fi\/wp-content\/uploads\/2023\/11\/area-1024x201.png","datePublished":"2023-11-10T07:30:52+00:00","dateModified":"2023-11-13T07:39:35+00:00","breadcrumb":{"@id":"https:\/\/artome.fi\/fi\/the-big-picture-in-learning\/#breadcrumb"},"inLanguage":"de","potentialAction":[{"@type":"ReadAction","target":["https:\/\/artome.fi\/fi\/the-big-picture-in-learning\/"]}]},{"@type":"ImageObject","inLanguage":"de","@id":"https:\/\/artome.fi\/fi\/the-big-picture-in-learning\/#primaryimage","url":"https:\/\/artome.fi\/wp-content\/uploads\/2023\/11\/area-1024x201.png","contentUrl":"https:\/\/artome.fi\/wp-content\/uploads\/2023\/11\/area-1024x201.png"},{"@type":"BreadcrumbList","@id":"https:\/\/artome.fi\/fi\/the-big-picture-in-learning\/#breadcrumb","itemListElement":[{"@type":"ListItem","position":1,"name":"Etusivu","item":"https:\/\/artome.fi\/en\/"},{"@type":"ListItem","position":2,"name":"The big picture in learning"}]},{"@type":"WebSite","@id":"https:\/\/artome.fi\/en\/#website","url":"https:\/\/artome.fi\/en\/","name":"Artome","description":"Neugestaltung audiovisueller Medien mit intelligenten M\u00f6beln","publisher":{"@id":"https:\/\/artome.fi\/en\/#organization"},"potentialAction":[{"@type":"SearchAction","target":{"@type":"EntryPoint","urlTemplate":"https:\/\/artome.fi\/en\/?s={search_term_string}"},"query-input":{"@type":"PropertyValueSpecification","valueRequired":true,"valueName":"search_term_string"}}],"inLanguage":"de"},{"@type":"Organization","@id":"https:\/\/artome.fi\/en\/#organization","name":"Artome","url":"https:\/\/artome.fi\/en\/","logo":{"@type":"ImageObject","inLanguage":"de","@id":"https:\/\/artome.fi\/en\/#\/schema\/logo\/image\/","url":"https:\/\/artome.fi\/wp-content\/uploads\/2022\/02\/artome_logo_black.png","contentUrl":"https:\/\/artome.fi\/wp-content\/uploads\/2022\/02\/artome_logo_black.png","width":1280,"height":496,"caption":"Artome"},"image":{"@id":"https:\/\/artome.fi\/en\/#\/schema\/logo\/image\/"}}]}},"_links":{"self":[{"href":"https:\/\/artome.fi\/de\/wp-json\/wp\/v2\/pages\/6629","targetHints":{"allow":["GET"]}}],"collection":[{"href":"https:\/\/artome.fi\/de\/wp-json\/wp\/v2\/pages"}],"about":[{"href":"https:\/\/artome.fi\/de\/wp-json\/wp\/v2\/types\/page"}],"author":[{"embeddable":true,"href":"https:\/\/artome.fi\/de\/wp-json\/wp\/v2\/users\/1"}],"replies":[{"embeddable":true,"href":"https:\/\/artome.fi\/de\/wp-json\/wp\/v2\/comments?post=6629"}],"version-history":[{"count":15,"href":"https:\/\/artome.fi\/de\/wp-json\/wp\/v2\/pages\/6629\/revisions"}],"predecessor-version":[{"id":6711,"href":"https:\/\/artome.fi\/de\/wp-json\/wp\/v2\/pages\/6629\/revisions\/6711"}],"wp:attachment":[{"href":"https:\/\/artome.fi\/de\/wp-json\/wp\/v2\/media?parent=6629"}],"curies":[{"name":"wp","href":"https:\/\/api.w.org\/{rel}","templated":true}]}}