{"id":809,"date":"2022-06-07T14:11:59","date_gmt":"2022-06-07T14:11:59","guid":{"rendered":"https:\/\/artome.fi\/?page_id=809"},"modified":"2022-12-07T12:42:35","modified_gmt":"2022-12-07T12:42:35","slug":"experiences-helsinki-education-hub","status":"publish","type":"page","link":"https:\/\/artome.fi\/de\/erlebnisse-im-bildungszentrum-helsinki\/","title":{"rendered":"Bildungszentrum Helsinki"},"content":{"rendered":"<div data-elementor-type=\"wp-page\" data-elementor-id=\"809\" class=\"elementor elementor-809\" data-elementor-post-type=\"page\">\n\t\t\t\t\t\t<section class=\"elementor-section elementor-top-section elementor-element elementor-element-c739d92 elementor-section-boxed elementor-section-height-default elementor-section-height-default\" data-id=\"c739d92\" data-element_type=\"section\">\n\t\t\t\t\t\t<div class=\"elementor-container elementor-column-gap-default\">\n\t\t\t\t\t<div class=\"elementor-column elementor-col-100 elementor-top-column elementor-element elementor-element-14d6cfd\" data-id=\"14d6cfd\" data-element_type=\"column\">\n\t\t\t<div class=\"elementor-widget-wrap elementor-element-populated\">\n\t\t\t\t\t\t<div class=\"elementor-element elementor-element-2e48777 elementor-mobile-align-center elementor-widget elementor-widget-button\" data-id=\"2e48777\" data-element_type=\"widget\" data-widget_type=\"button.default\">\n\t\t\t\t<div class=\"elementor-widget-container\">\n\t\t\t\t\t\t\t\t\t<div class=\"elementor-button-wrapper\">\n\t\t\t\t\t<a class=\"elementor-button elementor-button-link elementor-size-sm\" href=\"https:\/\/artome.fi\/de\/erfahrungen\/\">\n\t\t\t\t\t\t<span class=\"elementor-button-content-wrapper\">\n\t\t\t\t\t\t\t\t\t<span class=\"elementor-button-text\">Erfahrungen<\/span>\n\t\t\t\t\t<\/span>\n\t\t\t\t\t<\/a>\n\t\t\t\t<\/div>\n\t\t\t\t\t\t\t\t<\/div>\n\t\t\t\t<\/div>\n\t\t\t\t<div class=\"elementor-element elementor-element-0a5a0db elementor-widget elementor-widget-heading\" data-id=\"0a5a0db\" data-element_type=\"widget\" data-widget_type=\"heading.default\">\n\t\t\t\t<div class=\"elementor-widget-container\">\n\t\t\t\t\t<h2 class=\"elementor-heading-title elementor-size-xl\">Bildungszentrum Helsinki<\/h2>\t\t\t\t<\/div>\n\t\t\t\t<\/div>\n\t\t\t\t\t<\/div>\n\t\t<\/div>\n\t\t\t\t\t<\/div>\n\t\t<\/section>\n\t\t\t\t<section class=\"elementor-section elementor-top-section elementor-element elementor-element-62a2ff9 elementor-section-boxed elementor-section-height-default elementor-section-height-default\" data-id=\"62a2ff9\" data-element_type=\"section\">\n\t\t\t\t\t\t<div class=\"elementor-container elementor-column-gap-default\">\n\t\t\t\t\t<div class=\"elementor-column elementor-col-100 elementor-top-column elementor-element elementor-element-26a8da6\" data-id=\"26a8da6\" data-element_type=\"column\">\n\t\t\t<div class=\"elementor-widget-wrap elementor-element-populated\">\n\t\t\t\t\t\t<div class=\"elementor-element elementor-element-ed4df35 elementor-widget elementor-widget-image\" data-id=\"ed4df35\" data-element_type=\"widget\" data-widget_type=\"image.default\">\n\t\t\t\t<div class=\"elementor-widget-container\">\n\t\t\t\t\t\t\t\t\t\t\t\t\t\t\t<img fetchpriority=\"high\" decoding=\"async\" width=\"1536\" height=\"1084\" src=\"https:\/\/artome.fi\/wp-content\/uploads\/2022\/06\/artome_M10_refe3-kopio-1536x1084.jpg\" class=\"attachment-1536x1536 size-1536x1536 wp-image-781\" alt=\"Artome M10 im Helsinki Education Hub im Einsatz.\" srcset=\"https:\/\/artome.fi\/wp-content\/uploads\/2022\/06\/artome_M10_refe3-kopio-1536x1084.jpg 1536w, https:\/\/artome.fi\/wp-content\/uploads\/2022\/06\/artome_M10_refe3-kopio-300x212.jpg 300w, https:\/\/artome.fi\/wp-content\/uploads\/2022\/06\/artome_M10_refe3-kopio-1024x722.jpg 1024w, https:\/\/artome.fi\/wp-content\/uploads\/2022\/06\/artome_M10_refe3-kopio-768x542.jpg 768w, https:\/\/artome.fi\/wp-content\/uploads\/2022\/06\/artome_M10_refe3-kopio-2048x1445.jpg 2048w, https:\/\/artome.fi\/wp-content\/uploads\/2022\/06\/artome_M10_refe3-kopio-18x12.jpg 18w\" sizes=\"(max-width: 1536px) 100vw, 1536px\" \/>\t\t\t\t\t\t\t\t\t\t\t\t\t\t\t<\/div>\n\t\t\t\t<\/div>\n\t\t\t\t<div class=\"elementor-element elementor-element-89f0c3c elementor-widget-mobile__width-inherit elementor-widget elementor-widget-heading\" data-id=\"89f0c3c\" data-element_type=\"widget\" data-widget_type=\"heading.default\">\n\t\t\t\t<div class=\"elementor-widget-container\">\n\t\t\t\t\t<h2 class=\"elementor-heading-title elementor-size-default\">Lernen ohne Grenzen<\/h2>\t\t\t\t<\/div>\n\t\t\t\t<\/div>\n\t\t\t\t<div class=\"elementor-element elementor-element-39154e6 elementor-widget elementor-widget-text-editor\" data-id=\"39154e6\" data-element_type=\"widget\" data-widget_type=\"text-editor.default\">\n\t\t\t\t<div class=\"elementor-widget-container\">\n\t\t\t\t\t\t\t\t\t<p><span style=\"color: #4b4b4b; font-family: montserrat, Helvetica, Arial, sans-serif; font-size: 18px; background-color: #ffffff;\">W\u00e4re eine qualitativ hochwertige Lernerfahrung unm\u00f6glich, wenn sowohl Ihr Lehrer als auch Ihre Klassenkameraden auf der anderen Seite der Welt w\u00e4ren? Wir bei Artome w\u00fcrden nein sagen und gl\u00fccklicherweise auch andere innovative Pioniere wie uns gefunden haben, die die gute Nachricht des hybriden Unterrichts mit uns weitertragen. Helsinki Education Hub ist einer dieser Pioniere, die ein Beispiel daf\u00fcr sind, wie authentische Lernerfahrungen und interaktive Diskussionen im Alltag umgesetzt werden k\u00f6nnen, sogar von Helsinki bis Peking<\/span><\/p>\t\t\t\t\t\t\t\t<\/div>\n\t\t\t\t<\/div>\n\t\t\t\t<div class=\"elementor-element elementor-element-2e25157 elementor-blockquote--skin-quotation elementor-blockquote--align-center elementor-widget elementor-widget-blockquote\" data-id=\"2e25157\" data-element_type=\"widget\" data-widget_type=\"blockquote.default\">\n\t\t\t\t<div class=\"elementor-widget-container\">\n\t\t\t\t\t\t\t<blockquote class=\"elementor-blockquote\">\n\t\t\t<p class=\"elementor-blockquote__content\">\n\t\t\t\tWie oft verwenden wir den Artome M10? T\u00e4glich! Es ist so clever, Hybrid-Meetings zu implementieren, und die Anwendung ist \u00fcberhaupt nicht schwierig. Anl\u00e4sslich der Beijing Design Week im September 2021 veranstalteten wir hier in unseren R\u00e4umlichkeiten eine Pop-up-Schule, und nat\u00fcrlich kamen die Lehrer der Gastklassen schon lange im Voraus, um sich mit der Weltraumtechnologie vertraut zu machen, bevor Fernverbindungen zur Welt hergestellt wurden . Positiv \u00fcberrascht waren sie auch davon, wie einfach sich der Artome M10 \u00fcber den HDMI-Anschluss am eigenen Computer nutzen lie\u00df. Und dann haben wir auch schon Verbindungen nach Peking hergestellt<br>\t\t\t<\/p>\n\t\t\t\t\t\t\t<div class=\"e-q-footer\">\n\t\t\t\t\t\t\t\t\t\t\t<cite class=\"elementor-blockquote__author\">Ulla Hemminki-Reijonen, Community Managerin des Helsinki Education Hub<\/cite>\n\t\t\t\t\t\t\t\t\t\t\t\t\t\t<\/div>\n\t\t\t\t\t<\/blockquote>\n\t\t\t\t\t\t<\/div>\n\t\t\t\t<\/div>\n\t\t\t\t<div class=\"elementor-element elementor-element-98a20e5 elementor-widget elementor-widget-image\" data-id=\"98a20e5\" data-element_type=\"widget\" data-widget_type=\"image.default\">\n\t\t\t\t<div class=\"elementor-widget-container\">\n\t\t\t\t\t\t\t\t\t\t\t\t\t\t\t<img decoding=\"async\" width=\"1536\" height=\"1024\" src=\"https:\/\/artome.fi\/wp-content\/uploads\/2022\/12\/Edu-Hub-web-1536x1024.jpg\" class=\"attachment-1536x1536 size-1536x1536 wp-image-3510\" alt=\"Installationsfreie audiovisuelle L\u00f6sung, Artome M10, im Helsinki Education Hub\" srcset=\"https:\/\/artome.fi\/wp-content\/uploads\/2022\/12\/Edu-Hub-web-1536x1024.jpg 1536w, https:\/\/artome.fi\/wp-content\/uploads\/2022\/12\/Edu-Hub-web-300x200.jpg 300w, https:\/\/artome.fi\/wp-content\/uploads\/2022\/12\/Edu-Hub-web-1024x683.jpg 1024w, https:\/\/artome.fi\/wp-content\/uploads\/2022\/12\/Edu-Hub-web-768x512.jpg 768w, https:\/\/artome.fi\/wp-content\/uploads\/2022\/12\/Edu-Hub-web-2048x1366.jpg 2048w, https:\/\/artome.fi\/wp-content\/uploads\/2022\/12\/Edu-Hub-web-18x12.jpg 18w\" sizes=\"(max-width: 1536px) 100vw, 1536px\" \/>\t\t\t\t\t\t\t\t\t\t\t\t\t\t\t<\/div>\n\t\t\t\t<\/div>\n\t\t\t\t<div class=\"elementor-element elementor-element-a204446 elementor-widget elementor-widget-text-editor\" data-id=\"a204446\" data-element_type=\"widget\" data-widget_type=\"text-editor.default\">\n\t\t\t\t<div class=\"elementor-widget-container\">\n\t\t\t\t\t\t\t\t\t<p><span style=\"color: #4b4b4b; font-family: montserrat, Helvetica, Arial, sans-serif; font-size: 18px; background-color: #ffffff;\">Die benutzerfreundliche Fernverbindung von Artome M10 gefiel auch den Sch\u00fclern einer 8. Klasse in Helsinki, als sie ihre Mitsch\u00fcler der Freundschaftsschule in Peking virtuell treffen konnten. Artome M10-Gr\u00fc\u00dfe von beiden Seiten wurden mithilfe der integrierten Kamera und des drahtlosen Mikrofons in Echtzeit empfangen. Die Lernerfahrung der Zukunft ist also bereits real.<\/span><\/p><p><span style=\"color: #4b4b4b; font-family: montserrat, Helvetica, Arial, sans-serif; font-size: 18px; background-color: #ffffff;\">Im letzten Jahrzehnt hat sich die Art und Weise, Informationen auszutauschen und zu empfangen, stark ver\u00e4ndert. Dank Smartphones sind wir immer nur ein paar Fingertipps von neuen Informationen entfernt. Dies stellt auch neue Anforderungen an die Schulen. Das einseitige Teilen von vorhandenem Wissen reicht nicht mehr aus, aber es ist notwendig, neue Wege zu finden, um Menschen f\u00fcr das Lernen zusammenzubringen und einen Lernaustausch zwischen allen Beteiligten auf der ganzen Welt zu erm\u00f6glichen. Aus diesem Grund m\u00fcssen Kommunikationsl\u00f6sungen auch agiler werden.<\/span><\/p>\t\t\t\t\t\t\t\t<\/div>\n\t\t\t\t<\/div>\n\t\t\t\t<div class=\"elementor-element elementor-element-6e08e02 elementor-blockquote--skin-quotation elementor-blockquote--align-center elementor-widget elementor-widget-blockquote\" data-id=\"6e08e02\" data-element_type=\"widget\" data-widget_type=\"blockquote.default\">\n\t\t\t\t<div class=\"elementor-widget-container\">\n\t\t\t\t\t\t\t<blockquote class=\"elementor-blockquote\">\n\t\t\t<p class=\"elementor-blockquote__content\">\n\t\t\t\tWir haben auch einen gr\u00f6\u00dferen Touchscreen in unseren R\u00e4umlichkeiten und haben k\u00fcrzlich festgestellt, dass wir den Artome M10-Touchscreen anschlie\u00dfen k\u00f6nnen, wodurch es m\u00f6glich ist, dessen Inhalte auch in Remote-Meetings zu spiegeln. Eigentlich ist fast jede Show m\u00f6glich, die einzige Grenze ist Ihre Fantasie.\t\t\t<\/p>\n\t\t\t\t\t<\/blockquote>\n\t\t\t\t\t\t<\/div>\n\t\t\t\t<\/div>\n\t\t\t\t\t<\/div>\n\t\t<\/div>\n\t\t\t\t\t<\/div>\n\t\t<\/section>\n\t\t\t\t<\/div>","protected":false},"excerpt":{"rendered":"<p>Kokemuksia Helsinki Education Hub Oppimista ilman rajoja Olisiko laadukas oppimiskokemus mahdotonta toteuttaa, jos sek\u00e4 opettajasi ett\u00e4 koulutoverisi olisivatkin toisella puolella maapalloa? Me Artomella sanoisimme, ett\u00e4 ei ja onneksi olemme l\u00f6yt\u00e4neet my\u00f6s muita kaltaisiamme innovatiivisia edell\u00e4k\u00e4vij\u00f6it\u00e4 viem\u00e4\u00e4n kanssamme hybridiopettamisen ilosanomaa eteenp\u00e4in. Helsinki Education Hub on yksi n\u00e4ist\u00e4 pioneereista, jotka n\u00e4ytt\u00e4v\u00e4t esimerkki\u00e4, miten aitoja oppimiskokemuksia ja vuorovaikutteista [&hellip;]<\/p>\n","protected":false},"author":1,"featured_media":0,"parent":0,"menu_order":0,"comment_status":"closed","ping_status":"closed","template":"elementor_header_footer","meta":{"om_disable_all_campaigns":false,"_monsterinsights_skip_tracking":false,"_monsterinsights_sitenote_active":false,"_monsterinsights_sitenote_note":"","_monsterinsights_sitenote_category":0,"_uf_show_specific_survey":0,"_uf_disable_surveys":false,"footnotes":""},"class_list":["post-809","page","type-page","status-publish","hentry"],"blocksy_meta":{"styles_descriptor":{"styles":{"desktop":"","tablet":"","mobile":""},"google_fonts":[],"version":6}},"aioseo_notices":[],"yoast_head":"<!-- This site is optimized with the Yoast SEO Premium plugin v23.2 (Yoast SEO v26.3) - https:\/\/yoast.com\/wordpress\/plugins\/seo\/ -->\n<title>Artome | Experiences - Helsinki Education Hub<\/title>\n<meta name=\"description\" content=\"Helsinki Education Hub x Artome. Learning without borders. Read more about why Helsinki Education Hub chose Artome M10.\" \/>\n<meta name=\"robots\" content=\"index, follow, max-snippet:-1, max-image-preview:large, max-video-preview:-1\" \/>\n<link rel=\"canonical\" href=\"https:\/\/artome.fi\/de\/erlebnisse-im-bildungszentrum-helsinki\/\" \/>\n<meta property=\"og:locale\" content=\"de_DE\" \/>\n<meta property=\"og:type\" content=\"article\" \/>\n<meta property=\"og:title\" content=\"Helsinki Education Hub\" \/>\n<meta property=\"og:description\" content=\"Helsinki Education Hub x Artome. Learning without borders. Read more about why Helsinki Education Hub chose Artome M10.\" \/>\n<meta property=\"og:url\" content=\"https:\/\/artome.fi\/de\/erlebnisse-im-bildungszentrum-helsinki\/\" \/>\n<meta property=\"og:site_name\" content=\"Artome\" \/>\n<meta property=\"article:modified_time\" content=\"2022-12-07T12:42:35+00:00\" \/>\n<meta property=\"og:image\" content=\"https:\/\/artome.fi\/wp-content\/uploads\/2022\/06\/artome_M10_refe3-kopio-1536x1084.jpg\" \/>\n<meta name=\"twitter:card\" content=\"summary_large_image\" \/>\n<meta name=\"twitter:label1\" content=\"Gesch\u00e4tzte Lesezeit\" \/>\n\t<meta name=\"twitter:data1\" content=\"3\u00a0Minuten\" \/>\n<script type=\"application\/ld+json\" class=\"yoast-schema-graph\">{\"@context\":\"https:\/\/schema.org\",\"@graph\":[{\"@type\":\"WebPage\",\"@id\":\"https:\/\/artome.fi\/es\/experiencias-centro-educativo-helsinki\/\",\"url\":\"https:\/\/artome.fi\/es\/experiencias-centro-educativo-helsinki\/\",\"name\":\"Artome | Experiences - Helsinki Education Hub\",\"isPartOf\":{\"@id\":\"https:\/\/artome.fi\/en\/#website\"},\"primaryImageOfPage\":{\"@id\":\"https:\/\/artome.fi\/es\/experiencias-centro-educativo-helsinki\/#primaryimage\"},\"image\":{\"@id\":\"https:\/\/artome.fi\/es\/experiencias-centro-educativo-helsinki\/#primaryimage\"},\"thumbnailUrl\":\"https:\/\/artome.fi\/wp-content\/uploads\/2022\/06\/artome_M10_refe3-kopio-1536x1084.jpg\",\"datePublished\":\"2022-06-07T14:11:59+00:00\",\"dateModified\":\"2022-12-07T12:42:35+00:00\",\"description\":\"Helsinki Education Hub x Artome. Learning without borders. Read more about why Helsinki Education Hub chose Artome M10.\",\"breadcrumb\":{\"@id\":\"https:\/\/artome.fi\/es\/experiencias-centro-educativo-helsinki\/#breadcrumb\"},\"inLanguage\":\"de\",\"potentialAction\":[{\"@type\":\"ReadAction\",\"target\":[\"https:\/\/artome.fi\/es\/experiencias-centro-educativo-helsinki\/\"]}]},{\"@type\":\"ImageObject\",\"inLanguage\":\"de\",\"@id\":\"https:\/\/artome.fi\/es\/experiencias-centro-educativo-helsinki\/#primaryimage\",\"url\":\"https:\/\/artome.fi\/wp-content\/uploads\/2022\/06\/artome_M10_refe3-kopio-1536x1084.jpg\",\"contentUrl\":\"https:\/\/artome.fi\/wp-content\/uploads\/2022\/06\/artome_M10_refe3-kopio-1536x1084.jpg\"},{\"@type\":\"BreadcrumbList\",\"@id\":\"https:\/\/artome.fi\/es\/experiencias-centro-educativo-helsinki\/#breadcrumb\",\"itemListElement\":[{\"@type\":\"ListItem\",\"position\":1,\"name\":\"Etusivu\",\"item\":\"https:\/\/artome.fi\/en\/\"},{\"@type\":\"ListItem\",\"position\":2,\"name\":\"Helsinki Education Hub\"}]},{\"@type\":\"WebSite\",\"@id\":\"https:\/\/artome.fi\/en\/#website\",\"url\":\"https:\/\/artome.fi\/en\/\",\"name\":\"Artome\",\"description\":\"Redesigning audiovisual with smart furniture\",\"publisher\":{\"@id\":\"https:\/\/artome.fi\/en\/#organization\"},\"potentialAction\":[{\"@type\":\"SearchAction\",\"target\":{\"@type\":\"EntryPoint\",\"urlTemplate\":\"https:\/\/artome.fi\/en\/?s={search_term_string}\"},\"query-input\":{\"@type\":\"PropertyValueSpecification\",\"valueRequired\":true,\"valueName\":\"search_term_string\"}}],\"inLanguage\":\"de\"},{\"@type\":\"Organization\",\"@id\":\"https:\/\/artome.fi\/en\/#organization\",\"name\":\"Artome\",\"url\":\"https:\/\/artome.fi\/en\/\",\"logo\":{\"@type\":\"ImageObject\",\"inLanguage\":\"de\",\"@id\":\"https:\/\/artome.fi\/en\/#\/schema\/logo\/image\/\",\"url\":\"https:\/\/artome.fi\/wp-content\/uploads\/2022\/02\/artome_logo_black.png\",\"contentUrl\":\"https:\/\/artome.fi\/wp-content\/uploads\/2022\/02\/artome_logo_black.png\",\"width\":1280,\"height\":496,\"caption\":\"Artome\"},\"image\":{\"@id\":\"https:\/\/artome.fi\/en\/#\/schema\/logo\/image\/\"}}]}<\/script>\n<!-- \/ Yoast SEO Premium plugin. -->","yoast_head_json":{"title":"Artome | Erfahrungen \u2013 Helsinki Education Hub","description":"Helsinki Education Hub x Artome. Lernen ohne Grenzen. Lesen Sie mehr dar\u00fcber, warum sich Helsinki Education Hub f\u00fcr Artome M10 entschieden hat.","robots":{"index":"index","follow":"follow","max-snippet":"max-snippet:-1","max-image-preview":"max-image-preview:large","max-video-preview":"max-video-preview:-1"},"canonical":"https:\/\/artome.fi\/de\/erlebnisse-im-bildungszentrum-helsinki\/","og_locale":"de_DE","og_type":"article","og_title":"Helsinki Education Hub","og_description":"Helsinki Education Hub x Artome. Learning without borders. Read more about why Helsinki Education Hub chose Artome M10.","og_url":"https:\/\/artome.fi\/de\/erlebnisse-im-bildungszentrum-helsinki\/","og_site_name":"Artome","article_modified_time":"2022-12-07T12:42:35+00:00","og_image":[{"url":"https:\/\/artome.fi\/wp-content\/uploads\/2022\/06\/artome_M10_refe3-kopio-1536x1084.jpg","type":"","width":"","height":""}],"twitter_card":"summary_large_image","twitter_misc":{"Gesch\u00e4tzte Lesezeit":"3\u00a0Minuten"},"schema":{"@context":"https:\/\/schema.org","@graph":[{"@type":"WebPage","@id":"https:\/\/artome.fi\/es\/experiencias-centro-educativo-helsinki\/","url":"https:\/\/artome.fi\/es\/experiencias-centro-educativo-helsinki\/","name":"Artome | Erfahrungen \u2013 Helsinki Education Hub","isPartOf":{"@id":"https:\/\/artome.fi\/en\/#website"},"primaryImageOfPage":{"@id":"https:\/\/artome.fi\/es\/experiencias-centro-educativo-helsinki\/#primaryimage"},"image":{"@id":"https:\/\/artome.fi\/es\/experiencias-centro-educativo-helsinki\/#primaryimage"},"thumbnailUrl":"https:\/\/artome.fi\/wp-content\/uploads\/2022\/06\/artome_M10_refe3-kopio-1536x1084.jpg","datePublished":"2022-06-07T14:11:59+00:00","dateModified":"2022-12-07T12:42:35+00:00","description":"Helsinki Education Hub x Artome. Lernen ohne Grenzen. Lesen Sie mehr dar\u00fcber, warum sich Helsinki Education Hub f\u00fcr Artome M10 entschieden hat.","breadcrumb":{"@id":"https:\/\/artome.fi\/es\/experiencias-centro-educativo-helsinki\/#breadcrumb"},"inLanguage":"de","potentialAction":[{"@type":"ReadAction","target":["https:\/\/artome.fi\/es\/experiencias-centro-educativo-helsinki\/"]}]},{"@type":"ImageObject","inLanguage":"de","@id":"https:\/\/artome.fi\/es\/experiencias-centro-educativo-helsinki\/#primaryimage","url":"https:\/\/artome.fi\/wp-content\/uploads\/2022\/06\/artome_M10_refe3-kopio-1536x1084.jpg","contentUrl":"https:\/\/artome.fi\/wp-content\/uploads\/2022\/06\/artome_M10_refe3-kopio-1536x1084.jpg"},{"@type":"BreadcrumbList","@id":"https:\/\/artome.fi\/es\/experiencias-centro-educativo-helsinki\/#breadcrumb","itemListElement":[{"@type":"ListItem","position":1,"name":"Etusivu","item":"https:\/\/artome.fi\/en\/"},{"@type":"ListItem","position":2,"name":"Helsinki Education Hub"}]},{"@type":"WebSite","@id":"https:\/\/artome.fi\/en\/#website","url":"https:\/\/artome.fi\/en\/","name":"Artome","description":"Neugestaltung audiovisueller Medien mit intelligenten M\u00f6beln","publisher":{"@id":"https:\/\/artome.fi\/en\/#organization"},"potentialAction":[{"@type":"SearchAction","target":{"@type":"EntryPoint","urlTemplate":"https:\/\/artome.fi\/en\/?s={search_term_string}"},"query-input":{"@type":"PropertyValueSpecification","valueRequired":true,"valueName":"search_term_string"}}],"inLanguage":"de"},{"@type":"Organization","@id":"https:\/\/artome.fi\/en\/#organization","name":"Artome","url":"https:\/\/artome.fi\/en\/","logo":{"@type":"ImageObject","inLanguage":"de","@id":"https:\/\/artome.fi\/en\/#\/schema\/logo\/image\/","url":"https:\/\/artome.fi\/wp-content\/uploads\/2022\/02\/artome_logo_black.png","contentUrl":"https:\/\/artome.fi\/wp-content\/uploads\/2022\/02\/artome_logo_black.png","width":1280,"height":496,"caption":"Artome"},"image":{"@id":"https:\/\/artome.fi\/en\/#\/schema\/logo\/image\/"}}]}},"_links":{"self":[{"href":"https:\/\/artome.fi\/de\/wp-json\/wp\/v2\/pages\/809","targetHints":{"allow":["GET"]}}],"collection":[{"href":"https:\/\/artome.fi\/de\/wp-json\/wp\/v2\/pages"}],"about":[{"href":"https:\/\/artome.fi\/de\/wp-json\/wp\/v2\/types\/page"}],"author":[{"embeddable":true,"href":"https:\/\/artome.fi\/de\/wp-json\/wp\/v2\/users\/1"}],"replies":[{"embeddable":true,"href":"https:\/\/artome.fi\/de\/wp-json\/wp\/v2\/comments?post=809"}],"version-history":[{"count":52,"href":"https:\/\/artome.fi\/de\/wp-json\/wp\/v2\/pages\/809\/revisions"}],"predecessor-version":[{"id":3519,"href":"https:\/\/artome.fi\/de\/wp-json\/wp\/v2\/pages\/809\/revisions\/3519"}],"wp:attachment":[{"href":"https:\/\/artome.fi\/de\/wp-json\/wp\/v2\/media?parent=809"}],"curies":[{"name":"wp","href":"https:\/\/api.w.org\/{rel}","templated":true}]}}