{"id":841,"date":"2022-06-07T17:15:04","date_gmt":"2022-06-07T17:15:04","guid":{"rendered":"https:\/\/artome.fi\/?page_id=841"},"modified":"2023-11-08T15:46:20","modified_gmt":"2023-11-08T15:46:20","slug":"the-pajasali-hall-suomenlinna","status":"publish","type":"page","link":"https:\/\/artome.fi\/de\/die-pajasali-halle-suomenlinna\/","title":{"rendered":"Die Pajasali-Halle Suomenlinna"},"content":{"rendered":"<div data-elementor-type=\"wp-page\" data-elementor-id=\"841\" class=\"elementor elementor-841\" data-elementor-post-type=\"page\">\n\t\t\t\t\t\t<section class=\"elementor-section elementor-top-section elementor-element elementor-element-468606ce elementor-section-boxed elementor-section-height-default elementor-section-height-default\" data-id=\"468606ce\" data-element_type=\"section\">\n\t\t\t\t\t\t<div class=\"elementor-container elementor-column-gap-default\">\n\t\t\t\t\t<div class=\"elementor-column elementor-col-100 elementor-top-column elementor-element elementor-element-47b700d4\" data-id=\"47b700d4\" data-element_type=\"column\">\n\t\t\t<div class=\"elementor-widget-wrap elementor-element-populated\">\n\t\t\t\t\t\t<div class=\"elementor-element elementor-element-9b4046e elementor-mobile-align-center elementor-widget elementor-widget-button\" data-id=\"9b4046e\" data-element_type=\"widget\" data-widget_type=\"button.default\">\n\t\t\t\t<div class=\"elementor-widget-container\">\n\t\t\t\t\t\t\t\t\t<div class=\"elementor-button-wrapper\">\n\t\t\t\t\t<a class=\"elementor-button elementor-button-link elementor-size-sm\" href=\"https:\/\/artome.fi\/de\/erfahrungen\/\">\n\t\t\t\t\t\t<span class=\"elementor-button-content-wrapper\">\n\t\t\t\t\t\t\t\t\t<span class=\"elementor-button-text\">Erfahrungen<\/span>\n\t\t\t\t\t<\/span>\n\t\t\t\t\t<\/a>\n\t\t\t\t<\/div>\n\t\t\t\t\t\t\t\t<\/div>\n\t\t\t\t<\/div>\n\t\t\t\t<div class=\"elementor-element elementor-element-52155ae elementor-widget elementor-widget-heading\" data-id=\"52155ae\" data-element_type=\"widget\" data-widget_type=\"heading.default\">\n\t\t\t\t<div class=\"elementor-widget-container\">\n\t\t\t\t\t<h2 class=\"elementor-heading-title elementor-size-xl\">Die Pajasali-Halle Suomenlinna<\/h2>\t\t\t\t<\/div>\n\t\t\t\t<\/div>\n\t\t\t\t\t<\/div>\n\t\t<\/div>\n\t\t\t\t\t<\/div>\n\t\t<\/section>\n\t\t\t\t<section class=\"elementor-section elementor-top-section elementor-element elementor-element-587f8e7a elementor-section-boxed elementor-section-height-default elementor-section-height-default\" data-id=\"587f8e7a\" data-element_type=\"section\">\n\t\t\t\t\t\t<div class=\"elementor-container elementor-column-gap-default\">\n\t\t\t\t\t<div class=\"elementor-column elementor-col-100 elementor-top-column elementor-element elementor-element-3a47890c\" data-id=\"3a47890c\" data-element_type=\"column\">\n\t\t\t<div class=\"elementor-widget-wrap elementor-element-populated\">\n\t\t\t\t\t\t<div class=\"elementor-element elementor-element-237a33ee elementor-widget elementor-widget-heading\" data-id=\"237a33ee\" data-element_type=\"widget\" data-widget_type=\"heading.default\">\n\t\t\t\t<div class=\"elementor-widget-container\">\n\t\t\t\t\t<h2 class=\"elementor-heading-title elementor-size-default\"><span style=\"font-family: montserrat, Helvetica, Arial, sans-serif;font-size: 18px;white-space: normal\">Wie kann man ein voll funktionsf\u00e4higes audiovisuelles System in einen Raum integrieren, in dem eine Installation nicht m\u00f6glich ist?<\/span><\/h2>\t\t\t\t<\/div>\n\t\t\t\t<\/div>\n\t\t\t\t<div class=\"elementor-element elementor-element-6f586cc4 elementor-widget elementor-widget-text-editor\" data-id=\"6f586cc4\" data-element_type=\"widget\" data-widget_type=\"text-editor.default\">\n\t\t\t\t<div class=\"elementor-widget-container\">\n\t\t\t\t\t\t\t\t\t<p style=\"margin-bottom: 1.43999rem; padding-top: 0.56001rem; border-width: 0px; border-style: initial; font-variant-numeric: inherit; font-variant-east-asian: inherit; font-stretch: inherit; font-size: 18px; line-height: 2rem; font-family: montserrat, Helvetica, Arial, sans-serif; vertical-align: baseline; font-feature-settings: 'kern', 'onum', 'liga'; color: #4b4b4b; text-align: start; background-color: #ffffff;\"><span style=\"font-weight: var( --e-global-typography-text-font-weight ); font-style: var(--fontStyle, inherit); letter-spacing: var(--letterSpacing); text-transform: var(--textTransform);\">Suomenlinna steht auf der UNESCO gef\u00fchrte Liste des Welterbesauf und befindet sich auf der Insel in Helsinki. Die St\u00e4tte wird j\u00e4hrlich von etwa einer Million Besuchern aufgesucht und bietet auch eine Umgebung f\u00fcr verschiedene Arten von Veranstaltungen. Der Pajasali-Halle ist eine der Konferenzeinrichtungen in Suomenlinna. Obwohl Besucher und andere Nutzer des Gel\u00e4ndes die historische Umgebung zu sch\u00e4tzen wissen, ben\u00f6tigen sie moderne Technik, um die von ihnen organisierten Veranstaltungen und Treffen zu unterst\u00fctzen. Doch wie lassen sich diese beiden Anforderungen erf\u00fcllen?<\/span><\/p>\t\t\t\t\t\t\t\t<\/div>\n\t\t\t\t<\/div>\n\t\t\t\t<div class=\"elementor-element elementor-element-5cd6f8cb elementor-widget elementor-widget-image\" data-id=\"5cd6f8cb\" data-element_type=\"widget\" data-widget_type=\"image.default\">\n\t\t\t\t<div class=\"elementor-widget-container\">\n\t\t\t\t\t\t\t\t\t\t\t\t\t\t\t<img fetchpriority=\"high\" decoding=\"async\" width=\"1536\" height=\"864\" src=\"https:\/\/artome.fi\/wp-content\/uploads\/2022\/06\/Artome_Suomenlinna_2021-08-09-1536x864.jpg\" class=\"attachment-1536x1536 size-1536x1536 wp-image-844\" alt=\"Artome M10 in Suomenlinna.\" srcset=\"https:\/\/artome.fi\/wp-content\/uploads\/2022\/06\/Artome_Suomenlinna_2021-08-09-1536x864.jpg 1536w, https:\/\/artome.fi\/wp-content\/uploads\/2022\/06\/Artome_Suomenlinna_2021-08-09-300x169.jpg 300w, https:\/\/artome.fi\/wp-content\/uploads\/2022\/06\/Artome_Suomenlinna_2021-08-09-1024x576.jpg 1024w, https:\/\/artome.fi\/wp-content\/uploads\/2022\/06\/Artome_Suomenlinna_2021-08-09-768x432.jpg 768w, https:\/\/artome.fi\/wp-content\/uploads\/2022\/06\/Artome_Suomenlinna_2021-08-09-2048x1152.jpg 2048w, https:\/\/artome.fi\/wp-content\/uploads\/2022\/06\/Artome_Suomenlinna_2021-08-09-18x10.jpg 18w\" sizes=\"(max-width: 1536px) 100vw, 1536px\" \/>\t\t\t\t\t\t\t\t\t\t\t\t\t\t\t<\/div>\n\t\t\t\t<\/div>\n\t\t\t\t<div class=\"elementor-element elementor-element-1d047e7 elementor-widget elementor-widget-heading\" data-id=\"1d047e7\" data-element_type=\"widget\" data-widget_type=\"heading.default\">\n\t\t\t\t<div class=\"elementor-widget-container\">\n\t\t\t\t\t<h2 class=\"elementor-heading-title elementor-size-default\"><h4 style=\"margin-bottom: 1.57199rem;padding-top: 0.42801rem;border-width: 0px;border-style: initial;font-style: normal;font-weight: 600;font-size: 1.73333rem;line-height: 2rem;font-family: montserrat, Helvetica, Arial, sans-serif;vertical-align: baseline;letter-spacing: normal;text-align: start;text-transform: none;white-space: normal\"><span style=\"margin: 0px;padding: 0px;border: 0px;font-style: inherit;font-variant: inherit;font-size: inherit;line-height: inherit;font-family: inherit;vertical-align: baseline\">Angepasst an die einzigartige Atmosph\u00e4re<\/span><\/h4><\/h2>\t\t\t\t<\/div>\n\t\t\t\t<\/div>\n\t\t\t\t<div class=\"elementor-element elementor-element-4406e160 elementor-widget elementor-widget-text-editor\" data-id=\"4406e160\" data-element_type=\"widget\" data-widget_type=\"text-editor.default\">\n\t\t\t\t<div class=\"elementor-widget-container\">\n\t\t\t\t\t\t\t\t\t<p><span style=\"color: #4b4b4b; font-family: montserrat, Helvetica, Arial, sans-serif; font-size: 18px; background-color: #ffffff;\">Die Ausgangslage f\u00fcr das Projekt war nicht die einfachste, aber sicher die faszinierendste Herausforderung, die es anzunehmen galt. Das Geb\u00e4ude, in dem sich die Pajasali-Halle befindet, wurde 1786 erbaut. Im Laufe der Jahre wurden die R\u00e4umlichkeiten f\u00fcr verschiedene Zwecke genutzt und dienten unter anderem als Schmiede, B\u00e4ckerei, Fass- und Fensterwerkstatt. Bei Baustellen sind die Anforderungen an die Konstruktion streng und die M\u00f6glichkeiten begrenzt. Deshalb kommen die integrierten Ger\u00e4te in der Regel gar nicht in Frage. Hinzu kommt, dass die Baustelle nur auf dem Wasserweg erreichbar ist, so dass die Technik einfach zu bewegen und leicht zu tragen sein muss.<\/span><\/p>\t\t\t\t\t\t\t\t<\/div>\n\t\t\t\t<\/div>\n\t\t\t\t<div class=\"elementor-element elementor-element-61724f99 elementor-blockquote--skin-quotation elementor-blockquote--align-center elementor-widget elementor-widget-blockquote\" data-id=\"61724f99\" data-element_type=\"widget\" data-widget_type=\"blockquote.default\">\n\t\t\t\t<div class=\"elementor-widget-container\">\n\t\t\t\t\t\t\t<blockquote class=\"elementor-blockquote\">\n\t\t\t<p class=\"elementor-blockquote__content\">\n\t\t\t\tDas prim\u00e4re Ziel war es, unser audiovisuelles System zu aktualisieren, da die bestehende L\u00f6sung veraltet war. Wir waren erfreut zu entdecken, dass die Artome M10-L\u00f6sung nicht nur zur einzigartigen Atmosph\u00e4re der Pajasali-Halle passte, sondern es auch erm\u00f6glichte, die zus\u00e4tzlichen Kabel und Dr\u00e4hte loszuwerden<br>\t\t\t<\/p>\n\t\t\t\t\t\t\t<div class=\"e-q-footer\">\n\t\t\t\t\t\t\t\t\t\t\t<cite class=\"elementor-blockquote__author\">Robin Lindroos, Spezialist f\u00fcr IT- und Pr\u00e4sentationstechnikmanagement des Verwaltungsrats von Suomenlinna<\/cite>\n\t\t\t\t\t\t\t\t\t\t\t\t\t\t<\/div>\n\t\t\t\t\t<\/blockquote>\n\t\t\t\t\t\t<\/div>\n\t\t\t\t<\/div>\n\t\t\t\t<div class=\"elementor-element elementor-element-331918c0 elementor-widget elementor-widget-image\" data-id=\"331918c0\" data-element_type=\"widget\" data-widget_type=\"image.default\">\n\t\t\t\t<div class=\"elementor-widget-container\">\n\t\t\t\t\t\t\t\t\t\t\t\t\t\t\t<img decoding=\"async\" width=\"1536\" height=\"1024\" src=\"https:\/\/artome.fi\/wp-content\/uploads\/2022\/06\/suomenlinna_netti-9-1536x1024.jpg\" class=\"attachment-1536x1536 size-1536x1536 wp-image-845\" alt=\"Die Pajasali-Halle Suomenlinna.\" srcset=\"https:\/\/artome.fi\/wp-content\/uploads\/2022\/06\/suomenlinna_netti-9-1536x1024.jpg 1536w, https:\/\/artome.fi\/wp-content\/uploads\/2022\/06\/suomenlinna_netti-9-300x200.jpg 300w, https:\/\/artome.fi\/wp-content\/uploads\/2022\/06\/suomenlinna_netti-9-1024x682.jpg 1024w, https:\/\/artome.fi\/wp-content\/uploads\/2022\/06\/suomenlinna_netti-9-768x512.jpg 768w, https:\/\/artome.fi\/wp-content\/uploads\/2022\/06\/suomenlinna_netti-9-18x12.jpg 18w, https:\/\/artome.fi\/wp-content\/uploads\/2022\/06\/suomenlinna_netti-9.jpg 2000w\" sizes=\"(max-width: 1536px) 100vw, 1536px\" \/>\t\t\t\t\t\t\t\t\t\t\t\t\t\t\t<\/div>\n\t\t\t\t<\/div>\n\t\t\t\t<div class=\"elementor-element elementor-element-7780ca2 elementor-widget elementor-widget-heading\" data-id=\"7780ca2\" data-element_type=\"widget\" data-widget_type=\"heading.default\">\n\t\t\t\t<div class=\"elementor-widget-container\">\n\t\t\t\t\t<h2 class=\"elementor-heading-title elementor-size-default\"><h4 style=\"margin-bottom: 1.57199rem;padding-top: 0.42801rem;border-width: 0px;border-style: initial;font-style: normal;font-weight: 600;font-size: 1.73333rem;line-height: 2rem;font-family: montserrat, Helvetica, Arial, sans-serif;vertical-align: baseline;letter-spacing: normal;text-align: start;text-transform: none;white-space: normal\"><span style=\"margin: 0px;padding: 0px;border: 0px;font-style: inherit;font-variant: inherit;font-size: inherit;line-height: inherit;font-family: inherit;vertical-align: baseline\">Bewahrung des finnischen Erbes<\/span><\/h4><\/h2>\t\t\t\t<\/div>\n\t\t\t\t<\/div>\n\t\t\t\t<div class=\"elementor-element elementor-element-764bc84 elementor-widget elementor-widget-text-editor\" data-id=\"764bc84\" data-element_type=\"widget\" data-widget_type=\"text-editor.default\">\n\t\t\t\t<div class=\"elementor-widget-container\">\n\t\t\t\t\t\t\t\t\t<p><span style=\"color: #4b4b4b; font-family: montserrat, Helvetica, Arial, sans-serif; font-size: 18px; background-color: #ffffff;\">Dem Pajasali-Halle ist es gelungen, trotz aller Renovierungen des Geb\u00e4udes ein authentisches Aussehen zu bewahren. Es war klar, dass auch die ausgew\u00e4hlten Ger\u00e4te dem einzigartigen Stil des Raums gerecht werden mussten. Mit Artome M10 war dies ein Leichtes. Das Gestell der intelligenten M\u00f6bel besteht aus Birkensperrholz mit einer Auswahl an Oberfl\u00e4chen, die sich an verschiedene R\u00e4ume anpassen. Die Optionen sind wei\u00df laminiert und lackiert, oder schwarz gebeizte Esche. In den beiden zuletzt genannten Ausf\u00fchrungen wird die Textur der Holzoberfl\u00e4che gezeigt, um das Wesen der finnischen W\u00e4lder widerzuspiegeln. Der letzte Schliff, der das Aussehen der M\u00f6bel auflockert, ist die gepolsterte T\u00fcr, die mit einer vom Kunden gew\u00e4hlten Farbe individuell gestaltet werden kann. Die Wahl f\u00fcr den Pajasali-Halle fiel auf eine schwarze Kanzel einer grauen T\u00fcr.<\/span><\/p>\t\t\t\t\t\t\t\t<\/div>\n\t\t\t\t<\/div>\n\t\t\t\t<div class=\"elementor-element elementor-element-55d38f54 elementor-blockquote--skin-quotation elementor-widget elementor-widget-blockquote\" data-id=\"55d38f54\" data-element_type=\"widget\" data-widget_type=\"blockquote.default\">\n\t\t\t\t<div class=\"elementor-widget-container\">\n\t\t\t\t\t\t\t<blockquote class=\"elementor-blockquote\">\n\t\t\t<p class=\"elementor-blockquote__content\">\n\t\t\t\tDer Pajasali-Halle ist vielseitig nutzbar, und wir wollen unseren Besuchern und Nutzern anpassungsf\u00e4hige und einfach zu bedienende L\u00f6sungen f\u00fcr Pr\u00e4sentationen und mehr bieten. Wir freuen uns auch, dass der Artome M10 in Finnland hergestellt und entworfen wird\t\t\t<\/p>\n\t\t\t\t\t<\/blockquote>\n\t\t\t\t\t\t<\/div>\n\t\t\t\t<\/div>\n\t\t\t\t<div class=\"elementor-element elementor-element-ef8e889 elementor-widget elementor-widget-image\" data-id=\"ef8e889\" data-element_type=\"widget\" data-widget_type=\"image.default\">\n\t\t\t\t<div class=\"elementor-widget-container\">\n\t\t\t\t\t\t\t\t\t\t\t\t\t\t\t<img decoding=\"async\" width=\"1090\" height=\"1536\" src=\"https:\/\/artome.fi\/wp-content\/uploads\/2022\/06\/Artome_Suomenlinna_portrait_20210809-1090x1536.jpg\" class=\"attachment-1536x1536 size-1536x1536 wp-image-849\" alt=\"Die audiovisuelle Komplettl\u00f6sung Artome M10 im Einsatz in der Pajasali-Halle Suomenlinna.\" srcset=\"https:\/\/artome.fi\/wp-content\/uploads\/2022\/06\/Artome_Suomenlinna_portrait_20210809-1090x1536.jpg 1090w, https:\/\/artome.fi\/wp-content\/uploads\/2022\/06\/Artome_Suomenlinna_portrait_20210809-213x300.jpg 213w, https:\/\/artome.fi\/wp-content\/uploads\/2022\/06\/Artome_Suomenlinna_portrait_20210809-727x1024.jpg 727w, https:\/\/artome.fi\/wp-content\/uploads\/2022\/06\/Artome_Suomenlinna_portrait_20210809-768x1082.jpg 768w, https:\/\/artome.fi\/wp-content\/uploads\/2022\/06\/Artome_Suomenlinna_portrait_20210809-1454x2048.jpg 1454w, https:\/\/artome.fi\/wp-content\/uploads\/2022\/06\/Artome_Suomenlinna_portrait_20210809-9x12.jpg 9w, https:\/\/artome.fi\/wp-content\/uploads\/2022\/06\/Artome_Suomenlinna_portrait_20210809-scaled.jpg 1817w\" sizes=\"(max-width: 1090px) 100vw, 1090px\" \/>\t\t\t\t\t\t\t\t\t\t\t\t\t\t\t<\/div>\n\t\t\t\t<\/div>\n\t\t\t\t\t<\/div>\n\t\t<\/div>\n\t\t\t\t\t<\/div>\n\t\t<\/section>\n\t\t\t\t<\/div>","protected":false},"excerpt":{"rendered":"<p>Kokemuksia Pajasali Suomenlinna Kuinka saada laadukas ja helppok\u00e4ytt\u00f6inen esitysteknologia tilaan, jossa kiinte\u00e4 asentaminen ei ole mahdollista? Suomenlinna on maailman perint\u00f6kohde, joka sijaitsee saarella, Helsingin edustalla. Se on tunnettu erilaisista tapahtumista ja on vuosittain miljoonien vierailijoiden suosiossa. Suomenlinnan historiallisessa milj\u00f6\u00f6ss\u00e4 sijaitseva Pajasali tarjoaa tiloja mm. kokouksille ja konferensseille ja k\u00e4vij\u00e4t arvostavat tilaa juuri sen uniikin ymp\u00e4rist\u00f6n [&hellip;]<\/p>\n","protected":false},"author":1,"featured_media":0,"parent":0,"menu_order":0,"comment_status":"closed","ping_status":"closed","template":"elementor_header_footer","meta":{"om_disable_all_campaigns":false,"_monsterinsights_skip_tracking":false,"_monsterinsights_sitenote_active":false,"_monsterinsights_sitenote_note":"","_monsterinsights_sitenote_category":0,"_uf_show_specific_survey":0,"_uf_disable_surveys":false,"footnotes":""},"class_list":["post-841","page","type-page","status-publish","hentry"],"blocksy_meta":{"styles_descriptor":{"styles":{"desktop":"","tablet":"","mobile":""},"google_fonts":[],"version":6}},"aioseo_notices":[],"yoast_head":"<!-- This site is optimized with the Yoast SEO Premium plugin v23.2 (Yoast SEO v26.3) - https:\/\/yoast.com\/wordpress\/plugins\/seo\/ -->\n<title>Artome | Experiences - The Pajasali Hall Suomenlinna<\/title>\n<meta name=\"description\" content=\"Made to fit to the unique atmosphere. Preserving the Finnish heritage. Read more about why The Pajasali Hall Suomenlinna chose Artome M10.\" \/>\n<meta name=\"robots\" content=\"index, follow, max-snippet:-1, max-image-preview:large, max-video-preview:-1\" \/>\n<link rel=\"canonical\" href=\"https:\/\/artome.fi\/de\/die-pajasali-halle-suomenlinna\/\" \/>\n<meta property=\"og:locale\" content=\"de_DE\" \/>\n<meta property=\"og:type\" content=\"article\" \/>\n<meta property=\"og:title\" content=\"The Pajasali Hall Suomenlinna\" \/>\n<meta property=\"og:description\" content=\"Made to fit to the unique atmosphere. Preserving the Finnish heritage. Read more about why The Pajasali Hall Suomenlinna chose Artome M10.\" \/>\n<meta property=\"og:url\" content=\"https:\/\/artome.fi\/de\/die-pajasali-halle-suomenlinna\/\" \/>\n<meta property=\"og:site_name\" content=\"Artome\" \/>\n<meta property=\"article:modified_time\" content=\"2023-11-08T15:46:20+00:00\" \/>\n<meta property=\"og:image\" content=\"https:\/\/artome.fi\/wp-content\/uploads\/2022\/06\/Artome_Suomenlinna_2021-08-09-1536x864.jpg\" \/>\n<meta name=\"twitter:card\" content=\"summary_large_image\" \/>\n<meta name=\"twitter:label1\" content=\"Gesch\u00e4tzte Lesezeit\" \/>\n\t<meta name=\"twitter:data1\" content=\"3\u00a0Minuten\" \/>\n<script type=\"application\/ld+json\" class=\"yoast-schema-graph\">{\"@context\":\"https:\/\/schema.org\",\"@graph\":[{\"@type\":\"WebPage\",\"@id\":\"https:\/\/artome.fi\/fi\/the-pajasali-hall-suomenlinna\/\",\"url\":\"https:\/\/artome.fi\/fi\/the-pajasali-hall-suomenlinna\/\",\"name\":\"Artome | Experiences - The Pajasali Hall Suomenlinna\",\"isPartOf\":{\"@id\":\"https:\/\/artome.fi\/en\/#website\"},\"primaryImageOfPage\":{\"@id\":\"https:\/\/artome.fi\/fi\/the-pajasali-hall-suomenlinna\/#primaryimage\"},\"image\":{\"@id\":\"https:\/\/artome.fi\/fi\/the-pajasali-hall-suomenlinna\/#primaryimage\"},\"thumbnailUrl\":\"https:\/\/artome.fi\/wp-content\/uploads\/2022\/06\/Artome_Suomenlinna_2021-08-09-1536x864.jpg\",\"datePublished\":\"2022-06-07T17:15:04+00:00\",\"dateModified\":\"2023-11-08T15:46:20+00:00\",\"description\":\"Made to fit to the unique atmosphere. Preserving the Finnish heritage. Read more about why The Pajasali Hall Suomenlinna chose Artome M10.\",\"breadcrumb\":{\"@id\":\"https:\/\/artome.fi\/fi\/the-pajasali-hall-suomenlinna\/#breadcrumb\"},\"inLanguage\":\"de\",\"potentialAction\":[{\"@type\":\"ReadAction\",\"target\":[\"https:\/\/artome.fi\/fi\/the-pajasali-hall-suomenlinna\/\"]}]},{\"@type\":\"ImageObject\",\"inLanguage\":\"de\",\"@id\":\"https:\/\/artome.fi\/fi\/the-pajasali-hall-suomenlinna\/#primaryimage\",\"url\":\"https:\/\/artome.fi\/wp-content\/uploads\/2022\/06\/Artome_Suomenlinna_2021-08-09-1536x864.jpg\",\"contentUrl\":\"https:\/\/artome.fi\/wp-content\/uploads\/2022\/06\/Artome_Suomenlinna_2021-08-09-1536x864.jpg\"},{\"@type\":\"BreadcrumbList\",\"@id\":\"https:\/\/artome.fi\/fi\/the-pajasali-hall-suomenlinna\/#breadcrumb\",\"itemListElement\":[{\"@type\":\"ListItem\",\"position\":1,\"name\":\"Etusivu\",\"item\":\"https:\/\/artome.fi\/en\/\"},{\"@type\":\"ListItem\",\"position\":2,\"name\":\"The Pajasali Hall Suomenlinna\"}]},{\"@type\":\"WebSite\",\"@id\":\"https:\/\/artome.fi\/en\/#website\",\"url\":\"https:\/\/artome.fi\/en\/\",\"name\":\"Artome\",\"description\":\"Redesigning audiovisual with smart furniture\",\"publisher\":{\"@id\":\"https:\/\/artome.fi\/en\/#organization\"},\"potentialAction\":[{\"@type\":\"SearchAction\",\"target\":{\"@type\":\"EntryPoint\",\"urlTemplate\":\"https:\/\/artome.fi\/en\/?s={search_term_string}\"},\"query-input\":{\"@type\":\"PropertyValueSpecification\",\"valueRequired\":true,\"valueName\":\"search_term_string\"}}],\"inLanguage\":\"de\"},{\"@type\":\"Organization\",\"@id\":\"https:\/\/artome.fi\/en\/#organization\",\"name\":\"Artome\",\"url\":\"https:\/\/artome.fi\/en\/\",\"logo\":{\"@type\":\"ImageObject\",\"inLanguage\":\"de\",\"@id\":\"https:\/\/artome.fi\/en\/#\/schema\/logo\/image\/\",\"url\":\"https:\/\/artome.fi\/wp-content\/uploads\/2022\/02\/artome_logo_black.png\",\"contentUrl\":\"https:\/\/artome.fi\/wp-content\/uploads\/2022\/02\/artome_logo_black.png\",\"width\":1280,\"height\":496,\"caption\":\"Artome\"},\"image\":{\"@id\":\"https:\/\/artome.fi\/en\/#\/schema\/logo\/image\/\"}}]}<\/script>\n<!-- \/ Yoast SEO Premium plugin. -->","yoast_head_json":{"title":"Artome | Erlebnisse \u2013 Die Pajasali-Halle Suomenlinna","description":"Passend zur einzigartigen Atmosph\u00e4re gefertigt. Bewahrung des finnischen Erbes. Lesen Sie mehr dar\u00fcber, warum sich die Pajasali Hall Suomenlinna f\u00fcr Artome M10 entschieden hat.","robots":{"index":"index","follow":"follow","max-snippet":"max-snippet:-1","max-image-preview":"max-image-preview:large","max-video-preview":"max-video-preview:-1"},"canonical":"https:\/\/artome.fi\/de\/die-pajasali-halle-suomenlinna\/","og_locale":"de_DE","og_type":"article","og_title":"The Pajasali Hall Suomenlinna","og_description":"Made to fit to the unique atmosphere. Preserving the Finnish heritage. Read more about why The Pajasali Hall Suomenlinna chose Artome M10.","og_url":"https:\/\/artome.fi\/de\/die-pajasali-halle-suomenlinna\/","og_site_name":"Artome","article_modified_time":"2023-11-08T15:46:20+00:00","og_image":[{"url":"https:\/\/artome.fi\/wp-content\/uploads\/2022\/06\/Artome_Suomenlinna_2021-08-09-1536x864.jpg","type":"","width":"","height":""}],"twitter_card":"summary_large_image","twitter_misc":{"Gesch\u00e4tzte Lesezeit":"3\u00a0Minuten"},"schema":{"@context":"https:\/\/schema.org","@graph":[{"@type":"WebPage","@id":"https:\/\/artome.fi\/fi\/the-pajasali-hall-suomenlinna\/","url":"https:\/\/artome.fi\/fi\/the-pajasali-hall-suomenlinna\/","name":"Artome | Erlebnisse \u2013 Die Pajasali-Halle Suomenlinna","isPartOf":{"@id":"https:\/\/artome.fi\/en\/#website"},"primaryImageOfPage":{"@id":"https:\/\/artome.fi\/fi\/the-pajasali-hall-suomenlinna\/#primaryimage"},"image":{"@id":"https:\/\/artome.fi\/fi\/the-pajasali-hall-suomenlinna\/#primaryimage"},"thumbnailUrl":"https:\/\/artome.fi\/wp-content\/uploads\/2022\/06\/Artome_Suomenlinna_2021-08-09-1536x864.jpg","datePublished":"2022-06-07T17:15:04+00:00","dateModified":"2023-11-08T15:46:20+00:00","description":"Passend zur einzigartigen Atmosph\u00e4re gefertigt. Bewahrung des finnischen Erbes. Lesen Sie mehr dar\u00fcber, warum sich die Pajasali Hall Suomenlinna f\u00fcr Artome M10 entschieden hat.","breadcrumb":{"@id":"https:\/\/artome.fi\/fi\/the-pajasali-hall-suomenlinna\/#breadcrumb"},"inLanguage":"de","potentialAction":[{"@type":"ReadAction","target":["https:\/\/artome.fi\/fi\/the-pajasali-hall-suomenlinna\/"]}]},{"@type":"ImageObject","inLanguage":"de","@id":"https:\/\/artome.fi\/fi\/the-pajasali-hall-suomenlinna\/#primaryimage","url":"https:\/\/artome.fi\/wp-content\/uploads\/2022\/06\/Artome_Suomenlinna_2021-08-09-1536x864.jpg","contentUrl":"https:\/\/artome.fi\/wp-content\/uploads\/2022\/06\/Artome_Suomenlinna_2021-08-09-1536x864.jpg"},{"@type":"BreadcrumbList","@id":"https:\/\/artome.fi\/fi\/the-pajasali-hall-suomenlinna\/#breadcrumb","itemListElement":[{"@type":"ListItem","position":1,"name":"Etusivu","item":"https:\/\/artome.fi\/en\/"},{"@type":"ListItem","position":2,"name":"The Pajasali Hall Suomenlinna"}]},{"@type":"WebSite","@id":"https:\/\/artome.fi\/en\/#website","url":"https:\/\/artome.fi\/en\/","name":"Artome","description":"Neugestaltung audiovisueller Medien mit intelligenten M\u00f6beln","publisher":{"@id":"https:\/\/artome.fi\/en\/#organization"},"potentialAction":[{"@type":"SearchAction","target":{"@type":"EntryPoint","urlTemplate":"https:\/\/artome.fi\/en\/?s={search_term_string}"},"query-input":{"@type":"PropertyValueSpecification","valueRequired":true,"valueName":"search_term_string"}}],"inLanguage":"de"},{"@type":"Organization","@id":"https:\/\/artome.fi\/en\/#organization","name":"Artome","url":"https:\/\/artome.fi\/en\/","logo":{"@type":"ImageObject","inLanguage":"de","@id":"https:\/\/artome.fi\/en\/#\/schema\/logo\/image\/","url":"https:\/\/artome.fi\/wp-content\/uploads\/2022\/02\/artome_logo_black.png","contentUrl":"https:\/\/artome.fi\/wp-content\/uploads\/2022\/02\/artome_logo_black.png","width":1280,"height":496,"caption":"Artome"},"image":{"@id":"https:\/\/artome.fi\/en\/#\/schema\/logo\/image\/"}}]}},"_links":{"self":[{"href":"https:\/\/artome.fi\/de\/wp-json\/wp\/v2\/pages\/841","targetHints":{"allow":["GET"]}}],"collection":[{"href":"https:\/\/artome.fi\/de\/wp-json\/wp\/v2\/pages"}],"about":[{"href":"https:\/\/artome.fi\/de\/wp-json\/wp\/v2\/types\/page"}],"author":[{"embeddable":true,"href":"https:\/\/artome.fi\/de\/wp-json\/wp\/v2\/users\/1"}],"replies":[{"embeddable":true,"href":"https:\/\/artome.fi\/de\/wp-json\/wp\/v2\/comments?post=841"}],"version-history":[{"count":33,"href":"https:\/\/artome.fi\/de\/wp-json\/wp\/v2\/pages\/841\/revisions"}],"predecessor-version":[{"id":6600,"href":"https:\/\/artome.fi\/de\/wp-json\/wp\/v2\/pages\/841\/revisions\/6600"}],"wp:attachment":[{"href":"https:\/\/artome.fi\/de\/wp-json\/wp\/v2\/media?parent=841"}],"curies":[{"name":"wp","href":"https:\/\/api.w.org\/{rel}","templated":true}]}}