{"id":976,"date":"2022-06-09T07:16:09","date_gmt":"2022-06-09T07:16:09","guid":{"rendered":"https:\/\/artome.fi\/?page_id=976"},"modified":"2022-11-28T13:36:27","modified_gmt":"2022-11-28T13:36:27","slug":"discover-the-ease","status":"publish","type":"page","link":"https:\/\/artome.fi\/de\/entdecken-sie-die-leichtigkeit\/","title":{"rendered":"Entdecken Sie die Leichtigkeit"},"content":{"rendered":"<div data-elementor-type=\"wp-page\" data-elementor-id=\"976\" class=\"elementor elementor-976\" data-elementor-post-type=\"page\">\n\t\t\t\t\t\t<section class=\"elementor-section elementor-top-section elementor-element elementor-element-7635837a ct-section-stretched elementor-section-height-min-height elementor-section-full_width elementor-section-height-default elementor-section-items-middle\" data-id=\"7635837a\" data-element_type=\"section\" data-settings=\"{&quot;background_background&quot;:&quot;classic&quot;}\">\n\t\t\t\t\t\t<div class=\"elementor-container elementor-column-gap-no\">\n\t\t\t\t\t<div class=\"elementor-column elementor-col-100 elementor-top-column elementor-element elementor-element-7785f063\" data-id=\"7785f063\" data-element_type=\"column\">\n\t\t\t<div class=\"elementor-widget-wrap elementor-element-populated\">\n\t\t\t\t\t\t<div class=\"elementor-element elementor-element-44e0056e elementor-widget elementor-widget-heading\" data-id=\"44e0056e\" data-element_type=\"widget\" data-widget_type=\"heading.default\">\n\t\t\t\t<div class=\"elementor-widget-container\">\n\t\t\t\t\t<h1 class=\"elementor-heading-title elementor-size-default\">Die einfachste L\u00f6sung f\u00fcr die Pr\u00e4sentation<\/h1>\t\t\t\t<\/div>\n\t\t\t\t<\/div>\n\t\t\t\t\t<\/div>\n\t\t<\/div>\n\t\t\t\t\t<\/div>\n\t\t<\/section>\n\t\t\t\t<section class=\"elementor-section elementor-top-section elementor-element elementor-element-246a58b ct-section-stretched elementor-section-boxed elementor-section-height-default elementor-section-height-default\" data-id=\"246a58b\" data-element_type=\"section\">\n\t\t\t\t\t\t<div class=\"elementor-container elementor-column-gap-no\">\n\t\t\t\t\t<div class=\"elementor-column elementor-col-100 elementor-top-column elementor-element elementor-element-4f5074fb\" data-id=\"4f5074fb\" data-element_type=\"column\">\n\t\t\t<div class=\"elementor-widget-wrap elementor-element-populated\">\n\t\t\t\t\t\t<div class=\"elementor-element elementor-element-41b2e38 elementor-widget elementor-widget-heading\" data-id=\"41b2e38\" data-element_type=\"widget\" data-widget_type=\"heading.default\">\n\t\t\t\t<div class=\"elementor-widget-container\">\n\t\t\t\t\t<h2 class=\"elementor-heading-title elementor-size-default\">Erleben Sie die Leichtigkeit<\/h2>\t\t\t\t<\/div>\n\t\t\t\t<\/div>\n\t\t\t\t<div class=\"elementor-element elementor-element-50f1f28d elementor-widget elementor-widget-text-editor\" data-id=\"50f1f28d\" data-element_type=\"widget\" data-widget_type=\"text-editor.default\">\n\t\t\t\t<div class=\"elementor-widget-container\">\n\t\t\t\t\t\t\t\t\t<p>Artome M10 ist ein benutzerfreundliches Smart-Ger\u00e4t, das einen integrierten Epson-Laserprojektor, ein integriertes Audiosystem und eine Videokonferenzfunktion kombiniert. Es erm\u00f6glicht m\u00fchelose Pr\u00e4sentationen und Hybrid-Meetings und l\u00e4sst sich leicht von einem Ort zum anderen bewegen, da lediglich eine leichte Wand oder ein Bildschirm als Reflexionsfl\u00e4che ben\u00f6tigt wird. Die Verbindung mit verschiedenen Ger\u00e4ten ist einfach und es sind keine separaten Programme oder Installationen erforderlich.<\/p>\t\t\t\t\t\t\t\t<\/div>\n\t\t\t\t<\/div>\n\t\t\t\t\t<\/div>\n\t\t<\/div>\n\t\t\t\t\t<\/div>\n\t\t<\/section>\n\t\t\t\t<section class=\"elementor-section elementor-top-section elementor-element elementor-element-1a634a23 ct-section-stretched elementor-section-items-top elementor-section-height-min-height elementor-section-boxed elementor-section-height-default\" data-id=\"1a634a23\" data-element_type=\"section\" data-settings=\"{&quot;background_background&quot;:&quot;classic&quot;}\">\n\t\t\t\t\t\t<div class=\"elementor-container elementor-column-gap-default\">\n\t\t\t\t\t<div class=\"elementor-column elementor-col-50 elementor-top-column elementor-element elementor-element-744debb6 elementor-hidden-tablet elementor-hidden-mobile\" data-id=\"744debb6\" data-element_type=\"column\">\n\t\t\t<div class=\"elementor-widget-wrap\">\n\t\t\t\t\t\t\t<\/div>\n\t\t<\/div>\n\t\t\t\t<div class=\"elementor-column elementor-col-50 elementor-top-column elementor-element elementor-element-3d48c553\" data-id=\"3d48c553\" data-element_type=\"column\" data-settings=\"{&quot;background_background&quot;:&quot;classic&quot;}\">\n\t\t\t<div class=\"elementor-widget-wrap\">\n\t\t\t\t\t\t\t<\/div>\n\t\t<\/div>\n\t\t\t\t\t<\/div>\n\t\t<\/section>\n\t\t\t\t<section class=\"elementor-section elementor-top-section elementor-element elementor-element-aeb5bc9 ct-section-stretched elementor-section-boxed elementor-section-height-default elementor-section-height-default\" data-id=\"aeb5bc9\" data-element_type=\"section\">\n\t\t\t\t\t\t<div class=\"elementor-container elementor-column-gap-default\">\n\t\t\t\t\t<div class=\"elementor-column elementor-col-50 elementor-top-column elementor-element elementor-element-5ef0375b\" data-id=\"5ef0375b\" data-element_type=\"column\" data-settings=\"{&quot;background_background&quot;:&quot;classic&quot;}\">\n\t\t\t<div class=\"elementor-widget-wrap elementor-element-populated\">\n\t\t\t\t\t\t<div class=\"elementor-element elementor-element-c87d220 elementor-widget elementor-widget-heading\" data-id=\"c87d220\" data-element_type=\"widget\" data-widget_type=\"heading.default\">\n\t\t\t\t<div class=\"elementor-widget-container\">\n\t\t\t\t\t<h2 class=\"elementor-heading-title elementor-size-default\">Die Leichtigkeit des Artome M10 beginnt schon beim Start<\/h2>\t\t\t\t<\/div>\n\t\t\t\t<\/div>\n\t\t\t\t\t<\/div>\n\t\t<\/div>\n\t\t\t\t<div class=\"elementor-column elementor-col-50 elementor-top-column elementor-element elementor-element-9122c05\" data-id=\"9122c05\" data-element_type=\"column\" data-settings=\"{&quot;background_background&quot;:&quot;classic&quot;}\">\n\t\t\t<div class=\"elementor-widget-wrap elementor-element-populated\">\n\t\t\t\t\t\t<div class=\"elementor-element elementor-element-64c2ace4 elementor-widget elementor-widget-text-editor\" data-id=\"64c2ace4\" data-element_type=\"widget\" data-widget_type=\"text-editor.default\">\n\t\t\t\t<div class=\"elementor-widget-container\">\n\t\t\t\t\t\t\t\t\t<p>Die Herausforderungen traditioneller, fest installierter Technik liegen nicht nur in der Installation, sondern auch in der Nutzung und Wartung. Wenn eine einzelne Komponente des Systems aus irgendeinem Grund nicht funktioniert (z. B. Wandlautsprecher), kann die Gesamtfunktionalit\u00e4t des Ger\u00e4ts Kopfschmerzen verursachen und die Reparatur ist nicht unbedingt einfach.<\/p>\t\t\t\t\t\t\t\t<\/div>\n\t\t\t\t<\/div>\n\t\t\t\t<div class=\"elementor-element elementor-element-67f6b9e9 elementor-widget elementor-widget-text-editor\" data-id=\"67f6b9e9\" data-element_type=\"widget\" data-widget_type=\"text-editor.default\">\n\t\t\t\t<div class=\"elementor-widget-container\">\n\t\t\t\t\t\t\t\t\t<p>Die Leichtigkeit des Artome M10 beginnt schon beim Start. Es sind keine Installationen oder separate Anwendungsprogramme erforderlich. Die Inhalte k\u00f6nnen einfach von einem Computer \u00fcber ein HDMI-Kabel oder drahtlos von einem mobilen Ger\u00e4t pr\u00e4sentiert werden. Bei fabrikgefertigten intelligenten M\u00f6beln arbeiten alle Komponenten nahtlos zusammen und jede Reparatur oder Wartung der Ger\u00e4te kann mithilfe einer einzigen Support-Telefonnummer abgewickelt werden.<\/p>\t\t\t\t\t\t\t\t<\/div>\n\t\t\t\t<\/div>\n\t\t\t\t\t<\/div>\n\t\t<\/div>\n\t\t\t\t\t<\/div>\n\t\t<\/section>\n\t\t\t\t<\/div>","protected":false},"excerpt":{"rendered":"<p>Helpoin ratkaisu esitt\u00e4miseen Koe helppous Artome M10 on helppok\u00e4ytt\u00f6inen \u00e4lykaluste, jossa yhdistyv\u00e4t integroitu Epson laserprojektori, sis\u00e4\u00e4nrakennettu \u00e4\u00e4nentoistoj\u00e4rjestelm\u00e4 ja videokonferenssiominaisuus. Se mahdollistaa vaivattoman esitt\u00e4misen ja hybridikokoukset, ja sit\u00e4 on helppo siirt\u00e4\u00e4 paikasta toiseen sill\u00e4, heijastuspinnaksi tarvitaan vain vaalea sein\u00e4 tai valkokangas. Yhdist\u00e4minen eri laitteiden kanssa on helppoa, eik\u00e4 erillisi\u00e4 ohjelmia tai asennuksia tarvita. Artome M10 helppous [&hellip;]<\/p>\n","protected":false},"author":1,"featured_media":0,"parent":0,"menu_order":0,"comment_status":"closed","ping_status":"closed","template":"elementor_header_footer","meta":{"om_disable_all_campaigns":false,"_monsterinsights_skip_tracking":false,"_monsterinsights_sitenote_active":false,"_monsterinsights_sitenote_note":"","_monsterinsights_sitenote_category":0,"_uf_show_specific_survey":0,"_uf_disable_surveys":false,"footnotes":""},"class_list":["post-976","page","type-page","status-publish","hentry"],"blocksy_meta":{"styles_descriptor":{"styles":{"desktop":"","tablet":"","mobile":""},"google_fonts":[],"version":6}},"aioseo_notices":[],"yoast_head":"<!-- This site is optimized with the Yoast SEO Premium plugin v23.2 (Yoast SEO v26.3) - https:\/\/yoast.com\/wordpress\/plugins\/seo\/ -->\n<title>Artome | Discover the ease<\/title>\n<meta name=\"description\" content=\"Discover the ease. Check out more why Artome M10 is the easiest solution.\" \/>\n<meta name=\"robots\" content=\"index, follow, max-snippet:-1, max-image-preview:large, max-video-preview:-1\" \/>\n<link rel=\"canonical\" href=\"https:\/\/artome.fi\/de\/entdecken-sie-die-leichtigkeit\/\" \/>\n<meta property=\"og:locale\" content=\"de_DE\" \/>\n<meta property=\"og:type\" content=\"article\" \/>\n<meta property=\"og:title\" content=\"Discover the ease\" \/>\n<meta property=\"og:description\" content=\"Discover the ease. Check out more why Artome M10 is the easiest solution.\" \/>\n<meta property=\"og:url\" content=\"https:\/\/artome.fi\/de\/entdecken-sie-die-leichtigkeit\/\" \/>\n<meta property=\"og:site_name\" content=\"Artome\" \/>\n<meta property=\"article:modified_time\" content=\"2022-11-28T13:36:27+00:00\" \/>\n<meta name=\"twitter:card\" content=\"summary_large_image\" \/>\n<meta name=\"twitter:label1\" content=\"Gesch\u00e4tzte Lesezeit\" \/>\n\t<meta name=\"twitter:data1\" content=\"1\u00a0Minute\" \/>\n<script type=\"application\/ld+json\" class=\"yoast-schema-graph\">{\"@context\":\"https:\/\/schema.org\",\"@graph\":[{\"@type\":\"WebPage\",\"@id\":\"https:\/\/artome.fi\/de\/entdecken-sie-die-leichtigkeit\/\",\"url\":\"https:\/\/artome.fi\/de\/entdecken-sie-die-leichtigkeit\/\",\"name\":\"Artome | Discover the ease\",\"isPartOf\":{\"@id\":\"https:\/\/artome.fi\/en\/#website\"},\"datePublished\":\"2022-06-09T07:16:09+00:00\",\"dateModified\":\"2022-11-28T13:36:27+00:00\",\"description\":\"Discover the ease. Check out more why Artome M10 is the easiest solution.\",\"breadcrumb\":{\"@id\":\"https:\/\/artome.fi\/de\/entdecken-sie-die-leichtigkeit\/#breadcrumb\"},\"inLanguage\":\"de\",\"potentialAction\":[{\"@type\":\"ReadAction\",\"target\":[\"https:\/\/artome.fi\/de\/entdecken-sie-die-leichtigkeit\/\"]}]},{\"@type\":\"BreadcrumbList\",\"@id\":\"https:\/\/artome.fi\/de\/entdecken-sie-die-leichtigkeit\/#breadcrumb\",\"itemListElement\":[{\"@type\":\"ListItem\",\"position\":1,\"name\":\"Etusivu\",\"item\":\"https:\/\/artome.fi\/en\/\"},{\"@type\":\"ListItem\",\"position\":2,\"name\":\"Discover the ease\"}]},{\"@type\":\"WebSite\",\"@id\":\"https:\/\/artome.fi\/en\/#website\",\"url\":\"https:\/\/artome.fi\/en\/\",\"name\":\"Artome\",\"description\":\"Redesigning audiovisual with smart furniture\",\"publisher\":{\"@id\":\"https:\/\/artome.fi\/en\/#organization\"},\"potentialAction\":[{\"@type\":\"SearchAction\",\"target\":{\"@type\":\"EntryPoint\",\"urlTemplate\":\"https:\/\/artome.fi\/en\/?s={search_term_string}\"},\"query-input\":{\"@type\":\"PropertyValueSpecification\",\"valueRequired\":true,\"valueName\":\"search_term_string\"}}],\"inLanguage\":\"de\"},{\"@type\":\"Organization\",\"@id\":\"https:\/\/artome.fi\/en\/#organization\",\"name\":\"Artome\",\"url\":\"https:\/\/artome.fi\/en\/\",\"logo\":{\"@type\":\"ImageObject\",\"inLanguage\":\"de\",\"@id\":\"https:\/\/artome.fi\/en\/#\/schema\/logo\/image\/\",\"url\":\"https:\/\/artome.fi\/wp-content\/uploads\/2022\/02\/artome_logo_black.png\",\"contentUrl\":\"https:\/\/artome.fi\/wp-content\/uploads\/2022\/02\/artome_logo_black.png\",\"width\":1280,\"height\":496,\"caption\":\"Artome\"},\"image\":{\"@id\":\"https:\/\/artome.fi\/en\/#\/schema\/logo\/image\/\"}}]}<\/script>\n<!-- \/ Yoast SEO Premium plugin. -->","yoast_head_json":{"title":"Artome | Entdecken Sie die Leichtigkeit","description":"Entdecken Sie die Leichtigkeit. Erfahren Sie mehr dar\u00fcber, warum Artome M10 die einfachste L\u00f6sung ist.","robots":{"index":"index","follow":"follow","max-snippet":"max-snippet:-1","max-image-preview":"max-image-preview:large","max-video-preview":"max-video-preview:-1"},"canonical":"https:\/\/artome.fi\/de\/entdecken-sie-die-leichtigkeit\/","og_locale":"de_DE","og_type":"article","og_title":"Discover the ease","og_description":"Discover the ease. Check out more why Artome M10 is the easiest solution.","og_url":"https:\/\/artome.fi\/de\/entdecken-sie-die-leichtigkeit\/","og_site_name":"Artome","article_modified_time":"2022-11-28T13:36:27+00:00","twitter_card":"summary_large_image","twitter_misc":{"Gesch\u00e4tzte Lesezeit":"1\u00a0Minute"},"schema":{"@context":"https:\/\/schema.org","@graph":[{"@type":"WebPage","@id":"https:\/\/artome.fi\/de\/entdecken-sie-die-leichtigkeit\/","url":"https:\/\/artome.fi\/de\/entdecken-sie-die-leichtigkeit\/","name":"Artome | Entdecken Sie die Leichtigkeit","isPartOf":{"@id":"https:\/\/artome.fi\/en\/#website"},"datePublished":"2022-06-09T07:16:09+00:00","dateModified":"2022-11-28T13:36:27+00:00","description":"Entdecken Sie die Leichtigkeit. Erfahren Sie mehr dar\u00fcber, warum Artome M10 die einfachste L\u00f6sung ist.","breadcrumb":{"@id":"https:\/\/artome.fi\/de\/entdecken-sie-die-leichtigkeit\/#breadcrumb"},"inLanguage":"de","potentialAction":[{"@type":"ReadAction","target":["https:\/\/artome.fi\/de\/entdecken-sie-die-leichtigkeit\/"]}]},{"@type":"BreadcrumbList","@id":"https:\/\/artome.fi\/de\/entdecken-sie-die-leichtigkeit\/#breadcrumb","itemListElement":[{"@type":"ListItem","position":1,"name":"Etusivu","item":"https:\/\/artome.fi\/en\/"},{"@type":"ListItem","position":2,"name":"Discover the ease"}]},{"@type":"WebSite","@id":"https:\/\/artome.fi\/en\/#website","url":"https:\/\/artome.fi\/en\/","name":"Artome","description":"Neugestaltung audiovisueller Medien mit intelligenten M\u00f6beln","publisher":{"@id":"https:\/\/artome.fi\/en\/#organization"},"potentialAction":[{"@type":"SearchAction","target":{"@type":"EntryPoint","urlTemplate":"https:\/\/artome.fi\/en\/?s={search_term_string}"},"query-input":{"@type":"PropertyValueSpecification","valueRequired":true,"valueName":"search_term_string"}}],"inLanguage":"de"},{"@type":"Organization","@id":"https:\/\/artome.fi\/en\/#organization","name":"Artome","url":"https:\/\/artome.fi\/en\/","logo":{"@type":"ImageObject","inLanguage":"de","@id":"https:\/\/artome.fi\/en\/#\/schema\/logo\/image\/","url":"https:\/\/artome.fi\/wp-content\/uploads\/2022\/02\/artome_logo_black.png","contentUrl":"https:\/\/artome.fi\/wp-content\/uploads\/2022\/02\/artome_logo_black.png","width":1280,"height":496,"caption":"Artome"},"image":{"@id":"https:\/\/artome.fi\/en\/#\/schema\/logo\/image\/"}}]}},"_links":{"self":[{"href":"https:\/\/artome.fi\/de\/wp-json\/wp\/v2\/pages\/976","targetHints":{"allow":["GET"]}}],"collection":[{"href":"https:\/\/artome.fi\/de\/wp-json\/wp\/v2\/pages"}],"about":[{"href":"https:\/\/artome.fi\/de\/wp-json\/wp\/v2\/types\/page"}],"author":[{"embeddable":true,"href":"https:\/\/artome.fi\/de\/wp-json\/wp\/v2\/users\/1"}],"replies":[{"embeddable":true,"href":"https:\/\/artome.fi\/de\/wp-json\/wp\/v2\/comments?post=976"}],"version-history":[{"count":52,"href":"https:\/\/artome.fi\/de\/wp-json\/wp\/v2\/pages\/976\/revisions"}],"predecessor-version":[{"id":2494,"href":"https:\/\/artome.fi\/de\/wp-json\/wp\/v2\/pages\/976\/revisions\/2494"}],"wp:attachment":[{"href":"https:\/\/artome.fi\/de\/wp-json\/wp\/v2\/media?parent=976"}],"curies":[{"name":"wp","href":"https:\/\/api.w.org\/{rel}","templated":true}]}}