{"id":1010,"date":"2022-06-08T18:07:02","date_gmt":"2022-06-08T18:07:02","guid":{"rendered":"https:\/\/artome.fi\/?page_id=1010"},"modified":"2023-11-08T15:56:58","modified_gmt":"2023-11-08T15:56:58","slug":"story","status":"publish","type":"page","link":"https:\/\/artome.fi\/en\/story\/","title":{"rendered":"Artome Story"},"content":{"rendered":"<div data-elementor-type=\"wp-page\" data-elementor-id=\"1010\" class=\"elementor elementor-1010\" data-elementor-post-type=\"page\">\n\t\t\t\t\t\t<section class=\"elementor-section elementor-top-section elementor-element elementor-element-73fa7923 ct-section-stretched elementor-section-boxed elementor-section-height-default elementor-section-height-default\" data-id=\"73fa7923\" data-element_type=\"section\">\n\t\t\t\t\t\t<div class=\"elementor-container elementor-column-gap-no\">\n\t\t\t\t\t<div class=\"elementor-column elementor-col-100 elementor-top-column elementor-element elementor-element-41cf59bb\" data-id=\"41cf59bb\" data-element_type=\"column\">\n\t\t\t<div class=\"elementor-widget-wrap elementor-element-populated\">\n\t\t\t\t\t\t<div class=\"elementor-element elementor-element-597340b1 elementor-widget elementor-widget-heading\" data-id=\"597340b1\" data-element_type=\"widget\" data-widget_type=\"heading.default\">\n\t\t\t\t<div class=\"elementor-widget-container\">\n\t\t\t\t\t<h2 class=\"elementor-heading-title elementor-size-default\">Story of Artome<\/h2>\t\t\t\t<\/div>\n\t\t\t\t<\/div>\n\t\t\t\t<div class=\"elementor-element elementor-element-3fec15c elementor-widget elementor-widget-heading\" data-id=\"3fec15c\" data-element_type=\"widget\" data-widget_type=\"heading.default\">\n\t\t\t\t<div class=\"elementor-widget-container\">\n\t\t\t\t\t<h2 class=\"elementor-heading-title elementor-size-default\">Redesigning audiovisual<\/h2>\t\t\t\t<\/div>\n\t\t\t\t<\/div>\n\t\t\t\t<div class=\"elementor-element elementor-element-3f754f6d elementor-widget elementor-widget-text-editor\" data-id=\"3f754f6d\" data-element_type=\"widget\" data-widget_type=\"text-editor.default\">\n\t\t\t\t<div class=\"elementor-widget-container\">\n\t\t\t\t\t\t\t\t\t<p>We all know that one person who leads a busy life of a professional travelling all around the world and is forced to arrange his or her life according to the terms of the upcoming work projects. Not knowing where he or she will spend the next half-a-year and not being able to plan the future much ahead.<br \/><br \/>Our Founder used to be that guy. His name is <strong>Toni Parikka<\/strong><\/p>\t\t\t\t\t\t\t\t<\/div>\n\t\t\t\t<\/div>\n\t\t\t\t\t<\/div>\n\t\t<\/div>\n\t\t\t\t\t<\/div>\n\t\t<\/section>\n\t\t\t\t<section class=\"elementor-section elementor-top-section elementor-element elementor-element-281afc44 ct-section-stretched elementor-section-boxed elementor-section-height-default elementor-section-height-default\" data-id=\"281afc44\" data-element_type=\"section\" data-settings=\"{&quot;background_background&quot;:&quot;classic&quot;}\">\n\t\t\t\t\t\t<div class=\"elementor-container elementor-column-gap-default\">\n\t\t\t\t\t<div class=\"elementor-column elementor-col-100 elementor-top-column elementor-element elementor-element-cd3189f\" data-id=\"cd3189f\" data-element_type=\"column\">\n\t\t\t<div class=\"elementor-widget-wrap elementor-element-populated\">\n\t\t\t\t\t\t<section class=\"elementor-section elementor-inner-section elementor-element elementor-element-cb239ae elementor-section-boxed elementor-section-height-default elementor-section-height-default\" data-id=\"cb239ae\" data-element_type=\"section\">\n\t\t\t\t\t\t<div class=\"elementor-container elementor-column-gap-default\">\n\t\t\t\t\t<div class=\"elementor-column elementor-col-50 elementor-inner-column elementor-element elementor-element-341b29b\" data-id=\"341b29b\" data-element_type=\"column\">\n\t\t\t<div class=\"elementor-widget-wrap elementor-element-populated\">\n\t\t\t\t\t\t<div class=\"elementor-element elementor-element-085c280 elementor-blockquote--skin-quotation elementor-widget elementor-widget-blockquote\" data-id=\"085c280\" data-element_type=\"widget\" data-widget_type=\"blockquote.default\">\n\t\t\t\t<div class=\"elementor-widget-container\">\n\t\t\t\t\t\t\t<blockquote class=\"elementor-blockquote\">\n\t\t\t<p class=\"elementor-blockquote__content\">\n\t\t\t\tI understood that this ultra-short throw lens technology would change the AV industry, because it is possible to use in installation free systems.  Still the first installation free product with UST projector was drawn only in 2014, because the lamps couldn't last mobility\t\t\t<\/p>\n\t\t\t\t\t\t\t<div class=\"e-q-footer\">\n\t\t\t\t\t\t\t\t\t\t\t<cite class=\"elementor-blockquote__author\">Toni Parikka, Founder &amp; CVO<\/cite>\n\t\t\t\t\t\t\t\t\t\t\t\t\t\t<\/div>\n\t\t\t\t\t<\/blockquote>\n\t\t\t\t\t\t<\/div>\n\t\t\t\t<\/div>\n\t\t\t\t\t<\/div>\n\t\t<\/div>\n\t\t\t\t<div class=\"elementor-column elementor-col-50 elementor-inner-column elementor-element elementor-element-16d40bd\" data-id=\"16d40bd\" data-element_type=\"column\">\n\t\t\t<div class=\"elementor-widget-wrap\">\n\t\t\t\t\t\t\t<\/div>\n\t\t<\/div>\n\t\t\t\t\t<\/div>\n\t\t<\/section>\n\t\t\t\t\t<\/div>\n\t\t<\/div>\n\t\t\t\t\t<\/div>\n\t\t<\/section>\n\t\t\t\t<section class=\"elementor-section elementor-top-section elementor-element elementor-element-553739ef ct-section-stretched elementor-section-boxed elementor-section-height-default elementor-section-height-default\" data-id=\"553739ef\" data-element_type=\"section\">\n\t\t\t\t\t\t<div class=\"elementor-container elementor-column-gap-default\">\n\t\t\t\t\t<div class=\"elementor-column elementor-col-50 elementor-top-column elementor-element elementor-element-6041f3a7\" data-id=\"6041f3a7\" data-element_type=\"column\" data-settings=\"{&quot;background_background&quot;:&quot;classic&quot;}\">\n\t\t\t<div class=\"elementor-widget-wrap elementor-element-populated\">\n\t\t\t\t\t\t<div class=\"elementor-element elementor-element-2940ecd elementor-widget elementor-widget-heading\" data-id=\"2940ecd\" data-element_type=\"widget\" data-widget_type=\"heading.default\">\n\t\t\t\t<div class=\"elementor-widget-container\">\n\t\t\t\t\t<h2 class=\"elementor-heading-title elementor-size-default\">From AV-integrator to a smart furniture designer<\/h2>\t\t\t\t<\/div>\n\t\t\t\t<\/div>\n\t\t\t\t<div class=\"elementor-element elementor-element-1ecf70a elementor-widget elementor-widget-text-editor\" data-id=\"1ecf70a\" data-element_type=\"widget\" data-widget_type=\"text-editor.default\">\n\t\t\t\t<div class=\"elementor-widget-container\">\n\t\t\t\t\t\t\t\t\t<p>For over a decade he worked in various projects as an AV-integrator. The nature of work for the AV-integrator is, that when construction project hits the point where the walls have been painted and electricity has been installed, that\u2019s when the AV-guy comes in. Not sure what to face and what to expect, because of the projects pending and deadlines changing all the time.<\/p><p>Despite of the pending hours, Toni found working in AV-projects great, but he understood that it was not possible to establish a family or do any scalable global business this way. For Toni, the turning point was finally a new school project in Finland in 2012, where Toni installed his first ultra-short throw projectors.<\/p>\t\t\t\t\t\t\t\t<\/div>\n\t\t\t\t<\/div>\n\t\t\t\t\t<\/div>\n\t\t<\/div>\n\t\t\t\t<div class=\"elementor-column elementor-col-50 elementor-top-column elementor-element elementor-element-dd60a80\" data-id=\"dd60a80\" data-element_type=\"column\" data-settings=\"{&quot;background_background&quot;:&quot;classic&quot;}\">\n\t\t\t<div class=\"elementor-widget-wrap elementor-element-populated\">\n\t\t\t\t\t\t<div class=\"elementor-element elementor-element-514cd10 elementor-widget elementor-widget-heading\" data-id=\"514cd10\" data-element_type=\"widget\" data-widget_type=\"heading.default\">\n\t\t\t\t<div class=\"elementor-widget-container\">\n\t\t\t\t\t<h2 class=\"elementor-heading-title elementor-size-default\">No more installations<\/h2>\t\t\t\t<\/div>\n\t\t\t\t<\/div>\n\t\t\t\t<div class=\"elementor-element elementor-element-6513e861 elementor-widget elementor-widget-text-editor\" data-id=\"6513e861\" data-element_type=\"widget\" data-widget_type=\"text-editor.default\">\n\t\t\t\t<div class=\"elementor-widget-container\">\n\t\t\t\t\t\t\t\t\t<p>The project was a disaster. It was once more a project that was late -big time- because of the re-planning of electrical solutions. It was then when Toni decided that this is enough. Because of his expertise of speakers and sound systems too, he had already had an idea of creating an easy-to-use product which could produce both audio and image and be installed without AV-guy travelling to the location.<\/p><p>2014 was a big year for Toni. He got married, had his first kid and introduced the first concept model of a smart furniture with a big screen and audio playback with no need for installation.  After several versions and with the boost from the evolution of technology, in May 2018 was finally time to say goodbye to traveling. Artome Movea, the first movable and adaptable presentation solution for business was born.<\/p>\t\t\t\t\t\t\t\t<\/div>\n\t\t\t\t<\/div>\n\t\t\t\t\t<\/div>\n\t\t<\/div>\n\t\t\t\t\t<\/div>\n\t\t<\/section>\n\t\t\t\t<section class=\"elementor-section elementor-top-section elementor-element elementor-element-5bd06a0 elementor-section-boxed elementor-section-height-default elementor-section-height-default\" data-id=\"5bd06a0\" data-element_type=\"section\">\n\t\t\t\t\t\t<div class=\"elementor-container elementor-column-gap-default\">\n\t\t\t\t\t<div class=\"elementor-column elementor-col-100 elementor-top-column elementor-element elementor-element-4aa59dc\" data-id=\"4aa59dc\" data-element_type=\"column\">\n\t\t\t<div class=\"elementor-widget-wrap elementor-element-populated\">\n\t\t\t\t\t\t<div class=\"elementor-element elementor-element-97a0af1 elementor-blockquote--skin-quotation elementor-widget elementor-widget-blockquote\" data-id=\"97a0af1\" data-element_type=\"widget\" data-widget_type=\"blockquote.default\">\n\t\t\t\t<div class=\"elementor-widget-container\">\n\t\t\t\t\t\t\t<blockquote class=\"elementor-blockquote\">\n\t\t\t<p class=\"elementor-blockquote__content\">\n\t\t\t\tThe main goal for me was to create something that would offer the users adaptability and easiness starting from the construction. For me personally, it was not only about the uncertainty of the AV-project timetables but also the idea of being able to settle down and start a family. The choice was right since I ended up with two families -one at home and the one that I have with Artome.\t\t\t<\/p>\n\t\t\t\t\t\t\t<div class=\"e-q-footer\">\n\t\t\t\t\t\t\t\t\t\t\t<cite class=\"elementor-blockquote__author\">Toni Parikka<\/cite>\n\t\t\t\t\t\t\t\t\t\t\t\t\t\t<\/div>\n\t\t\t\t\t<\/blockquote>\n\t\t\t\t\t\t<\/div>\n\t\t\t\t<\/div>\n\t\t\t\t<div class=\"elementor-element elementor-element-dc6021c elementor-widget-divider--view-line elementor-widget elementor-widget-divider\" data-id=\"dc6021c\" data-element_type=\"widget\" data-widget_type=\"divider.default\">\n\t\t\t\t<div class=\"elementor-widget-container\">\n\t\t\t\t\t\t\t<div class=\"elementor-divider\">\n\t\t\t<span class=\"elementor-divider-separator\">\n\t\t\t\t\t\t<\/span>\n\t\t<\/div>\n\t\t\t\t\t\t<\/div>\n\t\t\t\t<\/div>\n\t\t\t\t<div class=\"elementor-element elementor-element-561a328 elementor-widget elementor-widget-heading\" data-id=\"561a328\" data-element_type=\"widget\" data-widget_type=\"heading.default\">\n\t\t\t\t<div class=\"elementor-widget-container\">\n\t\t\t\t\t<h2 class=\"elementor-heading-title elementor-size-default\">About Artome<\/h2>\t\t\t\t<\/div>\n\t\t\t\t<\/div>\n\t\t\t\t<div class=\"elementor-element elementor-element-28f7aaf elementor-widget elementor-widget-text-editor\" data-id=\"28f7aaf\" data-element_type=\"widget\" data-widget_type=\"text-editor.default\">\n\t\t\t\t<div class=\"elementor-widget-container\">\n\t\t\t\t\t\t\t\t\t<p>The ideology of an installation-free and adaptable presentation technology has been, and still is, the foundation of the company. Today Artome offers portable plug-and-play smart furniture for presenting, learning, and much more. The goal of Artome is to plan and build audio-visual technology in a sustainable way and to make products that bring flexibility and easiness to the users without forgetting the aesthetic side.<\/p>\t\t\t\t\t\t\t\t<\/div>\n\t\t\t\t<\/div>\n\t\t\t\t<div class=\"elementor-element elementor-element-2fe5341 elementor-widget-divider--view-line elementor-widget elementor-widget-divider\" data-id=\"2fe5341\" data-element_type=\"widget\" data-widget_type=\"divider.default\">\n\t\t\t\t<div class=\"elementor-widget-container\">\n\t\t\t\t\t\t\t<div class=\"elementor-divider\">\n\t\t\t<span class=\"elementor-divider-separator\">\n\t\t\t\t\t\t<\/span>\n\t\t<\/div>\n\t\t\t\t\t\t<\/div>\n\t\t\t\t<\/div>\n\t\t\t\t\t<\/div>\n\t\t<\/div>\n\t\t\t\t\t<\/div>\n\t\t<\/section>\n\t\t\t\t<\/div>","protected":false},"excerpt":{"rendered":"<p>Artomen tarina Kun ainoa vaihtoehto oli luoda jotain uutta Kuuluuko tuttavapiiriisi henkil\u00f6, joka matkustelee maailman ymp\u00e4ri ty\u00f6n per\u00e4ss\u00e4 ja jonka t\u00e4ytyy aina j\u00e4rjestell\u00e4 koko muu el\u00e4m\u00e4 sen mukaan, eik\u00e4 h\u00e4n voi suunnitella tulevaisuuttaan enemp\u00e4\u00e4 kuin puoli vuotta eteenp\u00e4in. Sellainen henkil\u00f6 oli my\u00f6s Artomen perustaja, Toni Parikka Ymm\u00e4rsin, ett\u00e4 tuoteideani viimeinen puuttuva palanen oli juuri l\u00e4hiprojektorilinssit [&hellip;]<\/p>\n","protected":false},"author":1,"featured_media":0,"parent":0,"menu_order":0,"comment_status":"closed","ping_status":"closed","template":"elementor_header_footer","meta":{"om_disable_all_campaigns":false,"_monsterinsights_skip_tracking":false,"_monsterinsights_sitenote_active":false,"_monsterinsights_sitenote_note":"","_monsterinsights_sitenote_category":0,"_uf_show_specific_survey":0,"_uf_disable_surveys":false,"footnotes":""},"class_list":["post-1010","page","type-page","status-publish","hentry"],"blocksy_meta":{"styles_descriptor":{"styles":{"desktop":"","tablet":"","mobile":""},"google_fonts":[],"version":6}},"aioseo_notices":[],"yoast_head":"<!-- This site is optimized with the Yoast SEO Premium plugin v23.2 (Yoast SEO v26.3) - https:\/\/yoast.com\/wordpress\/plugins\/seo\/ -->\n<title>Artome | Story of Artome<\/title>\n<meta name=\"description\" content=\"Artome plans and builds audiovisual technology and makes products that bring flexibility and easiness without forgetting the aesthetic side.\" \/>\n<meta name=\"robots\" content=\"index, follow, max-snippet:-1, max-image-preview:large, max-video-preview:-1\" \/>\n<link rel=\"canonical\" href=\"https:\/\/artome.fi\/en\/story\/\" \/>\n<meta property=\"og:locale\" content=\"en_GB\" \/>\n<meta property=\"og:type\" content=\"article\" \/>\n<meta property=\"og:title\" content=\"Artome Story\" \/>\n<meta property=\"og:description\" content=\"Artome plans and builds audiovisual technology and makes products that bring flexibility and easiness without forgetting the aesthetic side.\" \/>\n<meta property=\"og:url\" content=\"https:\/\/artome.fi\/en\/story\/\" \/>\n<meta property=\"og:site_name\" content=\"Artome\" \/>\n<meta property=\"article:modified_time\" content=\"2023-11-08T15:56:58+00:00\" \/>\n<meta name=\"twitter:card\" content=\"summary_large_image\" \/>\n<meta name=\"twitter:label1\" content=\"Estimated reading time\" \/>\n\t<meta name=\"twitter:data1\" content=\"3 minutes\" \/>\n<script type=\"application\/ld+json\" class=\"yoast-schema-graph\">{\"@context\":\"https:\/\/schema.org\",\"@graph\":[{\"@type\":\"WebPage\",\"@id\":\"https:\/\/artome.fi\/fr\/histoire\/\",\"url\":\"https:\/\/artome.fi\/fr\/histoire\/\",\"name\":\"Artome | Story of Artome\",\"isPartOf\":{\"@id\":\"https:\/\/artome.fi\/en\/#website\"},\"datePublished\":\"2022-06-08T18:07:02+00:00\",\"dateModified\":\"2023-11-08T15:56:58+00:00\",\"description\":\"Artome plans and builds audiovisual technology and makes products that bring flexibility and easiness without forgetting the aesthetic side.\",\"breadcrumb\":{\"@id\":\"https:\/\/artome.fi\/fr\/histoire\/#breadcrumb\"},\"inLanguage\":\"en-GB\",\"potentialAction\":[{\"@type\":\"ReadAction\",\"target\":[\"https:\/\/artome.fi\/fr\/histoire\/\"]}]},{\"@type\":\"BreadcrumbList\",\"@id\":\"https:\/\/artome.fi\/fr\/histoire\/#breadcrumb\",\"itemListElement\":[{\"@type\":\"ListItem\",\"position\":1,\"name\":\"Etusivu\",\"item\":\"https:\/\/artome.fi\/en\/\"},{\"@type\":\"ListItem\",\"position\":2,\"name\":\"Artome Story\"}]},{\"@type\":\"WebSite\",\"@id\":\"https:\/\/artome.fi\/en\/#website\",\"url\":\"https:\/\/artome.fi\/en\/\",\"name\":\"Artome\",\"description\":\"Redesigning audiovisual with smart furniture\",\"publisher\":{\"@id\":\"https:\/\/artome.fi\/en\/#organization\"},\"potentialAction\":[{\"@type\":\"SearchAction\",\"target\":{\"@type\":\"EntryPoint\",\"urlTemplate\":\"https:\/\/artome.fi\/en\/?s={search_term_string}\"},\"query-input\":{\"@type\":\"PropertyValueSpecification\",\"valueRequired\":true,\"valueName\":\"search_term_string\"}}],\"inLanguage\":\"en-GB\"},{\"@type\":\"Organization\",\"@id\":\"https:\/\/artome.fi\/en\/#organization\",\"name\":\"Artome\",\"url\":\"https:\/\/artome.fi\/en\/\",\"logo\":{\"@type\":\"ImageObject\",\"inLanguage\":\"en-GB\",\"@id\":\"https:\/\/artome.fi\/en\/#\/schema\/logo\/image\/\",\"url\":\"https:\/\/artome.fi\/wp-content\/uploads\/2022\/02\/artome_logo_black.png\",\"contentUrl\":\"https:\/\/artome.fi\/wp-content\/uploads\/2022\/02\/artome_logo_black.png\",\"width\":1280,\"height\":496,\"caption\":\"Artome\"},\"image\":{\"@id\":\"https:\/\/artome.fi\/en\/#\/schema\/logo\/image\/\"}}]}<\/script>\n<!-- \/ Yoast SEO Premium plugin. -->","yoast_head_json":{"title":"Artome | Story of Artome","description":"Artome plans and builds audiovisual technology and makes products that bring flexibility and ease without forgetting the aesthetic side.","robots":{"index":"index","follow":"follow","max-snippet":"max-snippet:-1","max-image-preview":"max-image-preview:large","max-video-preview":"max-video-preview:-1"},"canonical":"https:\/\/artome.fi\/en\/story\/","og_locale":"en_GB","og_type":"article","og_title":"Artome Story","og_description":"Artome plans and builds audiovisual technology and makes products that bring flexibility and easiness without forgetting the aesthetic side.","og_url":"https:\/\/artome.fi\/en\/story\/","og_site_name":"Artome","article_modified_time":"2023-11-08T15:56:58+00:00","twitter_card":"summary_large_image","twitter_misc":{"Estimated reading time":"3 minutes"},"schema":{"@context":"https:\/\/schema.org","@graph":[{"@type":"WebPage","@id":"https:\/\/artome.fi\/fr\/histoire\/","url":"https:\/\/artome.fi\/fr\/histoire\/","name":"Artome | Story of Artome","isPartOf":{"@id":"https:\/\/artome.fi\/en\/#website"},"datePublished":"2022-06-08T18:07:02+00:00","dateModified":"2023-11-08T15:56:58+00:00","description":"Artome plans and builds audiovisual technology and makes products that bring flexibility and ease without forgetting the aesthetic side.","breadcrumb":{"@id":"https:\/\/artome.fi\/fr\/histoire\/#breadcrumb"},"inLanguage":"en-GB","potentialAction":[{"@type":"ReadAction","target":["https:\/\/artome.fi\/fr\/histoire\/"]}]},{"@type":"BreadcrumbList","@id":"https:\/\/artome.fi\/fr\/histoire\/#breadcrumb","itemListElement":[{"@type":"ListItem","position":1,"name":"Etusivu","item":"https:\/\/artome.fi\/en\/"},{"@type":"ListItem","position":2,"name":"Artome Story"}]},{"@type":"WebSite","@id":"https:\/\/artome.fi\/en\/#website","url":"https:\/\/artome.fi\/en\/","name":"Artome","description":"Redesigning audiovisual with smart furniture","publisher":{"@id":"https:\/\/artome.fi\/en\/#organization"},"potentialAction":[{"@type":"SearchAction","target":{"@type":"EntryPoint","urlTemplate":"https:\/\/artome.fi\/en\/?s={search_term_string}"},"query-input":{"@type":"PropertyValueSpecification","valueRequired":true,"valueName":"search_term_string"}}],"inLanguage":"en-GB"},{"@type":"Organization","@id":"https:\/\/artome.fi\/en\/#organization","name":"Artome","url":"https:\/\/artome.fi\/en\/","logo":{"@type":"ImageObject","inLanguage":"en-GB","@id":"https:\/\/artome.fi\/en\/#\/schema\/logo\/image\/","url":"https:\/\/artome.fi\/wp-content\/uploads\/2022\/02\/artome_logo_black.png","contentUrl":"https:\/\/artome.fi\/wp-content\/uploads\/2022\/02\/artome_logo_black.png","width":1280,"height":496,"caption":"Artome"},"image":{"@id":"https:\/\/artome.fi\/en\/#\/schema\/logo\/image\/"}}]}},"_links":{"self":[{"href":"https:\/\/artome.fi\/en\/wp-json\/wp\/v2\/pages\/1010","targetHints":{"allow":["GET"]}}],"collection":[{"href":"https:\/\/artome.fi\/en\/wp-json\/wp\/v2\/pages"}],"about":[{"href":"https:\/\/artome.fi\/en\/wp-json\/wp\/v2\/types\/page"}],"author":[{"embeddable":true,"href":"https:\/\/artome.fi\/en\/wp-json\/wp\/v2\/users\/1"}],"replies":[{"embeddable":true,"href":"https:\/\/artome.fi\/en\/wp-json\/wp\/v2\/comments?post=1010"}],"version-history":[{"count":55,"href":"https:\/\/artome.fi\/en\/wp-json\/wp\/v2\/pages\/1010\/revisions"}],"predecessor-version":[{"id":6612,"href":"https:\/\/artome.fi\/en\/wp-json\/wp\/v2\/pages\/1010\/revisions\/6612"}],"wp:attachment":[{"href":"https:\/\/artome.fi\/en\/wp-json\/wp\/v2\/media?parent=1010"}],"curies":[{"name":"wp","href":"https:\/\/api.w.org\/{rel}","templated":true}]}}