{"id":1064,"date":"2022-06-09T06:52:59","date_gmt":"2022-06-09T06:52:59","guid":{"rendered":"https:\/\/artome.fi\/?page_id=1064"},"modified":"2022-11-28T13:37:43","modified_gmt":"2022-11-28T13:37:43","slug":"our-ideology","status":"publish","type":"page","link":"https:\/\/artome.fi\/en\/our-ideology\/","title":{"rendered":"Our Ideology"},"content":{"rendered":"<div data-elementor-type=\"wp-page\" data-elementor-id=\"1064\" class=\"elementor elementor-1064\" data-elementor-post-type=\"page\">\n\t\t\t\t\t\t<section class=\"elementor-section elementor-top-section elementor-element elementor-element-729c1aa5 ct-section-stretched elementor-section-height-min-height elementor-section-full_width elementor-section-height-default elementor-section-items-middle\" data-id=\"729c1aa5\" data-element_type=\"section\" data-settings=\"{&quot;background_background&quot;:&quot;classic&quot;}\">\n\t\t\t\t\t\t<div class=\"elementor-container elementor-column-gap-no\">\n\t\t\t\t\t<div class=\"elementor-column elementor-col-100 elementor-top-column elementor-element elementor-element-483f8c86\" data-id=\"483f8c86\" data-element_type=\"column\">\n\t\t\t<div class=\"elementor-widget-wrap elementor-element-populated\">\n\t\t\t\t\t\t<div class=\"elementor-element elementor-element-5afd46ca elementor-widget elementor-widget-heading\" data-id=\"5afd46ca\" data-element_type=\"widget\" data-widget_type=\"heading.default\">\n\t\t\t\t<div class=\"elementor-widget-container\">\n\t\t\t\t\t<h1 class=\"elementor-heading-title elementor-size-default\">Our Ideology<\/h1>\t\t\t\t<\/div>\n\t\t\t\t<\/div>\n\t\t\t\t\t<\/div>\n\t\t<\/div>\n\t\t\t\t\t<\/div>\n\t\t<\/section>\n\t\t\t\t<section class=\"elementor-section elementor-top-section elementor-element elementor-element-6f0ac11 ct-section-stretched elementor-section-boxed elementor-section-height-default elementor-section-height-default\" data-id=\"6f0ac11\" data-element_type=\"section\">\n\t\t\t\t\t\t<div class=\"elementor-container elementor-column-gap-no\">\n\t\t\t\t\t<div class=\"elementor-column elementor-col-100 elementor-top-column elementor-element elementor-element-4f674459\" data-id=\"4f674459\" data-element_type=\"column\">\n\t\t\t<div class=\"elementor-widget-wrap elementor-element-populated\">\n\t\t\t\t\t\t<div class=\"elementor-element elementor-element-6cf624d5 elementor-widget elementor-widget-heading\" data-id=\"6cf624d5\" data-element_type=\"widget\" data-widget_type=\"heading.default\">\n\t\t\t\t<div class=\"elementor-widget-container\">\n\t\t\t\t\t<h2 class=\"elementor-heading-title elementor-size-default\">Positive impacts in construction<\/h2>\t\t\t\t<\/div>\n\t\t\t\t<\/div>\n\t\t\t\t<div class=\"elementor-element elementor-element-274d54e elementor-widget elementor-widget-text-editor\" data-id=\"274d54e\" data-element_type=\"widget\" data-widget_type=\"text-editor.default\">\n\t\t\t\t<div class=\"elementor-widget-container\">\n\t\t\t\t\t\t\t\t\t<p>Our goal is to bring new kind of flexibility to the presenting technology industry. We say no to traditional electrical planning and cabling by creating solutions that are installation free. Our factory-made smart furniture saves both time and money in construction as it minimizes the need for electrical planning and cabling. In addition, the products are easy to use and simple to move from space to another.<\/p>\t\t\t\t\t\t\t\t<\/div>\n\t\t\t\t<\/div>\n\t\t\t\t\t<\/div>\n\t\t<\/div>\n\t\t\t\t\t<\/div>\n\t\t<\/section>\n\t\t\t\t<section class=\"elementor-section elementor-top-section elementor-element elementor-element-73a78ee2 ct-section-stretched elementor-section-items-top elementor-section-height-min-height elementor-section-boxed elementor-section-height-default\" data-id=\"73a78ee2\" data-element_type=\"section\" data-settings=\"{&quot;background_background&quot;:&quot;classic&quot;}\">\n\t\t\t\t\t\t<div class=\"elementor-container elementor-column-gap-default\">\n\t\t\t\t\t<div class=\"elementor-column elementor-col-100 elementor-top-column elementor-element elementor-element-1a11e496\" data-id=\"1a11e496\" data-element_type=\"column\">\n\t\t\t<div class=\"elementor-widget-wrap\">\n\t\t\t\t\t\t\t<\/div>\n\t\t<\/div>\n\t\t\t\t\t<\/div>\n\t\t<\/section>\n\t\t\t\t<section class=\"elementor-section elementor-top-section elementor-element elementor-element-7d963127 ct-section-stretched elementor-reverse-mobile elementor-section-boxed elementor-section-height-default elementor-section-height-default\" data-id=\"7d963127\" data-element_type=\"section\">\n\t\t\t\t\t\t<div class=\"elementor-container elementor-column-gap-default\">\n\t\t\t\t\t<div class=\"elementor-column elementor-col-50 elementor-top-column elementor-element elementor-element-69e1c824\" data-id=\"69e1c824\" data-element_type=\"column\" data-settings=\"{&quot;background_background&quot;:&quot;classic&quot;}\">\n\t\t\t<div class=\"elementor-widget-wrap elementor-element-populated\">\n\t\t\t\t\t\t<div class=\"elementor-element elementor-element-42a0cb78 elementor-widget elementor-widget-text-editor\" data-id=\"42a0cb78\" data-element_type=\"widget\" data-widget_type=\"text-editor.default\">\n\t\t\t\t<div class=\"elementor-widget-container\">\n\t\t\t\t\t\t\t\t\t<p>We want to share our ideology and enable other industries to benefit from it as well. When using fixed solutions with devices installed directly to the structures of the room, the technology defines the use of the specific space. When planning the interiors or even entire buildings, these fixed solutions narrow down the possibilities for creativity. Artome wants to enable new ways and to inspire not only audiovisual industry, but all related industries as well: architects, construction planners, interior designers, everybody!<\/p>\t\t\t\t\t\t\t\t<\/div>\n\t\t\t\t<\/div>\n\t\t\t\t\t<\/div>\n\t\t<\/div>\n\t\t\t\t<div class=\"elementor-column elementor-col-50 elementor-top-column elementor-element elementor-element-12e61463\" data-id=\"12e61463\" data-element_type=\"column\" data-settings=\"{&quot;background_background&quot;:&quot;classic&quot;}\">\n\t\t\t<div class=\"elementor-widget-wrap elementor-element-populated\">\n\t\t\t\t\t\t<div class=\"elementor-element elementor-element-40e4dfa1 elementor-widget elementor-widget-heading\" data-id=\"40e4dfa1\" data-element_type=\"widget\" data-widget_type=\"heading.default\">\n\t\t\t\t<div class=\"elementor-widget-container\">\n\t\t\t\t\t<h2 class=\"elementor-heading-title elementor-size-default\">Enabling imagination<\/h2>\t\t\t\t<\/div>\n\t\t\t\t<\/div>\n\t\t\t\t\t<\/div>\n\t\t<\/div>\n\t\t\t\t\t<\/div>\n\t\t<\/section>\n\t\t\t\t<section class=\"elementor-section elementor-top-section elementor-element elementor-element-776934fa ct-section-stretched elementor-section-boxed elementor-section-height-default elementor-section-height-default\" data-id=\"776934fa\" data-element_type=\"section\">\n\t\t\t\t\t\t<div class=\"elementor-container elementor-column-gap-default\">\n\t\t\t\t\t<div class=\"elementor-column elementor-col-50 elementor-top-column elementor-element elementor-element-7bc48923\" data-id=\"7bc48923\" data-element_type=\"column\" data-settings=\"{&quot;background_background&quot;:&quot;classic&quot;}\">\n\t\t\t<div class=\"elementor-widget-wrap elementor-element-populated\">\n\t\t\t\t\t\t<div class=\"elementor-element elementor-element-218c9cd7 elementor-widget elementor-widget-heading\" data-id=\"218c9cd7\" data-element_type=\"widget\" data-widget_type=\"heading.default\">\n\t\t\t\t<div class=\"elementor-widget-container\">\n\t\t\t\t\t<h2 class=\"elementor-heading-title elementor-size-default\">Our goal is to inspire<\/h2>\t\t\t\t<\/div>\n\t\t\t\t<\/div>\n\t\t\t\t\t<\/div>\n\t\t<\/div>\n\t\t\t\t<div class=\"elementor-column elementor-col-50 elementor-top-column elementor-element elementor-element-37ae5055\" data-id=\"37ae5055\" data-element_type=\"column\" data-settings=\"{&quot;background_background&quot;:&quot;classic&quot;}\">\n\t\t\t<div class=\"elementor-widget-wrap elementor-element-populated\">\n\t\t\t\t\t\t<div class=\"elementor-element elementor-element-31713dfa elementor-widget elementor-widget-text-editor\" data-id=\"31713dfa\" data-element_type=\"widget\" data-widget_type=\"text-editor.default\">\n\t\t\t\t<div class=\"elementor-widget-container\">\n\t\t\t\t\t\t\t\t\t<p>Artome M10 provides an integrated camera and connections to the microphones, so a genuinely interactive conversational experience can be provided to the people present in the room and remotely. Movable Artome M10 adapts from a videoconference call to a presentation in the lounge area to an after work karaoke party, maximizing the utilization rate of the technology.<\/p>\t\t\t\t\t\t\t\t<\/div>\n\t\t\t\t<\/div>\n\t\t\t\t<div class=\"elementor-element elementor-element-6f6905a6 elementor-widget elementor-widget-text-editor\" data-id=\"6f6905a6\" data-element_type=\"widget\" data-widget_type=\"text-editor.default\">\n\t\t\t\t<div class=\"elementor-widget-container\">\n\t\t\t\t\t\t\t\t\t<p>Our goal is to inspire others to challenge the traditional audiovisual solutions. The ideology of Artome enable new possibilities for example to architects and interior designers to create flexible spaces, when the challenges of fixed solutions can be easily eliminated in the planning.<\/p>\t\t\t\t\t\t\t\t<\/div>\n\t\t\t\t<\/div>\n\t\t\t\t\t<\/div>\n\t\t<\/div>\n\t\t\t\t\t<\/div>\n\t\t<\/section>\n\t\t\t\t<\/div>","protected":false},"excerpt":{"rendered":"<p>Halvempaa ja nopeampaa rakentamista Ideologiamme Artome uudistaa koko audiovisuaalista alaa ja tavoitteenamme on tarjota uudenlaista joustavuutta esitysratkaisuihin. Tehdasvalmisteisten \u00e4lykalusteiden avulla voidaan luopua aikaa viev\u00e4st\u00e4 kaapeloinnista ja kiinte\u00e4st\u00e4 tilatekniikasta. Ratkaisumme tuovat muokkautuvuutta ja helppok\u00e4ytt\u00f6isyytt\u00e4 audiovisuaalisten ratkaisuiden k\u00e4ytt\u00f6\u00f6nottoon ja yll\u00e4pitoon. Artomen \u00e4lykalusteet eiv\u00e4t tarvitse asennusta. Tehdasvalmisteisen ratkaisun kustannukset tiedet\u00e4\u00e4n ennakkoon ja toimituksen ajankohta ei ole riippuvainen muiden [&hellip;]<\/p>\n","protected":false},"author":1,"featured_media":0,"parent":0,"menu_order":0,"comment_status":"closed","ping_status":"closed","template":"elementor_header_footer","meta":{"om_disable_all_campaigns":false,"_monsterinsights_skip_tracking":false,"_monsterinsights_sitenote_active":false,"_monsterinsights_sitenote_note":"","_monsterinsights_sitenote_category":0,"_uf_show_specific_survey":0,"_uf_disable_surveys":false,"footnotes":""},"class_list":["post-1064","page","type-page","status-publish","hentry"],"blocksy_meta":{"styles_descriptor":{"styles":{"desktop":"","tablet":"","mobile":""},"google_fonts":[],"version":6}},"aioseo_notices":[],"yoast_head":"<!-- This site is optimized with the Yoast SEO Premium plugin v23.2 (Yoast SEO v26.3) - https:\/\/yoast.com\/wordpress\/plugins\/seo\/ -->\n<title>Artome | Our ideology<\/title>\n<meta name=\"description\" content=\"Artome - Enabling imagination. We want to share our ideology and enable other industries to benefit from it as well. Read more.\" \/>\n<meta name=\"robots\" content=\"index, follow, max-snippet:-1, max-image-preview:large, max-video-preview:-1\" \/>\n<link rel=\"canonical\" href=\"https:\/\/artome.fi\/en\/our-ideology\/\" \/>\n<meta property=\"og:locale\" content=\"en_GB\" \/>\n<meta property=\"og:type\" content=\"article\" \/>\n<meta property=\"og:title\" content=\"Our Ideology\" \/>\n<meta property=\"og:description\" content=\"Artome - Enabling imagination. We want to share our ideology and enable other industries to benefit from it as well. Read more.\" \/>\n<meta property=\"og:url\" content=\"https:\/\/artome.fi\/en\/our-ideology\/\" \/>\n<meta property=\"og:site_name\" content=\"Artome\" \/>\n<meta property=\"article:modified_time\" content=\"2022-11-28T13:37:43+00:00\" \/>\n<meta name=\"twitter:card\" content=\"summary_large_image\" \/>\n<meta name=\"twitter:label1\" content=\"Estimated reading time\" \/>\n\t<meta name=\"twitter:data1\" content=\"2 minutes\" \/>\n<script type=\"application\/ld+json\" class=\"yoast-schema-graph\">{\"@context\":\"https:\/\/schema.org\",\"@graph\":[{\"@type\":\"WebPage\",\"@id\":\"https:\/\/artome.fi\/de\/unsere-ideologie\/\",\"url\":\"https:\/\/artome.fi\/de\/unsere-ideologie\/\",\"name\":\"Artome | Our ideology\",\"isPartOf\":{\"@id\":\"https:\/\/artome.fi\/en\/#website\"},\"datePublished\":\"2022-06-09T06:52:59+00:00\",\"dateModified\":\"2022-11-28T13:37:43+00:00\",\"description\":\"Artome - Enabling imagination. We want to share our ideology and enable other industries to benefit from it as well. Read more.\",\"breadcrumb\":{\"@id\":\"https:\/\/artome.fi\/de\/unsere-ideologie\/#breadcrumb\"},\"inLanguage\":\"en-GB\",\"potentialAction\":[{\"@type\":\"ReadAction\",\"target\":[\"https:\/\/artome.fi\/de\/unsere-ideologie\/\"]}]},{\"@type\":\"BreadcrumbList\",\"@id\":\"https:\/\/artome.fi\/de\/unsere-ideologie\/#breadcrumb\",\"itemListElement\":[{\"@type\":\"ListItem\",\"position\":1,\"name\":\"Etusivu\",\"item\":\"https:\/\/artome.fi\/en\/\"},{\"@type\":\"ListItem\",\"position\":2,\"name\":\"Our Ideology\"}]},{\"@type\":\"WebSite\",\"@id\":\"https:\/\/artome.fi\/en\/#website\",\"url\":\"https:\/\/artome.fi\/en\/\",\"name\":\"Artome\",\"description\":\"Redesigning audiovisual with smart furniture\",\"publisher\":{\"@id\":\"https:\/\/artome.fi\/en\/#organization\"},\"potentialAction\":[{\"@type\":\"SearchAction\",\"target\":{\"@type\":\"EntryPoint\",\"urlTemplate\":\"https:\/\/artome.fi\/en\/?s={search_term_string}\"},\"query-input\":{\"@type\":\"PropertyValueSpecification\",\"valueRequired\":true,\"valueName\":\"search_term_string\"}}],\"inLanguage\":\"en-GB\"},{\"@type\":\"Organization\",\"@id\":\"https:\/\/artome.fi\/en\/#organization\",\"name\":\"Artome\",\"url\":\"https:\/\/artome.fi\/en\/\",\"logo\":{\"@type\":\"ImageObject\",\"inLanguage\":\"en-GB\",\"@id\":\"https:\/\/artome.fi\/en\/#\/schema\/logo\/image\/\",\"url\":\"https:\/\/artome.fi\/wp-content\/uploads\/2022\/02\/artome_logo_black.png\",\"contentUrl\":\"https:\/\/artome.fi\/wp-content\/uploads\/2022\/02\/artome_logo_black.png\",\"width\":1280,\"height\":496,\"caption\":\"Artome\"},\"image\":{\"@id\":\"https:\/\/artome.fi\/en\/#\/schema\/logo\/image\/\"}}]}<\/script>\n<!-- \/ Yoast SEO Premium plugin. -->","yoast_head_json":{"title":"Artome | Our ideology","description":"Artome - Enabling imagination. We want to share our ideology and enable other industries to benefit from it as well. Read more.","robots":{"index":"index","follow":"follow","max-snippet":"max-snippet:-1","max-image-preview":"max-image-preview:large","max-video-preview":"max-video-preview:-1"},"canonical":"https:\/\/artome.fi\/en\/our-ideology\/","og_locale":"en_GB","og_type":"article","og_title":"Our Ideology","og_description":"Artome - Enabling imagination. We want to share our ideology and enable other industries to benefit from it as well. Read more.","og_url":"https:\/\/artome.fi\/en\/our-ideology\/","og_site_name":"Artome","article_modified_time":"2022-11-28T13:37:43+00:00","twitter_card":"summary_large_image","twitter_misc":{"Estimated reading time":"2 minutes"},"schema":{"@context":"https:\/\/schema.org","@graph":[{"@type":"WebPage","@id":"https:\/\/artome.fi\/de\/unsere-ideologie\/","url":"https:\/\/artome.fi\/de\/unsere-ideologie\/","name":"Artome | Our ideology","isPartOf":{"@id":"https:\/\/artome.fi\/en\/#website"},"datePublished":"2022-06-09T06:52:59+00:00","dateModified":"2022-11-28T13:37:43+00:00","description":"Artome - Enabling imagination. We want to share our ideology and enable other industries to benefit from it as well. Read more.","breadcrumb":{"@id":"https:\/\/artome.fi\/de\/unsere-ideologie\/#breadcrumb"},"inLanguage":"en-GB","potentialAction":[{"@type":"ReadAction","target":["https:\/\/artome.fi\/de\/unsere-ideologie\/"]}]},{"@type":"BreadcrumbList","@id":"https:\/\/artome.fi\/de\/unsere-ideologie\/#breadcrumb","itemListElement":[{"@type":"ListItem","position":1,"name":"Etusivu","item":"https:\/\/artome.fi\/en\/"},{"@type":"ListItem","position":2,"name":"Our Ideology"}]},{"@type":"WebSite","@id":"https:\/\/artome.fi\/en\/#website","url":"https:\/\/artome.fi\/en\/","name":"Artome","description":"Redesigning audiovisual with smart furniture","publisher":{"@id":"https:\/\/artome.fi\/en\/#organization"},"potentialAction":[{"@type":"SearchAction","target":{"@type":"EntryPoint","urlTemplate":"https:\/\/artome.fi\/en\/?s={search_term_string}"},"query-input":{"@type":"PropertyValueSpecification","valueRequired":true,"valueName":"search_term_string"}}],"inLanguage":"en-GB"},{"@type":"Organization","@id":"https:\/\/artome.fi\/en\/#organization","name":"Artome","url":"https:\/\/artome.fi\/en\/","logo":{"@type":"ImageObject","inLanguage":"en-GB","@id":"https:\/\/artome.fi\/en\/#\/schema\/logo\/image\/","url":"https:\/\/artome.fi\/wp-content\/uploads\/2022\/02\/artome_logo_black.png","contentUrl":"https:\/\/artome.fi\/wp-content\/uploads\/2022\/02\/artome_logo_black.png","width":1280,"height":496,"caption":"Artome"},"image":{"@id":"https:\/\/artome.fi\/en\/#\/schema\/logo\/image\/"}}]}},"_links":{"self":[{"href":"https:\/\/artome.fi\/en\/wp-json\/wp\/v2\/pages\/1064","targetHints":{"allow":["GET"]}}],"collection":[{"href":"https:\/\/artome.fi\/en\/wp-json\/wp\/v2\/pages"}],"about":[{"href":"https:\/\/artome.fi\/en\/wp-json\/wp\/v2\/types\/page"}],"author":[{"embeddable":true,"href":"https:\/\/artome.fi\/en\/wp-json\/wp\/v2\/users\/1"}],"replies":[{"embeddable":true,"href":"https:\/\/artome.fi\/en\/wp-json\/wp\/v2\/comments?post=1064"}],"version-history":[{"count":37,"href":"https:\/\/artome.fi\/en\/wp-json\/wp\/v2\/pages\/1064\/revisions"}],"predecessor-version":[{"id":2481,"href":"https:\/\/artome.fi\/en\/wp-json\/wp\/v2\/pages\/1064\/revisions\/2481"}],"wp:attachment":[{"href":"https:\/\/artome.fi\/en\/wp-json\/wp\/v2\/media?parent=1064"}],"curies":[{"name":"wp","href":"https:\/\/api.w.org\/{rel}","templated":true}]}}