{"id":1636,"date":"2022-07-21T13:33:02","date_gmt":"2022-07-21T13:33:02","guid":{"rendered":"https:\/\/artome.fi\/?page_id=1636"},"modified":"2025-12-16T07:05:05","modified_gmt":"2025-12-16T07:05:05","slug":"privacy-policy","status":"publish","type":"page","link":"https:\/\/artome.fi\/en\/privacy-policy\/","title":{"rendered":"Privacy Policy - Information protection"},"content":{"rendered":"<div data-elementor-type=\"wp-page\" data-elementor-id=\"1636\" class=\"elementor elementor-1636\" data-elementor-post-type=\"page\">\n\t\t\t\t\t\t<section class=\"elementor-section elementor-top-section elementor-element elementor-element-375085f elementor-section-boxed elementor-section-height-default elementor-section-height-default\" data-id=\"375085f\" data-element_type=\"section\">\n\t\t\t\t\t\t<div class=\"elementor-container elementor-column-gap-default\">\n\t\t\t\t\t<div class=\"elementor-column elementor-col-100 elementor-top-column elementor-element elementor-element-f0743cd\" data-id=\"f0743cd\" data-element_type=\"column\">\n\t\t\t<div class=\"elementor-widget-wrap elementor-element-populated\">\n\t\t\t\t\t\t<div class=\"elementor-element elementor-element-b660cee elementor-widget elementor-widget-text-editor\" data-id=\"b660cee\" data-element_type=\"widget\" data-widget_type=\"text-editor.default\">\n\t\t\t\t<div class=\"elementor-widget-container\">\n\t\t\t\t\t\t\t\t\t<h2 style=\"margin-bottom: 20px; font-size: var(--fontSize); text-align: start; line-height: var(--lineHeight); font-family: -apple-system, BlinkMacSystemFont, 'Segoe UI', Roboto, Helvetica, Arial, sans-serif, 'Apple Color Emoji', 'Segoe UI Emoji', 'Segoe UI Symbol'; font-weight: var(--fontWeight); font-style: normal; letter-spacing: normal; text-transform: none; text-decoration-thickness: initial; text-decoration-style: initial; text-decoration-color: initial; --fontweight: 700; --fontsize: 35px; --lineheight: 1.5;\">Privacy Policy<\/h2>\n<p style=\"margin-bottom: var(--content-spacing); font-size: 16px; text-align: start;\">This is the privacy policy of Artome.<br>This document explains the company's policies of the collection, use and disclosure of personal information.<br>Updated: 21.7.2022<\/p>\n<h2 style=\"margin-top: 0px; margin-bottom: 20px; font-size: var(--fontSize); text-align: start; line-height: var(--lineHeight); font-family: -apple-system, BlinkMacSystemFont, 'Segoe UI', Roboto, Helvetica, Arial, sans-serif, 'Apple Color Emoji', 'Segoe UI Emoji', 'Segoe UI Symbol'; font-weight: var(--fontWeight); font-style: normal; letter-spacing: normal; text-transform: none; text-decoration-thickness: initial; text-decoration-style: initial; text-decoration-color: initial; --fontweight: 700; --fontsize: 35px; --lineheight: 1.5;\">Controller<\/h2>\n<p style=\"margin-bottom: var(--content-spacing); font-size: 16px; text-align: start;\">Artome Oy (business ID: 2775902-5)<br>Syrj\u00e4l\u00e4ntie 81, 19110 Heinola FINLAND<br>Tel. contact@artome.fi<\/p>\n<h2 style=\"margin-top: 0px; margin-bottom: 20px; font-size: var(--fontSize); text-align: start; line-height: var(--lineHeight); font-family: -apple-system, BlinkMacSystemFont, 'Segoe UI', Roboto, Helvetica, Arial, sans-serif, 'Apple Color Emoji', 'Segoe UI Emoji', 'Segoe UI Symbol'; font-weight: var(--fontWeight); font-style: normal; letter-spacing: normal; text-transform: none; text-decoration-thickness: initial; text-decoration-style: initial; text-decoration-color: initial; --fontweight: 700; --fontsize: 35px; --lineheight: 1.5;\">Contact person<\/h2>\n<p style=\"margin-bottom: var(--content-spacing); font-size: 16px; text-align: start;\">Toni Parikka<br>Syrj\u00e4l\u00e4ntie 81, 19110 Heinola FINLAND<br>Tel. 0405291821<br>toni.parikka@artome.fi<\/p>\n<h2 style=\"margin-top: 0px; margin-bottom: 20px; font-size: var(--fontSize); text-align: start; line-height: var(--lineHeight); font-family: -apple-system, BlinkMacSystemFont, 'Segoe UI', Roboto, Helvetica, Arial, sans-serif, 'Apple Color Emoji', 'Segoe UI Emoji', 'Segoe UI Symbol'; font-weight: var(--fontWeight); font-style: normal; letter-spacing: normal; text-transform: none; text-decoration-thickness: initial; text-decoration-style: initial; text-decoration-color: initial; --fontweight: 700; --fontsize: 35px; --lineheight: 1.5;\">Name of the register<\/h2>\n<p style=\"margin-bottom: var(--content-spacing); font-size: 16px; text-align: start;\">Customer register<\/p>\n<h2 style=\"margin-top: 0px; margin-bottom: 20px; font-size: var(--fontSize); text-align: start; line-height: var(--lineHeight); font-family: -apple-system, BlinkMacSystemFont, 'Segoe UI', Roboto, Helvetica, Arial, sans-serif, 'Apple Color Emoji', 'Segoe UI Emoji', 'Segoe UI Symbol'; font-weight: var(--fontWeight); font-style: normal; letter-spacing: normal; text-transform: none; text-decoration-thickness: initial; text-decoration-style: initial; text-decoration-color: initial; --fontweight: 700; --fontsize: 35px; --lineheight: 1.5;\">Purpose and legal basis of processing personal data<\/h2>\n<p style=\"margin-bottom: var(--content-spacing); font-size: 16px; text-align: start;\" class=\"translation-block\">The purpose of the register is to maintain Artome's customer relationships and to help personalising services and products.<\/p>\n<p style=\"margin-bottom: var(--content-spacing); font-size: 16px; text-align: start;\">Processing and the collection of Personal Data will be limited to what is justifiable to provide our website users with improved experience when browsing at our website, and to what is deemed necessary for Artome in carrying out its business and improving its services, provided that these interests are not outweighed by the data subjects rights and interests.\nPersonal Data may be disclosed and moved to the company's partners' server due to technical requirements. Personal Data is only processed in order to maintain the company's customer relationships.<\/p>\n<p style=\"margin-bottom: var(--content-spacing); font-size: 16px; text-align: start;\">Information from the register can be used in the company's own registers for, for example, targeted advertisement without giving out information to outside parties. \nArtome can appoint qualified persons within the company who have the right to handle internally the information within the register online or as a written list, hasn't the customer specifically asked not to.<\/p>\n<h2 style=\"margin-top: 0px; margin-bottom: 20px; font-size: var(--fontSize); text-align: start; line-height: var(--lineHeight); font-family: -apple-system, BlinkMacSystemFont, 'Segoe UI', Roboto, Helvetica, Arial, sans-serif, 'Apple Color Emoji', 'Segoe UI Emoji', 'Segoe UI Symbol'; font-weight: var(--fontWeight); font-style: normal; letter-spacing: normal; text-transform: none; text-decoration-thickness: initial; text-decoration-style: initial; text-decoration-color: initial; --fontweight: 700; --fontsize: 35px; --lineheight: 1.5;\">Processed information<\/h2>\n<p style=\"margin-bottom: var(--content-spacing); font-size: 16px; text-align: start;\" class=\"translation-block\">The Personal Data register contains the following information:\n<br>The contact's first and last name\n<br>The represented organization\n<br>Country\n<br>Phone number\n<br>Email<\/p>\n<h2 style=\"margin-top: 0px; margin-bottom: 20px; font-size: var(--fontSize); text-align: start; line-height: var(--lineHeight); font-family: -apple-system, BlinkMacSystemFont, 'Segoe UI', Roboto, Helvetica, Arial, sans-serif, 'Apple Color Emoji', 'Segoe UI Emoji', 'Segoe UI Symbol'; font-weight: var(--fontWeight); font-style: normal; letter-spacing: normal; text-transform: none; text-decoration-thickness: initial; text-decoration-style: initial; text-decoration-color: initial; --fontweight: 700; --fontsize: 35px; --lineheight: 1.5;\">Sources of information<\/h2>\n<p style=\"margin-bottom: var(--content-spacing); font-size: 16px; text-align: start;\">Personal Data is received through registrations done by the customer and information given out by the customer during the relationship with the company. Personal Data is collected through the customer's internet and online activity. Information such as the customer's name and contact information are also received through third parties.<br>Artome may use other technologies or third party analytical software to collect and use data. The collected Personal Data is only in the company's use, except when using a third party service provider to either provide the customer with added value or to the support of credit applications.<\/p>\n<h2 style=\"margin-top: 0px; margin-bottom: 20px; font-size: var(--fontSize); text-align: start; line-height: var(--lineHeight); font-family: -apple-system, BlinkMacSystemFont, 'Segoe UI', Roboto, Helvetica, Arial, sans-serif, 'Apple Color Emoji', 'Segoe UI Emoji', 'Segoe UI Symbol'; font-weight: var(--fontWeight); font-style: normal; letter-spacing: normal; text-transform: none; text-decoration-thickness: initial; text-decoration-style: initial; text-decoration-color: initial; --fontweight: 700; --fontsize: 35px; --lineheight: 1.5;\">Transfer of information<\/h2>\n<p style=\"margin-bottom: var(--content-spacing); font-size: 16px; text-align: start;\">Personal data is not being transferred to any third parties. However general user data, where individuals can not be identified, can be used when using third party services to enhance business processes of Artome or to support website experience.<\/p>\n<p style=\"margin-bottom: var(--content-spacing); font-size: 16px; text-align: start;\">Personal Data will not be distributed outside of the EU.<\/p>\n<h2 style=\"margin-top: 0px; margin-bottom: 20px; font-size: var(--fontSize); text-align: start; line-height: var(--lineHeight); font-family: -apple-system, BlinkMacSystemFont, 'Segoe UI', Roboto, Helvetica, Arial, sans-serif, 'Apple Color Emoji', 'Segoe UI Emoji', 'Segoe UI Symbol'; font-weight: var(--fontWeight); font-style: normal; letter-spacing: normal; text-transform: none; text-decoration-thickness: initial; text-decoration-style: initial; text-decoration-color: initial; --fontweight: 700; --fontsize: 35px; --lineheight: 1.5;\">Erase of information<\/h2>\n<p style=\"margin-bottom: var(--content-spacing); font-size: 16px; text-align: start;\">Personal data is erased in order of current laws and regulations and in a reasonable time.<\/p>\n<h2 style=\"margin-top: 0px; margin-bottom: 20px; font-size: var(--fontSize); text-align: start; line-height: var(--lineHeight); font-family: -apple-system, BlinkMacSystemFont, 'Segoe UI', Roboto, Helvetica, Arial, sans-serif, 'Apple Color Emoji', 'Segoe UI Emoji', 'Segoe UI Symbol'; font-weight: var(--fontWeight); font-style: normal; letter-spacing: normal; text-transform: none; text-decoration-thickness: initial; text-decoration-style: initial; text-decoration-color: initial; --fontweight: 700; --fontsize: 35px; --lineheight: 1.5;\">Data protection principles<\/h2>\n<p style=\"margin-bottom: var(--content-spacing); font-size: 16px; text-align: start;\">The rights to access databases containing Personal Data are restricted, so that the information can only be viewed and processed by persons who are legally admitted and required to do so. The databases are protected by a firewall to prevent outside access.\nPersonal Data collected manually to physical documents will be stored behind locked and fire safe doors.<\/p>\n<h2 style=\"margin-top: 0px; margin-bottom: 20px; font-size: var(--fontSize); text-align: start; line-height: var(--lineHeight); font-family: -apple-system, BlinkMacSystemFont, 'Segoe UI', Roboto, Helvetica, Arial, sans-serif, 'Apple Color Emoji', 'Segoe UI Emoji', 'Segoe UI Symbol'; font-weight: var(--fontWeight); font-style: normal; letter-spacing: normal; text-transform: none; text-decoration-thickness: initial; text-decoration-style: initial; text-decoration-color: initial; --fontweight: 700; --fontsize: 35px; --lineheight: 1.5;\">Rights of the data subject<\/h2>\n<p style=\"margin-bottom: var(--content-spacing); font-size: 16px; text-align: start;\">Data subject has right to receive information about what Personal Data has been collected by Artome. Data subject has the right to object processing, to the extent that it is related to direct marketing, by contacting the company's customer service contact@artome.fi.<\/p>\n<p style=\"margin-bottom: var(--content-spacing); font-size: 16px; text-align: start;\" class=\"translation-block\">Data subject has the right to request erasure of personal data in the register, if the legal basis for processing of personal data has ceased as well as request correction of incorrect information. The request shall include a specification over the information that the data subject wishes to erase or correct and should be sent by email to contact@artome.fi.<\/p>\n<p style=\"margin-bottom: var(--content-spacing); font-size: 16px; text-align: start;\">The corrections will be made in reasonable time and without delay.<\/p>\t\t\t\t\t\t\t\t<\/div>\n\t\t\t\t<\/div>\n\t\t\t\t\t<\/div>\n\t\t<\/div>\n\t\t\t\t\t<\/div>\n\t\t<\/section>\n\t\t\t\t<\/div>","protected":false},"excerpt":{"rendered":"<p>Artome Oy:n tietosuojaseloste Henkil\u00f6tietolaki (523\/1999) 10 \u00a7 ja 24 \u00a7Laatimisp\u00e4iv\u00e4 7.5.2018P\u00e4ivitetty viimeksi: 29.6.2022 Rekisterin pit\u00e4j\u00e4 Artome Oy (y-tunnus: 2775902-5)Syrj\u00e4l\u00e4ntie 81, 19110 HEINOLAPuh. contact@artome.fi Yhteyshenkil\u00f6 rekisteri\u00e4 koskevissa asioissa Toni ParikkaSyrj\u00e4l\u00e4ntie 81, 19110 HEINOLAPuh. 0405291821toni.parikka@artome.fi Rekisterin nimi Asiakasrekisteri Henkil\u00f6tietojen k\u00e4sittelyn tarkoitus Henkil\u00f6tietoja k\u00e4sitell\u00e4\u00e4n Artomen asiakassuhteen hoitamiseen, palveluiden tuottamiseen ja -personointiin sek\u00e4 asiakasviestint\u00e4\u00e4n.Verkkosivujemme kautta ker\u00e4tt\u00e4v\u00e4\u00e4 k\u00e4ytt\u00e4jien personoitua tietoa [&hellip;]<\/p>\n","protected":false},"author":1,"featured_media":0,"parent":0,"menu_order":0,"comment_status":"closed","ping_status":"closed","template":"elementor_header_footer","meta":{"om_disable_all_campaigns":false,"_monsterinsights_skip_tracking":false,"_monsterinsights_sitenote_active":false,"_monsterinsights_sitenote_note":"","_monsterinsights_sitenote_category":0,"_uf_show_specific_survey":0,"_uf_disable_surveys":false,"footnotes":""},"class_list":["post-1636","page","type-page","status-publish","hentry"],"blocksy_meta":{"styles_descriptor":{"styles":{"desktop":"","tablet":"","mobile":""},"google_fonts":[],"version":6}},"aioseo_notices":[],"yoast_head":"<!-- This site is optimized with the Yoast SEO Premium plugin v23.2 (Yoast SEO v26.3) - https:\/\/yoast.com\/wordpress\/plugins\/seo\/ -->\n<title>Privacy Policy - Artome<\/title>\n<meta name=\"description\" content=\"The privacy policy of Artome. This document explains the company&#039;s policies of the collection, use and disclosure of personal information.\" \/>\n<meta name=\"robots\" content=\"index, follow, max-snippet:-1, max-image-preview:large, max-video-preview:-1\" \/>\n<link rel=\"canonical\" href=\"https:\/\/artome.fi\/en\/privacy-policy\/\" \/>\n<meta property=\"og:locale\" content=\"en_GB\" \/>\n<meta property=\"og:type\" content=\"article\" \/>\n<meta property=\"og:title\" content=\"Privacy Policy -Tietosuoja\" \/>\n<meta property=\"og:description\" content=\"The privacy policy of Artome. This document explains the company&#039;s policies of the collection, use and disclosure of personal information.\" \/>\n<meta property=\"og:url\" content=\"https:\/\/artome.fi\/en\/privacy-policy\/\" \/>\n<meta property=\"og:site_name\" content=\"Artome\" \/>\n<meta property=\"article:modified_time\" content=\"2025-12-16T07:05:05+00:00\" \/>\n<meta name=\"twitter:card\" content=\"summary_large_image\" \/>\n<script type=\"application\/ld+json\" class=\"yoast-schema-graph\">{\"@context\":\"https:\/\/schema.org\",\"@graph\":[{\"@type\":\"WebPage\",\"@id\":\"https:\/\/artome.fi\/en\/privacy-policy\/\",\"url\":\"https:\/\/artome.fi\/en\/privacy-policy\/\",\"name\":\"Privacy Policy - Artome\",\"isPartOf\":{\"@id\":\"https:\/\/artome.fi\/en\/#website\"},\"datePublished\":\"2022-07-21T13:33:02+00:00\",\"dateModified\":\"2025-12-16T07:05:05+00:00\",\"description\":\"The privacy policy of Artome. This document explains the company's policies of the collection, use and disclosure of personal information.\",\"breadcrumb\":{\"@id\":\"https:\/\/artome.fi\/en\/privacy-policy\/#breadcrumb\"},\"inLanguage\":\"en-GB\",\"potentialAction\":[{\"@type\":\"ReadAction\",\"target\":[\"https:\/\/artome.fi\/en\/privacy-policy\/\"]}]},{\"@type\":\"BreadcrumbList\",\"@id\":\"https:\/\/artome.fi\/en\/privacy-policy\/#breadcrumb\",\"itemListElement\":[{\"@type\":\"ListItem\",\"position\":1,\"name\":\"Etusivu\",\"item\":\"https:\/\/artome.fi\/en\/\"},{\"@type\":\"ListItem\",\"position\":2,\"name\":\"Privacy Policy -Tietosuoja\"}]},{\"@type\":\"WebSite\",\"@id\":\"https:\/\/artome.fi\/en\/#website\",\"url\":\"https:\/\/artome.fi\/en\/\",\"name\":\"Artome\",\"description\":\"Redesigning audiovisual with smart furniture\",\"publisher\":{\"@id\":\"https:\/\/artome.fi\/en\/#organization\"},\"potentialAction\":[{\"@type\":\"SearchAction\",\"target\":{\"@type\":\"EntryPoint\",\"urlTemplate\":\"https:\/\/artome.fi\/en\/?s={search_term_string}\"},\"query-input\":{\"@type\":\"PropertyValueSpecification\",\"valueRequired\":true,\"valueName\":\"search_term_string\"}}],\"inLanguage\":\"en-GB\"},{\"@type\":\"Organization\",\"@id\":\"https:\/\/artome.fi\/en\/#organization\",\"name\":\"Artome\",\"url\":\"https:\/\/artome.fi\/en\/\",\"logo\":{\"@type\":\"ImageObject\",\"inLanguage\":\"en-GB\",\"@id\":\"https:\/\/artome.fi\/en\/#\/schema\/logo\/image\/\",\"url\":\"https:\/\/artome.fi\/wp-content\/uploads\/2022\/02\/artome_logo_black.png\",\"contentUrl\":\"https:\/\/artome.fi\/wp-content\/uploads\/2022\/02\/artome_logo_black.png\",\"width\":1280,\"height\":496,\"caption\":\"Artome\"},\"image\":{\"@id\":\"https:\/\/artome.fi\/en\/#\/schema\/logo\/image\/\"}}]}<\/script>\n<!-- \/ Yoast SEO Premium plugin. -->","yoast_head_json":{"title":"Privacy Policy - Artome","description":"The privacy policy of Artome. This document explains the company&#039;s policies of the collection, use and disclosure of personal information.","robots":{"index":"index","follow":"follow","max-snippet":"max-snippet:-1","max-image-preview":"max-image-preview:large","max-video-preview":"max-video-preview:-1"},"canonical":"https:\/\/artome.fi\/en\/privacy-policy\/","og_locale":"en_GB","og_type":"article","og_title":"Privacy Policy -Tietosuoja","og_description":"The privacy policy of Artome. This document explains the company's policies of the collection, use and disclosure of personal information.","og_url":"https:\/\/artome.fi\/en\/privacy-policy\/","og_site_name":"Artome","article_modified_time":"2025-12-16T07:05:05+00:00","twitter_card":"summary_large_image","schema":{"@context":"https:\/\/schema.org","@graph":[{"@type":"WebPage","@id":"https:\/\/artome.fi\/en\/privacy-policy\/","url":"https:\/\/artome.fi\/en\/privacy-policy\/","name":"Privacy Policy - Artome","isPartOf":{"@id":"https:\/\/artome.fi\/en\/#website"},"datePublished":"2022-07-21T13:33:02+00:00","dateModified":"2025-12-16T07:05:05+00:00","description":"The privacy policy of Artome. This document explains the company&#039;s policies of the collection, use and disclosure of personal information.","breadcrumb":{"@id":"https:\/\/artome.fi\/en\/privacy-policy\/#breadcrumb"},"inLanguage":"en-GB","potentialAction":[{"@type":"ReadAction","target":["https:\/\/artome.fi\/en\/privacy-policy\/"]}]},{"@type":"BreadcrumbList","@id":"https:\/\/artome.fi\/en\/privacy-policy\/#breadcrumb","itemListElement":[{"@type":"ListItem","position":1,"name":"Etusivu","item":"https:\/\/artome.fi\/en\/"},{"@type":"ListItem","position":2,"name":"Privacy Policy -Tietosuoja"}]},{"@type":"WebSite","@id":"https:\/\/artome.fi\/en\/#website","url":"https:\/\/artome.fi\/en\/","name":"Artome","description":"Redesigning audiovisual with smart furniture","publisher":{"@id":"https:\/\/artome.fi\/en\/#organization"},"potentialAction":[{"@type":"SearchAction","target":{"@type":"EntryPoint","urlTemplate":"https:\/\/artome.fi\/en\/?s={search_term_string}"},"query-input":{"@type":"PropertyValueSpecification","valueRequired":true,"valueName":"search_term_string"}}],"inLanguage":"en-GB"},{"@type":"Organization","@id":"https:\/\/artome.fi\/en\/#organization","name":"Artome","url":"https:\/\/artome.fi\/en\/","logo":{"@type":"ImageObject","inLanguage":"en-GB","@id":"https:\/\/artome.fi\/en\/#\/schema\/logo\/image\/","url":"https:\/\/artome.fi\/wp-content\/uploads\/2022\/02\/artome_logo_black.png","contentUrl":"https:\/\/artome.fi\/wp-content\/uploads\/2022\/02\/artome_logo_black.png","width":1280,"height":496,"caption":"Artome"},"image":{"@id":"https:\/\/artome.fi\/en\/#\/schema\/logo\/image\/"}}]}},"_links":{"self":[{"href":"https:\/\/artome.fi\/en\/wp-json\/wp\/v2\/pages\/1636","targetHints":{"allow":["GET"]}}],"collection":[{"href":"https:\/\/artome.fi\/en\/wp-json\/wp\/v2\/pages"}],"about":[{"href":"https:\/\/artome.fi\/en\/wp-json\/wp\/v2\/types\/page"}],"author":[{"embeddable":true,"href":"https:\/\/artome.fi\/en\/wp-json\/wp\/v2\/users\/1"}],"replies":[{"embeddable":true,"href":"https:\/\/artome.fi\/en\/wp-json\/wp\/v2\/comments?post=1636"}],"version-history":[{"count":12,"href":"https:\/\/artome.fi\/en\/wp-json\/wp\/v2\/pages\/1636\/revisions"}],"predecessor-version":[{"id":10313,"href":"https:\/\/artome.fi\/en\/wp-json\/wp\/v2\/pages\/1636\/revisions\/10313"}],"wp:attachment":[{"href":"https:\/\/artome.fi\/en\/wp-json\/wp\/v2\/media?parent=1636"}],"curies":[{"name":"wp","href":"https:\/\/api.w.org\/{rel}","templated":true}]}}