{"id":809,"date":"2022-06-07T14:11:59","date_gmt":"2022-06-07T14:11:59","guid":{"rendered":"https:\/\/artome.fi\/?page_id=809"},"modified":"2022-12-07T12:42:35","modified_gmt":"2022-12-07T12:42:35","slug":"experiences-helsinki-education-hub","status":"publish","type":"page","link":"https:\/\/artome.fi\/en\/experiences-helsinki-education-hub\/","title":{"rendered":"Helsinki Education Hub"},"content":{"rendered":"<div data-elementor-type=\"wp-page\" data-elementor-id=\"809\" class=\"elementor elementor-809\" data-elementor-post-type=\"page\">\n\t\t\t\t\t\t<section class=\"elementor-section elementor-top-section elementor-element elementor-element-c739d92 elementor-section-boxed elementor-section-height-default elementor-section-height-default\" data-id=\"c739d92\" data-element_type=\"section\">\n\t\t\t\t\t\t<div class=\"elementor-container elementor-column-gap-default\">\n\t\t\t\t\t<div class=\"elementor-column elementor-col-100 elementor-top-column elementor-element elementor-element-14d6cfd\" data-id=\"14d6cfd\" data-element_type=\"column\">\n\t\t\t<div class=\"elementor-widget-wrap elementor-element-populated\">\n\t\t\t\t\t\t<div class=\"elementor-element elementor-element-2e48777 elementor-mobile-align-center elementor-widget elementor-widget-button\" data-id=\"2e48777\" data-element_type=\"widget\" data-widget_type=\"button.default\">\n\t\t\t\t<div class=\"elementor-widget-container\">\n\t\t\t\t\t\t\t\t\t<div class=\"elementor-button-wrapper\">\n\t\t\t\t\t<a class=\"elementor-button elementor-button-link elementor-size-sm\" href=\"https:\/\/artome.fi\/en\/experiences\/\">\n\t\t\t\t\t\t<span class=\"elementor-button-content-wrapper\">\n\t\t\t\t\t\t\t\t\t<span class=\"elementor-button-text\">Experiences<\/span>\n\t\t\t\t\t<\/span>\n\t\t\t\t\t<\/a>\n\t\t\t\t<\/div>\n\t\t\t\t\t\t\t\t<\/div>\n\t\t\t\t<\/div>\n\t\t\t\t<div class=\"elementor-element elementor-element-0a5a0db elementor-widget elementor-widget-heading\" data-id=\"0a5a0db\" data-element_type=\"widget\" data-widget_type=\"heading.default\">\n\t\t\t\t<div class=\"elementor-widget-container\">\n\t\t\t\t\t<h2 class=\"elementor-heading-title elementor-size-xl\">Helsinki Education Hub<\/h2>\t\t\t\t<\/div>\n\t\t\t\t<\/div>\n\t\t\t\t\t<\/div>\n\t\t<\/div>\n\t\t\t\t\t<\/div>\n\t\t<\/section>\n\t\t\t\t<section class=\"elementor-section elementor-top-section elementor-element elementor-element-62a2ff9 elementor-section-boxed elementor-section-height-default elementor-section-height-default\" data-id=\"62a2ff9\" data-element_type=\"section\">\n\t\t\t\t\t\t<div class=\"elementor-container elementor-column-gap-default\">\n\t\t\t\t\t<div class=\"elementor-column elementor-col-100 elementor-top-column elementor-element elementor-element-26a8da6\" data-id=\"26a8da6\" data-element_type=\"column\">\n\t\t\t<div class=\"elementor-widget-wrap elementor-element-populated\">\n\t\t\t\t\t\t<div class=\"elementor-element elementor-element-ed4df35 elementor-widget elementor-widget-image\" data-id=\"ed4df35\" data-element_type=\"widget\" data-widget_type=\"image.default\">\n\t\t\t\t<div class=\"elementor-widget-container\">\n\t\t\t\t\t\t\t\t\t\t\t\t\t\t\t<img fetchpriority=\"high\" decoding=\"async\" width=\"1536\" height=\"1084\" src=\"https:\/\/artome.fi\/wp-content\/uploads\/2022\/06\/artome_M10_refe3-kopio-1536x1084.jpg\" class=\"attachment-1536x1536 size-1536x1536 wp-image-781\" alt=\"Artome M10 in use in Helsinki Education Hub.\" srcset=\"https:\/\/artome.fi\/wp-content\/uploads\/2022\/06\/artome_M10_refe3-kopio-1536x1084.jpg 1536w, https:\/\/artome.fi\/wp-content\/uploads\/2022\/06\/artome_M10_refe3-kopio-300x212.jpg 300w, https:\/\/artome.fi\/wp-content\/uploads\/2022\/06\/artome_M10_refe3-kopio-1024x722.jpg 1024w, https:\/\/artome.fi\/wp-content\/uploads\/2022\/06\/artome_M10_refe3-kopio-768x542.jpg 768w, https:\/\/artome.fi\/wp-content\/uploads\/2022\/06\/artome_M10_refe3-kopio-2048x1445.jpg 2048w, https:\/\/artome.fi\/wp-content\/uploads\/2022\/06\/artome_M10_refe3-kopio-18x12.jpg 18w\" sizes=\"(max-width: 1536px) 100vw, 1536px\" \/>\t\t\t\t\t\t\t\t\t\t\t\t\t\t\t<\/div>\n\t\t\t\t<\/div>\n\t\t\t\t<div class=\"elementor-element elementor-element-89f0c3c elementor-widget-mobile__width-inherit elementor-widget elementor-widget-heading\" data-id=\"89f0c3c\" data-element_type=\"widget\" data-widget_type=\"heading.default\">\n\t\t\t\t<div class=\"elementor-widget-container\">\n\t\t\t\t\t<h2 class=\"elementor-heading-title elementor-size-default\">Learning without borders<\/h2>\t\t\t\t<\/div>\n\t\t\t\t<\/div>\n\t\t\t\t<div class=\"elementor-element elementor-element-39154e6 elementor-widget elementor-widget-text-editor\" data-id=\"39154e6\" data-element_type=\"widget\" data-widget_type=\"text-editor.default\">\n\t\t\t\t<div class=\"elementor-widget-container\">\n\t\t\t\t\t\t\t\t\t<p><span style=\"color: #4b4b4b; font-family: montserrat, Helvetica, Arial, sans-serif; font-size: 18px; background-color: #ffffff;\">If you had your teacher and classmates on the other side of the world, would you consider an efficient learning experience a mission impossible? We don\u2019t and neither does the curious and innovative people of Helsinki Education Hub. With the help of technology and open-minded students and teachers learning and interactive communication is possible, even from Helsinki to Beijing.<\/span><\/p>\t\t\t\t\t\t\t\t<\/div>\n\t\t\t\t<\/div>\n\t\t\t\t<div class=\"elementor-element elementor-element-2e25157 elementor-blockquote--skin-quotation elementor-blockquote--align-center elementor-widget elementor-widget-blockquote\" data-id=\"2e25157\" data-element_type=\"widget\" data-widget_type=\"blockquote.default\">\n\t\t\t\t<div class=\"elementor-widget-container\">\n\t\t\t\t\t\t\t<blockquote class=\"elementor-blockquote\">\n\t\t\t<p class=\"elementor-blockquote__content\">\n\t\t\t\tHow much do we use Artome M10? All the time! It is so simple to use with remote or on-location meetings. We had a pop-up school here related to Beijing Design Week in September 2021 and the teachers of course came a bit early to see, how the technology works and does it need any additional downloads or software to support presenting. They were surprised on how easy it was -just plug a HDMI-wire to the laptop and you are good to go<br>\t\t\t<\/p>\n\t\t\t\t\t\t\t<div class=\"e-q-footer\">\n\t\t\t\t\t\t\t\t\t\t\t<cite class=\"elementor-blockquote__author\">Ulla Hemminki-Reijonen Community Manager of Helsinki Education Hub<\/cite>\n\t\t\t\t\t\t\t\t\t\t\t\t\t\t<\/div>\n\t\t\t\t\t<\/blockquote>\n\t\t\t\t\t\t<\/div>\n\t\t\t\t<\/div>\n\t\t\t\t<div class=\"elementor-element elementor-element-98a20e5 elementor-widget elementor-widget-image\" data-id=\"98a20e5\" data-element_type=\"widget\" data-widget_type=\"image.default\">\n\t\t\t\t<div class=\"elementor-widget-container\">\n\t\t\t\t\t\t\t\t\t\t\t\t\t\t\t<img decoding=\"async\" width=\"1536\" height=\"1024\" src=\"https:\/\/artome.fi\/wp-content\/uploads\/2022\/12\/Edu-Hub-web-1536x1024.jpg\" class=\"attachment-1536x1536 size-1536x1536 wp-image-3510\" alt=\"Installation free audiovisual solution, Artome M10, in Helsinki Education Hub\" srcset=\"https:\/\/artome.fi\/wp-content\/uploads\/2022\/12\/Edu-Hub-web-1536x1024.jpg 1536w, https:\/\/artome.fi\/wp-content\/uploads\/2022\/12\/Edu-Hub-web-300x200.jpg 300w, https:\/\/artome.fi\/wp-content\/uploads\/2022\/12\/Edu-Hub-web-1024x683.jpg 1024w, https:\/\/artome.fi\/wp-content\/uploads\/2022\/12\/Edu-Hub-web-768x512.jpg 768w, https:\/\/artome.fi\/wp-content\/uploads\/2022\/12\/Edu-Hub-web-2048x1366.jpg 2048w, https:\/\/artome.fi\/wp-content\/uploads\/2022\/12\/Edu-Hub-web-18x12.jpg 18w\" sizes=\"(max-width: 1536px) 100vw, 1536px\" \/>\t\t\t\t\t\t\t\t\t\t\t\t\t\t\t<\/div>\n\t\t\t\t<\/div>\n\t\t\t\t<div class=\"elementor-element elementor-element-a204446 elementor-widget elementor-widget-text-editor\" data-id=\"a204446\" data-element_type=\"widget\" data-widget_type=\"text-editor.default\">\n\t\t\t\t<div class=\"elementor-widget-container\">\n\t\t\t\t\t\t\t\t\t<p><span style=\"color: #4b4b4b; font-family: montserrat, Helvetica, Arial, sans-serif; font-size: 18px; background-color: #ffffff;\">The easiness was experienced by 8th graders of a primary school in Helsinki too as they were able to meet and greet their partner school students in Beijing. Artome M10 enabled them a flexible experience for remote and live communication with an integrated camera and wireless microphone. The tomorrow of agile communication is already here.<\/span><\/p><p><span style=\"color: #4b4b4b; font-family: montserrat, Helvetica, Arial, sans-serif; font-size: 18px; background-color: #ffffff;\">In the last decade there has also been a huge change on how we receive and share information. Thanks to the increasing amount of mobile devices, we are on the verge of knowledge all the time. Schools are expected to be places, that not only provide information, but rather innovate and generate new data and practises, which should be able to share globally. That\u2019s why new technology innovations are needed.<\/span><\/p>\t\t\t\t\t\t\t\t<\/div>\n\t\t\t\t<\/div>\n\t\t\t\t<div class=\"elementor-element elementor-element-6e08e02 elementor-blockquote--skin-quotation elementor-blockquote--align-center elementor-widget elementor-widget-blockquote\" data-id=\"6e08e02\" data-element_type=\"widget\" data-widget_type=\"blockquote.default\">\n\t\t\t\t<div class=\"elementor-widget-container\">\n\t\t\t\t\t\t\t<blockquote class=\"elementor-blockquote\">\n\t\t\t<p class=\"elementor-blockquote__content\">\n\t\t\t\tWe also have a touch screen at our premises and we have discovered that we can use it together with Artome M10 as an additional screen and when we are in remote meeting, we can share the content from the touch screen too. Artome M10 is really enabling imagination- and for that, there are no borders.\t\t\t<\/p>\n\t\t\t\t\t<\/blockquote>\n\t\t\t\t\t\t<\/div>\n\t\t\t\t<\/div>\n\t\t\t\t\t<\/div>\n\t\t<\/div>\n\t\t\t\t\t<\/div>\n\t\t<\/section>\n\t\t\t\t<\/div>","protected":false},"excerpt":{"rendered":"<p>Kokemuksia Helsinki Education Hub Oppimista ilman rajoja Olisiko laadukas oppimiskokemus mahdotonta toteuttaa, jos sek\u00e4 opettajasi ett\u00e4 koulutoverisi olisivatkin toisella puolella maapalloa? Me Artomella sanoisimme, ett\u00e4 ei ja onneksi olemme l\u00f6yt\u00e4neet my\u00f6s muita kaltaisiamme innovatiivisia edell\u00e4k\u00e4vij\u00f6it\u00e4 viem\u00e4\u00e4n kanssamme hybridiopettamisen ilosanomaa eteenp\u00e4in. Helsinki Education Hub on yksi n\u00e4ist\u00e4 pioneereista, jotka n\u00e4ytt\u00e4v\u00e4t esimerkki\u00e4, miten aitoja oppimiskokemuksia ja vuorovaikutteista [&hellip;]<\/p>\n","protected":false},"author":1,"featured_media":0,"parent":0,"menu_order":0,"comment_status":"closed","ping_status":"closed","template":"elementor_header_footer","meta":{"om_disable_all_campaigns":false,"_monsterinsights_skip_tracking":false,"_monsterinsights_sitenote_active":false,"_monsterinsights_sitenote_note":"","_monsterinsights_sitenote_category":0,"_uf_show_specific_survey":0,"_uf_disable_surveys":false,"footnotes":""},"class_list":["post-809","page","type-page","status-publish","hentry"],"blocksy_meta":{"styles_descriptor":{"styles":{"desktop":"","tablet":"","mobile":""},"google_fonts":[],"version":6}},"aioseo_notices":[],"yoast_head":"<!-- This site is optimized with the Yoast SEO Premium plugin v23.2 (Yoast SEO v26.3) - https:\/\/yoast.com\/wordpress\/plugins\/seo\/ -->\n<title>Artome | Experiences - Helsinki Education Hub<\/title>\n<meta name=\"description\" content=\"Helsinki Education Hub x Artome. Learning without borders. Read more about why Helsinki Education Hub chose Artome M10.\" \/>\n<meta name=\"robots\" content=\"index, follow, max-snippet:-1, max-image-preview:large, max-video-preview:-1\" \/>\n<link rel=\"canonical\" href=\"https:\/\/artome.fi\/en\/experiences-helsinki-education-hub\/\" \/>\n<meta property=\"og:locale\" content=\"en_GB\" \/>\n<meta property=\"og:type\" content=\"article\" \/>\n<meta property=\"og:title\" content=\"Helsinki Education Hub\" \/>\n<meta property=\"og:description\" content=\"Helsinki Education Hub x Artome. Learning without borders. Read more about why Helsinki Education Hub chose Artome M10.\" \/>\n<meta property=\"og:url\" content=\"https:\/\/artome.fi\/en\/experiences-helsinki-education-hub\/\" \/>\n<meta property=\"og:site_name\" content=\"Artome\" \/>\n<meta property=\"article:modified_time\" content=\"2022-12-07T12:42:35+00:00\" \/>\n<meta property=\"og:image\" content=\"https:\/\/artome.fi\/wp-content\/uploads\/2022\/06\/artome_M10_refe3-kopio-1536x1084.jpg\" \/>\n<meta name=\"twitter:card\" content=\"summary_large_image\" \/>\n<meta name=\"twitter:label1\" content=\"Estimated reading time\" \/>\n\t<meta name=\"twitter:data1\" content=\"3 minutes\" \/>\n<script type=\"application\/ld+json\" class=\"yoast-schema-graph\">{\"@context\":\"https:\/\/schema.org\",\"@graph\":[{\"@type\":\"WebPage\",\"@id\":\"https:\/\/artome.fi\/es\/experiencias-centro-educativo-helsinki\/\",\"url\":\"https:\/\/artome.fi\/es\/experiencias-centro-educativo-helsinki\/\",\"name\":\"Artome | Experiences - Helsinki Education Hub\",\"isPartOf\":{\"@id\":\"https:\/\/artome.fi\/en\/#website\"},\"primaryImageOfPage\":{\"@id\":\"https:\/\/artome.fi\/es\/experiencias-centro-educativo-helsinki\/#primaryimage\"},\"image\":{\"@id\":\"https:\/\/artome.fi\/es\/experiencias-centro-educativo-helsinki\/#primaryimage\"},\"thumbnailUrl\":\"https:\/\/artome.fi\/wp-content\/uploads\/2022\/06\/artome_M10_refe3-kopio-1536x1084.jpg\",\"datePublished\":\"2022-06-07T14:11:59+00:00\",\"dateModified\":\"2022-12-07T12:42:35+00:00\",\"description\":\"Helsinki Education Hub x Artome. Learning without borders. Read more about why Helsinki Education Hub chose Artome M10.\",\"breadcrumb\":{\"@id\":\"https:\/\/artome.fi\/es\/experiencias-centro-educativo-helsinki\/#breadcrumb\"},\"inLanguage\":\"en-GB\",\"potentialAction\":[{\"@type\":\"ReadAction\",\"target\":[\"https:\/\/artome.fi\/es\/experiencias-centro-educativo-helsinki\/\"]}]},{\"@type\":\"ImageObject\",\"inLanguage\":\"en-GB\",\"@id\":\"https:\/\/artome.fi\/es\/experiencias-centro-educativo-helsinki\/#primaryimage\",\"url\":\"https:\/\/artome.fi\/wp-content\/uploads\/2022\/06\/artome_M10_refe3-kopio-1536x1084.jpg\",\"contentUrl\":\"https:\/\/artome.fi\/wp-content\/uploads\/2022\/06\/artome_M10_refe3-kopio-1536x1084.jpg\"},{\"@type\":\"BreadcrumbList\",\"@id\":\"https:\/\/artome.fi\/es\/experiencias-centro-educativo-helsinki\/#breadcrumb\",\"itemListElement\":[{\"@type\":\"ListItem\",\"position\":1,\"name\":\"Etusivu\",\"item\":\"https:\/\/artome.fi\/en\/\"},{\"@type\":\"ListItem\",\"position\":2,\"name\":\"Helsinki Education Hub\"}]},{\"@type\":\"WebSite\",\"@id\":\"https:\/\/artome.fi\/en\/#website\",\"url\":\"https:\/\/artome.fi\/en\/\",\"name\":\"Artome\",\"description\":\"Redesigning audiovisual with smart furniture\",\"publisher\":{\"@id\":\"https:\/\/artome.fi\/en\/#organization\"},\"potentialAction\":[{\"@type\":\"SearchAction\",\"target\":{\"@type\":\"EntryPoint\",\"urlTemplate\":\"https:\/\/artome.fi\/en\/?s={search_term_string}\"},\"query-input\":{\"@type\":\"PropertyValueSpecification\",\"valueRequired\":true,\"valueName\":\"search_term_string\"}}],\"inLanguage\":\"en-GB\"},{\"@type\":\"Organization\",\"@id\":\"https:\/\/artome.fi\/en\/#organization\",\"name\":\"Artome\",\"url\":\"https:\/\/artome.fi\/en\/\",\"logo\":{\"@type\":\"ImageObject\",\"inLanguage\":\"en-GB\",\"@id\":\"https:\/\/artome.fi\/en\/#\/schema\/logo\/image\/\",\"url\":\"https:\/\/artome.fi\/wp-content\/uploads\/2022\/02\/artome_logo_black.png\",\"contentUrl\":\"https:\/\/artome.fi\/wp-content\/uploads\/2022\/02\/artome_logo_black.png\",\"width\":1280,\"height\":496,\"caption\":\"Artome\"},\"image\":{\"@id\":\"https:\/\/artome.fi\/en\/#\/schema\/logo\/image\/\"}}]}<\/script>\n<!-- \/ Yoast SEO Premium plugin. -->","yoast_head_json":{"title":"Artome | Experiences - Helsinki Education Hub","description":"Helsinki Education Hub x Artome. Learning without borders. Read more about why Helsinki Education Hub chose Artome M10.","robots":{"index":"index","follow":"follow","max-snippet":"max-snippet:-1","max-image-preview":"max-image-preview:large","max-video-preview":"max-video-preview:-1"},"canonical":"https:\/\/artome.fi\/en\/experiences-helsinki-education-hub\/","og_locale":"en_GB","og_type":"article","og_title":"Helsinki Education Hub","og_description":"Helsinki Education Hub x Artome. Learning without borders. Read more about why Helsinki Education Hub chose Artome M10.","og_url":"https:\/\/artome.fi\/en\/experiences-helsinki-education-hub\/","og_site_name":"Artome","article_modified_time":"2022-12-07T12:42:35+00:00","og_image":[{"url":"https:\/\/artome.fi\/wp-content\/uploads\/2022\/06\/artome_M10_refe3-kopio-1536x1084.jpg","type":"","width":"","height":""}],"twitter_card":"summary_large_image","twitter_misc":{"Estimated reading time":"3 minutes"},"schema":{"@context":"https:\/\/schema.org","@graph":[{"@type":"WebPage","@id":"https:\/\/artome.fi\/es\/experiencias-centro-educativo-helsinki\/","url":"https:\/\/artome.fi\/es\/experiencias-centro-educativo-helsinki\/","name":"Artome | Experiences - Helsinki Education Hub","isPartOf":{"@id":"https:\/\/artome.fi\/en\/#website"},"primaryImageOfPage":{"@id":"https:\/\/artome.fi\/es\/experiencias-centro-educativo-helsinki\/#primaryimage"},"image":{"@id":"https:\/\/artome.fi\/es\/experiencias-centro-educativo-helsinki\/#primaryimage"},"thumbnailUrl":"https:\/\/artome.fi\/wp-content\/uploads\/2022\/06\/artome_M10_refe3-kopio-1536x1084.jpg","datePublished":"2022-06-07T14:11:59+00:00","dateModified":"2022-12-07T12:42:35+00:00","description":"Helsinki Education Hub x Artome. Learning without borders. Read more about why Helsinki Education Hub chose Artome M10.","breadcrumb":{"@id":"https:\/\/artome.fi\/es\/experiencias-centro-educativo-helsinki\/#breadcrumb"},"inLanguage":"en-GB","potentialAction":[{"@type":"ReadAction","target":["https:\/\/artome.fi\/es\/experiencias-centro-educativo-helsinki\/"]}]},{"@type":"ImageObject","inLanguage":"en-GB","@id":"https:\/\/artome.fi\/es\/experiencias-centro-educativo-helsinki\/#primaryimage","url":"https:\/\/artome.fi\/wp-content\/uploads\/2022\/06\/artome_M10_refe3-kopio-1536x1084.jpg","contentUrl":"https:\/\/artome.fi\/wp-content\/uploads\/2022\/06\/artome_M10_refe3-kopio-1536x1084.jpg"},{"@type":"BreadcrumbList","@id":"https:\/\/artome.fi\/es\/experiencias-centro-educativo-helsinki\/#breadcrumb","itemListElement":[{"@type":"ListItem","position":1,"name":"Etusivu","item":"https:\/\/artome.fi\/en\/"},{"@type":"ListItem","position":2,"name":"Helsinki Education Hub"}]},{"@type":"WebSite","@id":"https:\/\/artome.fi\/en\/#website","url":"https:\/\/artome.fi\/en\/","name":"Artome","description":"Redesigning audiovisual with smart furniture","publisher":{"@id":"https:\/\/artome.fi\/en\/#organization"},"potentialAction":[{"@type":"SearchAction","target":{"@type":"EntryPoint","urlTemplate":"https:\/\/artome.fi\/en\/?s={search_term_string}"},"query-input":{"@type":"PropertyValueSpecification","valueRequired":true,"valueName":"search_term_string"}}],"inLanguage":"en-GB"},{"@type":"Organization","@id":"https:\/\/artome.fi\/en\/#organization","name":"Artome","url":"https:\/\/artome.fi\/en\/","logo":{"@type":"ImageObject","inLanguage":"en-GB","@id":"https:\/\/artome.fi\/en\/#\/schema\/logo\/image\/","url":"https:\/\/artome.fi\/wp-content\/uploads\/2022\/02\/artome_logo_black.png","contentUrl":"https:\/\/artome.fi\/wp-content\/uploads\/2022\/02\/artome_logo_black.png","width":1280,"height":496,"caption":"Artome"},"image":{"@id":"https:\/\/artome.fi\/en\/#\/schema\/logo\/image\/"}}]}},"_links":{"self":[{"href":"https:\/\/artome.fi\/en\/wp-json\/wp\/v2\/pages\/809","targetHints":{"allow":["GET"]}}],"collection":[{"href":"https:\/\/artome.fi\/en\/wp-json\/wp\/v2\/pages"}],"about":[{"href":"https:\/\/artome.fi\/en\/wp-json\/wp\/v2\/types\/page"}],"author":[{"embeddable":true,"href":"https:\/\/artome.fi\/en\/wp-json\/wp\/v2\/users\/1"}],"replies":[{"embeddable":true,"href":"https:\/\/artome.fi\/en\/wp-json\/wp\/v2\/comments?post=809"}],"version-history":[{"count":52,"href":"https:\/\/artome.fi\/en\/wp-json\/wp\/v2\/pages\/809\/revisions"}],"predecessor-version":[{"id":3519,"href":"https:\/\/artome.fi\/en\/wp-json\/wp\/v2\/pages\/809\/revisions\/3519"}],"wp:attachment":[{"href":"https:\/\/artome.fi\/en\/wp-json\/wp\/v2\/media?parent=809"}],"curies":[{"name":"wp","href":"https:\/\/api.w.org\/{rel}","templated":true}]}}