{"id":1010,"date":"2022-06-08T18:07:02","date_gmt":"2022-06-08T18:07:02","guid":{"rendered":"https:\/\/artome.fi\/?page_id=1010"},"modified":"2023-11-08T15:56:58","modified_gmt":"2023-11-08T15:56:58","slug":"story","status":"publish","type":"page","link":"https:\/\/artome.fi\/es\/historia\/","title":{"rendered":"Historia de Artome"},"content":{"rendered":"<div data-elementor-type=\"wp-page\" data-elementor-id=\"1010\" class=\"elementor elementor-1010\" data-elementor-post-type=\"page\">\n\t\t\t\t\t\t<section class=\"elementor-section elementor-top-section elementor-element elementor-element-73fa7923 ct-section-stretched elementor-section-boxed elementor-section-height-default elementor-section-height-default\" data-id=\"73fa7923\" data-element_type=\"section\">\n\t\t\t\t\t\t<div class=\"elementor-container elementor-column-gap-no\">\n\t\t\t\t\t<div class=\"elementor-column elementor-col-100 elementor-top-column elementor-element elementor-element-41cf59bb\" data-id=\"41cf59bb\" data-element_type=\"column\">\n\t\t\t<div class=\"elementor-widget-wrap elementor-element-populated\">\n\t\t\t\t\t\t<div class=\"elementor-element elementor-element-597340b1 elementor-widget elementor-widget-heading\" data-id=\"597340b1\" data-element_type=\"widget\" data-widget_type=\"heading.default\">\n\t\t\t\t<div class=\"elementor-widget-container\">\n\t\t\t\t\t<h2 class=\"elementor-heading-title elementor-size-default\">La historia de Artome.<\/h2>\t\t\t\t<\/div>\n\t\t\t\t<\/div>\n\t\t\t\t<div class=\"elementor-element elementor-element-3fec15c elementor-widget elementor-widget-heading\" data-id=\"3fec15c\" data-element_type=\"widget\" data-widget_type=\"heading.default\">\n\t\t\t\t<div class=\"elementor-widget-container\">\n\t\t\t\t\t<h2 class=\"elementor-heading-title elementor-size-default\">Cuando la \u00fanica opci\u00f3n era crear algo nuevo<\/h2>\t\t\t\t<\/div>\n\t\t\t\t<\/div>\n\t\t\t\t<div class=\"elementor-element elementor-element-3f754f6d elementor-widget elementor-widget-text-editor\" data-id=\"3f754f6d\" data-element_type=\"widget\" data-widget_type=\"text-editor.default\">\n\t\t\t\t<div class=\"elementor-widget-container\">\n\t\t\t\t\t\t\t\t\t<p>\u00bfEn su c\u00edrculo de conocidos hay una persona que viaja por todo el mundo por motivos de trabajo y que siempre tiene que organizar el resto de su vida en consecuencia y no puede planificar su futuro con m\u00e1s de medio a\u00f1o de antelaci\u00f3n?<br \/><br \/>Tal persona fue tambi\u00e9n el fundador de Artome, <strong>Toni Parika<\/strong><\/p>\t\t\t\t\t\t\t\t<\/div>\n\t\t\t\t<\/div>\n\t\t\t\t\t<\/div>\n\t\t<\/div>\n\t\t\t\t\t<\/div>\n\t\t<\/section>\n\t\t\t\t<section class=\"elementor-section elementor-top-section elementor-element elementor-element-281afc44 ct-section-stretched elementor-section-boxed elementor-section-height-default elementor-section-height-default\" data-id=\"281afc44\" data-element_type=\"section\" data-settings=\"{&quot;background_background&quot;:&quot;classic&quot;}\">\n\t\t\t\t\t\t<div class=\"elementor-container elementor-column-gap-default\">\n\t\t\t\t\t<div class=\"elementor-column elementor-col-100 elementor-top-column elementor-element elementor-element-cd3189f\" data-id=\"cd3189f\" data-element_type=\"column\">\n\t\t\t<div class=\"elementor-widget-wrap elementor-element-populated\">\n\t\t\t\t\t\t<section class=\"elementor-section elementor-inner-section elementor-element elementor-element-cb239ae elementor-section-boxed elementor-section-height-default elementor-section-height-default\" data-id=\"cb239ae\" data-element_type=\"section\">\n\t\t\t\t\t\t<div class=\"elementor-container elementor-column-gap-default\">\n\t\t\t\t\t<div class=\"elementor-column elementor-col-50 elementor-inner-column elementor-element elementor-element-341b29b\" data-id=\"341b29b\" data-element_type=\"column\">\n\t\t\t<div class=\"elementor-widget-wrap elementor-element-populated\">\n\t\t\t\t\t\t<div class=\"elementor-element elementor-element-085c280 elementor-blockquote--skin-quotation elementor-widget elementor-widget-blockquote\" data-id=\"085c280\" data-element_type=\"widget\" data-widget_type=\"blockquote.default\">\n\t\t\t\t<div class=\"elementor-widget-container\">\n\t\t\t\t\t\t\t<blockquote class=\"elementor-blockquote\">\n\t\t\t<p class=\"elementor-blockquote__content\">\n\t\t\t\tMe di cuenta de que la \u00faltima pieza que faltaba en la idea de mi producto era precisamente la tecnolog\u00eda que permit\u00eda lentes de proyector cercanos, lo que revolucionar\u00eda toda la industria audiovisual y eliminar\u00eda la necesidad de instalaciones en el techo. Sin embargo, el primer producto solo vio la luz en 2014, porque fue solo entonces cuando sus lentes sensibles fueron seguras para usar dentro de productos m\u00f3viles.\t\t\t<\/p>\n\t\t\t\t\t\t\t<div class=\"e-q-footer\">\n\t\t\t\t\t\t\t\t\t\t\t<cite class=\"elementor-blockquote__author\">Toni Parikka, Fundador y CVO<\/cite>\n\t\t\t\t\t\t\t\t\t\t\t\t\t\t<\/div>\n\t\t\t\t\t<\/blockquote>\n\t\t\t\t\t\t<\/div>\n\t\t\t\t<\/div>\n\t\t\t\t\t<\/div>\n\t\t<\/div>\n\t\t\t\t<div class=\"elementor-column elementor-col-50 elementor-inner-column elementor-element elementor-element-16d40bd\" data-id=\"16d40bd\" data-element_type=\"column\">\n\t\t\t<div class=\"elementor-widget-wrap\">\n\t\t\t\t\t\t\t<\/div>\n\t\t<\/div>\n\t\t\t\t\t<\/div>\n\t\t<\/section>\n\t\t\t\t\t<\/div>\n\t\t<\/div>\n\t\t\t\t\t<\/div>\n\t\t<\/section>\n\t\t\t\t<section class=\"elementor-section elementor-top-section elementor-element elementor-element-553739ef ct-section-stretched elementor-section-boxed elementor-section-height-default elementor-section-height-default\" data-id=\"553739ef\" data-element_type=\"section\">\n\t\t\t\t\t\t<div class=\"elementor-container elementor-column-gap-default\">\n\t\t\t\t\t<div class=\"elementor-column elementor-col-50 elementor-top-column elementor-element elementor-element-6041f3a7\" data-id=\"6041f3a7\" data-element_type=\"column\" data-settings=\"{&quot;background_background&quot;:&quot;classic&quot;}\">\n\t\t\t<div class=\"elementor-widget-wrap elementor-element-populated\">\n\t\t\t\t\t\t<div class=\"elementor-element elementor-element-2940ecd elementor-widget elementor-widget-heading\" data-id=\"2940ecd\" data-element_type=\"widget\" data-widget_type=\"heading.default\">\n\t\t\t\t<div class=\"elementor-widget-container\">\n\t\t\t\t\t<h2 class=\"elementor-heading-title elementor-size-default\">De integrador AV a dise\u00f1ador de muebles inteligentes<\/h2>\t\t\t\t<\/div>\n\t\t\t\t<\/div>\n\t\t\t\t<div class=\"elementor-element elementor-element-1ecf70a elementor-widget elementor-widget-text-editor\" data-id=\"1ecf70a\" data-element_type=\"widget\" data-widget_type=\"text-editor.default\">\n\t\t\t\t<div class=\"elementor-widget-container\">\n\t\t\t\t\t\t\t\t\t<p>El trabajo de Toni como integrador AV implicaba muchos viajes, aguantar calendarios de proyectos inciertos y largas jornadas laborales. La naturaleza del trabajo queda bien descrita por el hecho de que cuando el resto del personal de la obra ha terminado el trabajo, es decir, cuando se han pintado las paredes y se ha conectado la electricidad, entonces comienza el trabajo del integrador AV. Y en ese momento, es posible que muchos proyectos de construcci\u00f3n ya est\u00e9n muy retrasados con respecto al cronograma general.<\/p><p>Aunque Toni hab\u00eda tenido tiempo de acostumbrarse a los viajes constantes y a la ampliaci\u00f3n de los cronogramas de proyectos durante sus m\u00e1s de diez a\u00f1os de carrera laboral, la idea de establecerse en su campo y formar una familia en alg\u00fan momento de su vida todav\u00eda estaba presente. importante para \u00e9l. Se dio cuenta de que su trabajo actual no ser\u00eda compatible con su sue\u00f1o, pero a\u00fan no estaba preparado para dejar la industria audiovisual. Hab\u00eda que inventar algo.<\/p>\t\t\t\t\t\t\t\t<\/div>\n\t\t\t\t<\/div>\n\t\t\t\t\t<\/div>\n\t\t<\/div>\n\t\t\t\t<div class=\"elementor-column elementor-col-50 elementor-top-column elementor-element elementor-element-dd60a80\" data-id=\"dd60a80\" data-element_type=\"column\" data-settings=\"{&quot;background_background&quot;:&quot;classic&quot;}\">\n\t\t\t<div class=\"elementor-widget-wrap elementor-element-populated\">\n\t\t\t\t\t\t<div class=\"elementor-element elementor-element-514cd10 elementor-widget elementor-widget-heading\" data-id=\"514cd10\" data-element_type=\"widget\" data-widget_type=\"heading.default\">\n\t\t\t\t<div class=\"elementor-widget-container\">\n\t\t\t\t\t<h2 class=\"elementor-heading-title elementor-size-default\">No m\u00e1s instalaciones<\/h2>\t\t\t\t<\/div>\n\t\t\t\t<\/div>\n\t\t\t\t<div class=\"elementor-element elementor-element-6513e861 elementor-widget elementor-widget-text-editor\" data-id=\"6513e861\" data-element_type=\"widget\" data-widget_type=\"text-editor.default\">\n\t\t\t\t<div class=\"elementor-widget-container\">\n\t\t\t\t\t\t\t\t\t<p>Ese algo finalmente fue visible como una luz en 2012, cuando Toni instal\u00f3 el primer proyector l\u00e1ser de distancia ultracorta en un proyecto escolar. El proyecto en s\u00ed fue bastante ca\u00f3tico, porque hubo que rehacer el dise\u00f1o el\u00e9ctrico de todo el edificio, lo que provoc\u00f3 que nos retras\u00e1ramos mucho con respecto al cronograma general y los integradores AV se encontraran una vez m\u00e1s en una brecha desafiante, cuando las soluciones para el La producci\u00f3n de imagen y sonido de las aulas tuvo que repensarse por completo. Esta fue la gota que colm\u00f3 el vaso para Toni. Gracias tambi\u00e9n a su gran experiencia en el sector de la reproducci\u00f3n de sonido, ya llevaba a\u00f1os madurando una idea que permitir\u00eda combinar imagen y sonido en un producto acabado sin instalaciones fijas y sin que el integrador AV tuviera que desplazarse hasta la obra.<\/p><p>De todos modos, 2014 result\u00f3 ser un a\u00f1o importante para Toni. Se cas\u00f3 y se convirti\u00f3 en padre. Adem\u00e1s, tambi\u00e9n present\u00f3 el primer plano conceptual de un mueble inteligente completamente libre de instalaciones, que inclu\u00eda un proyector y reproducci\u00f3n de sonido con micr\u00f3fonos. Gracias a algunos a\u00f1os de desarrollo de productos y diversos avances tecnol\u00f3gicos, en 2018 el producto terminado finalmente se present\u00f3 al p\u00fablico en general: naci\u00f3 Artome Move, un dispositivo audiovisual inteligente m\u00f3vil e integral para empresas y administraci\u00f3n p\u00fablica.<\/p>\t\t\t\t\t\t\t\t<\/div>\n\t\t\t\t<\/div>\n\t\t\t\t\t<\/div>\n\t\t<\/div>\n\t\t\t\t\t<\/div>\n\t\t<\/section>\n\t\t\t\t<section class=\"elementor-section elementor-top-section elementor-element elementor-element-5bd06a0 elementor-section-boxed elementor-section-height-default elementor-section-height-default\" data-id=\"5bd06a0\" data-element_type=\"section\">\n\t\t\t\t\t\t<div class=\"elementor-container elementor-column-gap-default\">\n\t\t\t\t\t<div class=\"elementor-column elementor-col-100 elementor-top-column elementor-element elementor-element-4aa59dc\" data-id=\"4aa59dc\" data-element_type=\"column\">\n\t\t\t<div class=\"elementor-widget-wrap elementor-element-populated\">\n\t\t\t\t\t\t<div class=\"elementor-element elementor-element-97a0af1 elementor-blockquote--skin-quotation elementor-widget elementor-widget-blockquote\" data-id=\"97a0af1\" data-element_type=\"widget\" data-widget_type=\"blockquote.default\">\n\t\t\t\t<div class=\"elementor-widget-container\">\n\t\t\t\t\t\t\t<blockquote class=\"elementor-blockquote\">\n\t\t\t<p class=\"elementor-blockquote__content\">\n\t\t\t\tUno de mis objetivos m\u00e1s importantes era lograr crear un enfoque completamente nuevo para la producci\u00f3n de im\u00e1genes y sonido, que no solo aliviar\u00eda la carga de trabajo de los integradores audiovisuales, sino que tambi\u00e9n brindar\u00eda a los usuarios finales una experiencia de usuario sin esfuerzo. A nivel personal, por supuesto, tambi\u00e9n signific\u00f3 para m\u00ed la oportunidad de cumplir mi sue\u00f1o de establecerme en mi campo y seguir trabajando en el desarrollo de la industria audiovisual. No pens\u00e9 que gracias a ello podr\u00eda formar dos familias, una en casa y la otra conocida como Artome.\t\t\t<\/p>\n\t\t\t\t\t\t\t<div class=\"e-q-footer\">\n\t\t\t\t\t\t\t\t\t\t\t<cite class=\"elementor-blockquote__author\">Toni Parika<\/cite>\n\t\t\t\t\t\t\t\t\t\t\t\t\t\t<\/div>\n\t\t\t\t\t<\/blockquote>\n\t\t\t\t\t\t<\/div>\n\t\t\t\t<\/div>\n\t\t\t\t<div class=\"elementor-element elementor-element-dc6021c elementor-widget-divider--view-line elementor-widget elementor-widget-divider\" data-id=\"dc6021c\" data-element_type=\"widget\" data-widget_type=\"divider.default\">\n\t\t\t\t<div class=\"elementor-widget-container\">\n\t\t\t\t\t\t\t<div class=\"elementor-divider\">\n\t\t\t<span class=\"elementor-divider-separator\">\n\t\t\t\t\t\t<\/span>\n\t\t<\/div>\n\t\t\t\t\t\t<\/div>\n\t\t\t\t<\/div>\n\t\t\t\t<div class=\"elementor-element elementor-element-561a328 elementor-widget elementor-widget-heading\" data-id=\"561a328\" data-element_type=\"widget\" data-widget_type=\"heading.default\">\n\t\t\t\t<div class=\"elementor-widget-container\">\n\t\t\t\t\t<h2 class=\"elementor-heading-title elementor-size-default\">de Artome<\/h2>\t\t\t\t<\/div>\n\t\t\t\t<\/div>\n\t\t\t\t<div class=\"elementor-element elementor-element-28f7aaf elementor-widget elementor-widget-text-editor\" data-id=\"28f7aaf\" data-element_type=\"widget\" data-widget_type=\"text-editor.default\">\n\t\t\t\t<div class=\"elementor-widget-container\">\n\t\t\t\t\t\t\t\t\t<p>La idea de una tecnolog\u00eda de presentaci\u00f3n sin instalaci\u00f3n y f\u00e1cilmente adaptable ha sido -y sigue siendo- la base de Artome. El objetivo de la empresa es dise\u00f1ar y construir tecnolog\u00eda audiovisual de forma sostenible y aportar flexibilidad y facilidad a los usuarios sin olvidar el dise\u00f1o finland\u00e9s. En la f\u00e1brica de Heinola, Artome fabrica muebles port\u00e1tiles inteligentes con funciones plug-and-play para realizar presentaciones, aprender y mucho m\u00e1s: s\u00f3lo la imaginaci\u00f3n es el l\u00edmite.<\/p>\t\t\t\t\t\t\t\t<\/div>\n\t\t\t\t<\/div>\n\t\t\t\t<div class=\"elementor-element elementor-element-2fe5341 elementor-widget-divider--view-line elementor-widget elementor-widget-divider\" data-id=\"2fe5341\" data-element_type=\"widget\" data-widget_type=\"divider.default\">\n\t\t\t\t<div class=\"elementor-widget-container\">\n\t\t\t\t\t\t\t<div class=\"elementor-divider\">\n\t\t\t<span class=\"elementor-divider-separator\">\n\t\t\t\t\t\t<\/span>\n\t\t<\/div>\n\t\t\t\t\t\t<\/div>\n\t\t\t\t<\/div>\n\t\t\t\t\t<\/div>\n\t\t<\/div>\n\t\t\t\t\t<\/div>\n\t\t<\/section>\n\t\t\t\t<\/div>","protected":false},"excerpt":{"rendered":"<p>Artomen tarina Kun ainoa vaihtoehto oli luoda jotain uutta Kuuluuko tuttavapiiriisi henkil\u00f6, joka matkustelee maailman ymp\u00e4ri ty\u00f6n per\u00e4ss\u00e4 ja jonka t\u00e4ytyy aina j\u00e4rjestell\u00e4 koko muu el\u00e4m\u00e4 sen mukaan, eik\u00e4 h\u00e4n voi suunnitella tulevaisuuttaan enemp\u00e4\u00e4 kuin puoli vuotta eteenp\u00e4in. Sellainen henkil\u00f6 oli my\u00f6s Artomen perustaja, Toni Parikka Ymm\u00e4rsin, ett\u00e4 tuoteideani viimeinen puuttuva palanen oli juuri l\u00e4hiprojektorilinssit [&hellip;]<\/p>\n","protected":false},"author":1,"featured_media":0,"parent":0,"menu_order":0,"comment_status":"closed","ping_status":"closed","template":"elementor_header_footer","meta":{"om_disable_all_campaigns":false,"_monsterinsights_skip_tracking":false,"_monsterinsights_sitenote_active":false,"_monsterinsights_sitenote_note":"","_monsterinsights_sitenote_category":0,"_uf_show_specific_survey":0,"_uf_disable_surveys":false,"footnotes":""},"class_list":["post-1010","page","type-page","status-publish","hentry"],"blocksy_meta":{"styles_descriptor":{"styles":{"desktop":"","tablet":"","mobile":""},"google_fonts":[],"version":6}},"aioseo_notices":[],"yoast_head":"<!-- This site is optimized with the Yoast SEO Premium plugin v23.2 (Yoast SEO v26.3) - https:\/\/yoast.com\/wordpress\/plugins\/seo\/ -->\n<title>Artome | Story of Artome<\/title>\n<meta name=\"description\" content=\"Artome plans and builds audiovisual technology and makes products that bring flexibility and easiness without forgetting the aesthetic side.\" \/>\n<meta name=\"robots\" content=\"index, follow, max-snippet:-1, max-image-preview:large, max-video-preview:-1\" \/>\n<link rel=\"canonical\" href=\"https:\/\/artome.fi\/es\/historia\/\" \/>\n<meta property=\"og:locale\" content=\"es_ES\" \/>\n<meta property=\"og:type\" content=\"article\" \/>\n<meta property=\"og:title\" content=\"Artome Story\" \/>\n<meta property=\"og:description\" content=\"Artome plans and builds audiovisual technology and makes products that bring flexibility and easiness without forgetting the aesthetic side.\" \/>\n<meta property=\"og:url\" content=\"https:\/\/artome.fi\/es\/historia\/\" \/>\n<meta property=\"og:site_name\" content=\"Artome\" \/>\n<meta property=\"article:modified_time\" content=\"2023-11-08T15:56:58+00:00\" \/>\n<meta name=\"twitter:card\" content=\"summary_large_image\" \/>\n<meta name=\"twitter:label1\" content=\"Tiempo de lectura\" \/>\n\t<meta name=\"twitter:data1\" content=\"3 minutos\" \/>\n<script type=\"application\/ld+json\" class=\"yoast-schema-graph\">{\"@context\":\"https:\/\/schema.org\",\"@graph\":[{\"@type\":\"WebPage\",\"@id\":\"https:\/\/artome.fi\/fr\/histoire\/\",\"url\":\"https:\/\/artome.fi\/fr\/histoire\/\",\"name\":\"Artome | Story of Artome\",\"isPartOf\":{\"@id\":\"https:\/\/artome.fi\/en\/#website\"},\"datePublished\":\"2022-06-08T18:07:02+00:00\",\"dateModified\":\"2023-11-08T15:56:58+00:00\",\"description\":\"Artome plans and builds audiovisual technology and makes products that bring flexibility and easiness without forgetting the aesthetic side.\",\"breadcrumb\":{\"@id\":\"https:\/\/artome.fi\/fr\/histoire\/#breadcrumb\"},\"inLanguage\":\"es\",\"potentialAction\":[{\"@type\":\"ReadAction\",\"target\":[\"https:\/\/artome.fi\/fr\/histoire\/\"]}]},{\"@type\":\"BreadcrumbList\",\"@id\":\"https:\/\/artome.fi\/fr\/histoire\/#breadcrumb\",\"itemListElement\":[{\"@type\":\"ListItem\",\"position\":1,\"name\":\"Etusivu\",\"item\":\"https:\/\/artome.fi\/en\/\"},{\"@type\":\"ListItem\",\"position\":2,\"name\":\"Artome Story\"}]},{\"@type\":\"WebSite\",\"@id\":\"https:\/\/artome.fi\/en\/#website\",\"url\":\"https:\/\/artome.fi\/en\/\",\"name\":\"Artome\",\"description\":\"Redesigning audiovisual with smart furniture\",\"publisher\":{\"@id\":\"https:\/\/artome.fi\/en\/#organization\"},\"potentialAction\":[{\"@type\":\"SearchAction\",\"target\":{\"@type\":\"EntryPoint\",\"urlTemplate\":\"https:\/\/artome.fi\/en\/?s={search_term_string}\"},\"query-input\":{\"@type\":\"PropertyValueSpecification\",\"valueRequired\":true,\"valueName\":\"search_term_string\"}}],\"inLanguage\":\"es\"},{\"@type\":\"Organization\",\"@id\":\"https:\/\/artome.fi\/en\/#organization\",\"name\":\"Artome\",\"url\":\"https:\/\/artome.fi\/en\/\",\"logo\":{\"@type\":\"ImageObject\",\"inLanguage\":\"es\",\"@id\":\"https:\/\/artome.fi\/en\/#\/schema\/logo\/image\/\",\"url\":\"https:\/\/artome.fi\/wp-content\/uploads\/2022\/02\/artome_logo_black.png\",\"contentUrl\":\"https:\/\/artome.fi\/wp-content\/uploads\/2022\/02\/artome_logo_black.png\",\"width\":1280,\"height\":496,\"caption\":\"Artome\"},\"image\":{\"@id\":\"https:\/\/artome.fi\/en\/#\/schema\/logo\/image\/\"}}]}<\/script>\n<!-- \/ Yoast SEO Premium plugin. -->","yoast_head_json":{"title":"Artome | Historia de Artome","description":"Artome planifica y construye tecnolog\u00eda audiovisual y fabrica productos que aportan flexibilidad y facilidad sin olvidar el lado est\u00e9tico.","robots":{"index":"index","follow":"follow","max-snippet":"max-snippet:-1","max-image-preview":"max-image-preview:large","max-video-preview":"max-video-preview:-1"},"canonical":"https:\/\/artome.fi\/es\/historia\/","og_locale":"es_ES","og_type":"article","og_title":"Artome Story","og_description":"Artome plans and builds audiovisual technology and makes products that bring flexibility and easiness without forgetting the aesthetic side.","og_url":"https:\/\/artome.fi\/es\/historia\/","og_site_name":"Artome","article_modified_time":"2023-11-08T15:56:58+00:00","twitter_card":"summary_large_image","twitter_misc":{"Tiempo de lectura":"3 minutos"},"schema":{"@context":"https:\/\/schema.org","@graph":[{"@type":"WebPage","@id":"https:\/\/artome.fi\/fr\/histoire\/","url":"https:\/\/artome.fi\/fr\/histoire\/","name":"Artome | Historia de Artome","isPartOf":{"@id":"https:\/\/artome.fi\/en\/#website"},"datePublished":"2022-06-08T18:07:02+00:00","dateModified":"2023-11-08T15:56:58+00:00","description":"Artome planifica y construye tecnolog\u00eda audiovisual y fabrica productos que aportan flexibilidad y facilidad sin olvidar el lado est\u00e9tico.","breadcrumb":{"@id":"https:\/\/artome.fi\/fr\/histoire\/#breadcrumb"},"inLanguage":"es","potentialAction":[{"@type":"ReadAction","target":["https:\/\/artome.fi\/fr\/histoire\/"]}]},{"@type":"BreadcrumbList","@id":"https:\/\/artome.fi\/fr\/histoire\/#breadcrumb","itemListElement":[{"@type":"ListItem","position":1,"name":"Etusivu","item":"https:\/\/artome.fi\/en\/"},{"@type":"ListItem","position":2,"name":"Artome Story"}]},{"@type":"WebSite","@id":"https:\/\/artome.fi\/en\/#website","url":"https:\/\/artome.fi\/en\/","name":"Artome","description":"Redise\u00f1ando el audiovisual con mobiliario inteligente","publisher":{"@id":"https:\/\/artome.fi\/en\/#organization"},"potentialAction":[{"@type":"SearchAction","target":{"@type":"EntryPoint","urlTemplate":"https:\/\/artome.fi\/en\/?s={search_term_string}"},"query-input":{"@type":"PropertyValueSpecification","valueRequired":true,"valueName":"search_term_string"}}],"inLanguage":"es"},{"@type":"Organization","@id":"https:\/\/artome.fi\/en\/#organization","name":"Artome","url":"https:\/\/artome.fi\/en\/","logo":{"@type":"ImageObject","inLanguage":"es","@id":"https:\/\/artome.fi\/en\/#\/schema\/logo\/image\/","url":"https:\/\/artome.fi\/wp-content\/uploads\/2022\/02\/artome_logo_black.png","contentUrl":"https:\/\/artome.fi\/wp-content\/uploads\/2022\/02\/artome_logo_black.png","width":1280,"height":496,"caption":"Artome"},"image":{"@id":"https:\/\/artome.fi\/en\/#\/schema\/logo\/image\/"}}]}},"_links":{"self":[{"href":"https:\/\/artome.fi\/es\/wp-json\/wp\/v2\/pages\/1010","targetHints":{"allow":["GET"]}}],"collection":[{"href":"https:\/\/artome.fi\/es\/wp-json\/wp\/v2\/pages"}],"about":[{"href":"https:\/\/artome.fi\/es\/wp-json\/wp\/v2\/types\/page"}],"author":[{"embeddable":true,"href":"https:\/\/artome.fi\/es\/wp-json\/wp\/v2\/users\/1"}],"replies":[{"embeddable":true,"href":"https:\/\/artome.fi\/es\/wp-json\/wp\/v2\/comments?post=1010"}],"version-history":[{"count":55,"href":"https:\/\/artome.fi\/es\/wp-json\/wp\/v2\/pages\/1010\/revisions"}],"predecessor-version":[{"id":6612,"href":"https:\/\/artome.fi\/es\/wp-json\/wp\/v2\/pages\/1010\/revisions\/6612"}],"wp:attachment":[{"href":"https:\/\/artome.fi\/es\/wp-json\/wp\/v2\/media?parent=1010"}],"curies":[{"name":"gracias","href":"https:\/\/api.w.org\/{rel}","templated":true}]}}