{"id":1082,"date":"2022-06-09T10:42:23","date_gmt":"2022-06-09T10:42:23","guid":{"rendered":"https:\/\/artome.fi\/?page_id=1082"},"modified":"2023-11-08T15:47:00","modified_gmt":"2023-11-08T15:47:00","slug":"experiences-verona-international","status":"publish","type":"page","link":"https:\/\/artome.fi\/es\/experiencias-verona-internacional\/","title":{"rendered":"Verona"},"content":{"rendered":"<div data-elementor-type=\"wp-page\" data-elementor-id=\"1082\" class=\"elementor elementor-1082\" data-elementor-post-type=\"page\">\n\t\t\t\t\t\t<section class=\"elementor-section elementor-top-section elementor-element elementor-element-78929c24 elementor-section-boxed elementor-section-height-default elementor-section-height-default\" data-id=\"78929c24\" data-element_type=\"section\">\n\t\t\t\t\t\t<div class=\"elementor-container elementor-column-gap-default\">\n\t\t\t\t\t<div class=\"elementor-column elementor-col-100 elementor-top-column elementor-element elementor-element-74ff65c5\" data-id=\"74ff65c5\" data-element_type=\"column\">\n\t\t\t<div class=\"elementor-widget-wrap elementor-element-populated\">\n\t\t\t\t\t\t<div class=\"elementor-element elementor-element-7bb94d5 elementor-mobile-align-center elementor-widget elementor-widget-button\" data-id=\"7bb94d5\" data-element_type=\"widget\" data-widget_type=\"button.default\">\n\t\t\t\t<div class=\"elementor-widget-container\">\n\t\t\t\t\t\t\t\t\t<div class=\"elementor-button-wrapper\">\n\t\t\t\t\t<a class=\"elementor-button elementor-button-link elementor-size-sm\" href=\"https:\/\/artome.fi\/es\/experiencias\/\">\n\t\t\t\t\t\t<span class=\"elementor-button-content-wrapper\">\n\t\t\t\t\t\t\t\t\t<span class=\"elementor-button-text\">Experiencias<\/span>\n\t\t\t\t\t<\/span>\n\t\t\t\t\t<\/a>\n\t\t\t\t<\/div>\n\t\t\t\t\t\t\t\t<\/div>\n\t\t\t\t<\/div>\n\t\t\t\t<div class=\"elementor-element elementor-element-25a70d32 elementor-widget elementor-widget-heading\" data-id=\"25a70d32\" data-element_type=\"widget\" data-widget_type=\"heading.default\">\n\t\t\t\t<div class=\"elementor-widget-container\">\n\t\t\t\t\t<h2 class=\"elementor-heading-title elementor-size-xl\">Verona<\/h2>\t\t\t\t<\/div>\n\t\t\t\t<\/div>\n\t\t\t\t\t<\/div>\n\t\t<\/div>\n\t\t\t\t\t<\/div>\n\t\t<\/section>\n\t\t\t\t<section class=\"elementor-section elementor-top-section elementor-element elementor-element-139709ca elementor-section-boxed elementor-section-height-default elementor-section-height-default\" data-id=\"139709ca\" data-element_type=\"section\">\n\t\t\t\t\t\t<div class=\"elementor-container elementor-column-gap-default\">\n\t\t\t\t\t<div class=\"elementor-column elementor-col-100 elementor-top-column elementor-element elementor-element-7223068f\" data-id=\"7223068f\" data-element_type=\"column\">\n\t\t\t<div class=\"elementor-widget-wrap elementor-element-populated\">\n\t\t\t\t\t\t<div class=\"elementor-element elementor-element-7d074d49 elementor-widget elementor-widget-image\" data-id=\"7d074d49\" data-element_type=\"widget\" data-widget_type=\"image.default\">\n\t\t\t\t<div class=\"elementor-widget-container\">\n\t\t\t\t\t\t\t\t\t\t\t\t\t\t\t<img fetchpriority=\"high\" decoding=\"async\" width=\"1536\" height=\"864\" src=\"https:\/\/artome.fi\/wp-content\/uploads\/2022\/06\/Verona_office_2021_edited-1536x864.jpg\" class=\"attachment-1536x1536 size-1536x1536 wp-image-1201\" alt=\"Artome M10 en uso en Verona International.\" srcset=\"https:\/\/artome.fi\/wp-content\/uploads\/2022\/06\/Verona_office_2021_edited-1536x864.jpg 1536w, https:\/\/artome.fi\/wp-content\/uploads\/2022\/06\/Verona_office_2021_edited-300x169.jpg 300w, https:\/\/artome.fi\/wp-content\/uploads\/2022\/06\/Verona_office_2021_edited-1024x576.jpg 1024w, https:\/\/artome.fi\/wp-content\/uploads\/2022\/06\/Verona_office_2021_edited-768x432.jpg 768w, https:\/\/artome.fi\/wp-content\/uploads\/2022\/06\/Verona_office_2021_edited-18x10.jpg 18w, https:\/\/artome.fi\/wp-content\/uploads\/2022\/06\/Verona_office_2021_edited.jpg 1920w\" sizes=\"(max-width: 1536px) 100vw, 1536px\" \/>\t\t\t\t\t\t\t\t\t\t\t\t\t\t\t<\/div>\n\t\t\t\t<\/div>\n\t\t\t\t<div class=\"elementor-element elementor-element-d5cd383 elementor-widget elementor-widget-heading\" data-id=\"d5cd383\" data-element_type=\"widget\" data-widget_type=\"heading.default\">\n\t\t\t\t<div class=\"elementor-widget-container\">\n\t\t\t\t\t<h2 class=\"elementor-heading-title elementor-size-default\">Elegancia y tecnolog\u00eda<\/h2>\t\t\t\t<\/div>\n\t\t\t\t<\/div>\n\t\t\t\t<div class=\"elementor-element elementor-element-11b04830 elementor-widget elementor-widget-text-editor\" data-id=\"11b04830\" data-element_type=\"widget\" data-widget_type=\"text-editor.default\">\n\t\t\t\t<div class=\"elementor-widget-container\">\n\t\t\t\t\t\t\t\t\t<p>En el coraz\u00f3n de Helsinki, en medio del bullicio de la gente y de los tranv\u00edas que se deslizan por las v\u00edas, se encuentra la oficina de consultor\u00eda de gesti\u00f3n empresarial Verona. Su objetivo es ayudar a los clientes con los desaf\u00edos comerciales y crear un crecimiento sostenible con un toque renovador y humano. Hace alg\u00fan tiempo tambi\u00e9n se pudo renovar en Verona el local de oficinas situado en el inmueble de gran valor del Boulevard. Quer\u00edan renovar el interior con un nuevo estilo y al mismo tiempo actualizar la tecnolog\u00eda de presentaci\u00f3n de las salas de conferencias. Sin embargo, el nuevo aspecto de la oficina tambi\u00e9n plante\u00f3 exigencias sobre c\u00f3mo colocar los dispositivos de forma elegante en el espacio. La sala de conferencias de Verona cuenta ahora con muebles inteligentes que combinan dise\u00f1o dom\u00e9stico y tecnolog\u00eda f\u00e1cil de usar. Su nombre es Artome M10.<br \/>Veronan es un operador internacional con oficinas no solo en Helsinki sino tambi\u00e9n en Turku y Luxemburgo, por lo que, para facilitar las reuniones con los clientes, quer\u00edamos una soluci\u00f3n que tambi\u00e9n permitiera que las reuniones remotas fueran un \u00e9xito.<\/p>\t\t\t\t\t\t\t\t<\/div>\n\t\t\t\t<\/div>\n\t\t\t\t<div class=\"elementor-element elementor-element-6012e57 elementor-blockquote--skin-quotation elementor-blockquote--align-center elementor-widget elementor-widget-blockquote\" data-id=\"6012e57\" data-element_type=\"widget\" data-widget_type=\"blockquote.default\">\n\t\t\t\t<div class=\"elementor-widget-container\">\n\t\t\t\t\t\t\t<blockquote class=\"elementor-blockquote\">\n\t\t\t<p class=\"elementor-blockquote__content\">\n\t\t\t\tEn nuestra renovaci\u00f3n quer\u00edamos invertir no s\u00f3lo en estilo sino tambi\u00e9n en comodidad. Con la ayuda de la soluci\u00f3n Artome M10, es f\u00e1cil realizar la presentaci\u00f3n necesaria para reuniones tanto de forma remota como local, y adem\u00e1s queda genial en nuestra oficina renovada.\t\t\t<\/p>\n\t\t\t\t\t\t\t<div class=\"e-q-footer\">\n\t\t\t\t\t\t\t\t\t\t\t<cite class=\"elementor-blockquote__author\"> Mari Tammivaara, asistente administrativa<\/cite>\n\t\t\t\t\t\t\t\t\t\t\t\t\t\t<\/div>\n\t\t\t\t\t<\/blockquote>\n\t\t\t\t\t\t<\/div>\n\t\t\t\t<\/div>\n\t\t\t\t<div class=\"elementor-element elementor-element-632b413a elementor-widget elementor-widget-text-editor\" data-id=\"632b413a\" data-element_type=\"widget\" data-widget_type=\"text-editor.default\">\n\t\t\t\t<div class=\"elementor-widget-container\">\n\t\t\t\t\t\t\t\t\t<p>Para el local de Verona se eligi\u00f3 el Artome M10 entre tres opciones de estructura de fresno pintado de negro. El aspecto de los muebles de dise\u00f1o se complet\u00f3 con un tapizado de tela gris en la puerta de entrada. En la sala de conferencias en tonos oscuros, los diferentes tonos de madera crean una atm\u00f3sfera valiosa, y la luz que entra por los grandes ventanales aporta suavidad y organicidad.<\/p>\t\t\t\t\t\t\t\t<\/div>\n\t\t\t\t<\/div>\n\t\t\t\t<div class=\"elementor-element elementor-element-147e82d elementor-widget elementor-widget-heading\" data-id=\"147e82d\" data-element_type=\"widget\" data-widget_type=\"heading.default\">\n\t\t\t\t<div class=\"elementor-widget-container\">\n\t\t\t\t\t<h2 class=\"elementor-heading-title elementor-size-default\">Compatibilidad entre sistemas operativos<\/h2>\t\t\t\t<\/div>\n\t\t\t\t<\/div>\n\t\t\t\t<div class=\"elementor-element elementor-element-05a175c elementor-widget elementor-widget-text-editor\" data-id=\"05a175c\" data-element_type=\"widget\" data-widget_type=\"text-editor.default\">\n\t\t\t\t<div class=\"elementor-widget-container\">\n\t\t\t\t\t\t\t\t\t<p>Artome M10 es una soluci\u00f3n completa que combina un proyector l\u00e1ser, un sistema de sonido, una funci\u00f3n de videoconferencia y un dise\u00f1o finland\u00e9s. Artome M10 es compatible con todos los sistemas operativos (Windows, MacOS, ChromeOS, Linux) sin programas de instalaci\u00f3n separados. Lo mismo se aplica tambi\u00e9n a las diferentes plataformas de conexi\u00f3n remota, ya sea que uses Teams, Zoom o Google Meet. El contenido se puede presentar f\u00e1cilmente desde una computadora a trav\u00e9s de un cable HDMI o los participantes pueden compartirlo de forma inal\u00e1mbrica desde un dispositivo m\u00f3vil. En los muebles inteligentes fabricados en f\u00e1brica, todos los componentes funcionan perfectamente juntos y cualquier reparaci\u00f3n o mantenimiento del equipo se puede realizar con la ayuda de un \u00fanico n\u00famero de tel\u00e9fono de soporte.<\/p>\t\t\t\t\t\t\t\t<\/div>\n\t\t\t\t<\/div>\n\t\t\t\t<div class=\"elementor-element elementor-element-710e3831 elementor-blockquote--skin-quotation elementor-blockquote--align-center elementor-widget elementor-widget-blockquote\" data-id=\"710e3831\" data-element_type=\"widget\" data-widget_type=\"blockquote.default\">\n\t\t\t\t<div class=\"elementor-widget-container\">\n\t\t\t\t\t\t\t<blockquote class=\"elementor-blockquote\">\n\t\t\t<p class=\"elementor-blockquote__content\">\n\t\t\t\tEl apoyo de Artome ha sido realmente bueno. El dispositivo en s\u00ed ha funcionado de manera encomiable, pero ha habido algunas preguntas sobre el uso del micr\u00f3fono inal\u00e1mbrico en relaci\u00f3n con Teams. Sin embargo, esto tambi\u00e9n se resolvi\u00f3 r\u00e1pidamente y se encontr\u00f3 f\u00e1cilmente la selecci\u00f3n de micr\u00f3fono correcta en el men\u00fa de la plataforma Teams.\t\t\t<\/p>\n\t\t\t\t\t<\/blockquote>\n\t\t\t\t\t\t<\/div>\n\t\t\t\t<\/div>\n\t\t\t\t<div class=\"elementor-element elementor-element-138fee82 elementor-widget elementor-widget-image\" data-id=\"138fee82\" data-element_type=\"widget\" data-widget_type=\"image.default\">\n\t\t\t\t<div class=\"elementor-widget-container\">\n\t\t\t\t\t\t\t\t\t\t\t\t\t\t\t<img decoding=\"async\" width=\"1152\" height=\"1536\" src=\"https:\/\/artome.fi\/wp-content\/uploads\/2022\/06\/Verona_office_portrait_2021_edited-1152x1536.jpg\" class=\"attachment-1536x1536 size-1536x1536 wp-image-1202\" alt=\"Artome M10 en uso en Verona International.\" srcset=\"https:\/\/artome.fi\/wp-content\/uploads\/2022\/06\/Verona_office_portrait_2021_edited-1152x1536.jpg 1152w, https:\/\/artome.fi\/wp-content\/uploads\/2022\/06\/Verona_office_portrait_2021_edited-225x300.jpg 225w, https:\/\/artome.fi\/wp-content\/uploads\/2022\/06\/Verona_office_portrait_2021_edited-768x1024.jpg 768w, https:\/\/artome.fi\/wp-content\/uploads\/2022\/06\/Verona_office_portrait_2021_edited-1536x2048.jpg 1536w, https:\/\/artome.fi\/wp-content\/uploads\/2022\/06\/Verona_office_portrait_2021_edited-9x12.jpg 9w, https:\/\/artome.fi\/wp-content\/uploads\/2022\/06\/Verona_office_portrait_2021_edited.jpg 1920w\" sizes=\"(max-width: 1152px) 100vw, 1152px\" \/>\t\t\t\t\t\t\t\t\t\t\t\t\t\t\t<\/div>\n\t\t\t\t<\/div>\n\t\t\t\t\t<\/div>\n\t\t<\/div>\n\t\t\t\t\t<\/div>\n\t\t<\/section>\n\t\t\t\t<section class=\"elementor-section elementor-top-section elementor-element elementor-element-09036b8 elementor-section-boxed elementor-section-height-default elementor-section-height-default\" data-id=\"09036b8\" data-element_type=\"section\">\n\t\t\t\t\t\t<div class=\"elementor-container elementor-column-gap-default\">\n\t\t\t\t\t<div class=\"elementor-column elementor-col-50 elementor-top-column elementor-element elementor-element-8790f2c\" data-id=\"8790f2c\" data-element_type=\"column\">\n\t\t\t<div class=\"elementor-widget-wrap elementor-element-populated\">\n\t\t\t\t\t\t<div class=\"elementor-element elementor-element-96661a3 elementor-widget elementor-widget-heading\" data-id=\"96661a3\" data-element_type=\"widget\" data-widget_type=\"heading.default\">\n\t\t\t\t<div class=\"elementor-widget-container\">\n\t\t\t\t\t<h2 class=\"elementor-heading-title elementor-size-default\">Experiencias de Artome aqu\u00ed<\/h2>\t\t\t\t<\/div>\n\t\t\t\t<\/div>\n\t\t\t\t<div class=\"elementor-element elementor-element-b9f7655 elementor-mobile-align-center elementor-align-center elementor-widget elementor-widget-button\" data-id=\"b9f7655\" data-element_type=\"widget\" data-widget_type=\"button.default\">\n\t\t\t\t<div class=\"elementor-widget-container\">\n\t\t\t\t\t\t\t\t\t<div class=\"elementor-button-wrapper\">\n\t\t\t\t\t<a class=\"elementor-button elementor-button-link elementor-size-sm\" href=\"https:\/\/artome.fi\/en\/experiences-verona-international\/\">\n\t\t\t\t\t\t<span class=\"elementor-button-content-wrapper\">\n\t\t\t\t\t\t\t\t\t<span class=\"elementor-button-text\">Lire plus (en ingl\u00e9s)<\/span>\n\t\t\t\t\t<\/span>\n\t\t\t\t\t<\/a>\n\t\t\t\t<\/div>\n\t\t\t\t\t\t\t\t<\/div>\n\t\t\t\t<\/div>\n\t\t\t\t\t<\/div>\n\t\t<\/div>\n\t\t\t\t<div class=\"elementor-column elementor-col-50 elementor-top-column elementor-element elementor-element-6fabe48\" data-id=\"6fabe48\" data-element_type=\"column\">\n\t\t\t<div class=\"elementor-widget-wrap elementor-element-populated\">\n\t\t\t\t\t\t<div class=\"elementor-element elementor-element-ed8aa67 elementor-widget elementor-widget-image\" data-id=\"ed8aa67\" data-element_type=\"widget\" data-widget_type=\"image.default\">\n\t\t\t\t<div class=\"elementor-widget-container\">\n\t\t\t\t\t\t\t\t\t\t\t\t\t\t\t<img decoding=\"async\" width=\"1024\" height=\"576\" src=\"https:\/\/artome.fi\/wp-content\/uploads\/2022\/06\/Verona_office_2021_edited-1024x576.jpg\" class=\"attachment-large size-large wp-image-1201\" alt=\"Artome M10 en uso en Verona International.\" srcset=\"https:\/\/artome.fi\/wp-content\/uploads\/2022\/06\/Verona_office_2021_edited-1024x576.jpg 1024w, https:\/\/artome.fi\/wp-content\/uploads\/2022\/06\/Verona_office_2021_edited-300x169.jpg 300w, https:\/\/artome.fi\/wp-content\/uploads\/2022\/06\/Verona_office_2021_edited-768x432.jpg 768w, https:\/\/artome.fi\/wp-content\/uploads\/2022\/06\/Verona_office_2021_edited-1536x864.jpg 1536w, https:\/\/artome.fi\/wp-content\/uploads\/2022\/06\/Verona_office_2021_edited-18x10.jpg 18w, https:\/\/artome.fi\/wp-content\/uploads\/2022\/06\/Verona_office_2021_edited.jpg 1920w\" sizes=\"(max-width: 1024px) 100vw, 1024px\" \/>\t\t\t\t\t\t\t\t\t\t\t\t\t\t\t<\/div>\n\t\t\t\t<\/div>\n\t\t\t\t\t<\/div>\n\t\t<\/div>\n\t\t\t\t\t<\/div>\n\t\t<\/section>\n\t\t\t\t<\/div>","protected":false},"excerpt":{"rendered":"<p>Kokemuksia Verona Tyylikkyytt\u00e4 ja teknologiaa Helsingin syd\u00e4mess\u00e4, ihmisvilin\u00e4n ja kiskoilla kiit\u00e4vien raitiovaunujen keskell\u00e4 sijaitsee liikkeenjohdon konsultointitoimisto Verona. Heid\u00e4n tavoitteenaan on auttaa asiakkaita liiketoimintahaasteissa ja luoda kest\u00e4v\u00e4\u00e4 kasvua uudistavalla ja ihmisl\u00e4heisell\u00e4 otteella. Veronassa uudistukseen p\u00e4\u00e4siv\u00e4t jokin aika sitten my\u00f6s Bulevardin arvokiinteist\u00f6ss\u00e4 sijaitsevat toimistotilat. He halusivat remontoida sis\u00e4tilat uuteen uskoon ja p\u00e4ivitt\u00e4\u00e4 samalla my\u00f6s neuvotteluhuoneiden esitysteknologiaa. Toimiston [&hellip;]<\/p>\n","protected":false},"author":1,"featured_media":0,"parent":0,"menu_order":0,"comment_status":"closed","ping_status":"closed","template":"elementor_header_footer","meta":{"om_disable_all_campaigns":false,"_monsterinsights_skip_tracking":false,"_monsterinsights_sitenote_active":false,"_monsterinsights_sitenote_note":"","_monsterinsights_sitenote_category":0,"_uf_show_specific_survey":0,"_uf_disable_surveys":false,"footnotes":""},"class_list":["post-1082","page","type-page","status-publish","hentry"],"blocksy_meta":{"styles_descriptor":{"styles":{"desktop":"","tablet":"","mobile":""},"google_fonts":[],"version":6}},"aioseo_notices":[],"yoast_head":"<!-- This site is optimized with the Yoast SEO Premium plugin v23.2 (Yoast SEO v26.3) - https:\/\/yoast.com\/wordpress\/plugins\/seo\/ -->\n<title>Artome | Experiences - Verona<\/title>\n<meta name=\"description\" content=\"Customized style for unique space. Meets the needs without additional installations.Read more about why Verona international chose Artome M10\" \/>\n<meta name=\"robots\" content=\"index, follow, max-snippet:-1, max-image-preview:large, max-video-preview:-1\" \/>\n<link rel=\"canonical\" href=\"https:\/\/artome.fi\/es\/experiencias-verona-internacional\/\" \/>\n<meta property=\"og:locale\" content=\"es_ES\" \/>\n<meta property=\"og:type\" content=\"article\" \/>\n<meta property=\"og:title\" content=\"Verona\" \/>\n<meta property=\"og:description\" content=\"Customized style for unique space. Meets the needs without additional installations.Read more about why Verona international chose Artome M10\" \/>\n<meta property=\"og:url\" content=\"https:\/\/artome.fi\/es\/experiencias-verona-internacional\/\" \/>\n<meta property=\"og:site_name\" content=\"Artome\" \/>\n<meta property=\"article:modified_time\" content=\"2023-11-08T15:47:00+00:00\" \/>\n<meta property=\"og:image\" content=\"https:\/\/artome.fi\/wp-content\/uploads\/2022\/06\/Verona_office_2021_edited-1536x864.jpg\" \/>\n<meta name=\"twitter:card\" content=\"summary_large_image\" \/>\n<meta name=\"twitter:label1\" content=\"Tiempo de lectura\" \/>\n\t<meta name=\"twitter:data1\" content=\"2 minutos\" \/>\n<script type=\"application\/ld+json\" class=\"yoast-schema-graph\">{\"@context\":\"https:\/\/schema.org\",\"@graph\":[{\"@type\":\"WebPage\",\"@id\":\"https:\/\/artome.fi\/en\/experiences-verona-international\/\",\"url\":\"https:\/\/artome.fi\/en\/experiences-verona-international\/\",\"name\":\"Artome | Experiences - Verona\",\"isPartOf\":{\"@id\":\"https:\/\/artome.fi\/en\/#website\"},\"primaryImageOfPage\":{\"@id\":\"https:\/\/artome.fi\/en\/experiences-verona-international\/#primaryimage\"},\"image\":{\"@id\":\"https:\/\/artome.fi\/en\/experiences-verona-international\/#primaryimage\"},\"thumbnailUrl\":\"https:\/\/artome.fi\/wp-content\/uploads\/2022\/06\/Verona_office_2021_edited-1536x864.jpg\",\"datePublished\":\"2022-06-09T10:42:23+00:00\",\"dateModified\":\"2023-11-08T15:47:00+00:00\",\"description\":\"Customized style for unique space. Meets the needs without additional installations.Read more about why Verona international chose Artome M10\",\"breadcrumb\":{\"@id\":\"https:\/\/artome.fi\/en\/experiences-verona-international\/#breadcrumb\"},\"inLanguage\":\"es\",\"potentialAction\":[{\"@type\":\"ReadAction\",\"target\":[\"https:\/\/artome.fi\/en\/experiences-verona-international\/\"]}]},{\"@type\":\"ImageObject\",\"inLanguage\":\"es\",\"@id\":\"https:\/\/artome.fi\/en\/experiences-verona-international\/#primaryimage\",\"url\":\"https:\/\/artome.fi\/wp-content\/uploads\/2022\/06\/Verona_office_2021_edited-1536x864.jpg\",\"contentUrl\":\"https:\/\/artome.fi\/wp-content\/uploads\/2022\/06\/Verona_office_2021_edited-1536x864.jpg\"},{\"@type\":\"BreadcrumbList\",\"@id\":\"https:\/\/artome.fi\/en\/experiences-verona-international\/#breadcrumb\",\"itemListElement\":[{\"@type\":\"ListItem\",\"position\":1,\"name\":\"Etusivu\",\"item\":\"https:\/\/artome.fi\/en\/\"},{\"@type\":\"ListItem\",\"position\":2,\"name\":\"Verona\"}]},{\"@type\":\"WebSite\",\"@id\":\"https:\/\/artome.fi\/en\/#website\",\"url\":\"https:\/\/artome.fi\/en\/\",\"name\":\"Artome\",\"description\":\"Redesigning audiovisual with smart furniture\",\"publisher\":{\"@id\":\"https:\/\/artome.fi\/en\/#organization\"},\"potentialAction\":[{\"@type\":\"SearchAction\",\"target\":{\"@type\":\"EntryPoint\",\"urlTemplate\":\"https:\/\/artome.fi\/en\/?s={search_term_string}\"},\"query-input\":{\"@type\":\"PropertyValueSpecification\",\"valueRequired\":true,\"valueName\":\"search_term_string\"}}],\"inLanguage\":\"es\"},{\"@type\":\"Organization\",\"@id\":\"https:\/\/artome.fi\/en\/#organization\",\"name\":\"Artome\",\"url\":\"https:\/\/artome.fi\/en\/\",\"logo\":{\"@type\":\"ImageObject\",\"inLanguage\":\"es\",\"@id\":\"https:\/\/artome.fi\/en\/#\/schema\/logo\/image\/\",\"url\":\"https:\/\/artome.fi\/wp-content\/uploads\/2022\/02\/artome_logo_black.png\",\"contentUrl\":\"https:\/\/artome.fi\/wp-content\/uploads\/2022\/02\/artome_logo_black.png\",\"width\":1280,\"height\":496,\"caption\":\"Artome\"},\"image\":{\"@id\":\"https:\/\/artome.fi\/en\/#\/schema\/logo\/image\/\"}}]}<\/script>\n<!-- \/ Yoast SEO Premium plugin. -->","yoast_head_json":{"title":"Artome | Experiencias - Verona","description":"Estilo personalizado para un espacio \u00fanico. Satisface las necesidades sin instalaciones adicionales. Lea m\u00e1s sobre por qu\u00e9 Verona International eligi\u00f3 Artome M10.","robots":{"index":"index","follow":"follow","max-snippet":"max-snippet:-1","max-image-preview":"max-image-preview:large","max-video-preview":"max-video-preview:-1"},"canonical":"https:\/\/artome.fi\/es\/experiencias-verona-internacional\/","og_locale":"es_ES","og_type":"article","og_title":"Verona","og_description":"Customized style for unique space. Meets the needs without additional installations.Read more about why Verona international chose Artome M10","og_url":"https:\/\/artome.fi\/es\/experiencias-verona-internacional\/","og_site_name":"Artome","article_modified_time":"2023-11-08T15:47:00+00:00","og_image":[{"url":"https:\/\/artome.fi\/wp-content\/uploads\/2022\/06\/Verona_office_2021_edited-1536x864.jpg","type":"","width":"","height":""}],"twitter_card":"summary_large_image","twitter_misc":{"Tiempo de lectura":"2 minutos"},"schema":{"@context":"https:\/\/schema.org","@graph":[{"@type":"WebPage","@id":"https:\/\/artome.fi\/en\/experiences-verona-international\/","url":"https:\/\/artome.fi\/en\/experiences-verona-international\/","name":"Artome | Experiencias - Verona","isPartOf":{"@id":"https:\/\/artome.fi\/en\/#website"},"primaryImageOfPage":{"@id":"https:\/\/artome.fi\/en\/experiences-verona-international\/#primaryimage"},"image":{"@id":"https:\/\/artome.fi\/en\/experiences-verona-international\/#primaryimage"},"thumbnailUrl":"https:\/\/artome.fi\/wp-content\/uploads\/2022\/06\/Verona_office_2021_edited-1536x864.jpg","datePublished":"2022-06-09T10:42:23+00:00","dateModified":"2023-11-08T15:47:00+00:00","description":"Estilo personalizado para un espacio \u00fanico. Satisface las necesidades sin instalaciones adicionales. Lea m\u00e1s sobre por qu\u00e9 Verona International eligi\u00f3 Artome M10.","breadcrumb":{"@id":"https:\/\/artome.fi\/en\/experiences-verona-international\/#breadcrumb"},"inLanguage":"es","potentialAction":[{"@type":"ReadAction","target":["https:\/\/artome.fi\/en\/experiences-verona-international\/"]}]},{"@type":"ImageObject","inLanguage":"es","@id":"https:\/\/artome.fi\/en\/experiences-verona-international\/#primaryimage","url":"https:\/\/artome.fi\/wp-content\/uploads\/2022\/06\/Verona_office_2021_edited-1536x864.jpg","contentUrl":"https:\/\/artome.fi\/wp-content\/uploads\/2022\/06\/Verona_office_2021_edited-1536x864.jpg"},{"@type":"BreadcrumbList","@id":"https:\/\/artome.fi\/en\/experiences-verona-international\/#breadcrumb","itemListElement":[{"@type":"ListItem","position":1,"name":"Etusivu","item":"https:\/\/artome.fi\/en\/"},{"@type":"ListItem","position":2,"name":"Verona"}]},{"@type":"WebSite","@id":"https:\/\/artome.fi\/en\/#website","url":"https:\/\/artome.fi\/en\/","name":"Artome","description":"Redise\u00f1ando el audiovisual con mobiliario inteligente","publisher":{"@id":"https:\/\/artome.fi\/en\/#organization"},"potentialAction":[{"@type":"SearchAction","target":{"@type":"EntryPoint","urlTemplate":"https:\/\/artome.fi\/en\/?s={search_term_string}"},"query-input":{"@type":"PropertyValueSpecification","valueRequired":true,"valueName":"search_term_string"}}],"inLanguage":"es"},{"@type":"Organization","@id":"https:\/\/artome.fi\/en\/#organization","name":"Artome","url":"https:\/\/artome.fi\/en\/","logo":{"@type":"ImageObject","inLanguage":"es","@id":"https:\/\/artome.fi\/en\/#\/schema\/logo\/image\/","url":"https:\/\/artome.fi\/wp-content\/uploads\/2022\/02\/artome_logo_black.png","contentUrl":"https:\/\/artome.fi\/wp-content\/uploads\/2022\/02\/artome_logo_black.png","width":1280,"height":496,"caption":"Artome"},"image":{"@id":"https:\/\/artome.fi\/en\/#\/schema\/logo\/image\/"}}]}},"_links":{"self":[{"href":"https:\/\/artome.fi\/es\/wp-json\/wp\/v2\/pages\/1082","targetHints":{"allow":["GET"]}}],"collection":[{"href":"https:\/\/artome.fi\/es\/wp-json\/wp\/v2\/pages"}],"about":[{"href":"https:\/\/artome.fi\/es\/wp-json\/wp\/v2\/types\/page"}],"author":[{"embeddable":true,"href":"https:\/\/artome.fi\/es\/wp-json\/wp\/v2\/users\/1"}],"replies":[{"embeddable":true,"href":"https:\/\/artome.fi\/es\/wp-json\/wp\/v2\/comments?post=1082"}],"version-history":[{"count":34,"href":"https:\/\/artome.fi\/es\/wp-json\/wp\/v2\/pages\/1082\/revisions"}],"predecessor-version":[{"id":6603,"href":"https:\/\/artome.fi\/es\/wp-json\/wp\/v2\/pages\/1082\/revisions\/6603"}],"wp:attachment":[{"href":"https:\/\/artome.fi\/es\/wp-json\/wp\/v2\/media?parent=1082"}],"curies":[{"name":"gracias","href":"https:\/\/api.w.org\/{rel}","templated":true}]}}