{"id":1556,"date":"2022-07-20T05:51:22","date_gmt":"2022-07-20T05:51:22","guid":{"rendered":"https:\/\/artome.fi\/?page_id=1556"},"modified":"2022-11-24T13:03:34","modified_gmt":"2022-11-24T13:03:34","slug":"experiences_hotel_ax","status":"publish","type":"page","link":"https:\/\/artome.fi\/es\/experiencias_hotel_ax\/","title":{"rendered":"Hotel AX"},"content":{"rendered":"<div data-elementor-type=\"wp-page\" data-elementor-id=\"1556\" class=\"elementor elementor-1556\" data-elementor-post-type=\"page\">\n\t\t\t\t\t\t<section class=\"elementor-section elementor-top-section elementor-element elementor-element-3534248f elementor-section-boxed elementor-section-height-default elementor-section-height-default\" data-id=\"3534248f\" data-element_type=\"section\">\n\t\t\t\t\t\t<div class=\"elementor-container elementor-column-gap-default\">\n\t\t\t\t\t<div class=\"elementor-column elementor-col-100 elementor-top-column elementor-element elementor-element-7e992384\" data-id=\"7e992384\" data-element_type=\"column\">\n\t\t\t<div class=\"elementor-widget-wrap elementor-element-populated\">\n\t\t\t\t\t\t<div class=\"elementor-element elementor-element-1c6fc7a6 elementor-mobile-align-center elementor-widget elementor-widget-button\" data-id=\"1c6fc7a6\" data-element_type=\"widget\" data-widget_type=\"button.default\">\n\t\t\t\t<div class=\"elementor-widget-container\">\n\t\t\t\t\t\t\t\t\t<div class=\"elementor-button-wrapper\">\n\t\t\t\t\t<a class=\"elementor-button elementor-button-link elementor-size-sm\" href=\"https:\/\/artome.fi\/es\/experiencias\/\">\n\t\t\t\t\t\t<span class=\"elementor-button-content-wrapper\">\n\t\t\t\t\t\t\t\t\t<span class=\"elementor-button-text\">Experiencias<\/span>\n\t\t\t\t\t<\/span>\n\t\t\t\t\t<\/a>\n\t\t\t\t<\/div>\n\t\t\t\t\t\t\t\t<\/div>\n\t\t\t\t<\/div>\n\t\t\t\t<div class=\"elementor-element elementor-element-45ba0a9e elementor-widget elementor-widget-heading\" data-id=\"45ba0a9e\" data-element_type=\"widget\" data-widget_type=\"heading.default\">\n\t\t\t\t<div class=\"elementor-widget-container\">\n\t\t\t\t\t<h2 class=\"elementor-heading-title elementor-size-xl\">Hotel AX<\/h2>\t\t\t\t<\/div>\n\t\t\t\t<\/div>\n\t\t\t\t\t<\/div>\n\t\t<\/div>\n\t\t\t\t\t<\/div>\n\t\t<\/section>\n\t\t\t\t<section class=\"elementor-section elementor-top-section elementor-element elementor-element-7b47d842 elementor-section-boxed elementor-section-height-default elementor-section-height-default\" data-id=\"7b47d842\" data-element_type=\"section\">\n\t\t\t\t\t\t<div class=\"elementor-container elementor-column-gap-default\">\n\t\t\t\t\t<div class=\"elementor-column elementor-col-100 elementor-top-column elementor-element elementor-element-17e83ab1\" data-id=\"17e83ab1\" data-element_type=\"column\">\n\t\t\t<div class=\"elementor-widget-wrap elementor-element-populated\">\n\t\t\t\t\t\t<div class=\"elementor-element elementor-element-f637159 elementor-widget elementor-widget-video\" data-id=\"f637159\" data-element_type=\"widget\" data-settings=\"{&quot;youtube_url&quot;:&quot;https:\\\/\\\/www.youtube.com\\\/watch?v=24bLYCeXx8E&amp;t=1s&quot;,&quot;video_type&quot;:&quot;youtube&quot;,&quot;controls&quot;:&quot;yes&quot;}\" data-widget_type=\"video.default\">\n\t\t\t\t<div class=\"elementor-widget-container\">\n\t\t\t\t\t\t\t<div class=\"elementor-wrapper elementor-open-inline\">\n\t\t\t<div class=\"elementor-video\"><\/div>\t\t<\/div>\n\t\t\t\t\t\t<\/div>\n\t\t\t\t<\/div>\n\t\t\t\t<div class=\"elementor-element elementor-element-21ac9ca elementor-widget elementor-widget-video\" data-id=\"21ac9ca\" data-element_type=\"widget\" data-settings=\"{&quot;youtube_url&quot;:&quot;https:\\\/\\\/youtu.be\\\/iIffHor3efA&quot;,&quot;video_type&quot;:&quot;youtube&quot;,&quot;controls&quot;:&quot;yes&quot;}\" data-widget_type=\"video.default\">\n\t\t\t\t<div class=\"elementor-widget-container\">\n\t\t\t\t\t\t\t<div class=\"elementor-wrapper elementor-open-inline\">\n\t\t\t<div class=\"elementor-video\"><\/div>\t\t<\/div>\n\t\t\t\t\t\t<\/div>\n\t\t\t\t<\/div>\n\t\t\t\t<div class=\"elementor-element elementor-element-35d1e67 elementor-widget elementor-widget-heading\" data-id=\"35d1e67\" data-element_type=\"widget\" data-widget_type=\"heading.default\">\n\t\t\t\t<div class=\"elementor-widget-container\">\n\t\t\t\t\t<h2 class=\"elementor-heading-title elementor-size-default\">Cuando la tecnolog\u00eda de presentaci\u00f3n tradicional no era una opci\u00f3n<\/h2>\t\t\t\t<\/div>\n\t\t\t\t<\/div>\n\t\t\t\t<div class=\"elementor-element elementor-element-5f09e624 elementor-widget elementor-widget-text-editor\" data-id=\"5f09e624\" data-element_type=\"widget\" data-widget_type=\"text-editor.default\">\n\t\t\t\t<div class=\"elementor-widget-container\">\n\t\t\t\t\t\t\t\t\t<p class=\"translation-block\">El Hotel AX abri\u00f3 sus puertas en mayo de 2022 en J\u00e4tk\u00e4saari de Helsinki, y al mismo tiempo se abrieron las puertas al arte y la cultura. Hotel AX es un hotel construido alrededor del arte, donde la inspiraci\u00f3n puede dar rienda suelta. Durante la fase de construcci\u00f3n del Hotel AX, cobraron relevancia diversas soluciones relacionadas con la tecnolog\u00eda de presentaci\u00f3n. Seg\u00fan Riitta Liikamaa, directora del Hotel AX, no quer\u00edan que el espacio pareciera demasiado una sala de reuniones, por lo que se eliminaron los ca\u00f1ones tradicionales como alternativa a la tecnolog\u00eda de presentaci\u00f3n. Busc\u00e1bamos un dispositivo vers\u00e1til que tambi\u00e9n pudiera trasladarse de un lugar a otro si fuera necesario y usarse de forma vers\u00e1til en todas las ocasiones, desde fiestas hasta reuniones. &quot;Nos enamoramos de este dispositivo&quot;, resume Liikamaa.<br> \u00bfY c\u00f3mo acabaste con Artome? Nadie en el Hotel AX hab\u00eda o\u00eddo hablar de este tipo de muebles de dise\u00f1o m\u00f3viles antes, pero buscando un poco en Google encontr\u00e9 a Artome y a partir de ese momento comenz\u00f3 la historia compartida del Hotel AX y Artome M10.<\/p>\t\t\t\t\t\t\t\t<\/div>\n\t\t\t\t<\/div>\n\t\t\t\t<div class=\"elementor-element elementor-element-69d9d6f elementor-widget elementor-widget-heading\" data-id=\"69d9d6f\" data-element_type=\"widget\" data-widget_type=\"heading.default\">\n\t\t\t\t<div class=\"elementor-widget-container\">\n\t\t\t\t\t<h2 class=\"elementor-heading-title elementor-size-default\">El dise\u00f1o finland\u00e9s fue una muy buena combinaci\u00f3n. <\/h2>\t\t\t\t<\/div>\n\t\t\t\t<\/div>\n\t\t\t\t<div class=\"elementor-element elementor-element-05035f2 elementor-widget elementor-widget-text-editor\" data-id=\"05035f2\" data-element_type=\"widget\" data-widget_type=\"text-editor.default\">\n\t\t\t\t<div class=\"elementor-widget-container\">\n\t\t\t\t\t\t\t\t\t<p>Los muebles del Hotel AX son de dise\u00f1o finland\u00e9s, por lo que el dise\u00f1o finland\u00e9s del Artome M10 fue, en opini\u00f3n de Liikamaa, una muy buena combinaci\u00f3n para el Hotel AX.<\/p>\t\t\t\t\t\t\t\t<\/div>\n\t\t\t\t<\/div>\n\t\t\t\t<div class=\"elementor-element elementor-element-f6ddf01 elementor-widget elementor-widget-image\" data-id=\"f6ddf01\" data-element_type=\"widget\" data-widget_type=\"image.default\">\n\t\t\t\t<div class=\"elementor-widget-container\">\n\t\t\t\t\t\t\t\t\t\t\t\t\t\t\t<img fetchpriority=\"high\" decoding=\"async\" width=\"1536\" height=\"1024\" src=\"https:\/\/artome.fi\/wp-content\/uploads\/2022\/07\/ArtomeM10-Hotel-AX-5-1536x1024.jpg\" class=\"attachment-1536x1536 size-1536x1536 wp-image-1734\" alt=\"Artome M10 en el Hotel AX.\" srcset=\"https:\/\/artome.fi\/wp-content\/uploads\/2022\/07\/ArtomeM10-Hotel-AX-5-1536x1024.jpg 1536w, https:\/\/artome.fi\/wp-content\/uploads\/2022\/07\/ArtomeM10-Hotel-AX-5-300x200.jpg 300w, https:\/\/artome.fi\/wp-content\/uploads\/2022\/07\/ArtomeM10-Hotel-AX-5-1024x683.jpg 1024w, https:\/\/artome.fi\/wp-content\/uploads\/2022\/07\/ArtomeM10-Hotel-AX-5-768x512.jpg 768w, https:\/\/artome.fi\/wp-content\/uploads\/2022\/07\/ArtomeM10-Hotel-AX-5-2048x1365.jpg 2048w, https:\/\/artome.fi\/wp-content\/uploads\/2022\/07\/ArtomeM10-Hotel-AX-5-18x12.jpg 18w\" sizes=\"(max-width: 1536px) 100vw, 1536px\" \/>\t\t\t\t\t\t\t\t\t\t\t\t\t\t\t<\/div>\n\t\t\t\t<\/div>\n\t\t\t\t<div class=\"elementor-element elementor-element-a33282e elementor-blockquote--skin-quotation elementor-blockquote--align-center elementor-widget elementor-widget-blockquote\" data-id=\"a33282e\" data-element_type=\"widget\" data-widget_type=\"blockquote.default\">\n\t\t\t\t<div class=\"elementor-widget-container\">\n\t\t\t\t\t\t\t<blockquote class=\"elementor-blockquote\">\n\t\t\t<p class=\"elementor-blockquote__content\">\n\t\t\t\tEs realmente importante para nosotros que Artome M10 represente el dise\u00f1o finland\u00e9s, porque somos un hotel de arte y cultura que es la puerta de entrada al arte y la cultura en Helsinki.\t\t\t<\/p>\n\t\t\t\t\t\t\t<div class=\"e-q-footer\">\n\t\t\t\t\t\t\t\t\t\t\t<cite class=\"elementor-blockquote__author\">Riitta Liikamaa, directora del hotel Hotel AX<\/cite>\n\t\t\t\t\t\t\t\t\t\t\t\t\t\t<\/div>\n\t\t\t\t\t<\/blockquote>\n\t\t\t\t\t\t<\/div>\n\t\t\t\t<\/div>\n\t\t\t\t\t<\/div>\n\t\t<\/div>\n\t\t\t\t\t<\/div>\n\t\t<\/section>\n\t\t\t\t<section class=\"elementor-section elementor-top-section elementor-element elementor-element-6d447f8 elementor-section-boxed elementor-section-height-default elementor-section-height-default\" data-id=\"6d447f8\" data-element_type=\"section\">\n\t\t\t\t\t\t<div class=\"elementor-container elementor-column-gap-default\">\n\t\t\t\t\t<div class=\"elementor-column elementor-col-100 elementor-top-column elementor-element elementor-element-61fb02f\" data-id=\"61fb02f\" data-element_type=\"column\">\n\t\t\t<div class=\"elementor-widget-wrap elementor-element-populated\">\n\t\t\t\t\t\t<div class=\"elementor-element elementor-element-bedba96 elementor-widget elementor-widget-heading\" data-id=\"bedba96\" data-element_type=\"widget\" data-widget_type=\"heading.default\">\n\t\t\t\t<div class=\"elementor-widget-container\">\n\t\t\t\t\t<h2 class=\"elementor-heading-title elementor-size-default\">S\u00f3lo el cielo es el l\u00edmite: el contrato de servicio permiti\u00f3 un uso vers\u00e1til<\/h2>\t\t\t\t<\/div>\n\t\t\t\t<\/div>\n\t\t\t\t\t<\/div>\n\t\t<\/div>\n\t\t\t\t\t<\/div>\n\t\t<\/section>\n\t\t\t\t<section class=\"elementor-section elementor-top-section elementor-element elementor-element-384c645 elementor-section-boxed elementor-section-height-default elementor-section-height-default\" data-id=\"384c645\" data-element_type=\"section\">\n\t\t\t\t\t\t<div class=\"elementor-container elementor-column-gap-default\">\n\t\t\t\t\t<div class=\"elementor-column elementor-col-100 elementor-top-column elementor-element elementor-element-ea0d4ef\" data-id=\"ea0d4ef\" data-element_type=\"column\">\n\t\t\t<div class=\"elementor-widget-wrap elementor-element-populated\">\n\t\t\t\t\t\t<div class=\"elementor-element elementor-element-e8ea627 elementor-widget elementor-widget-text-editor\" data-id=\"e8ea627\" data-element_type=\"widget\" data-widget_type=\"text-editor.default\">\n\t\t\t\t<div class=\"elementor-widget-container\">\n\t\t\t\t\t\t\t\t\t<p>Seg\u00fan Liikamaa, conseguir un Artome M10 con un contrato de servicio para el Hotel AX fue extremadamente f\u00e1cil y la mejor de las opciones. En particular, el uso de la \u00faltima tecnolog\u00eda y la ausencia de riesgos en el contrato de servicio fueron aspectos que, seg\u00fan Liikamaa, el Hotel AX apreci\u00f3. El uso de Artome M10 en Hotel AX permite un uso vers\u00e1til, donde s\u00f3lo el cielo es el l\u00edmite. Artome M10 funciona como herramienta para todo tipo de espect\u00e1culos en el Hotel AX, desde karaoke de poes\u00eda hasta reuniones m\u00e1s tradicionales.<\/p>\t\t\t\t\t\t\t\t<\/div>\n\t\t\t\t<\/div>\n\t\t\t\t\t<\/div>\n\t\t<\/div>\n\t\t\t\t\t<\/div>\n\t\t<\/section>\n\t\t\t\t<section class=\"elementor-section elementor-top-section elementor-element elementor-element-59bea58 elementor-section-boxed elementor-section-height-default elementor-section-height-default\" data-id=\"59bea58\" data-element_type=\"section\">\n\t\t\t\t\t\t<div class=\"elementor-container elementor-column-gap-default\">\n\t\t\t\t\t<div class=\"elementor-column elementor-col-100 elementor-top-column elementor-element elementor-element-6727a97\" data-id=\"6727a97\" data-element_type=\"column\">\n\t\t\t<div class=\"elementor-widget-wrap elementor-element-populated\">\n\t\t\t\t\t\t<div class=\"elementor-element elementor-element-c969dde elementor-blockquote--skin-quotation elementor-blockquote--align-center elementor-widget elementor-widget-blockquote\" data-id=\"c969dde\" data-element_type=\"widget\" data-widget_type=\"blockquote.default\">\n\t\t\t\t<div class=\"elementor-widget-container\">\n\t\t\t\t\t\t\t<blockquote class=\"elementor-blockquote\">\n\t\t\t<p class=\"elementor-blockquote__content\">\n\t\t\t\tArtome M10 trabaja aqu\u00ed como un muy buen amigo\t\t\t<\/p>\n\t\t\t\t\t\t\t<div class=\"e-q-footer\">\n\t\t\t\t\t\t\t\t\t\t\t<cite class=\"elementor-blockquote__author\">Riitta Liikamaa<\/cite>\n\t\t\t\t\t\t\t\t\t\t\t\t\t\t<\/div>\n\t\t\t\t\t<\/blockquote>\n\t\t\t\t\t\t<\/div>\n\t\t\t\t<\/div>\n\t\t\t\t<div class=\"elementor-element elementor-element-e279a47 elementor-widget elementor-widget-image\" data-id=\"e279a47\" data-element_type=\"widget\" data-widget_type=\"image.default\">\n\t\t\t\t<div class=\"elementor-widget-container\">\n\t\t\t\t\t\t\t\t\t\t\t\t\t\t\t<img decoding=\"async\" width=\"1536\" height=\"1024\" src=\"https:\/\/artome.fi\/wp-content\/uploads\/2022\/07\/ArtomeM10-Hotel-AX-6-1536x1024.jpg\" class=\"attachment-1536x1536 size-1536x1536 wp-image-1735\" alt=\"Artome M10 de cerca en el Hotel AX.\" srcset=\"https:\/\/artome.fi\/wp-content\/uploads\/2022\/07\/ArtomeM10-Hotel-AX-6-1536x1024.jpg 1536w, https:\/\/artome.fi\/wp-content\/uploads\/2022\/07\/ArtomeM10-Hotel-AX-6-300x200.jpg 300w, https:\/\/artome.fi\/wp-content\/uploads\/2022\/07\/ArtomeM10-Hotel-AX-6-1024x683.jpg 1024w, https:\/\/artome.fi\/wp-content\/uploads\/2022\/07\/ArtomeM10-Hotel-AX-6-768x512.jpg 768w, https:\/\/artome.fi\/wp-content\/uploads\/2022\/07\/ArtomeM10-Hotel-AX-6-2048x1365.jpg 2048w, https:\/\/artome.fi\/wp-content\/uploads\/2022\/07\/ArtomeM10-Hotel-AX-6-18x12.jpg 18w\" sizes=\"(max-width: 1536px) 100vw, 1536px\" \/>\t\t\t\t\t\t\t\t\t\t\t\t\t\t\t<\/div>\n\t\t\t\t<\/div>\n\t\t\t\t\t<\/div>\n\t\t<\/div>\n\t\t\t\t\t<\/div>\n\t\t<\/section>\n\t\t\t\t<\/div>","protected":false},"excerpt":{"rendered":"<p>Kokemuksia Hotel AX Kun perinteinen esitystekniikka ei ollut vaihtoehto Hotel AX avasi ovensa toukokuussa 2022 Helsingin J\u00e4tk\u00e4saareen ja samalla ovet avautuivat taiteen ja kulttuurin pariin. Hotel AX on taiteen ymp\u00e4rille rakennettu hotelli, jossa inspiraatio p\u00e4\u00e4see valloilleen. Hotel AX:n rakennusvaiheessa ajankohtaiseksi tulivat erilaiset esitystekniikkaan liittyv\u00e4t ratkaisut. Hotel AX:n hotellinjohtaja Riitta Liikamaan mukaan tilasta ei haluttu tehd\u00e4 [&hellip;]<\/p>\n","protected":false},"author":3,"featured_media":0,"parent":0,"menu_order":0,"comment_status":"closed","ping_status":"closed","template":"elementor_header_footer","meta":{"om_disable_all_campaigns":false,"_monsterinsights_skip_tracking":false,"_monsterinsights_sitenote_active":false,"_monsterinsights_sitenote_note":"","_monsterinsights_sitenote_category":0,"_uf_show_specific_survey":0,"_uf_disable_surveys":false,"footnotes":""},"class_list":["post-1556","page","type-page","status-publish","hentry"],"blocksy_meta":{"styles_descriptor":{"styles":{"desktop":"","tablet":"","mobile":""},"google_fonts":[],"version":6}},"aioseo_notices":[],"yoast_head":"<!-- This site is optimized with the Yoast SEO Premium plugin v23.2 (Yoast SEO v26.3) - https:\/\/yoast.com\/wordpress\/plugins\/seo\/ -->\n<title>Artome | Experiences - Hotel AX<\/title>\n<meta name=\"description\" content=\"When the traditional presentation solution wasn&#039;t an option. Read more about why Artome M10 was a perfect match for Hotel AX.\" \/>\n<meta name=\"robots\" content=\"index, follow, max-snippet:-1, max-image-preview:large, max-video-preview:-1\" \/>\n<link rel=\"canonical\" href=\"https:\/\/artome.fi\/es\/experiencias_hotel_ax\/\" \/>\n<meta property=\"og:locale\" content=\"es_ES\" \/>\n<meta property=\"og:type\" content=\"article\" \/>\n<meta property=\"og:title\" content=\"Hotel AX\" \/>\n<meta property=\"og:description\" content=\"When the traditional presentation solution wasn&#039;t an option. Read more about why Artome M10 was a perfect match for Hotel AX.\" \/>\n<meta property=\"og:url\" content=\"https:\/\/artome.fi\/es\/experiencias_hotel_ax\/\" \/>\n<meta property=\"og:site_name\" content=\"Artome\" \/>\n<meta property=\"article:modified_time\" content=\"2022-11-24T13:03:34+00:00\" \/>\n<meta property=\"og:image\" content=\"https:\/\/artome.fi\/wp-content\/uploads\/2022\/07\/ArtomeM10-Hotel-AX-5-1536x1024.jpg\" \/>\n<meta name=\"twitter:card\" content=\"summary_large_image\" \/>\n<meta name=\"twitter:label1\" content=\"Tiempo de lectura\" \/>\n\t<meta name=\"twitter:data1\" content=\"2 minutos\" \/>\n<script type=\"application\/ld+json\" class=\"yoast-schema-graph\">{\"@context\":\"https:\/\/schema.org\",\"@graph\":[{\"@type\":\"WebPage\",\"@id\":\"https:\/\/artome.fi\/fr\/experiences_hotel_ax\/\",\"url\":\"https:\/\/artome.fi\/fr\/experiences_hotel_ax\/\",\"name\":\"Artome | Experiences - Hotel AX\",\"isPartOf\":{\"@id\":\"https:\/\/artome.fi\/en\/#website\"},\"primaryImageOfPage\":{\"@id\":\"https:\/\/artome.fi\/fr\/experiences_hotel_ax\/#primaryimage\"},\"image\":{\"@id\":\"https:\/\/artome.fi\/fr\/experiences_hotel_ax\/#primaryimage\"},\"thumbnailUrl\":\"https:\/\/artome.fi\/wp-content\/uploads\/2022\/07\/ArtomeM10-Hotel-AX-5-1536x1024.jpg\",\"datePublished\":\"2022-07-20T05:51:22+00:00\",\"dateModified\":\"2022-11-24T13:03:34+00:00\",\"description\":\"When the traditional presentation solution wasn't an option. Read more about why Artome M10 was a perfect match for Hotel AX.\",\"breadcrumb\":{\"@id\":\"https:\/\/artome.fi\/fr\/experiences_hotel_ax\/#breadcrumb\"},\"inLanguage\":\"es\",\"potentialAction\":[{\"@type\":\"ReadAction\",\"target\":[\"https:\/\/artome.fi\/fr\/experiences_hotel_ax\/\"]}]},{\"@type\":\"ImageObject\",\"inLanguage\":\"es\",\"@id\":\"https:\/\/artome.fi\/fr\/experiences_hotel_ax\/#primaryimage\",\"url\":\"https:\/\/artome.fi\/wp-content\/uploads\/2022\/07\/ArtomeM10-Hotel-AX-5-1536x1024.jpg\",\"contentUrl\":\"https:\/\/artome.fi\/wp-content\/uploads\/2022\/07\/ArtomeM10-Hotel-AX-5-1536x1024.jpg\"},{\"@type\":\"BreadcrumbList\",\"@id\":\"https:\/\/artome.fi\/fr\/experiences_hotel_ax\/#breadcrumb\",\"itemListElement\":[{\"@type\":\"ListItem\",\"position\":1,\"name\":\"Etusivu\",\"item\":\"https:\/\/artome.fi\/en\/\"},{\"@type\":\"ListItem\",\"position\":2,\"name\":\"Hotel AX\"}]},{\"@type\":\"WebSite\",\"@id\":\"https:\/\/artome.fi\/en\/#website\",\"url\":\"https:\/\/artome.fi\/en\/\",\"name\":\"Artome\",\"description\":\"Redesigning audiovisual with smart furniture\",\"publisher\":{\"@id\":\"https:\/\/artome.fi\/en\/#organization\"},\"potentialAction\":[{\"@type\":\"SearchAction\",\"target\":{\"@type\":\"EntryPoint\",\"urlTemplate\":\"https:\/\/artome.fi\/en\/?s={search_term_string}\"},\"query-input\":{\"@type\":\"PropertyValueSpecification\",\"valueRequired\":true,\"valueName\":\"search_term_string\"}}],\"inLanguage\":\"es\"},{\"@type\":\"Organization\",\"@id\":\"https:\/\/artome.fi\/en\/#organization\",\"name\":\"Artome\",\"url\":\"https:\/\/artome.fi\/en\/\",\"logo\":{\"@type\":\"ImageObject\",\"inLanguage\":\"es\",\"@id\":\"https:\/\/artome.fi\/en\/#\/schema\/logo\/image\/\",\"url\":\"https:\/\/artome.fi\/wp-content\/uploads\/2022\/02\/artome_logo_black.png\",\"contentUrl\":\"https:\/\/artome.fi\/wp-content\/uploads\/2022\/02\/artome_logo_black.png\",\"width\":1280,\"height\":496,\"caption\":\"Artome\"},\"image\":{\"@id\":\"https:\/\/artome.fi\/en\/#\/schema\/logo\/image\/\"}}]}<\/script>\n<!-- \/ Yoast SEO Premium plugin. -->","yoast_head_json":{"title":"Artome | Experiencias - Hotel AX","description":"Cuando la soluci\u00f3n de presentaci\u00f3n tradicional no era una opci\u00f3n. Lea m\u00e1s sobre por qu\u00e9 Artome M10 era la combinaci\u00f3n perfecta para el Hotel AX.","robots":{"index":"index","follow":"follow","max-snippet":"max-snippet:-1","max-image-preview":"max-image-preview:large","max-video-preview":"max-video-preview:-1"},"canonical":"https:\/\/artome.fi\/es\/experiencias_hotel_ax\/","og_locale":"es_ES","og_type":"article","og_title":"Hotel AX","og_description":"When the traditional presentation solution wasn't an option. Read more about why Artome M10 was a perfect match for Hotel AX.","og_url":"https:\/\/artome.fi\/es\/experiencias_hotel_ax\/","og_site_name":"Artome","article_modified_time":"2022-11-24T13:03:34+00:00","og_image":[{"url":"https:\/\/artome.fi\/wp-content\/uploads\/2022\/07\/ArtomeM10-Hotel-AX-5-1536x1024.jpg","type":"","width":"","height":""}],"twitter_card":"summary_large_image","twitter_misc":{"Tiempo de lectura":"2 minutos"},"schema":{"@context":"https:\/\/schema.org","@graph":[{"@type":"WebPage","@id":"https:\/\/artome.fi\/fr\/experiences_hotel_ax\/","url":"https:\/\/artome.fi\/fr\/experiences_hotel_ax\/","name":"Artome | Experiencias - Hotel AX","isPartOf":{"@id":"https:\/\/artome.fi\/en\/#website"},"primaryImageOfPage":{"@id":"https:\/\/artome.fi\/fr\/experiences_hotel_ax\/#primaryimage"},"image":{"@id":"https:\/\/artome.fi\/fr\/experiences_hotel_ax\/#primaryimage"},"thumbnailUrl":"https:\/\/artome.fi\/wp-content\/uploads\/2022\/07\/ArtomeM10-Hotel-AX-5-1536x1024.jpg","datePublished":"2022-07-20T05:51:22+00:00","dateModified":"2022-11-24T13:03:34+00:00","description":"Cuando la soluci\u00f3n de presentaci\u00f3n tradicional no era una opci\u00f3n. Lea m\u00e1s sobre por qu\u00e9 Artome M10 era la combinaci\u00f3n perfecta para el Hotel AX.","breadcrumb":{"@id":"https:\/\/artome.fi\/fr\/experiences_hotel_ax\/#breadcrumb"},"inLanguage":"es","potentialAction":[{"@type":"ReadAction","target":["https:\/\/artome.fi\/fr\/experiences_hotel_ax\/"]}]},{"@type":"ImageObject","inLanguage":"es","@id":"https:\/\/artome.fi\/fr\/experiences_hotel_ax\/#primaryimage","url":"https:\/\/artome.fi\/wp-content\/uploads\/2022\/07\/ArtomeM10-Hotel-AX-5-1536x1024.jpg","contentUrl":"https:\/\/artome.fi\/wp-content\/uploads\/2022\/07\/ArtomeM10-Hotel-AX-5-1536x1024.jpg"},{"@type":"BreadcrumbList","@id":"https:\/\/artome.fi\/fr\/experiences_hotel_ax\/#breadcrumb","itemListElement":[{"@type":"ListItem","position":1,"name":"Etusivu","item":"https:\/\/artome.fi\/en\/"},{"@type":"ListItem","position":2,"name":"Hotel AX"}]},{"@type":"WebSite","@id":"https:\/\/artome.fi\/en\/#website","url":"https:\/\/artome.fi\/en\/","name":"Artome","description":"Redise\u00f1ando el audiovisual con mobiliario inteligente","publisher":{"@id":"https:\/\/artome.fi\/en\/#organization"},"potentialAction":[{"@type":"SearchAction","target":{"@type":"EntryPoint","urlTemplate":"https:\/\/artome.fi\/en\/?s={search_term_string}"},"query-input":{"@type":"PropertyValueSpecification","valueRequired":true,"valueName":"search_term_string"}}],"inLanguage":"es"},{"@type":"Organization","@id":"https:\/\/artome.fi\/en\/#organization","name":"Artome","url":"https:\/\/artome.fi\/en\/","logo":{"@type":"ImageObject","inLanguage":"es","@id":"https:\/\/artome.fi\/en\/#\/schema\/logo\/image\/","url":"https:\/\/artome.fi\/wp-content\/uploads\/2022\/02\/artome_logo_black.png","contentUrl":"https:\/\/artome.fi\/wp-content\/uploads\/2022\/02\/artome_logo_black.png","width":1280,"height":496,"caption":"Artome"},"image":{"@id":"https:\/\/artome.fi\/en\/#\/schema\/logo\/image\/"}}]}},"_links":{"self":[{"href":"https:\/\/artome.fi\/es\/wp-json\/wp\/v2\/pages\/1556","targetHints":{"allow":["GET"]}}],"collection":[{"href":"https:\/\/artome.fi\/es\/wp-json\/wp\/v2\/pages"}],"about":[{"href":"https:\/\/artome.fi\/es\/wp-json\/wp\/v2\/types\/page"}],"author":[{"embeddable":true,"href":"https:\/\/artome.fi\/es\/wp-json\/wp\/v2\/users\/3"}],"replies":[{"embeddable":true,"href":"https:\/\/artome.fi\/es\/wp-json\/wp\/v2\/comments?post=1556"}],"version-history":[{"count":68,"href":"https:\/\/artome.fi\/es\/wp-json\/wp\/v2\/pages\/1556\/revisions"}],"predecessor-version":[{"id":2492,"href":"https:\/\/artome.fi\/es\/wp-json\/wp\/v2\/pages\/1556\/revisions\/2492"}],"wp:attachment":[{"href":"https:\/\/artome.fi\/es\/wp-json\/wp\/v2\/media?parent=1556"}],"curies":[{"name":"gracias","href":"https:\/\/api.w.org\/{rel}","templated":true}]}}