{"id":1636,"date":"2022-07-21T13:33:02","date_gmt":"2022-07-21T13:33:02","guid":{"rendered":"https:\/\/artome.fi\/?page_id=1636"},"modified":"2025-12-16T07:05:05","modified_gmt":"2025-12-16T07:05:05","slug":"privacy-policy","status":"publish","type":"page","link":"https:\/\/artome.fi\/es\/politica-de-privacidad\/","title":{"rendered":"Pol\u00edtica de Privacidad - Protecci\u00f3n de la informaci\u00f3n"},"content":{"rendered":"<div data-elementor-type=\"wp-page\" data-elementor-id=\"1636\" class=\"elementor elementor-1636\" data-elementor-post-type=\"page\">\n\t\t\t\t\t\t<section class=\"elementor-section elementor-top-section elementor-element elementor-element-375085f elementor-section-boxed elementor-section-height-default elementor-section-height-default\" data-id=\"375085f\" data-element_type=\"section\">\n\t\t\t\t\t\t<div class=\"elementor-container elementor-column-gap-default\">\n\t\t\t\t\t<div class=\"elementor-column elementor-col-100 elementor-top-column elementor-element elementor-element-f0743cd\" data-id=\"f0743cd\" data-element_type=\"column\">\n\t\t\t<div class=\"elementor-widget-wrap elementor-element-populated\">\n\t\t\t\t\t\t<div class=\"elementor-element elementor-element-b660cee elementor-widget elementor-widget-text-editor\" data-id=\"b660cee\" data-element_type=\"widget\" data-widget_type=\"text-editor.default\">\n\t\t\t\t<div class=\"elementor-widget-container\">\n\t\t\t\t\t\t\t\t\t<h2 style=\"margin-bottom: 20px; font-size: var(--fontSize); text-align: start; line-height: var(--lineHeight); font-family: -apple-system, BlinkMacSystemFont, 'Segoe UI', Roboto, Helvetica, Arial, sans-serif, 'Apple Color Emoji', 'Segoe UI Emoji', 'Segoe UI Symbol'; font-weight: var(--fontWeight); font-style: normal; letter-spacing: normal; text-transform: none; text-decoration-thickness: initial; text-decoration-style: initial; text-decoration-color: initial; --fontweight: 700; --fontsize: 35px; --lineheight: 1.5;\">Declaraci\u00f3n de privacidad de Artome Oy<\/h2>\n<p style=\"margin-bottom: var(--content-spacing); font-size: 16px; text-align: start;\">Ley de Datos Personales (523\/1999) Art\u00edculos 10 y 24<br>Fecha de elaboraci\u00f3n 7 de mayo de 2018<br>\u00daltima actualizaci\u00f3n: 29 de junio de 2022<\/p>\n<h2 style=\"margin-top: 0px; margin-bottom: 20px; font-size: var(--fontSize); text-align: start; line-height: var(--lineHeight); font-family: -apple-system, BlinkMacSystemFont, 'Segoe UI', Roboto, Helvetica, Arial, sans-serif, 'Apple Color Emoji', 'Segoe UI Emoji', 'Segoe UI Symbol'; font-weight: var(--fontWeight); font-style: normal; letter-spacing: normal; text-transform: none; text-decoration-thickness: initial; text-decoration-style: initial; text-decoration-color: initial; --fontweight: 700; --fontsize: 35px; --lineheight: 1.5;\">El encargado del registro<\/h2>\n<p style=\"margin-bottom: var(--content-spacing); font-size: 16px; text-align: start;\">Artome Oy (identificaci\u00f3n de empresa: 2775902-5)<br>Syrj\u00e4l\u00e4ntie 81, 19110 HEINOLA<br>Tel. contact@artome.fi<\/p>\n<h2 style=\"margin-top: 0px; margin-bottom: 20px; font-size: var(--fontSize); text-align: start; line-height: var(--lineHeight); font-family: -apple-system, BlinkMacSystemFont, 'Segoe UI', Roboto, Helvetica, Arial, sans-serif, 'Apple Color Emoji', 'Segoe UI Emoji', 'Segoe UI Symbol'; font-weight: var(--fontWeight); font-style: normal; letter-spacing: normal; text-transform: none; text-decoration-thickness: initial; text-decoration-style: initial; text-decoration-color: initial; --fontweight: 700; --fontsize: 35px; --lineheight: 1.5;\">Persona de contacto en asuntos relacionados con el registro<\/h2>\n<p style=\"margin-bottom: var(--content-spacing); font-size: 16px; text-align: start;\">Toni Parika<br>Syrj\u00e4l\u00e4ntie 81, 19110 HEINOLA<br>Telf. 0405291821<br>toni.parikka@artome.fi<\/p>\n<h2 style=\"margin-top: 0px; margin-bottom: 20px; font-size: var(--fontSize); text-align: start; line-height: var(--lineHeight); font-family: -apple-system, BlinkMacSystemFont, 'Segoe UI', Roboto, Helvetica, Arial, sans-serif, 'Apple Color Emoji', 'Segoe UI Emoji', 'Segoe UI Symbol'; font-weight: var(--fontWeight); font-style: normal; letter-spacing: normal; text-transform: none; text-decoration-thickness: initial; text-decoration-style: initial; text-decoration-color: initial; --fontweight: 700; --fontsize: 35px; --lineheight: 1.5;\">Nombre de registro<\/h2>\n<p style=\"margin-bottom: var(--content-spacing); font-size: 16px; text-align: start;\">registro de clientes<\/p>\n<h2 style=\"margin-top: 0px; margin-bottom: 20px; font-size: var(--fontSize); text-align: start; line-height: var(--lineHeight); font-family: -apple-system, BlinkMacSystemFont, 'Segoe UI', Roboto, Helvetica, Arial, sans-serif, 'Apple Color Emoji', 'Segoe UI Emoji', 'Segoe UI Symbol'; font-weight: var(--fontWeight); font-style: normal; letter-spacing: normal; text-transform: none; text-decoration-thickness: initial; text-decoration-style: initial; text-decoration-color: initial; --fontweight: 700; --fontsize: 35px; --lineheight: 1.5;\">Finalidad del tratamiento de datos personales<\/h2>\n<p style=\"margin-bottom: var(--content-spacing); font-size: 16px; text-align: start;\" class=\"translation-block\">Los datos personales se procesan para la gesti\u00f3n de la relaci\u00f3n con el cliente de Artome, la producci\u00f3n y personalizaci\u00f3n de los servicios y la comunicaci\u00f3n con el cliente.<br> La informaci\u00f3n personalizada de los usuarios recopilada a trav\u00e9s de nuestro sitio web se utiliza de forma limitada para mejorar la experiencia del sitio web y los negocios y servicios de Artome, a menos que el usuario lo proh\u00edba espec\u00edficamente.<\/p>\n<p style=\"margin-bottom: var(--content-spacing); font-size: 16px; text-align: start;\">Debido a requisitos t\u00e9cnicos, la informaci\u00f3n contenida en el registro tambi\u00e9n puede procesarse en el servidor de terceros de Artome; sin embargo, la informaci\u00f3n contenida en el registro solo se utiliza para mantener y mejorar las relaciones con los clientes de Artome.<\/p>\n<p style=\"margin-bottom: var(--content-spacing); font-size: 16px; text-align: start;\">La informaci\u00f3n contenida en el registro tambi\u00e9n se puede utilizar para marketing dirigido, pero en este caso la informaci\u00f3n se procesa de forma seud\u00f3nima y no se transmite a terceros. Artome determina internamente las personas que est\u00e1n autorizadas a procesar datos que contengan datos personales.<\/p>\n<h2 style=\"margin-top: 0px; margin-bottom: 20px; font-size: var(--fontSize); text-align: start; line-height: var(--lineHeight); font-family: -apple-system, BlinkMacSystemFont, 'Segoe UI', Roboto, Helvetica, Arial, sans-serif, 'Apple Color Emoji', 'Segoe UI Emoji', 'Segoe UI Symbol'; font-weight: var(--fontWeight); font-style: normal; letter-spacing: normal; text-transform: none; text-decoration-thickness: initial; text-decoration-style: initial; text-decoration-color: initial; --fontweight: 700; --fontsize: 35px; --lineheight: 1.5;\">Informaci\u00f3n contenida en el registro.<\/h2>\n<p style=\"margin-bottom: var(--content-spacing); font-size: 16px; text-align: start;\" class=\"translation-block\">Se almacena la siguiente informaci\u00f3n sobre el registro:<br> Nombre y apellido<br> Organizacion \/ Compa\u00f1ia<br> Pa\u00eds de destino<br> N\u00famero de tel\u00e9fono<br> Direcci\u00f3n de correo electr\u00f3nico<\/p>\n<h2 style=\"margin-top: 0px; margin-bottom: 20px; font-size: var(--fontSize); text-align: start; line-height: var(--lineHeight); font-family: -apple-system, BlinkMacSystemFont, 'Segoe UI', Roboto, Helvetica, Arial, sans-serif, 'Apple Color Emoji', 'Segoe UI Emoji', 'Segoe UI Symbol'; font-weight: var(--fontWeight); font-style: normal; letter-spacing: normal; text-transform: none; text-decoration-thickness: initial; text-decoration-style: initial; text-decoration-color: initial; --fontweight: 700; --fontsize: 35px; --lineheight: 1.5;\">Fuentes de informaci\u00f3n<\/h2>\n<p style=\"margin-bottom: var(--content-spacing); font-size: 16px; text-align: start;\">Los datos personales se recopilan 1) de la propia persona, 2) de la empresa donde la persona trabaja como empleado, 3) de mensajes enviados a trav\u00e9s de nuestros canales digitales, como mensajes de formularios en nuestro sitio web.<br>La informaci\u00f3n utilizada para mejorar la experiencia del sitio web y para marketing dirigido tambi\u00e9n se recopila en funci\u00f3n del comportamiento del usuario del sitio web de Artome.<\/p>\n<h2 style=\"margin-top: 0px; margin-bottom: 20px; font-size: var(--fontSize); text-align: start; line-height: var(--lineHeight); font-family: -apple-system, BlinkMacSystemFont, 'Segoe UI', Roboto, Helvetica, Arial, sans-serif, 'Apple Color Emoji', 'Segoe UI Emoji', 'Segoe UI Symbol'; font-weight: var(--fontWeight); font-style: normal; letter-spacing: normal; text-transform: none; text-decoration-thickness: initial; text-decoration-style: initial; text-decoration-color: initial; --fontweight: 700; --fontsize: 35px; --lineheight: 1.5;\">Revelaci\u00f3n de informaci\u00f3n<\/h2>\n<p style=\"margin-bottom: var(--content-spacing); font-size: 16px; text-align: start;\">La informaci\u00f3n es utilizada internamente por la empresa, no es divulgada a terceros. Sin embargo, la informaci\u00f3n seudonimizada puede utilizarse en servicios prestados por un tercero, cuyo objetivo es mejorar la usabilidad de los negocios y los sitios web de Artome.<\/p>\n<p style=\"margin-bottom: var(--content-spacing); font-size: 16px; text-align: start;\">La informaci\u00f3n no se transfiere fuera de la UE o del EEE.<\/p>\n<h2 style=\"margin-top: 0px; margin-bottom: 20px; font-size: var(--fontSize); text-align: start; line-height: var(--lineHeight); font-family: -apple-system, BlinkMacSystemFont, 'Segoe UI', Roboto, Helvetica, Arial, sans-serif, 'Apple Color Emoji', 'Segoe UI Emoji', 'Segoe UI Symbol'; font-weight: var(--fontWeight); font-style: normal; letter-spacing: normal; text-transform: none; text-decoration-thickness: initial; text-decoration-style: initial; text-decoration-color: initial; --fontweight: 700; --fontsize: 35px; --lineheight: 1.5;\">Plazo de conservaci\u00f3n de datos personales<\/h2>\n<p style=\"margin-bottom: var(--content-spacing); font-size: 16px; text-align: start;\">Los datos personales se destruyen una vez finalizado el per\u00edodo de conservaci\u00f3n exigido por la ley, dentro de los dos a\u00f1os siguientes al final del per\u00edodo de conservaci\u00f3n legal.<\/p>\n<h2 style=\"margin-top: 0px; margin-bottom: 20px; font-size: var(--fontSize); text-align: start; line-height: var(--lineHeight); font-family: -apple-system, BlinkMacSystemFont, 'Segoe UI', Roboto, Helvetica, Arial, sans-serif, 'Apple Color Emoji', 'Segoe UI Emoji', 'Segoe UI Symbol'; font-weight: var(--fontWeight); font-style: normal; letter-spacing: normal; text-transform: none; text-decoration-thickness: initial; text-decoration-style: initial; text-decoration-color: initial; --fontweight: 700; --fontsize: 35px; --lineheight: 1.5;\">Protecci\u00f3n de registro<\/h2>\n<p style=\"margin-bottom: var(--content-spacing); font-size: 16px; text-align: start;\">Los datos se recopilan en aplicaciones basadas en navegador que est\u00e1n protegidas por firewalls, contrase\u00f1as y otros medios t\u00e9cnicos. S\u00f3lo las personas designadas tienen derecho a procesar y mantener los datos en el registro. La informaci\u00f3n manual se almacena en un espacio cerrado con llave, al que s\u00f3lo tienen acceso las personas autorizadas.<\/p>\n<h2 style=\"margin-top: 0px; margin-bottom: 20px; font-size: var(--fontSize); text-align: start; line-height: var(--lineHeight); font-family: -apple-system, BlinkMacSystemFont, 'Segoe UI', Roboto, Helvetica, Arial, sans-serif, 'Apple Color Emoji', 'Segoe UI Emoji', 'Segoe UI Symbol'; font-weight: var(--fontWeight); font-style: normal; letter-spacing: normal; text-transform: none; text-decoration-thickness: initial; text-decoration-style: initial; text-decoration-color: initial; --fontweight: 700; --fontsize: 35px; --lineheight: 1.5;\">El derecho a exigir la correcci\u00f3n y eliminaci\u00f3n de informaci\u00f3n.<\/h2>\n<p style=\"margin-bottom: var(--content-spacing); font-size: 16px; text-align: start;\">La persona registrada tiene derecho a solicitar la inspecci\u00f3n y correcci\u00f3n de sus datos en el registro. La persona registrada tiene derecho a exigir la correcci\u00f3n o eliminaci\u00f3n de informaci\u00f3n incorrecta sobre s\u00ed misma en el registro.<\/p>\n<p style=\"margin-bottom: var(--content-spacing); font-size: 16px; text-align: start;\" class=\"translation-block\">La persona registrada tiene derecho a prohibir al responsable del tratamiento el tratamiento de informaci\u00f3n sobre ella para publicidad directa, ventas a distancia y otros tipos de marketing directo, as\u00ed como para estudios de mercado y de opini\u00f3n.<br> La solicitud de correcci\u00f3n o eliminaci\u00f3n de datos deber\u00e1 especificar a qu\u00e9 datos se aplica la correcci\u00f3n o eliminaci\u00f3n. La solicitud se env\u00eda por correo electr\u00f3nico a la direcci\u00f3n de correo electr\u00f3nico mencionada en el apartado &quot;Guardi\u00e1n del registro&quot;.<\/p>\n<p style=\"margin-bottom: var(--content-spacing); font-size: 16px; text-align: start;\">La solicitud ser\u00e1 respondida sin demora y dentro de un plazo razonable.<\/p>\t\t\t\t\t\t\t\t<\/div>\n\t\t\t\t<\/div>\n\t\t\t\t\t<\/div>\n\t\t<\/div>\n\t\t\t\t\t<\/div>\n\t\t<\/section>\n\t\t\t\t<\/div>","protected":false},"excerpt":{"rendered":"<p>Artome Oy:n tietosuojaseloste Henkil\u00f6tietolaki (523\/1999) 10 \u00a7 ja 24 \u00a7Laatimisp\u00e4iv\u00e4 7.5.2018P\u00e4ivitetty viimeksi: 29.6.2022 Rekisterin pit\u00e4j\u00e4 Artome Oy (y-tunnus: 2775902-5)Syrj\u00e4l\u00e4ntie 81, 19110 HEINOLAPuh. contact@artome.fi Yhteyshenkil\u00f6 rekisteri\u00e4 koskevissa asioissa Toni ParikkaSyrj\u00e4l\u00e4ntie 81, 19110 HEINOLAPuh. 0405291821toni.parikka@artome.fi Rekisterin nimi Asiakasrekisteri Henkil\u00f6tietojen k\u00e4sittelyn tarkoitus Henkil\u00f6tietoja k\u00e4sitell\u00e4\u00e4n Artomen asiakassuhteen hoitamiseen, palveluiden tuottamiseen ja -personointiin sek\u00e4 asiakasviestint\u00e4\u00e4n.Verkkosivujemme kautta ker\u00e4tt\u00e4v\u00e4\u00e4 k\u00e4ytt\u00e4jien personoitua tietoa [&hellip;]<\/p>\n","protected":false},"author":1,"featured_media":0,"parent":0,"menu_order":0,"comment_status":"closed","ping_status":"closed","template":"elementor_header_footer","meta":{"om_disable_all_campaigns":false,"_monsterinsights_skip_tracking":false,"_monsterinsights_sitenote_active":false,"_monsterinsights_sitenote_note":"","_monsterinsights_sitenote_category":0,"_uf_show_specific_survey":0,"_uf_disable_surveys":false,"footnotes":""},"class_list":["post-1636","page","type-page","status-publish","hentry"],"blocksy_meta":{"styles_descriptor":{"styles":{"desktop":"","tablet":"","mobile":""},"google_fonts":[],"version":6}},"aioseo_notices":[],"yoast_head":"<!-- This site is optimized with the Yoast SEO Premium plugin v23.2 (Yoast SEO v26.3) - https:\/\/yoast.com\/wordpress\/plugins\/seo\/ -->\n<title>Privacy Policy - Artome<\/title>\n<meta name=\"description\" content=\"The privacy policy of Artome. This document explains the company&#039;s policies of the collection, use and disclosure of personal information.\" \/>\n<meta name=\"robots\" content=\"index, follow, max-snippet:-1, max-image-preview:large, max-video-preview:-1\" \/>\n<link rel=\"canonical\" href=\"https:\/\/artome.fi\/es\/politica-de-privacidad\/\" \/>\n<meta property=\"og:locale\" content=\"es_ES\" \/>\n<meta property=\"og:type\" content=\"article\" \/>\n<meta property=\"og:title\" content=\"Privacy Policy -Tietosuoja\" \/>\n<meta property=\"og:description\" content=\"The privacy policy of Artome. This document explains the company&#039;s policies of the collection, use and disclosure of personal information.\" \/>\n<meta property=\"og:url\" content=\"https:\/\/artome.fi\/es\/politica-de-privacidad\/\" \/>\n<meta property=\"og:site_name\" content=\"Artome\" \/>\n<meta property=\"article:modified_time\" content=\"2025-12-16T07:05:05+00:00\" \/>\n<meta name=\"twitter:card\" content=\"summary_large_image\" \/>\n<script type=\"application\/ld+json\" class=\"yoast-schema-graph\">{\"@context\":\"https:\/\/schema.org\",\"@graph\":[{\"@type\":\"WebPage\",\"@id\":\"https:\/\/artome.fi\/en\/privacy-policy\/\",\"url\":\"https:\/\/artome.fi\/en\/privacy-policy\/\",\"name\":\"Privacy Policy - Artome\",\"isPartOf\":{\"@id\":\"https:\/\/artome.fi\/en\/#website\"},\"datePublished\":\"2022-07-21T13:33:02+00:00\",\"dateModified\":\"2025-12-16T07:05:05+00:00\",\"description\":\"The privacy policy of Artome. This document explains the company's policies of the collection, use and disclosure of personal information.\",\"breadcrumb\":{\"@id\":\"https:\/\/artome.fi\/en\/privacy-policy\/#breadcrumb\"},\"inLanguage\":\"es\",\"potentialAction\":[{\"@type\":\"ReadAction\",\"target\":[\"https:\/\/artome.fi\/en\/privacy-policy\/\"]}]},{\"@type\":\"BreadcrumbList\",\"@id\":\"https:\/\/artome.fi\/en\/privacy-policy\/#breadcrumb\",\"itemListElement\":[{\"@type\":\"ListItem\",\"position\":1,\"name\":\"Etusivu\",\"item\":\"https:\/\/artome.fi\/en\/\"},{\"@type\":\"ListItem\",\"position\":2,\"name\":\"Privacy Policy -Tietosuoja\"}]},{\"@type\":\"WebSite\",\"@id\":\"https:\/\/artome.fi\/en\/#website\",\"url\":\"https:\/\/artome.fi\/en\/\",\"name\":\"Artome\",\"description\":\"Redesigning audiovisual with smart furniture\",\"publisher\":{\"@id\":\"https:\/\/artome.fi\/en\/#organization\"},\"potentialAction\":[{\"@type\":\"SearchAction\",\"target\":{\"@type\":\"EntryPoint\",\"urlTemplate\":\"https:\/\/artome.fi\/en\/?s={search_term_string}\"},\"query-input\":{\"@type\":\"PropertyValueSpecification\",\"valueRequired\":true,\"valueName\":\"search_term_string\"}}],\"inLanguage\":\"es\"},{\"@type\":\"Organization\",\"@id\":\"https:\/\/artome.fi\/en\/#organization\",\"name\":\"Artome\",\"url\":\"https:\/\/artome.fi\/en\/\",\"logo\":{\"@type\":\"ImageObject\",\"inLanguage\":\"es\",\"@id\":\"https:\/\/artome.fi\/en\/#\/schema\/logo\/image\/\",\"url\":\"https:\/\/artome.fi\/wp-content\/uploads\/2022\/02\/artome_logo_black.png\",\"contentUrl\":\"https:\/\/artome.fi\/wp-content\/uploads\/2022\/02\/artome_logo_black.png\",\"width\":1280,\"height\":496,\"caption\":\"Artome\"},\"image\":{\"@id\":\"https:\/\/artome.fi\/en\/#\/schema\/logo\/image\/\"}}]}<\/script>\n<!-- \/ Yoast SEO Premium plugin. -->","yoast_head_json":{"title":"Pol\u00edtica de privacidad - Artome","description":"La pol\u00edtica de privacidad de Artome. Este documento explica las pol\u00edticas de la empresa en materia de recopilaci\u00f3n, uso y divulgaci\u00f3n de informaci\u00f3n personal.","robots":{"index":"index","follow":"follow","max-snippet":"max-snippet:-1","max-image-preview":"max-image-preview:large","max-video-preview":"max-video-preview:-1"},"canonical":"https:\/\/artome.fi\/es\/politica-de-privacidad\/","og_locale":"es_ES","og_type":"article","og_title":"Privacy Policy -Tietosuoja","og_description":"The privacy policy of Artome. This document explains the company's policies of the collection, use and disclosure of personal information.","og_url":"https:\/\/artome.fi\/es\/politica-de-privacidad\/","og_site_name":"Artome","article_modified_time":"2025-12-16T07:05:05+00:00","twitter_card":"summary_large_image","schema":{"@context":"https:\/\/schema.org","@graph":[{"@type":"WebPage","@id":"https:\/\/artome.fi\/en\/privacy-policy\/","url":"https:\/\/artome.fi\/en\/privacy-policy\/","name":"Pol\u00edtica de privacidad - Artome","isPartOf":{"@id":"https:\/\/artome.fi\/en\/#website"},"datePublished":"2022-07-21T13:33:02+00:00","dateModified":"2025-12-16T07:05:05+00:00","description":"La pol\u00edtica de privacidad de Artome. Este documento explica las pol\u00edticas de la empresa en materia de recopilaci\u00f3n, uso y divulgaci\u00f3n de informaci\u00f3n personal.","breadcrumb":{"@id":"https:\/\/artome.fi\/en\/privacy-policy\/#breadcrumb"},"inLanguage":"es","potentialAction":[{"@type":"ReadAction","target":["https:\/\/artome.fi\/en\/privacy-policy\/"]}]},{"@type":"BreadcrumbList","@id":"https:\/\/artome.fi\/en\/privacy-policy\/#breadcrumb","itemListElement":[{"@type":"ListItem","position":1,"name":"Etusivu","item":"https:\/\/artome.fi\/en\/"},{"@type":"ListItem","position":2,"name":"Privacy Policy -Tietosuoja"}]},{"@type":"WebSite","@id":"https:\/\/artome.fi\/en\/#website","url":"https:\/\/artome.fi\/en\/","name":"Artome","description":"Redise\u00f1ando el audiovisual con mobiliario inteligente","publisher":{"@id":"https:\/\/artome.fi\/en\/#organization"},"potentialAction":[{"@type":"SearchAction","target":{"@type":"EntryPoint","urlTemplate":"https:\/\/artome.fi\/en\/?s={search_term_string}"},"query-input":{"@type":"PropertyValueSpecification","valueRequired":true,"valueName":"search_term_string"}}],"inLanguage":"es"},{"@type":"Organization","@id":"https:\/\/artome.fi\/en\/#organization","name":"Artome","url":"https:\/\/artome.fi\/en\/","logo":{"@type":"ImageObject","inLanguage":"es","@id":"https:\/\/artome.fi\/en\/#\/schema\/logo\/image\/","url":"https:\/\/artome.fi\/wp-content\/uploads\/2022\/02\/artome_logo_black.png","contentUrl":"https:\/\/artome.fi\/wp-content\/uploads\/2022\/02\/artome_logo_black.png","width":1280,"height":496,"caption":"Artome"},"image":{"@id":"https:\/\/artome.fi\/en\/#\/schema\/logo\/image\/"}}]}},"_links":{"self":[{"href":"https:\/\/artome.fi\/es\/wp-json\/wp\/v2\/pages\/1636","targetHints":{"allow":["GET"]}}],"collection":[{"href":"https:\/\/artome.fi\/es\/wp-json\/wp\/v2\/pages"}],"about":[{"href":"https:\/\/artome.fi\/es\/wp-json\/wp\/v2\/types\/page"}],"author":[{"embeddable":true,"href":"https:\/\/artome.fi\/es\/wp-json\/wp\/v2\/users\/1"}],"replies":[{"embeddable":true,"href":"https:\/\/artome.fi\/es\/wp-json\/wp\/v2\/comments?post=1636"}],"version-history":[{"count":12,"href":"https:\/\/artome.fi\/es\/wp-json\/wp\/v2\/pages\/1636\/revisions"}],"predecessor-version":[{"id":10313,"href":"https:\/\/artome.fi\/es\/wp-json\/wp\/v2\/pages\/1636\/revisions\/10313"}],"wp:attachment":[{"href":"https:\/\/artome.fi\/es\/wp-json\/wp\/v2\/media?parent=1636"}],"curies":[{"name":"gracias","href":"https:\/\/api.w.org\/{rel}","templated":true}]}}