{"id":3620,"date":"2023-01-19T17:08:59","date_gmt":"2023-01-19T17:08:59","guid":{"rendered":"https:\/\/artome.fi\/?page_id=3620"},"modified":"2023-01-19T17:37:11","modified_gmt":"2023-01-19T17:37:11","slug":"naava","status":"publish","type":"page","link":"https:\/\/artome.fi\/es\/nava\/","title":{"rendered":"Naava"},"content":{"rendered":"<div data-elementor-type=\"wp-page\" data-elementor-id=\"3620\" class=\"elementor elementor-3620\" data-elementor-post-type=\"page\">\n\t\t\t\t\t\t<section class=\"elementor-section elementor-top-section elementor-element elementor-element-87cf524 elementor-section-boxed elementor-section-height-default elementor-section-height-default\" data-id=\"87cf524\" data-element_type=\"section\">\n\t\t\t\t\t\t<div class=\"elementor-container elementor-column-gap-default\">\n\t\t\t\t\t<div class=\"elementor-column elementor-col-100 elementor-top-column elementor-element elementor-element-32be7966\" data-id=\"32be7966\" data-element_type=\"column\">\n\t\t\t<div class=\"elementor-widget-wrap elementor-element-populated\">\n\t\t\t\t\t\t<div class=\"elementor-element elementor-element-5c846904 elementor-mobile-align-center elementor-widget elementor-widget-button\" data-id=\"5c846904\" data-element_type=\"widget\" data-widget_type=\"button.default\">\n\t\t\t\t<div class=\"elementor-widget-container\">\n\t\t\t\t\t\t\t\t\t<div class=\"elementor-button-wrapper\">\n\t\t\t\t\t<a class=\"elementor-button elementor-button-link elementor-size-sm\" href=\"https:\/\/artome.fi\/es\/experiencias\/\">\n\t\t\t\t\t\t<span class=\"elementor-button-content-wrapper\">\n\t\t\t\t\t\t\t\t\t<span class=\"elementor-button-text\">Experiencias<\/span>\n\t\t\t\t\t<\/span>\n\t\t\t\t\t<\/a>\n\t\t\t\t<\/div>\n\t\t\t\t\t\t\t\t<\/div>\n\t\t\t\t<\/div>\n\t\t\t\t<div class=\"elementor-element elementor-element-661db7f0 elementor-widget elementor-widget-heading\" data-id=\"661db7f0\" data-element_type=\"widget\" data-widget_type=\"heading.default\">\n\t\t\t\t<div class=\"elementor-widget-container\">\n\t\t\t\t\t<h2 class=\"elementor-heading-title elementor-size-xl\">Naava<\/h2>\t\t\t\t<\/div>\n\t\t\t\t<\/div>\n\t\t\t\t\t<\/div>\n\t\t<\/div>\n\t\t\t\t\t<\/div>\n\t\t<\/section>\n\t\t\t\t<section class=\"elementor-section elementor-top-section elementor-element elementor-element-388e3068 elementor-section-boxed elementor-section-height-default elementor-section-height-default\" data-id=\"388e3068\" data-element_type=\"section\">\n\t\t\t\t\t\t<div class=\"elementor-container elementor-column-gap-default\">\n\t\t\t\t\t<div class=\"elementor-column elementor-col-100 elementor-top-column elementor-element elementor-element-7002b4ca\" data-id=\"7002b4ca\" data-element_type=\"column\">\n\t\t\t<div class=\"elementor-widget-wrap elementor-element-populated\">\n\t\t\t\t\t\t<div class=\"elementor-element elementor-element-191235d1 elementor-widget elementor-widget-image\" data-id=\"191235d1\" data-element_type=\"widget\" data-widget_type=\"image.default\">\n\t\t\t\t<div class=\"elementor-widget-container\">\n\t\t\t\t\t\t\t\t\t\t\t\t\t\t\t<img fetchpriority=\"high\" decoding=\"async\" width=\"1536\" height=\"1024\" src=\"https:\/\/artome.fi\/wp-content\/uploads\/2023\/01\/Naava-showroom-1536x1024.jpg\" class=\"attachment-1536x1536 size-1536x1536 wp-image-3623\" alt=\"Artome M10 en la sala de exposici\u00f3n de Naava con un hombre caminando\" srcset=\"https:\/\/artome.fi\/wp-content\/uploads\/2023\/01\/Naava-showroom-1536x1024.jpg 1536w, https:\/\/artome.fi\/wp-content\/uploads\/2023\/01\/Naava-showroom-300x200.jpg 300w, https:\/\/artome.fi\/wp-content\/uploads\/2023\/01\/Naava-showroom-1024x683.jpg 1024w, https:\/\/artome.fi\/wp-content\/uploads\/2023\/01\/Naava-showroom-768x512.jpg 768w, https:\/\/artome.fi\/wp-content\/uploads\/2023\/01\/Naava-showroom-2048x1365.jpg 2048w, https:\/\/artome.fi\/wp-content\/uploads\/2023\/01\/Naava-showroom-18x12.jpg 18w\" sizes=\"(max-width: 1536px) 100vw, 1536px\" \/>\t\t\t\t\t\t\t\t\t\t\t\t\t\t\t<\/div>\n\t\t\t\t<\/div>\n\t\t\t\t<div class=\"elementor-element elementor-element-4a9cd4da elementor-widget-mobile__width-inherit elementor-widget elementor-widget-heading\" data-id=\"4a9cd4da\" data-element_type=\"widget\" data-widget_type=\"heading.default\">\n\t\t\t\t<div class=\"elementor-widget-container\">\n\t\t\t\t\t<h2 class=\"elementor-heading-title elementor-size-default\">Cooperaci\u00f3n m\u00e1s all\u00e1 de las fronteras de Finlandia<\/h2>\t\t\t\t<\/div>\n\t\t\t\t<\/div>\n\t\t\t\t<div class=\"elementor-element elementor-element-4f6d0d58 elementor-widget elementor-widget-text-editor\" data-id=\"4f6d0d58\" data-element_type=\"widget\" data-widget_type=\"text-editor.default\">\n\t\t\t\t<div class=\"elementor-widget-container\">\n\t\t\t\t\t\t\t\t\t<p><span lang=\"FI-FI\" xml:lang=\"FI-FI\" data-contrast=\"auto\">Naava, el principal fabricante mundial de paredes verdes, inaugur\u00f3 en oto\u00f1o de 2022 su nueva sala de exposici\u00f3n biof\u00edlica que irradia un entorno natural en el coraz\u00f3n de Helsinki, en Mannerheimintie 4, cuando las antiguas instalaciones ya no cubr\u00edan las necesidades de la empresa en crecimiento. . El eje central del nuevo showroom es la planificaci\u00f3n biof\u00edlica del espacio y, especialmente, la salubridad, el confort y la seguridad de los espacios. En las nuevas instalaciones de Naava, tambi\u00e9n podr\u00e1 experimentar soluciones innovadoras de otros socios de salas de exposici\u00f3n, como la soluci\u00f3n de presentaci\u00f3n Artome M10, m\u00f3vil y sin instalaci\u00f3n, de Artome.&nbsp;<\/span><span data-ccp-props=\"{&quot;201341983&quot;:0,&quot;335559739&quot;:160,&quot;335559740&quot;:259}\">&nbsp;<\/span><\/p>\n<p><b><span data-contrast=\"auto\">Tecnolog\u00eda de presentaci\u00f3n f\u00e1cil de usar integrada en el stand de exposici\u00f3n<\/span><\/b><span data-ccp-props=\"{&quot;201341983&quot;:0,&quot;335559739&quot;:160,&quot;335559740&quot;:259}\">&nbsp;<\/span><\/p>\n<p class=\"translation-block\"><span data-contrast=\"auto\">La cooperaci\u00f3n entre Artome y Naava tambi\u00e9n se ha extendido a ferias internacionales, donde Naava ha utilizado h\u00e1bilmente la tecnolog\u00eda de presentaci\u00f3n f\u00e1cil de usar de Artome en su stand de la feria. La directora de dise\u00f1o y experiencia del cliente de Naava, <strong>Eeva Niemel\u00e4,<\/strong> afirma que en el stand de Naava se integr\u00f3 la soluci\u00f3n de presentaci\u00f3n Artome M10 como mobiliario de dise\u00f1o escandinavo. Adem\u00e1s, a Artome le ha resultado sencillo proyectar v\u00eddeos en la pared del stand durante la feria y, si fuera necesario, trasladar su lugar en el stand.<\/span><\/p>\t\t\t\t\t\t\t\t<\/div>\n\t\t\t\t<\/div>\n\t\t\t\t<div class=\"elementor-element elementor-element-44856550 elementor-blockquote--skin-quotation elementor-blockquote--align-center elementor-widget elementor-widget-blockquote\" data-id=\"44856550\" data-element_type=\"widget\" data-widget_type=\"blockquote.default\">\n\t\t\t\t<div class=\"elementor-widget-container\">\n\t\t\t\t\t\t\t<blockquote class=\"elementor-blockquote\">\n\t\t\t<p class=\"elementor-blockquote__content\">\n\t\t\t\tCon la ayuda de Artome, pudimos producir el material visual que quer\u00edamos proyectar en la pared, e incluso cambiar la vista f\u00e1cilmente si fuera necesario. El conjunto se volvi\u00f3 elegante, acorde con el desarrollo sostenible y, sobre todo, atractivo para los invitados en comparaci\u00f3n con las cintas tradicionales.\t\t\t<\/p>\n\t\t\t\t\t\t\t<div class=\"e-q-footer\">\n\t\t\t\t\t\t\t\t\t\t\t<cite class=\"elementor-blockquote__author\">Eeva Niemel\u00e4, directora de experiencia del cliente y dise\u00f1o, Naava <\/cite>\n\t\t\t\t\t\t\t\t\t\t\t\t\t\t<\/div>\n\t\t\t\t\t<\/blockquote>\n\t\t\t\t\t\t<\/div>\n\t\t\t\t<\/div>\n\t\t\t\t<div class=\"elementor-element elementor-element-513afc0 elementor-widget elementor-widget-image\" data-id=\"513afc0\" data-element_type=\"widget\" data-widget_type=\"image.default\">\n\t\t\t\t<div class=\"elementor-widget-container\">\n\t\t\t\t\t\t\t\t\t\t\t\t\t\t\t<img decoding=\"async\" width=\"768\" height=\"1152\" src=\"https:\/\/artome.fi\/wp-content\/uploads\/2023\/01\/Naava-showroom-2-768x1152.jpg\" class=\"attachment-medium_large size-medium_large wp-image-3624\" alt=\"La soluci\u00f3n audiovisual todo en uno, Artome M10, en el showroom de Naava\" srcset=\"https:\/\/artome.fi\/wp-content\/uploads\/2023\/01\/Naava-showroom-2-768x1152.jpg 768w, https:\/\/artome.fi\/wp-content\/uploads\/2023\/01\/Naava-showroom-2-200x300.jpg 200w, https:\/\/artome.fi\/wp-content\/uploads\/2023\/01\/Naava-showroom-2-683x1024.jpg 683w, https:\/\/artome.fi\/wp-content\/uploads\/2023\/01\/Naava-showroom-2-1024x1536.jpg 1024w, https:\/\/artome.fi\/wp-content\/uploads\/2023\/01\/Naava-showroom-2-1365x2048.jpg 1365w, https:\/\/artome.fi\/wp-content\/uploads\/2023\/01\/Naava-showroom-2-8x12.jpg 8w, https:\/\/artome.fi\/wp-content\/uploads\/2023\/01\/Naava-showroom-2-scaled.jpg 1706w\" sizes=\"(max-width: 768px) 100vw, 768px\" \/>\t\t\t\t\t\t\t\t\t\t\t\t\t\t\t<\/div>\n\t\t\t\t<\/div>\n\t\t\t\t<div class=\"elementor-element elementor-element-229eb2a9 elementor-widget elementor-widget-text-editor\" data-id=\"229eb2a9\" data-element_type=\"widget\" data-widget_type=\"text-editor.default\">\n\t\t\t\t<div class=\"elementor-widget-container\">\n\t\t\t\t\t\t\t\t\t<p><b><span data-contrast=\"auto\">Una opci\u00f3n m\u00e1s rentable gan\u00f3 la marca del departamento.<\/span><\/b><span data-ccp-props=\"{&quot;201341983&quot;:0,&quot;335559739&quot;:160,&quot;335559740&quot;:259}\">\u00a0<\/span><\/p><p><span data-contrast=\"auto\">Artome es una alternativa m\u00e1s rentable y respetuosa con el medio ambiente que las pantallas o cintas tradicionales. En el centro de la marca Naava est\u00e1 la responsabilidad, por lo que Naava se esfuerza por evitar todo lo desechable en la construcci\u00f3n e instalaci\u00f3n de ferias comerciales.\u00a0<\/span><span data-ccp-props=\"{&quot;201341983&quot;:0,&quot;335559739&quot;:160,&quot;335559740&quot;:259}\">\u00a0<\/span><\/p>\t\t\t\t\t\t\t\t<\/div>\n\t\t\t\t<\/div>\n\t\t\t\t<div class=\"elementor-element elementor-element-46659872 elementor-blockquote--skin-quotation elementor-blockquote--align-center elementor-widget elementor-widget-blockquote\" data-id=\"46659872\" data-element_type=\"widget\" data-widget_type=\"blockquote.default\">\n\t\t\t\t<div class=\"elementor-widget-container\">\n\t\t\t\t\t\t\t<blockquote class=\"elementor-blockquote\">\n\t\t\t<p class=\"elementor-blockquote__content\">\n\t\t\t\tEl uso \u00fanico de cinta adhesiva en la pared de fondo de nuestro stand e instalar el logotipo nos habr\u00eda costado hasta miles de euros extra, pero decidimos utilizar de forma innovadora el Artome M10 para marcar el stand.\t\t\t<\/p>\n\t\t\t\t\t<\/blockquote>\n\t\t\t\t\t\t<\/div>\n\t\t\t\t<\/div>\n\t\t\t\t<div class=\"elementor-element elementor-element-84659d3 elementor-widget elementor-widget-text-editor\" data-id=\"84659d3\" data-element_type=\"widget\" data-widget_type=\"text-editor.default\">\n\t\t\t\t<div class=\"elementor-widget-container\">\n\t\t\t\t\t\t\t\t\t<p><b><span data-contrast=\"auto\">El dise\u00f1o escandinavo fue un factor unificador.<\/span><\/b><span data-ccp-props=\"{&quot;201341983&quot;:0,&quot;335559739&quot;:160,&quot;335559740&quot;:259}\">\u00a0<\/span><\/p><p class=\"translation-block\"><span data-contrast=\"auto\">Adem\u00e1s de la responsabilidad, la marca Naava se gu\u00eda por un dise\u00f1o limpio y escandinavo.<\/span><br> <span data-contrast=\"auto\"><strong>&quot;Para nosotros era importante que el Artome M10 encajara en el lenguaje de dise\u00f1o de nuestros productos Naava y de nuestra marca&quot;<\/strong> , resume Eeva Niemel\u00e4.<\/span><span>\u00a0<\/span><\/p>\t\t\t\t\t\t\t\t<\/div>\n\t\t\t\t<\/div>\n\t\t\t\t\t<\/div>\n\t\t<\/div>\n\t\t\t\t\t<\/div>\n\t\t<\/section>\n\t\t\t\t<section class=\"elementor-section elementor-top-section elementor-element elementor-element-54dd5c2 elementor-section-boxed elementor-section-height-default elementor-section-height-default\" data-id=\"54dd5c2\" data-element_type=\"section\">\n\t\t\t\t\t\t<div class=\"elementor-container elementor-column-gap-default\">\n\t\t\t\t\t<div class=\"elementor-column elementor-col-100 elementor-top-column elementor-element elementor-element-6f05395\" data-id=\"6f05395\" data-element_type=\"column\">\n\t\t\t<div class=\"elementor-widget-wrap elementor-element-populated\">\n\t\t\t\t\t\t<div class=\"elementor-element elementor-element-1810b11 elementor-cta--skin-classic elementor-animated-content elementor-bg-transform elementor-bg-transform-zoom-in elementor-widget elementor-widget-call-to-action\" data-id=\"1810b11\" data-element_type=\"widget\" data-widget_type=\"call-to-action.default\">\n\t\t\t\t<div class=\"elementor-widget-container\">\n\t\t\t\t\t\t\t<div class=\"elementor-cta\">\n\t\t\t\t\t<div class=\"elementor-cta__bg-wrapper\">\n\t\t\t\t<div class=\"elementor-cta__bg elementor-bg\" style=\"background-image: url(https:\/\/artome.fi\/wp-content\/uploads\/2022\/11\/Naava-showroom-1024x683.jpg);\" role=\"img\" aria-label=\"sala de exposici\u00f3n naava\"><\/div>\n\t\t\t\t<div class=\"elementor-cta__bg-overlay\"><\/div>\n\t\t\t<\/div>\n\t\t\t\t\t\t\t<div class=\"elementor-cta__content\">\n\t\t\t\t\n\t\t\t\t\t\t\t\t\t<h2 class=\"elementor-cta__title elementor-cta__content-item elementor-content-item\">\n\t\t\t\t\t\t\u00bfTe interesaba el dise\u00f1o de espacios flexibles y la biofilia?\t\t\t\t\t<\/h2>\n\t\t\t\t\n\t\t\t\t\t\t\t\t\t<div class=\"elementor-cta__description elementor-cta__content-item elementor-content-item\">\n\t\t\t\t\t\tEche un vistazo a nuestra gu\u00eda Espacios de trabajo flexibles del futuro, que hemos preparado en colaboraci\u00f3n con Naava.\t\t\t\t\t<\/div>\n\t\t\t\t\n\t\t\t\t\t\t\t\t\t<div class=\"elementor-cta__button-wrapper elementor-cta__content-item elementor-content-item\">\n\t\t\t\t\t<a class=\"elementor-cta__button elementor-button elementor-size-\" href=\"https:\/\/artome.fi\/wp-content\/uploads\/2022\/10\/Artome_Workspace_guide_FIN_2022_WEB.pdf\">\n\t\t\t\t\t\tDescarga la gu\u00eda\t\t\t\t\t<\/a>\n\t\t\t\t\t<\/div>\n\t\t\t\t\t\t\t<\/div>\n\t\t\t\t\t\t<\/div>\n\t\t\t\t\t\t<\/div>\n\t\t\t\t<\/div>\n\t\t\t\t\t<\/div>\n\t\t<\/div>\n\t\t\t\t\t<\/div>\n\t\t<\/section>\n\t\t\t\t<\/div>","protected":false},"excerpt":{"rendered":"<p>Kokemuksia Naava Yhteisty\u00f6t\u00e4 yli Suomen rajojen Maailman johtava viherseinien valmistaja Naava avasi uuden, luonnonl\u00e4heist\u00e4 ymp\u00e4rist\u00f6\u00e4 huokuvan biofiilisen showroominsa syksyll\u00e4 2022 aivan Helsingin ydinkeskustaan, Mannerheimintie 4:\u00e4\u00e4n, kun vanhat tilat eiv\u00e4t en\u00e4\u00e4 palvelleet kasvavan yrityksen tarpeita. Uuden showroomin keski\u00f6ss\u00e4 on biofiliinen tilasuunnittelu ja erityisesti tilojen terveellisyys, viihtyvyys sek\u00e4 turvallisuus. Naavan uusissa tiloissa voi kokea my\u00f6s muiden showroom-kumppaneiden [&hellip;]<\/p>\n","protected":false},"author":1,"featured_media":0,"parent":0,"menu_order":0,"comment_status":"closed","ping_status":"closed","template":"elementor_header_footer","meta":{"om_disable_all_campaigns":false,"_monsterinsights_skip_tracking":false,"_monsterinsights_sitenote_active":false,"_monsterinsights_sitenote_note":"","_monsterinsights_sitenote_category":0,"_uf_show_specific_survey":0,"_uf_disable_surveys":false,"footnotes":""},"class_list":["post-3620","page","type-page","status-publish","hentry"],"blocksy_meta":{"styles_descriptor":{"styles":{"desktop":"","tablet":"","mobile":""},"google_fonts":[],"version":6}},"aioseo_notices":[],"yoast_head":"<!-- This site is optimized with the Yoast SEO Premium plugin v23.2 (Yoast SEO v26.3) - https:\/\/yoast.com\/wordpress\/plugins\/seo\/ -->\n<title>Artome | Experiences - Naava<\/title>\n<meta name=\"description\" content=\"Naava chose Artome to their new showroom for its Scandinavian look and also saved money on international event with the help of Artome.\" \/>\n<meta name=\"robots\" content=\"index, follow, max-snippet:-1, max-image-preview:large, max-video-preview:-1\" \/>\n<link rel=\"canonical\" href=\"https:\/\/artome.fi\/es\/nava\/\" \/>\n<meta property=\"og:locale\" content=\"es_ES\" \/>\n<meta property=\"og:type\" content=\"article\" \/>\n<meta property=\"og:title\" content=\"Naava\" \/>\n<meta property=\"og:description\" content=\"Naava chose Artome to their new showroom for its Scandinavian look and also saved money on international event with the help of Artome.\" \/>\n<meta property=\"og:url\" content=\"https:\/\/artome.fi\/es\/nava\/\" \/>\n<meta property=\"og:site_name\" content=\"Artome\" \/>\n<meta property=\"article:modified_time\" content=\"2023-01-19T17:37:11+00:00\" \/>\n<meta property=\"og:image\" content=\"https:\/\/artome.fi\/wp-content\/uploads\/2023\/01\/Naava-showroom-1536x1024.jpg\" \/>\n<meta name=\"twitter:card\" content=\"summary_large_image\" \/>\n<meta name=\"twitter:label1\" content=\"Tiempo de lectura\" \/>\n\t<meta name=\"twitter:data1\" content=\"3 minutos\" \/>\n<script type=\"application\/ld+json\" class=\"yoast-schema-graph\">{\"@context\":\"https:\/\/schema.org\",\"@graph\":[{\"@type\":\"WebPage\",\"@id\":\"https:\/\/artome.fi\/it\/nava\/\",\"url\":\"https:\/\/artome.fi\/it\/nava\/\",\"name\":\"Artome | Experiences - Naava\",\"isPartOf\":{\"@id\":\"https:\/\/artome.fi\/en\/#website\"},\"primaryImageOfPage\":{\"@id\":\"https:\/\/artome.fi\/it\/nava\/#primaryimage\"},\"image\":{\"@id\":\"https:\/\/artome.fi\/it\/nava\/#primaryimage\"},\"thumbnailUrl\":\"https:\/\/artome.fi\/wp-content\/uploads\/2023\/01\/Naava-showroom-1536x1024.jpg\",\"datePublished\":\"2023-01-19T17:08:59+00:00\",\"dateModified\":\"2023-01-19T17:37:11+00:00\",\"description\":\"Naava chose Artome to their new showroom for its Scandinavian look and also saved money on international event with the help of Artome.\",\"breadcrumb\":{\"@id\":\"https:\/\/artome.fi\/it\/nava\/#breadcrumb\"},\"inLanguage\":\"es\",\"potentialAction\":[{\"@type\":\"ReadAction\",\"target\":[\"https:\/\/artome.fi\/it\/nava\/\"]}]},{\"@type\":\"ImageObject\",\"inLanguage\":\"es\",\"@id\":\"https:\/\/artome.fi\/it\/nava\/#primaryimage\",\"url\":\"https:\/\/artome.fi\/wp-content\/uploads\/2023\/01\/Naava-showroom-1536x1024.jpg\",\"contentUrl\":\"https:\/\/artome.fi\/wp-content\/uploads\/2023\/01\/Naava-showroom-1536x1024.jpg\"},{\"@type\":\"BreadcrumbList\",\"@id\":\"https:\/\/artome.fi\/it\/nava\/#breadcrumb\",\"itemListElement\":[{\"@type\":\"ListItem\",\"position\":1,\"name\":\"Etusivu\",\"item\":\"https:\/\/artome.fi\/en\/\"},{\"@type\":\"ListItem\",\"position\":2,\"name\":\"Naava\"}]},{\"@type\":\"WebSite\",\"@id\":\"https:\/\/artome.fi\/en\/#website\",\"url\":\"https:\/\/artome.fi\/en\/\",\"name\":\"Artome\",\"description\":\"Redesigning audiovisual with smart furniture\",\"publisher\":{\"@id\":\"https:\/\/artome.fi\/en\/#organization\"},\"potentialAction\":[{\"@type\":\"SearchAction\",\"target\":{\"@type\":\"EntryPoint\",\"urlTemplate\":\"https:\/\/artome.fi\/en\/?s={search_term_string}\"},\"query-input\":{\"@type\":\"PropertyValueSpecification\",\"valueRequired\":true,\"valueName\":\"search_term_string\"}}],\"inLanguage\":\"es\"},{\"@type\":\"Organization\",\"@id\":\"https:\/\/artome.fi\/en\/#organization\",\"name\":\"Artome\",\"url\":\"https:\/\/artome.fi\/en\/\",\"logo\":{\"@type\":\"ImageObject\",\"inLanguage\":\"es\",\"@id\":\"https:\/\/artome.fi\/en\/#\/schema\/logo\/image\/\",\"url\":\"https:\/\/artome.fi\/wp-content\/uploads\/2022\/02\/artome_logo_black.png\",\"contentUrl\":\"https:\/\/artome.fi\/wp-content\/uploads\/2022\/02\/artome_logo_black.png\",\"width\":1280,\"height\":496,\"caption\":\"Artome\"},\"image\":{\"@id\":\"https:\/\/artome.fi\/en\/#\/schema\/logo\/image\/\"}}]}<\/script>\n<!-- \/ Yoast SEO Premium plugin. -->","yoast_head_json":{"title":"Artome | Experiencias - Naava","description":"Naava eligi\u00f3 a Artome para su nueva sala de exposici\u00f3n por su aspecto escandinavo y tambi\u00e9n ahorr\u00f3 dinero en un evento internacional con la ayuda de Artome.","robots":{"index":"index","follow":"follow","max-snippet":"max-snippet:-1","max-image-preview":"max-image-preview:large","max-video-preview":"max-video-preview:-1"},"canonical":"https:\/\/artome.fi\/es\/nava\/","og_locale":"es_ES","og_type":"article","og_title":"Naava","og_description":"Naava chose Artome to their new showroom for its Scandinavian look and also saved money on international event with the help of Artome.","og_url":"https:\/\/artome.fi\/es\/nava\/","og_site_name":"Artome","article_modified_time":"2023-01-19T17:37:11+00:00","og_image":[{"url":"https:\/\/artome.fi\/wp-content\/uploads\/2023\/01\/Naava-showroom-1536x1024.jpg","type":"","width":"","height":""}],"twitter_card":"summary_large_image","twitter_misc":{"Tiempo de lectura":"3 minutos"},"schema":{"@context":"https:\/\/schema.org","@graph":[{"@type":"WebPage","@id":"https:\/\/artome.fi\/it\/nava\/","url":"https:\/\/artome.fi\/it\/nava\/","name":"Artome | Experiencias - Naava","isPartOf":{"@id":"https:\/\/artome.fi\/en\/#website"},"primaryImageOfPage":{"@id":"https:\/\/artome.fi\/it\/nava\/#primaryimage"},"image":{"@id":"https:\/\/artome.fi\/it\/nava\/#primaryimage"},"thumbnailUrl":"https:\/\/artome.fi\/wp-content\/uploads\/2023\/01\/Naava-showroom-1536x1024.jpg","datePublished":"2023-01-19T17:08:59+00:00","dateModified":"2023-01-19T17:37:11+00:00","description":"Naava eligi\u00f3 a Artome para su nueva sala de exposici\u00f3n por su aspecto escandinavo y tambi\u00e9n ahorr\u00f3 dinero en un evento internacional con la ayuda de Artome.","breadcrumb":{"@id":"https:\/\/artome.fi\/it\/nava\/#breadcrumb"},"inLanguage":"es","potentialAction":[{"@type":"ReadAction","target":["https:\/\/artome.fi\/it\/nava\/"]}]},{"@type":"ImageObject","inLanguage":"es","@id":"https:\/\/artome.fi\/it\/nava\/#primaryimage","url":"https:\/\/artome.fi\/wp-content\/uploads\/2023\/01\/Naava-showroom-1536x1024.jpg","contentUrl":"https:\/\/artome.fi\/wp-content\/uploads\/2023\/01\/Naava-showroom-1536x1024.jpg"},{"@type":"BreadcrumbList","@id":"https:\/\/artome.fi\/it\/nava\/#breadcrumb","itemListElement":[{"@type":"ListItem","position":1,"name":"Etusivu","item":"https:\/\/artome.fi\/en\/"},{"@type":"ListItem","position":2,"name":"Naava"}]},{"@type":"WebSite","@id":"https:\/\/artome.fi\/en\/#website","url":"https:\/\/artome.fi\/en\/","name":"Artome","description":"Redise\u00f1ando el audiovisual con mobiliario inteligente","publisher":{"@id":"https:\/\/artome.fi\/en\/#organization"},"potentialAction":[{"@type":"SearchAction","target":{"@type":"EntryPoint","urlTemplate":"https:\/\/artome.fi\/en\/?s={search_term_string}"},"query-input":{"@type":"PropertyValueSpecification","valueRequired":true,"valueName":"search_term_string"}}],"inLanguage":"es"},{"@type":"Organization","@id":"https:\/\/artome.fi\/en\/#organization","name":"Artome","url":"https:\/\/artome.fi\/en\/","logo":{"@type":"ImageObject","inLanguage":"es","@id":"https:\/\/artome.fi\/en\/#\/schema\/logo\/image\/","url":"https:\/\/artome.fi\/wp-content\/uploads\/2022\/02\/artome_logo_black.png","contentUrl":"https:\/\/artome.fi\/wp-content\/uploads\/2022\/02\/artome_logo_black.png","width":1280,"height":496,"caption":"Artome"},"image":{"@id":"https:\/\/artome.fi\/en\/#\/schema\/logo\/image\/"}}]}},"_links":{"self":[{"href":"https:\/\/artome.fi\/es\/wp-json\/wp\/v2\/pages\/3620","targetHints":{"allow":["GET"]}}],"collection":[{"href":"https:\/\/artome.fi\/es\/wp-json\/wp\/v2\/pages"}],"about":[{"href":"https:\/\/artome.fi\/es\/wp-json\/wp\/v2\/types\/page"}],"author":[{"embeddable":true,"href":"https:\/\/artome.fi\/es\/wp-json\/wp\/v2\/users\/1"}],"replies":[{"embeddable":true,"href":"https:\/\/artome.fi\/es\/wp-json\/wp\/v2\/comments?post=3620"}],"version-history":[{"count":10,"href":"https:\/\/artome.fi\/es\/wp-json\/wp\/v2\/pages\/3620\/revisions"}],"predecessor-version":[{"id":3632,"href":"https:\/\/artome.fi\/es\/wp-json\/wp\/v2\/pages\/3620\/revisions\/3632"}],"wp:attachment":[{"href":"https:\/\/artome.fi\/es\/wp-json\/wp\/v2\/media?parent=3620"}],"curies":[{"name":"gracias","href":"https:\/\/api.w.org\/{rel}","templated":true}]}}