{"id":6629,"date":"2023-11-10T07:30:52","date_gmt":"2023-11-10T07:30:52","guid":{"rendered":"https:\/\/artome.fi\/?page_id=6629"},"modified":"2023-11-13T07:39:35","modified_gmt":"2023-11-13T07:39:35","slug":"the-big-picture-in-learning","status":"publish","type":"page","link":"https:\/\/artome.fi\/es\/el-panorama-general-en-el-aprendizaje\/","title":{"rendered":"El panorama general del aprendizaje"},"content":{"rendered":"<div data-elementor-type=\"wp-page\" data-elementor-id=\"6629\" class=\"elementor elementor-6629\" data-elementor-post-type=\"page\">\n\t\t\t\t\t\t<section class=\"elementor-section elementor-top-section elementor-element elementor-element-3b7ab80 elementor-section-full_width elementor-section-content-middle elementor-reverse-mobile elementor-section-height-default elementor-section-height-default\" data-id=\"3b7ab80\" data-element_type=\"section\" data-settings=\"{&quot;background_background&quot;:&quot;classic&quot;}\">\n\t\t\t\t\t\t<div class=\"elementor-container elementor-column-gap-no\">\n\t\t\t\t\t<div class=\"elementor-column elementor-col-50 elementor-top-column elementor-element elementor-element-092de14\" data-id=\"092de14\" data-element_type=\"column\" data-settings=\"{&quot;background_background&quot;:&quot;gradient&quot;}\">\n\t\t\t<div class=\"elementor-widget-wrap elementor-element-populated\">\n\t\t\t\t\t\t<div class=\"elementor-element elementor-element-63faa2d elementor-widget elementor-widget-heading\" data-id=\"63faa2d\" data-element_type=\"widget\" data-widget_type=\"heading.default\">\n\t\t\t\t<div class=\"elementor-widget-container\">\n\t\t\t\t\t<h5 class=\"elementor-heading-title elementor-size-default\">Libera el potencial de tu local<\/h5>\t\t\t\t<\/div>\n\t\t\t\t<\/div>\n\t\t\t\t<div class=\"elementor-element elementor-element-db9d476 elementor-widget-mobile__width-initial elementor-widget elementor-widget-heading\" data-id=\"db9d476\" data-element_type=\"widget\" data-widget_type=\"heading.default\">\n\t\t\t\t<div class=\"elementor-widget-container\">\n\t\t\t\t\t<h2 class=\"elementor-heading-title elementor-size-default\">En el aprendizaje, el panorama general importa<\/h2>\t\t\t\t<\/div>\n\t\t\t\t<\/div>\n\t\t\t\t\t<\/div>\n\t\t<\/div>\n\t\t\t\t<div class=\"elementor-column elementor-col-50 elementor-top-column elementor-element elementor-element-42d4a85\" data-id=\"42d4a85\" data-element_type=\"column\" data-settings=\"{&quot;background_background&quot;:&quot;classic&quot;}\">\n\t\t\t<div class=\"elementor-widget-wrap elementor-element-populated\">\n\t\t\t\t\t\t<div class=\"elementor-element elementor-element-6a1c493 elementor-widget elementor-widget-video\" data-id=\"6a1c493\" data-element_type=\"widget\" data-settings=\"{&quot;video_type&quot;:&quot;hosted&quot;,&quot;autoplay&quot;:&quot;yes&quot;,&quot;play_on_mobile&quot;:&quot;yes&quot;,&quot;mute&quot;:&quot;yes&quot;,&quot;loop&quot;:&quot;yes&quot;}\" data-widget_type=\"video.default\">\n\t\t\t\t<div class=\"elementor-widget-container\">\n\t\t\t\t\t\t\t<div class=\"e-hosted-video elementor-wrapper elementor-open-inline\">\n\t\t\t\t\t<video class=\"elementor-video\" src=\"https:\/\/artome.fi\/wp-content\/uploads\/2023\/08\/Education-1_1-opti.mp4\" autoplay=\"\" loop=\"\" muted=\"muted\" playsinline=\"\"><\/video>\n\t\t\t\t<\/div>\n\t\t\t\t\t\t<\/div>\n\t\t\t\t<\/div>\n\t\t\t\t\t<\/div>\n\t\t<\/div>\n\t\t\t\t\t<\/div>\n\t\t<\/section>\n\t\t\t\t<section class=\"elementor-section elementor-top-section elementor-element elementor-element-188495c elementor-section-boxed elementor-section-height-default elementor-section-height-default\" data-id=\"188495c\" data-element_type=\"section\">\n\t\t\t\t\t\t<div class=\"elementor-container elementor-column-gap-default\">\n\t\t\t\t\t<div class=\"elementor-column elementor-col-100 elementor-top-column elementor-element elementor-element-73175e1\" data-id=\"73175e1\" data-element_type=\"column\">\n\t\t\t<div class=\"elementor-widget-wrap elementor-element-populated\">\n\t\t\t\t\t\t<div class=\"elementor-element elementor-element-04150fe elementor-widget elementor-widget-text-editor\" data-id=\"04150fe\" data-element_type=\"widget\" data-widget_type=\"text-editor.default\">\n\t\t\t\t<div class=\"elementor-widget-container\">\n\t\t\t\t\t\t\t\t\t<p>Los mejores socios del profesor para crear una experiencia de aprendizaje atractiva son los materiales did\u00e1cticos utilizados en el aula. La tecnolog\u00eda audiovisual flexible y f\u00e1cil de usar permite transformar el aula en un espacio donde dar rienda suelta a la imaginaci\u00f3n. Gracias a la imagen de gran tama\u00f1o, el contenido presentado se puede ver f\u00e1cilmente incluso desde la parte trasera de la clase, por lo que cada asiento se siente como estar en la primera fila.<br><\/p>\t\t\t\t\t\t\t\t<\/div>\n\t\t\t\t<\/div>\n\t\t\t\t<div class=\"elementor-element elementor-element-21383ac elementor-widget elementor-widget-text-editor\" data-id=\"21383ac\" data-element_type=\"widget\" data-widget_type=\"text-editor.default\">\n\t\t\t\t<div class=\"elementor-widget-container\">\n\t\t\t\t\t\t\t\t\t<p><b><span data-contrast=\"auto\">El estudio demuestra que 58 de los alumnos del % no pueden leer todo el contenido en una pantalla fija de 70 pulgadas<\/span><\/b><span data-ccp-props=\"{&quot;201341983&quot;:0,&quot;335559739&quot;:160,&quot;335559740&quot;:259}\">\u00a0<\/span><\/p><p><span data-contrast=\"auto\">El tama\u00f1o de imagen habitualmente utilizado en las aulas es el de una pantalla fija de 70 pulgadas. Cuando se pidi\u00f3 a los estudiantes que copiaran seis datos breves del material presentado desde una pantalla de este tama\u00f1o, 58 de los estudiantes de % de entre 12 y 22 a\u00f1os copiaron al menos un hecho incorrectamente. Esto se basa en un estudio realizado por Radius Research en los Estados Unidos.\u00a0<br \/>Lea m\u00e1s sobre el tema en el sitio web de nuestro socio Epson <a href=\"https:\/\/epson.com\/choosing-school-projectors-display-size-vs-flat-screens\">de aqu\u00ed<\/a>.<\/span><\/p>\t\t\t\t\t\t\t\t<\/div>\n\t\t\t\t<\/div>\n\t\t\t\t<div class=\"elementor-element elementor-element-064a34a elementor-widget elementor-widget-image\" data-id=\"064a34a\" data-element_type=\"widget\" data-widget_type=\"image.default\">\n\t\t\t\t<div class=\"elementor-widget-container\">\n\t\t\t\t\t\t\t\t\t\t\t\t\t\t\t<img fetchpriority=\"high\" decoding=\"async\" width=\"1024\" height=\"201\" src=\"https:\/\/artome.fi\/wp-content\/uploads\/2023\/11\/area-1024x201.png\" class=\"attachment-large size-large wp-image-6632\" alt=\"\" srcset=\"https:\/\/artome.fi\/wp-content\/uploads\/2023\/11\/area-1024x201.png 1024w, https:\/\/artome.fi\/wp-content\/uploads\/2023\/11\/area-300x59.png 300w, https:\/\/artome.fi\/wp-content\/uploads\/2023\/11\/area-768x150.png 768w, https:\/\/artome.fi\/wp-content\/uploads\/2023\/11\/area-18x4.png 18w, https:\/\/artome.fi\/wp-content\/uploads\/2023\/11\/area.png 1200w\" sizes=\"(max-width: 1024px) 100vw, 1024px\" \/>\t\t\t\t\t\t\t\t\t\t\t\t\t\t\t<\/div>\n\t\t\t\t<\/div>\n\t\t\t\t<div class=\"elementor-element elementor-element-c972574 elementor-widget elementor-widget-text-editor\" data-id=\"c972574\" data-element_type=\"widget\" data-widget_type=\"text-editor.default\">\n\t\t\t\t<div class=\"elementor-widget-container\">\n\t\t\t\t\t\t\t\t\t<p><b><span data-contrast=\"none\">Mejorando el aprendizaje con la regla 4\/6\/8\u00a0<\/span><\/b><span data-ccp-props=\"{&quot;201341983&quot;:0,&quot;335559739&quot;:160,&quot;335559740&quot;:259}\">\u00a0<\/span><\/p><p><span data-contrast=\"auto\">Al considerar el tama\u00f1o de pantalla \u00f3ptimo, existe un est\u00e1ndar com\u00fan llamado regla 4\/6\/8. **La regla se basa en la correlaci\u00f3n entre el tama\u00f1o de la habitaci\u00f3n y la altura de la pantalla.<\/span><span data-ccp-props=\"{&quot;201341983&quot;:0,&quot;335559739&quot;:160,&quot;335559740&quot;:259}\">\u00a0<\/span><\/p><p><span data-contrast=\"auto\">Seg\u00fan la regla, la distancia de visualizaci\u00f3n ideal debe basarse en la regla generalmente aceptada 4-6-8, que determina cu\u00e1ntas veces (4, 6 u 8) la distancia de la altura de la pantalla puede estar el estudiante m\u00e1s alejado, dependiendo de la contenido que se presenta. La visualizaci\u00f3n pasiva (por ejemplo, ver un v\u00eddeo) es posible desde m\u00e1s lejos, la visualizaci\u00f3n de informaci\u00f3n m\u00e1s detallada (por ejemplo, la lectura) se realiza en las etapas intermedias y en la visualizaci\u00f3n anal\u00edtica (por ejemplo, la lectura de hojas de c\u00e1lculo) el estudiante m\u00e1s alejado no debe estar a m\u00e1s de cuatro veces la pantalla. altura alejada de la pantalla.<\/span><\/p>\t\t\t\t\t\t\t\t<\/div>\n\t\t\t\t<\/div>\n\t\t\t\t\t<\/div>\n\t\t<\/div>\n\t\t\t\t\t<\/div>\n\t\t<\/section>\n\t\t\t\t<section class=\"elementor-section elementor-top-section elementor-element elementor-element-f310058 elementor-section-boxed elementor-section-height-default elementor-section-height-default\" data-id=\"f310058\" data-element_type=\"section\">\n\t\t\t\t\t\t<div class=\"elementor-container elementor-column-gap-default\">\n\t\t\t\t\t<div class=\"elementor-column elementor-col-100 elementor-top-column elementor-element elementor-element-12e5b78\" data-id=\"12e5b78\" data-element_type=\"column\">\n\t\t\t<div class=\"elementor-widget-wrap elementor-element-populated\">\n\t\t\t\t\t\t<div class=\"elementor-element elementor-element-ebb44ec elementor-widget elementor-widget-text-editor\" data-id=\"ebb44ec\" data-element_type=\"widget\" data-widget_type=\"text-editor.default\">\n\t\t\t\t<div class=\"elementor-widget-container\">\n\t\t\t\t\t\t\t\t\t<p><b><span data-contrast=\"none\">Cuanto m\u00e1s grande sea la imagen, m\u00e1s clara ser\u00e1 la informaci\u00f3n.<\/span><\/b><\/p><p class=\"translation-block\">Una imagen demasiado peque\u00f1a puede dejar incompleta la absorci\u00f3n del mensaje visual o incluso impedirla por completo.<br> Con la ayuda de Artome, el tama\u00f1o de la imagen se puede ajustar f\u00e1cilmente para cada espacio. Con \u00e9l, la ense\u00f1anza se puede ver y escuchar hasta la \u00faltima fila, y puedes compartir f\u00e1cilmente diferentes materiales entre la clase. Ya sea que necesite una soluci\u00f3n de presentaci\u00f3n para el uso diario en el aula o desee un dispositivo de respaldo para situaciones problem\u00e1ticas en el que pueda confiar y que sea f\u00e1cil de usar en unos minutos, el Artome S1 es la opci\u00f3n adecuada para usted. .<\/p>\t\t\t\t\t\t\t\t<\/div>\n\t\t\t\t<\/div>\n\t\t\t\t\t<\/div>\n\t\t<\/div>\n\t\t\t\t\t<\/div>\n\t\t<\/section>\n\t\t\t\t<section class=\"elementor-section elementor-top-section elementor-element elementor-element-faf54cb elementor-section-boxed elementor-section-height-default elementor-section-height-default\" data-id=\"faf54cb\" data-element_type=\"section\">\n\t\t\t\t\t\t<div class=\"elementor-container elementor-column-gap-default\">\n\t\t\t\t\t<div class=\"elementor-column elementor-col-100 elementor-top-column elementor-element elementor-element-51fe3b7\" data-id=\"51fe3b7\" data-element_type=\"column\">\n\t\t\t<div class=\"elementor-widget-wrap elementor-element-populated\">\n\t\t\t\t\t\t<div class=\"elementor-element elementor-element-db24fad elementor-align-center elementor-mobile-align-center elementor-widget elementor-widget-button\" data-id=\"db24fad\" data-element_type=\"widget\" data-widget_type=\"button.default\">\n\t\t\t\t<div class=\"elementor-widget-container\">\n\t\t\t\t\t\t\t\t\t<div class=\"elementor-button-wrapper\">\n\t\t\t\t\t<a class=\"elementor-button elementor-button-link elementor-size-sm\" href=\"https:\/\/artome.fi\/es\/solicitar-demostracion\/\">\n\t\t\t\t\t\t<span class=\"elementor-button-content-wrapper\">\n\t\t\t\t\t\t\t\t\t<span class=\"elementor-button-text\">Experimente Artome en vivo - haga clic aqu\u00ed<\/span>\n\t\t\t\t\t<\/span>\n\t\t\t\t\t<\/a>\n\t\t\t\t<\/div>\n\t\t\t\t\t\t\t\t<\/div>\n\t\t\t\t<\/div>\n\t\t\t\t\t<\/div>\n\t\t<\/div>\n\t\t\t\t\t<\/div>\n\t\t<\/section>\n\t\t\t\t<\/div>","protected":false},"excerpt":{"rendered":"<p>Vapauta tilojen potentiaali Oppimisessa suurella kuvalla on v\u00e4li\u00e4 https:\/\/artome.fi\/wp-content\/uploads\/2023\/08\/Education-1_1-opti.mp4 Opettajan parhaat kumppanit mukaansatempaavan oppimiskokemuksen luomisessa ovat luokassa k\u00e4ytett\u00e4v\u00e4t opetusmateriaalit. Joustava ja helppok\u00e4ytt\u00f6inen audiovisuaalinen teknologia mahdollistaa luokkahuoneen muuntamisen tilaksi, jossa mielikuvitus p\u00e4\u00e4see valloilleen. Suuren kuvan ansiosta esitett\u00e4v\u00e4 sis\u00e4lt\u00f6 on helposti n\u00e4ht\u00e4viss\u00e4 my\u00f6s luokan takaosasta, joten jokainen paikka tuntuu, kuin istuisi eturivill\u00e4. Tutkimus osoittaa, ett\u00e4 58 % [&hellip;]<\/p>\n","protected":false},"author":1,"featured_media":0,"parent":0,"menu_order":0,"comment_status":"closed","ping_status":"closed","template":"elementor_header_footer","meta":{"om_disable_all_campaigns":false,"_monsterinsights_skip_tracking":false,"_monsterinsights_sitenote_active":false,"_monsterinsights_sitenote_note":"","_monsterinsights_sitenote_category":0,"_uf_show_specific_survey":0,"_uf_disable_surveys":false,"footnotes":""},"class_list":["post-6629","page","type-page","status-publish","hentry"],"blocksy_meta":[],"aioseo_notices":[],"yoast_head":"<!-- This site is optimized with the Yoast SEO Premium plugin v23.2 (Yoast SEO v26.3) - https:\/\/yoast.com\/wordpress\/plugins\/seo\/ -->\n<title>The big picture in learning - Artome<\/title>\n<meta name=\"robots\" content=\"index, follow, max-snippet:-1, max-image-preview:large, max-video-preview:-1\" \/>\n<link rel=\"canonical\" href=\"https:\/\/artome.fi\/es\/el-panorama-general-en-el-aprendizaje\/\" \/>\n<meta property=\"og:locale\" content=\"es_ES\" \/>\n<meta property=\"og:type\" content=\"article\" \/>\n<meta property=\"og:title\" content=\"The big picture in learning\" \/>\n<meta property=\"og:description\" content=\"Vapauta tilojen potentiaali Oppimisessa suurella kuvalla on v\u00e4li\u00e4 https:\/\/artome.fi\/wp-content\/uploads\/2023\/08\/Education-1_1-opti.mp4 Opettajan parhaat kumppanit mukaansatempaavan oppimiskokemuksen luomisessa ovat luokassa k\u00e4ytett\u00e4v\u00e4t opetusmateriaalit. Joustava ja helppok\u00e4ytt\u00f6inen audiovisuaalinen teknologia mahdollistaa luokkahuoneen muuntamisen tilaksi, jossa mielikuvitus p\u00e4\u00e4see valloilleen. Suuren kuvan ansiosta esitett\u00e4v\u00e4 sis\u00e4lt\u00f6 on helposti n\u00e4ht\u00e4viss\u00e4 my\u00f6s luokan takaosasta, joten jokainen paikka tuntuu, kuin istuisi eturivill\u00e4. Tutkimus osoittaa, ett\u00e4 58 % [&hellip;]\" \/>\n<meta property=\"og:url\" content=\"https:\/\/artome.fi\/es\/el-panorama-general-en-el-aprendizaje\/\" \/>\n<meta property=\"og:site_name\" content=\"Artome\" \/>\n<meta property=\"article:modified_time\" content=\"2023-11-13T07:39:35+00:00\" \/>\n<meta property=\"og:image\" content=\"https:\/\/artome.fi\/wp-content\/uploads\/2023\/11\/area-1024x201.png\" \/>\n<meta name=\"twitter:card\" content=\"summary_large_image\" \/>\n<meta name=\"twitter:label1\" content=\"Tiempo de lectura\" \/>\n\t<meta name=\"twitter:data1\" content=\"2 minutos\" \/>\n<script type=\"application\/ld+json\" class=\"yoast-schema-graph\">{\"@context\":\"https:\/\/schema.org\",\"@graph\":[{\"@type\":\"WebPage\",\"@id\":\"https:\/\/artome.fi\/fi\/the-big-picture-in-learning\/\",\"url\":\"https:\/\/artome.fi\/fi\/the-big-picture-in-learning\/\",\"name\":\"The big picture in learning - Artome\",\"isPartOf\":{\"@id\":\"https:\/\/artome.fi\/en\/#website\"},\"primaryImageOfPage\":{\"@id\":\"https:\/\/artome.fi\/fi\/the-big-picture-in-learning\/#primaryimage\"},\"image\":{\"@id\":\"https:\/\/artome.fi\/fi\/the-big-picture-in-learning\/#primaryimage\"},\"thumbnailUrl\":\"https:\/\/artome.fi\/wp-content\/uploads\/2023\/11\/area-1024x201.png\",\"datePublished\":\"2023-11-10T07:30:52+00:00\",\"dateModified\":\"2023-11-13T07:39:35+00:00\",\"breadcrumb\":{\"@id\":\"https:\/\/artome.fi\/fi\/the-big-picture-in-learning\/#breadcrumb\"},\"inLanguage\":\"es\",\"potentialAction\":[{\"@type\":\"ReadAction\",\"target\":[\"https:\/\/artome.fi\/fi\/the-big-picture-in-learning\/\"]}]},{\"@type\":\"ImageObject\",\"inLanguage\":\"es\",\"@id\":\"https:\/\/artome.fi\/fi\/the-big-picture-in-learning\/#primaryimage\",\"url\":\"https:\/\/artome.fi\/wp-content\/uploads\/2023\/11\/area-1024x201.png\",\"contentUrl\":\"https:\/\/artome.fi\/wp-content\/uploads\/2023\/11\/area-1024x201.png\"},{\"@type\":\"BreadcrumbList\",\"@id\":\"https:\/\/artome.fi\/fi\/the-big-picture-in-learning\/#breadcrumb\",\"itemListElement\":[{\"@type\":\"ListItem\",\"position\":1,\"name\":\"Etusivu\",\"item\":\"https:\/\/artome.fi\/en\/\"},{\"@type\":\"ListItem\",\"position\":2,\"name\":\"The big picture in learning\"}]},{\"@type\":\"WebSite\",\"@id\":\"https:\/\/artome.fi\/en\/#website\",\"url\":\"https:\/\/artome.fi\/en\/\",\"name\":\"Artome\",\"description\":\"Redesigning audiovisual with smart furniture\",\"publisher\":{\"@id\":\"https:\/\/artome.fi\/en\/#organization\"},\"potentialAction\":[{\"@type\":\"SearchAction\",\"target\":{\"@type\":\"EntryPoint\",\"urlTemplate\":\"https:\/\/artome.fi\/en\/?s={search_term_string}\"},\"query-input\":{\"@type\":\"PropertyValueSpecification\",\"valueRequired\":true,\"valueName\":\"search_term_string\"}}],\"inLanguage\":\"es\"},{\"@type\":\"Organization\",\"@id\":\"https:\/\/artome.fi\/en\/#organization\",\"name\":\"Artome\",\"url\":\"https:\/\/artome.fi\/en\/\",\"logo\":{\"@type\":\"ImageObject\",\"inLanguage\":\"es\",\"@id\":\"https:\/\/artome.fi\/en\/#\/schema\/logo\/image\/\",\"url\":\"https:\/\/artome.fi\/wp-content\/uploads\/2022\/02\/artome_logo_black.png\",\"contentUrl\":\"https:\/\/artome.fi\/wp-content\/uploads\/2022\/02\/artome_logo_black.png\",\"width\":1280,\"height\":496,\"caption\":\"Artome\"},\"image\":{\"@id\":\"https:\/\/artome.fi\/en\/#\/schema\/logo\/image\/\"}}]}<\/script>\n<!-- \/ Yoast SEO Premium plugin. -->","yoast_head_json":{"title":"El panorama general del aprendizaje - Artome","robots":{"index":"index","follow":"follow","max-snippet":"max-snippet:-1","max-image-preview":"max-image-preview:large","max-video-preview":"max-video-preview:-1"},"canonical":"https:\/\/artome.fi\/es\/el-panorama-general-en-el-aprendizaje\/","og_locale":"es_ES","og_type":"article","og_title":"The big picture in learning","og_description":"Vapauta tilojen potentiaali Oppimisessa suurella kuvalla on v\u00e4li\u00e4 https:\/\/artome.fi\/wp-content\/uploads\/2023\/08\/Education-1_1-opti.mp4 Opettajan parhaat kumppanit mukaansatempaavan oppimiskokemuksen luomisessa ovat luokassa k\u00e4ytett\u00e4v\u00e4t opetusmateriaalit. Joustava ja helppok\u00e4ytt\u00f6inen audiovisuaalinen teknologia mahdollistaa luokkahuoneen muuntamisen tilaksi, jossa mielikuvitus p\u00e4\u00e4see valloilleen. Suuren kuvan ansiosta esitett\u00e4v\u00e4 sis\u00e4lt\u00f6 on helposti n\u00e4ht\u00e4viss\u00e4 my\u00f6s luokan takaosasta, joten jokainen paikka tuntuu, kuin istuisi eturivill\u00e4. Tutkimus osoittaa, ett\u00e4 58 % [&hellip;]","og_url":"https:\/\/artome.fi\/es\/el-panorama-general-en-el-aprendizaje\/","og_site_name":"Artome","article_modified_time":"2023-11-13T07:39:35+00:00","og_image":[{"url":"https:\/\/artome.fi\/wp-content\/uploads\/2023\/11\/area-1024x201.png","type":"","width":"","height":""}],"twitter_card":"summary_large_image","twitter_misc":{"Tiempo de lectura":"2 minutos"},"schema":{"@context":"https:\/\/schema.org","@graph":[{"@type":"WebPage","@id":"https:\/\/artome.fi\/fi\/the-big-picture-in-learning\/","url":"https:\/\/artome.fi\/fi\/the-big-picture-in-learning\/","name":"El panorama general del aprendizaje - Artome","isPartOf":{"@id":"https:\/\/artome.fi\/en\/#website"},"primaryImageOfPage":{"@id":"https:\/\/artome.fi\/fi\/the-big-picture-in-learning\/#primaryimage"},"image":{"@id":"https:\/\/artome.fi\/fi\/the-big-picture-in-learning\/#primaryimage"},"thumbnailUrl":"https:\/\/artome.fi\/wp-content\/uploads\/2023\/11\/area-1024x201.png","datePublished":"2023-11-10T07:30:52+00:00","dateModified":"2023-11-13T07:39:35+00:00","breadcrumb":{"@id":"https:\/\/artome.fi\/fi\/the-big-picture-in-learning\/#breadcrumb"},"inLanguage":"es","potentialAction":[{"@type":"ReadAction","target":["https:\/\/artome.fi\/fi\/the-big-picture-in-learning\/"]}]},{"@type":"ImageObject","inLanguage":"es","@id":"https:\/\/artome.fi\/fi\/the-big-picture-in-learning\/#primaryimage","url":"https:\/\/artome.fi\/wp-content\/uploads\/2023\/11\/area-1024x201.png","contentUrl":"https:\/\/artome.fi\/wp-content\/uploads\/2023\/11\/area-1024x201.png"},{"@type":"BreadcrumbList","@id":"https:\/\/artome.fi\/fi\/the-big-picture-in-learning\/#breadcrumb","itemListElement":[{"@type":"ListItem","position":1,"name":"Etusivu","item":"https:\/\/artome.fi\/en\/"},{"@type":"ListItem","position":2,"name":"The big picture in learning"}]},{"@type":"WebSite","@id":"https:\/\/artome.fi\/en\/#website","url":"https:\/\/artome.fi\/en\/","name":"Artome","description":"Redise\u00f1ando el audiovisual con mobiliario inteligente","publisher":{"@id":"https:\/\/artome.fi\/en\/#organization"},"potentialAction":[{"@type":"SearchAction","target":{"@type":"EntryPoint","urlTemplate":"https:\/\/artome.fi\/en\/?s={search_term_string}"},"query-input":{"@type":"PropertyValueSpecification","valueRequired":true,"valueName":"search_term_string"}}],"inLanguage":"es"},{"@type":"Organization","@id":"https:\/\/artome.fi\/en\/#organization","name":"Artome","url":"https:\/\/artome.fi\/en\/","logo":{"@type":"ImageObject","inLanguage":"es","@id":"https:\/\/artome.fi\/en\/#\/schema\/logo\/image\/","url":"https:\/\/artome.fi\/wp-content\/uploads\/2022\/02\/artome_logo_black.png","contentUrl":"https:\/\/artome.fi\/wp-content\/uploads\/2022\/02\/artome_logo_black.png","width":1280,"height":496,"caption":"Artome"},"image":{"@id":"https:\/\/artome.fi\/en\/#\/schema\/logo\/image\/"}}]}},"_links":{"self":[{"href":"https:\/\/artome.fi\/es\/wp-json\/wp\/v2\/pages\/6629","targetHints":{"allow":["GET"]}}],"collection":[{"href":"https:\/\/artome.fi\/es\/wp-json\/wp\/v2\/pages"}],"about":[{"href":"https:\/\/artome.fi\/es\/wp-json\/wp\/v2\/types\/page"}],"author":[{"embeddable":true,"href":"https:\/\/artome.fi\/es\/wp-json\/wp\/v2\/users\/1"}],"replies":[{"embeddable":true,"href":"https:\/\/artome.fi\/es\/wp-json\/wp\/v2\/comments?post=6629"}],"version-history":[{"count":15,"href":"https:\/\/artome.fi\/es\/wp-json\/wp\/v2\/pages\/6629\/revisions"}],"predecessor-version":[{"id":6711,"href":"https:\/\/artome.fi\/es\/wp-json\/wp\/v2\/pages\/6629\/revisions\/6711"}],"wp:attachment":[{"href":"https:\/\/artome.fi\/es\/wp-json\/wp\/v2\/media?parent=6629"}],"curies":[{"name":"gracias","href":"https:\/\/api.w.org\/{rel}","templated":true}]}}