{"id":882,"date":"2022-06-09T07:20:16","date_gmt":"2022-06-09T07:20:16","guid":{"rendered":"https:\/\/artome.fi\/?page_id=882"},"modified":"2022-11-28T13:41:33","modified_gmt":"2022-11-28T13:41:33","slug":"artome-hybridock","status":"publish","type":"page","link":"https:\/\/artome.fi\/es\/hibridock-artome\/","title":{"rendered":"Artome Hybridock\u2122"},"content":{"rendered":"<div data-elementor-type=\"wp-page\" data-elementor-id=\"882\" class=\"elementor elementor-882\" data-elementor-post-type=\"page\">\n\t\t\t\t\t\t<section class=\"elementor-section elementor-top-section elementor-element elementor-element-9cb7939 ct-section-stretched elementor-section-height-min-height elementor-section-full_width elementor-section-height-default elementor-section-items-middle\" data-id=\"9cb7939\" data-element_type=\"section\" data-settings=\"{&quot;background_background&quot;:&quot;classic&quot;}\">\n\t\t\t\t\t\t<div class=\"elementor-container elementor-column-gap-no\">\n\t\t\t\t\t<div class=\"elementor-column elementor-col-100 elementor-top-column elementor-element elementor-element-8038c2d\" data-id=\"8038c2d\" data-element_type=\"column\">\n\t\t\t<div class=\"elementor-widget-wrap elementor-element-populated\">\n\t\t\t\t\t\t<div class=\"elementor-element elementor-element-db2d2b2 elementor-widget elementor-widget-heading\" data-id=\"db2d2b2\" data-element_type=\"widget\" data-widget_type=\"heading.default\">\n\t\t\t\t<div class=\"elementor-widget-container\">\n\t\t\t\t\t<h1 class=\"elementor-heading-title elementor-size-default\">Artome Hybridock\u2122<\/h1>\t\t\t\t<\/div>\n\t\t\t\t<\/div>\n\t\t\t\t\t<\/div>\n\t\t<\/div>\n\t\t\t\t\t<\/div>\n\t\t<\/section>\n\t\t\t\t<section class=\"elementor-section elementor-top-section elementor-element elementor-element-29e2dc5 ct-section-stretched elementor-section-boxed elementor-section-height-default elementor-section-height-default\" data-id=\"29e2dc5\" data-element_type=\"section\">\n\t\t\t\t\t\t<div class=\"elementor-container elementor-column-gap-no\">\n\t\t\t\t\t<div class=\"elementor-column elementor-col-100 elementor-top-column elementor-element elementor-element-0eced58\" data-id=\"0eced58\" data-element_type=\"column\">\n\t\t\t<div class=\"elementor-widget-wrap elementor-element-populated\">\n\t\t\t\t\t\t<div class=\"elementor-element elementor-element-a2c063e elementor-widget elementor-widget-heading\" data-id=\"a2c063e\" data-element_type=\"widget\" data-widget_type=\"heading.default\">\n\t\t\t\t<div class=\"elementor-widget-container\">\n\t\t\t\t\t<h2 class=\"elementor-heading-title elementor-size-default\">Comunicaci\u00f3n fluida<\/h2>\t\t\t\t<\/div>\n\t\t\t\t<\/div>\n\t\t\t\t<div class=\"elementor-element elementor-element-05c7f30 elementor-widget elementor-widget-text-editor\" data-id=\"05c7f30\" data-element_type=\"widget\" data-widget_type=\"text-editor.default\">\n\t\t\t\t<div class=\"elementor-widget-container\">\n\t\t\t\t\t\t\t\t\t<p><span style=\"text-align: inherit; background-color: var(--palettecolor7);\">Artome combina los componentes de los muebles inteligentes en un todo f\u00e1cil de usar con la ayuda de nuestra nueva innovaci\u00f3n, la soluci\u00f3n tecnol\u00f3gica HybriDock\u2122. HybriDock\u2122 es compatible con todos los sistemas operativos (Windows, MacOS, ChromeOS, Linux) sin programas de instalaci\u00f3n separados y permite el uso del modelo de negocio BYOD (Bring Your Own Device).<\/span><\/p>\t\t\t\t\t\t\t\t<\/div>\n\t\t\t\t<\/div>\n\t\t\t\t<div class=\"elementor-element elementor-element-90d4210 elementor-widget elementor-widget-text-editor\" data-id=\"90d4210\" data-element_type=\"widget\" data-widget_type=\"text-editor.default\">\n\t\t\t\t<div class=\"elementor-widget-container\">\n\t\t\t\t\t\t\t\t\t<p>Artome HybriDock\u2122 ofrece una soluci\u00f3n f\u00e1cil de usar para utilizar diferentes dispositivos de comunicaci\u00f3n de forma remota y cercana sin tener que comprometer el tama\u00f1o de la imagen o la calidad del sonido.<\/p>\t\t\t\t\t\t\t\t<\/div>\n\t\t\t\t<\/div>\n\t\t\t\t\t<\/div>\n\t\t<\/div>\n\t\t\t\t\t<\/div>\n\t\t<\/section>\n\t\t\t\t<section class=\"elementor-section elementor-top-section elementor-element elementor-element-93b6a18 ct-section-stretched elementor-section-items-top elementor-section-height-min-height elementor-section-boxed elementor-section-height-default\" data-id=\"93b6a18\" data-element_type=\"section\" data-settings=\"{&quot;background_background&quot;:&quot;classic&quot;}\">\n\t\t\t\t\t\t<div class=\"elementor-container elementor-column-gap-default\">\n\t\t\t\t\t<div class=\"elementor-column elementor-col-100 elementor-top-column elementor-element elementor-element-ccdd9ed\" data-id=\"ccdd9ed\" data-element_type=\"column\">\n\t\t\t<div class=\"elementor-widget-wrap\">\n\t\t\t\t\t\t\t<\/div>\n\t\t<\/div>\n\t\t\t\t\t<\/div>\n\t\t<\/section>\n\t\t\t\t<section class=\"elementor-section elementor-top-section elementor-element elementor-element-b493a9a ct-section-stretched elementor-reverse-mobile elementor-section-boxed elementor-section-height-default elementor-section-height-default\" data-id=\"b493a9a\" data-element_type=\"section\">\n\t\t\t\t\t\t<div class=\"elementor-container elementor-column-gap-default\">\n\t\t\t\t\t<div class=\"elementor-column elementor-col-50 elementor-top-column elementor-element elementor-element-709f303\" data-id=\"709f303\" data-element_type=\"column\" data-settings=\"{&quot;background_background&quot;:&quot;classic&quot;}\">\n\t\t\t<div class=\"elementor-widget-wrap elementor-element-populated\">\n\t\t\t\t\t\t<div class=\"elementor-element elementor-element-3856824 elementor-widget elementor-widget-text-editor\" data-id=\"3856824\" data-element_type=\"widget\" data-widget_type=\"text-editor.default\">\n\t\t\t\t<div class=\"elementor-widget-container\">\n\t\t\t\t\t\t\t\t\tHybriDock\u2122 funciona con cualquier c\u00e1mara USB (compatible con USB2.0 y USB3.0) y tambi\u00e9n admite el uso de cables de c\u00e1mara m\u00e1s largos. A menudo, el rendimiento de las c\u00e1maras USB disminuye cuando se utiliza un cable de m\u00e1s de 1,8 metros. La tecnolog\u00eda HybriDock\u2122 ayuda a prevenir la p\u00e9rdida de energ\u00eda y permite una colocaci\u00f3n m\u00e1s flexible de las c\u00e1maras en el espacio.\t\t\t\t\t\t\t\t<\/div>\n\t\t\t\t<\/div>\n\t\t\t\t<div class=\"elementor-element elementor-element-c4f9535 elementor-widget elementor-widget-text-editor\" data-id=\"c4f9535\" data-element_type=\"widget\" data-widget_type=\"text-editor.default\">\n\t\t\t\t<div class=\"elementor-widget-container\">\n\t\t\t\t\t\t\t\t\tDebe comunicarse con Artome si desea garantizar la compatibilidad de un tipo de c\u00e1mara espec\u00edfico con la soluci\u00f3n HybriDock\u2122.\t\t\t\t\t\t\t\t<\/div>\n\t\t\t\t<\/div>\n\t\t\t\t\t<\/div>\n\t\t<\/div>\n\t\t\t\t<div class=\"elementor-column elementor-col-50 elementor-top-column elementor-element elementor-element-49cb291\" data-id=\"49cb291\" data-element_type=\"column\" data-settings=\"{&quot;background_background&quot;:&quot;classic&quot;}\">\n\t\t\t<div class=\"elementor-widget-wrap elementor-element-populated\">\n\t\t\t\t\t\t<div class=\"elementor-element elementor-element-f6189ce elementor-widget elementor-widget-heading\" data-id=\"f6189ce\" data-element_type=\"widget\" data-widget_type=\"heading.default\">\n\t\t\t\t<div class=\"elementor-widget-container\">\n\t\t\t\t\t<h2 class=\"elementor-heading-title elementor-size-default\">V\u00eddeos de mejor calidad<\/h2>\t\t\t\t<\/div>\n\t\t\t\t<\/div>\n\t\t\t\t\t<\/div>\n\t\t<\/div>\n\t\t\t\t\t<\/div>\n\t\t<\/section>\n\t\t\t\t<section class=\"elementor-section elementor-top-section elementor-element elementor-element-99bd3e5 ct-section-stretched elementor-section-boxed elementor-section-height-default elementor-section-height-default\" data-id=\"99bd3e5\" data-element_type=\"section\">\n\t\t\t\t\t\t<div class=\"elementor-container elementor-column-gap-default\">\n\t\t\t\t\t<div class=\"elementor-column elementor-col-50 elementor-top-column elementor-element elementor-element-de3e66b\" data-id=\"de3e66b\" data-element_type=\"column\" data-settings=\"{&quot;background_background&quot;:&quot;classic&quot;}\">\n\t\t\t<div class=\"elementor-widget-wrap elementor-element-populated\">\n\t\t\t\t\t\t<div class=\"elementor-element elementor-element-2a74d0d elementor-widget elementor-widget-heading\" data-id=\"2a74d0d\" data-element_type=\"widget\" data-widget_type=\"heading.default\">\n\t\t\t\t<div class=\"elementor-widget-container\">\n\t\t\t\t\t<h2 class=\"elementor-heading-title elementor-size-default\">Reproducci\u00f3n de sonido flexible<\/h2>\t\t\t\t<\/div>\n\t\t\t\t<\/div>\n\t\t\t\t\t<\/div>\n\t\t<\/div>\n\t\t\t\t<div class=\"elementor-column elementor-col-50 elementor-top-column elementor-element elementor-element-7fcf6b1\" data-id=\"7fcf6b1\" data-element_type=\"column\" data-settings=\"{&quot;background_background&quot;:&quot;classic&quot;}\">\n\t\t\t<div class=\"elementor-widget-wrap elementor-element-populated\">\n\t\t\t\t\t\t<div class=\"elementor-element elementor-element-f3a6734 elementor-widget elementor-widget-text-editor\" data-id=\"f3a6734\" data-element_type=\"widget\" data-widget_type=\"text-editor.default\">\n\t\t\t\t<div class=\"elementor-widget-container\">\n\t\t\t\t\t\t\t\t\t<p>Con la soluci\u00f3n tecnol\u00f3gica HybriDock\u2122, la experiencia de presentaci\u00f3n se puede complementar con cualquier micr\u00f3fono USB o altavoz adicional. Al organizar videoconferencias m\u00e1s peque\u00f1as, se logra f\u00e1cilmente una reproducci\u00f3n de sonido adecuada con la reproducci\u00f3n de sonido incorporada del Artome M10, pero para reuniones h\u00edbridas m\u00e1s grandes, se pueden usar hasta dos micr\u00f3fonos adicionales en el modo de presentaci\u00f3n.<\/p>\t\t\t\t\t\t\t\t<\/div>\n\t\t\t\t<\/div>\n\t\t\t\t<div class=\"elementor-element elementor-element-7403c1f elementor-widget elementor-widget-text-editor\" data-id=\"7403c1f\" data-element_type=\"widget\" data-widget_type=\"text-editor.default\">\n\t\t\t\t<div class=\"elementor-widget-container\">\n\t\t\t\t\t\t\t\t\t<p>Artome M10 tambi\u00e9n aporta flexibilidad a la autopresentaci\u00f3n. Si el artista quiere moverse por el espacio, se puede utilizar un micr\u00f3fono inal\u00e1mbrico. La tecnolog\u00eda HybriDock\u2122 conecta dispositivos adicionales a trav\u00e9s de los muebles inteligentes Artome al ordenador, para que tambi\u00e9n sean reconocidos en la plataforma de videoconferencia. No se necesitan programas ni instalaciones independientes y el sonido se escucha claramente tanto de lejos como de cerca.<\/p>\t\t\t\t\t\t\t\t<\/div>\n\t\t\t\t<\/div>\n\t\t\t\t\t<\/div>\n\t\t<\/div>\n\t\t\t\t\t<\/div>\n\t\t<\/section>\n\t\t\t\t<\/div>","protected":false},"excerpt":{"rendered":"<p>Artome Hybridock\u2122 Sujuvaa kommunikointia Artome yhdist\u00e4\u00e4 \u00e4lykalusteen komponentit helppok\u00e4ytt\u00f6iseksi kokonaisuudeksi uuden innovaatiomme, HybriDock\u2122 -teknologiaratkaisun avulla. HybriDock\u2122 on yhteensopiva kaikkien k\u00e4ytt\u00f6j\u00e4rjestelmien (Windows, MacOS, ChromeOS, Linux) kanssa ilman erillisi\u00e4 asennusohjelmia ja mahdollistaa BYOD (Bring Your Own Device) -toimintamallin k\u00e4yt\u00f6n. Artome HybriDock\u2122 tarjoaa helppok\u00e4ytt\u00f6isen ratkaisun eri kommunikointilaitteiden hy\u00f6dynt\u00e4miseen et\u00e4n\u00e4 ja l\u00e4hell\u00e4 ilman, ett\u00e4 kuvan koosta tai \u00e4\u00e4nen laadusta [&hellip;]<\/p>\n","protected":false},"author":2,"featured_media":0,"parent":0,"menu_order":0,"comment_status":"closed","ping_status":"closed","template":"elementor_header_footer","meta":{"om_disable_all_campaigns":false,"_monsterinsights_skip_tracking":false,"_monsterinsights_sitenote_active":false,"_monsterinsights_sitenote_note":"","_monsterinsights_sitenote_category":0,"_uf_show_specific_survey":0,"_uf_disable_surveys":false,"footnotes":""},"class_list":["post-882","page","type-page","status-publish","hentry"],"blocksy_meta":{"styles_descriptor":{"styles":{"desktop":"","tablet":"","mobile":""},"google_fonts":[],"version":6},"page_title_panel":"","has_hero_section":"disabled","f62dfd0c658da7c33bbbc699a392e310":"","hero_section":"type-1","hero_elements":[{"id":"custom_title","enabled":true,"heading_tag":"h1","title":"Moho"},{"id":"custom_description","enabled":true,"description_visibility":{"desktop":true,"tablet":true,"mobile":false}},{"id":"custom_meta","enabled":false,"meta_elements":[{"id":"author","enabled":true,"label":"By","has_author_avatar":"yes","avatar_size":25},{"id":"post_date","enabled":true,"label":"On","date_format_source":"default","date_format":"M j, Y"},{"id":"updated_date","enabled":false,"label":"On","date_format_source":"default","date_format":"M j, Y"},{"id":"categories","enabled":false,"label":"In","style":"simple"},{"id":"comments","enabled":true}],"page_meta_elements":{"joined":true,"articles_count":true,"comments":true}},{"id":"breadcrumbs","enabled":false}],"40b0957e070211e11d25e955add25b06":"","hero_alignment1":"CT_CSS_SKIP_RULE","hero_margin":40,"hero_alignment2":"center","hero_vertical_alignment":"center","8f151530542159faed6260ca32e50804":"","hero_structure":"narrow","bb67bcf113e3b5beb4e2ec56931cc02f":"","page_title_bg_type":"featured_image","custom_hero_background":{"attachment_id":null},"parallax":{"desktop":false,"tablet":false,"mobile":false},"fa0aa7eb20f8fba89308647a0719c6ec":"","hero_height":"250px","pageTitleFont":{"family":"Default","variation":"Default","size":"30px","line-height":"CT_CSS_SKIP_RULE","letter-spacing":"CT_CSS_SKIP_RULE","text-transform":"CT_CSS_SKIP_RULE","text-decoration":"CT_CSS_SKIP_RULE"},"pageTitleFontColor":{"default":{"color":"CT_CSS_SKIP_RULEDEFAULT"}},"pageMetaFont":{"family":"Default","variation":"n6","size":"12px","line-height":"1.3","letter-spacing":"CT_CSS_SKIP_RULE","text-transform":"uppercase","text-decoration":"CT_CSS_SKIP_RULE"},"pageMetaFontColor":{"default":{"color":"CT_CSS_SKIP_RULEDEFAULT"},"hover":{"color":"CT_CSS_SKIP_RULEDEFAULT"}},"page_meta_button_type_font_colors":{"default":{"color":"CT_CSS_SKIP_RULEDEFAULT"},"hover":{"color":"CT_CSS_SKIP_RULEDEFAULT"}},"page_meta_button_type_background_colors":{"default":{"color":"CT_CSS_SKIP_RULEDEFAULT"},"hover":{"color":"CT_CSS_SKIP_RULEDEFAULT"}},"pageExcerptFont":{"family":"Default","variation":"Default","size":"CT_CSS_SKIP_RULE","line-height":"CT_CSS_SKIP_RULE","letter-spacing":"CT_CSS_SKIP_RULE","text-transform":"CT_CSS_SKIP_RULE","text-decoration":"CT_CSS_SKIP_RULE"},"pageExcerptColor":{"default":{"color":"CT_CSS_SKIP_RULEDEFAULT"}},"breadcrumbsFont":{"family":"Default","variation":"Default","size":"CT_CSS_SKIP_RULE","line-height":"CT_CSS_SKIP_RULE","letter-spacing":"CT_CSS_SKIP_RULE","text-transform":"CT_CSS_SKIP_RULE","text-decoration":"CT_CSS_SKIP_RULE"},"breadcrumbsFontColor":{"default":{"color":"CT_CSS_SKIP_RULEDEFAULT"},"initial":{"color":"CT_CSS_SKIP_RULEDEFAULT"},"hover":{"color":"CT_CSS_SKIP_RULEDEFAULT"}},"pageTitleOverlay":{"background_type":"color","background_pattern":"type-1","background_image":{"attachment_id":null,"x":0,"y":0},"gradient":"linear-gradient(135deg,rgba(6,147,227,1) 0%,rgb(155,81,224) 100%)","background_repeat":"repeat","background_size":"auto","background_attachment":"scroll","patternColor":{"default":{"color":"#e5e7ea"}},"overlayColor":{"default":{"color":"CT_CSS_SKIP_RULE"}},"backgroundColor":{"default":{"color":"CT_CSS_SKIP_RULE"}}},"pageTitleBackground":{"background_type":"color","background_pattern":"type-1","background_image":{"attachment_id":null,"x":0,"y":0},"gradient":"linear-gradient(135deg,rgba(6,147,227,1) 0%,rgb(155,81,224) 100%)","background_repeat":"repeat","background_size":"auto","background_attachment":"scroll","patternColor":{"default":{"color":"#e5e7ea"}},"overlayColor":{"default":{"color":"CT_CSS_SKIP_RULE"}},"backgroundColor":{"default":{"color":"var(--theme-palette-color-6)"}}},"pageTitlePadding":{"top":"50px","bottom":"50px","left":"auto","right":"auto","linked":true},"87c63e0073aceb046e988bb9ee030190":"","page_structure_type":"default","2af25f4111fcd61a8bd65c98d017ab3f":"","content_style_source":"inherit","content_style":"wide","vertical_spacing_source":"custom","content_area_spacing":"none","background":{"background_type":"color","background_pattern":"type-1","background_image":{"attachment_id":null,"x":0,"y":0},"gradient":"linear-gradient(135deg,rgba(6,147,227,1) 0%,rgb(155,81,224) 100%)","background_repeat":"repeat","background_size":"auto","background_attachment":"scroll","patternColor":{"default":{"color":"#e5e7ea"}},"overlayColor":{"default":{"color":"CT_CSS_SKIP_RULE"}},"backgroundColor":{"default":{"color":"CT_CSS_SKIP_RULE"}}},"content_background":{"background_type":"color","background_pattern":"type-1","background_image":{"attachment_id":null,"x":0,"y":0},"gradient":"linear-gradient(135deg,rgba(6,147,227,1) 0%,rgb(155,81,224) 100%)","background_repeat":"repeat","background_size":"auto","background_attachment":"scroll","patternColor":{"default":{"color":"#e5e7ea"}},"overlayColor":{"default":{"color":"CT_CSS_SKIP_RULE"}},"backgroundColor":{"default":{"color":"var(--theme-palette-color-8)"}}},"content_boxed_shadow":{"inherit":false,"blur":18,"spread":-6,"v_offset":12,"h_offset":0,"inset":false,"enable":true,"color":{"color":"rgba(34, 56, 101, 0.04)"}},"boxed_content_spacing":{"desktop":{"top":"40px","bottom":"40px","left":"40px","right":"40px","linked":true},"tablet":{"top":"35px","bottom":"35px","left":"35px","right":"35px","linked":true},"mobile":{"top":"20px","bottom":"20px","left":"20px","right":"20px","linked":true}},"content_boxed_radius":{"top":"3px","bottom":"3px","left":"3px","right":"3px","linked":true},"d8de6514dca54d2e690accefb9d9422a":"","disable_featured_image":"no","disable_share_box":"no","disable_header":"no","disable_footer":"no","bb2b630febb4c4fa55d6ae2f3d2cff1f":"","dcd8e3bfaae7af1266134184d0e97e2f":"","df0001903e199c93c2a7dd3c523b7a23":"","3922d317bf6e901ed3f0144c99b78fa7":"","be380b9c0e769a2472df00e92ce2b906":"","ee4eb8fe57b4eac85866161829dd9fbe":"","69f81ba885a8a3be16d8a7f476c7f1a0":"","cb425159ba91714ee406ffc33bb9e0e7":"","0c5e8924fdc075bad1bc3f9de85500e8":"","8696d3b2e97c4dd006d0872e2d7b2ace":"","230a811ec741e07cd06c604cc35827f5":"","890ae390d3d8b2ae992678d785c840bd":"","ffa1eaf2bd91f9d117077be2b06454a4":"","b976ebe5cf001de98666fa3208ddfa00":"","4386a11b0421eacb17d06a91338c4894":"","7dcd6b54e89772539b71d2326e821e8f":""},"aioseo_notices":[],"yoast_head":"<!-- This site is optimized with the Yoast SEO Premium plugin v23.2 (Yoast SEO v26.3) - https:\/\/yoast.com\/wordpress\/plugins\/seo\/ -->\n<title>Artome | Artome Hybridock\u2122<\/title>\n<meta name=\"description\" content=\"Artome Hybridock combines all the audiovisual functions and offers a flexible experience for remote and live communication.\" \/>\n<meta name=\"robots\" content=\"index, follow, max-snippet:-1, max-image-preview:large, max-video-preview:-1\" \/>\n<link rel=\"canonical\" href=\"https:\/\/artome.fi\/es\/hibridock-artome\/\" \/>\n<meta property=\"og:locale\" content=\"es_ES\" \/>\n<meta property=\"og:type\" content=\"article\" \/>\n<meta property=\"og:title\" content=\"Artome Hybridock\u2122\" \/>\n<meta property=\"og:description\" content=\"Artome Hybridock combines all the audiovisual functions and offers a flexible experience for remote and live communication.\" \/>\n<meta property=\"og:url\" content=\"https:\/\/artome.fi\/es\/hibridock-artome\/\" \/>\n<meta property=\"og:site_name\" content=\"Artome\" \/>\n<meta property=\"article:modified_time\" content=\"2022-11-28T13:41:33+00:00\" \/>\n<meta name=\"twitter:card\" content=\"summary_large_image\" \/>\n<meta name=\"twitter:label1\" content=\"Tiempo de lectura\" \/>\n\t<meta name=\"twitter:data1\" content=\"2 minutos\" \/>\n<script type=\"application\/ld+json\" class=\"yoast-schema-graph\">{\"@context\":\"https:\/\/schema.org\",\"@graph\":[{\"@type\":\"WebPage\",\"@id\":\"https:\/\/artome.fi\/fr\/artome-hybridock\/\",\"url\":\"https:\/\/artome.fi\/fr\/artome-hybridock\/\",\"name\":\"Artome | Artome Hybridock\u2122\",\"isPartOf\":{\"@id\":\"https:\/\/artome.fi\/en\/#website\"},\"datePublished\":\"2022-06-09T07:20:16+00:00\",\"dateModified\":\"2022-11-28T13:41:33+00:00\",\"description\":\"Artome Hybridock combines all the audiovisual functions and offers a flexible experience for remote and live communication.\",\"breadcrumb\":{\"@id\":\"https:\/\/artome.fi\/fr\/artome-hybridock\/#breadcrumb\"},\"inLanguage\":\"es\",\"potentialAction\":[{\"@type\":\"ReadAction\",\"target\":[\"https:\/\/artome.fi\/fr\/artome-hybridock\/\"]}]},{\"@type\":\"BreadcrumbList\",\"@id\":\"https:\/\/artome.fi\/fr\/artome-hybridock\/#breadcrumb\",\"itemListElement\":[{\"@type\":\"ListItem\",\"position\":1,\"name\":\"Etusivu\",\"item\":\"https:\/\/artome.fi\/en\/\"},{\"@type\":\"ListItem\",\"position\":2,\"name\":\"Artome Hybridock\u2122\"}]},{\"@type\":\"WebSite\",\"@id\":\"https:\/\/artome.fi\/en\/#website\",\"url\":\"https:\/\/artome.fi\/en\/\",\"name\":\"Artome\",\"description\":\"Redesigning audiovisual with smart furniture\",\"publisher\":{\"@id\":\"https:\/\/artome.fi\/en\/#organization\"},\"potentialAction\":[{\"@type\":\"SearchAction\",\"target\":{\"@type\":\"EntryPoint\",\"urlTemplate\":\"https:\/\/artome.fi\/en\/?s={search_term_string}\"},\"query-input\":{\"@type\":\"PropertyValueSpecification\",\"valueRequired\":true,\"valueName\":\"search_term_string\"}}],\"inLanguage\":\"es\"},{\"@type\":\"Organization\",\"@id\":\"https:\/\/artome.fi\/en\/#organization\",\"name\":\"Artome\",\"url\":\"https:\/\/artome.fi\/en\/\",\"logo\":{\"@type\":\"ImageObject\",\"inLanguage\":\"es\",\"@id\":\"https:\/\/artome.fi\/en\/#\/schema\/logo\/image\/\",\"url\":\"https:\/\/artome.fi\/wp-content\/uploads\/2022\/02\/artome_logo_black.png\",\"contentUrl\":\"https:\/\/artome.fi\/wp-content\/uploads\/2022\/02\/artome_logo_black.png\",\"width\":1280,\"height\":496,\"caption\":\"Artome\"},\"image\":{\"@id\":\"https:\/\/artome.fi\/en\/#\/schema\/logo\/image\/\"}}]}<\/script>\n<!-- \/ Yoast SEO Premium plugin. -->","yoast_head_json":{"title":"Artome | Artome Hybridock\u2122","description":"Artome Hybridock combina todas las funciones audiovisuales y ofrece una experiencia flexible para la comunicaci\u00f3n remota y en vivo.","robots":{"index":"index","follow":"follow","max-snippet":"max-snippet:-1","max-image-preview":"max-image-preview:large","max-video-preview":"max-video-preview:-1"},"canonical":"https:\/\/artome.fi\/es\/hibridock-artome\/","og_locale":"es_ES","og_type":"article","og_title":"Artome Hybridock\u2122","og_description":"Artome Hybridock combines all the audiovisual functions and offers a flexible experience for remote and live communication.","og_url":"https:\/\/artome.fi\/es\/hibridock-artome\/","og_site_name":"Artome","article_modified_time":"2022-11-28T13:41:33+00:00","twitter_card":"summary_large_image","twitter_misc":{"Tiempo de lectura":"2 minutos"},"schema":{"@context":"https:\/\/schema.org","@graph":[{"@type":"WebPage","@id":"https:\/\/artome.fi\/fr\/artome-hybridock\/","url":"https:\/\/artome.fi\/fr\/artome-hybridock\/","name":"Artome | Artome Hybridock\u2122","isPartOf":{"@id":"https:\/\/artome.fi\/en\/#website"},"datePublished":"2022-06-09T07:20:16+00:00","dateModified":"2022-11-28T13:41:33+00:00","description":"Artome Hybridock combina todas las funciones audiovisuales y ofrece una experiencia flexible para la comunicaci\u00f3n remota y en vivo.","breadcrumb":{"@id":"https:\/\/artome.fi\/fr\/artome-hybridock\/#breadcrumb"},"inLanguage":"es","potentialAction":[{"@type":"ReadAction","target":["https:\/\/artome.fi\/fr\/artome-hybridock\/"]}]},{"@type":"BreadcrumbList","@id":"https:\/\/artome.fi\/fr\/artome-hybridock\/#breadcrumb","itemListElement":[{"@type":"ListItem","position":1,"name":"Etusivu","item":"https:\/\/artome.fi\/en\/"},{"@type":"ListItem","position":2,"name":"Artome Hybridock\u2122"}]},{"@type":"WebSite","@id":"https:\/\/artome.fi\/en\/#website","url":"https:\/\/artome.fi\/en\/","name":"Artome","description":"Redise\u00f1ando el audiovisual con mobiliario inteligente","publisher":{"@id":"https:\/\/artome.fi\/en\/#organization"},"potentialAction":[{"@type":"SearchAction","target":{"@type":"EntryPoint","urlTemplate":"https:\/\/artome.fi\/en\/?s={search_term_string}"},"query-input":{"@type":"PropertyValueSpecification","valueRequired":true,"valueName":"search_term_string"}}],"inLanguage":"es"},{"@type":"Organization","@id":"https:\/\/artome.fi\/en\/#organization","name":"Artome","url":"https:\/\/artome.fi\/en\/","logo":{"@type":"ImageObject","inLanguage":"es","@id":"https:\/\/artome.fi\/en\/#\/schema\/logo\/image\/","url":"https:\/\/artome.fi\/wp-content\/uploads\/2022\/02\/artome_logo_black.png","contentUrl":"https:\/\/artome.fi\/wp-content\/uploads\/2022\/02\/artome_logo_black.png","width":1280,"height":496,"caption":"Artome"},"image":{"@id":"https:\/\/artome.fi\/en\/#\/schema\/logo\/image\/"}}]}},"_links":{"self":[{"href":"https:\/\/artome.fi\/es\/wp-json\/wp\/v2\/pages\/882","targetHints":{"allow":["GET"]}}],"collection":[{"href":"https:\/\/artome.fi\/es\/wp-json\/wp\/v2\/pages"}],"about":[{"href":"https:\/\/artome.fi\/es\/wp-json\/wp\/v2\/types\/page"}],"author":[{"embeddable":true,"href":"https:\/\/artome.fi\/es\/wp-json\/wp\/v2\/users\/2"}],"replies":[{"embeddable":true,"href":"https:\/\/artome.fi\/es\/wp-json\/wp\/v2\/comments?post=882"}],"version-history":[{"count":48,"href":"https:\/\/artome.fi\/es\/wp-json\/wp\/v2\/pages\/882\/revisions"}],"predecessor-version":[{"id":2459,"href":"https:\/\/artome.fi\/es\/wp-json\/wp\/v2\/pages\/882\/revisions\/2459"}],"wp:attachment":[{"href":"https:\/\/artome.fi\/es\/wp-json\/wp\/v2\/media?parent=882"}],"curies":[{"name":"gracias","href":"https:\/\/api.w.org\/{rel}","templated":true}]}}