{"id":911,"date":"2022-06-09T07:01:47","date_gmt":"2022-06-09T07:01:47","guid":{"rendered":"https:\/\/artome.fi\/?page_id=911"},"modified":"2022-11-28T13:46:24","modified_gmt":"2022-11-28T13:46:24","slug":"see-the-big-picture","status":"publish","type":"page","link":"https:\/\/artome.fi\/es\/ver-la-imagen-completa\/","title":{"rendered":"Ver la imagen completa"},"content":{"rendered":"<div data-elementor-type=\"wp-page\" data-elementor-id=\"911\" class=\"elementor elementor-911\" data-elementor-post-type=\"page\">\n\t\t\t\t\t\t<section class=\"elementor-section elementor-top-section elementor-element elementor-element-4b794f59 ct-section-stretched elementor-section-height-min-height elementor-section-full_width elementor-section-height-default elementor-section-items-middle\" data-id=\"4b794f59\" data-element_type=\"section\" data-settings=\"{&quot;background_background&quot;:&quot;classic&quot;}\">\n\t\t\t\t\t\t<div class=\"elementor-container elementor-column-gap-no\">\n\t\t\t\t\t<div class=\"elementor-column elementor-col-100 elementor-top-column elementor-element elementor-element-50c8a465\" data-id=\"50c8a465\" data-element_type=\"column\">\n\t\t\t<div class=\"elementor-widget-wrap elementor-element-populated\">\n\t\t\t\t\t\t<div class=\"elementor-element elementor-element-516f3497 elementor-widget elementor-widget-heading\" data-id=\"516f3497\" data-element_type=\"widget\" data-widget_type=\"heading.default\">\n\t\t\t\t<div class=\"elementor-widget-container\">\n\t\t\t\t\t<h1 class=\"elementor-heading-title elementor-size-default\">Transforma el espacio en un instante<\/h1>\t\t\t\t<\/div>\n\t\t\t\t<\/div>\n\t\t\t\t\t<\/div>\n\t\t<\/div>\n\t\t\t\t\t<\/div>\n\t\t<\/section>\n\t\t\t\t<section class=\"elementor-section elementor-top-section elementor-element elementor-element-5bfbb6da ct-section-stretched elementor-section-boxed elementor-section-height-default elementor-section-height-default\" data-id=\"5bfbb6da\" data-element_type=\"section\">\n\t\t\t\t\t\t<div class=\"elementor-container elementor-column-gap-no\">\n\t\t\t\t\t<div class=\"elementor-column elementor-col-100 elementor-top-column elementor-element elementor-element-f8257ed\" data-id=\"f8257ed\" data-element_type=\"column\">\n\t\t\t<div class=\"elementor-widget-wrap elementor-element-populated\">\n\t\t\t\t\t\t<div class=\"elementor-element elementor-element-4d8da10e elementor-widget elementor-widget-heading\" data-id=\"4d8da10e\" data-element_type=\"widget\" data-widget_type=\"heading.default\">\n\t\t\t\t<div class=\"elementor-widget-container\">\n\t\t\t\t\t<h2 class=\"elementor-heading-title elementor-size-default\">Encuentra el panorama general<\/h2>\t\t\t\t<\/div>\n\t\t\t\t<\/div>\n\t\t\t\t<div class=\"elementor-element elementor-element-510652d3 elementor-widget elementor-widget-text-editor\" data-id=\"510652d3\" data-element_type=\"widget\" data-widget_type=\"text-editor.default\">\n\t\t\t\t<div class=\"elementor-widget-container\">\n\t\t\t\t\t\t\t\t\t<p>Artome M10 ofrece tecnolog\u00eda de presentaci\u00f3n en forma de muebles inteligentes f\u00e1cilmente m\u00f3viles y permite la realizaci\u00f3n de espacios verdaderamente cambiantes en lugares de trabajo, escuelas y espacios p\u00fablicos.<\/p>\t\t\t\t\t\t\t\t<\/div>\n\t\t\t\t<\/div>\n\t\t\t\t<div class=\"elementor-element elementor-element-2dd7ddca elementor-widget elementor-widget-text-editor\" data-id=\"2dd7ddca\" data-element_type=\"widget\" data-widget_type=\"text-editor.default\">\n\t\t\t\t<div class=\"elementor-widget-container\">\n\t\t\t\t\t\t\t\t\t<p>El mueble inteligente Artome M10 tiene un proyector l\u00e1ser Epson integrado, que se puede utilizar para producir una imagen \u00f3ptima para cada espacio. El ancho de la imagen se puede ajustar de forma continua entre 1,5 y 3,5 metros alejando los muebles de la superficie reflectante. Sin embargo, para alcanzar el tama\u00f1o de imagen m\u00e1ximo (150 oscuro), es suficiente una distancia de aproximadamente 60 cm desde la pared\/superficie reflectante.<\/p>\t\t\t\t\t\t\t\t<\/div>\n\t\t\t\t<\/div>\n\t\t\t\t\t<\/div>\n\t\t<\/div>\n\t\t\t\t\t<\/div>\n\t\t<\/section>\n\t\t\t\t<section class=\"elementor-section elementor-top-section elementor-element elementor-element-2539deb5 ct-section-stretched elementor-section-items-top elementor-section-height-min-height elementor-section-boxed elementor-section-height-default\" data-id=\"2539deb5\" data-element_type=\"section\" data-settings=\"{&quot;background_background&quot;:&quot;classic&quot;}\">\n\t\t\t\t\t\t<div class=\"elementor-container elementor-column-gap-default\">\n\t\t\t\t\t<div class=\"elementor-column elementor-col-50 elementor-top-column elementor-element elementor-element-517cab6\" data-id=\"517cab6\" data-element_type=\"column\">\n\t\t\t<div class=\"elementor-widget-wrap elementor-element-populated\">\n\t\t\t\t\t\t\t<\/div>\n\t\t<\/div>\n\t\t\t\t<div class=\"elementor-column elementor-col-50 elementor-top-column elementor-element elementor-element-6ff23b70\" data-id=\"6ff23b70\" data-element_type=\"column\" data-settings=\"{&quot;background_background&quot;:&quot;classic&quot;}\">\n\t\t\t<div class=\"elementor-widget-wrap\">\n\t\t\t\t\t\t\t<\/div>\n\t\t<\/div>\n\t\t\t\t\t<\/div>\n\t\t<\/section>\n\t\t\t\t<section class=\"elementor-section elementor-top-section elementor-element elementor-element-64e905cd ct-section-stretched elementor-section-boxed elementor-section-height-default elementor-section-height-default\" data-id=\"64e905cd\" data-element_type=\"section\">\n\t\t\t\t\t\t<div class=\"elementor-container elementor-column-gap-default\">\n\t\t\t\t\t<div class=\"elementor-column elementor-col-50 elementor-top-column elementor-element elementor-element-75ded9ef\" data-id=\"75ded9ef\" data-element_type=\"column\" data-settings=\"{&quot;background_background&quot;:&quot;classic&quot;}\">\n\t\t\t<div class=\"elementor-widget-wrap elementor-element-populated\">\n\t\t\t\t\t\t<div class=\"elementor-element elementor-element-66164da6 elementor-widget elementor-widget-heading\" data-id=\"66164da6\" data-element_type=\"widget\" data-widget_type=\"heading.default\">\n\t\t\t\t<div class=\"elementor-widget-container\">\n\t\t\t\t\t<h2 class=\"elementor-heading-title elementor-size-default\">El estudio demuestra que 58 de los alumnos del % no pueden leer todo el contenido en una pantalla fija de 70 pulgadas<\/h2>\t\t\t\t<\/div>\n\t\t\t\t<\/div>\n\t\t\t\t\t<\/div>\n\t\t<\/div>\n\t\t\t\t<div class=\"elementor-column elementor-col-50 elementor-top-column elementor-element elementor-element-605cefbe\" data-id=\"605cefbe\" data-element_type=\"column\" data-settings=\"{&quot;background_background&quot;:&quot;classic&quot;}\">\n\t\t\t<div class=\"elementor-widget-wrap elementor-element-populated\">\n\t\t\t\t\t\t<div class=\"elementor-element elementor-element-3a778d6 elementor-widget elementor-widget-text-editor\" data-id=\"3a778d6\" data-element_type=\"widget\" data-widget_type=\"text-editor.default\">\n\t\t\t\t<div class=\"elementor-widget-container\">\n\t\t\t\t\t\t\t\t\t<p>Cuanto m\u00e1s grande sea el panorama, m\u00e1s clara ser\u00e1 la informaci\u00f3n. Una imagen demasiado peque\u00f1a puede dejar incompleta la absorci\u00f3n del mensaje visual o incluso impedirla por completo. Especialmente en el aprendizaje, es importante que el mensaje visual se transmita. La investigaci\u00f3n muestra que 58 de los estudiantes del % no pueden leer todo el contenido en una pantalla fija de 70 pulgadas, que es un tama\u00f1o de imagen com\u00fanmente utilizado en las aulas, por ejemplo. En las escuelas, se ha observado una clara conexi\u00f3n entre los resultados bajos de las pruebas y que los ni\u00f1os no puedan ver la pantalla con claridad.<\/p>\t\t\t\t\t\t\t\t<\/div>\n\t\t\t\t<\/div>\n\t\t\t\t<div class=\"elementor-element elementor-element-707fa482 elementor-widget elementor-widget-text-editor\" data-id=\"707fa482\" data-element_type=\"widget\" data-widget_type=\"text-editor.default\">\n\t\t\t\t<div class=\"elementor-widget-container\">\n\t\t\t\t\t\t\t\t\t<p>Al considerar el tama\u00f1o \u00f3ptimo de la pantalla, existe un est\u00e1ndar com\u00fan llamado regla 4\/6\/8 ** La regla se basa en la correlaci\u00f3n entre el tama\u00f1o de la habitaci\u00f3n y la altura de la pantalla. Por ejemplo, en una revisi\u00f3n anal\u00edtica, el tama\u00f1o de la pantalla de esquina a esquina debe ser de 120 pulgadas, si la distancia de visualizaci\u00f3n es de 6 metros, y a medida que aumenta la distancia de visualizaci\u00f3n, aumenta el tama\u00f1o de la pantalla.<\/p>\t\t\t\t\t\t\t\t<\/div>\n\t\t\t\t<\/div>\n\t\t\t\t\t<\/div>\n\t\t<\/div>\n\t\t\t\t\t<\/div>\n\t\t<\/section>\n\t\t\t\t<\/div>","protected":false},"excerpt":{"rendered":"<p>Muuntaa tilan hetkess\u00e4 L\u00f6yd\u00e4 suuri kuva Artome M10 tarjoaa esitystekniikkaa helposti liikuteltavan \u00e4lykalusteen muodossa ja mahdollistaa aidosti muuttuvien tilojen toteutuksen ty\u00f6paikoilla, kouluissa ja julkisissa tiloissa. Artome M10 \u00e4lykalusteessa on integroitu Epson laserprojektori, jonka avulla voidaan tuottaa aina optimaalinen kuva tilaan kuin tilaan. Kuvan leveytt\u00e4 voidaan s\u00e4\u00e4t\u00e4\u00e4 portaattomasti 1,5-3,5 metrin v\u00e4lill\u00e4 siirt\u00e4m\u00e4ll\u00e4 kalustetta kauemmas heijastuspinnasta. Maksimikokoisen [&hellip;]<\/p>\n","protected":false},"author":1,"featured_media":0,"parent":0,"menu_order":0,"comment_status":"closed","ping_status":"closed","template":"elementor_header_footer","meta":{"om_disable_all_campaigns":false,"_monsterinsights_skip_tracking":false,"_monsterinsights_sitenote_active":false,"_monsterinsights_sitenote_note":"","_monsterinsights_sitenote_category":0,"_uf_show_specific_survey":0,"_uf_disable_surveys":false,"footnotes":""},"class_list":["post-911","page","type-page","status-publish","hentry"],"blocksy_meta":{"styles_descriptor":{"styles":{"desktop":"","tablet":"","mobile":""},"google_fonts":[],"version":6}},"aioseo_notices":[],"yoast_head":"<!-- This site is optimized with the Yoast SEO Premium plugin v23.2 (Yoast SEO v26.3) - https:\/\/yoast.com\/wordpress\/plugins\/seo\/ -->\n<title>Artome | See the big picture<\/title>\n<meta name=\"description\" content=\"The larger the image, the clearer the information. Artome M10 adapts to any use with scalable image size up to 150 inches. Read more.\" \/>\n<meta name=\"robots\" content=\"index, follow, max-snippet:-1, max-image-preview:large, max-video-preview:-1\" \/>\n<link rel=\"canonical\" href=\"https:\/\/artome.fi\/es\/ver-la-imagen-completa\/\" \/>\n<meta property=\"og:locale\" content=\"es_ES\" \/>\n<meta property=\"og:type\" content=\"article\" \/>\n<meta property=\"og:title\" content=\"See the big picture\" \/>\n<meta property=\"og:description\" content=\"The larger the image, the clearer the information. Artome M10 adapts to any use with scalable image size up to 150 inches. Read more.\" \/>\n<meta property=\"og:url\" content=\"https:\/\/artome.fi\/es\/ver-la-imagen-completa\/\" \/>\n<meta property=\"og:site_name\" content=\"Artome\" \/>\n<meta property=\"article:modified_time\" content=\"2022-11-28T13:46:24+00:00\" \/>\n<meta name=\"twitter:card\" content=\"summary_large_image\" \/>\n<meta name=\"twitter:label1\" content=\"Tiempo de lectura\" \/>\n\t<meta name=\"twitter:data1\" content=\"2 minutos\" \/>\n<script type=\"application\/ld+json\" class=\"yoast-schema-graph\">{\"@context\":\"https:\/\/schema.org\",\"@graph\":[{\"@type\":\"WebPage\",\"@id\":\"https:\/\/artome.fi\/es\/ver-la-imagen-completa\/\",\"url\":\"https:\/\/artome.fi\/es\/ver-la-imagen-completa\/\",\"name\":\"Artome | See the big picture\",\"isPartOf\":{\"@id\":\"https:\/\/artome.fi\/en\/#website\"},\"datePublished\":\"2022-06-09T07:01:47+00:00\",\"dateModified\":\"2022-11-28T13:46:24+00:00\",\"description\":\"The larger the image, the clearer the information. Artome M10 adapts to any use with scalable image size up to 150 inches. Read more.\",\"breadcrumb\":{\"@id\":\"https:\/\/artome.fi\/es\/ver-la-imagen-completa\/#breadcrumb\"},\"inLanguage\":\"es\",\"potentialAction\":[{\"@type\":\"ReadAction\",\"target\":[\"https:\/\/artome.fi\/es\/ver-la-imagen-completa\/\"]}]},{\"@type\":\"BreadcrumbList\",\"@id\":\"https:\/\/artome.fi\/es\/ver-la-imagen-completa\/#breadcrumb\",\"itemListElement\":[{\"@type\":\"ListItem\",\"position\":1,\"name\":\"Etusivu\",\"item\":\"https:\/\/artome.fi\/en\/\"},{\"@type\":\"ListItem\",\"position\":2,\"name\":\"See the big picture\"}]},{\"@type\":\"WebSite\",\"@id\":\"https:\/\/artome.fi\/en\/#website\",\"url\":\"https:\/\/artome.fi\/en\/\",\"name\":\"Artome\",\"description\":\"Redesigning audiovisual with smart furniture\",\"publisher\":{\"@id\":\"https:\/\/artome.fi\/en\/#organization\"},\"potentialAction\":[{\"@type\":\"SearchAction\",\"target\":{\"@type\":\"EntryPoint\",\"urlTemplate\":\"https:\/\/artome.fi\/en\/?s={search_term_string}\"},\"query-input\":{\"@type\":\"PropertyValueSpecification\",\"valueRequired\":true,\"valueName\":\"search_term_string\"}}],\"inLanguage\":\"es\"},{\"@type\":\"Organization\",\"@id\":\"https:\/\/artome.fi\/en\/#organization\",\"name\":\"Artome\",\"url\":\"https:\/\/artome.fi\/en\/\",\"logo\":{\"@type\":\"ImageObject\",\"inLanguage\":\"es\",\"@id\":\"https:\/\/artome.fi\/en\/#\/schema\/logo\/image\/\",\"url\":\"https:\/\/artome.fi\/wp-content\/uploads\/2022\/02\/artome_logo_black.png\",\"contentUrl\":\"https:\/\/artome.fi\/wp-content\/uploads\/2022\/02\/artome_logo_black.png\",\"width\":1280,\"height\":496,\"caption\":\"Artome\"},\"image\":{\"@id\":\"https:\/\/artome.fi\/en\/#\/schema\/logo\/image\/\"}}]}<\/script>\n<!-- \/ Yoast SEO Premium plugin. -->","yoast_head_json":{"title":"Artome | Ver la imagen completa","description":"Cuanto m\u00e1s grande sea la imagen, m\u00e1s clara ser\u00e1 la informaci\u00f3n. Artome M10 se adapta a cualquier uso con un tama\u00f1o de imagen escalable de hasta 150 pulgadas. Leer m\u00e1s.","robots":{"index":"index","follow":"follow","max-snippet":"max-snippet:-1","max-image-preview":"max-image-preview:large","max-video-preview":"max-video-preview:-1"},"canonical":"https:\/\/artome.fi\/es\/ver-la-imagen-completa\/","og_locale":"es_ES","og_type":"article","og_title":"See the big picture","og_description":"The larger the image, the clearer the information. Artome M10 adapts to any use with scalable image size up to 150 inches. Read more.","og_url":"https:\/\/artome.fi\/es\/ver-la-imagen-completa\/","og_site_name":"Artome","article_modified_time":"2022-11-28T13:46:24+00:00","twitter_card":"summary_large_image","twitter_misc":{"Tiempo de lectura":"2 minutos"},"schema":{"@context":"https:\/\/schema.org","@graph":[{"@type":"WebPage","@id":"https:\/\/artome.fi\/es\/ver-la-imagen-completa\/","url":"https:\/\/artome.fi\/es\/ver-la-imagen-completa\/","name":"Artome | Ver la imagen completa","isPartOf":{"@id":"https:\/\/artome.fi\/en\/#website"},"datePublished":"2022-06-09T07:01:47+00:00","dateModified":"2022-11-28T13:46:24+00:00","description":"Cuanto m\u00e1s grande sea la imagen, m\u00e1s clara ser\u00e1 la informaci\u00f3n. Artome M10 se adapta a cualquier uso con un tama\u00f1o de imagen escalable de hasta 150 pulgadas. Leer m\u00e1s.","breadcrumb":{"@id":"https:\/\/artome.fi\/es\/ver-la-imagen-completa\/#breadcrumb"},"inLanguage":"es","potentialAction":[{"@type":"ReadAction","target":["https:\/\/artome.fi\/es\/ver-la-imagen-completa\/"]}]},{"@type":"BreadcrumbList","@id":"https:\/\/artome.fi\/es\/ver-la-imagen-completa\/#breadcrumb","itemListElement":[{"@type":"ListItem","position":1,"name":"Etusivu","item":"https:\/\/artome.fi\/en\/"},{"@type":"ListItem","position":2,"name":"See the big picture"}]},{"@type":"WebSite","@id":"https:\/\/artome.fi\/en\/#website","url":"https:\/\/artome.fi\/en\/","name":"Artome","description":"Redise\u00f1ando el audiovisual con mobiliario inteligente","publisher":{"@id":"https:\/\/artome.fi\/en\/#organization"},"potentialAction":[{"@type":"SearchAction","target":{"@type":"EntryPoint","urlTemplate":"https:\/\/artome.fi\/en\/?s={search_term_string}"},"query-input":{"@type":"PropertyValueSpecification","valueRequired":true,"valueName":"search_term_string"}}],"inLanguage":"es"},{"@type":"Organization","@id":"https:\/\/artome.fi\/en\/#organization","name":"Artome","url":"https:\/\/artome.fi\/en\/","logo":{"@type":"ImageObject","inLanguage":"es","@id":"https:\/\/artome.fi\/en\/#\/schema\/logo\/image\/","url":"https:\/\/artome.fi\/wp-content\/uploads\/2022\/02\/artome_logo_black.png","contentUrl":"https:\/\/artome.fi\/wp-content\/uploads\/2022\/02\/artome_logo_black.png","width":1280,"height":496,"caption":"Artome"},"image":{"@id":"https:\/\/artome.fi\/en\/#\/schema\/logo\/image\/"}}]}},"_links":{"self":[{"href":"https:\/\/artome.fi\/es\/wp-json\/wp\/v2\/pages\/911","targetHints":{"allow":["GET"]}}],"collection":[{"href":"https:\/\/artome.fi\/es\/wp-json\/wp\/v2\/pages"}],"about":[{"href":"https:\/\/artome.fi\/es\/wp-json\/wp\/v2\/types\/page"}],"author":[{"embeddable":true,"href":"https:\/\/artome.fi\/es\/wp-json\/wp\/v2\/users\/1"}],"replies":[{"embeddable":true,"href":"https:\/\/artome.fi\/es\/wp-json\/wp\/v2\/comments?post=911"}],"version-history":[{"count":25,"href":"https:\/\/artome.fi\/es\/wp-json\/wp\/v2\/pages\/911\/revisions"}],"predecessor-version":[{"id":2476,"href":"https:\/\/artome.fi\/es\/wp-json\/wp\/v2\/pages\/911\/revisions\/2476"}],"wp:attachment":[{"href":"https:\/\/artome.fi\/es\/wp-json\/wp\/v2\/media?parent=911"}],"curies":[{"name":"gracias","href":"https:\/\/api.w.org\/{rel}","templated":true}]}}