{"id":1037,"date":"2022-06-09T07:15:15","date_gmt":"2022-06-09T07:15:15","guid":{"rendered":"https:\/\/artome.fi\/?page_id=1037"},"modified":"2022-11-28T13:38:38","modified_gmt":"2022-11-28T13:38:38","slug":"interactive-experience","status":"publish","type":"page","link":"https:\/\/artome.fi\/fr\/experience-interactive\/","title":{"rendered":"Exp\u00e9rience interactive"},"content":{"rendered":"<div data-elementor-type=\"wp-page\" data-elementor-id=\"1037\" class=\"elementor elementor-1037\" data-elementor-post-type=\"page\">\n\t\t\t\t\t\t<section class=\"elementor-section elementor-top-section elementor-element elementor-element-7474c2ac ct-section-stretched elementor-section-height-min-height elementor-section-full_width elementor-section-height-default elementor-section-items-middle\" data-id=\"7474c2ac\" data-element_type=\"section\" data-settings=\"{&quot;background_background&quot;:&quot;classic&quot;}\">\n\t\t\t\t\t\t<div class=\"elementor-container elementor-column-gap-no\">\n\t\t\t\t\t<div class=\"elementor-column elementor-col-100 elementor-top-column elementor-element elementor-element-2acbdd8b\" data-id=\"2acbdd8b\" data-element_type=\"column\">\n\t\t\t<div class=\"elementor-widget-wrap elementor-element-populated\">\n\t\t\t\t\t\t<div class=\"elementor-element elementor-element-49f44ba0 elementor-widget elementor-widget-heading\" data-id=\"49f44ba0\" data-element_type=\"widget\" data-widget_type=\"heading.default\">\n\t\t\t\t<div class=\"elementor-widget-container\">\n\t\t\t\t\t<h1 class=\"elementor-heading-title elementor-size-default\">Une solution de visioconf\u00e9rence et de pr\u00e9sentation \u00e0 distance<\/h1>\t\t\t\t<\/div>\n\t\t\t\t<\/div>\n\t\t\t\t\t<\/div>\n\t\t<\/div>\n\t\t\t\t\t<\/div>\n\t\t<\/section>\n\t\t\t\t<section class=\"elementor-section elementor-top-section elementor-element elementor-element-53b20c84 ct-section-stretched elementor-section-boxed elementor-section-height-default elementor-section-height-default\" data-id=\"53b20c84\" data-element_type=\"section\">\n\t\t\t\t\t\t<div class=\"elementor-container elementor-column-gap-no\">\n\t\t\t\t\t<div class=\"elementor-column elementor-col-100 elementor-top-column elementor-element elementor-element-419ac72\" data-id=\"419ac72\" data-element_type=\"column\">\n\t\t\t<div class=\"elementor-widget-wrap elementor-element-populated\">\n\t\t\t\t\t\t<div class=\"elementor-element elementor-element-1046a52c elementor-widget elementor-widget-heading\" data-id=\"1046a52c\" data-element_type=\"widget\" data-widget_type=\"heading.default\">\n\t\t\t\t<div class=\"elementor-widget-container\">\n\t\t\t\t\t<h2 class=\"elementor-heading-title elementor-size-default\">Pour les besoins de pr\u00e9sentation proches et lointains<\/h2>\t\t\t\t<\/div>\n\t\t\t\t<\/div>\n\t\t\t\t<div class=\"elementor-element elementor-element-75606491 elementor-widget elementor-widget-text-editor\" data-id=\"75606491\" data-element_type=\"widget\" data-widget_type=\"text-editor.default\">\n\t\t\t\t<div class=\"elementor-widget-container\">\n\t\t\t\t\t\t\t\t\t<p>La combinaison du travail \u00e0 distance et du travail local repr\u00e9sente un d\u00e9fi pour les lieux de travail afin de prendre en charge diff\u00e9rentes solutions de r\u00e9union \u00e0 distance, aujourd&#039;hui et \u00e0 l&#039;avenir. Les \u00e9coles sont \u00e9galement confront\u00e9es \u00e0 quelque chose de nouveau, lorsque le travail traditionnel en classe change de forme pour une combinaison d\u2019apprentissage \u00e0 proximit\u00e9 et \u00e0 distance. Le travail hybride n\u00e9cessite un nouveau type de flexibilit\u00e9, tant de la part des espaces de travail que des solutions technologiques. Artome M10 offre une fonctionnalit\u00e9 de vid\u00e9oconf\u00e9rence facile \u00e0 utiliser sous la forme d&#039;un mobilier intelligent enti\u00e8rement mobile.<\/p>\t\t\t\t\t\t\t\t<\/div>\n\t\t\t\t<\/div>\n\t\t\t\t\t<\/div>\n\t\t<\/div>\n\t\t\t\t\t<\/div>\n\t\t<\/section>\n\t\t\t\t<section class=\"elementor-section elementor-top-section elementor-element elementor-element-29af4546 ct-section-stretched elementor-section-items-top elementor-section-height-min-height elementor-section-boxed elementor-section-height-default\" data-id=\"29af4546\" data-element_type=\"section\" data-settings=\"{&quot;background_background&quot;:&quot;classic&quot;}\">\n\t\t\t\t\t\t<div class=\"elementor-container elementor-column-gap-default\">\n\t\t\t\t\t<div class=\"elementor-column elementor-col-50 elementor-top-column elementor-element elementor-element-7eff66b3\" data-id=\"7eff66b3\" data-element_type=\"column\">\n\t\t\t<div class=\"elementor-widget-wrap elementor-element-populated\">\n\t\t\t\t\t\t\t<\/div>\n\t\t<\/div>\n\t\t\t\t<div class=\"elementor-column elementor-col-50 elementor-top-column elementor-element elementor-element-335e9efe\" data-id=\"335e9efe\" data-element_type=\"column\" data-settings=\"{&quot;background_background&quot;:&quot;classic&quot;}\">\n\t\t\t<div class=\"elementor-widget-wrap\">\n\t\t\t\t\t\t\t<\/div>\n\t\t<\/div>\n\t\t\t\t\t<\/div>\n\t\t<\/section>\n\t\t\t\t<section class=\"elementor-section elementor-top-section elementor-element elementor-element-3bcdc4ab ct-section-stretched elementor-section-boxed elementor-section-height-default elementor-section-height-default\" data-id=\"3bcdc4ab\" data-element_type=\"section\">\n\t\t\t\t\t\t<div class=\"elementor-container elementor-column-gap-default\">\n\t\t\t\t\t<div class=\"elementor-column elementor-col-50 elementor-top-column elementor-element elementor-element-8a6a016\" data-id=\"8a6a016\" data-element_type=\"column\" data-settings=\"{&quot;background_background&quot;:&quot;classic&quot;}\">\n\t\t\t<div class=\"elementor-widget-wrap elementor-element-populated\">\n\t\t\t\t\t\t<div class=\"elementor-element elementor-element-2d662a68 elementor-widget elementor-widget-heading\" data-id=\"2d662a68\" data-element_type=\"widget\" data-widget_type=\"heading.default\">\n\t\t\t\t<div class=\"elementor-widget-container\">\n\t\t\t\t\t<h2 class=\"elementor-heading-title elementor-size-default\">En soutien au travail hybride<\/h2>\t\t\t\t<\/div>\n\t\t\t\t<\/div>\n\t\t\t\t\t<\/div>\n\t\t<\/div>\n\t\t\t\t<div class=\"elementor-column elementor-col-50 elementor-top-column elementor-element elementor-element-2eec3b32\" data-id=\"2eec3b32\" data-element_type=\"column\" data-settings=\"{&quot;background_background&quot;:&quot;classic&quot;}\">\n\t\t\t<div class=\"elementor-widget-wrap elementor-element-populated\">\n\t\t\t\t\t\t<div class=\"elementor-element elementor-element-4d58a7e8 elementor-widget elementor-widget-text-editor\" data-id=\"4d58a7e8\" data-element_type=\"widget\" data-widget_type=\"text-editor.default\">\n\t\t\t\t<div class=\"elementor-widget-container\">\n\t\t\t\t\t\t\t\t\t<p>Artome M10 peut \u00eatre utilis\u00e9 pour pr\u00e9senter du contenu de mani\u00e8re flexible. Il est facile de connecter l&#039;appareil intelligent \u00e0 votre ordinateur \u00e0 l&#039;aide d&#039;un c\u00e2ble HDMI, afin que le mat\u00e9riel de pr\u00e9sentation de la r\u00e9union puisse \u00eatre projet\u00e9 sur le mur et en m\u00eame temps partag\u00e9 avec les participants distants. La solution Artome M10 comprend des connexions pour la cam\u00e9ra et les microphones, qui permettent de mettre en \u0153uvre facilement la lecture audio en visioconf\u00e9rence. Lors d\u2019\u00e9v\u00e9nements plus importants, le son peut \u00eatre amplifi\u00e9 dans la salle avec des haut-parleurs externes suppl\u00e9mentaires.<\/p>\t\t\t\t\t\t\t\t<\/div>\n\t\t\t\t<\/div>\n\t\t\t\t<div class=\"elementor-element elementor-element-1efc93d5 elementor-widget elementor-widget-text-editor\" data-id=\"1efc93d5\" data-element_type=\"widget\" data-widget_type=\"text-editor.default\">\n\t\t\t\t<div class=\"elementor-widget-container\">\n\t\t\t\t\t\t\t\t\t<p>Artome M10 utilise notre innovation, la solution HybriDock\u2122. La technologie HybriDock\u2122 permet d&#039;utiliser facilement des cam\u00e9ras, des microphones et des haut-parleurs externes et contribue \u00e0 produire une exp\u00e9rience de vid\u00e9oconf\u00e9rence v\u00e9ritablement interactive pour les spectateurs proches et lointains.<\/p>\t\t\t\t\t\t\t\t<\/div>\n\t\t\t\t<\/div>\n\t\t\t\t\t<\/div>\n\t\t<\/div>\n\t\t\t\t\t<\/div>\n\t\t<\/section>\n\t\t\t\t<section class=\"elementor-section elementor-top-section elementor-element elementor-element-63215fa elementor-section-boxed elementor-section-height-default elementor-section-height-default\" data-id=\"63215fa\" data-element_type=\"section\">\n\t\t\t\t\t\t<div class=\"elementor-container elementor-column-gap-default\">\n\t\t\t\t\t<div class=\"elementor-column elementor-col-100 elementor-top-column elementor-element elementor-element-392d14c\" data-id=\"392d14c\" data-element_type=\"column\">\n\t\t\t<div class=\"elementor-widget-wrap elementor-element-populated\">\n\t\t\t\t\t\t<div class=\"elementor-element elementor-element-c6e0533 elementor-widget elementor-widget-heading\" data-id=\"c6e0533\" data-element_type=\"widget\" data-widget_type=\"heading.default\">\n\t\t\t\t<div class=\"elementor-widget-container\">\n\t\t\t\t\t<h2 class=\"elementor-heading-title elementor-size-default\">En savoir plus sur notre solution technologique HybriDock\u2122<\/h2>\t\t\t\t<\/div>\n\t\t\t\t<\/div>\n\t\t\t\t<div class=\"elementor-element elementor-element-3b4abfd elementor-align-center elementor-widget elementor-widget-button\" data-id=\"3b4abfd\" data-element_type=\"widget\" data-widget_type=\"button.default\">\n\t\t\t\t<div class=\"elementor-widget-container\">\n\t\t\t\t\t\t\t\t\t<div class=\"elementor-button-wrapper\">\n\t\t\t\t\t<a class=\"elementor-button elementor-button-link elementor-size-md elementor-animation-grow\" href=\"https:\/\/artome.fi\/fr\/artome-hybridock\/\" target=\"_blank\">\n\t\t\t\t\t\t<span class=\"elementor-button-content-wrapper\">\n\t\t\t\t\t\t\t\t\t<span class=\"elementor-button-text\">Cliquez ici<\/span>\n\t\t\t\t\t<\/span>\n\t\t\t\t\t<\/a>\n\t\t\t\t<\/div>\n\t\t\t\t\t\t\t\t<\/div>\n\t\t\t\t<\/div>\n\t\t\t\t\t<\/div>\n\t\t<\/div>\n\t\t\t\t\t<\/div>\n\t\t<\/section>\n\t\t\t\t<\/div>","protected":false},"excerpt":{"rendered":"<p>Ratkaisu videoneuvotteluun ja et\u00e4esitt\u00e4miseen Esitt\u00e4misen tarpeisiin l\u00e4hell\u00e4 ja et\u00e4n\u00e4 Et\u00e4- ja l\u00e4hity\u00f6n yhdist\u00e4minen haastavat ty\u00f6paikat tukemaan erilaisia et\u00e4kokousratkaisuja nyt ja tulevaisuudessa. My\u00f6s koulut ovat uuden edess\u00e4, kun perinteinen luokkaty\u00f6skentely muuttaa muotoaan l\u00e4hi- ja et\u00e4opiskelun yhdistelm\u00e4ksi. Hybridity\u00f6skentely vaatii uudenlaista joustavuutta niin ty\u00f6skentelytiloilta, kuin teknologisilta ratkaisuiltakin. Artome M10 tarjoaa helppok\u00e4ytt\u00f6isen videokonferenssiominaisuuden t\u00e4ysin liikuteltavan \u00e4lykalusteen muodossa. Hybridity\u00f6n tukena [&hellip;]<\/p>\n","protected":false},"author":1,"featured_media":0,"parent":0,"menu_order":0,"comment_status":"closed","ping_status":"closed","template":"elementor_header_footer","meta":{"om_disable_all_campaigns":false,"_monsterinsights_skip_tracking":false,"_monsterinsights_sitenote_active":false,"_monsterinsights_sitenote_note":"","_monsterinsights_sitenote_category":0,"_uf_show_specific_survey":0,"_uf_disable_surveys":false,"footnotes":""},"class_list":["post-1037","page","type-page","status-publish","hentry"],"blocksy_meta":{"styles_descriptor":{"styles":{"desktop":"","tablet":"","mobile":""},"google_fonts":[],"version":6}},"aioseo_notices":[],"yoast_head":"<!-- This site is optimized with the Yoast SEO Premium plugin v23.2 (Yoast SEO v26.3) - https:\/\/yoast.com\/wordpress\/plugins\/seo\/ -->\n<title>Artome | Interactive experience<\/title>\n<meta name=\"description\" content=\"Interactive experience. Meet the needs. Workplaces everywhere need to support remote working and hybridmeeting. Check out more.\" \/>\n<meta name=\"robots\" content=\"index, follow, max-snippet:-1, max-image-preview:large, max-video-preview:-1\" \/>\n<link rel=\"canonical\" href=\"https:\/\/artome.fi\/fr\/experience-interactive\/\" \/>\n<meta property=\"og:locale\" content=\"fr_FR\" \/>\n<meta property=\"og:type\" content=\"article\" \/>\n<meta property=\"og:title\" content=\"Interactive experience\" \/>\n<meta property=\"og:description\" content=\"Interactive experience. Meet the needs. Workplaces everywhere need to support remote working and hybridmeeting. Check out more.\" \/>\n<meta property=\"og:url\" content=\"https:\/\/artome.fi\/fr\/experience-interactive\/\" \/>\n<meta property=\"og:site_name\" content=\"Artome\" \/>\n<meta property=\"article:modified_time\" content=\"2022-11-28T13:38:38+00:00\" \/>\n<meta name=\"twitter:card\" content=\"summary_large_image\" \/>\n<meta name=\"twitter:label1\" content=\"Dur\u00e9e de lecture estim\u00e9e\" \/>\n\t<meta name=\"twitter:data1\" content=\"1 minute\" \/>\n<script type=\"application\/ld+json\" class=\"yoast-schema-graph\">{\"@context\":\"https:\/\/schema.org\",\"@graph\":[{\"@type\":\"WebPage\",\"@id\":\"https:\/\/artome.fi\/fr\/experience-interactive\/\",\"url\":\"https:\/\/artome.fi\/fr\/experience-interactive\/\",\"name\":\"Artome | Interactive experience\",\"isPartOf\":{\"@id\":\"https:\/\/artome.fi\/en\/#website\"},\"datePublished\":\"2022-06-09T07:15:15+00:00\",\"dateModified\":\"2022-11-28T13:38:38+00:00\",\"description\":\"Interactive experience. Meet the needs. Workplaces everywhere need to support remote working and hybridmeeting. Check out more.\",\"breadcrumb\":{\"@id\":\"https:\/\/artome.fi\/fr\/experience-interactive\/#breadcrumb\"},\"inLanguage\":\"fr-FR\",\"potentialAction\":[{\"@type\":\"ReadAction\",\"target\":[\"https:\/\/artome.fi\/fr\/experience-interactive\/\"]}]},{\"@type\":\"BreadcrumbList\",\"@id\":\"https:\/\/artome.fi\/fr\/experience-interactive\/#breadcrumb\",\"itemListElement\":[{\"@type\":\"ListItem\",\"position\":1,\"name\":\"Etusivu\",\"item\":\"https:\/\/artome.fi\/en\/\"},{\"@type\":\"ListItem\",\"position\":2,\"name\":\"Interactive experience\"}]},{\"@type\":\"WebSite\",\"@id\":\"https:\/\/artome.fi\/en\/#website\",\"url\":\"https:\/\/artome.fi\/en\/\",\"name\":\"Artome\",\"description\":\"Redesigning audiovisual with smart furniture\",\"publisher\":{\"@id\":\"https:\/\/artome.fi\/en\/#organization\"},\"potentialAction\":[{\"@type\":\"SearchAction\",\"target\":{\"@type\":\"EntryPoint\",\"urlTemplate\":\"https:\/\/artome.fi\/en\/?s={search_term_string}\"},\"query-input\":{\"@type\":\"PropertyValueSpecification\",\"valueRequired\":true,\"valueName\":\"search_term_string\"}}],\"inLanguage\":\"fr-FR\"},{\"@type\":\"Organization\",\"@id\":\"https:\/\/artome.fi\/en\/#organization\",\"name\":\"Artome\",\"url\":\"https:\/\/artome.fi\/en\/\",\"logo\":{\"@type\":\"ImageObject\",\"inLanguage\":\"fr-FR\",\"@id\":\"https:\/\/artome.fi\/en\/#\/schema\/logo\/image\/\",\"url\":\"https:\/\/artome.fi\/wp-content\/uploads\/2022\/02\/artome_logo_black.png\",\"contentUrl\":\"https:\/\/artome.fi\/wp-content\/uploads\/2022\/02\/artome_logo_black.png\",\"width\":1280,\"height\":496,\"caption\":\"Artome\"},\"image\":{\"@id\":\"https:\/\/artome.fi\/en\/#\/schema\/logo\/image\/\"}}]}<\/script>\n<!-- \/ Yoast SEO Premium plugin. -->","yoast_head_json":{"title":"Artom\u00e9 | Exp\u00e9rience interactive","description":"Exp\u00e9rience interactive. R\u00e9pondre aux besoins. Partout dans le monde, les lieux de travail doivent prendre en charge le travail \u00e0 distance et les r\u00e9unions hybrides. D\u00e9couvrez-en davantage.","robots":{"index":"index","follow":"follow","max-snippet":"max-snippet:-1","max-image-preview":"max-image-preview:large","max-video-preview":"max-video-preview:-1"},"canonical":"https:\/\/artome.fi\/fr\/experience-interactive\/","og_locale":"fr_FR","og_type":"article","og_title":"Interactive experience","og_description":"Interactive experience. Meet the needs. Workplaces everywhere need to support remote working and hybridmeeting. Check out more.","og_url":"https:\/\/artome.fi\/fr\/experience-interactive\/","og_site_name":"Artome","article_modified_time":"2022-11-28T13:38:38+00:00","twitter_card":"summary_large_image","twitter_misc":{"Dur\u00e9e de lecture estim\u00e9e":"1 minute"},"schema":{"@context":"https:\/\/schema.org","@graph":[{"@type":"WebPage","@id":"https:\/\/artome.fi\/fr\/experience-interactive\/","url":"https:\/\/artome.fi\/fr\/experience-interactive\/","name":"Artom\u00e9 | Exp\u00e9rience interactive","isPartOf":{"@id":"https:\/\/artome.fi\/en\/#website"},"datePublished":"2022-06-09T07:15:15+00:00","dateModified":"2022-11-28T13:38:38+00:00","description":"Exp\u00e9rience interactive. R\u00e9pondre aux besoins. Partout dans le monde, les lieux de travail doivent prendre en charge le travail \u00e0 distance et les r\u00e9unions hybrides. D\u00e9couvrez-en davantage.","breadcrumb":{"@id":"https:\/\/artome.fi\/fr\/experience-interactive\/#breadcrumb"},"inLanguage":"fr-FR","potentialAction":[{"@type":"ReadAction","target":["https:\/\/artome.fi\/fr\/experience-interactive\/"]}]},{"@type":"BreadcrumbList","@id":"https:\/\/artome.fi\/fr\/experience-interactive\/#breadcrumb","itemListElement":[{"@type":"ListItem","position":1,"name":"Etusivu","item":"https:\/\/artome.fi\/en\/"},{"@type":"ListItem","position":2,"name":"Interactive experience"}]},{"@type":"WebSite","@id":"https:\/\/artome.fi\/en\/#website","url":"https:\/\/artome.fi\/en\/","name":"Artom\u00e9","description":"Repenser l&#039;audiovisuel avec du mobilier intelligent","publisher":{"@id":"https:\/\/artome.fi\/en\/#organization"},"potentialAction":[{"@type":"SearchAction","target":{"@type":"EntryPoint","urlTemplate":"https:\/\/artome.fi\/en\/?s={search_term_string}"},"query-input":{"@type":"PropertyValueSpecification","valueRequired":true,"valueName":"search_term_string"}}],"inLanguage":"fr-FR"},{"@type":"Organization","@id":"https:\/\/artome.fi\/en\/#organization","name":"Artom\u00e9","url":"https:\/\/artome.fi\/en\/","logo":{"@type":"ImageObject","inLanguage":"fr-FR","@id":"https:\/\/artome.fi\/en\/#\/schema\/logo\/image\/","url":"https:\/\/artome.fi\/wp-content\/uploads\/2022\/02\/artome_logo_black.png","contentUrl":"https:\/\/artome.fi\/wp-content\/uploads\/2022\/02\/artome_logo_black.png","width":1280,"height":496,"caption":"Artome"},"image":{"@id":"https:\/\/artome.fi\/en\/#\/schema\/logo\/image\/"}}]}},"_links":{"self":[{"href":"https:\/\/artome.fi\/fr\/wp-json\/wp\/v2\/pages\/1037","targetHints":{"allow":["GET"]}}],"collection":[{"href":"https:\/\/artome.fi\/fr\/wp-json\/wp\/v2\/pages"}],"about":[{"href":"https:\/\/artome.fi\/fr\/wp-json\/wp\/v2\/types\/page"}],"author":[{"embeddable":true,"href":"https:\/\/artome.fi\/fr\/wp-json\/wp\/v2\/users\/1"}],"replies":[{"embeddable":true,"href":"https:\/\/artome.fi\/fr\/wp-json\/wp\/v2\/comments?post=1037"}],"version-history":[{"count":41,"href":"https:\/\/artome.fi\/fr\/wp-json\/wp\/v2\/pages\/1037\/revisions"}],"predecessor-version":[{"id":2491,"href":"https:\/\/artome.fi\/fr\/wp-json\/wp\/v2\/pages\/1037\/revisions\/2491"}],"wp:attachment":[{"href":"https:\/\/artome.fi\/fr\/wp-json\/wp\/v2\/media?parent=1037"}],"curies":[{"name":"wp","href":"https:\/\/api.w.org\/{rel}","templated":true}]}}