{"id":1227,"date":"2022-06-14T07:28:27","date_gmt":"2022-06-14T07:28:27","guid":{"rendered":"https:\/\/artome.fi\/?page_id=1227"},"modified":"2023-11-08T15:38:37","modified_gmt":"2023-11-08T15:38:37","slug":"experiences","status":"publish","type":"page","link":"https:\/\/artome.fi\/fr\/experiences\/","title":{"rendered":"Exp\u00e9riences"},"content":{"rendered":"<div data-elementor-type=\"wp-page\" data-elementor-id=\"1227\" class=\"elementor elementor-1227\" data-elementor-post-type=\"page\">\n\t\t\t\t\t\t<section class=\"elementor-section elementor-top-section elementor-element elementor-element-c2955c7 elementor-section-boxed elementor-section-height-default elementor-section-height-default\" data-id=\"c2955c7\" data-element_type=\"section\">\n\t\t\t\t\t\t<div class=\"elementor-container elementor-column-gap-default\">\n\t\t\t\t\t<div class=\"elementor-column elementor-col-100 elementor-top-column elementor-element elementor-element-cf53218\" data-id=\"cf53218\" data-element_type=\"column\">\n\t\t\t<div class=\"elementor-widget-wrap elementor-element-populated\">\n\t\t\t\t\t\t<div class=\"elementor-element elementor-element-7792c5a elementor-widget elementor-widget-heading\" data-id=\"7792c5a\" data-element_type=\"widget\" data-widget_type=\"heading.default\">\n\t\t\t\t<div class=\"elementor-widget-container\">\n\t\t\t\t\t<h2 class=\"elementor-heading-title elementor-size-default\">Exp\u00e9riences<\/h2>\t\t\t\t<\/div>\n\t\t\t\t<\/div>\n\t\t\t\t\t<\/div>\n\t\t<\/div>\n\t\t\t\t\t<\/div>\n\t\t<\/section>\n\t\t\t\t<section class=\"elementor-section elementor-top-section elementor-element elementor-element-eb5c860 elementor-reverse-tablet elementor-section-boxed elementor-section-height-default elementor-section-height-default\" data-id=\"eb5c860\" data-element_type=\"section\" data-settings=\"{&quot;background_background&quot;:&quot;classic&quot;}\">\n\t\t\t\t\t\t<div class=\"elementor-container elementor-column-gap-default\">\n\t\t\t\t\t<div class=\"elementor-column elementor-col-50 elementor-top-column elementor-element elementor-element-0bd8abc\" data-id=\"0bd8abc\" data-element_type=\"column\" data-settings=\"{&quot;background_background&quot;:&quot;slideshow&quot;,&quot;background_slideshow_gallery&quot;:[],&quot;background_slideshow_loop&quot;:&quot;yes&quot;,&quot;background_slideshow_slide_duration&quot;:5000,&quot;background_slideshow_slide_transition&quot;:&quot;fade&quot;,&quot;background_slideshow_transition_duration&quot;:500}\">\n\t\t\t<div class=\"elementor-widget-wrap elementor-element-populated\">\n\t\t\t\t\t\t<div class=\"elementor-element elementor-element-c40d9af elementor-widget elementor-widget-image\" data-id=\"c40d9af\" data-element_type=\"widget\" data-widget_type=\"image.default\">\n\t\t\t\t<div class=\"elementor-widget-container\">\n\t\t\t\t\t\t\t\t\t\t\t\t\t\t\t\t<a href=\"https:\/\/artome.fi\/wp-content\/uploads\/2022\/11\/Artome-M10-Kulosaari-scaled.jpg\" data-elementor-open-lightbox=\"yes\" data-e-action-hash=\"#elementor-action%3Aaction%3Dlightbox%26settings%3DeyJpZCI6MzM0OSwidXJsIjoiaHR0cHM6XC9cL2FydG9tZS5maVwvd3AtY29udGVudFwvdXBsb2Fkc1wvMjAyMlwvMTFcL0FydG9tZS1NMTAtS3Vsb3NhYXJpLXNjYWxlZC5qcGcifQ%3D%3D\">\n\t\t\t\t\t\t\t<img fetchpriority=\"high\" decoding=\"async\" width=\"1024\" height=\"658\" src=\"https:\/\/artome.fi\/wp-content\/uploads\/2022\/11\/Artome-M10-Kulosaari-1024x658.jpg\" class=\"attachment-large size-large wp-image-3349\" alt=\"Solution audiovisuelle Artome M10 dans une salle de classe du lyc\u00e9e de Kulosaari\" srcset=\"https:\/\/artome.fi\/wp-content\/uploads\/2022\/11\/Artome-M10-Kulosaari-1024x658.jpg 1024w, https:\/\/artome.fi\/wp-content\/uploads\/2022\/11\/Artome-M10-Kulosaari-300x193.jpg 300w, https:\/\/artome.fi\/wp-content\/uploads\/2022\/11\/Artome-M10-Kulosaari-768x494.jpg 768w, https:\/\/artome.fi\/wp-content\/uploads\/2022\/11\/Artome-M10-Kulosaari-1536x988.jpg 1536w, https:\/\/artome.fi\/wp-content\/uploads\/2022\/11\/Artome-M10-Kulosaari-2048x1317.jpg 2048w, https:\/\/artome.fi\/wp-content\/uploads\/2022\/11\/Artome-M10-Kulosaari-18x12.jpg 18w\" sizes=\"(max-width: 1024px) 100vw, 1024px\" \/>\t\t\t\t\t\t\t\t<\/a>\n\t\t\t\t\t\t\t\t\t\t\t\t\t\t\t<\/div>\n\t\t\t\t<\/div>\n\t\t\t\t\t<\/div>\n\t\t<\/div>\n\t\t\t\t<div class=\"elementor-column elementor-col-50 elementor-top-column elementor-element elementor-element-8e8c71a\" data-id=\"8e8c71a\" data-element_type=\"column\">\n\t\t\t<div class=\"elementor-widget-wrap elementor-element-populated\">\n\t\t\t\t\t\t<div class=\"elementor-element elementor-element-a575358 elementor-widget elementor-widget-spacer\" data-id=\"a575358\" data-element_type=\"widget\" data-widget_type=\"spacer.default\">\n\t\t\t\t<div class=\"elementor-widget-container\">\n\t\t\t\t\t\t\t<div class=\"elementor-spacer\">\n\t\t\t<div class=\"elementor-spacer-inner\"><\/div>\n\t\t<\/div>\n\t\t\t\t\t\t<\/div>\n\t\t\t\t<\/div>\n\t\t\t\t<div class=\"elementor-element elementor-element-fc3ef84 elementor-widget elementor-widget-heading\" data-id=\"fc3ef84\" data-element_type=\"widget\" data-widget_type=\"heading.default\">\n\t\t\t\t<div class=\"elementor-widget-container\">\n\t\t\t\t\t<h2 class=\"elementor-heading-title elementor-size-default\">L'\u00e9cole \"Kulosaari\"<\/h2>\t\t\t\t<\/div>\n\t\t\t\t<\/div>\n\t\t\t\t<div class=\"elementor-element elementor-element-8683df5 elementor-widget elementor-widget-heading\" data-id=\"8683df5\" data-element_type=\"widget\" data-widget_type=\"heading.default\">\n\t\t\t\t<div class=\"elementor-widget-container\">\n\t\t\t\t\t<h2 class=\"elementor-heading-title elementor-size-default\">Tous types d'espaces et technologies flexibles<\/h2>\t\t\t\t<\/div>\n\t\t\t\t<\/div>\n\t\t\t\t<div class=\"elementor-element elementor-element-5fb37ef elementor-widget elementor-widget-text-editor\" data-id=\"5fb37ef\" data-element_type=\"widget\" data-widget_type=\"text-editor.default\">\n\t\t\t\t<div class=\"elementor-widget-container\">\n\t\t\t\t\t\t\t\t\t<p class=\"p1\">L'\u00e9cole \"Kulosaari\" souhaitait offrir aux \u00e9l\u00e8ves toutes sortes d'espaces et de technologies flexibles pour les aider \u00e0 r\u00e9ussir et \u00e0 s'\u00e9panouir dans le monde de demain. D\u00e9couvrez pourquoi l'\u00e9cole secondaire de Kulosaari a choisi une unit\u00e9 Artome sans installation, et comment elle a permis de gagner du temps et de l'argent depuis l'int\u00e9gration jusqu'au travail quotidien.<\/p>\t\t\t\t\t\t\t\t<\/div>\n\t\t\t\t<\/div>\n\t\t\t\t<div class=\"elementor-element elementor-element-4a95a4a elementor-mobile-align-center elementor-widget elementor-widget-button\" data-id=\"4a95a4a\" data-element_type=\"widget\" data-widget_type=\"button.default\">\n\t\t\t\t<div class=\"elementor-widget-container\">\n\t\t\t\t\t\t\t\t\t<div class=\"elementor-button-wrapper\">\n\t\t\t\t\t<a class=\"elementor-button elementor-button-link elementor-size-sm\" href=\"https:\/\/artome.fi\/fr\/kulosaari\/\">\n\t\t\t\t\t\t<span class=\"elementor-button-content-wrapper\">\n\t\t\t\t\t\t\t\t\t<span class=\"elementor-button-text\">Lire plus<\/span>\n\t\t\t\t\t<\/span>\n\t\t\t\t\t<\/a>\n\t\t\t\t<\/div>\n\t\t\t\t\t\t\t\t<\/div>\n\t\t\t\t<\/div>\n\t\t\t\t<div class=\"elementor-element elementor-element-b04ca2d elementor-widget elementor-widget-spacer\" data-id=\"b04ca2d\" data-element_type=\"widget\" data-widget_type=\"spacer.default\">\n\t\t\t\t<div class=\"elementor-widget-container\">\n\t\t\t\t\t\t\t<div class=\"elementor-spacer\">\n\t\t\t<div class=\"elementor-spacer-inner\"><\/div>\n\t\t<\/div>\n\t\t\t\t\t\t<\/div>\n\t\t\t\t<\/div>\n\t\t\t\t\t<\/div>\n\t\t<\/div>\n\t\t\t\t\t<\/div>\n\t\t<\/section>\n\t\t\t\t<section class=\"elementor-section elementor-top-section elementor-element elementor-element-0f15ef7 elementor-section-boxed elementor-section-height-default elementor-section-height-default\" data-id=\"0f15ef7\" data-element_type=\"section\">\n\t\t\t\t\t\t<div class=\"elementor-container elementor-column-gap-default\">\n\t\t\t\t\t<div class=\"elementor-column elementor-col-50 elementor-top-column elementor-element elementor-element-8a7ce90\" data-id=\"8a7ce90\" data-element_type=\"column\">\n\t\t\t<div class=\"elementor-widget-wrap elementor-element-populated\">\n\t\t\t\t\t\t<div class=\"elementor-element elementor-element-7ac369f elementor-widget elementor-widget-heading\" data-id=\"7ac369f\" data-element_type=\"widget\" data-widget_type=\"heading.default\">\n\t\t\t\t<div class=\"elementor-widget-container\">\n\t\t\t\t\t<h2 class=\"elementor-heading-title elementor-size-default\">Plus d&#039;exp\u00e9riences <br> d&#039;Art\u00f4me ici<\/h2>\t\t\t\t<\/div>\n\t\t\t\t<\/div>\n\t\t\t\t<div class=\"elementor-element elementor-element-57ce775 elementor-mobile-align-center elementor-align-center elementor-widget elementor-widget-button\" data-id=\"57ce775\" data-element_type=\"widget\" data-widget_type=\"button.default\">\n\t\t\t\t<div class=\"elementor-widget-container\">\n\t\t\t\t\t\t\t\t\t<div class=\"elementor-button-wrapper\">\n\t\t\t\t\t<a class=\"elementor-button elementor-button-link elementor-size-sm\" href=\"https:\/\/artome.fi\/en\/experiences\/\">\n\t\t\t\t\t\t<span class=\"elementor-button-content-wrapper\">\n\t\t\t\t\t\t\t\t\t<span class=\"elementor-button-text\">Lire plus (en anglais)<\/span>\n\t\t\t\t\t<\/span>\n\t\t\t\t\t<\/a>\n\t\t\t\t<\/div>\n\t\t\t\t\t\t\t\t<\/div>\n\t\t\t\t<\/div>\n\t\t\t\t\t<\/div>\n\t\t<\/div>\n\t\t\t\t<div class=\"elementor-column elementor-col-50 elementor-top-column elementor-element elementor-element-97780e1\" data-id=\"97780e1\" data-element_type=\"column\">\n\t\t\t<div class=\"elementor-widget-wrap elementor-element-populated\">\n\t\t\t\t\t\t<div class=\"elementor-element elementor-element-15608d2 elementor-widget elementor-widget-image\" data-id=\"15608d2\" data-element_type=\"widget\" data-widget_type=\"image.default\">\n\t\t\t\t<div class=\"elementor-widget-container\">\n\t\t\t\t\t\t\t\t\t\t\t\t\t\t\t<img decoding=\"async\" width=\"1024\" height=\"683\" src=\"https:\/\/artome.fi\/wp-content\/uploads\/2022\/12\/Edu-Hub-web-1024x683.jpg\" class=\"attachment-large size-large wp-image-3510\" alt=\"Solution audiovisuelle sans installation, Artome M10, au Helsinki Education Hub\" srcset=\"https:\/\/artome.fi\/wp-content\/uploads\/2022\/12\/Edu-Hub-web-1024x683.jpg 1024w, https:\/\/artome.fi\/wp-content\/uploads\/2022\/12\/Edu-Hub-web-300x200.jpg 300w, https:\/\/artome.fi\/wp-content\/uploads\/2022\/12\/Edu-Hub-web-768x512.jpg 768w, https:\/\/artome.fi\/wp-content\/uploads\/2022\/12\/Edu-Hub-web-1536x1024.jpg 1536w, https:\/\/artome.fi\/wp-content\/uploads\/2022\/12\/Edu-Hub-web-2048x1366.jpg 2048w, https:\/\/artome.fi\/wp-content\/uploads\/2022\/12\/Edu-Hub-web-18x12.jpg 18w\" sizes=\"(max-width: 1024px) 100vw, 1024px\" \/>\t\t\t\t\t\t\t\t\t\t\t\t\t\t\t<\/div>\n\t\t\t\t<\/div>\n\t\t\t\t\t<\/div>\n\t\t<\/div>\n\t\t\t\t\t<\/div>\n\t\t<\/section>\n\t\t\t\t<\/div>","protected":false},"excerpt":{"rendered":"<p>Kokemuksia Naava Skandinaavinen ja tyylik\u00e4s ulkon\u00e4k\u00f6 saivat Naavan valitsemaan Artomen uudelle showroomilleen Helsingin syd\u00e4meen. Yhteisty\u00f6 ulottui kuitenkin kansainv\u00e4lisille messuille asti, joilla Naava hy\u00f6dynsi ketter\u00e4sti Artomen helppok\u00e4ytt\u00f6ist\u00e4 esitystekniikkaa messuosastollaan ja s\u00e4\u00e4sti rahaa. Lue lis\u00e4\u00e4 Kulosaaren yhteiskoulu Muuntojoustavat oppimistilat Rakennusprojektin keskeisimpi\u00e4 tavoitteita oli mahdollistaa muuntojoustavat oppimistilat ja helppok\u00e4ytt\u00f6inen audiovisuaalinen tekniikka tukemaan opiskelijoiden kehityst\u00e4 ja menestymist\u00e4 tulevaisuudessa. Lue [&hellip;]<\/p>\n","protected":false},"author":3,"featured_media":0,"parent":0,"menu_order":0,"comment_status":"closed","ping_status":"closed","template":"elementor_header_footer","meta":{"om_disable_all_campaigns":false,"_monsterinsights_skip_tracking":false,"_monsterinsights_sitenote_active":false,"_monsterinsights_sitenote_note":"","_monsterinsights_sitenote_category":0,"_uf_show_specific_survey":0,"_uf_disable_surveys":false,"footnotes":""},"class_list":["post-1227","page","type-page","status-publish","hentry"],"blocksy_meta":{"styles_descriptor":{"styles":{"desktop":"","tablet":"","mobile":""},"google_fonts":[],"version":6}},"aioseo_notices":[],"yoast_head":"<!-- This site is optimized with the Yoast SEO Premium plugin v23.2 (Yoast SEO v26.3) - https:\/\/yoast.com\/wordpress\/plugins\/seo\/ -->\n<title>Artome | Experiences<\/title>\n<meta name=\"description\" content=\"Check out more about our clients experiences.\" \/>\n<meta name=\"robots\" content=\"index, follow, max-snippet:-1, max-image-preview:large, max-video-preview:-1\" \/>\n<link rel=\"canonical\" href=\"https:\/\/artome.fi\/fr\/experiences\/\" \/>\n<meta property=\"og:locale\" content=\"fr_FR\" \/>\n<meta property=\"og:type\" content=\"article\" \/>\n<meta property=\"og:title\" content=\"Kokemuksia\" \/>\n<meta property=\"og:description\" content=\"Check out more about our clients experiences.\" \/>\n<meta property=\"og:url\" content=\"https:\/\/artome.fi\/fr\/experiences\/\" \/>\n<meta property=\"og:site_name\" content=\"Artome\" \/>\n<meta property=\"article:modified_time\" content=\"2023-11-08T15:38:37+00:00\" \/>\n<meta property=\"og:image\" content=\"https:\/\/artome.fi\/wp-content\/uploads\/2023\/01\/Naava-showroom-1024x683.jpg\" \/>\n<meta name=\"twitter:card\" content=\"summary_large_image\" \/>\n<meta name=\"twitter:label1\" content=\"Dur\u00e9e de lecture estim\u00e9e\" \/>\n\t<meta name=\"twitter:data1\" content=\"3 minutes\" \/>\n<script type=\"application\/ld+json\" class=\"yoast-schema-graph\">{\"@context\":\"https:\/\/schema.org\",\"@graph\":[{\"@type\":\"WebPage\",\"@id\":\"https:\/\/artome.fi\/fi\/experiences\/\",\"url\":\"https:\/\/artome.fi\/fi\/experiences\/\",\"name\":\"Artome | Experiences\",\"isPartOf\":{\"@id\":\"https:\/\/artome.fi\/en\/#website\"},\"primaryImageOfPage\":{\"@id\":\"https:\/\/artome.fi\/fi\/experiences\/#primaryimage\"},\"image\":{\"@id\":\"https:\/\/artome.fi\/fi\/experiences\/#primaryimage\"},\"thumbnailUrl\":\"https:\/\/artome.fi\/wp-content\/uploads\/2023\/01\/Naava-showroom-1024x683.jpg\",\"datePublished\":\"2022-06-14T07:28:27+00:00\",\"dateModified\":\"2023-11-08T15:38:37+00:00\",\"description\":\"Check out more about our clients experiences.\",\"breadcrumb\":{\"@id\":\"https:\/\/artome.fi\/fi\/experiences\/#breadcrumb\"},\"inLanguage\":\"fr-FR\",\"potentialAction\":[{\"@type\":\"ReadAction\",\"target\":[\"https:\/\/artome.fi\/fi\/experiences\/\"]}]},{\"@type\":\"ImageObject\",\"inLanguage\":\"fr-FR\",\"@id\":\"https:\/\/artome.fi\/fi\/experiences\/#primaryimage\",\"url\":\"https:\/\/artome.fi\/wp-content\/uploads\/2023\/01\/Naava-showroom-1024x683.jpg\",\"contentUrl\":\"https:\/\/artome.fi\/wp-content\/uploads\/2023\/01\/Naava-showroom-1024x683.jpg\"},{\"@type\":\"BreadcrumbList\",\"@id\":\"https:\/\/artome.fi\/fi\/experiences\/#breadcrumb\",\"itemListElement\":[{\"@type\":\"ListItem\",\"position\":1,\"name\":\"Etusivu\",\"item\":\"https:\/\/artome.fi\/en\/\"},{\"@type\":\"ListItem\",\"position\":2,\"name\":\"Kokemuksia\"}]},{\"@type\":\"WebSite\",\"@id\":\"https:\/\/artome.fi\/en\/#website\",\"url\":\"https:\/\/artome.fi\/en\/\",\"name\":\"Artome\",\"description\":\"Redesigning audiovisual with smart furniture\",\"publisher\":{\"@id\":\"https:\/\/artome.fi\/en\/#organization\"},\"potentialAction\":[{\"@type\":\"SearchAction\",\"target\":{\"@type\":\"EntryPoint\",\"urlTemplate\":\"https:\/\/artome.fi\/en\/?s={search_term_string}\"},\"query-input\":{\"@type\":\"PropertyValueSpecification\",\"valueRequired\":true,\"valueName\":\"search_term_string\"}}],\"inLanguage\":\"fr-FR\"},{\"@type\":\"Organization\",\"@id\":\"https:\/\/artome.fi\/en\/#organization\",\"name\":\"Artome\",\"url\":\"https:\/\/artome.fi\/en\/\",\"logo\":{\"@type\":\"ImageObject\",\"inLanguage\":\"fr-FR\",\"@id\":\"https:\/\/artome.fi\/en\/#\/schema\/logo\/image\/\",\"url\":\"https:\/\/artome.fi\/wp-content\/uploads\/2022\/02\/artome_logo_black.png\",\"contentUrl\":\"https:\/\/artome.fi\/wp-content\/uploads\/2022\/02\/artome_logo_black.png\",\"width\":1280,\"height\":496,\"caption\":\"Artome\"},\"image\":{\"@id\":\"https:\/\/artome.fi\/en\/#\/schema\/logo\/image\/\"}}]}<\/script>\n<!-- \/ Yoast SEO Premium plugin. -->","yoast_head_json":{"title":"Artom\u00e9 | Exp\u00e9riences","description":"D\u00e9couvrez-en davantage sur les exp\u00e9riences de nos clients.","robots":{"index":"index","follow":"follow","max-snippet":"max-snippet:-1","max-image-preview":"max-image-preview:large","max-video-preview":"max-video-preview:-1"},"canonical":"https:\/\/artome.fi\/fr\/experiences\/","og_locale":"fr_FR","og_type":"article","og_title":"Kokemuksia","og_description":"Check out more about our clients experiences.","og_url":"https:\/\/artome.fi\/fr\/experiences\/","og_site_name":"Artome","article_modified_time":"2023-11-08T15:38:37+00:00","og_image":[{"url":"https:\/\/artome.fi\/wp-content\/uploads\/2023\/01\/Naava-showroom-1024x683.jpg","type":"","width":"","height":""}],"twitter_card":"summary_large_image","twitter_misc":{"Dur\u00e9e de lecture estim\u00e9e":"3 minutes"},"schema":{"@context":"https:\/\/schema.org","@graph":[{"@type":"WebPage","@id":"https:\/\/artome.fi\/fi\/experiences\/","url":"https:\/\/artome.fi\/fi\/experiences\/","name":"Artom\u00e9 | Exp\u00e9riences","isPartOf":{"@id":"https:\/\/artome.fi\/en\/#website"},"primaryImageOfPage":{"@id":"https:\/\/artome.fi\/fi\/experiences\/#primaryimage"},"image":{"@id":"https:\/\/artome.fi\/fi\/experiences\/#primaryimage"},"thumbnailUrl":"https:\/\/artome.fi\/wp-content\/uploads\/2023\/01\/Naava-showroom-1024x683.jpg","datePublished":"2022-06-14T07:28:27+00:00","dateModified":"2023-11-08T15:38:37+00:00","description":"D\u00e9couvrez-en davantage sur les exp\u00e9riences de nos clients.","breadcrumb":{"@id":"https:\/\/artome.fi\/fi\/experiences\/#breadcrumb"},"inLanguage":"fr-FR","potentialAction":[{"@type":"ReadAction","target":["https:\/\/artome.fi\/fi\/experiences\/"]}]},{"@type":"ImageObject","inLanguage":"fr-FR","@id":"https:\/\/artome.fi\/fi\/experiences\/#primaryimage","url":"https:\/\/artome.fi\/wp-content\/uploads\/2023\/01\/Naava-showroom-1024x683.jpg","contentUrl":"https:\/\/artome.fi\/wp-content\/uploads\/2023\/01\/Naava-showroom-1024x683.jpg"},{"@type":"BreadcrumbList","@id":"https:\/\/artome.fi\/fi\/experiences\/#breadcrumb","itemListElement":[{"@type":"ListItem","position":1,"name":"Etusivu","item":"https:\/\/artome.fi\/en\/"},{"@type":"ListItem","position":2,"name":"Kokemuksia"}]},{"@type":"WebSite","@id":"https:\/\/artome.fi\/en\/#website","url":"https:\/\/artome.fi\/en\/","name":"Artom\u00e9","description":"Repenser l&#039;audiovisuel avec du mobilier intelligent","publisher":{"@id":"https:\/\/artome.fi\/en\/#organization"},"potentialAction":[{"@type":"SearchAction","target":{"@type":"EntryPoint","urlTemplate":"https:\/\/artome.fi\/en\/?s={search_term_string}"},"query-input":{"@type":"PropertyValueSpecification","valueRequired":true,"valueName":"search_term_string"}}],"inLanguage":"fr-FR"},{"@type":"Organization","@id":"https:\/\/artome.fi\/en\/#organization","name":"Artom\u00e9","url":"https:\/\/artome.fi\/en\/","logo":{"@type":"ImageObject","inLanguage":"fr-FR","@id":"https:\/\/artome.fi\/en\/#\/schema\/logo\/image\/","url":"https:\/\/artome.fi\/wp-content\/uploads\/2022\/02\/artome_logo_black.png","contentUrl":"https:\/\/artome.fi\/wp-content\/uploads\/2022\/02\/artome_logo_black.png","width":1280,"height":496,"caption":"Artome"},"image":{"@id":"https:\/\/artome.fi\/en\/#\/schema\/logo\/image\/"}}]}},"_links":{"self":[{"href":"https:\/\/artome.fi\/fr\/wp-json\/wp\/v2\/pages\/1227","targetHints":{"allow":["GET"]}}],"collection":[{"href":"https:\/\/artome.fi\/fr\/wp-json\/wp\/v2\/pages"}],"about":[{"href":"https:\/\/artome.fi\/fr\/wp-json\/wp\/v2\/types\/page"}],"author":[{"embeddable":true,"href":"https:\/\/artome.fi\/fr\/wp-json\/wp\/v2\/users\/3"}],"replies":[{"embeddable":true,"href":"https:\/\/artome.fi\/fr\/wp-json\/wp\/v2\/comments?post=1227"}],"version-history":[{"count":102,"href":"https:\/\/artome.fi\/fr\/wp-json\/wp\/v2\/pages\/1227\/revisions"}],"predecessor-version":[{"id":6588,"href":"https:\/\/artome.fi\/fr\/wp-json\/wp\/v2\/pages\/1227\/revisions\/6588"}],"wp:attachment":[{"href":"https:\/\/artome.fi\/fr\/wp-json\/wp\/v2\/media?parent=1227"}],"curies":[{"name":"wp","href":"https:\/\/api.w.org\/{rel}","templated":true}]}}