{"id":1636,"date":"2022-07-21T13:33:02","date_gmt":"2022-07-21T13:33:02","guid":{"rendered":"https:\/\/artome.fi\/?page_id=1636"},"modified":"2025-12-16T07:05:05","modified_gmt":"2025-12-16T07:05:05","slug":"privacy-policy","status":"publish","type":"page","link":"https:\/\/artome.fi\/fr\/politique-de-confidentialite\/","title":{"rendered":"Politique de confidentialit\u00e9 - Protection des informations"},"content":{"rendered":"<div data-elementor-type=\"wp-page\" data-elementor-id=\"1636\" class=\"elementor elementor-1636\" data-elementor-post-type=\"page\">\n\t\t\t\t\t\t<section class=\"elementor-section elementor-top-section elementor-element elementor-element-375085f elementor-section-boxed elementor-section-height-default elementor-section-height-default\" data-id=\"375085f\" data-element_type=\"section\">\n\t\t\t\t\t\t<div class=\"elementor-container elementor-column-gap-default\">\n\t\t\t\t\t<div class=\"elementor-column elementor-col-100 elementor-top-column elementor-element elementor-element-f0743cd\" data-id=\"f0743cd\" data-element_type=\"column\">\n\t\t\t<div class=\"elementor-widget-wrap elementor-element-populated\">\n\t\t\t\t\t\t<div class=\"elementor-element elementor-element-b660cee elementor-widget elementor-widget-text-editor\" data-id=\"b660cee\" data-element_type=\"widget\" data-widget_type=\"text-editor.default\">\n\t\t\t\t<div class=\"elementor-widget-container\">\n\t\t\t\t\t\t\t\t\t<h2 style=\"margin-bottom: 20px; font-size: var(--fontSize); text-align: start; line-height: var(--lineHeight); font-family: -apple-system, BlinkMacSystemFont, 'Segoe UI', Roboto, Helvetica, Arial, sans-serif, 'Apple Color Emoji', 'Segoe UI Emoji', 'Segoe UI Symbol'; font-weight: var(--fontWeight); font-style: normal; letter-spacing: normal; text-transform: none; text-decoration-thickness: initial; text-decoration-style: initial; text-decoration-color: initial; --fontweight: 700; --fontsize: 35px; --lineheight: 1.5;\">D\u00e9claration de confidentialit\u00e9 d&#039;Artome Oy<\/h2>\n<p style=\"margin-bottom: var(--content-spacing); font-size: 16px; text-align: start;\">Loi sur les donn\u00e9es personnelles (523\/1999), articles 10 et 24<br>Date de pr\u00e9paration 7 mai 2018<br>Derni\u00e8re mise \u00e0 jour : 29 juin 2022<\/p>\n<h2 style=\"margin-top: 0px; margin-bottom: 20px; font-size: var(--fontSize); text-align: start; line-height: var(--lineHeight); font-family: -apple-system, BlinkMacSystemFont, 'Segoe UI', Roboto, Helvetica, Arial, sans-serif, 'Apple Color Emoji', 'Segoe UI Emoji', 'Segoe UI Symbol'; font-weight: var(--fontWeight); font-style: normal; letter-spacing: normal; text-transform: none; text-decoration-thickness: initial; text-decoration-style: initial; text-decoration-color: initial; --fontweight: 700; --fontsize: 35px; --lineheight: 1.5;\">Le gardien du registre<\/h2>\n<p style=\"margin-bottom: var(--content-spacing); font-size: 16px; text-align: start;\">Artome Oy (num\u00e9ro d'identification de l'entreprise : 2775902-5)<br>Syrj\u00e4l\u00e4ntie 81, 19110 HEINOLA<br>T\u00e9l. contact@artome.fi<\/p>\n<h2 style=\"margin-top: 0px; margin-bottom: 20px; font-size: var(--fontSize); text-align: start; line-height: var(--lineHeight); font-family: -apple-system, BlinkMacSystemFont, 'Segoe UI', Roboto, Helvetica, Arial, sans-serif, 'Apple Color Emoji', 'Segoe UI Emoji', 'Segoe UI Symbol'; font-weight: var(--fontWeight); font-style: normal; letter-spacing: normal; text-transform: none; text-decoration-thickness: initial; text-decoration-style: initial; text-decoration-color: initial; --fontweight: 700; --fontsize: 35px; --lineheight: 1.5;\">Personne de contact pour les questions concernant le registre<\/h2>\n<p style=\"margin-bottom: var(--content-spacing); font-size: 16px; text-align: start;\">Toni Parikka<br>Syrj\u00e4l\u00e4ntie 81, 19110 HEINOLA<br>T\u00e9l. 0405291821<br>toni.parikka@artome.fi<\/p>\n<h2 style=\"margin-top: 0px; margin-bottom: 20px; font-size: var(--fontSize); text-align: start; line-height: var(--lineHeight); font-family: -apple-system, BlinkMacSystemFont, 'Segoe UI', Roboto, Helvetica, Arial, sans-serif, 'Apple Color Emoji', 'Segoe UI Emoji', 'Segoe UI Symbol'; font-weight: var(--fontWeight); font-style: normal; letter-spacing: normal; text-transform: none; text-decoration-thickness: initial; text-decoration-style: initial; text-decoration-color: initial; --fontweight: 700; --fontsize: 35px; --lineheight: 1.5;\">Nom du registre<\/h2>\n<p style=\"margin-bottom: var(--content-spacing); font-size: 16px; text-align: start;\">Registre des clients<\/p>\n<h2 style=\"margin-top: 0px; margin-bottom: 20px; font-size: var(--fontSize); text-align: start; line-height: var(--lineHeight); font-family: -apple-system, BlinkMacSystemFont, 'Segoe UI', Roboto, Helvetica, Arial, sans-serif, 'Apple Color Emoji', 'Segoe UI Emoji', 'Segoe UI Symbol'; font-weight: var(--fontWeight); font-style: normal; letter-spacing: normal; text-transform: none; text-decoration-thickness: initial; text-decoration-style: initial; text-decoration-color: initial; --fontweight: 700; --fontsize: 35px; --lineheight: 1.5;\">Finalit\u00e9 du traitement des donn\u00e9es personnelles<\/h2>\n<p style=\"margin-bottom: var(--content-spacing); font-size: 16px; text-align: start;\" class=\"translation-block\">Les donn\u00e9es personnelles sont trait\u00e9es pour la gestion de la relation client d&#039;Artome, la r\u00e9alisation et la personnalisation des services, et la communication client.<br> Les informations personnalis\u00e9es des utilisateurs collect\u00e9es via notre site Web sont utilis\u00e9es dans une mesure limit\u00e9e pour am\u00e9liorer l&#039;exp\u00e9rience du site Web ainsi que les activit\u00e9s et services d&#039;Artome, \u00e0 moins que l&#039;utilisateur ne l&#039;interdise sp\u00e9cifiquement.<\/p>\n<p style=\"margin-bottom: var(--content-spacing); font-size: 16px; text-align: start;\">En raison d&#039;exigences techniques, les informations contenues dans le registre peuvent \u00e9galement \u00eatre trait\u00e9es sur le serveur tiers d&#039;Artome, cependant, les informations contenues dans le registre ne sont utilis\u00e9es que pour entretenir et am\u00e9liorer la relation client d&#039;Artome.<\/p>\n<p style=\"margin-bottom: var(--content-spacing); font-size: 16px; text-align: start;\">Les informations contenues dans le registre peuvent \u00e9galement \u00eatre utilis\u00e9es \u00e0 des fins de marketing cibl\u00e9, mais dans ce cas, les informations sont trait\u00e9es de mani\u00e8re pseudonyme et ne sont pas divulgu\u00e9es \u00e0 des tiers. Artome d\u00e9termine en interne les personnes autoris\u00e9es \u00e0 traiter les donn\u00e9es contenant des donn\u00e9es personnelles.<\/p>\n<h2 style=\"margin-top: 0px; margin-bottom: 20px; font-size: var(--fontSize); text-align: start; line-height: var(--lineHeight); font-family: -apple-system, BlinkMacSystemFont, 'Segoe UI', Roboto, Helvetica, Arial, sans-serif, 'Apple Color Emoji', 'Segoe UI Emoji', 'Segoe UI Symbol'; font-weight: var(--fontWeight); font-style: normal; letter-spacing: normal; text-transform: none; text-decoration-thickness: initial; text-decoration-style: initial; text-decoration-color: initial; --fontweight: 700; --fontsize: 35px; --lineheight: 1.5;\">Informations contenues dans le registre<\/h2>\n<p style=\"margin-bottom: var(--content-spacing); font-size: 16px; text-align: start;\" class=\"translation-block\">Les informations suivantes sont stock\u00e9es concernant l&#039;inscription\u00a0:<br> Nom et pr\u00e9nom<br> Organisation\/Entreprise<br> Pays cible<br> Num\u00e9ro de t\u00e9l\u00e9phone<br> Adresse e-mail<\/p>\n<h2 style=\"margin-top: 0px; margin-bottom: 20px; font-size: var(--fontSize); text-align: start; line-height: var(--lineHeight); font-family: -apple-system, BlinkMacSystemFont, 'Segoe UI', Roboto, Helvetica, Arial, sans-serif, 'Apple Color Emoji', 'Segoe UI Emoji', 'Segoe UI Symbol'; font-weight: var(--fontWeight); font-style: normal; letter-spacing: normal; text-transform: none; text-decoration-thickness: initial; text-decoration-style: initial; text-decoration-color: initial; --fontweight: 700; --fontsize: 35px; --lineheight: 1.5;\">Sources d&#039;informations<\/h2>\n<p style=\"margin-bottom: var(--content-spacing); font-size: 16px; text-align: start;\">Les donn\u00e9es personnelles sont collect\u00e9es soit 1) aupr\u00e8s de la personne elle-m\u00eame, 2) aupr\u00e8s de l&#039;entreprise dans laquelle la personne travaille en tant qu&#039;employ\u00e9, 3) \u00e0 partir de messages envoy\u00e9s via nos canaux num\u00e9riques, tels que les messages provenant des formulaires de notre site Internet.<br>Les informations utilis\u00e9es pour am\u00e9liorer l&#039;exp\u00e9rience du site Web et \u00e0 des fins de marketing cibl\u00e9 sont \u00e9galement collect\u00e9es en fonction du comportement de l&#039;utilisateur du site Web Artome.<\/p>\n<h2 style=\"margin-top: 0px; margin-bottom: 20px; font-size: var(--fontSize); text-align: start; line-height: var(--lineHeight); font-family: -apple-system, BlinkMacSystemFont, 'Segoe UI', Roboto, Helvetica, Arial, sans-serif, 'Apple Color Emoji', 'Segoe UI Emoji', 'Segoe UI Symbol'; font-weight: var(--fontWeight); font-style: normal; letter-spacing: normal; text-transform: none; text-decoration-thickness: initial; text-decoration-style: initial; text-decoration-color: initial; --fontweight: 700; --fontsize: 35px; --lineheight: 1.5;\">Divulgation d&#039;informations<\/h2>\n<p style=\"margin-bottom: var(--content-spacing); font-size: 16px; text-align: start;\">Les informations sont utilis\u00e9es en interne par l\u2019entreprise, elles ne sont pas divulgu\u00e9es \u00e0 des tiers. Toutefois, les informations pseudonymis\u00e9es peuvent \u00eatre utilis\u00e9es dans des services fournis par un tiers, dont le but est d&#039;am\u00e9liorer la convivialit\u00e9 de l&#039;activit\u00e9 et des sites Internet d&#039;Artome.<\/p>\n<p style=\"margin-bottom: var(--content-spacing); font-size: 16px; text-align: start;\">Les informations ne sont pas transf\u00e9r\u00e9es en dehors de l\u2019UE ou de l\u2019EEE.<\/p>\n<h2 style=\"margin-top: 0px; margin-bottom: 20px; font-size: var(--fontSize); text-align: start; line-height: var(--lineHeight); font-family: -apple-system, BlinkMacSystemFont, 'Segoe UI', Roboto, Helvetica, Arial, sans-serif, 'Apple Color Emoji', 'Segoe UI Emoji', 'Segoe UI Symbol'; font-weight: var(--fontWeight); font-style: normal; letter-spacing: normal; text-transform: none; text-decoration-thickness: initial; text-decoration-style: initial; text-decoration-color: initial; --fontweight: 700; --fontsize: 35px; --lineheight: 1.5;\">Dur\u00e9e de conservation des donn\u00e9es personnelles<\/h2>\n<p style=\"margin-bottom: var(--content-spacing); font-size: 16px; text-align: start;\">Les donn\u00e9es personnelles sont d\u00e9truites apr\u00e8s la fin de la dur\u00e9e de conservation requise par la loi, dans un d\u00e9lai de deux ans apr\u00e8s la fin de la dur\u00e9e l\u00e9gale de conservation.<\/p>\n<h2 style=\"margin-top: 0px; margin-bottom: 20px; font-size: var(--fontSize); text-align: start; line-height: var(--lineHeight); font-family: -apple-system, BlinkMacSystemFont, 'Segoe UI', Roboto, Helvetica, Arial, sans-serif, 'Apple Color Emoji', 'Segoe UI Emoji', 'Segoe UI Symbol'; font-weight: var(--fontWeight); font-style: normal; letter-spacing: normal; text-transform: none; text-decoration-thickness: initial; text-decoration-style: initial; text-decoration-color: initial; --fontweight: 700; --fontsize: 35px; --lineheight: 1.5;\">Protection du registre<\/h2>\n<p style=\"margin-bottom: var(--content-spacing); font-size: 16px; text-align: start;\">Les donn\u00e9es sont collect\u00e9es dans des applications bas\u00e9es sur un navigateur prot\u00e9g\u00e9es par des pare-feu, des mots de passe et d&#039;autres moyens techniques. Seules les personnes nomm\u00e9es ont le droit de traiter et de conserver les donn\u00e9es du registre. Les informations du manuel sont stock\u00e9es dans un espace verrouill\u00e9, auquel seules les personnes autoris\u00e9es ont acc\u00e8s.<\/p>\n<h2 style=\"margin-top: 0px; margin-bottom: 20px; font-size: var(--fontSize); text-align: start; line-height: var(--lineHeight); font-family: -apple-system, BlinkMacSystemFont, 'Segoe UI', Roboto, Helvetica, Arial, sans-serif, 'Apple Color Emoji', 'Segoe UI Emoji', 'Segoe UI Symbol'; font-weight: var(--fontWeight); font-style: normal; letter-spacing: normal; text-transform: none; text-decoration-thickness: initial; text-decoration-style: initial; text-decoration-color: initial; --fontweight: 700; --fontsize: 35px; --lineheight: 1.5;\">Le droit d\u2019exiger la rectification et la suppression des informations<\/h2>\n<p style=\"margin-bottom: var(--content-spacing); font-size: 16px; text-align: start;\">La personne inscrite a le droit de demander l&#039;inspection et la rectification de ses informations dans le registre. La personne inscrite a le droit d&#039;exiger la correction ou la suppression des informations incorrectes la concernant dans le registre.<\/p>\n<p style=\"margin-bottom: var(--content-spacing); font-size: 16px; text-align: start;\" class=\"translation-block\">La personne enregistr\u00e9e a le droit d&#039;interdire au responsable du traitement de traiter les informations la concernant \u00e0 des fins de publicit\u00e9 directe, de vente \u00e0 distance et d&#039;autres marketing directs ainsi que d&#039;\u00e9tudes de march\u00e9 et d&#039;opinion.<br> La demande de rectification ou de suppression de donn\u00e9es doit pr\u00e9ciser \u00e0 quelles donn\u00e9es s&#039;applique la rectification ou la suppression. La demande est envoy\u00e9e par e-mail \u00e0 l&#039;adresse e-mail mentionn\u00e9e dans la rubrique \u00ab Teneur du registre \u00bb.<\/p>\n<p style=\"margin-bottom: var(--content-spacing); font-size: 16px; text-align: start;\">Il sera r\u00e9pondu \u00e0 la demande sans d\u00e9lai et dans un d\u00e9lai raisonnable.<\/p>\t\t\t\t\t\t\t\t<\/div>\n\t\t\t\t<\/div>\n\t\t\t\t\t<\/div>\n\t\t<\/div>\n\t\t\t\t\t<\/div>\n\t\t<\/section>\n\t\t\t\t<\/div>","protected":false},"excerpt":{"rendered":"<p>Artome Oy:n tietosuojaseloste Henkil\u00f6tietolaki (523\/1999) 10 \u00a7 ja 24 \u00a7Laatimisp\u00e4iv\u00e4 7.5.2018P\u00e4ivitetty viimeksi: 29.6.2022 Rekisterin pit\u00e4j\u00e4 Artome Oy (y-tunnus: 2775902-5)Syrj\u00e4l\u00e4ntie 81, 19110 HEINOLAPuh. contact@artome.fi Yhteyshenkil\u00f6 rekisteri\u00e4 koskevissa asioissa Toni ParikkaSyrj\u00e4l\u00e4ntie 81, 19110 HEINOLAPuh. 0405291821toni.parikka@artome.fi Rekisterin nimi Asiakasrekisteri Henkil\u00f6tietojen k\u00e4sittelyn tarkoitus Henkil\u00f6tietoja k\u00e4sitell\u00e4\u00e4n Artomen asiakassuhteen hoitamiseen, palveluiden tuottamiseen ja -personointiin sek\u00e4 asiakasviestint\u00e4\u00e4n.Verkkosivujemme kautta ker\u00e4tt\u00e4v\u00e4\u00e4 k\u00e4ytt\u00e4jien personoitua tietoa [&hellip;]<\/p>\n","protected":false},"author":1,"featured_media":0,"parent":0,"menu_order":0,"comment_status":"closed","ping_status":"closed","template":"elementor_header_footer","meta":{"om_disable_all_campaigns":false,"_monsterinsights_skip_tracking":false,"_monsterinsights_sitenote_active":false,"_monsterinsights_sitenote_note":"","_monsterinsights_sitenote_category":0,"_uf_show_specific_survey":0,"_uf_disable_surveys":false,"footnotes":""},"class_list":["post-1636","page","type-page","status-publish","hentry"],"blocksy_meta":{"styles_descriptor":{"styles":{"desktop":"","tablet":"","mobile":""},"google_fonts":[],"version":6}},"aioseo_notices":[],"yoast_head":"<!-- This site is optimized with the Yoast SEO Premium plugin v23.2 (Yoast SEO v26.3) - https:\/\/yoast.com\/wordpress\/plugins\/seo\/ -->\n<title>Privacy Policy - Artome<\/title>\n<meta name=\"description\" content=\"The privacy policy of Artome. This document explains the company&#039;s policies of the collection, use and disclosure of personal information.\" \/>\n<meta name=\"robots\" content=\"index, follow, max-snippet:-1, max-image-preview:large, max-video-preview:-1\" \/>\n<link rel=\"canonical\" href=\"https:\/\/artome.fi\/fr\/politique-de-confidentialite\/\" \/>\n<meta property=\"og:locale\" content=\"fr_FR\" \/>\n<meta property=\"og:type\" content=\"article\" \/>\n<meta property=\"og:title\" content=\"Privacy Policy -Tietosuoja\" \/>\n<meta property=\"og:description\" content=\"The privacy policy of Artome. This document explains the company&#039;s policies of the collection, use and disclosure of personal information.\" \/>\n<meta property=\"og:url\" content=\"https:\/\/artome.fi\/fr\/politique-de-confidentialite\/\" \/>\n<meta property=\"og:site_name\" content=\"Artome\" \/>\n<meta property=\"article:modified_time\" content=\"2025-12-16T07:05:05+00:00\" \/>\n<meta name=\"twitter:card\" content=\"summary_large_image\" \/>\n<script type=\"application\/ld+json\" class=\"yoast-schema-graph\">{\"@context\":\"https:\/\/schema.org\",\"@graph\":[{\"@type\":\"WebPage\",\"@id\":\"https:\/\/artome.fi\/en\/privacy-policy\/\",\"url\":\"https:\/\/artome.fi\/en\/privacy-policy\/\",\"name\":\"Privacy Policy - Artome\",\"isPartOf\":{\"@id\":\"https:\/\/artome.fi\/en\/#website\"},\"datePublished\":\"2022-07-21T13:33:02+00:00\",\"dateModified\":\"2025-12-16T07:05:05+00:00\",\"description\":\"The privacy policy of Artome. This document explains the company's policies of the collection, use and disclosure of personal information.\",\"breadcrumb\":{\"@id\":\"https:\/\/artome.fi\/en\/privacy-policy\/#breadcrumb\"},\"inLanguage\":\"fr-FR\",\"potentialAction\":[{\"@type\":\"ReadAction\",\"target\":[\"https:\/\/artome.fi\/en\/privacy-policy\/\"]}]},{\"@type\":\"BreadcrumbList\",\"@id\":\"https:\/\/artome.fi\/en\/privacy-policy\/#breadcrumb\",\"itemListElement\":[{\"@type\":\"ListItem\",\"position\":1,\"name\":\"Etusivu\",\"item\":\"https:\/\/artome.fi\/en\/\"},{\"@type\":\"ListItem\",\"position\":2,\"name\":\"Privacy Policy -Tietosuoja\"}]},{\"@type\":\"WebSite\",\"@id\":\"https:\/\/artome.fi\/en\/#website\",\"url\":\"https:\/\/artome.fi\/en\/\",\"name\":\"Artome\",\"description\":\"Redesigning audiovisual with smart furniture\",\"publisher\":{\"@id\":\"https:\/\/artome.fi\/en\/#organization\"},\"potentialAction\":[{\"@type\":\"SearchAction\",\"target\":{\"@type\":\"EntryPoint\",\"urlTemplate\":\"https:\/\/artome.fi\/en\/?s={search_term_string}\"},\"query-input\":{\"@type\":\"PropertyValueSpecification\",\"valueRequired\":true,\"valueName\":\"search_term_string\"}}],\"inLanguage\":\"fr-FR\"},{\"@type\":\"Organization\",\"@id\":\"https:\/\/artome.fi\/en\/#organization\",\"name\":\"Artome\",\"url\":\"https:\/\/artome.fi\/en\/\",\"logo\":{\"@type\":\"ImageObject\",\"inLanguage\":\"fr-FR\",\"@id\":\"https:\/\/artome.fi\/en\/#\/schema\/logo\/image\/\",\"url\":\"https:\/\/artome.fi\/wp-content\/uploads\/2022\/02\/artome_logo_black.png\",\"contentUrl\":\"https:\/\/artome.fi\/wp-content\/uploads\/2022\/02\/artome_logo_black.png\",\"width\":1280,\"height\":496,\"caption\":\"Artome\"},\"image\":{\"@id\":\"https:\/\/artome.fi\/en\/#\/schema\/logo\/image\/\"}}]}<\/script>\n<!-- \/ Yoast SEO Premium plugin. -->","yoast_head_json":{"title":"Politique de confidentialit\u00e9 - Art\u00f4me","description":"La politique de confidentialit\u00e9 d\u2019Artome. Ce document explique les politiques de l&#039;entreprise en mati\u00e8re de collecte, d&#039;utilisation et de divulgation des informations personnelles.","robots":{"index":"index","follow":"follow","max-snippet":"max-snippet:-1","max-image-preview":"max-image-preview:large","max-video-preview":"max-video-preview:-1"},"canonical":"https:\/\/artome.fi\/fr\/politique-de-confidentialite\/","og_locale":"fr_FR","og_type":"article","og_title":"Privacy Policy -Tietosuoja","og_description":"The privacy policy of Artome. This document explains the company's policies of the collection, use and disclosure of personal information.","og_url":"https:\/\/artome.fi\/fr\/politique-de-confidentialite\/","og_site_name":"Artome","article_modified_time":"2025-12-16T07:05:05+00:00","twitter_card":"summary_large_image","schema":{"@context":"https:\/\/schema.org","@graph":[{"@type":"WebPage","@id":"https:\/\/artome.fi\/en\/privacy-policy\/","url":"https:\/\/artome.fi\/en\/privacy-policy\/","name":"Politique de confidentialit\u00e9 - Art\u00f4me","isPartOf":{"@id":"https:\/\/artome.fi\/en\/#website"},"datePublished":"2022-07-21T13:33:02+00:00","dateModified":"2025-12-16T07:05:05+00:00","description":"La politique de confidentialit\u00e9 d\u2019Artome. Ce document explique les politiques de l&#039;entreprise en mati\u00e8re de collecte, d&#039;utilisation et de divulgation des informations personnelles.","breadcrumb":{"@id":"https:\/\/artome.fi\/en\/privacy-policy\/#breadcrumb"},"inLanguage":"fr-FR","potentialAction":[{"@type":"ReadAction","target":["https:\/\/artome.fi\/en\/privacy-policy\/"]}]},{"@type":"BreadcrumbList","@id":"https:\/\/artome.fi\/en\/privacy-policy\/#breadcrumb","itemListElement":[{"@type":"ListItem","position":1,"name":"Etusivu","item":"https:\/\/artome.fi\/en\/"},{"@type":"ListItem","position":2,"name":"Privacy Policy -Tietosuoja"}]},{"@type":"WebSite","@id":"https:\/\/artome.fi\/en\/#website","url":"https:\/\/artome.fi\/en\/","name":"Artom\u00e9","description":"Repenser l&#039;audiovisuel avec du mobilier intelligent","publisher":{"@id":"https:\/\/artome.fi\/en\/#organization"},"potentialAction":[{"@type":"SearchAction","target":{"@type":"EntryPoint","urlTemplate":"https:\/\/artome.fi\/en\/?s={search_term_string}"},"query-input":{"@type":"PropertyValueSpecification","valueRequired":true,"valueName":"search_term_string"}}],"inLanguage":"fr-FR"},{"@type":"Organization","@id":"https:\/\/artome.fi\/en\/#organization","name":"Artom\u00e9","url":"https:\/\/artome.fi\/en\/","logo":{"@type":"ImageObject","inLanguage":"fr-FR","@id":"https:\/\/artome.fi\/en\/#\/schema\/logo\/image\/","url":"https:\/\/artome.fi\/wp-content\/uploads\/2022\/02\/artome_logo_black.png","contentUrl":"https:\/\/artome.fi\/wp-content\/uploads\/2022\/02\/artome_logo_black.png","width":1280,"height":496,"caption":"Artome"},"image":{"@id":"https:\/\/artome.fi\/en\/#\/schema\/logo\/image\/"}}]}},"_links":{"self":[{"href":"https:\/\/artome.fi\/fr\/wp-json\/wp\/v2\/pages\/1636","targetHints":{"allow":["GET"]}}],"collection":[{"href":"https:\/\/artome.fi\/fr\/wp-json\/wp\/v2\/pages"}],"about":[{"href":"https:\/\/artome.fi\/fr\/wp-json\/wp\/v2\/types\/page"}],"author":[{"embeddable":true,"href":"https:\/\/artome.fi\/fr\/wp-json\/wp\/v2\/users\/1"}],"replies":[{"embeddable":true,"href":"https:\/\/artome.fi\/fr\/wp-json\/wp\/v2\/comments?post=1636"}],"version-history":[{"count":12,"href":"https:\/\/artome.fi\/fr\/wp-json\/wp\/v2\/pages\/1636\/revisions"}],"predecessor-version":[{"id":10313,"href":"https:\/\/artome.fi\/fr\/wp-json\/wp\/v2\/pages\/1636\/revisions\/10313"}],"wp:attachment":[{"href":"https:\/\/artome.fi\/fr\/wp-json\/wp\/v2\/media?parent=1636"}],"curies":[{"name":"wp","href":"https:\/\/api.w.org\/{rel}","templated":true}]}}