{"id":3620,"date":"2023-01-19T17:08:59","date_gmt":"2023-01-19T17:08:59","guid":{"rendered":"https:\/\/artome.fi\/?page_id=3620"},"modified":"2023-01-19T17:37:11","modified_gmt":"2023-01-19T17:37:11","slug":"naava","status":"publish","type":"page","link":"https:\/\/artome.fi\/fr\/nava\/","title":{"rendered":"Naava"},"content":{"rendered":"<div data-elementor-type=\"wp-page\" data-elementor-id=\"3620\" class=\"elementor elementor-3620\" data-elementor-post-type=\"page\">\n\t\t\t\t\t\t<section class=\"elementor-section elementor-top-section elementor-element elementor-element-87cf524 elementor-section-boxed elementor-section-height-default elementor-section-height-default\" data-id=\"87cf524\" data-element_type=\"section\">\n\t\t\t\t\t\t<div class=\"elementor-container elementor-column-gap-default\">\n\t\t\t\t\t<div class=\"elementor-column elementor-col-100 elementor-top-column elementor-element elementor-element-32be7966\" data-id=\"32be7966\" data-element_type=\"column\">\n\t\t\t<div class=\"elementor-widget-wrap elementor-element-populated\">\n\t\t\t\t\t\t<div class=\"elementor-element elementor-element-5c846904 elementor-mobile-align-center elementor-widget elementor-widget-button\" data-id=\"5c846904\" data-element_type=\"widget\" data-widget_type=\"button.default\">\n\t\t\t\t<div class=\"elementor-widget-container\">\n\t\t\t\t\t\t\t\t\t<div class=\"elementor-button-wrapper\">\n\t\t\t\t\t<a class=\"elementor-button elementor-button-link elementor-size-sm\" href=\"https:\/\/artome.fi\/fr\/experiences\/\">\n\t\t\t\t\t\t<span class=\"elementor-button-content-wrapper\">\n\t\t\t\t\t\t\t\t\t<span class=\"elementor-button-text\">Exp\u00e9riences<\/span>\n\t\t\t\t\t<\/span>\n\t\t\t\t\t<\/a>\n\t\t\t\t<\/div>\n\t\t\t\t\t\t\t\t<\/div>\n\t\t\t\t<\/div>\n\t\t\t\t<div class=\"elementor-element elementor-element-661db7f0 elementor-widget elementor-widget-heading\" data-id=\"661db7f0\" data-element_type=\"widget\" data-widget_type=\"heading.default\">\n\t\t\t\t<div class=\"elementor-widget-container\">\n\t\t\t\t\t<h2 class=\"elementor-heading-title elementor-size-xl\">Naava<\/h2>\t\t\t\t<\/div>\n\t\t\t\t<\/div>\n\t\t\t\t\t<\/div>\n\t\t<\/div>\n\t\t\t\t\t<\/div>\n\t\t<\/section>\n\t\t\t\t<section class=\"elementor-section elementor-top-section elementor-element elementor-element-388e3068 elementor-section-boxed elementor-section-height-default elementor-section-height-default\" data-id=\"388e3068\" data-element_type=\"section\">\n\t\t\t\t\t\t<div class=\"elementor-container elementor-column-gap-default\">\n\t\t\t\t\t<div class=\"elementor-column elementor-col-100 elementor-top-column elementor-element elementor-element-7002b4ca\" data-id=\"7002b4ca\" data-element_type=\"column\">\n\t\t\t<div class=\"elementor-widget-wrap elementor-element-populated\">\n\t\t\t\t\t\t<div class=\"elementor-element elementor-element-191235d1 elementor-widget elementor-widget-image\" data-id=\"191235d1\" data-element_type=\"widget\" data-widget_type=\"image.default\">\n\t\t\t\t<div class=\"elementor-widget-container\">\n\t\t\t\t\t\t\t\t\t\t\t\t\t\t\t<img fetchpriority=\"high\" decoding=\"async\" width=\"1536\" height=\"1024\" src=\"https:\/\/artome.fi\/wp-content\/uploads\/2023\/01\/Naava-showroom-1536x1024.jpg\" class=\"attachment-1536x1536 size-1536x1536 wp-image-3623\" alt=\"Artome M10 dans le showroom Naava avec un homme qui marche\" srcset=\"https:\/\/artome.fi\/wp-content\/uploads\/2023\/01\/Naava-showroom-1536x1024.jpg 1536w, https:\/\/artome.fi\/wp-content\/uploads\/2023\/01\/Naava-showroom-300x200.jpg 300w, https:\/\/artome.fi\/wp-content\/uploads\/2023\/01\/Naava-showroom-1024x683.jpg 1024w, https:\/\/artome.fi\/wp-content\/uploads\/2023\/01\/Naava-showroom-768x512.jpg 768w, https:\/\/artome.fi\/wp-content\/uploads\/2023\/01\/Naava-showroom-2048x1365.jpg 2048w, https:\/\/artome.fi\/wp-content\/uploads\/2023\/01\/Naava-showroom-18x12.jpg 18w\" sizes=\"(max-width: 1536px) 100vw, 1536px\" \/>\t\t\t\t\t\t\t\t\t\t\t\t\t\t\t<\/div>\n\t\t\t\t<\/div>\n\t\t\t\t<div class=\"elementor-element elementor-element-4a9cd4da elementor-widget-mobile__width-inherit elementor-widget elementor-widget-heading\" data-id=\"4a9cd4da\" data-element_type=\"widget\" data-widget_type=\"heading.default\">\n\t\t\t\t<div class=\"elementor-widget-container\">\n\t\t\t\t\t<h2 class=\"elementor-heading-title elementor-size-default\">Coop\u00e9ration au-del\u00e0 des fronti\u00e8res finlandaises<\/h2>\t\t\t\t<\/div>\n\t\t\t\t<\/div>\n\t\t\t\t<div class=\"elementor-element elementor-element-4f6d0d58 elementor-widget elementor-widget-text-editor\" data-id=\"4f6d0d58\" data-element_type=\"widget\" data-widget_type=\"text-editor.default\">\n\t\t\t\t<div class=\"elementor-widget-container\">\n\t\t\t\t\t\t\t\t\t<p><span lang=\"FI-FI\" xml:lang=\"FI-FI\" data-contrast=\"auto\">Le premier fabricant mondial de murs v\u00e9g\u00e9taux, Naava, a ouvert son nouveau showroom biophilique qui respire un environnement naturel \u00e0 l&#039;automne 2022, en plein c\u0153ur d&#039;Helsinki, au Mannerheimintie 4, alors que les anciens locaux ne r\u00e9pondaient plus aux besoins de l&#039;entreprise en pleine croissance. . La pi\u00e8ce ma\u00eetresse du nouveau showroom est l\u2019am\u00e9nagement biophilique de l\u2019espace et surtout la salubrit\u00e9, le confort et la s\u00e9curit\u00e9 des espaces. Dans les nouveaux locaux de Naava, vous pourrez \u00e9galement d\u00e9couvrir les solutions innovantes d&#039;autres showrooms partenaires, comme la solution de pr\u00e9sentation mobile et sans installation Artome M10 d&#039;Artome.&nbsp;<\/span><span data-ccp-props=\"{&quot;201341983&quot;:0,&quot;335559739&quot;:160,&quot;335559740&quot;:259}\">&nbsp;<\/span><\/p>\n<p><b><span data-contrast=\"auto\">Une technologie de pr\u00e9sentation facile \u00e0 utiliser int\u00e9gr\u00e9e au stand d&#039;exposition<\/span><\/b><span data-ccp-props=\"{&quot;201341983&quot;:0,&quot;335559739&quot;:160,&quot;335559740&quot;:259}\">&nbsp;<\/span><\/p>\n<p class=\"translation-block\"><span data-contrast=\"auto\">La collaboration entre Artome et Naava s&#039;est \u00e9galement \u00e9tendue aux salons internationaux, o\u00f9 Naava a utilis\u00e9 avec agilit\u00e9 la technologie de pr\u00e9sentation facile \u00e0 utiliser d&#039;Artome sur son stand. La directrice de l&#039;exp\u00e9rience client et du design de Naava, <strong>Eeva Niemel\u00e4,<\/strong> d\u00e9clare que sur le stand d&#039;exposition de Naava, la solution de pr\u00e9sentation Artome M10 a \u00e9t\u00e9 int\u00e9gr\u00e9e au stand en tant que mobilier design scandinave. De plus, il a \u00e9t\u00e9 facile pour Artome de projeter des vid\u00e9os sur le mur du stand pendant le salon et, si n\u00e9cessaire, de d\u00e9placer sa place dans le stand.<\/span><\/p>\t\t\t\t\t\t\t\t<\/div>\n\t\t\t\t<\/div>\n\t\t\t\t<div class=\"elementor-element elementor-element-44856550 elementor-blockquote--skin-quotation elementor-blockquote--align-center elementor-widget elementor-widget-blockquote\" data-id=\"44856550\" data-element_type=\"widget\" data-widget_type=\"blockquote.default\">\n\t\t\t\t<div class=\"elementor-widget-container\">\n\t\t\t\t\t\t\t<blockquote class=\"elementor-blockquote\">\n\t\t\t<p class=\"elementor-blockquote__content\">\n\t\t\t\tAvec l&#039;aide d&#039;Artome, nous avons pu produire le mat\u00e9riel visuel que nous souhaitions projeter sur le mur, et m\u00eame changer facilement la vue si n\u00e9cessaire. L\u2019ensemble est devenu \u00e9l\u00e9gant, en phase avec le d\u00e9veloppement durable et surtout attractif pour les invit\u00e9s par rapport au tapement traditionnel.\t\t\t<\/p>\n\t\t\t\t\t\t\t<div class=\"e-q-footer\">\n\t\t\t\t\t\t\t\t\t\t\t<cite class=\"elementor-blockquote__author\">Eeva Niemel\u00e4, responsable de l&#039;exp\u00e9rience client et du design, Naava <\/cite>\n\t\t\t\t\t\t\t\t\t\t\t\t\t\t<\/div>\n\t\t\t\t\t<\/blockquote>\n\t\t\t\t\t\t<\/div>\n\t\t\t\t<\/div>\n\t\t\t\t<div class=\"elementor-element elementor-element-513afc0 elementor-widget elementor-widget-image\" data-id=\"513afc0\" data-element_type=\"widget\" data-widget_type=\"image.default\">\n\t\t\t\t<div class=\"elementor-widget-container\">\n\t\t\t\t\t\t\t\t\t\t\t\t\t\t\t<img decoding=\"async\" width=\"768\" height=\"1152\" src=\"https:\/\/artome.fi\/wp-content\/uploads\/2023\/01\/Naava-showroom-2-768x1152.jpg\" class=\"attachment-medium_large size-medium_large wp-image-3624\" alt=\"Solution audiovisuelle tout-en-un, Artome M10, dans le showroom Naava\" srcset=\"https:\/\/artome.fi\/wp-content\/uploads\/2023\/01\/Naava-showroom-2-768x1152.jpg 768w, https:\/\/artome.fi\/wp-content\/uploads\/2023\/01\/Naava-showroom-2-200x300.jpg 200w, https:\/\/artome.fi\/wp-content\/uploads\/2023\/01\/Naava-showroom-2-683x1024.jpg 683w, https:\/\/artome.fi\/wp-content\/uploads\/2023\/01\/Naava-showroom-2-1024x1536.jpg 1024w, https:\/\/artome.fi\/wp-content\/uploads\/2023\/01\/Naava-showroom-2-1365x2048.jpg 1365w, https:\/\/artome.fi\/wp-content\/uploads\/2023\/01\/Naava-showroom-2-8x12.jpg 8w, https:\/\/artome.fi\/wp-content\/uploads\/2023\/01\/Naava-showroom-2-scaled.jpg 1706w\" sizes=\"(max-width: 768px) 100vw, 768px\" \/>\t\t\t\t\t\t\t\t\t\t\t\t\t\t\t<\/div>\n\t\t\t\t<\/div>\n\t\t\t\t<div class=\"elementor-element elementor-element-229eb2a9 elementor-widget elementor-widget-text-editor\" data-id=\"229eb2a9\" data-element_type=\"widget\" data-widget_type=\"text-editor.default\">\n\t\t\t\t<div class=\"elementor-widget-container\">\n\t\t\t\t\t\t\t\t\t<p><b><span data-contrast=\"auto\">Une option plus rentable a valu l&#039;image de marque du d\u00e9partement<\/span><\/b><span data-ccp-props=\"{&quot;201341983&quot;:0,&quot;335559739&quot;:160,&quot;335559740&quot;:259}\">\u00a0<\/span><\/p><p><span data-contrast=\"auto\">Artome est une alternative plus rentable et plus respectueuse de l&#039;environnement aux \u00e9crans ou bandes traditionnels. La responsabilit\u00e9 \u00e9tant au centre de la marque Naava, Naava s&#039;efforce d&#039;\u00e9viter tout ce qui est jetable dans la construction et l&#039;installation d&#039;un salon professionnel.\u00a0<\/span><span data-ccp-props=\"{&quot;201341983&quot;:0,&quot;335559739&quot;:160,&quot;335559740&quot;:259}\">\u00a0<\/span><\/p>\t\t\t\t\t\t\t\t<\/div>\n\t\t\t\t<\/div>\n\t\t\t\t<div class=\"elementor-element elementor-element-46659872 elementor-blockquote--skin-quotation elementor-blockquote--align-center elementor-widget elementor-widget-blockquote\" data-id=\"46659872\" data-element_type=\"widget\" data-widget_type=\"blockquote.default\">\n\t\t\t\t<div class=\"elementor-widget-container\">\n\t\t\t\t\t\t\t<blockquote class=\"elementor-blockquote\">\n\t\t\t<p class=\"elementor-blockquote__content\">\n\t\t\t\tL&#039;utilisation unique de ruban adh\u00e9sif sur le mur de fond de notre stand et d&#039;installation du logo nous aurait co\u00fbt\u00e9 jusqu&#039;\u00e0 des milliers d&#039;euros suppl\u00e9mentaires, mais nous avons d\u00e9cid\u00e9 de mani\u00e8re innovante d&#039;utiliser l&#039;Artome M10 pour personnaliser le stand.\t\t\t<\/p>\n\t\t\t\t\t<\/blockquote>\n\t\t\t\t\t\t<\/div>\n\t\t\t\t<\/div>\n\t\t\t\t<div class=\"elementor-element elementor-element-84659d3 elementor-widget elementor-widget-text-editor\" data-id=\"84659d3\" data-element_type=\"widget\" data-widget_type=\"text-editor.default\">\n\t\t\t\t<div class=\"elementor-widget-container\">\n\t\t\t\t\t\t\t\t\t<p><b><span data-contrast=\"auto\">Le design scandinave \u00e9tait un facteur f\u00e9d\u00e9rateur<\/span><\/b><span data-ccp-props=\"{&quot;201341983&quot;:0,&quot;335559739&quot;:160,&quot;335559740&quot;:259}\">\u00a0<\/span><\/p><p class=\"translation-block\"><span data-contrast=\"auto\">Outre la responsabilit\u00e9, la marque Naava est guid\u00e9e par un design \u00e9pur\u00e9 et scandinave.<\/span><br> <span data-contrast=\"auto\"><strong>&quot;Il \u00e9tait important pour nous que l&#039;Artome M10 corresponde au langage de conception de nos produits Naava et de notre marque&quot;<\/strong> , r\u00e9sume Eeva Niemel\u00e4.<\/span><span>\u00a0<\/span><\/p>\t\t\t\t\t\t\t\t<\/div>\n\t\t\t\t<\/div>\n\t\t\t\t\t<\/div>\n\t\t<\/div>\n\t\t\t\t\t<\/div>\n\t\t<\/section>\n\t\t\t\t<section class=\"elementor-section elementor-top-section elementor-element elementor-element-54dd5c2 elementor-section-boxed elementor-section-height-default elementor-section-height-default\" data-id=\"54dd5c2\" data-element_type=\"section\">\n\t\t\t\t\t\t<div class=\"elementor-container elementor-column-gap-default\">\n\t\t\t\t\t<div class=\"elementor-column elementor-col-100 elementor-top-column elementor-element elementor-element-6f05395\" data-id=\"6f05395\" data-element_type=\"column\">\n\t\t\t<div class=\"elementor-widget-wrap elementor-element-populated\">\n\t\t\t\t\t\t<div class=\"elementor-element elementor-element-1810b11 elementor-cta--skin-classic elementor-animated-content elementor-bg-transform elementor-bg-transform-zoom-in elementor-widget elementor-widget-call-to-action\" data-id=\"1810b11\" data-element_type=\"widget\" data-widget_type=\"call-to-action.default\">\n\t\t\t\t<div class=\"elementor-widget-container\">\n\t\t\t\t\t\t\t<div class=\"elementor-cta\">\n\t\t\t\t\t<div class=\"elementor-cta__bg-wrapper\">\n\t\t\t\t<div class=\"elementor-cta__bg elementor-bg\" style=\"background-image: url(https:\/\/artome.fi\/wp-content\/uploads\/2022\/11\/Naava-showroom-1024x683.jpg);\" role=\"img\" aria-label=\"Salle d&#039;exposition Naava\"><\/div>\n\t\t\t\t<div class=\"elementor-cta__bg-overlay\"><\/div>\n\t\t\t<\/div>\n\t\t\t\t\t\t\t<div class=\"elementor-cta__content\">\n\t\t\t\t\n\t\t\t\t\t\t\t\t\t<h2 class=\"elementor-cta__title elementor-cta__content-item elementor-content-item\">\n\t\t\t\t\t\t\u00c9tiez-vous int\u00e9ress\u00e9 par la conception d\u2019espaces flexibles et la biophilie ?\t\t\t\t\t<\/h2>\n\t\t\t\t\n\t\t\t\t\t\t\t\t\t<div class=\"elementor-cta__description elementor-cta__content-item elementor-content-item\">\n\t\t\t\t\t\tJetez un \u0153il \u00e0 notre guide sur les lieux de travail flexibles du futur, que nous avons pr\u00e9par\u00e9 en collaboration avec Naava.\t\t\t\t\t<\/div>\n\t\t\t\t\n\t\t\t\t\t\t\t\t\t<div class=\"elementor-cta__button-wrapper elementor-cta__content-item elementor-content-item\">\n\t\t\t\t\t<a class=\"elementor-cta__button elementor-button elementor-size-\" href=\"https:\/\/artome.fi\/wp-content\/uploads\/2022\/10\/Artome_Workspace_guide_FIN_2022_WEB.pdf\">\n\t\t\t\t\t\tT\u00e9l\u00e9chargez le guide\t\t\t\t\t<\/a>\n\t\t\t\t\t<\/div>\n\t\t\t\t\t\t\t<\/div>\n\t\t\t\t\t\t<\/div>\n\t\t\t\t\t\t<\/div>\n\t\t\t\t<\/div>\n\t\t\t\t\t<\/div>\n\t\t<\/div>\n\t\t\t\t\t<\/div>\n\t\t<\/section>\n\t\t\t\t<\/div>","protected":false},"excerpt":{"rendered":"<p>Kokemuksia Naava Yhteisty\u00f6t\u00e4 yli Suomen rajojen Maailman johtava viherseinien valmistaja Naava avasi uuden, luonnonl\u00e4heist\u00e4 ymp\u00e4rist\u00f6\u00e4 huokuvan biofiilisen showroominsa syksyll\u00e4 2022 aivan Helsingin ydinkeskustaan, Mannerheimintie 4:\u00e4\u00e4n, kun vanhat tilat eiv\u00e4t en\u00e4\u00e4 palvelleet kasvavan yrityksen tarpeita. Uuden showroomin keski\u00f6ss\u00e4 on biofiliinen tilasuunnittelu ja erityisesti tilojen terveellisyys, viihtyvyys sek\u00e4 turvallisuus. Naavan uusissa tiloissa voi kokea my\u00f6s muiden showroom-kumppaneiden [&hellip;]<\/p>\n","protected":false},"author":1,"featured_media":0,"parent":0,"menu_order":0,"comment_status":"closed","ping_status":"closed","template":"elementor_header_footer","meta":{"om_disable_all_campaigns":false,"_monsterinsights_skip_tracking":false,"_monsterinsights_sitenote_active":false,"_monsterinsights_sitenote_note":"","_monsterinsights_sitenote_category":0,"_uf_show_specific_survey":0,"_uf_disable_surveys":false,"footnotes":""},"class_list":["post-3620","page","type-page","status-publish","hentry"],"blocksy_meta":{"styles_descriptor":{"styles":{"desktop":"","tablet":"","mobile":""},"google_fonts":[],"version":6}},"aioseo_notices":[],"yoast_head":"<!-- This site is optimized with the Yoast SEO Premium plugin v23.2 (Yoast SEO v26.3) - https:\/\/yoast.com\/wordpress\/plugins\/seo\/ -->\n<title>Artome | Experiences - Naava<\/title>\n<meta name=\"description\" content=\"Naava chose Artome to their new showroom for its Scandinavian look and also saved money on international event with the help of Artome.\" \/>\n<meta name=\"robots\" content=\"index, follow, max-snippet:-1, max-image-preview:large, max-video-preview:-1\" \/>\n<link rel=\"canonical\" href=\"https:\/\/artome.fi\/fr\/nava\/\" \/>\n<meta property=\"og:locale\" content=\"fr_FR\" \/>\n<meta property=\"og:type\" content=\"article\" \/>\n<meta property=\"og:title\" content=\"Naava\" \/>\n<meta property=\"og:description\" content=\"Naava chose Artome to their new showroom for its Scandinavian look and also saved money on international event with the help of Artome.\" \/>\n<meta property=\"og:url\" content=\"https:\/\/artome.fi\/fr\/nava\/\" \/>\n<meta property=\"og:site_name\" content=\"Artome\" \/>\n<meta property=\"article:modified_time\" content=\"2023-01-19T17:37:11+00:00\" \/>\n<meta property=\"og:image\" content=\"https:\/\/artome.fi\/wp-content\/uploads\/2023\/01\/Naava-showroom-1536x1024.jpg\" \/>\n<meta name=\"twitter:card\" content=\"summary_large_image\" \/>\n<meta name=\"twitter:label1\" content=\"Dur\u00e9e de lecture estim\u00e9e\" \/>\n\t<meta name=\"twitter:data1\" content=\"3 minutes\" \/>\n<script type=\"application\/ld+json\" class=\"yoast-schema-graph\">{\"@context\":\"https:\/\/schema.org\",\"@graph\":[{\"@type\":\"WebPage\",\"@id\":\"https:\/\/artome.fi\/it\/nava\/\",\"url\":\"https:\/\/artome.fi\/it\/nava\/\",\"name\":\"Artome | Experiences - Naava\",\"isPartOf\":{\"@id\":\"https:\/\/artome.fi\/en\/#website\"},\"primaryImageOfPage\":{\"@id\":\"https:\/\/artome.fi\/it\/nava\/#primaryimage\"},\"image\":{\"@id\":\"https:\/\/artome.fi\/it\/nava\/#primaryimage\"},\"thumbnailUrl\":\"https:\/\/artome.fi\/wp-content\/uploads\/2023\/01\/Naava-showroom-1536x1024.jpg\",\"datePublished\":\"2023-01-19T17:08:59+00:00\",\"dateModified\":\"2023-01-19T17:37:11+00:00\",\"description\":\"Naava chose Artome to their new showroom for its Scandinavian look and also saved money on international event with the help of Artome.\",\"breadcrumb\":{\"@id\":\"https:\/\/artome.fi\/it\/nava\/#breadcrumb\"},\"inLanguage\":\"fr-FR\",\"potentialAction\":[{\"@type\":\"ReadAction\",\"target\":[\"https:\/\/artome.fi\/it\/nava\/\"]}]},{\"@type\":\"ImageObject\",\"inLanguage\":\"fr-FR\",\"@id\":\"https:\/\/artome.fi\/it\/nava\/#primaryimage\",\"url\":\"https:\/\/artome.fi\/wp-content\/uploads\/2023\/01\/Naava-showroom-1536x1024.jpg\",\"contentUrl\":\"https:\/\/artome.fi\/wp-content\/uploads\/2023\/01\/Naava-showroom-1536x1024.jpg\"},{\"@type\":\"BreadcrumbList\",\"@id\":\"https:\/\/artome.fi\/it\/nava\/#breadcrumb\",\"itemListElement\":[{\"@type\":\"ListItem\",\"position\":1,\"name\":\"Etusivu\",\"item\":\"https:\/\/artome.fi\/en\/\"},{\"@type\":\"ListItem\",\"position\":2,\"name\":\"Naava\"}]},{\"@type\":\"WebSite\",\"@id\":\"https:\/\/artome.fi\/en\/#website\",\"url\":\"https:\/\/artome.fi\/en\/\",\"name\":\"Artome\",\"description\":\"Redesigning audiovisual with smart furniture\",\"publisher\":{\"@id\":\"https:\/\/artome.fi\/en\/#organization\"},\"potentialAction\":[{\"@type\":\"SearchAction\",\"target\":{\"@type\":\"EntryPoint\",\"urlTemplate\":\"https:\/\/artome.fi\/en\/?s={search_term_string}\"},\"query-input\":{\"@type\":\"PropertyValueSpecification\",\"valueRequired\":true,\"valueName\":\"search_term_string\"}}],\"inLanguage\":\"fr-FR\"},{\"@type\":\"Organization\",\"@id\":\"https:\/\/artome.fi\/en\/#organization\",\"name\":\"Artome\",\"url\":\"https:\/\/artome.fi\/en\/\",\"logo\":{\"@type\":\"ImageObject\",\"inLanguage\":\"fr-FR\",\"@id\":\"https:\/\/artome.fi\/en\/#\/schema\/logo\/image\/\",\"url\":\"https:\/\/artome.fi\/wp-content\/uploads\/2022\/02\/artome_logo_black.png\",\"contentUrl\":\"https:\/\/artome.fi\/wp-content\/uploads\/2022\/02\/artome_logo_black.png\",\"width\":1280,\"height\":496,\"caption\":\"Artome\"},\"image\":{\"@id\":\"https:\/\/artome.fi\/en\/#\/schema\/logo\/image\/\"}}]}<\/script>\n<!-- \/ Yoast SEO Premium plugin. -->","yoast_head_json":{"title":"Artom\u00e9 | Exp\u00e9riences - Naava","description":"Naava a choisi Artome pour son nouveau showroom pour son look scandinave et a \u00e9galement \u00e9conomis\u00e9 de l&#039;argent sur les \u00e9v\u00e9nements internationaux avec l&#039;aide d&#039;Artome.","robots":{"index":"index","follow":"follow","max-snippet":"max-snippet:-1","max-image-preview":"max-image-preview:large","max-video-preview":"max-video-preview:-1"},"canonical":"https:\/\/artome.fi\/fr\/nava\/","og_locale":"fr_FR","og_type":"article","og_title":"Naava","og_description":"Naava chose Artome to their new showroom for its Scandinavian look and also saved money on international event with the help of Artome.","og_url":"https:\/\/artome.fi\/fr\/nava\/","og_site_name":"Artome","article_modified_time":"2023-01-19T17:37:11+00:00","og_image":[{"url":"https:\/\/artome.fi\/wp-content\/uploads\/2023\/01\/Naava-showroom-1536x1024.jpg","type":"","width":"","height":""}],"twitter_card":"summary_large_image","twitter_misc":{"Dur\u00e9e de lecture estim\u00e9e":"3 minutes"},"schema":{"@context":"https:\/\/schema.org","@graph":[{"@type":"WebPage","@id":"https:\/\/artome.fi\/it\/nava\/","url":"https:\/\/artome.fi\/it\/nava\/","name":"Artom\u00e9 | Exp\u00e9riences - Naava","isPartOf":{"@id":"https:\/\/artome.fi\/en\/#website"},"primaryImageOfPage":{"@id":"https:\/\/artome.fi\/it\/nava\/#primaryimage"},"image":{"@id":"https:\/\/artome.fi\/it\/nava\/#primaryimage"},"thumbnailUrl":"https:\/\/artome.fi\/wp-content\/uploads\/2023\/01\/Naava-showroom-1536x1024.jpg","datePublished":"2023-01-19T17:08:59+00:00","dateModified":"2023-01-19T17:37:11+00:00","description":"Naava a choisi Artome pour son nouveau showroom pour son look scandinave et a \u00e9galement \u00e9conomis\u00e9 de l&#039;argent sur les \u00e9v\u00e9nements internationaux avec l&#039;aide d&#039;Artome.","breadcrumb":{"@id":"https:\/\/artome.fi\/it\/nava\/#breadcrumb"},"inLanguage":"fr-FR","potentialAction":[{"@type":"ReadAction","target":["https:\/\/artome.fi\/it\/nava\/"]}]},{"@type":"ImageObject","inLanguage":"fr-FR","@id":"https:\/\/artome.fi\/it\/nava\/#primaryimage","url":"https:\/\/artome.fi\/wp-content\/uploads\/2023\/01\/Naava-showroom-1536x1024.jpg","contentUrl":"https:\/\/artome.fi\/wp-content\/uploads\/2023\/01\/Naava-showroom-1536x1024.jpg"},{"@type":"BreadcrumbList","@id":"https:\/\/artome.fi\/it\/nava\/#breadcrumb","itemListElement":[{"@type":"ListItem","position":1,"name":"Etusivu","item":"https:\/\/artome.fi\/en\/"},{"@type":"ListItem","position":2,"name":"Naava"}]},{"@type":"WebSite","@id":"https:\/\/artome.fi\/en\/#website","url":"https:\/\/artome.fi\/en\/","name":"Artom\u00e9","description":"Repenser l&#039;audiovisuel avec du mobilier intelligent","publisher":{"@id":"https:\/\/artome.fi\/en\/#organization"},"potentialAction":[{"@type":"SearchAction","target":{"@type":"EntryPoint","urlTemplate":"https:\/\/artome.fi\/en\/?s={search_term_string}"},"query-input":{"@type":"PropertyValueSpecification","valueRequired":true,"valueName":"search_term_string"}}],"inLanguage":"fr-FR"},{"@type":"Organization","@id":"https:\/\/artome.fi\/en\/#organization","name":"Artom\u00e9","url":"https:\/\/artome.fi\/en\/","logo":{"@type":"ImageObject","inLanguage":"fr-FR","@id":"https:\/\/artome.fi\/en\/#\/schema\/logo\/image\/","url":"https:\/\/artome.fi\/wp-content\/uploads\/2022\/02\/artome_logo_black.png","contentUrl":"https:\/\/artome.fi\/wp-content\/uploads\/2022\/02\/artome_logo_black.png","width":1280,"height":496,"caption":"Artome"},"image":{"@id":"https:\/\/artome.fi\/en\/#\/schema\/logo\/image\/"}}]}},"_links":{"self":[{"href":"https:\/\/artome.fi\/fr\/wp-json\/wp\/v2\/pages\/3620","targetHints":{"allow":["GET"]}}],"collection":[{"href":"https:\/\/artome.fi\/fr\/wp-json\/wp\/v2\/pages"}],"about":[{"href":"https:\/\/artome.fi\/fr\/wp-json\/wp\/v2\/types\/page"}],"author":[{"embeddable":true,"href":"https:\/\/artome.fi\/fr\/wp-json\/wp\/v2\/users\/1"}],"replies":[{"embeddable":true,"href":"https:\/\/artome.fi\/fr\/wp-json\/wp\/v2\/comments?post=3620"}],"version-history":[{"count":10,"href":"https:\/\/artome.fi\/fr\/wp-json\/wp\/v2\/pages\/3620\/revisions"}],"predecessor-version":[{"id":3632,"href":"https:\/\/artome.fi\/fr\/wp-json\/wp\/v2\/pages\/3620\/revisions\/3632"}],"wp:attachment":[{"href":"https:\/\/artome.fi\/fr\/wp-json\/wp\/v2\/media?parent=3620"}],"curies":[{"name":"wp","href":"https:\/\/api.w.org\/{rel}","templated":true}]}}