{"id":809,"date":"2022-06-07T14:11:59","date_gmt":"2022-06-07T14:11:59","guid":{"rendered":"https:\/\/artome.fi\/?page_id=809"},"modified":"2022-12-07T12:42:35","modified_gmt":"2022-12-07T12:42:35","slug":"experiences-helsinki-education-hub","status":"publish","type":"page","link":"https:\/\/artome.fi\/fr\/experiences-centre-educatif-dhelsinki\/","title":{"rendered":"Centre \u00e9ducatif d&#039;Helsinki"},"content":{"rendered":"<div data-elementor-type=\"wp-page\" data-elementor-id=\"809\" class=\"elementor elementor-809\" data-elementor-post-type=\"page\">\n\t\t\t\t\t\t<section class=\"elementor-section elementor-top-section elementor-element elementor-element-c739d92 elementor-section-boxed elementor-section-height-default elementor-section-height-default\" data-id=\"c739d92\" data-element_type=\"section\">\n\t\t\t\t\t\t<div class=\"elementor-container elementor-column-gap-default\">\n\t\t\t\t\t<div class=\"elementor-column elementor-col-100 elementor-top-column elementor-element elementor-element-14d6cfd\" data-id=\"14d6cfd\" data-element_type=\"column\">\n\t\t\t<div class=\"elementor-widget-wrap elementor-element-populated\">\n\t\t\t\t\t\t<div class=\"elementor-element elementor-element-2e48777 elementor-mobile-align-center elementor-widget elementor-widget-button\" data-id=\"2e48777\" data-element_type=\"widget\" data-widget_type=\"button.default\">\n\t\t\t\t<div class=\"elementor-widget-container\">\n\t\t\t\t\t\t\t\t\t<div class=\"elementor-button-wrapper\">\n\t\t\t\t\t<a class=\"elementor-button elementor-button-link elementor-size-sm\" href=\"https:\/\/artome.fi\/fr\/experiences\/\">\n\t\t\t\t\t\t<span class=\"elementor-button-content-wrapper\">\n\t\t\t\t\t\t\t\t\t<span class=\"elementor-button-text\">Exp\u00e9riences<\/span>\n\t\t\t\t\t<\/span>\n\t\t\t\t\t<\/a>\n\t\t\t\t<\/div>\n\t\t\t\t\t\t\t\t<\/div>\n\t\t\t\t<\/div>\n\t\t\t\t<div class=\"elementor-element elementor-element-0a5a0db elementor-widget elementor-widget-heading\" data-id=\"0a5a0db\" data-element_type=\"widget\" data-widget_type=\"heading.default\">\n\t\t\t\t<div class=\"elementor-widget-container\">\n\t\t\t\t\t<h2 class=\"elementor-heading-title elementor-size-xl\">Centre \u00e9ducatif d&#039;Helsinki<\/h2>\t\t\t\t<\/div>\n\t\t\t\t<\/div>\n\t\t\t\t\t<\/div>\n\t\t<\/div>\n\t\t\t\t\t<\/div>\n\t\t<\/section>\n\t\t\t\t<section class=\"elementor-section elementor-top-section elementor-element elementor-element-62a2ff9 elementor-section-boxed elementor-section-height-default elementor-section-height-default\" data-id=\"62a2ff9\" data-element_type=\"section\">\n\t\t\t\t\t\t<div class=\"elementor-container elementor-column-gap-default\">\n\t\t\t\t\t<div class=\"elementor-column elementor-col-100 elementor-top-column elementor-element elementor-element-26a8da6\" data-id=\"26a8da6\" data-element_type=\"column\">\n\t\t\t<div class=\"elementor-widget-wrap elementor-element-populated\">\n\t\t\t\t\t\t<div class=\"elementor-element elementor-element-ed4df35 elementor-widget elementor-widget-image\" data-id=\"ed4df35\" data-element_type=\"widget\" data-widget_type=\"image.default\">\n\t\t\t\t<div class=\"elementor-widget-container\">\n\t\t\t\t\t\t\t\t\t\t\t\t\t\t\t<img fetchpriority=\"high\" decoding=\"async\" width=\"1536\" height=\"1084\" src=\"https:\/\/artome.fi\/wp-content\/uploads\/2022\/06\/artome_M10_refe3-kopio-1536x1084.jpg\" class=\"attachment-1536x1536 size-1536x1536 wp-image-781\" alt=\"Artome M10 utilis\u00e9 au Helsinki Education Hub.\" srcset=\"https:\/\/artome.fi\/wp-content\/uploads\/2022\/06\/artome_M10_refe3-kopio-1536x1084.jpg 1536w, https:\/\/artome.fi\/wp-content\/uploads\/2022\/06\/artome_M10_refe3-kopio-300x212.jpg 300w, https:\/\/artome.fi\/wp-content\/uploads\/2022\/06\/artome_M10_refe3-kopio-1024x722.jpg 1024w, https:\/\/artome.fi\/wp-content\/uploads\/2022\/06\/artome_M10_refe3-kopio-768x542.jpg 768w, https:\/\/artome.fi\/wp-content\/uploads\/2022\/06\/artome_M10_refe3-kopio-2048x1445.jpg 2048w, https:\/\/artome.fi\/wp-content\/uploads\/2022\/06\/artome_M10_refe3-kopio-18x12.jpg 18w\" sizes=\"(max-width: 1536px) 100vw, 1536px\" \/>\t\t\t\t\t\t\t\t\t\t\t\t\t\t\t<\/div>\n\t\t\t\t<\/div>\n\t\t\t\t<div class=\"elementor-element elementor-element-89f0c3c elementor-widget-mobile__width-inherit elementor-widget elementor-widget-heading\" data-id=\"89f0c3c\" data-element_type=\"widget\" data-widget_type=\"heading.default\">\n\t\t\t\t<div class=\"elementor-widget-container\">\n\t\t\t\t\t<h2 class=\"elementor-heading-title elementor-size-default\">Apprendre sans fronti\u00e8res<\/h2>\t\t\t\t<\/div>\n\t\t\t\t<\/div>\n\t\t\t\t<div class=\"elementor-element elementor-element-39154e6 elementor-widget elementor-widget-text-editor\" data-id=\"39154e6\" data-element_type=\"widget\" data-widget_type=\"text-editor.default\">\n\t\t\t\t<div class=\"elementor-widget-container\">\n\t\t\t\t\t\t\t\t\t<p><span style=\"color: #4b4b4b; font-family: montserrat, Helvetica, Arial, sans-serif; font-size: 18px; background-color: #ffffff;\">Une exp\u00e9rience d\u2019apprentissage de haute qualit\u00e9 serait-elle impossible si votre professeur et vos camarades de classe \u00e9taient \u00e0 l\u2019autre bout du monde ? Chez Artome, nous dirions non, et heureusement, nous avons \u00e9galement trouv\u00e9 d\u2019autres pionniers innovants comme nous pour faire avancer avec nous la bonne nouvelle de l\u2019enseignement hybride. Helsinki Education Hub est l&#039;un de ces pionniers qui montrent comment des exp\u00e9riences d&#039;apprentissage authentiques et des discussions interactives peuvent \u00eatre mises en \u0153uvre dans la vie quotidienne, m\u00eame d&#039;Helsinki \u00e0 P\u00e9kin.<\/span><\/p>\t\t\t\t\t\t\t\t<\/div>\n\t\t\t\t<\/div>\n\t\t\t\t<div class=\"elementor-element elementor-element-2e25157 elementor-blockquote--skin-quotation elementor-blockquote--align-center elementor-widget elementor-widget-blockquote\" data-id=\"2e25157\" data-element_type=\"widget\" data-widget_type=\"blockquote.default\">\n\t\t\t\t<div class=\"elementor-widget-container\">\n\t\t\t\t\t\t\t<blockquote class=\"elementor-blockquote\">\n\t\t\t<p class=\"elementor-blockquote__content\">\n\t\t\t\t\u00c0 quelle fr\u00e9quence utilisons-nous l\u2019Artome M10 ? Tous les jours! C&#039;est tellement intelligent de faire des r\u00e9unions hybrides, et ce n&#039;est pas du tout difficile \u00e0 utiliser. Nous avons organis\u00e9 ici, dans nos locaux, une \u00e9cole \u00e9ph\u00e9m\u00e8re dans le cadre de la semaine du design de P\u00e9kin en septembre 2021, et bien s\u00fbr, les professeurs des classes invit\u00e9es sont venus se familiariser avec la technologie spatiale bien \u00e0 l&#039;avance, avant que des connexions \u00e0 distance avec le monde ne soient \u00e9tablies. . Ils ont \u00e9galement \u00e9t\u00e9 agr\u00e9ablement surpris par la facilit\u00e9 d&#039;utilisation de l&#039;Artome M10 sur leur propre ordinateur via la connexion HDMI. Et puis on a d\u00e9j\u00e0 fait des connexions avec P\u00e9kin<br>\t\t\t<\/p>\n\t\t\t\t\t\t\t<div class=\"e-q-footer\">\n\t\t\t\t\t\t\t\t\t\t\t<cite class=\"elementor-blockquote__author\">Ulla Hemminki-Reijonen, responsable de la communaut\u00e9 du Helsinki Education Hub<\/cite>\n\t\t\t\t\t\t\t\t\t\t\t\t\t\t<\/div>\n\t\t\t\t\t<\/blockquote>\n\t\t\t\t\t\t<\/div>\n\t\t\t\t<\/div>\n\t\t\t\t<div class=\"elementor-element elementor-element-98a20e5 elementor-widget elementor-widget-image\" data-id=\"98a20e5\" data-element_type=\"widget\" data-widget_type=\"image.default\">\n\t\t\t\t<div class=\"elementor-widget-container\">\n\t\t\t\t\t\t\t\t\t\t\t\t\t\t\t<img decoding=\"async\" width=\"1536\" height=\"1024\" src=\"https:\/\/artome.fi\/wp-content\/uploads\/2022\/12\/Edu-Hub-web-1536x1024.jpg\" class=\"attachment-1536x1536 size-1536x1536 wp-image-3510\" alt=\"Solution audiovisuelle sans installation, Artome M10, au Helsinki Education Hub\" srcset=\"https:\/\/artome.fi\/wp-content\/uploads\/2022\/12\/Edu-Hub-web-1536x1024.jpg 1536w, https:\/\/artome.fi\/wp-content\/uploads\/2022\/12\/Edu-Hub-web-300x200.jpg 300w, https:\/\/artome.fi\/wp-content\/uploads\/2022\/12\/Edu-Hub-web-1024x683.jpg 1024w, https:\/\/artome.fi\/wp-content\/uploads\/2022\/12\/Edu-Hub-web-768x512.jpg 768w, https:\/\/artome.fi\/wp-content\/uploads\/2022\/12\/Edu-Hub-web-2048x1366.jpg 2048w, https:\/\/artome.fi\/wp-content\/uploads\/2022\/12\/Edu-Hub-web-18x12.jpg 18w\" sizes=\"(max-width: 1536px) 100vw, 1536px\" \/>\t\t\t\t\t\t\t\t\t\t\t\t\t\t\t<\/div>\n\t\t\t\t<\/div>\n\t\t\t\t<div class=\"elementor-element elementor-element-a204446 elementor-widget elementor-widget-text-editor\" data-id=\"a204446\" data-element_type=\"widget\" data-widget_type=\"text-editor.default\">\n\t\t\t\t<div class=\"elementor-widget-container\">\n\t\t\t\t\t\t\t\t\t<p><span style=\"color: #4b4b4b; font-family: montserrat, Helvetica, Arial, sans-serif; font-size: 18px; background-color: #ffffff;\">La connexion \u00e0 distance facile \u00e0 utiliser offerte par Artome M10 a \u00e9galement \u00e9t\u00e9 appr\u00e9ci\u00e9e par les \u00e9l\u00e8ves d&#039;une 8e ann\u00e9e \u00e0 Helsinki, lorsqu&#039;ils ont pu rencontrer virtuellement leurs camarades de l&#039;\u00e9cole de l&#039;amiti\u00e9 de P\u00e9kin. Les salutations de l&#039;Artome M10 des deux c\u00f4t\u00e9s ont \u00e9t\u00e9 re\u00e7ues en temps r\u00e9el \u00e0 l&#039;aide de la cam\u00e9ra int\u00e9gr\u00e9e et du microphone sans fil. L\u2019exp\u00e9rience d\u2019apprentissage du futur est donc d\u00e9j\u00e0 r\u00e9elle.<\/span><\/p><p><span style=\"color: #4b4b4b; font-family: montserrat, Helvetica, Arial, sans-serif; font-size: 18px; background-color: #ffffff;\">Au cours de la derni\u00e8re d\u00e9cennie, la mani\u00e8re de partager et de recevoir des informations a subi des changements majeurs. Gr\u00e2ce aux smartphones, nous sommes toujours \u00e0 quelques clics de nouvelles informations. Cela impose \u00e9galement de nouvelles exigences aux \u00e9coles. Le partage unilat\u00e9ral des informations existantes ne suffit plus, mais il est n\u00e9cessaire d&#039;\u00eatre capable d&#039;innover de nouvelles fa\u00e7ons de rassembler les gens pour apprendre et permettre une conversation d&#039;apprentissage entre toutes les parties \u00e0 travers le monde. C\u2019est pourquoi les solutions de communication doivent \u00e9galement \u00eatre plus agiles.<\/span><\/p>\t\t\t\t\t\t\t\t<\/div>\n\t\t\t\t<\/div>\n\t\t\t\t<div class=\"elementor-element elementor-element-6e08e02 elementor-blockquote--skin-quotation elementor-blockquote--align-center elementor-widget elementor-widget-blockquote\" data-id=\"6e08e02\" data-element_type=\"widget\" data-widget_type=\"blockquote.default\">\n\t\t\t\t<div class=\"elementor-widget-container\">\n\t\t\t\t\t\t\t<blockquote class=\"elementor-blockquote\">\n\t\t\t<p class=\"elementor-blockquote__content\">\n\t\t\t\tNous disposons \u00e9galement d&#039;un \u00e9cran tactile plus grand dans nos locaux et nous avons r\u00e9cemment r\u00e9alis\u00e9 que nous pouvions connecter l&#039;\u00e9cran tactile Artome M10, ce qui permet de refl\u00e9ter son contenu m\u00eame lors de r\u00e9unions \u00e0 distance. En fait, presque tous les spectacles sont possibles, la seule limite est votre imagination.\t\t\t<\/p>\n\t\t\t\t\t<\/blockquote>\n\t\t\t\t\t\t<\/div>\n\t\t\t\t<\/div>\n\t\t\t\t\t<\/div>\n\t\t<\/div>\n\t\t\t\t\t<\/div>\n\t\t<\/section>\n\t\t\t\t<\/div>","protected":false},"excerpt":{"rendered":"<p>Kokemuksia Helsinki Education Hub Oppimista ilman rajoja Olisiko laadukas oppimiskokemus mahdotonta toteuttaa, jos sek\u00e4 opettajasi ett\u00e4 koulutoverisi olisivatkin toisella puolella maapalloa? Me Artomella sanoisimme, ett\u00e4 ei ja onneksi olemme l\u00f6yt\u00e4neet my\u00f6s muita kaltaisiamme innovatiivisia edell\u00e4k\u00e4vij\u00f6it\u00e4 viem\u00e4\u00e4n kanssamme hybridiopettamisen ilosanomaa eteenp\u00e4in. Helsinki Education Hub on yksi n\u00e4ist\u00e4 pioneereista, jotka n\u00e4ytt\u00e4v\u00e4t esimerkki\u00e4, miten aitoja oppimiskokemuksia ja vuorovaikutteista [&hellip;]<\/p>\n","protected":false},"author":1,"featured_media":0,"parent":0,"menu_order":0,"comment_status":"closed","ping_status":"closed","template":"elementor_header_footer","meta":{"om_disable_all_campaigns":false,"_monsterinsights_skip_tracking":false,"_monsterinsights_sitenote_active":false,"_monsterinsights_sitenote_note":"","_monsterinsights_sitenote_category":0,"_uf_show_specific_survey":0,"_uf_disable_surveys":false,"footnotes":""},"class_list":["post-809","page","type-page","status-publish","hentry"],"blocksy_meta":{"styles_descriptor":{"styles":{"desktop":"","tablet":"","mobile":""},"google_fonts":[],"version":6}},"aioseo_notices":[],"yoast_head":"<!-- This site is optimized with the Yoast SEO Premium plugin v23.2 (Yoast SEO v26.3) - https:\/\/yoast.com\/wordpress\/plugins\/seo\/ -->\n<title>Artome | Experiences - Helsinki Education Hub<\/title>\n<meta name=\"description\" content=\"Helsinki Education Hub x Artome. Learning without borders. Read more about why Helsinki Education Hub chose Artome M10.\" \/>\n<meta name=\"robots\" content=\"index, follow, max-snippet:-1, max-image-preview:large, max-video-preview:-1\" \/>\n<link rel=\"canonical\" href=\"https:\/\/artome.fi\/fr\/experiences-centre-educatif-dhelsinki\/\" \/>\n<meta property=\"og:locale\" content=\"fr_FR\" \/>\n<meta property=\"og:type\" content=\"article\" \/>\n<meta property=\"og:title\" content=\"Helsinki Education Hub\" \/>\n<meta property=\"og:description\" content=\"Helsinki Education Hub x Artome. Learning without borders. Read more about why Helsinki Education Hub chose Artome M10.\" \/>\n<meta property=\"og:url\" content=\"https:\/\/artome.fi\/fr\/experiences-centre-educatif-dhelsinki\/\" \/>\n<meta property=\"og:site_name\" content=\"Artome\" \/>\n<meta property=\"article:modified_time\" content=\"2022-12-07T12:42:35+00:00\" \/>\n<meta property=\"og:image\" content=\"https:\/\/artome.fi\/wp-content\/uploads\/2022\/06\/artome_M10_refe3-kopio-1536x1084.jpg\" \/>\n<meta name=\"twitter:card\" content=\"summary_large_image\" \/>\n<meta name=\"twitter:label1\" content=\"Dur\u00e9e de lecture estim\u00e9e\" \/>\n\t<meta name=\"twitter:data1\" content=\"3 minutes\" \/>\n<script type=\"application\/ld+json\" class=\"yoast-schema-graph\">{\"@context\":\"https:\/\/schema.org\",\"@graph\":[{\"@type\":\"WebPage\",\"@id\":\"https:\/\/artome.fi\/es\/experiencias-centro-educativo-helsinki\/\",\"url\":\"https:\/\/artome.fi\/es\/experiencias-centro-educativo-helsinki\/\",\"name\":\"Artome | Experiences - Helsinki Education Hub\",\"isPartOf\":{\"@id\":\"https:\/\/artome.fi\/en\/#website\"},\"primaryImageOfPage\":{\"@id\":\"https:\/\/artome.fi\/es\/experiencias-centro-educativo-helsinki\/#primaryimage\"},\"image\":{\"@id\":\"https:\/\/artome.fi\/es\/experiencias-centro-educativo-helsinki\/#primaryimage\"},\"thumbnailUrl\":\"https:\/\/artome.fi\/wp-content\/uploads\/2022\/06\/artome_M10_refe3-kopio-1536x1084.jpg\",\"datePublished\":\"2022-06-07T14:11:59+00:00\",\"dateModified\":\"2022-12-07T12:42:35+00:00\",\"description\":\"Helsinki Education Hub x Artome. Learning without borders. Read more about why Helsinki Education Hub chose Artome M10.\",\"breadcrumb\":{\"@id\":\"https:\/\/artome.fi\/es\/experiencias-centro-educativo-helsinki\/#breadcrumb\"},\"inLanguage\":\"fr-FR\",\"potentialAction\":[{\"@type\":\"ReadAction\",\"target\":[\"https:\/\/artome.fi\/es\/experiencias-centro-educativo-helsinki\/\"]}]},{\"@type\":\"ImageObject\",\"inLanguage\":\"fr-FR\",\"@id\":\"https:\/\/artome.fi\/es\/experiencias-centro-educativo-helsinki\/#primaryimage\",\"url\":\"https:\/\/artome.fi\/wp-content\/uploads\/2022\/06\/artome_M10_refe3-kopio-1536x1084.jpg\",\"contentUrl\":\"https:\/\/artome.fi\/wp-content\/uploads\/2022\/06\/artome_M10_refe3-kopio-1536x1084.jpg\"},{\"@type\":\"BreadcrumbList\",\"@id\":\"https:\/\/artome.fi\/es\/experiencias-centro-educativo-helsinki\/#breadcrumb\",\"itemListElement\":[{\"@type\":\"ListItem\",\"position\":1,\"name\":\"Etusivu\",\"item\":\"https:\/\/artome.fi\/en\/\"},{\"@type\":\"ListItem\",\"position\":2,\"name\":\"Helsinki Education Hub\"}]},{\"@type\":\"WebSite\",\"@id\":\"https:\/\/artome.fi\/en\/#website\",\"url\":\"https:\/\/artome.fi\/en\/\",\"name\":\"Artome\",\"description\":\"Redesigning audiovisual with smart furniture\",\"publisher\":{\"@id\":\"https:\/\/artome.fi\/en\/#organization\"},\"potentialAction\":[{\"@type\":\"SearchAction\",\"target\":{\"@type\":\"EntryPoint\",\"urlTemplate\":\"https:\/\/artome.fi\/en\/?s={search_term_string}\"},\"query-input\":{\"@type\":\"PropertyValueSpecification\",\"valueRequired\":true,\"valueName\":\"search_term_string\"}}],\"inLanguage\":\"fr-FR\"},{\"@type\":\"Organization\",\"@id\":\"https:\/\/artome.fi\/en\/#organization\",\"name\":\"Artome\",\"url\":\"https:\/\/artome.fi\/en\/\",\"logo\":{\"@type\":\"ImageObject\",\"inLanguage\":\"fr-FR\",\"@id\":\"https:\/\/artome.fi\/en\/#\/schema\/logo\/image\/\",\"url\":\"https:\/\/artome.fi\/wp-content\/uploads\/2022\/02\/artome_logo_black.png\",\"contentUrl\":\"https:\/\/artome.fi\/wp-content\/uploads\/2022\/02\/artome_logo_black.png\",\"width\":1280,\"height\":496,\"caption\":\"Artome\"},\"image\":{\"@id\":\"https:\/\/artome.fi\/en\/#\/schema\/logo\/image\/\"}}]}<\/script>\n<!-- \/ Yoast SEO Premium plugin. -->","yoast_head_json":{"title":"Artom\u00e9 | Exp\u00e9riences - Helsinki Education Hub","description":"Centre \u00e9ducatif d&#039;Helsinki x Artome. Apprendre sans fronti\u00e8res. D\u00e9couvrez pourquoi Helsinki Education Hub a choisi Artome M10.","robots":{"index":"index","follow":"follow","max-snippet":"max-snippet:-1","max-image-preview":"max-image-preview:large","max-video-preview":"max-video-preview:-1"},"canonical":"https:\/\/artome.fi\/fr\/experiences-centre-educatif-dhelsinki\/","og_locale":"fr_FR","og_type":"article","og_title":"Helsinki Education Hub","og_description":"Helsinki Education Hub x Artome. Learning without borders. Read more about why Helsinki Education Hub chose Artome M10.","og_url":"https:\/\/artome.fi\/fr\/experiences-centre-educatif-dhelsinki\/","og_site_name":"Artome","article_modified_time":"2022-12-07T12:42:35+00:00","og_image":[{"url":"https:\/\/artome.fi\/wp-content\/uploads\/2022\/06\/artome_M10_refe3-kopio-1536x1084.jpg","type":"","width":"","height":""}],"twitter_card":"summary_large_image","twitter_misc":{"Dur\u00e9e de lecture estim\u00e9e":"3 minutes"},"schema":{"@context":"https:\/\/schema.org","@graph":[{"@type":"WebPage","@id":"https:\/\/artome.fi\/es\/experiencias-centro-educativo-helsinki\/","url":"https:\/\/artome.fi\/es\/experiencias-centro-educativo-helsinki\/","name":"Artom\u00e9 | Exp\u00e9riences - Helsinki Education Hub","isPartOf":{"@id":"https:\/\/artome.fi\/en\/#website"},"primaryImageOfPage":{"@id":"https:\/\/artome.fi\/es\/experiencias-centro-educativo-helsinki\/#primaryimage"},"image":{"@id":"https:\/\/artome.fi\/es\/experiencias-centro-educativo-helsinki\/#primaryimage"},"thumbnailUrl":"https:\/\/artome.fi\/wp-content\/uploads\/2022\/06\/artome_M10_refe3-kopio-1536x1084.jpg","datePublished":"2022-06-07T14:11:59+00:00","dateModified":"2022-12-07T12:42:35+00:00","description":"Centre \u00e9ducatif d&#039;Helsinki x Artome. Apprendre sans fronti\u00e8res. D\u00e9couvrez pourquoi Helsinki Education Hub a choisi Artome M10.","breadcrumb":{"@id":"https:\/\/artome.fi\/es\/experiencias-centro-educativo-helsinki\/#breadcrumb"},"inLanguage":"fr-FR","potentialAction":[{"@type":"ReadAction","target":["https:\/\/artome.fi\/es\/experiencias-centro-educativo-helsinki\/"]}]},{"@type":"ImageObject","inLanguage":"fr-FR","@id":"https:\/\/artome.fi\/es\/experiencias-centro-educativo-helsinki\/#primaryimage","url":"https:\/\/artome.fi\/wp-content\/uploads\/2022\/06\/artome_M10_refe3-kopio-1536x1084.jpg","contentUrl":"https:\/\/artome.fi\/wp-content\/uploads\/2022\/06\/artome_M10_refe3-kopio-1536x1084.jpg"},{"@type":"BreadcrumbList","@id":"https:\/\/artome.fi\/es\/experiencias-centro-educativo-helsinki\/#breadcrumb","itemListElement":[{"@type":"ListItem","position":1,"name":"Etusivu","item":"https:\/\/artome.fi\/en\/"},{"@type":"ListItem","position":2,"name":"Helsinki Education Hub"}]},{"@type":"WebSite","@id":"https:\/\/artome.fi\/en\/#website","url":"https:\/\/artome.fi\/en\/","name":"Artom\u00e9","description":"Repenser l&#039;audiovisuel avec du mobilier intelligent","publisher":{"@id":"https:\/\/artome.fi\/en\/#organization"},"potentialAction":[{"@type":"SearchAction","target":{"@type":"EntryPoint","urlTemplate":"https:\/\/artome.fi\/en\/?s={search_term_string}"},"query-input":{"@type":"PropertyValueSpecification","valueRequired":true,"valueName":"search_term_string"}}],"inLanguage":"fr-FR"},{"@type":"Organization","@id":"https:\/\/artome.fi\/en\/#organization","name":"Artom\u00e9","url":"https:\/\/artome.fi\/en\/","logo":{"@type":"ImageObject","inLanguage":"fr-FR","@id":"https:\/\/artome.fi\/en\/#\/schema\/logo\/image\/","url":"https:\/\/artome.fi\/wp-content\/uploads\/2022\/02\/artome_logo_black.png","contentUrl":"https:\/\/artome.fi\/wp-content\/uploads\/2022\/02\/artome_logo_black.png","width":1280,"height":496,"caption":"Artome"},"image":{"@id":"https:\/\/artome.fi\/en\/#\/schema\/logo\/image\/"}}]}},"_links":{"self":[{"href":"https:\/\/artome.fi\/fr\/wp-json\/wp\/v2\/pages\/809","targetHints":{"allow":["GET"]}}],"collection":[{"href":"https:\/\/artome.fi\/fr\/wp-json\/wp\/v2\/pages"}],"about":[{"href":"https:\/\/artome.fi\/fr\/wp-json\/wp\/v2\/types\/page"}],"author":[{"embeddable":true,"href":"https:\/\/artome.fi\/fr\/wp-json\/wp\/v2\/users\/1"}],"replies":[{"embeddable":true,"href":"https:\/\/artome.fi\/fr\/wp-json\/wp\/v2\/comments?post=809"}],"version-history":[{"count":52,"href":"https:\/\/artome.fi\/fr\/wp-json\/wp\/v2\/pages\/809\/revisions"}],"predecessor-version":[{"id":3519,"href":"https:\/\/artome.fi\/fr\/wp-json\/wp\/v2\/pages\/809\/revisions\/3519"}],"wp:attachment":[{"href":"https:\/\/artome.fi\/fr\/wp-json\/wp\/v2\/media?parent=809"}],"curies":[{"name":"wp","href":"https:\/\/api.w.org\/{rel}","templated":true}]}}