{"id":841,"date":"2022-06-07T17:15:04","date_gmt":"2022-06-07T17:15:04","guid":{"rendered":"https:\/\/artome.fi\/?page_id=841"},"modified":"2023-11-08T15:46:20","modified_gmt":"2023-11-08T15:46:20","slug":"the-pajasali-hall-suomenlinna","status":"publish","type":"page","link":"https:\/\/artome.fi\/fr\/la-salle-pajasali-suomenlinna\/","title":{"rendered":"La salle Pajasali Suomenlinna"},"content":{"rendered":"<div data-elementor-type=\"wp-page\" data-elementor-id=\"841\" class=\"elementor elementor-841\" data-elementor-post-type=\"page\">\n\t\t\t\t\t\t<section class=\"elementor-section elementor-top-section elementor-element elementor-element-468606ce elementor-section-boxed elementor-section-height-default elementor-section-height-default\" data-id=\"468606ce\" data-element_type=\"section\">\n\t\t\t\t\t\t<div class=\"elementor-container elementor-column-gap-default\">\n\t\t\t\t\t<div class=\"elementor-column elementor-col-100 elementor-top-column elementor-element elementor-element-47b700d4\" data-id=\"47b700d4\" data-element_type=\"column\">\n\t\t\t<div class=\"elementor-widget-wrap elementor-element-populated\">\n\t\t\t\t\t\t<div class=\"elementor-element elementor-element-9b4046e elementor-mobile-align-center elementor-widget elementor-widget-button\" data-id=\"9b4046e\" data-element_type=\"widget\" data-widget_type=\"button.default\">\n\t\t\t\t<div class=\"elementor-widget-container\">\n\t\t\t\t\t\t\t\t\t<div class=\"elementor-button-wrapper\">\n\t\t\t\t\t<a class=\"elementor-button elementor-button-link elementor-size-sm\" href=\"https:\/\/artome.fi\/fr\/experiences\/\">\n\t\t\t\t\t\t<span class=\"elementor-button-content-wrapper\">\n\t\t\t\t\t\t\t\t\t<span class=\"elementor-button-text\">Exp\u00e9riences<\/span>\n\t\t\t\t\t<\/span>\n\t\t\t\t\t<\/a>\n\t\t\t\t<\/div>\n\t\t\t\t\t\t\t\t<\/div>\n\t\t\t\t<\/div>\n\t\t\t\t<div class=\"elementor-element elementor-element-52155ae elementor-widget elementor-widget-heading\" data-id=\"52155ae\" data-element_type=\"widget\" data-widget_type=\"heading.default\">\n\t\t\t\t<div class=\"elementor-widget-container\">\n\t\t\t\t\t<h2 class=\"elementor-heading-title elementor-size-xl\">Halle Paja \u00e0 Forteresse de Suomenlinna<\/h2>\t\t\t\t<\/div>\n\t\t\t\t<\/div>\n\t\t\t\t\t<\/div>\n\t\t<\/div>\n\t\t\t\t\t<\/div>\n\t\t<\/section>\n\t\t\t\t<section class=\"elementor-section elementor-top-section elementor-element elementor-element-7584832 elementor-section-boxed elementor-section-height-default elementor-section-height-default\" data-id=\"7584832\" data-element_type=\"section\">\n\t\t\t\t\t\t<div class=\"elementor-container elementor-column-gap-default\">\n\t\t\t\t\t<div class=\"elementor-column elementor-col-50 elementor-top-column elementor-element elementor-element-8ae8d52\" data-id=\"8ae8d52\" data-element_type=\"column\">\n\t\t\t<div class=\"elementor-widget-wrap elementor-element-populated\">\n\t\t\t\t\t\t<div class=\"elementor-element elementor-element-efd9ee2 elementor-widget elementor-widget-heading\" data-id=\"efd9ee2\" data-element_type=\"widget\" data-widget_type=\"heading.default\">\n\t\t\t\t<div class=\"elementor-widget-container\">\n\t\t\t\t\t<h2 class=\"elementor-heading-title elementor-size-default\">Plus d&#039;exp\u00e9riences <br> d&#039;Art\u00f4me ici<\/h2>\t\t\t\t<\/div>\n\t\t\t\t<\/div>\n\t\t\t\t<div class=\"elementor-element elementor-element-7a24e83 elementor-mobile-align-center elementor-align-center elementor-widget elementor-widget-button\" data-id=\"7a24e83\" data-element_type=\"widget\" data-widget_type=\"button.default\">\n\t\t\t\t<div class=\"elementor-widget-container\">\n\t\t\t\t\t\t\t\t\t<div class=\"elementor-button-wrapper\">\n\t\t\t\t\t<a class=\"elementor-button elementor-button-link elementor-size-sm\" href=\"https:\/\/artome.fi\/en\/the-pajasali-hall-suomenlinna\/\">\n\t\t\t\t\t\t<span class=\"elementor-button-content-wrapper\">\n\t\t\t\t\t\t\t\t\t<span class=\"elementor-button-text\">Lire plus (en anglais)<\/span>\n\t\t\t\t\t<\/span>\n\t\t\t\t\t<\/a>\n\t\t\t\t<\/div>\n\t\t\t\t\t\t\t\t<\/div>\n\t\t\t\t<\/div>\n\t\t\t\t\t<\/div>\n\t\t<\/div>\n\t\t\t\t<div class=\"elementor-column elementor-col-50 elementor-top-column elementor-element elementor-element-9547480\" data-id=\"9547480\" data-element_type=\"column\">\n\t\t\t<div class=\"elementor-widget-wrap elementor-element-populated\">\n\t\t\t\t\t\t<div class=\"elementor-element elementor-element-7263b13 elementor-widget elementor-widget-image\" data-id=\"7263b13\" data-element_type=\"widget\" data-widget_type=\"image.default\">\n\t\t\t\t<div class=\"elementor-widget-container\">\n\t\t\t\t\t\t\t\t\t\t\t\t\t\t\t<img fetchpriority=\"high\" decoding=\"async\" width=\"1024\" height=\"576\" src=\"https:\/\/artome.fi\/wp-content\/uploads\/2022\/06\/Artome_Suomenlinna_2021-08-09-1024x576.jpg\" class=\"attachment-large size-large wp-image-844\" alt=\"Artom\u00e9 M10 \u00e0 Suomenlinna.\" srcset=\"https:\/\/artome.fi\/wp-content\/uploads\/2022\/06\/Artome_Suomenlinna_2021-08-09-1024x576.jpg 1024w, https:\/\/artome.fi\/wp-content\/uploads\/2022\/06\/Artome_Suomenlinna_2021-08-09-300x169.jpg 300w, https:\/\/artome.fi\/wp-content\/uploads\/2022\/06\/Artome_Suomenlinna_2021-08-09-768x432.jpg 768w, https:\/\/artome.fi\/wp-content\/uploads\/2022\/06\/Artome_Suomenlinna_2021-08-09-1536x864.jpg 1536w, https:\/\/artome.fi\/wp-content\/uploads\/2022\/06\/Artome_Suomenlinna_2021-08-09-2048x1152.jpg 2048w, https:\/\/artome.fi\/wp-content\/uploads\/2022\/06\/Artome_Suomenlinna_2021-08-09-18x10.jpg 18w\" sizes=\"(max-width: 1024px) 100vw, 1024px\" \/>\t\t\t\t\t\t\t\t\t\t\t\t\t\t\t<\/div>\n\t\t\t\t<\/div>\n\t\t\t\t\t<\/div>\n\t\t<\/div>\n\t\t\t\t\t<\/div>\n\t\t<\/section>\n\t\t\t\t<\/div>","protected":false},"excerpt":{"rendered":"<p>Kokemuksia Pajasali Suomenlinna Kuinka saada laadukas ja helppok\u00e4ytt\u00f6inen esitysteknologia tilaan, jossa kiinte\u00e4 asentaminen ei ole mahdollista? Suomenlinna on maailman perint\u00f6kohde, joka sijaitsee saarella, Helsingin edustalla. Se on tunnettu erilaisista tapahtumista ja on vuosittain miljoonien vierailijoiden suosiossa. Suomenlinnan historiallisessa milj\u00f6\u00f6ss\u00e4 sijaitseva Pajasali tarjoaa tiloja mm. kokouksille ja konferensseille ja k\u00e4vij\u00e4t arvostavat tilaa juuri sen uniikin ymp\u00e4rist\u00f6n [&hellip;]<\/p>\n","protected":false},"author":1,"featured_media":0,"parent":0,"menu_order":0,"comment_status":"closed","ping_status":"closed","template":"elementor_header_footer","meta":{"om_disable_all_campaigns":false,"_monsterinsights_skip_tracking":false,"_monsterinsights_sitenote_active":false,"_monsterinsights_sitenote_note":"","_monsterinsights_sitenote_category":0,"_uf_show_specific_survey":0,"_uf_disable_surveys":false,"footnotes":""},"class_list":["post-841","page","type-page","status-publish","hentry"],"blocksy_meta":{"styles_descriptor":{"styles":{"desktop":"","tablet":"","mobile":""},"google_fonts":[],"version":6}},"aioseo_notices":[],"yoast_head":"<!-- This site is optimized with the Yoast SEO Premium plugin v23.2 (Yoast SEO v26.3) - https:\/\/yoast.com\/wordpress\/plugins\/seo\/ -->\n<title>Artome | Experiences - The Pajasali Hall Suomenlinna<\/title>\n<meta name=\"description\" content=\"Made to fit to the unique atmosphere. Preserving the Finnish heritage. Read more about why The Pajasali Hall Suomenlinna chose Artome M10.\" \/>\n<meta name=\"robots\" content=\"index, follow, max-snippet:-1, max-image-preview:large, max-video-preview:-1\" \/>\n<link rel=\"canonical\" href=\"https:\/\/artome.fi\/fr\/la-salle-pajasali-suomenlinna\/\" \/>\n<meta property=\"og:locale\" content=\"fr_FR\" \/>\n<meta property=\"og:type\" content=\"article\" \/>\n<meta property=\"og:title\" content=\"The Pajasali Hall Suomenlinna\" \/>\n<meta property=\"og:description\" content=\"Made to fit to the unique atmosphere. Preserving the Finnish heritage. Read more about why The Pajasali Hall Suomenlinna chose Artome M10.\" \/>\n<meta property=\"og:url\" content=\"https:\/\/artome.fi\/fr\/la-salle-pajasali-suomenlinna\/\" \/>\n<meta property=\"og:site_name\" content=\"Artome\" \/>\n<meta property=\"article:modified_time\" content=\"2023-11-08T15:46:20+00:00\" \/>\n<meta property=\"og:image\" content=\"https:\/\/artome.fi\/wp-content\/uploads\/2022\/06\/Artome_Suomenlinna_2021-08-09-1536x864.jpg\" \/>\n<meta name=\"twitter:card\" content=\"summary_large_image\" \/>\n<meta name=\"twitter:label1\" content=\"Dur\u00e9e de lecture estim\u00e9e\" \/>\n\t<meta name=\"twitter:data1\" content=\"3 minutes\" \/>\n<script type=\"application\/ld+json\" class=\"yoast-schema-graph\">{\"@context\":\"https:\/\/schema.org\",\"@graph\":[{\"@type\":\"WebPage\",\"@id\":\"https:\/\/artome.fi\/fi\/the-pajasali-hall-suomenlinna\/\",\"url\":\"https:\/\/artome.fi\/fi\/the-pajasali-hall-suomenlinna\/\",\"name\":\"Artome | Experiences - The Pajasali Hall Suomenlinna\",\"isPartOf\":{\"@id\":\"https:\/\/artome.fi\/en\/#website\"},\"primaryImageOfPage\":{\"@id\":\"https:\/\/artome.fi\/fi\/the-pajasali-hall-suomenlinna\/#primaryimage\"},\"image\":{\"@id\":\"https:\/\/artome.fi\/fi\/the-pajasali-hall-suomenlinna\/#primaryimage\"},\"thumbnailUrl\":\"https:\/\/artome.fi\/wp-content\/uploads\/2022\/06\/Artome_Suomenlinna_2021-08-09-1536x864.jpg\",\"datePublished\":\"2022-06-07T17:15:04+00:00\",\"dateModified\":\"2023-11-08T15:46:20+00:00\",\"description\":\"Made to fit to the unique atmosphere. Preserving the Finnish heritage. Read more about why The Pajasali Hall Suomenlinna chose Artome M10.\",\"breadcrumb\":{\"@id\":\"https:\/\/artome.fi\/fi\/the-pajasali-hall-suomenlinna\/#breadcrumb\"},\"inLanguage\":\"fr-FR\",\"potentialAction\":[{\"@type\":\"ReadAction\",\"target\":[\"https:\/\/artome.fi\/fi\/the-pajasali-hall-suomenlinna\/\"]}]},{\"@type\":\"ImageObject\",\"inLanguage\":\"fr-FR\",\"@id\":\"https:\/\/artome.fi\/fi\/the-pajasali-hall-suomenlinna\/#primaryimage\",\"url\":\"https:\/\/artome.fi\/wp-content\/uploads\/2022\/06\/Artome_Suomenlinna_2021-08-09-1536x864.jpg\",\"contentUrl\":\"https:\/\/artome.fi\/wp-content\/uploads\/2022\/06\/Artome_Suomenlinna_2021-08-09-1536x864.jpg\"},{\"@type\":\"BreadcrumbList\",\"@id\":\"https:\/\/artome.fi\/fi\/the-pajasali-hall-suomenlinna\/#breadcrumb\",\"itemListElement\":[{\"@type\":\"ListItem\",\"position\":1,\"name\":\"Etusivu\",\"item\":\"https:\/\/artome.fi\/en\/\"},{\"@type\":\"ListItem\",\"position\":2,\"name\":\"The Pajasali Hall Suomenlinna\"}]},{\"@type\":\"WebSite\",\"@id\":\"https:\/\/artome.fi\/en\/#website\",\"url\":\"https:\/\/artome.fi\/en\/\",\"name\":\"Artome\",\"description\":\"Redesigning audiovisual with smart furniture\",\"publisher\":{\"@id\":\"https:\/\/artome.fi\/en\/#organization\"},\"potentialAction\":[{\"@type\":\"SearchAction\",\"target\":{\"@type\":\"EntryPoint\",\"urlTemplate\":\"https:\/\/artome.fi\/en\/?s={search_term_string}\"},\"query-input\":{\"@type\":\"PropertyValueSpecification\",\"valueRequired\":true,\"valueName\":\"search_term_string\"}}],\"inLanguage\":\"fr-FR\"},{\"@type\":\"Organization\",\"@id\":\"https:\/\/artome.fi\/en\/#organization\",\"name\":\"Artome\",\"url\":\"https:\/\/artome.fi\/en\/\",\"logo\":{\"@type\":\"ImageObject\",\"inLanguage\":\"fr-FR\",\"@id\":\"https:\/\/artome.fi\/en\/#\/schema\/logo\/image\/\",\"url\":\"https:\/\/artome.fi\/wp-content\/uploads\/2022\/02\/artome_logo_black.png\",\"contentUrl\":\"https:\/\/artome.fi\/wp-content\/uploads\/2022\/02\/artome_logo_black.png\",\"width\":1280,\"height\":496,\"caption\":\"Artome\"},\"image\":{\"@id\":\"https:\/\/artome.fi\/en\/#\/schema\/logo\/image\/\"}}]}<\/script>\n<!-- \/ Yoast SEO Premium plugin. -->","yoast_head_json":{"title":"Artom\u00e9 | Exp\u00e9riences - La salle Pajasali Suomenlinna","description":"Con\u00e7u pour s&#039;adapter \u00e0 l&#039;atmosph\u00e8re unique. Pr\u00e9server le patrimoine finlandais. D\u00e9couvrez pourquoi le Pajasali Hall Suomenlinna a choisi l&#039;Artome M10.","robots":{"index":"index","follow":"follow","max-snippet":"max-snippet:-1","max-image-preview":"max-image-preview:large","max-video-preview":"max-video-preview:-1"},"canonical":"https:\/\/artome.fi\/fr\/la-salle-pajasali-suomenlinna\/","og_locale":"fr_FR","og_type":"article","og_title":"The Pajasali Hall Suomenlinna","og_description":"Made to fit to the unique atmosphere. Preserving the Finnish heritage. Read more about why The Pajasali Hall Suomenlinna chose Artome M10.","og_url":"https:\/\/artome.fi\/fr\/la-salle-pajasali-suomenlinna\/","og_site_name":"Artome","article_modified_time":"2023-11-08T15:46:20+00:00","og_image":[{"url":"https:\/\/artome.fi\/wp-content\/uploads\/2022\/06\/Artome_Suomenlinna_2021-08-09-1536x864.jpg","type":"","width":"","height":""}],"twitter_card":"summary_large_image","twitter_misc":{"Dur\u00e9e de lecture estim\u00e9e":"3 minutes"},"schema":{"@context":"https:\/\/schema.org","@graph":[{"@type":"WebPage","@id":"https:\/\/artome.fi\/fi\/the-pajasali-hall-suomenlinna\/","url":"https:\/\/artome.fi\/fi\/the-pajasali-hall-suomenlinna\/","name":"Artom\u00e9 | Exp\u00e9riences - La salle Pajasali Suomenlinna","isPartOf":{"@id":"https:\/\/artome.fi\/en\/#website"},"primaryImageOfPage":{"@id":"https:\/\/artome.fi\/fi\/the-pajasali-hall-suomenlinna\/#primaryimage"},"image":{"@id":"https:\/\/artome.fi\/fi\/the-pajasali-hall-suomenlinna\/#primaryimage"},"thumbnailUrl":"https:\/\/artome.fi\/wp-content\/uploads\/2022\/06\/Artome_Suomenlinna_2021-08-09-1536x864.jpg","datePublished":"2022-06-07T17:15:04+00:00","dateModified":"2023-11-08T15:46:20+00:00","description":"Con\u00e7u pour s&#039;adapter \u00e0 l&#039;atmosph\u00e8re unique. Pr\u00e9server le patrimoine finlandais. D\u00e9couvrez pourquoi le Pajasali Hall Suomenlinna a choisi l&#039;Artome M10.","breadcrumb":{"@id":"https:\/\/artome.fi\/fi\/the-pajasali-hall-suomenlinna\/#breadcrumb"},"inLanguage":"fr-FR","potentialAction":[{"@type":"ReadAction","target":["https:\/\/artome.fi\/fi\/the-pajasali-hall-suomenlinna\/"]}]},{"@type":"ImageObject","inLanguage":"fr-FR","@id":"https:\/\/artome.fi\/fi\/the-pajasali-hall-suomenlinna\/#primaryimage","url":"https:\/\/artome.fi\/wp-content\/uploads\/2022\/06\/Artome_Suomenlinna_2021-08-09-1536x864.jpg","contentUrl":"https:\/\/artome.fi\/wp-content\/uploads\/2022\/06\/Artome_Suomenlinna_2021-08-09-1536x864.jpg"},{"@type":"BreadcrumbList","@id":"https:\/\/artome.fi\/fi\/the-pajasali-hall-suomenlinna\/#breadcrumb","itemListElement":[{"@type":"ListItem","position":1,"name":"Etusivu","item":"https:\/\/artome.fi\/en\/"},{"@type":"ListItem","position":2,"name":"The Pajasali Hall Suomenlinna"}]},{"@type":"WebSite","@id":"https:\/\/artome.fi\/en\/#website","url":"https:\/\/artome.fi\/en\/","name":"Artom\u00e9","description":"Repenser l&#039;audiovisuel avec du mobilier intelligent","publisher":{"@id":"https:\/\/artome.fi\/en\/#organization"},"potentialAction":[{"@type":"SearchAction","target":{"@type":"EntryPoint","urlTemplate":"https:\/\/artome.fi\/en\/?s={search_term_string}"},"query-input":{"@type":"PropertyValueSpecification","valueRequired":true,"valueName":"search_term_string"}}],"inLanguage":"fr-FR"},{"@type":"Organization","@id":"https:\/\/artome.fi\/en\/#organization","name":"Artom\u00e9","url":"https:\/\/artome.fi\/en\/","logo":{"@type":"ImageObject","inLanguage":"fr-FR","@id":"https:\/\/artome.fi\/en\/#\/schema\/logo\/image\/","url":"https:\/\/artome.fi\/wp-content\/uploads\/2022\/02\/artome_logo_black.png","contentUrl":"https:\/\/artome.fi\/wp-content\/uploads\/2022\/02\/artome_logo_black.png","width":1280,"height":496,"caption":"Artome"},"image":{"@id":"https:\/\/artome.fi\/en\/#\/schema\/logo\/image\/"}}]}},"_links":{"self":[{"href":"https:\/\/artome.fi\/fr\/wp-json\/wp\/v2\/pages\/841","targetHints":{"allow":["GET"]}}],"collection":[{"href":"https:\/\/artome.fi\/fr\/wp-json\/wp\/v2\/pages"}],"about":[{"href":"https:\/\/artome.fi\/fr\/wp-json\/wp\/v2\/types\/page"}],"author":[{"embeddable":true,"href":"https:\/\/artome.fi\/fr\/wp-json\/wp\/v2\/users\/1"}],"replies":[{"embeddable":true,"href":"https:\/\/artome.fi\/fr\/wp-json\/wp\/v2\/comments?post=841"}],"version-history":[{"count":33,"href":"https:\/\/artome.fi\/fr\/wp-json\/wp\/v2\/pages\/841\/revisions"}],"predecessor-version":[{"id":6600,"href":"https:\/\/artome.fi\/fr\/wp-json\/wp\/v2\/pages\/841\/revisions\/6600"}],"wp:attachment":[{"href":"https:\/\/artome.fi\/fr\/wp-json\/wp\/v2\/media?parent=841"}],"curies":[{"name":"wp","href":"https:\/\/api.w.org\/{rel}","templated":true}]}}