{"id":911,"date":"2022-06-09T07:01:47","date_gmt":"2022-06-09T07:01:47","guid":{"rendered":"https:\/\/artome.fi\/?page_id=911"},"modified":"2022-11-28T13:46:24","modified_gmt":"2022-11-28T13:46:24","slug":"see-the-big-picture","status":"publish","type":"page","link":"https:\/\/artome.fi\/fr\/voir-la-grande-image\/","title":{"rendered":"Voir la grande image"},"content":{"rendered":"<div data-elementor-type=\"wp-page\" data-elementor-id=\"911\" class=\"elementor elementor-911\" data-elementor-post-type=\"page\">\n\t\t\t\t\t\t<section class=\"elementor-section elementor-top-section elementor-element elementor-element-4b794f59 ct-section-stretched elementor-section-height-min-height elementor-section-full_width elementor-section-height-default elementor-section-items-middle\" data-id=\"4b794f59\" data-element_type=\"section\" data-settings=\"{&quot;background_background&quot;:&quot;classic&quot;}\">\n\t\t\t\t\t\t<div class=\"elementor-container elementor-column-gap-no\">\n\t\t\t\t\t<div class=\"elementor-column elementor-col-100 elementor-top-column elementor-element elementor-element-50c8a465\" data-id=\"50c8a465\" data-element_type=\"column\">\n\t\t\t<div class=\"elementor-widget-wrap elementor-element-populated\">\n\t\t\t\t\t\t<div class=\"elementor-element elementor-element-516f3497 elementor-widget elementor-widget-heading\" data-id=\"516f3497\" data-element_type=\"widget\" data-widget_type=\"heading.default\">\n\t\t\t\t<div class=\"elementor-widget-container\">\n\t\t\t\t\t<h1 class=\"elementor-heading-title elementor-size-default\">Transforme l&#039;espace en un instant<\/h1>\t\t\t\t<\/div>\n\t\t\t\t<\/div>\n\t\t\t\t\t<\/div>\n\t\t<\/div>\n\t\t\t\t\t<\/div>\n\t\t<\/section>\n\t\t\t\t<section class=\"elementor-section elementor-top-section elementor-element elementor-element-5bfbb6da ct-section-stretched elementor-section-boxed elementor-section-height-default elementor-section-height-default\" data-id=\"5bfbb6da\" data-element_type=\"section\">\n\t\t\t\t\t\t<div class=\"elementor-container elementor-column-gap-no\">\n\t\t\t\t\t<div class=\"elementor-column elementor-col-100 elementor-top-column elementor-element elementor-element-f8257ed\" data-id=\"f8257ed\" data-element_type=\"column\">\n\t\t\t<div class=\"elementor-widget-wrap elementor-element-populated\">\n\t\t\t\t\t\t<div class=\"elementor-element elementor-element-4d8da10e elementor-widget elementor-widget-heading\" data-id=\"4d8da10e\" data-element_type=\"widget\" data-widget_type=\"heading.default\">\n\t\t\t\t<div class=\"elementor-widget-container\">\n\t\t\t\t\t<h2 class=\"elementor-heading-title elementor-size-default\">Trouver une vue d&#039;ensemble<\/h2>\t\t\t\t<\/div>\n\t\t\t\t<\/div>\n\t\t\t\t<div class=\"elementor-element elementor-element-510652d3 elementor-widget elementor-widget-text-editor\" data-id=\"510652d3\" data-element_type=\"widget\" data-widget_type=\"text-editor.default\">\n\t\t\t\t<div class=\"elementor-widget-container\">\n\t\t\t\t\t\t\t\t\t<p>Artome M10 offre une technologie de pr\u00e9sentation sous la forme de meubles intelligents facilement d\u00e9pla\u00e7ables et permet la r\u00e9alisation d&#039;espaces v\u00e9ritablement changeants dans les lieux de travail, les \u00e9coles et les espaces publics.<\/p>\t\t\t\t\t\t\t\t<\/div>\n\t\t\t\t<\/div>\n\t\t\t\t<div class=\"elementor-element elementor-element-2dd7ddca elementor-widget elementor-widget-text-editor\" data-id=\"2dd7ddca\" data-element_type=\"widget\" data-widget_type=\"text-editor.default\">\n\t\t\t\t<div class=\"elementor-widget-container\">\n\t\t\t\t\t\t\t\t\t<p>Le meuble intelligent Artome M10 dispose d&#039;un projecteur laser Epson int\u00e9gr\u00e9, qui peut \u00eatre utilis\u00e9 pour produire une image optimale pour chaque espace. La largeur de l&#039;image peut \u00eatre ajust\u00e9e en continu entre 1,5 et 3,5 m\u00e8tres en \u00e9loignant davantage le meuble de la surface de r\u00e9flexion. Pour obtenir une image de taille maximale (150 sombre), une distance d&#039;environ 60 cm du mur\/surface r\u00e9fl\u00e9chissante est suffisante.<\/p>\t\t\t\t\t\t\t\t<\/div>\n\t\t\t\t<\/div>\n\t\t\t\t\t<\/div>\n\t\t<\/div>\n\t\t\t\t\t<\/div>\n\t\t<\/section>\n\t\t\t\t<section class=\"elementor-section elementor-top-section elementor-element elementor-element-2539deb5 ct-section-stretched elementor-section-items-top elementor-section-height-min-height elementor-section-boxed elementor-section-height-default\" data-id=\"2539deb5\" data-element_type=\"section\" data-settings=\"{&quot;background_background&quot;:&quot;classic&quot;}\">\n\t\t\t\t\t\t<div class=\"elementor-container elementor-column-gap-default\">\n\t\t\t\t\t<div class=\"elementor-column elementor-col-50 elementor-top-column elementor-element elementor-element-517cab6\" data-id=\"517cab6\" data-element_type=\"column\">\n\t\t\t<div class=\"elementor-widget-wrap elementor-element-populated\">\n\t\t\t\t\t\t\t<\/div>\n\t\t<\/div>\n\t\t\t\t<div class=\"elementor-column elementor-col-50 elementor-top-column elementor-element elementor-element-6ff23b70\" data-id=\"6ff23b70\" data-element_type=\"column\" data-settings=\"{&quot;background_background&quot;:&quot;classic&quot;}\">\n\t\t\t<div class=\"elementor-widget-wrap\">\n\t\t\t\t\t\t\t<\/div>\n\t\t<\/div>\n\t\t\t\t\t<\/div>\n\t\t<\/section>\n\t\t\t\t<section class=\"elementor-section elementor-top-section elementor-element elementor-element-64e905cd ct-section-stretched elementor-section-boxed elementor-section-height-default elementor-section-height-default\" data-id=\"64e905cd\" data-element_type=\"section\">\n\t\t\t\t\t\t<div class=\"elementor-container elementor-column-gap-default\">\n\t\t\t\t\t<div class=\"elementor-column elementor-col-50 elementor-top-column elementor-element elementor-element-75ded9ef\" data-id=\"75ded9ef\" data-element_type=\"column\" data-settings=\"{&quot;background_background&quot;:&quot;classic&quot;}\">\n\t\t\t<div class=\"elementor-widget-wrap elementor-element-populated\">\n\t\t\t\t\t\t<div class=\"elementor-element elementor-element-66164da6 elementor-widget elementor-widget-heading\" data-id=\"66164da6\" data-element_type=\"widget\" data-widget_type=\"heading.default\">\n\t\t\t\t<div class=\"elementor-widget-container\">\n\t\t\t\t\t<h2 class=\"elementor-heading-title elementor-size-default\">La recherche montre que 58 % des \u00e9tudiants ne peuvent la recherche montre que 58 % des \u00e9tudiants ne peuvent pas lire tous les contenus sur un \u00e9cran plat de 70 pouces<\/h2>\t\t\t\t<\/div>\n\t\t\t\t<\/div>\n\t\t\t\t\t<\/div>\n\t\t<\/div>\n\t\t\t\t<div class=\"elementor-column elementor-col-50 elementor-top-column elementor-element elementor-element-605cefbe\" data-id=\"605cefbe\" data-element_type=\"column\" data-settings=\"{&quot;background_background&quot;:&quot;classic&quot;}\">\n\t\t\t<div class=\"elementor-widget-wrap elementor-element-populated\">\n\t\t\t\t\t\t<div class=\"elementor-element elementor-element-3a778d6 elementor-widget elementor-widget-text-editor\" data-id=\"3a778d6\" data-element_type=\"widget\" data-widget_type=\"text-editor.default\">\n\t\t\t\t<div class=\"elementor-widget-container\">\n\t\t\t\t\t\t\t\t\t<p>Plus la situation est grande, plus les informations sont claires. Une image trop petite peut laisser l\u2019absorption du message visuel incompl\u00e8te, voire l\u2019emp\u00eacher compl\u00e8tement. En particulier lors de l&#039;apprentissage, il est important que le message visuel soit transmis. La recherche montre que 58 des \u00e9l\u00e8ves du % ne peuvent pas lire tout le contenu sur un \u00e9cran fixe de 70 pouces, une taille d&#039;image couramment utilis\u00e9e dans les salles de classe, par exemple. Dans les \u00e9coles, un lien \u00e9vident a \u00e9t\u00e9 observ\u00e9 entre de faibles r\u00e9sultats aux tests et le fait que les enfants ne voient pas clairement l&#039;\u00e9cran.<\/p>\t\t\t\t\t\t\t\t<\/div>\n\t\t\t\t<\/div>\n\t\t\t\t<div class=\"elementor-element elementor-element-707fa482 elementor-widget elementor-widget-text-editor\" data-id=\"707fa482\" data-element_type=\"widget\" data-widget_type=\"text-editor.default\">\n\t\t\t\t<div class=\"elementor-widget-container\">\n\t\t\t\t\t\t\t\t\t<p>Lors de l&#039;examen de la taille optimale de l&#039;\u00e9cran, il existe une norme commune appel\u00e9e r\u00e8gle 4\/6\/8 ** La r\u00e8gle est bas\u00e9e sur la corr\u00e9lation entre la taille de la pi\u00e8ce et la hauteur de l&#039;\u00e9cran. Par exemple, dans un examen analytique, la taille de l&#039;\u00e9cran d&#039;un coin \u00e0 l&#039;autre doit \u00eatre de 120 pouces, si la distance de visualisation est de 6 m\u00e8tres, et \u00e0 mesure que la distance de visualisation augmente, la taille de l&#039;\u00e9cran augmente.<\/p>\t\t\t\t\t\t\t\t<\/div>\n\t\t\t\t<\/div>\n\t\t\t\t\t<\/div>\n\t\t<\/div>\n\t\t\t\t\t<\/div>\n\t\t<\/section>\n\t\t\t\t<\/div>","protected":false},"excerpt":{"rendered":"<p>Muuntaa tilan hetkess\u00e4 L\u00f6yd\u00e4 suuri kuva Artome M10 tarjoaa esitystekniikkaa helposti liikuteltavan \u00e4lykalusteen muodossa ja mahdollistaa aidosti muuttuvien tilojen toteutuksen ty\u00f6paikoilla, kouluissa ja julkisissa tiloissa. Artome M10 \u00e4lykalusteessa on integroitu Epson laserprojektori, jonka avulla voidaan tuottaa aina optimaalinen kuva tilaan kuin tilaan. Kuvan leveytt\u00e4 voidaan s\u00e4\u00e4t\u00e4\u00e4 portaattomasti 1,5-3,5 metrin v\u00e4lill\u00e4 siirt\u00e4m\u00e4ll\u00e4 kalustetta kauemmas heijastuspinnasta. Maksimikokoisen [&hellip;]<\/p>\n","protected":false},"author":1,"featured_media":0,"parent":0,"menu_order":0,"comment_status":"closed","ping_status":"closed","template":"elementor_header_footer","meta":{"om_disable_all_campaigns":false,"_monsterinsights_skip_tracking":false,"_monsterinsights_sitenote_active":false,"_monsterinsights_sitenote_note":"","_monsterinsights_sitenote_category":0,"_uf_show_specific_survey":0,"_uf_disable_surveys":false,"footnotes":""},"class_list":["post-911","page","type-page","status-publish","hentry"],"blocksy_meta":{"styles_descriptor":{"styles":{"desktop":"","tablet":"","mobile":""},"google_fonts":[],"version":6}},"aioseo_notices":[],"yoast_head":"<!-- This site is optimized with the Yoast SEO Premium plugin v23.2 (Yoast SEO v26.3) - https:\/\/yoast.com\/wordpress\/plugins\/seo\/ -->\n<title>Artome | See the big picture<\/title>\n<meta name=\"description\" content=\"The larger the image, the clearer the information. Artome M10 adapts to any use with scalable image size up to 150 inches. Read more.\" \/>\n<meta name=\"robots\" content=\"index, follow, max-snippet:-1, max-image-preview:large, max-video-preview:-1\" \/>\n<link rel=\"canonical\" href=\"https:\/\/artome.fi\/fr\/voir-la-grande-image\/\" \/>\n<meta property=\"og:locale\" content=\"fr_FR\" \/>\n<meta property=\"og:type\" content=\"article\" \/>\n<meta property=\"og:title\" content=\"See the big picture\" \/>\n<meta property=\"og:description\" content=\"The larger the image, the clearer the information. Artome M10 adapts to any use with scalable image size up to 150 inches. Read more.\" \/>\n<meta property=\"og:url\" content=\"https:\/\/artome.fi\/fr\/voir-la-grande-image\/\" \/>\n<meta property=\"og:site_name\" content=\"Artome\" \/>\n<meta property=\"article:modified_time\" content=\"2022-11-28T13:46:24+00:00\" \/>\n<meta name=\"twitter:card\" content=\"summary_large_image\" \/>\n<meta name=\"twitter:label1\" content=\"Dur\u00e9e de lecture estim\u00e9e\" \/>\n\t<meta name=\"twitter:data1\" content=\"2 minutes\" \/>\n<script type=\"application\/ld+json\" class=\"yoast-schema-graph\">{\"@context\":\"https:\/\/schema.org\",\"@graph\":[{\"@type\":\"WebPage\",\"@id\":\"https:\/\/artome.fi\/es\/ver-la-imagen-completa\/\",\"url\":\"https:\/\/artome.fi\/es\/ver-la-imagen-completa\/\",\"name\":\"Artome | See the big picture\",\"isPartOf\":{\"@id\":\"https:\/\/artome.fi\/en\/#website\"},\"datePublished\":\"2022-06-09T07:01:47+00:00\",\"dateModified\":\"2022-11-28T13:46:24+00:00\",\"description\":\"The larger the image, the clearer the information. Artome M10 adapts to any use with scalable image size up to 150 inches. Read more.\",\"breadcrumb\":{\"@id\":\"https:\/\/artome.fi\/es\/ver-la-imagen-completa\/#breadcrumb\"},\"inLanguage\":\"fr-FR\",\"potentialAction\":[{\"@type\":\"ReadAction\",\"target\":[\"https:\/\/artome.fi\/es\/ver-la-imagen-completa\/\"]}]},{\"@type\":\"BreadcrumbList\",\"@id\":\"https:\/\/artome.fi\/es\/ver-la-imagen-completa\/#breadcrumb\",\"itemListElement\":[{\"@type\":\"ListItem\",\"position\":1,\"name\":\"Etusivu\",\"item\":\"https:\/\/artome.fi\/en\/\"},{\"@type\":\"ListItem\",\"position\":2,\"name\":\"See the big picture\"}]},{\"@type\":\"WebSite\",\"@id\":\"https:\/\/artome.fi\/en\/#website\",\"url\":\"https:\/\/artome.fi\/en\/\",\"name\":\"Artome\",\"description\":\"Redesigning audiovisual with smart furniture\",\"publisher\":{\"@id\":\"https:\/\/artome.fi\/en\/#organization\"},\"potentialAction\":[{\"@type\":\"SearchAction\",\"target\":{\"@type\":\"EntryPoint\",\"urlTemplate\":\"https:\/\/artome.fi\/en\/?s={search_term_string}\"},\"query-input\":{\"@type\":\"PropertyValueSpecification\",\"valueRequired\":true,\"valueName\":\"search_term_string\"}}],\"inLanguage\":\"fr-FR\"},{\"@type\":\"Organization\",\"@id\":\"https:\/\/artome.fi\/en\/#organization\",\"name\":\"Artome\",\"url\":\"https:\/\/artome.fi\/en\/\",\"logo\":{\"@type\":\"ImageObject\",\"inLanguage\":\"fr-FR\",\"@id\":\"https:\/\/artome.fi\/en\/#\/schema\/logo\/image\/\",\"url\":\"https:\/\/artome.fi\/wp-content\/uploads\/2022\/02\/artome_logo_black.png\",\"contentUrl\":\"https:\/\/artome.fi\/wp-content\/uploads\/2022\/02\/artome_logo_black.png\",\"width\":1280,\"height\":496,\"caption\":\"Artome\"},\"image\":{\"@id\":\"https:\/\/artome.fi\/en\/#\/schema\/logo\/image\/\"}}]}<\/script>\n<!-- \/ Yoast SEO Premium plugin. -->","yoast_head_json":{"title":"Artom\u00e9 | Voir la grande image","description":"Plus l&#039;image est grande, plus les informations sont claires. Artome M10 s&#039;adapte \u00e0 toute utilisation avec une taille d&#039;image \u00e9volutive jusqu&#039;\u00e0 150 pouces. En savoir plus.","robots":{"index":"index","follow":"follow","max-snippet":"max-snippet:-1","max-image-preview":"max-image-preview:large","max-video-preview":"max-video-preview:-1"},"canonical":"https:\/\/artome.fi\/fr\/voir-la-grande-image\/","og_locale":"fr_FR","og_type":"article","og_title":"See the big picture","og_description":"The larger the image, the clearer the information. Artome M10 adapts to any use with scalable image size up to 150 inches. Read more.","og_url":"https:\/\/artome.fi\/fr\/voir-la-grande-image\/","og_site_name":"Artome","article_modified_time":"2022-11-28T13:46:24+00:00","twitter_card":"summary_large_image","twitter_misc":{"Dur\u00e9e de lecture estim\u00e9e":"2 minutes"},"schema":{"@context":"https:\/\/schema.org","@graph":[{"@type":"WebPage","@id":"https:\/\/artome.fi\/es\/ver-la-imagen-completa\/","url":"https:\/\/artome.fi\/es\/ver-la-imagen-completa\/","name":"Artom\u00e9 | Voir la grande image","isPartOf":{"@id":"https:\/\/artome.fi\/en\/#website"},"datePublished":"2022-06-09T07:01:47+00:00","dateModified":"2022-11-28T13:46:24+00:00","description":"Plus l&#039;image est grande, plus les informations sont claires. Artome M10 s&#039;adapte \u00e0 toute utilisation avec une taille d&#039;image \u00e9volutive jusqu&#039;\u00e0 150 pouces. En savoir plus.","breadcrumb":{"@id":"https:\/\/artome.fi\/es\/ver-la-imagen-completa\/#breadcrumb"},"inLanguage":"fr-FR","potentialAction":[{"@type":"ReadAction","target":["https:\/\/artome.fi\/es\/ver-la-imagen-completa\/"]}]},{"@type":"BreadcrumbList","@id":"https:\/\/artome.fi\/es\/ver-la-imagen-completa\/#breadcrumb","itemListElement":[{"@type":"ListItem","position":1,"name":"Etusivu","item":"https:\/\/artome.fi\/en\/"},{"@type":"ListItem","position":2,"name":"See the big picture"}]},{"@type":"WebSite","@id":"https:\/\/artome.fi\/en\/#website","url":"https:\/\/artome.fi\/en\/","name":"Artom\u00e9","description":"Repenser l&#039;audiovisuel avec du mobilier intelligent","publisher":{"@id":"https:\/\/artome.fi\/en\/#organization"},"potentialAction":[{"@type":"SearchAction","target":{"@type":"EntryPoint","urlTemplate":"https:\/\/artome.fi\/en\/?s={search_term_string}"},"query-input":{"@type":"PropertyValueSpecification","valueRequired":true,"valueName":"search_term_string"}}],"inLanguage":"fr-FR"},{"@type":"Organization","@id":"https:\/\/artome.fi\/en\/#organization","name":"Artom\u00e9","url":"https:\/\/artome.fi\/en\/","logo":{"@type":"ImageObject","inLanguage":"fr-FR","@id":"https:\/\/artome.fi\/en\/#\/schema\/logo\/image\/","url":"https:\/\/artome.fi\/wp-content\/uploads\/2022\/02\/artome_logo_black.png","contentUrl":"https:\/\/artome.fi\/wp-content\/uploads\/2022\/02\/artome_logo_black.png","width":1280,"height":496,"caption":"Artome"},"image":{"@id":"https:\/\/artome.fi\/en\/#\/schema\/logo\/image\/"}}]}},"_links":{"self":[{"href":"https:\/\/artome.fi\/fr\/wp-json\/wp\/v2\/pages\/911","targetHints":{"allow":["GET"]}}],"collection":[{"href":"https:\/\/artome.fi\/fr\/wp-json\/wp\/v2\/pages"}],"about":[{"href":"https:\/\/artome.fi\/fr\/wp-json\/wp\/v2\/types\/page"}],"author":[{"embeddable":true,"href":"https:\/\/artome.fi\/fr\/wp-json\/wp\/v2\/users\/1"}],"replies":[{"embeddable":true,"href":"https:\/\/artome.fi\/fr\/wp-json\/wp\/v2\/comments?post=911"}],"version-history":[{"count":25,"href":"https:\/\/artome.fi\/fr\/wp-json\/wp\/v2\/pages\/911\/revisions"}],"predecessor-version":[{"id":2476,"href":"https:\/\/artome.fi\/fr\/wp-json\/wp\/v2\/pages\/911\/revisions\/2476"}],"wp:attachment":[{"href":"https:\/\/artome.fi\/fr\/wp-json\/wp\/v2\/media?parent=911"}],"curies":[{"name":"wp","href":"https:\/\/api.w.org\/{rel}","templated":true}]}}