{"id":1010,"date":"2022-06-08T18:07:02","date_gmt":"2022-06-08T18:07:02","guid":{"rendered":"https:\/\/artome.fi\/?page_id=1010"},"modified":"2023-11-08T15:56:58","modified_gmt":"2023-11-08T15:56:58","slug":"story","status":"publish","type":"page","link":"https:\/\/artome.fi\/it\/storia\/","title":{"rendered":"Storia di Artome"},"content":{"rendered":"<div data-elementor-type=\"wp-page\" data-elementor-id=\"1010\" class=\"elementor elementor-1010\" data-elementor-post-type=\"page\">\n\t\t\t\t\t\t<section class=\"elementor-section elementor-top-section elementor-element elementor-element-73fa7923 ct-section-stretched elementor-section-boxed elementor-section-height-default elementor-section-height-default\" data-id=\"73fa7923\" data-element_type=\"section\">\n\t\t\t\t\t\t<div class=\"elementor-container elementor-column-gap-no\">\n\t\t\t\t\t<div class=\"elementor-column elementor-col-100 elementor-top-column elementor-element elementor-element-41cf59bb\" data-id=\"41cf59bb\" data-element_type=\"column\">\n\t\t\t<div class=\"elementor-widget-wrap elementor-element-populated\">\n\t\t\t\t\t\t<div class=\"elementor-element elementor-element-597340b1 elementor-widget elementor-widget-heading\" data-id=\"597340b1\" data-element_type=\"widget\" data-widget_type=\"heading.default\">\n\t\t\t\t<div class=\"elementor-widget-container\">\n\t\t\t\t\t<h2 class=\"elementor-heading-title elementor-size-default\">La storia di Artome<\/h2>\t\t\t\t<\/div>\n\t\t\t\t<\/div>\n\t\t\t\t<div class=\"elementor-element elementor-element-3fec15c elementor-widget elementor-widget-heading\" data-id=\"3fec15c\" data-element_type=\"widget\" data-widget_type=\"heading.default\">\n\t\t\t\t<div class=\"elementor-widget-container\">\n\t\t\t\t\t<h2 class=\"elementor-heading-title elementor-size-default\">Quando l&#039;unica opzione era creare qualcosa di nuovo<\/h2>\t\t\t\t<\/div>\n\t\t\t\t<\/div>\n\t\t\t\t<div class=\"elementor-element elementor-element-3f754f6d elementor-widget elementor-widget-text-editor\" data-id=\"3f754f6d\" data-element_type=\"widget\" data-widget_type=\"text-editor.default\">\n\t\t\t\t<div class=\"elementor-widget-container\">\n\t\t\t\t\t\t\t\t\t<p>Nella tua cerchia di conoscenti c&#039;\u00e8 una persona che viaggia per il mondo per lavoro e che deve sempre organizzare il resto della sua vita di conseguenza, e non pu\u00f2 pianificare il suo futuro con pi\u00f9 di sei mesi di anticipo.<br \/><br \/>Tale persona fu anche il fondatore di Artome, <strong>Toni Parikka<\/strong><\/p>\t\t\t\t\t\t\t\t<\/div>\n\t\t\t\t<\/div>\n\t\t\t\t\t<\/div>\n\t\t<\/div>\n\t\t\t\t\t<\/div>\n\t\t<\/section>\n\t\t\t\t<section class=\"elementor-section elementor-top-section elementor-element elementor-element-281afc44 ct-section-stretched elementor-section-boxed elementor-section-height-default elementor-section-height-default\" data-id=\"281afc44\" data-element_type=\"section\" data-settings=\"{&quot;background_background&quot;:&quot;classic&quot;}\">\n\t\t\t\t\t\t<div class=\"elementor-container elementor-column-gap-default\">\n\t\t\t\t\t<div class=\"elementor-column elementor-col-100 elementor-top-column elementor-element elementor-element-cd3189f\" data-id=\"cd3189f\" data-element_type=\"column\">\n\t\t\t<div class=\"elementor-widget-wrap elementor-element-populated\">\n\t\t\t\t\t\t<section class=\"elementor-section elementor-inner-section elementor-element elementor-element-cb239ae elementor-section-boxed elementor-section-height-default elementor-section-height-default\" data-id=\"cb239ae\" data-element_type=\"section\">\n\t\t\t\t\t\t<div class=\"elementor-container elementor-column-gap-default\">\n\t\t\t\t\t<div class=\"elementor-column elementor-col-50 elementor-inner-column elementor-element elementor-element-341b29b\" data-id=\"341b29b\" data-element_type=\"column\">\n\t\t\t<div class=\"elementor-widget-wrap elementor-element-populated\">\n\t\t\t\t\t\t<div class=\"elementor-element elementor-element-085c280 elementor-blockquote--skin-quotation elementor-widget elementor-widget-blockquote\" data-id=\"085c280\" data-element_type=\"widget\" data-widget_type=\"blockquote.default\">\n\t\t\t\t<div class=\"elementor-widget-container\">\n\t\t\t\t\t\t\t<blockquote class=\"elementor-blockquote\">\n\t\t\t<p class=\"elementor-blockquote__content\">\n\t\t\t\tMi sono reso conto che l&#039;ultimo pezzo mancante della mia idea di prodotto era proprio la tecnologia che consentiva l&#039;utilizzo di obiettivi per proiettori vicini, che avrebbe rivoluzionato l&#039;intero settore AV ed eliminato la necessit\u00e0 di installazioni a soffitto. Tuttavia, il primo prodotto ha visto la luce solo nel 2014, perch\u00e9 solo allora le sue lenti sensibili erano sicure da utilizzare all&#039;interno dei prodotti mobili\t\t\t<\/p>\n\t\t\t\t\t\t\t<div class=\"e-q-footer\">\n\t\t\t\t\t\t\t\t\t\t\t<cite class=\"elementor-blockquote__author\">Toni Parikka, fondatore e CVO<\/cite>\n\t\t\t\t\t\t\t\t\t\t\t\t\t\t<\/div>\n\t\t\t\t\t<\/blockquote>\n\t\t\t\t\t\t<\/div>\n\t\t\t\t<\/div>\n\t\t\t\t\t<\/div>\n\t\t<\/div>\n\t\t\t\t<div class=\"elementor-column elementor-col-50 elementor-inner-column elementor-element elementor-element-16d40bd\" data-id=\"16d40bd\" data-element_type=\"column\">\n\t\t\t<div class=\"elementor-widget-wrap\">\n\t\t\t\t\t\t\t<\/div>\n\t\t<\/div>\n\t\t\t\t\t<\/div>\n\t\t<\/section>\n\t\t\t\t\t<\/div>\n\t\t<\/div>\n\t\t\t\t\t<\/div>\n\t\t<\/section>\n\t\t\t\t<section class=\"elementor-section elementor-top-section elementor-element elementor-element-553739ef ct-section-stretched elementor-section-boxed elementor-section-height-default elementor-section-height-default\" data-id=\"553739ef\" data-element_type=\"section\">\n\t\t\t\t\t\t<div class=\"elementor-container elementor-column-gap-default\">\n\t\t\t\t\t<div class=\"elementor-column elementor-col-50 elementor-top-column elementor-element elementor-element-6041f3a7\" data-id=\"6041f3a7\" data-element_type=\"column\" data-settings=\"{&quot;background_background&quot;:&quot;classic&quot;}\">\n\t\t\t<div class=\"elementor-widget-wrap elementor-element-populated\">\n\t\t\t\t\t\t<div class=\"elementor-element elementor-element-2940ecd elementor-widget elementor-widget-heading\" data-id=\"2940ecd\" data-element_type=\"widget\" data-widget_type=\"heading.default\">\n\t\t\t\t<div class=\"elementor-widget-container\">\n\t\t\t\t\t<h2 class=\"elementor-heading-title elementor-size-default\">Da integratore AV a designer di mobili intelligenti<\/h2>\t\t\t\t<\/div>\n\t\t\t\t<\/div>\n\t\t\t\t<div class=\"elementor-element elementor-element-1ecf70a elementor-widget elementor-widget-text-editor\" data-id=\"1ecf70a\" data-element_type=\"widget\" data-widget_type=\"text-editor.default\">\n\t\t\t\t<div class=\"elementor-widget-container\">\n\t\t\t\t\t\t\t\t\t<p>Il lavoro di Toni come integratore AV comportava molti viaggi, sopportazione di programmi di progetto incerti e lunghe giornate lavorative. La natura del lavoro \u00e8 ben descritta dal fatto che quando il resto del personale del cantiere ha completato il lavoro, cio\u00e8 le pareti sono state dipinte e l&#039;elettricit\u00e0 \u00e8 stata collegata, allora il lavoro dell&#039;integratore AV non fa altro che iniziare. E in quella fase molti progetti edilizi potrebbero gi\u00e0 essere in forte ritardo rispetto al calendario complessivo.<\/p><p>Anche se Toni aveva avuto il tempo di abituarsi ai continui viaggi e ai tempi di progetto prolungati durante la sua carriera lavorativa pi\u00f9 che decennale, l&#039;idea di stabilirsi nel suo campo e di mettere su famiglia ad un certo punto della sua vita era ancora viva. importante per lui. Si rese conto che il suo attuale lavoro non sarebbe stato compatibile con il suo sogno, ma non era ancora pronto a lasciare l&#039;industria AV. Bisognava inventare qualcosa.<\/p>\t\t\t\t\t\t\t\t<\/div>\n\t\t\t\t<\/div>\n\t\t\t\t\t<\/div>\n\t\t<\/div>\n\t\t\t\t<div class=\"elementor-column elementor-col-50 elementor-top-column elementor-element elementor-element-dd60a80\" data-id=\"dd60a80\" data-element_type=\"column\" data-settings=\"{&quot;background_background&quot;:&quot;classic&quot;}\">\n\t\t\t<div class=\"elementor-widget-wrap elementor-element-populated\">\n\t\t\t\t\t\t<div class=\"elementor-element elementor-element-514cd10 elementor-widget elementor-widget-heading\" data-id=\"514cd10\" data-element_type=\"widget\" data-widget_type=\"heading.default\">\n\t\t\t\t<div class=\"elementor-widget-container\">\n\t\t\t\t\t<h2 class=\"elementor-heading-title elementor-size-default\">Niente pi\u00f9 installazioni<\/h2>\t\t\t\t<\/div>\n\t\t\t\t<\/div>\n\t\t\t\t<div class=\"elementor-element elementor-element-6513e861 elementor-widget elementor-widget-text-editor\" data-id=\"6513e861\" data-element_type=\"widget\" data-widget_type=\"text-editor.default\">\n\t\t\t\t<div class=\"elementor-widget-container\">\n\t\t\t\t\t\t\t\t\t<p>Quel qualcosa \u00e8 stato finalmente visibile come una luce nel 2012, quando Toni ha installato il primo proiettore laser a distanza ultracorta in un progetto scolastico. Il progetto in s\u00e9 era un po&#039; caotico, perch\u00e9 il progetto elettrico dell&#039;intero edificio doveva essere rifatto, il che ci ha causato un notevole ritardo rispetto al programma complessivo e gli integratori AV si sono trovati ancora una volta in una difficile lacuna, quando le soluzioni per il l&#039;immagine e la produzione sonora delle aule dovevano essere completamente ripensate. Questa \u00e8 stata l&#039;ultima goccia per Toni. Grazie anche alla sua forte esperienza nel settore della riproduzione del suono, aveva gi\u00e0 maturato da anni un&#039;idea che avrebbe consentito di combinare immagine e suono in un prodotto finito senza installazioni fisse e senza che l&#039;integratore AV si recasse in cantiere.<\/p><p>Il 2014 si \u00e8 comunque rivelato un anno significativo per Toni. Si \u00e8 sposato ed \u00e8 diventato padre. Oltre a ci\u00f2, ha anche presentato il primo progetto concettuale di un mobile intelligente completamente privo di installazioni, che comprendeva un proiettore e una riproduzione del suono con microfoni. Grazie ad alcuni anni di sviluppo del prodotto e varie scoperte tecnologiche, nel 2018 il prodotto finito \u00e8 stato finalmente presentato al grande pubblico: \u00e8 nato Artome Move, un dispositivo mobile audiovisivo intelligente e onnicomprensivo per aziende e pubblica amministrazione.<\/p>\t\t\t\t\t\t\t\t<\/div>\n\t\t\t\t<\/div>\n\t\t\t\t\t<\/div>\n\t\t<\/div>\n\t\t\t\t\t<\/div>\n\t\t<\/section>\n\t\t\t\t<section class=\"elementor-section elementor-top-section elementor-element elementor-element-5bd06a0 elementor-section-boxed elementor-section-height-default elementor-section-height-default\" data-id=\"5bd06a0\" data-element_type=\"section\">\n\t\t\t\t\t\t<div class=\"elementor-container elementor-column-gap-default\">\n\t\t\t\t\t<div class=\"elementor-column elementor-col-100 elementor-top-column elementor-element elementor-element-4aa59dc\" data-id=\"4aa59dc\" data-element_type=\"column\">\n\t\t\t<div class=\"elementor-widget-wrap elementor-element-populated\">\n\t\t\t\t\t\t<div class=\"elementor-element elementor-element-97a0af1 elementor-blockquote--skin-quotation elementor-widget elementor-widget-blockquote\" data-id=\"97a0af1\" data-element_type=\"widget\" data-widget_type=\"blockquote.default\">\n\t\t\t\t<div class=\"elementor-widget-container\">\n\t\t\t\t\t\t\t<blockquote class=\"elementor-blockquote\">\n\t\t\t<p class=\"elementor-blockquote__content\">\n\t\t\t\tUno dei miei obiettivi pi\u00f9 importanti era riuscire a creare un approccio completamente nuovo alla produzione di immagini e suoni, che non solo alleggerisse il carico di lavoro degli integratori AV, ma fornisse anche agli utenti finali un&#039;esperienza utente semplice. A livello personale, ovviamente, ha significato per me anche l&#039;opportunit\u00e0 di realizzare il mio sogno di stabilirmi nel mio campo e continuare a lavorare allo sviluppo dell&#039;industria AV. Non pensavo che grazie ad esso avrei potuto mettere su due famiglie, una in casa e l&#039;altra conosciuta come Artome.\t\t\t<\/p>\n\t\t\t\t\t\t\t<div class=\"e-q-footer\">\n\t\t\t\t\t\t\t\t\t\t\t<cite class=\"elementor-blockquote__author\">Toni Parikka<\/cite>\n\t\t\t\t\t\t\t\t\t\t\t\t\t\t<\/div>\n\t\t\t\t\t<\/blockquote>\n\t\t\t\t\t\t<\/div>\n\t\t\t\t<\/div>\n\t\t\t\t<div class=\"elementor-element elementor-element-dc6021c elementor-widget-divider--view-line elementor-widget elementor-widget-divider\" data-id=\"dc6021c\" data-element_type=\"widget\" data-widget_type=\"divider.default\">\n\t\t\t\t<div class=\"elementor-widget-container\">\n\t\t\t\t\t\t\t<div class=\"elementor-divider\">\n\t\t\t<span class=\"elementor-divider-separator\">\n\t\t\t\t\t\t<\/span>\n\t\t<\/div>\n\t\t\t\t\t\t<\/div>\n\t\t\t\t<\/div>\n\t\t\t\t<div class=\"elementor-element elementor-element-561a328 elementor-widget elementor-widget-heading\" data-id=\"561a328\" data-element_type=\"widget\" data-widget_type=\"heading.default\">\n\t\t\t\t<div class=\"elementor-widget-container\">\n\t\t\t\t\t<h2 class=\"elementor-heading-title elementor-size-default\">di Artome<\/h2>\t\t\t\t<\/div>\n\t\t\t\t<\/div>\n\t\t\t\t<div class=\"elementor-element elementor-element-28f7aaf elementor-widget elementor-widget-text-editor\" data-id=\"28f7aaf\" data-element_type=\"widget\" data-widget_type=\"text-editor.default\">\n\t\t\t\t<div class=\"elementor-widget-container\">\n\t\t\t\t\t\t\t\t\t<p>L&#039;idea di una tecnologia di presentazione priva di installazione e facilmente adattabile \u00e8 stata, ed \u00e8 tuttora, il fondamento di Artome. L&#039;obiettivo dell&#039;azienda \u00e8 progettare e costruire tecnologia audiovisiva in modo sostenibile e offrire flessibilit\u00e0 e facilit\u00e0 agli utenti senza dimenticare il design finlandese. Nello stabilimento di Heinola, Artome produce mobili intelligenti portatili con funzionalit\u00e0 plug-and-play per presentazioni, apprendimento e molto altro ancora: solo l&#039;immaginazione \u00e8 il limite.<\/p>\t\t\t\t\t\t\t\t<\/div>\n\t\t\t\t<\/div>\n\t\t\t\t<div class=\"elementor-element elementor-element-2fe5341 elementor-widget-divider--view-line elementor-widget elementor-widget-divider\" data-id=\"2fe5341\" data-element_type=\"widget\" data-widget_type=\"divider.default\">\n\t\t\t\t<div class=\"elementor-widget-container\">\n\t\t\t\t\t\t\t<div class=\"elementor-divider\">\n\t\t\t<span class=\"elementor-divider-separator\">\n\t\t\t\t\t\t<\/span>\n\t\t<\/div>\n\t\t\t\t\t\t<\/div>\n\t\t\t\t<\/div>\n\t\t\t\t\t<\/div>\n\t\t<\/div>\n\t\t\t\t\t<\/div>\n\t\t<\/section>\n\t\t\t\t<\/div>","protected":false},"excerpt":{"rendered":"<p>Artomen tarina Kun ainoa vaihtoehto oli luoda jotain uutta Kuuluuko tuttavapiiriisi henkil\u00f6, joka matkustelee maailman ymp\u00e4ri ty\u00f6n per\u00e4ss\u00e4 ja jonka t\u00e4ytyy aina j\u00e4rjestell\u00e4 koko muu el\u00e4m\u00e4 sen mukaan, eik\u00e4 h\u00e4n voi suunnitella tulevaisuuttaan enemp\u00e4\u00e4 kuin puoli vuotta eteenp\u00e4in. Sellainen henkil\u00f6 oli my\u00f6s Artomen perustaja, Toni Parikka Ymm\u00e4rsin, ett\u00e4 tuoteideani viimeinen puuttuva palanen oli juuri l\u00e4hiprojektorilinssit [&hellip;]<\/p>\n","protected":false},"author":1,"featured_media":0,"parent":0,"menu_order":0,"comment_status":"closed","ping_status":"closed","template":"elementor_header_footer","meta":{"om_disable_all_campaigns":false,"_monsterinsights_skip_tracking":false,"_monsterinsights_sitenote_active":false,"_monsterinsights_sitenote_note":"","_monsterinsights_sitenote_category":0,"_uf_show_specific_survey":0,"_uf_disable_surveys":false,"footnotes":""},"class_list":["post-1010","page","type-page","status-publish","hentry"],"blocksy_meta":{"styles_descriptor":{"styles":{"desktop":"","tablet":"","mobile":""},"google_fonts":[],"version":6}},"aioseo_notices":[],"yoast_head":"<!-- This site is optimized with the Yoast SEO Premium plugin v23.2 (Yoast SEO v26.3) - https:\/\/yoast.com\/wordpress\/plugins\/seo\/ -->\n<title>Artome | Story of Artome<\/title>\n<meta name=\"description\" content=\"Artome plans and builds audiovisual technology and makes products that bring flexibility and easiness without forgetting the aesthetic side.\" \/>\n<meta name=\"robots\" content=\"index, follow, max-snippet:-1, max-image-preview:large, max-video-preview:-1\" \/>\n<link rel=\"canonical\" href=\"https:\/\/artome.fi\/it\/storia\/\" \/>\n<meta property=\"og:locale\" content=\"it_IT\" \/>\n<meta property=\"og:type\" content=\"article\" \/>\n<meta property=\"og:title\" content=\"Artome Story\" \/>\n<meta property=\"og:description\" content=\"Artome plans and builds audiovisual technology and makes products that bring flexibility and easiness without forgetting the aesthetic side.\" \/>\n<meta property=\"og:url\" content=\"https:\/\/artome.fi\/it\/storia\/\" \/>\n<meta property=\"og:site_name\" content=\"Artome\" \/>\n<meta property=\"article:modified_time\" content=\"2023-11-08T15:56:58+00:00\" \/>\n<meta name=\"twitter:card\" content=\"summary_large_image\" \/>\n<meta name=\"twitter:label1\" content=\"Tempo di lettura stimato\" \/>\n\t<meta name=\"twitter:data1\" content=\"3 minuti\" \/>\n<script type=\"application\/ld+json\" class=\"yoast-schema-graph\">{\"@context\":\"https:\/\/schema.org\",\"@graph\":[{\"@type\":\"WebPage\",\"@id\":\"https:\/\/artome.fi\/fr\/histoire\/\",\"url\":\"https:\/\/artome.fi\/fr\/histoire\/\",\"name\":\"Artome | Story of Artome\",\"isPartOf\":{\"@id\":\"https:\/\/artome.fi\/en\/#website\"},\"datePublished\":\"2022-06-08T18:07:02+00:00\",\"dateModified\":\"2023-11-08T15:56:58+00:00\",\"description\":\"Artome plans and builds audiovisual technology and makes products that bring flexibility and easiness without forgetting the aesthetic side.\",\"breadcrumb\":{\"@id\":\"https:\/\/artome.fi\/fr\/histoire\/#breadcrumb\"},\"inLanguage\":\"it-IT\",\"potentialAction\":[{\"@type\":\"ReadAction\",\"target\":[\"https:\/\/artome.fi\/fr\/histoire\/\"]}]},{\"@type\":\"BreadcrumbList\",\"@id\":\"https:\/\/artome.fi\/fr\/histoire\/#breadcrumb\",\"itemListElement\":[{\"@type\":\"ListItem\",\"position\":1,\"name\":\"Etusivu\",\"item\":\"https:\/\/artome.fi\/en\/\"},{\"@type\":\"ListItem\",\"position\":2,\"name\":\"Artome Story\"}]},{\"@type\":\"WebSite\",\"@id\":\"https:\/\/artome.fi\/en\/#website\",\"url\":\"https:\/\/artome.fi\/en\/\",\"name\":\"Artome\",\"description\":\"Redesigning audiovisual with smart furniture\",\"publisher\":{\"@id\":\"https:\/\/artome.fi\/en\/#organization\"},\"potentialAction\":[{\"@type\":\"SearchAction\",\"target\":{\"@type\":\"EntryPoint\",\"urlTemplate\":\"https:\/\/artome.fi\/en\/?s={search_term_string}\"},\"query-input\":{\"@type\":\"PropertyValueSpecification\",\"valueRequired\":true,\"valueName\":\"search_term_string\"}}],\"inLanguage\":\"it-IT\"},{\"@type\":\"Organization\",\"@id\":\"https:\/\/artome.fi\/en\/#organization\",\"name\":\"Artome\",\"url\":\"https:\/\/artome.fi\/en\/\",\"logo\":{\"@type\":\"ImageObject\",\"inLanguage\":\"it-IT\",\"@id\":\"https:\/\/artome.fi\/en\/#\/schema\/logo\/image\/\",\"url\":\"https:\/\/artome.fi\/wp-content\/uploads\/2022\/02\/artome_logo_black.png\",\"contentUrl\":\"https:\/\/artome.fi\/wp-content\/uploads\/2022\/02\/artome_logo_black.png\",\"width\":1280,\"height\":496,\"caption\":\"Artome\"},\"image\":{\"@id\":\"https:\/\/artome.fi\/en\/#\/schema\/logo\/image\/\"}}]}<\/script>\n<!-- \/ Yoast SEO Premium plugin. -->","yoast_head_json":{"title":"Artome | Storia di Artome","description":"Artome progetta e costruisce tecnologia audiovisiva e realizza prodotti che apportano flessibilit\u00e0 e facilit\u00e0 senza dimenticare il lato estetico.","robots":{"index":"index","follow":"follow","max-snippet":"max-snippet:-1","max-image-preview":"max-image-preview:large","max-video-preview":"max-video-preview:-1"},"canonical":"https:\/\/artome.fi\/it\/storia\/","og_locale":"it_IT","og_type":"article","og_title":"Artome Story","og_description":"Artome plans and builds audiovisual technology and makes products that bring flexibility and easiness without forgetting the aesthetic side.","og_url":"https:\/\/artome.fi\/it\/storia\/","og_site_name":"Artome","article_modified_time":"2023-11-08T15:56:58+00:00","twitter_card":"summary_large_image","twitter_misc":{"Tempo di lettura stimato":"3 minuti"},"schema":{"@context":"https:\/\/schema.org","@graph":[{"@type":"WebPage","@id":"https:\/\/artome.fi\/fr\/histoire\/","url":"https:\/\/artome.fi\/fr\/histoire\/","name":"Artome | Storia di Artome","isPartOf":{"@id":"https:\/\/artome.fi\/en\/#website"},"datePublished":"2022-06-08T18:07:02+00:00","dateModified":"2023-11-08T15:56:58+00:00","description":"Artome progetta e costruisce tecnologia audiovisiva e realizza prodotti che apportano flessibilit\u00e0 e facilit\u00e0 senza dimenticare il lato estetico.","breadcrumb":{"@id":"https:\/\/artome.fi\/fr\/histoire\/#breadcrumb"},"inLanguage":"it-IT","potentialAction":[{"@type":"ReadAction","target":["https:\/\/artome.fi\/fr\/histoire\/"]}]},{"@type":"BreadcrumbList","@id":"https:\/\/artome.fi\/fr\/histoire\/#breadcrumb","itemListElement":[{"@type":"ListItem","position":1,"name":"Etusivu","item":"https:\/\/artome.fi\/en\/"},{"@type":"ListItem","position":2,"name":"Artome Story"}]},{"@type":"WebSite","@id":"https:\/\/artome.fi\/en\/#website","url":"https:\/\/artome.fi\/en\/","name":"Artome","description":"Riprogettare l&#039;audiovisivo con mobili intelligenti","publisher":{"@id":"https:\/\/artome.fi\/en\/#organization"},"potentialAction":[{"@type":"SearchAction","target":{"@type":"EntryPoint","urlTemplate":"https:\/\/artome.fi\/en\/?s={search_term_string}"},"query-input":{"@type":"PropertyValueSpecification","valueRequired":true,"valueName":"search_term_string"}}],"inLanguage":"it-IT"},{"@type":"Organization","@id":"https:\/\/artome.fi\/en\/#organization","name":"Artome","url":"https:\/\/artome.fi\/en\/","logo":{"@type":"ImageObject","inLanguage":"it-IT","@id":"https:\/\/artome.fi\/en\/#\/schema\/logo\/image\/","url":"https:\/\/artome.fi\/wp-content\/uploads\/2022\/02\/artome_logo_black.png","contentUrl":"https:\/\/artome.fi\/wp-content\/uploads\/2022\/02\/artome_logo_black.png","width":1280,"height":496,"caption":"Artome"},"image":{"@id":"https:\/\/artome.fi\/en\/#\/schema\/logo\/image\/"}}]}},"_links":{"self":[{"href":"https:\/\/artome.fi\/it\/wp-json\/wp\/v2\/pages\/1010","targetHints":{"allow":["GET"]}}],"collection":[{"href":"https:\/\/artome.fi\/it\/wp-json\/wp\/v2\/pages"}],"about":[{"href":"https:\/\/artome.fi\/it\/wp-json\/wp\/v2\/types\/page"}],"author":[{"embeddable":true,"href":"https:\/\/artome.fi\/it\/wp-json\/wp\/v2\/users\/1"}],"replies":[{"embeddable":true,"href":"https:\/\/artome.fi\/it\/wp-json\/wp\/v2\/comments?post=1010"}],"version-history":[{"count":55,"href":"https:\/\/artome.fi\/it\/wp-json\/wp\/v2\/pages\/1010\/revisions"}],"predecessor-version":[{"id":6612,"href":"https:\/\/artome.fi\/it\/wp-json\/wp\/v2\/pages\/1010\/revisions\/6612"}],"wp:attachment":[{"href":"https:\/\/artome.fi\/it\/wp-json\/wp\/v2\/media?parent=1010"}],"curies":[{"name":"parola chiave","href":"https:\/\/api.w.org\/{rel}","templated":true}]}}