{"id":1064,"date":"2022-06-09T06:52:59","date_gmt":"2022-06-09T06:52:59","guid":{"rendered":"https:\/\/artome.fi\/?page_id=1064"},"modified":"2022-11-28T13:37:43","modified_gmt":"2022-11-28T13:37:43","slug":"our-ideology","status":"publish","type":"page","link":"https:\/\/artome.fi\/it\/la-nostra-ideologia\/","title":{"rendered":"La nostra ideologia"},"content":{"rendered":"<div data-elementor-type=\"wp-page\" data-elementor-id=\"1064\" class=\"elementor elementor-1064\" data-elementor-post-type=\"page\">\n\t\t\t\t\t\t<section class=\"elementor-section elementor-top-section elementor-element elementor-element-729c1aa5 ct-section-stretched elementor-section-height-min-height elementor-section-full_width elementor-section-height-default elementor-section-items-middle\" data-id=\"729c1aa5\" data-element_type=\"section\" data-settings=\"{&quot;background_background&quot;:&quot;classic&quot;}\">\n\t\t\t\t\t\t<div class=\"elementor-container elementor-column-gap-no\">\n\t\t\t\t\t<div class=\"elementor-column elementor-col-100 elementor-top-column elementor-element elementor-element-483f8c86\" data-id=\"483f8c86\" data-element_type=\"column\">\n\t\t\t<div class=\"elementor-widget-wrap elementor-element-populated\">\n\t\t\t\t\t\t<div class=\"elementor-element elementor-element-5afd46ca elementor-widget elementor-widget-heading\" data-id=\"5afd46ca\" data-element_type=\"widget\" data-widget_type=\"heading.default\">\n\t\t\t\t<div class=\"elementor-widget-container\">\n\t\t\t\t\t<h1 class=\"elementor-heading-title elementor-size-default\">Costruzione pi\u00f9 economica e veloce<\/h1>\t\t\t\t<\/div>\n\t\t\t\t<\/div>\n\t\t\t\t\t<\/div>\n\t\t<\/div>\n\t\t\t\t\t<\/div>\n\t\t<\/section>\n\t\t\t\t<section class=\"elementor-section elementor-top-section elementor-element elementor-element-6f0ac11 ct-section-stretched elementor-section-boxed elementor-section-height-default elementor-section-height-default\" data-id=\"6f0ac11\" data-element_type=\"section\">\n\t\t\t\t\t\t<div class=\"elementor-container elementor-column-gap-no\">\n\t\t\t\t\t<div class=\"elementor-column elementor-col-100 elementor-top-column elementor-element elementor-element-4f674459\" data-id=\"4f674459\" data-element_type=\"column\">\n\t\t\t<div class=\"elementor-widget-wrap elementor-element-populated\">\n\t\t\t\t\t\t<div class=\"elementor-element elementor-element-6cf624d5 elementor-widget elementor-widget-heading\" data-id=\"6cf624d5\" data-element_type=\"widget\" data-widget_type=\"heading.default\">\n\t\t\t\t<div class=\"elementor-widget-container\">\n\t\t\t\t\t<h2 class=\"elementor-heading-title elementor-size-default\">La nostra ideologia<\/h2>\t\t\t\t<\/div>\n\t\t\t\t<\/div>\n\t\t\t\t<div class=\"elementor-element elementor-element-274d54e elementor-widget elementor-widget-text-editor\" data-id=\"274d54e\" data-element_type=\"widget\" data-widget_type=\"text-editor.default\">\n\t\t\t\t<div class=\"elementor-widget-container\">\n\t\t\t\t\t\t\t\t\t<p>Artome sta rinnovando l&#039;intero settore audiovisivo e il nostro obiettivo \u00e8 offrire un nuovo tipo di flessibilit\u00e0 per le soluzioni di presentazione. Con l&#039;aiuto di mobili intelligenti realizzati in fabbrica \u00e8 possibile fare a meno dei lunghi cablaggi e della tecnologia fissa. Le nostre soluzioni apportano adattabilit\u00e0 e facilit\u00e0 d&#039;uso all&#039;implementazione e alla manutenzione delle soluzioni audiovisive.<\/p>\t\t\t\t\t\t\t\t<\/div>\n\t\t\t\t<\/div>\n\t\t\t\t\t<\/div>\n\t\t<\/div>\n\t\t\t\t\t<\/div>\n\t\t<\/section>\n\t\t\t\t<section class=\"elementor-section elementor-top-section elementor-element elementor-element-73a78ee2 ct-section-stretched elementor-section-items-top elementor-section-height-min-height elementor-section-boxed elementor-section-height-default\" data-id=\"73a78ee2\" data-element_type=\"section\" data-settings=\"{&quot;background_background&quot;:&quot;classic&quot;}\">\n\t\t\t\t\t\t<div class=\"elementor-container elementor-column-gap-default\">\n\t\t\t\t\t<div class=\"elementor-column elementor-col-100 elementor-top-column elementor-element elementor-element-1a11e496\" data-id=\"1a11e496\" data-element_type=\"column\">\n\t\t\t<div class=\"elementor-widget-wrap\">\n\t\t\t\t\t\t\t<\/div>\n\t\t<\/div>\n\t\t\t\t\t<\/div>\n\t\t<\/section>\n\t\t\t\t<section class=\"elementor-section elementor-top-section elementor-element elementor-element-7d963127 ct-section-stretched elementor-reverse-mobile elementor-section-boxed elementor-section-height-default elementor-section-height-default\" data-id=\"7d963127\" data-element_type=\"section\">\n\t\t\t\t\t\t<div class=\"elementor-container elementor-column-gap-default\">\n\t\t\t\t\t<div class=\"elementor-column elementor-col-50 elementor-top-column elementor-element elementor-element-69e1c824\" data-id=\"69e1c824\" data-element_type=\"column\" data-settings=\"{&quot;background_background&quot;:&quot;classic&quot;}\">\n\t\t\t<div class=\"elementor-widget-wrap elementor-element-populated\">\n\t\t\t\t\t\t<div class=\"elementor-element elementor-element-42a0cb78 elementor-widget elementor-widget-text-editor\" data-id=\"42a0cb78\" data-element_type=\"widget\" data-widget_type=\"text-editor.default\">\n\t\t\t\t<div class=\"elementor-widget-container\">\n\t\t\t\t\t\t\t\t\t<p>I mobili intelligenti Artome non necessitano di installazione. I costi della soluzione prefabbricata sono noti in anticipo e i tempi di consegna non dipendono dallo stato di avanzamento di altri contratti. Quando si utilizzano soluzioni fisse con dispositivi installati direttamente sulle strutture della stanza, la tecnologia definisce l&#039;utilizzo di un determinato spazio. Quando si progettano interni o interi edifici, queste soluzioni fisse limitano la creativit\u00e0. Vogliamo consentire nuovi modi di lavorare non solo per l&#039;industria audiovisiva, ma anche per gli attori legati al settore: architetti, progettisti edili, designer di interni, praticamente tutti!<\/p>\t\t\t\t\t\t\t\t<\/div>\n\t\t\t\t<\/div>\n\t\t\t\t\t<\/div>\n\t\t<\/div>\n\t\t\t\t<div class=\"elementor-column elementor-col-50 elementor-top-column elementor-element elementor-element-12e61463\" data-id=\"12e61463\" data-element_type=\"column\" data-settings=\"{&quot;background_background&quot;:&quot;classic&quot;}\">\n\t\t\t<div class=\"elementor-widget-wrap elementor-element-populated\">\n\t\t\t\t\t\t<div class=\"elementor-element elementor-element-40e4dfa1 elementor-widget elementor-widget-heading\" data-id=\"40e4dfa1\" data-element_type=\"widget\" data-widget_type=\"heading.default\">\n\t\t\t\t<div class=\"elementor-widget-container\">\n\t\t\t\t\t<h2 class=\"elementor-heading-title elementor-size-default\">Permettiamo l&#039;uso dell&#039;immaginazione<\/h2>\t\t\t\t<\/div>\n\t\t\t\t<\/div>\n\t\t\t\t\t<\/div>\n\t\t<\/div>\n\t\t\t\t\t<\/div>\n\t\t<\/section>\n\t\t\t\t<section class=\"elementor-section elementor-top-section elementor-element elementor-element-776934fa ct-section-stretched elementor-section-boxed elementor-section-height-default elementor-section-height-default\" data-id=\"776934fa\" data-element_type=\"section\">\n\t\t\t\t\t\t<div class=\"elementor-container elementor-column-gap-default\">\n\t\t\t\t\t<div class=\"elementor-column elementor-col-50 elementor-top-column elementor-element elementor-element-7bc48923\" data-id=\"7bc48923\" data-element_type=\"column\" data-settings=\"{&quot;background_background&quot;:&quot;classic&quot;}\">\n\t\t\t<div class=\"elementor-widget-wrap elementor-element-populated\">\n\t\t\t\t\t\t<div class=\"elementor-element elementor-element-218c9cd7 elementor-widget elementor-widget-heading\" data-id=\"218c9cd7\" data-element_type=\"widget\" data-widget_type=\"heading.default\">\n\t\t\t\t<div class=\"elementor-widget-container\">\n\t\t\t\t\t<h2 class=\"elementor-heading-title elementor-size-default\">Ispiriamo e ispiriamo<\/h2>\t\t\t\t<\/div>\n\t\t\t\t<\/div>\n\t\t\t\t\t<\/div>\n\t\t<\/div>\n\t\t\t\t<div class=\"elementor-column elementor-col-50 elementor-top-column elementor-element elementor-element-37ae5055\" data-id=\"37ae5055\" data-element_type=\"column\" data-settings=\"{&quot;background_background&quot;:&quot;classic&quot;}\">\n\t\t\t<div class=\"elementor-widget-wrap elementor-element-populated\">\n\t\t\t\t\t\t<div class=\"elementor-element elementor-element-31713dfa elementor-widget elementor-widget-text-editor\" data-id=\"31713dfa\" data-element_type=\"widget\" data-widget_type=\"text-editor.default\">\n\t\t\t\t<div class=\"elementor-widget-container\">\n\t\t\t\t\t\t\t\t\t<p>Artome M10 offre una fotocamera integrata e il collegamento a un microfono, cos\u00ec da permettere a chi \u00e8 nella stanza e a chi \u00e8 lontano di comunicare in modo veramente interattivo. Il portatile Artome M10 si adatta dalle videoconferenze nelle sale conferenze alle feste karaoke dopo il lavoro nella hall, massimizzando cos\u00ec l&#039;uso della tecnologia di presentazione.<\/p>\t\t\t\t\t\t\t\t<\/div>\n\t\t\t\t<\/div>\n\t\t\t\t<div class=\"elementor-element elementor-element-6f6905a6 elementor-widget elementor-widget-text-editor\" data-id=\"6f6905a6\" data-element_type=\"widget\" data-widget_type=\"text-editor.default\">\n\t\t\t\t<div class=\"elementor-widget-container\">\n\t\t\t\t\t\t\t\t\t<p>Noi di Artome vogliamo anche ispirare e ispirare gli altri a sfidare le soluzioni AV tradizionali. La nostra ideologia offre, ad esempio, ad architetti e interior designer nuove opportunit\u00e0 per realizzare spazi veramente mutevoli, quando le sfide progettuali della tecnologia installata in modo permanente nello spazio possono essere completamente eliminate.<\/p>\t\t\t\t\t\t\t\t<\/div>\n\t\t\t\t<\/div>\n\t\t\t\t\t<\/div>\n\t\t<\/div>\n\t\t\t\t\t<\/div>\n\t\t<\/section>\n\t\t\t\t<\/div>","protected":false},"excerpt":{"rendered":"<p>Halvempaa ja nopeampaa rakentamista Ideologiamme Artome uudistaa koko audiovisuaalista alaa ja tavoitteenamme on tarjota uudenlaista joustavuutta esitysratkaisuihin. Tehdasvalmisteisten \u00e4lykalusteiden avulla voidaan luopua aikaa viev\u00e4st\u00e4 kaapeloinnista ja kiinte\u00e4st\u00e4 tilatekniikasta. Ratkaisumme tuovat muokkautuvuutta ja helppok\u00e4ytt\u00f6isyytt\u00e4 audiovisuaalisten ratkaisuiden k\u00e4ytt\u00f6\u00f6nottoon ja yll\u00e4pitoon. Artomen \u00e4lykalusteet eiv\u00e4t tarvitse asennusta. Tehdasvalmisteisen ratkaisun kustannukset tiedet\u00e4\u00e4n ennakkoon ja toimituksen ajankohta ei ole riippuvainen muiden [&hellip;]<\/p>\n","protected":false},"author":1,"featured_media":0,"parent":0,"menu_order":0,"comment_status":"closed","ping_status":"closed","template":"elementor_header_footer","meta":{"om_disable_all_campaigns":false,"_monsterinsights_skip_tracking":false,"_monsterinsights_sitenote_active":false,"_monsterinsights_sitenote_note":"","_monsterinsights_sitenote_category":0,"_uf_show_specific_survey":0,"_uf_disable_surveys":false,"footnotes":""},"class_list":["post-1064","page","type-page","status-publish","hentry"],"blocksy_meta":{"styles_descriptor":{"styles":{"desktop":"","tablet":"","mobile":""},"google_fonts":[],"version":6}},"aioseo_notices":[],"yoast_head":"<!-- This site is optimized with the Yoast SEO Premium plugin v23.2 (Yoast SEO v26.3) - https:\/\/yoast.com\/wordpress\/plugins\/seo\/ -->\n<title>Artome | Our ideology<\/title>\n<meta name=\"description\" content=\"Artome - Enabling imagination. We want to share our ideology and enable other industries to benefit from it as well. Read more.\" \/>\n<meta name=\"robots\" content=\"index, follow, max-snippet:-1, max-image-preview:large, max-video-preview:-1\" \/>\n<link rel=\"canonical\" href=\"https:\/\/artome.fi\/it\/la-nostra-ideologia\/\" \/>\n<meta property=\"og:locale\" content=\"it_IT\" \/>\n<meta property=\"og:type\" content=\"article\" \/>\n<meta property=\"og:title\" content=\"Our Ideology\" \/>\n<meta property=\"og:description\" content=\"Artome - Enabling imagination. We want to share our ideology and enable other industries to benefit from it as well. Read more.\" \/>\n<meta property=\"og:url\" content=\"https:\/\/artome.fi\/it\/la-nostra-ideologia\/\" \/>\n<meta property=\"og:site_name\" content=\"Artome\" \/>\n<meta property=\"article:modified_time\" content=\"2022-11-28T13:37:43+00:00\" \/>\n<meta name=\"twitter:card\" content=\"summary_large_image\" \/>\n<meta name=\"twitter:label1\" content=\"Tempo di lettura stimato\" \/>\n\t<meta name=\"twitter:data1\" content=\"2 minuti\" \/>\n<script type=\"application\/ld+json\" class=\"yoast-schema-graph\">{\"@context\":\"https:\/\/schema.org\",\"@graph\":[{\"@type\":\"WebPage\",\"@id\":\"https:\/\/artome.fi\/de\/unsere-ideologie\/\",\"url\":\"https:\/\/artome.fi\/de\/unsere-ideologie\/\",\"name\":\"Artome | Our ideology\",\"isPartOf\":{\"@id\":\"https:\/\/artome.fi\/en\/#website\"},\"datePublished\":\"2022-06-09T06:52:59+00:00\",\"dateModified\":\"2022-11-28T13:37:43+00:00\",\"description\":\"Artome - Enabling imagination. We want to share our ideology and enable other industries to benefit from it as well. Read more.\",\"breadcrumb\":{\"@id\":\"https:\/\/artome.fi\/de\/unsere-ideologie\/#breadcrumb\"},\"inLanguage\":\"it-IT\",\"potentialAction\":[{\"@type\":\"ReadAction\",\"target\":[\"https:\/\/artome.fi\/de\/unsere-ideologie\/\"]}]},{\"@type\":\"BreadcrumbList\",\"@id\":\"https:\/\/artome.fi\/de\/unsere-ideologie\/#breadcrumb\",\"itemListElement\":[{\"@type\":\"ListItem\",\"position\":1,\"name\":\"Etusivu\",\"item\":\"https:\/\/artome.fi\/en\/\"},{\"@type\":\"ListItem\",\"position\":2,\"name\":\"Our Ideology\"}]},{\"@type\":\"WebSite\",\"@id\":\"https:\/\/artome.fi\/en\/#website\",\"url\":\"https:\/\/artome.fi\/en\/\",\"name\":\"Artome\",\"description\":\"Redesigning audiovisual with smart furniture\",\"publisher\":{\"@id\":\"https:\/\/artome.fi\/en\/#organization\"},\"potentialAction\":[{\"@type\":\"SearchAction\",\"target\":{\"@type\":\"EntryPoint\",\"urlTemplate\":\"https:\/\/artome.fi\/en\/?s={search_term_string}\"},\"query-input\":{\"@type\":\"PropertyValueSpecification\",\"valueRequired\":true,\"valueName\":\"search_term_string\"}}],\"inLanguage\":\"it-IT\"},{\"@type\":\"Organization\",\"@id\":\"https:\/\/artome.fi\/en\/#organization\",\"name\":\"Artome\",\"url\":\"https:\/\/artome.fi\/en\/\",\"logo\":{\"@type\":\"ImageObject\",\"inLanguage\":\"it-IT\",\"@id\":\"https:\/\/artome.fi\/en\/#\/schema\/logo\/image\/\",\"url\":\"https:\/\/artome.fi\/wp-content\/uploads\/2022\/02\/artome_logo_black.png\",\"contentUrl\":\"https:\/\/artome.fi\/wp-content\/uploads\/2022\/02\/artome_logo_black.png\",\"width\":1280,\"height\":496,\"caption\":\"Artome\"},\"image\":{\"@id\":\"https:\/\/artome.fi\/en\/#\/schema\/logo\/image\/\"}}]}<\/script>\n<!-- \/ Yoast SEO Premium plugin. -->","yoast_head_json":{"title":"Artome | La nostra ideologia","description":"Artome - Abilitare l&#039;immaginazione. Vogliamo condividere la nostra ideologia e consentire anche ad altri settori di trarne vantaggio. Per saperne di pi\u00f9.","robots":{"index":"index","follow":"follow","max-snippet":"max-snippet:-1","max-image-preview":"max-image-preview:large","max-video-preview":"max-video-preview:-1"},"canonical":"https:\/\/artome.fi\/it\/la-nostra-ideologia\/","og_locale":"it_IT","og_type":"article","og_title":"Our Ideology","og_description":"Artome - Enabling imagination. We want to share our ideology and enable other industries to benefit from it as well. Read more.","og_url":"https:\/\/artome.fi\/it\/la-nostra-ideologia\/","og_site_name":"Artome","article_modified_time":"2022-11-28T13:37:43+00:00","twitter_card":"summary_large_image","twitter_misc":{"Tempo di lettura stimato":"2 minuti"},"schema":{"@context":"https:\/\/schema.org","@graph":[{"@type":"WebPage","@id":"https:\/\/artome.fi\/de\/unsere-ideologie\/","url":"https:\/\/artome.fi\/de\/unsere-ideologie\/","name":"Artome | La nostra ideologia","isPartOf":{"@id":"https:\/\/artome.fi\/en\/#website"},"datePublished":"2022-06-09T06:52:59+00:00","dateModified":"2022-11-28T13:37:43+00:00","description":"Artome - Abilitare l&#039;immaginazione. Vogliamo condividere la nostra ideologia e consentire anche ad altri settori di trarne vantaggio. Per saperne di pi\u00f9.","breadcrumb":{"@id":"https:\/\/artome.fi\/de\/unsere-ideologie\/#breadcrumb"},"inLanguage":"it-IT","potentialAction":[{"@type":"ReadAction","target":["https:\/\/artome.fi\/de\/unsere-ideologie\/"]}]},{"@type":"BreadcrumbList","@id":"https:\/\/artome.fi\/de\/unsere-ideologie\/#breadcrumb","itemListElement":[{"@type":"ListItem","position":1,"name":"Etusivu","item":"https:\/\/artome.fi\/en\/"},{"@type":"ListItem","position":2,"name":"Our Ideology"}]},{"@type":"WebSite","@id":"https:\/\/artome.fi\/en\/#website","url":"https:\/\/artome.fi\/en\/","name":"Artome","description":"Riprogettare l&#039;audiovisivo con mobili intelligenti","publisher":{"@id":"https:\/\/artome.fi\/en\/#organization"},"potentialAction":[{"@type":"SearchAction","target":{"@type":"EntryPoint","urlTemplate":"https:\/\/artome.fi\/en\/?s={search_term_string}"},"query-input":{"@type":"PropertyValueSpecification","valueRequired":true,"valueName":"search_term_string"}}],"inLanguage":"it-IT"},{"@type":"Organization","@id":"https:\/\/artome.fi\/en\/#organization","name":"Artome","url":"https:\/\/artome.fi\/en\/","logo":{"@type":"ImageObject","inLanguage":"it-IT","@id":"https:\/\/artome.fi\/en\/#\/schema\/logo\/image\/","url":"https:\/\/artome.fi\/wp-content\/uploads\/2022\/02\/artome_logo_black.png","contentUrl":"https:\/\/artome.fi\/wp-content\/uploads\/2022\/02\/artome_logo_black.png","width":1280,"height":496,"caption":"Artome"},"image":{"@id":"https:\/\/artome.fi\/en\/#\/schema\/logo\/image\/"}}]}},"_links":{"self":[{"href":"https:\/\/artome.fi\/it\/wp-json\/wp\/v2\/pages\/1064","targetHints":{"allow":["GET"]}}],"collection":[{"href":"https:\/\/artome.fi\/it\/wp-json\/wp\/v2\/pages"}],"about":[{"href":"https:\/\/artome.fi\/it\/wp-json\/wp\/v2\/types\/page"}],"author":[{"embeddable":true,"href":"https:\/\/artome.fi\/it\/wp-json\/wp\/v2\/users\/1"}],"replies":[{"embeddable":true,"href":"https:\/\/artome.fi\/it\/wp-json\/wp\/v2\/comments?post=1064"}],"version-history":[{"count":37,"href":"https:\/\/artome.fi\/it\/wp-json\/wp\/v2\/pages\/1064\/revisions"}],"predecessor-version":[{"id":2481,"href":"https:\/\/artome.fi\/it\/wp-json\/wp\/v2\/pages\/1064\/revisions\/2481"}],"wp:attachment":[{"href":"https:\/\/artome.fi\/it\/wp-json\/wp\/v2\/media?parent=1064"}],"curies":[{"name":"parola chiave","href":"https:\/\/api.w.org\/{rel}","templated":true}]}}