{"id":1082,"date":"2022-06-09T10:42:23","date_gmt":"2022-06-09T10:42:23","guid":{"rendered":"https:\/\/artome.fi\/?page_id=1082"},"modified":"2023-11-08T15:47:00","modified_gmt":"2023-11-08T15:47:00","slug":"experiences-verona-international","status":"publish","type":"page","link":"https:\/\/artome.fi\/it\/esperienze-veronesi-internazionali\/","title":{"rendered":"Verona"},"content":{"rendered":"<div data-elementor-type=\"wp-page\" data-elementor-id=\"1082\" class=\"elementor elementor-1082\" data-elementor-post-type=\"page\">\n\t\t\t\t\t\t<section class=\"elementor-section elementor-top-section elementor-element elementor-element-78929c24 elementor-section-boxed elementor-section-height-default elementor-section-height-default\" data-id=\"78929c24\" data-element_type=\"section\">\n\t\t\t\t\t\t<div class=\"elementor-container elementor-column-gap-default\">\n\t\t\t\t\t<div class=\"elementor-column elementor-col-100 elementor-top-column elementor-element elementor-element-74ff65c5\" data-id=\"74ff65c5\" data-element_type=\"column\">\n\t\t\t<div class=\"elementor-widget-wrap elementor-element-populated\">\n\t\t\t\t\t\t<div class=\"elementor-element elementor-element-7bb94d5 elementor-mobile-align-center elementor-widget elementor-widget-button\" data-id=\"7bb94d5\" data-element_type=\"widget\" data-widget_type=\"button.default\">\n\t\t\t\t<div class=\"elementor-widget-container\">\n\t\t\t\t\t\t\t\t\t<div class=\"elementor-button-wrapper\">\n\t\t\t\t\t<a class=\"elementor-button elementor-button-link elementor-size-sm\" href=\"https:\/\/artome.fi\/it\/esperienze\/\">\n\t\t\t\t\t\t<span class=\"elementor-button-content-wrapper\">\n\t\t\t\t\t\t\t\t\t<span class=\"elementor-button-text\">Esperienze<\/span>\n\t\t\t\t\t<\/span>\n\t\t\t\t\t<\/a>\n\t\t\t\t<\/div>\n\t\t\t\t\t\t\t\t<\/div>\n\t\t\t\t<\/div>\n\t\t\t\t<div class=\"elementor-element elementor-element-25a70d32 elementor-widget elementor-widget-heading\" data-id=\"25a70d32\" data-element_type=\"widget\" data-widget_type=\"heading.default\">\n\t\t\t\t<div class=\"elementor-widget-container\">\n\t\t\t\t\t<h2 class=\"elementor-heading-title elementor-size-xl\">Verona<\/h2>\t\t\t\t<\/div>\n\t\t\t\t<\/div>\n\t\t\t\t\t<\/div>\n\t\t<\/div>\n\t\t\t\t\t<\/div>\n\t\t<\/section>\n\t\t\t\t<section class=\"elementor-section elementor-top-section elementor-element elementor-element-139709ca elementor-section-boxed elementor-section-height-default elementor-section-height-default\" data-id=\"139709ca\" data-element_type=\"section\">\n\t\t\t\t\t\t<div class=\"elementor-container elementor-column-gap-default\">\n\t\t\t\t\t<div class=\"elementor-column elementor-col-100 elementor-top-column elementor-element elementor-element-7223068f\" data-id=\"7223068f\" data-element_type=\"column\">\n\t\t\t<div class=\"elementor-widget-wrap elementor-element-populated\">\n\t\t\t\t\t\t<div class=\"elementor-element elementor-element-7d074d49 elementor-widget elementor-widget-image\" data-id=\"7d074d49\" data-element_type=\"widget\" data-widget_type=\"image.default\">\n\t\t\t\t<div class=\"elementor-widget-container\">\n\t\t\t\t\t\t\t\t\t\t\t\t\t\t\t<img fetchpriority=\"high\" decoding=\"async\" width=\"1536\" height=\"864\" src=\"https:\/\/artome.fi\/wp-content\/uploads\/2022\/06\/Verona_office_2021_edited-1536x864.jpg\" class=\"attachment-1536x1536 size-1536x1536 wp-image-1201\" alt=\"Artome M10 in uso a Verona Internazionale.\" srcset=\"https:\/\/artome.fi\/wp-content\/uploads\/2022\/06\/Verona_office_2021_edited-1536x864.jpg 1536w, https:\/\/artome.fi\/wp-content\/uploads\/2022\/06\/Verona_office_2021_edited-300x169.jpg 300w, https:\/\/artome.fi\/wp-content\/uploads\/2022\/06\/Verona_office_2021_edited-1024x576.jpg 1024w, https:\/\/artome.fi\/wp-content\/uploads\/2022\/06\/Verona_office_2021_edited-768x432.jpg 768w, https:\/\/artome.fi\/wp-content\/uploads\/2022\/06\/Verona_office_2021_edited-18x10.jpg 18w, https:\/\/artome.fi\/wp-content\/uploads\/2022\/06\/Verona_office_2021_edited.jpg 1920w\" sizes=\"(max-width: 1536px) 100vw, 1536px\" \/>\t\t\t\t\t\t\t\t\t\t\t\t\t\t\t<\/div>\n\t\t\t\t<\/div>\n\t\t\t\t<div class=\"elementor-element elementor-element-d5cd383 elementor-widget elementor-widget-heading\" data-id=\"d5cd383\" data-element_type=\"widget\" data-widget_type=\"heading.default\">\n\t\t\t\t<div class=\"elementor-widget-container\">\n\t\t\t\t\t<h2 class=\"elementor-heading-title elementor-size-default\">Eleganza e tecnologia<\/h2>\t\t\t\t<\/div>\n\t\t\t\t<\/div>\n\t\t\t\t<div class=\"elementor-element elementor-element-11b04830 elementor-widget elementor-widget-text-editor\" data-id=\"11b04830\" data-element_type=\"widget\" data-widget_type=\"text-editor.default\">\n\t\t\t\t<div class=\"elementor-widget-container\">\n\t\t\t\t\t\t\t\t\t<p>Nel cuore di Helsinki, in mezzo al via vai di persone e di tram che scivolano lungo i binari, si trova lo studio di consulenza direzionale aziendale Verona. Il loro obiettivo \u00e8 aiutare i clienti ad affrontare le sfide aziendali e creare una crescita sostenibile con un tocco umano e rinnovante. Da tempo, a Verona, si sono potuti ristrutturare anche gli uffici ubicati nell&#039;immobile di pregio di Boulevard. Volevano rinnovare gli interni secondo una nuova fede e allo stesso tempo aggiornare la tecnologia di presentazione delle sale conferenze. Tuttavia, il nuovo look dell&#039;ufficio pone anche i requisiti su come collocare i dispositivi in modo elegante nello spazio. La sala congressi di Verona \u00e8 ora servita da arredi intelligenti che coniugano design domestico e tecnologia di facile utilizzo. Il suo nome \u00e8 Artome M10.<br \/>Veronan \u00e8 un operatore internazionale con uffici non solo a Helsinki ma anche a Turku e Lussemburgo, quindi per garantire la fluidit\u00e0 degli incontri con i clienti volevamo una soluzione che potesse garantire il successo anche degli incontri a distanza.<\/p>\t\t\t\t\t\t\t\t<\/div>\n\t\t\t\t<\/div>\n\t\t\t\t<div class=\"elementor-element elementor-element-6012e57 elementor-blockquote--skin-quotation elementor-blockquote--align-center elementor-widget elementor-widget-blockquote\" data-id=\"6012e57\" data-element_type=\"widget\" data-widget_type=\"blockquote.default\">\n\t\t\t\t<div class=\"elementor-widget-container\">\n\t\t\t\t\t\t\t<blockquote class=\"elementor-blockquote\">\n\t\t\t<p class=\"elementor-blockquote__content\">\n\t\t\t\tNella nostra ristrutturazione abbiamo voluto investire non solo nello stile ma anche nella comodit\u00e0. Con l&#039;aiuto della soluzione Artome M10, \u00e8 facile realizzare la presentazione necessaria per le riunioni sia in remoto che in locale, e sta benissimo anche nel nostro ufficio rinnovato\t\t\t<\/p>\n\t\t\t\t\t\t\t<div class=\"e-q-footer\">\n\t\t\t\t\t\t\t\t\t\t\t<cite class=\"elementor-blockquote__author\"> Mari Tammivaara, assistente amministrativa<\/cite>\n\t\t\t\t\t\t\t\t\t\t\t\t\t\t<\/div>\n\t\t\t\t\t<\/blockquote>\n\t\t\t\t\t\t<\/div>\n\t\t\t\t<\/div>\n\t\t\t\t<div class=\"elementor-element elementor-element-632b413a elementor-widget elementor-widget-text-editor\" data-id=\"632b413a\" data-element_type=\"widget\" data-widget_type=\"text-editor.default\">\n\t\t\t\t<div class=\"elementor-widget-container\">\n\t\t\t\t\t\t\t\t\t<p>L&#039;Artome M10 \u00e8 stato scelto per la sede di Verona tra le tre opzioni di telaio, frassino verniciato nero. L&#039;aspetto dei mobili di design \u00e8 stato rifinito con un rivestimento in tessuto grigio sulla porta d&#039;ingresso. Nella sala conferenze dai toni scuri, le diverse tonalit\u00e0 del legno creano un&#039;atmosfera preziosa, e la luce proveniente dalle grandi finestre dona morbidezza e organicit\u00e0.<\/p>\t\t\t\t\t\t\t\t<\/div>\n\t\t\t\t<\/div>\n\t\t\t\t<div class=\"elementor-element elementor-element-147e82d elementor-widget elementor-widget-heading\" data-id=\"147e82d\" data-element_type=\"widget\" data-widget_type=\"heading.default\">\n\t\t\t\t<div class=\"elementor-widget-container\">\n\t\t\t\t\t<h2 class=\"elementor-heading-title elementor-size-default\">Compatibilit\u00e0 tra sistemi operativi<\/h2>\t\t\t\t<\/div>\n\t\t\t\t<\/div>\n\t\t\t\t<div class=\"elementor-element elementor-element-05a175c elementor-widget elementor-widget-text-editor\" data-id=\"05a175c\" data-element_type=\"widget\" data-widget_type=\"text-editor.default\">\n\t\t\t\t<div class=\"elementor-widget-container\">\n\t\t\t\t\t\t\t\t\t<p>Artome M10 \u00e8 una soluzione completa che combina proiettore laser, sistema audio, funzionalit\u00e0 di videoconferenza e design finlandese. Artome M10 \u00e8 compatibile con tutti i sistemi operativi (Windows, MacOS, ChromeOS, Linux) senza programmi di installazione separati. Lo stesso vale anche per le diverse piattaforme di connessione remota, sia che utilizziate Teams, Zoom o Google Meet. I contenuti possono essere facilmente presentati da un computer tramite un cavo HDMI o condivisi dai partecipanti in modalit\u00e0 wireless da un dispositivo mobile. Nei mobili intelligenti realizzati in fabbrica, tutti i componenti funzionano perfettamente insieme e qualsiasi riparazione o manutenzione dell&#039;apparecchiatura pu\u00f2 essere gestita con l&#039;aiuto di un unico numero di telefono di supporto<\/p>\t\t\t\t\t\t\t\t<\/div>\n\t\t\t\t<\/div>\n\t\t\t\t<div class=\"elementor-element elementor-element-710e3831 elementor-blockquote--skin-quotation elementor-blockquote--align-center elementor-widget elementor-widget-blockquote\" data-id=\"710e3831\" data-element_type=\"widget\" data-widget_type=\"blockquote.default\">\n\t\t\t\t<div class=\"elementor-widget-container\">\n\t\t\t\t\t\t\t<blockquote class=\"elementor-blockquote\">\n\t\t\t<p class=\"elementor-blockquote__content\">\n\t\t\t\tIl supporto di Artome \u00e8 stato davvero buono. Il dispositivo in s\u00e9 ha funzionato egregiamente, ma sono sorte alcune domande sull&#039;utilizzo del microfono wireless in connessione con Teams. Tuttavia, anche questo \u00e8 stato risolto rapidamente e la giusta selezione del microfono \u00e8 stata facilmente trovata nel menu della piattaforma Teams.\t\t\t<\/p>\n\t\t\t\t\t<\/blockquote>\n\t\t\t\t\t\t<\/div>\n\t\t\t\t<\/div>\n\t\t\t\t<div class=\"elementor-element elementor-element-138fee82 elementor-widget elementor-widget-image\" data-id=\"138fee82\" data-element_type=\"widget\" data-widget_type=\"image.default\">\n\t\t\t\t<div class=\"elementor-widget-container\">\n\t\t\t\t\t\t\t\t\t\t\t\t\t\t\t<img decoding=\"async\" width=\"1152\" height=\"1536\" src=\"https:\/\/artome.fi\/wp-content\/uploads\/2022\/06\/Verona_office_portrait_2021_edited-1152x1536.jpg\" class=\"attachment-1536x1536 size-1536x1536 wp-image-1202\" alt=\"Artome M10 in uso a Verona Internazionale.\" srcset=\"https:\/\/artome.fi\/wp-content\/uploads\/2022\/06\/Verona_office_portrait_2021_edited-1152x1536.jpg 1152w, https:\/\/artome.fi\/wp-content\/uploads\/2022\/06\/Verona_office_portrait_2021_edited-225x300.jpg 225w, https:\/\/artome.fi\/wp-content\/uploads\/2022\/06\/Verona_office_portrait_2021_edited-768x1024.jpg 768w, https:\/\/artome.fi\/wp-content\/uploads\/2022\/06\/Verona_office_portrait_2021_edited-1536x2048.jpg 1536w, https:\/\/artome.fi\/wp-content\/uploads\/2022\/06\/Verona_office_portrait_2021_edited-9x12.jpg 9w, https:\/\/artome.fi\/wp-content\/uploads\/2022\/06\/Verona_office_portrait_2021_edited.jpg 1920w\" sizes=\"(max-width: 1152px) 100vw, 1152px\" \/>\t\t\t\t\t\t\t\t\t\t\t\t\t\t\t<\/div>\n\t\t\t\t<\/div>\n\t\t\t\t\t<\/div>\n\t\t<\/div>\n\t\t\t\t\t<\/div>\n\t\t<\/section>\n\t\t\t\t<section class=\"elementor-section elementor-top-section elementor-element elementor-element-09036b8 elementor-section-boxed elementor-section-height-default elementor-section-height-default\" data-id=\"09036b8\" data-element_type=\"section\">\n\t\t\t\t\t\t<div class=\"elementor-container elementor-column-gap-default\">\n\t\t\t\t\t<div class=\"elementor-column elementor-col-50 elementor-top-column elementor-element elementor-element-8790f2c\" data-id=\"8790f2c\" data-element_type=\"column\">\n\t\t\t<div class=\"elementor-widget-wrap elementor-element-populated\">\n\t\t\t\t\t\t<div class=\"elementor-element elementor-element-96661a3 elementor-widget elementor-widget-heading\" data-id=\"96661a3\" data-element_type=\"widget\" data-widget_type=\"heading.default\">\n\t\t\t\t<div class=\"elementor-widget-container\">\n\t\t\t\t\t<h2 class=\"elementor-heading-title elementor-size-default\">Esperienze d&#039;Artome ici<\/h2>\t\t\t\t<\/div>\n\t\t\t\t<\/div>\n\t\t\t\t<div class=\"elementor-element elementor-element-b9f7655 elementor-mobile-align-center elementor-align-center elementor-widget elementor-widget-button\" data-id=\"b9f7655\" data-element_type=\"widget\" data-widget_type=\"button.default\">\n\t\t\t\t<div class=\"elementor-widget-container\">\n\t\t\t\t\t\t\t\t\t<div class=\"elementor-button-wrapper\">\n\t\t\t\t\t<a class=\"elementor-button elementor-button-link elementor-size-sm\" href=\"https:\/\/artome.fi\/en\/experiences-verona-international\/\">\n\t\t\t\t\t\t<span class=\"elementor-button-content-wrapper\">\n\t\t\t\t\t\t\t\t\t<span class=\"elementor-button-text\">Lire plus (in inglese)<\/span>\n\t\t\t\t\t<\/span>\n\t\t\t\t\t<\/a>\n\t\t\t\t<\/div>\n\t\t\t\t\t\t\t\t<\/div>\n\t\t\t\t<\/div>\n\t\t\t\t\t<\/div>\n\t\t<\/div>\n\t\t\t\t<div class=\"elementor-column elementor-col-50 elementor-top-column elementor-element elementor-element-6fabe48\" data-id=\"6fabe48\" data-element_type=\"column\">\n\t\t\t<div class=\"elementor-widget-wrap elementor-element-populated\">\n\t\t\t\t\t\t<div class=\"elementor-element elementor-element-ed8aa67 elementor-widget elementor-widget-image\" data-id=\"ed8aa67\" data-element_type=\"widget\" data-widget_type=\"image.default\">\n\t\t\t\t<div class=\"elementor-widget-container\">\n\t\t\t\t\t\t\t\t\t\t\t\t\t\t\t<img decoding=\"async\" width=\"1024\" height=\"576\" src=\"https:\/\/artome.fi\/wp-content\/uploads\/2022\/06\/Verona_office_2021_edited-1024x576.jpg\" class=\"attachment-large size-large wp-image-1201\" alt=\"Artome M10 in uso a Verona Internazionale.\" srcset=\"https:\/\/artome.fi\/wp-content\/uploads\/2022\/06\/Verona_office_2021_edited-1024x576.jpg 1024w, https:\/\/artome.fi\/wp-content\/uploads\/2022\/06\/Verona_office_2021_edited-300x169.jpg 300w, https:\/\/artome.fi\/wp-content\/uploads\/2022\/06\/Verona_office_2021_edited-768x432.jpg 768w, https:\/\/artome.fi\/wp-content\/uploads\/2022\/06\/Verona_office_2021_edited-1536x864.jpg 1536w, https:\/\/artome.fi\/wp-content\/uploads\/2022\/06\/Verona_office_2021_edited-18x10.jpg 18w, https:\/\/artome.fi\/wp-content\/uploads\/2022\/06\/Verona_office_2021_edited.jpg 1920w\" sizes=\"(max-width: 1024px) 100vw, 1024px\" \/>\t\t\t\t\t\t\t\t\t\t\t\t\t\t\t<\/div>\n\t\t\t\t<\/div>\n\t\t\t\t\t<\/div>\n\t\t<\/div>\n\t\t\t\t\t<\/div>\n\t\t<\/section>\n\t\t\t\t<\/div>","protected":false},"excerpt":{"rendered":"<p>Kokemuksia Verona Tyylikkyytt\u00e4 ja teknologiaa Helsingin syd\u00e4mess\u00e4, ihmisvilin\u00e4n ja kiskoilla kiit\u00e4vien raitiovaunujen keskell\u00e4 sijaitsee liikkeenjohdon konsultointitoimisto Verona. Heid\u00e4n tavoitteenaan on auttaa asiakkaita liiketoimintahaasteissa ja luoda kest\u00e4v\u00e4\u00e4 kasvua uudistavalla ja ihmisl\u00e4heisell\u00e4 otteella. Veronassa uudistukseen p\u00e4\u00e4siv\u00e4t jokin aika sitten my\u00f6s Bulevardin arvokiinteist\u00f6ss\u00e4 sijaitsevat toimistotilat. He halusivat remontoida sis\u00e4tilat uuteen uskoon ja p\u00e4ivitt\u00e4\u00e4 samalla my\u00f6s neuvotteluhuoneiden esitysteknologiaa. Toimiston [&hellip;]<\/p>\n","protected":false},"author":1,"featured_media":0,"parent":0,"menu_order":0,"comment_status":"closed","ping_status":"closed","template":"elementor_header_footer","meta":{"om_disable_all_campaigns":false,"_monsterinsights_skip_tracking":false,"_monsterinsights_sitenote_active":false,"_monsterinsights_sitenote_note":"","_monsterinsights_sitenote_category":0,"_uf_show_specific_survey":0,"_uf_disable_surveys":false,"footnotes":""},"class_list":["post-1082","page","type-page","status-publish","hentry"],"blocksy_meta":{"styles_descriptor":{"styles":{"desktop":"","tablet":"","mobile":""},"google_fonts":[],"version":6}},"aioseo_notices":[],"yoast_head":"<!-- This site is optimized with the Yoast SEO Premium plugin v23.2 (Yoast SEO v26.3) - https:\/\/yoast.com\/wordpress\/plugins\/seo\/ -->\n<title>Artome | Experiences - Verona<\/title>\n<meta name=\"description\" content=\"Customized style for unique space. Meets the needs without additional installations.Read more about why Verona international chose Artome M10\" \/>\n<meta name=\"robots\" content=\"index, follow, max-snippet:-1, max-image-preview:large, max-video-preview:-1\" \/>\n<link rel=\"canonical\" href=\"https:\/\/artome.fi\/it\/esperienze-veronesi-internazionali\/\" \/>\n<meta property=\"og:locale\" content=\"it_IT\" \/>\n<meta property=\"og:type\" content=\"article\" \/>\n<meta property=\"og:title\" content=\"Verona\" \/>\n<meta property=\"og:description\" content=\"Customized style for unique space. Meets the needs without additional installations.Read more about why Verona international chose Artome M10\" \/>\n<meta property=\"og:url\" content=\"https:\/\/artome.fi\/it\/esperienze-veronesi-internazionali\/\" \/>\n<meta property=\"og:site_name\" content=\"Artome\" \/>\n<meta property=\"article:modified_time\" content=\"2023-11-08T15:47:00+00:00\" \/>\n<meta property=\"og:image\" content=\"https:\/\/artome.fi\/wp-content\/uploads\/2022\/06\/Verona_office_2021_edited-1536x864.jpg\" \/>\n<meta name=\"twitter:card\" content=\"summary_large_image\" \/>\n<meta name=\"twitter:label1\" content=\"Tempo di lettura stimato\" \/>\n\t<meta name=\"twitter:data1\" content=\"2 minuti\" \/>\n<script type=\"application\/ld+json\" class=\"yoast-schema-graph\">{\"@context\":\"https:\/\/schema.org\",\"@graph\":[{\"@type\":\"WebPage\",\"@id\":\"https:\/\/artome.fi\/en\/experiences-verona-international\/\",\"url\":\"https:\/\/artome.fi\/en\/experiences-verona-international\/\",\"name\":\"Artome | Experiences - Verona\",\"isPartOf\":{\"@id\":\"https:\/\/artome.fi\/en\/#website\"},\"primaryImageOfPage\":{\"@id\":\"https:\/\/artome.fi\/en\/experiences-verona-international\/#primaryimage\"},\"image\":{\"@id\":\"https:\/\/artome.fi\/en\/experiences-verona-international\/#primaryimage\"},\"thumbnailUrl\":\"https:\/\/artome.fi\/wp-content\/uploads\/2022\/06\/Verona_office_2021_edited-1536x864.jpg\",\"datePublished\":\"2022-06-09T10:42:23+00:00\",\"dateModified\":\"2023-11-08T15:47:00+00:00\",\"description\":\"Customized style for unique space. Meets the needs without additional installations.Read more about why Verona international chose Artome M10\",\"breadcrumb\":{\"@id\":\"https:\/\/artome.fi\/en\/experiences-verona-international\/#breadcrumb\"},\"inLanguage\":\"it-IT\",\"potentialAction\":[{\"@type\":\"ReadAction\",\"target\":[\"https:\/\/artome.fi\/en\/experiences-verona-international\/\"]}]},{\"@type\":\"ImageObject\",\"inLanguage\":\"it-IT\",\"@id\":\"https:\/\/artome.fi\/en\/experiences-verona-international\/#primaryimage\",\"url\":\"https:\/\/artome.fi\/wp-content\/uploads\/2022\/06\/Verona_office_2021_edited-1536x864.jpg\",\"contentUrl\":\"https:\/\/artome.fi\/wp-content\/uploads\/2022\/06\/Verona_office_2021_edited-1536x864.jpg\"},{\"@type\":\"BreadcrumbList\",\"@id\":\"https:\/\/artome.fi\/en\/experiences-verona-international\/#breadcrumb\",\"itemListElement\":[{\"@type\":\"ListItem\",\"position\":1,\"name\":\"Etusivu\",\"item\":\"https:\/\/artome.fi\/en\/\"},{\"@type\":\"ListItem\",\"position\":2,\"name\":\"Verona\"}]},{\"@type\":\"WebSite\",\"@id\":\"https:\/\/artome.fi\/en\/#website\",\"url\":\"https:\/\/artome.fi\/en\/\",\"name\":\"Artome\",\"description\":\"Redesigning audiovisual with smart furniture\",\"publisher\":{\"@id\":\"https:\/\/artome.fi\/en\/#organization\"},\"potentialAction\":[{\"@type\":\"SearchAction\",\"target\":{\"@type\":\"EntryPoint\",\"urlTemplate\":\"https:\/\/artome.fi\/en\/?s={search_term_string}\"},\"query-input\":{\"@type\":\"PropertyValueSpecification\",\"valueRequired\":true,\"valueName\":\"search_term_string\"}}],\"inLanguage\":\"it-IT\"},{\"@type\":\"Organization\",\"@id\":\"https:\/\/artome.fi\/en\/#organization\",\"name\":\"Artome\",\"url\":\"https:\/\/artome.fi\/en\/\",\"logo\":{\"@type\":\"ImageObject\",\"inLanguage\":\"it-IT\",\"@id\":\"https:\/\/artome.fi\/en\/#\/schema\/logo\/image\/\",\"url\":\"https:\/\/artome.fi\/wp-content\/uploads\/2022\/02\/artome_logo_black.png\",\"contentUrl\":\"https:\/\/artome.fi\/wp-content\/uploads\/2022\/02\/artome_logo_black.png\",\"width\":1280,\"height\":496,\"caption\":\"Artome\"},\"image\":{\"@id\":\"https:\/\/artome.fi\/en\/#\/schema\/logo\/image\/\"}}]}<\/script>\n<!-- \/ Yoast SEO Premium plugin. -->","yoast_head_json":{"title":"Artome | Esperienze - Verona","description":"Stile personalizzato per spazi unici. Soddisfa le esigenze senza installazioni aggiuntive Leggi di pi\u00f9 sul perch\u00e9 Verona International ha scelto Artome M10","robots":{"index":"index","follow":"follow","max-snippet":"max-snippet:-1","max-image-preview":"max-image-preview:large","max-video-preview":"max-video-preview:-1"},"canonical":"https:\/\/artome.fi\/it\/esperienze-veronesi-internazionali\/","og_locale":"it_IT","og_type":"article","og_title":"Verona","og_description":"Customized style for unique space. Meets the needs without additional installations.Read more about why Verona international chose Artome M10","og_url":"https:\/\/artome.fi\/it\/esperienze-veronesi-internazionali\/","og_site_name":"Artome","article_modified_time":"2023-11-08T15:47:00+00:00","og_image":[{"url":"https:\/\/artome.fi\/wp-content\/uploads\/2022\/06\/Verona_office_2021_edited-1536x864.jpg","type":"","width":"","height":""}],"twitter_card":"summary_large_image","twitter_misc":{"Tempo di lettura stimato":"2 minuti"},"schema":{"@context":"https:\/\/schema.org","@graph":[{"@type":"WebPage","@id":"https:\/\/artome.fi\/en\/experiences-verona-international\/","url":"https:\/\/artome.fi\/en\/experiences-verona-international\/","name":"Artome | Esperienze - Verona","isPartOf":{"@id":"https:\/\/artome.fi\/en\/#website"},"primaryImageOfPage":{"@id":"https:\/\/artome.fi\/en\/experiences-verona-international\/#primaryimage"},"image":{"@id":"https:\/\/artome.fi\/en\/experiences-verona-international\/#primaryimage"},"thumbnailUrl":"https:\/\/artome.fi\/wp-content\/uploads\/2022\/06\/Verona_office_2021_edited-1536x864.jpg","datePublished":"2022-06-09T10:42:23+00:00","dateModified":"2023-11-08T15:47:00+00:00","description":"Stile personalizzato per spazi unici. Soddisfa le esigenze senza installazioni aggiuntive Leggi di pi\u00f9 sul perch\u00e9 Verona International ha scelto Artome M10","breadcrumb":{"@id":"https:\/\/artome.fi\/en\/experiences-verona-international\/#breadcrumb"},"inLanguage":"it-IT","potentialAction":[{"@type":"ReadAction","target":["https:\/\/artome.fi\/en\/experiences-verona-international\/"]}]},{"@type":"ImageObject","inLanguage":"it-IT","@id":"https:\/\/artome.fi\/en\/experiences-verona-international\/#primaryimage","url":"https:\/\/artome.fi\/wp-content\/uploads\/2022\/06\/Verona_office_2021_edited-1536x864.jpg","contentUrl":"https:\/\/artome.fi\/wp-content\/uploads\/2022\/06\/Verona_office_2021_edited-1536x864.jpg"},{"@type":"BreadcrumbList","@id":"https:\/\/artome.fi\/en\/experiences-verona-international\/#breadcrumb","itemListElement":[{"@type":"ListItem","position":1,"name":"Etusivu","item":"https:\/\/artome.fi\/en\/"},{"@type":"ListItem","position":2,"name":"Verona"}]},{"@type":"WebSite","@id":"https:\/\/artome.fi\/en\/#website","url":"https:\/\/artome.fi\/en\/","name":"Artome","description":"Riprogettare l&#039;audiovisivo con mobili intelligenti","publisher":{"@id":"https:\/\/artome.fi\/en\/#organization"},"potentialAction":[{"@type":"SearchAction","target":{"@type":"EntryPoint","urlTemplate":"https:\/\/artome.fi\/en\/?s={search_term_string}"},"query-input":{"@type":"PropertyValueSpecification","valueRequired":true,"valueName":"search_term_string"}}],"inLanguage":"it-IT"},{"@type":"Organization","@id":"https:\/\/artome.fi\/en\/#organization","name":"Artome","url":"https:\/\/artome.fi\/en\/","logo":{"@type":"ImageObject","inLanguage":"it-IT","@id":"https:\/\/artome.fi\/en\/#\/schema\/logo\/image\/","url":"https:\/\/artome.fi\/wp-content\/uploads\/2022\/02\/artome_logo_black.png","contentUrl":"https:\/\/artome.fi\/wp-content\/uploads\/2022\/02\/artome_logo_black.png","width":1280,"height":496,"caption":"Artome"},"image":{"@id":"https:\/\/artome.fi\/en\/#\/schema\/logo\/image\/"}}]}},"_links":{"self":[{"href":"https:\/\/artome.fi\/it\/wp-json\/wp\/v2\/pages\/1082","targetHints":{"allow":["GET"]}}],"collection":[{"href":"https:\/\/artome.fi\/it\/wp-json\/wp\/v2\/pages"}],"about":[{"href":"https:\/\/artome.fi\/it\/wp-json\/wp\/v2\/types\/page"}],"author":[{"embeddable":true,"href":"https:\/\/artome.fi\/it\/wp-json\/wp\/v2\/users\/1"}],"replies":[{"embeddable":true,"href":"https:\/\/artome.fi\/it\/wp-json\/wp\/v2\/comments?post=1082"}],"version-history":[{"count":34,"href":"https:\/\/artome.fi\/it\/wp-json\/wp\/v2\/pages\/1082\/revisions"}],"predecessor-version":[{"id":6603,"href":"https:\/\/artome.fi\/it\/wp-json\/wp\/v2\/pages\/1082\/revisions\/6603"}],"wp:attachment":[{"href":"https:\/\/artome.fi\/it\/wp-json\/wp\/v2\/media?parent=1082"}],"curies":[{"name":"parola chiave","href":"https:\/\/api.w.org\/{rel}","templated":true}]}}