{"id":1903,"date":"2022-08-08T16:23:13","date_gmt":"2022-08-08T16:23:13","guid":{"rendered":"https:\/\/artome.fi\/?page_id=1903"},"modified":"2022-11-28T13:33:21","modified_gmt":"2022-11-28T13:33:21","slug":"careers","status":"publish","type":"page","link":"https:\/\/artome.fi\/it\/carriere\/","title":{"rendered":"Sviluppatore di soluzioni mobili per il reclutamento"},"content":{"rendered":"<div data-elementor-type=\"wp-page\" data-elementor-id=\"1903\" class=\"elementor elementor-1903\" data-elementor-post-type=\"page\">\n\t\t\t\t\t\t<section class=\"elementor-section elementor-top-section elementor-element elementor-element-1249c2a ct-section-stretched elementor-section-height-min-height elementor-section-full_width elementor-section-items-bottom elementor-section-height-default\" data-id=\"1249c2a\" data-element_type=\"section\" data-settings=\"{&quot;background_background&quot;:&quot;classic&quot;}\">\n\t\t\t\t\t\t\t<div class=\"elementor-background-overlay\"><\/div>\n\t\t\t\t\t\t\t<div class=\"elementor-container elementor-column-gap-no\">\n\t\t\t\t\t<div class=\"elementor-column elementor-col-100 elementor-top-column elementor-element elementor-element-6eb7333b\" data-id=\"6eb7333b\" data-element_type=\"column\">\n\t\t\t<div class=\"elementor-widget-wrap elementor-element-populated\">\n\t\t\t\t\t\t<div class=\"elementor-element elementor-element-3a2f7d33 elementor-widget elementor-widget-heading\" data-id=\"3a2f7d33\" data-element_type=\"widget\" data-widget_type=\"heading.default\">\n\t\t\t\t<div class=\"elementor-widget-container\">\n\t\t\t\t\t<h1 class=\"elementor-heading-title elementor-size-default\">Carriere<\/h1>\t\t\t\t<\/div>\n\t\t\t\t<\/div>\n\t\t\t\t\t<\/div>\n\t\t<\/div>\n\t\t\t\t\t<\/div>\n\t\t<\/section>\n\t\t\t\t<section class=\"elementor-section elementor-top-section elementor-element elementor-element-0cbaf5f elementor-section-boxed elementor-section-height-default elementor-section-height-default\" data-id=\"0cbaf5f\" data-element_type=\"section\">\n\t\t\t\t\t\t<div class=\"elementor-container elementor-column-gap-default\">\n\t\t\t\t\t<div class=\"elementor-column elementor-col-100 elementor-top-column elementor-element elementor-element-cd792a4\" data-id=\"cd792a4\" data-element_type=\"column\">\n\t\t\t<div class=\"elementor-widget-wrap elementor-element-populated\">\n\t\t\t\t\t\t<div class=\"elementor-element elementor-element-d9c91ad elementor-widget elementor-widget-heading\" data-id=\"d9c91ad\" data-element_type=\"widget\" data-widget_type=\"heading.default\">\n\t\t\t\t<div class=\"elementor-widget-container\">\n\t\t\t\t\t<h2 class=\"elementor-heading-title elementor-size-default\">Facilit\u00e0, pensiero globale, abilitazione e anarchia moderna<\/h2>\t\t\t\t<\/div>\n\t\t\t\t<\/div>\n\t\t\t\t<div class=\"elementor-element elementor-element-b3ce9ba elementor-widget elementor-widget-text-editor\" data-id=\"b3ce9ba\" data-element_type=\"widget\" data-widget_type=\"text-editor.default\">\n\t\t\t\t<div class=\"elementor-widget-container\">\n\t\t\t\t\t\t\t\t\t<p><span style=\"text-align: start;\">L&#039;ideologia di una tecnologia di presentazione adattabile e senza installazione \u00e8 stata, ed \u00e8 tuttora, il fondamento dell&#039;azienda. Oggi Artome offre mobili intelligenti portatili plug-and-play per presentazioni, apprendimento e molto altro. L&#039;obiettivo di Artome \u00e8 progettare e costruire tecnologia audiovisiva in modo sostenibile e realizzare prodotti che offrano flessibilit\u00e0 e facilit\u00e0 agli utenti senza dimenticare il lato estetico.<\/span><\/p>\t\t\t\t\t\t\t\t<\/div>\n\t\t\t\t<\/div>\n\t\t\t\t\t<\/div>\n\t\t<\/div>\n\t\t\t\t\t<\/div>\n\t\t<\/section>\n\t\t\t\t<section class=\"elementor-section elementor-top-section elementor-element elementor-element-ab5f4bf elementor-section-boxed elementor-section-height-default elementor-section-height-default\" data-id=\"ab5f4bf\" data-element_type=\"section\">\n\t\t\t\t\t\t<div class=\"elementor-container elementor-column-gap-default\">\n\t\t\t\t\t<div class=\"elementor-column elementor-col-100 elementor-top-column elementor-element elementor-element-23f923a\" data-id=\"23f923a\" data-element_type=\"column\">\n\t\t\t<div class=\"elementor-widget-wrap elementor-element-populated\">\n\t\t\t\t\t\t<div class=\"elementor-element elementor-element-04ade56 elementor-widget elementor-widget-spacer\" data-id=\"04ade56\" data-element_type=\"widget\" data-widget_type=\"spacer.default\">\n\t\t\t\t<div class=\"elementor-widget-container\">\n\t\t\t\t\t\t\t<div class=\"elementor-spacer\">\n\t\t\t<div class=\"elementor-spacer-inner\"><\/div>\n\t\t<\/div>\n\t\t\t\t\t\t<\/div>\n\t\t\t\t<\/div>\n\t\t\t\t\t<\/div>\n\t\t<\/div>\n\t\t\t\t\t<\/div>\n\t\t<\/section>\n\t\t\t\t<section class=\"elementor-section elementor-top-section elementor-element elementor-element-3a4b8a58 ct-section-stretched elementor-section-boxed elementor-section-height-default elementor-section-height-default\" data-id=\"3a4b8a58\" data-element_type=\"section\">\n\t\t\t\t\t\t<div class=\"elementor-container elementor-column-gap-no\">\n\t\t\t\t\t<div class=\"elementor-column elementor-col-100 elementor-top-column elementor-element elementor-element-674ebe94\" data-id=\"674ebe94\" data-element_type=\"column\">\n\t\t\t<div class=\"elementor-widget-wrap elementor-element-populated\">\n\t\t\t\t\t\t<div class=\"elementor-element elementor-element-226c5bd elementor-widget elementor-widget-heading\" data-id=\"226c5bd\" data-element_type=\"widget\" data-widget_type=\"heading.default\">\n\t\t\t\t<div class=\"elementor-widget-container\">\n\t\t\t\t\t<h4 class=\"elementor-heading-title elementor-size-default\">Carriere aperte ad Artome<\/h4>\t\t\t\t<\/div>\n\t\t\t\t<\/div>\n\t\t\t\t<div class=\"elementor-element elementor-element-1649baa elementor-widget elementor-widget-accordion\" data-id=\"1649baa\" data-element_type=\"widget\" data-widget_type=\"accordion.default\">\n\t\t\t\t<div class=\"elementor-widget-container\">\n\t\t\t\t\t\t\t<div class=\"elementor-accordion\">\n\t\t\t\t\t\t\t<div class=\"elementor-accordion-item\">\n\t\t\t\t\t<div id=\"elementor-tab-title-2331\" class=\"elementor-tab-title\" data-tab=\"1\" role=\"button\" aria-controls=\"elementor-tab-content-2331\" aria-expanded=\"false\">\n\t\t\t\t\t\t\t\t\t\t\t\t\t<span class=\"elementor-accordion-icon elementor-accordion-icon-left\" aria-hidden=\"true\">\n\t\t\t\t\t\t\t\t\t\t\t\t\t\t\t<span class=\"elementor-accordion-icon-closed\"><i class=\"fas fa-plus\"><\/i><\/span>\n\t\t\t\t\t\t\t\t<span class=\"elementor-accordion-icon-opened\"><i class=\"fas fa-minus\"><\/i><\/span>\n\t\t\t\t\t\t\t\t\t\t\t\t\t\t<\/span>\n\t\t\t\t\t\t\t\t\t\t\t\t<a class=\"elementor-accordion-title\" tabindex=\"0\">Lascia un&#039;applicazione aperta<\/a>\n\t\t\t\t\t<\/div>\n\t\t\t\t\t<div id=\"elementor-tab-content-2331\" class=\"elementor-tab-content elementor-clearfix\" data-tab=\"1\" role=\"region\" aria-labelledby=\"elementor-tab-title-2331\"><h5 style=\"font-size: var(--fontSize); text-align: start; color: #101010; font-family: var( --e-global-typography-text-font-family ), Sans-serif; font-weight: var( --e-global-typography-text-font-weight ); font-style: normal; letter-spacing: normal; text-transform: none; text-decoration-thickness: initial; text-decoration-style: initial; text-decoration-color: initial; --fontweight: 700; --fontsize: 35px; --lineheight: 1.5;\">Sei interessato a prendere parte alla creazione di qualcosa di completamente nuovo, che sconvolger\u00e0 l&#039;intera industria audiovisiva?<\/h5><div>\u00a0<strong style=\"color: #101010; font-family: 'Nunito Sans', sans-serif; background-color: var(--palettecolor7); font-style: var(--fontStyle, inherit); letter-spacing: var(--letterSpacing); text-transform: var(--textTransform);\">Se la risposta \u00e8 s\u00ec, raccontaci qualcosa di te e che tipo di descrizione del lavoro troveresti interessante.<\/strong><span style=\"color: #101010; font-family: 'Nunito Sans', sans-serif; background-color: var(--palettecolor7); font-style: var(--fontStyle, inherit); font-weight: var(--fontWeight); letter-spacing: var(--letterSpacing); text-transform: var(--textTransform);\" data-ccp-props=\"{\">\u00a0<\/span><\/div><div><div><span style=\"background-color: var(--palettecolor7); color: var(--theme-text-color); font-family: var(--fontFamily); font-style: var(--fontStyle, inherit); font-weight: var(--fontWeight); letter-spacing: var(--letterSpacing); text-transform: var(--textTransform);\" data-contrast=\"none\">Invia la tua candidatura a <\/span><a style=\"background-color: var(--palettecolor7); font-family: var(--fontFamily); font-style: var(--fontStyle, inherit); font-weight: var(--fontWeight); letter-spacing: var(--letterSpacing); text-transform: var(--textTransform); transition: var(--transition);\" href=\"mailto:rekry@artome.fi\">rekry@artome.fi<\/a><span style=\"background-color: var(--palettecolor7); color: var(--theme-text-color); font-family: var(--fontFamily); font-style: var(--fontStyle, inherit); font-weight: var(--fontWeight); letter-spacing: var(--letterSpacing); text-transform: var(--textTransform);\" data-contrast=\"none\">.<br \/>E non dimenticare di ravvivare il tuo messaggio con un titolo accattivante per distinguerti dalla massa.\u00a0<\/span><\/div><\/div><\/div>\n\t\t\t\t<\/div>\n\t\t\t\t\t\t\t\t<\/div>\n\t\t\t\t\t\t<\/div>\n\t\t\t\t<\/div>\n\t\t\t\t\t<\/div>\n\t\t<\/div>\n\t\t\t\t\t<\/div>\n\t\t<\/section>\n\t\t\t\t<section class=\"elementor-section elementor-top-section elementor-element elementor-element-971d5ae elementor-section-boxed elementor-section-height-default elementor-section-height-default\" data-id=\"971d5ae\" data-element_type=\"section\">\n\t\t\t\t\t\t<div class=\"elementor-container elementor-column-gap-default\">\n\t\t\t\t\t<div class=\"elementor-column elementor-col-100 elementor-top-column elementor-element elementor-element-1086bcb\" data-id=\"1086bcb\" data-element_type=\"column\">\n\t\t\t<div class=\"elementor-widget-wrap elementor-element-populated\">\n\t\t\t\t\t\t<div class=\"elementor-element elementor-element-324da76 elementor-widget elementor-widget-spacer\" data-id=\"324da76\" data-element_type=\"widget\" data-widget_type=\"spacer.default\">\n\t\t\t\t<div class=\"elementor-widget-container\">\n\t\t\t\t\t\t\t<div class=\"elementor-spacer\">\n\t\t\t<div class=\"elementor-spacer-inner\"><\/div>\n\t\t<\/div>\n\t\t\t\t\t\t<\/div>\n\t\t\t\t<\/div>\n\t\t\t\t\t<\/div>\n\t\t<\/div>\n\t\t\t\t\t<\/div>\n\t\t<\/section>\n\t\t\t\t<section class=\"elementor-section elementor-top-section elementor-element elementor-element-4efaa2a elementor-section-boxed elementor-section-height-default elementor-section-height-default\" data-id=\"4efaa2a\" data-element_type=\"section\">\n\t\t\t\t\t\t\t<div class=\"elementor-background-overlay\"><\/div>\n\t\t\t\t\t\t\t<div class=\"elementor-container elementor-column-gap-default\">\n\t\t\t\t\t<div class=\"elementor-column elementor-col-50 elementor-top-column elementor-element elementor-element-a59a6d9\" data-id=\"a59a6d9\" data-element_type=\"column\">\n\t\t\t<div class=\"elementor-widget-wrap elementor-element-populated\">\n\t\t\t\t\t\t<div class=\"elementor-element elementor-element-62bbb95 elementor-widget elementor-widget-image\" data-id=\"62bbb95\" data-element_type=\"widget\" data-widget_type=\"image.default\">\n\t\t\t\t<div class=\"elementor-widget-container\">\n\t\t\t\t\t\t\t\t\t\t\t\t\t\t\t<img decoding=\"async\" src=\"https:\/\/artome.fi\/wp-content\/uploads\/elementor\/thumbs\/Artome-Random-2-pwcdi1tsce6es9x1j8910iyhlclwd9mku2uin04ld8.jpg\" title=\"Artome | Carriere\" alt=\"Immagine relativa allo staff di Artome.\" loading=\"lazy\" \/>\t\t\t\t\t\t\t\t\t\t\t\t\t\t\t<\/div>\n\t\t\t\t<\/div>\n\t\t\t\t\t<\/div>\n\t\t<\/div>\n\t\t\t\t<div class=\"elementor-column elementor-col-50 elementor-top-column elementor-element elementor-element-20d9279\" data-id=\"20d9279\" data-element_type=\"column\">\n\t\t\t<div class=\"elementor-widget-wrap elementor-element-populated\">\n\t\t\t\t\t\t<div class=\"elementor-element elementor-element-307c0e9 elementor-widget elementor-widget-text-editor\" data-id=\"307c0e9\" data-element_type=\"widget\" data-widget_type=\"text-editor.default\">\n\t\t\t\t<div class=\"elementor-widget-container\">\n\t\t\t\t\t\t\t\t\t<h1><b><span data-contrast=\"none\">Artome in breve<\/span><\/b><span data-ccp-props=\"{\">\u00a0<\/span><\/h1><p><span style=\"font-size: inherit; text-align: inherit; background-color: var(--palettecolor7); color: var(--theme-text-color); font-family: var(--fontFamily); font-style: var(--fontStyle, inherit); font-weight: var(--fontWeight); letter-spacing: var(--letterSpacing); text-transform: var(--textTransform);\" data-contrast=\"none\">Produttore di mobili intelligenti dalla Finlandia fondato nel 2016<\/span><span style=\"font-size: inherit; text-align: inherit; background-color: var(--palettecolor7); color: var(--theme-text-color); font-family: var(--fontFamily); font-style: var(--fontStyle, inherit); font-weight: var(--fontWeight); letter-spacing: var(--letterSpacing); text-transform: var(--textTransform);\" data-ccp-props=\"{\">\u00a0<\/span><br \/><span style=\"font-size: inherit; text-align: inherit; background-color: var(--palettecolor7); color: var(--theme-text-color); font-family: var(--fontFamily); font-style: var(--fontStyle, inherit); font-weight: var(--fontWeight); letter-spacing: var(--letterSpacing); text-transform: var(--textTransform);\" data-contrast=\"none\">Azienda in rapida crescita con oltre 15 dipendenti<\/span><span style=\"font-size: inherit; text-align: inherit; background-color: var(--palettecolor7); color: var(--theme-text-color); font-family: var(--fontFamily); font-style: var(--fontStyle, inherit); font-weight: var(--fontWeight); letter-spacing: var(--letterSpacing); text-transform: var(--textTransform);\" data-ccp-props=\"{\">\u00a0<\/span><br \/><span style=\"font-size: inherit; text-align: inherit; background-color: var(--palettecolor7); color: var(--theme-text-color); font-family: var(--fontFamily); font-style: var(--fontStyle, inherit); font-weight: var(--fontWeight); letter-spacing: var(--letterSpacing); text-transform: var(--textTransform);\" data-contrast=\"none\">Pioniere globale dell&#039;industria audiovisiva con attivit\u00e0 in oltre 30 paesi<\/span><span style=\"font-size: inherit; text-align: inherit; background-color: var(--palettecolor7); color: var(--theme-text-color); font-family: var(--fontFamily); font-style: var(--fontStyle, inherit); font-weight: var(--fontWeight); letter-spacing: var(--letterSpacing); text-transform: var(--textTransform);\" data-ccp-props=\"{\">\u00a0<\/span><br \/><span style=\"font-size: inherit; text-align: inherit; background-color: var(--palettecolor7); color: var(--theme-text-color); font-family: var(--fontFamily); font-style: var(--fontStyle, inherit); font-weight: var(--fontWeight); letter-spacing: var(--letterSpacing); text-transform: var(--textTransform);\" data-contrast=\"none\">Team di gestione e stakeholder forte ed esperto con esperienza nella creazione di nuovi mercati.<\/span><span style=\"font-size: inherit; text-align: inherit; background-color: var(--palettecolor7); color: var(--theme-text-color); font-family: var(--fontFamily); font-style: var(--fontStyle, inherit); font-weight: var(--fontWeight); letter-spacing: var(--letterSpacing); text-transform: var(--textTransform);\" data-ccp-props=\"{\">\u00a0<\/span><\/p>\t\t\t\t\t\t\t\t<\/div>\n\t\t\t\t<\/div>\n\t\t\t\t\t<\/div>\n\t\t<\/div>\n\t\t\t\t\t<\/div>\n\t\t<\/section>\n\t\t\t\t<section class=\"elementor-section elementor-top-section elementor-element elementor-element-438f102 elementor-section-boxed elementor-section-height-default elementor-section-height-default\" data-id=\"438f102\" data-element_type=\"section\">\n\t\t\t\t\t\t<div class=\"elementor-container elementor-column-gap-default\">\n\t\t\t\t\t<div class=\"elementor-column elementor-col-100 elementor-top-column elementor-element elementor-element-f81e3d0\" data-id=\"f81e3d0\" data-element_type=\"column\">\n\t\t\t<div class=\"elementor-widget-wrap elementor-element-populated\">\n\t\t\t\t\t\t<div class=\"elementor-element elementor-element-e371636 elementor-widget elementor-widget-spacer\" data-id=\"e371636\" data-element_type=\"widget\" data-widget_type=\"spacer.default\">\n\t\t\t\t<div class=\"elementor-widget-container\">\n\t\t\t\t\t\t\t<div class=\"elementor-spacer\">\n\t\t\t<div class=\"elementor-spacer-inner\"><\/div>\n\t\t<\/div>\n\t\t\t\t\t\t<\/div>\n\t\t\t\t<\/div>\n\t\t\t\t<div class=\"elementor-element elementor-element-43f0547 elementor-widget elementor-widget-image\" data-id=\"43f0547\" data-element_type=\"widget\" data-widget_type=\"image.default\">\n\t\t\t\t<div class=\"elementor-widget-container\">\n\t\t\t\t\t\t\t\t\t\t\t\t\t\t\t<img decoding=\"async\" width=\"300\" height=\"127\" src=\"https:\/\/artome.fi\/wp-content\/uploads\/2022\/05\/Artome_logo_black.svg\" class=\"attachment-medium size-medium wp-image-735\" alt=\"Logo Artome.\" \/>\t\t\t\t\t\t\t\t\t\t\t\t\t\t\t<\/div>\n\t\t\t\t<\/div>\n\t\t\t\t<div class=\"elementor-element elementor-element-e2b162b elementor-widget elementor-widget-spacer\" data-id=\"e2b162b\" data-element_type=\"widget\" data-widget_type=\"spacer.default\">\n\t\t\t\t<div class=\"elementor-widget-container\">\n\t\t\t\t\t\t\t<div class=\"elementor-spacer\">\n\t\t\t<div class=\"elementor-spacer-inner\"><\/div>\n\t\t<\/div>\n\t\t\t\t\t\t<\/div>\n\t\t\t\t<\/div>\n\t\t\t\t\t<\/div>\n\t\t<\/div>\n\t\t\t\t\t<\/div>\n\t\t<\/section>\n\t\t\t\t<\/div>","protected":false},"excerpt":{"rendered":"<p>Careers Ease, Global Thinking, Enabling and Modern Anarcy The ideology of an installation-free and adaptable presentation technology has been, and still is, the foundation of the company. Today Artome offers portable plug-and-play smart furniture for presenting, learning, and much more. The goal of Artome is to plan and build audio-visual technology in a sustainable way [&hellip;]<\/p>\n","protected":false},"author":1,"featured_media":0,"parent":0,"menu_order":0,"comment_status":"closed","ping_status":"closed","template":"elementor_header_footer","meta":{"om_disable_all_campaigns":false,"_monsterinsights_skip_tracking":false,"_monsterinsights_sitenote_active":false,"_monsterinsights_sitenote_note":"","_monsterinsights_sitenote_category":0,"_uf_show_specific_survey":0,"_uf_disable_surveys":false,"footnotes":""},"class_list":["post-1903","page","type-page","status-publish","hentry"],"blocksy_meta":{"styles_descriptor":{"styles":{"desktop":"","tablet":"","mobile":""},"google_fonts":[],"version":6}},"aioseo_notices":[],"yoast_head":"<!-- This site is optimized with the Yoast SEO Premium plugin v23.2 (Yoast SEO v26.3) - https:\/\/yoast.com\/wordpress\/plugins\/seo\/ -->\n<title>Artome | Careers<\/title>\n<meta name=\"description\" content=\"Are you interested in creating something completely new, that will disrupt the whole audiovisual industry? If the answer is yes, keep reading.\" \/>\n<meta name=\"robots\" content=\"index, follow, max-snippet:-1, max-image-preview:large, max-video-preview:-1\" \/>\n<link rel=\"canonical\" href=\"https:\/\/artome.fi\/it\/carriere\/\" \/>\n<meta property=\"og:locale\" content=\"it_IT\" \/>\n<meta property=\"og:type\" content=\"article\" \/>\n<meta property=\"og:title\" content=\"recruitment mobile solution developer\" \/>\n<meta property=\"og:description\" content=\"Are you interested in creating something completely new, that will disrupt the whole audiovisual industry? If the answer is yes, keep reading.\" \/>\n<meta property=\"og:url\" content=\"https:\/\/artome.fi\/it\/carriere\/\" \/>\n<meta property=\"og:site_name\" content=\"Artome\" \/>\n<meta property=\"article:modified_time\" content=\"2022-11-28T13:33:21+00:00\" \/>\n<meta property=\"og:image\" content=\"https:\/\/artome.fi\/wp-content\/uploads\/elementor\/thumbs\/Artome-Random-2-pwcdi1tsce6es9x1j8910iyhlclwd9mku2uin04ld8.jpg\" \/>\n<meta name=\"twitter:card\" content=\"summary_large_image\" \/>\n<meta name=\"twitter:label1\" content=\"Tempo di lettura stimato\" \/>\n\t<meta name=\"twitter:data1\" content=\"2 minuti\" \/>\n<script type=\"application\/ld+json\" class=\"yoast-schema-graph\">{\"@context\":\"https:\/\/schema.org\",\"@graph\":[{\"@type\":\"WebPage\",\"@id\":\"https:\/\/artome.fi\/fi\/careers\/\",\"url\":\"https:\/\/artome.fi\/fi\/careers\/\",\"name\":\"Artome | Careers\",\"isPartOf\":{\"@id\":\"https:\/\/artome.fi\/en\/#website\"},\"primaryImageOfPage\":{\"@id\":\"https:\/\/artome.fi\/fi\/careers\/#primaryimage\"},\"image\":{\"@id\":\"https:\/\/artome.fi\/fi\/careers\/#primaryimage\"},\"thumbnailUrl\":\"https:\/\/artome.fi\/wp-content\/uploads\/elementor\/thumbs\/Artome-Random-2-pwcdi1tsce6es9x1j8910iyhlclwd9mku2uin04ld8.jpg\",\"datePublished\":\"2022-08-08T16:23:13+00:00\",\"dateModified\":\"2022-11-28T13:33:21+00:00\",\"description\":\"Are you interested in creating something completely new, that will disrupt the whole audiovisual industry? If the answer is yes, keep reading.\",\"breadcrumb\":{\"@id\":\"https:\/\/artome.fi\/fi\/careers\/#breadcrumb\"},\"inLanguage\":\"it-IT\",\"potentialAction\":[{\"@type\":\"ReadAction\",\"target\":[\"https:\/\/artome.fi\/fi\/careers\/\"]}]},{\"@type\":\"ImageObject\",\"inLanguage\":\"it-IT\",\"@id\":\"https:\/\/artome.fi\/fi\/careers\/#primaryimage\",\"url\":\"https:\/\/artome.fi\/wp-content\/uploads\/elementor\/thumbs\/Artome-Random-2-pwcdi1tsce6es9x1j8910iyhlclwd9mku2uin04ld8.jpg\",\"contentUrl\":\"https:\/\/artome.fi\/wp-content\/uploads\/elementor\/thumbs\/Artome-Random-2-pwcdi1tsce6es9x1j8910iyhlclwd9mku2uin04ld8.jpg\"},{\"@type\":\"BreadcrumbList\",\"@id\":\"https:\/\/artome.fi\/fi\/careers\/#breadcrumb\",\"itemListElement\":[{\"@type\":\"ListItem\",\"position\":1,\"name\":\"Etusivu\",\"item\":\"https:\/\/artome.fi\/en\/\"},{\"@type\":\"ListItem\",\"position\":2,\"name\":\"recruitment mobile solution developer\"}]},{\"@type\":\"WebSite\",\"@id\":\"https:\/\/artome.fi\/en\/#website\",\"url\":\"https:\/\/artome.fi\/en\/\",\"name\":\"Artome\",\"description\":\"Redesigning audiovisual with smart furniture\",\"publisher\":{\"@id\":\"https:\/\/artome.fi\/en\/#organization\"},\"potentialAction\":[{\"@type\":\"SearchAction\",\"target\":{\"@type\":\"EntryPoint\",\"urlTemplate\":\"https:\/\/artome.fi\/en\/?s={search_term_string}\"},\"query-input\":{\"@type\":\"PropertyValueSpecification\",\"valueRequired\":true,\"valueName\":\"search_term_string\"}}],\"inLanguage\":\"it-IT\"},{\"@type\":\"Organization\",\"@id\":\"https:\/\/artome.fi\/en\/#organization\",\"name\":\"Artome\",\"url\":\"https:\/\/artome.fi\/en\/\",\"logo\":{\"@type\":\"ImageObject\",\"inLanguage\":\"it-IT\",\"@id\":\"https:\/\/artome.fi\/en\/#\/schema\/logo\/image\/\",\"url\":\"https:\/\/artome.fi\/wp-content\/uploads\/2022\/02\/artome_logo_black.png\",\"contentUrl\":\"https:\/\/artome.fi\/wp-content\/uploads\/2022\/02\/artome_logo_black.png\",\"width\":1280,\"height\":496,\"caption\":\"Artome\"},\"image\":{\"@id\":\"https:\/\/artome.fi\/en\/#\/schema\/logo\/image\/\"}}]}<\/script>\n<!-- \/ Yoast SEO Premium plugin. -->","yoast_head_json":{"title":"Artome | Carriere","description":"Sei interessato a creare qualcosa di completamente nuovo, che sconvolger\u00e0 l&#039;intera industria audiovisiva? Se la risposta \u00e8 s\u00ec, continua a leggere.","robots":{"index":"index","follow":"follow","max-snippet":"max-snippet:-1","max-image-preview":"max-image-preview:large","max-video-preview":"max-video-preview:-1"},"canonical":"https:\/\/artome.fi\/it\/carriere\/","og_locale":"it_IT","og_type":"article","og_title":"recruitment mobile solution developer","og_description":"Are you interested in creating something completely new, that will disrupt the whole audiovisual industry? If the answer is yes, keep reading.","og_url":"https:\/\/artome.fi\/it\/carriere\/","og_site_name":"Artome","article_modified_time":"2022-11-28T13:33:21+00:00","og_image":[{"url":"https:\/\/artome.fi\/wp-content\/uploads\/elementor\/thumbs\/Artome-Random-2-pwcdi1tsce6es9x1j8910iyhlclwd9mku2uin04ld8.jpg","type":"","width":"","height":""}],"twitter_card":"summary_large_image","twitter_misc":{"Tempo di lettura stimato":"2 minuti"},"schema":{"@context":"https:\/\/schema.org","@graph":[{"@type":"WebPage","@id":"https:\/\/artome.fi\/fi\/careers\/","url":"https:\/\/artome.fi\/fi\/careers\/","name":"Artome | Carriere","isPartOf":{"@id":"https:\/\/artome.fi\/en\/#website"},"primaryImageOfPage":{"@id":"https:\/\/artome.fi\/fi\/careers\/#primaryimage"},"image":{"@id":"https:\/\/artome.fi\/fi\/careers\/#primaryimage"},"thumbnailUrl":"https:\/\/artome.fi\/wp-content\/uploads\/elementor\/thumbs\/Artome-Random-2-pwcdi1tsce6es9x1j8910iyhlclwd9mku2uin04ld8.jpg","datePublished":"2022-08-08T16:23:13+00:00","dateModified":"2022-11-28T13:33:21+00:00","description":"Sei interessato a creare qualcosa di completamente nuovo, che sconvolger\u00e0 l&#039;intera industria audiovisiva? Se la risposta \u00e8 s\u00ec, continua a leggere.","breadcrumb":{"@id":"https:\/\/artome.fi\/fi\/careers\/#breadcrumb"},"inLanguage":"it-IT","potentialAction":[{"@type":"ReadAction","target":["https:\/\/artome.fi\/fi\/careers\/"]}]},{"@type":"ImageObject","inLanguage":"it-IT","@id":"https:\/\/artome.fi\/fi\/careers\/#primaryimage","url":"https:\/\/artome.fi\/wp-content\/uploads\/elementor\/thumbs\/Artome-Random-2-pwcdi1tsce6es9x1j8910iyhlclwd9mku2uin04ld8.jpg","contentUrl":"https:\/\/artome.fi\/wp-content\/uploads\/elementor\/thumbs\/Artome-Random-2-pwcdi1tsce6es9x1j8910iyhlclwd9mku2uin04ld8.jpg"},{"@type":"BreadcrumbList","@id":"https:\/\/artome.fi\/fi\/careers\/#breadcrumb","itemListElement":[{"@type":"ListItem","position":1,"name":"Etusivu","item":"https:\/\/artome.fi\/en\/"},{"@type":"ListItem","position":2,"name":"recruitment mobile solution developer"}]},{"@type":"WebSite","@id":"https:\/\/artome.fi\/en\/#website","url":"https:\/\/artome.fi\/en\/","name":"Artome","description":"Riprogettare l&#039;audiovisivo con mobili intelligenti","publisher":{"@id":"https:\/\/artome.fi\/en\/#organization"},"potentialAction":[{"@type":"SearchAction","target":{"@type":"EntryPoint","urlTemplate":"https:\/\/artome.fi\/en\/?s={search_term_string}"},"query-input":{"@type":"PropertyValueSpecification","valueRequired":true,"valueName":"search_term_string"}}],"inLanguage":"it-IT"},{"@type":"Organization","@id":"https:\/\/artome.fi\/en\/#organization","name":"Artome","url":"https:\/\/artome.fi\/en\/","logo":{"@type":"ImageObject","inLanguage":"it-IT","@id":"https:\/\/artome.fi\/en\/#\/schema\/logo\/image\/","url":"https:\/\/artome.fi\/wp-content\/uploads\/2022\/02\/artome_logo_black.png","contentUrl":"https:\/\/artome.fi\/wp-content\/uploads\/2022\/02\/artome_logo_black.png","width":1280,"height":496,"caption":"Artome"},"image":{"@id":"https:\/\/artome.fi\/en\/#\/schema\/logo\/image\/"}}]}},"_links":{"self":[{"href":"https:\/\/artome.fi\/it\/wp-json\/wp\/v2\/pages\/1903","targetHints":{"allow":["GET"]}}],"collection":[{"href":"https:\/\/artome.fi\/it\/wp-json\/wp\/v2\/pages"}],"about":[{"href":"https:\/\/artome.fi\/it\/wp-json\/wp\/v2\/types\/page"}],"author":[{"embeddable":true,"href":"https:\/\/artome.fi\/it\/wp-json\/wp\/v2\/users\/1"}],"replies":[{"embeddable":true,"href":"https:\/\/artome.fi\/it\/wp-json\/wp\/v2\/comments?post=1903"}],"version-history":[{"count":36,"href":"https:\/\/artome.fi\/it\/wp-json\/wp\/v2\/pages\/1903\/revisions"}],"predecessor-version":[{"id":3249,"href":"https:\/\/artome.fi\/it\/wp-json\/wp\/v2\/pages\/1903\/revisions\/3249"}],"wp:attachment":[{"href":"https:\/\/artome.fi\/it\/wp-json\/wp\/v2\/media?parent=1903"}],"curies":[{"name":"parola chiave","href":"https:\/\/api.w.org\/{rel}","templated":true}]}}