{"id":809,"date":"2022-06-07T14:11:59","date_gmt":"2022-06-07T14:11:59","guid":{"rendered":"https:\/\/artome.fi\/?page_id=809"},"modified":"2022-12-07T12:42:35","modified_gmt":"2022-12-07T12:42:35","slug":"experiences-helsinki-education-hub","status":"publish","type":"page","link":"https:\/\/artome.fi\/it\/sperimenta-il-centro-educativo-di-helsinki\/","title":{"rendered":"Polo educativo di Helsinki"},"content":{"rendered":"<div data-elementor-type=\"wp-page\" data-elementor-id=\"809\" class=\"elementor elementor-809\" data-elementor-post-type=\"page\">\n\t\t\t\t\t\t<section class=\"elementor-section elementor-top-section elementor-element elementor-element-c739d92 elementor-section-boxed elementor-section-height-default elementor-section-height-default\" data-id=\"c739d92\" data-element_type=\"section\">\n\t\t\t\t\t\t<div class=\"elementor-container elementor-column-gap-default\">\n\t\t\t\t\t<div class=\"elementor-column elementor-col-100 elementor-top-column elementor-element elementor-element-14d6cfd\" data-id=\"14d6cfd\" data-element_type=\"column\">\n\t\t\t<div class=\"elementor-widget-wrap elementor-element-populated\">\n\t\t\t\t\t\t<div class=\"elementor-element elementor-element-2e48777 elementor-mobile-align-center elementor-widget elementor-widget-button\" data-id=\"2e48777\" data-element_type=\"widget\" data-widget_type=\"button.default\">\n\t\t\t\t<div class=\"elementor-widget-container\">\n\t\t\t\t\t\t\t\t\t<div class=\"elementor-button-wrapper\">\n\t\t\t\t\t<a class=\"elementor-button elementor-button-link elementor-size-sm\" href=\"https:\/\/artome.fi\/it\/esperienze\/\">\n\t\t\t\t\t\t<span class=\"elementor-button-content-wrapper\">\n\t\t\t\t\t\t\t\t\t<span class=\"elementor-button-text\">Esperienze<\/span>\n\t\t\t\t\t<\/span>\n\t\t\t\t\t<\/a>\n\t\t\t\t<\/div>\n\t\t\t\t\t\t\t\t<\/div>\n\t\t\t\t<\/div>\n\t\t\t\t<div class=\"elementor-element elementor-element-0a5a0db elementor-widget elementor-widget-heading\" data-id=\"0a5a0db\" data-element_type=\"widget\" data-widget_type=\"heading.default\">\n\t\t\t\t<div class=\"elementor-widget-container\">\n\t\t\t\t\t<h2 class=\"elementor-heading-title elementor-size-xl\">Polo educativo di Helsinki<\/h2>\t\t\t\t<\/div>\n\t\t\t\t<\/div>\n\t\t\t\t\t<\/div>\n\t\t<\/div>\n\t\t\t\t\t<\/div>\n\t\t<\/section>\n\t\t\t\t<section class=\"elementor-section elementor-top-section elementor-element elementor-element-62a2ff9 elementor-section-boxed elementor-section-height-default elementor-section-height-default\" data-id=\"62a2ff9\" data-element_type=\"section\">\n\t\t\t\t\t\t<div class=\"elementor-container elementor-column-gap-default\">\n\t\t\t\t\t<div class=\"elementor-column elementor-col-100 elementor-top-column elementor-element elementor-element-26a8da6\" data-id=\"26a8da6\" data-element_type=\"column\">\n\t\t\t<div class=\"elementor-widget-wrap elementor-element-populated\">\n\t\t\t\t\t\t<div class=\"elementor-element elementor-element-ed4df35 elementor-widget elementor-widget-image\" data-id=\"ed4df35\" data-element_type=\"widget\" data-widget_type=\"image.default\">\n\t\t\t\t<div class=\"elementor-widget-container\">\n\t\t\t\t\t\t\t\t\t\t\t\t\t\t\t<img fetchpriority=\"high\" decoding=\"async\" width=\"1536\" height=\"1084\" src=\"https:\/\/artome.fi\/wp-content\/uploads\/2022\/06\/artome_M10_refe3-kopio-1536x1084.jpg\" class=\"attachment-1536x1536 size-1536x1536 wp-image-781\" alt=\"Artome M10 in uso nell&#039;Helsinki Education Hub.\" srcset=\"https:\/\/artome.fi\/wp-content\/uploads\/2022\/06\/artome_M10_refe3-kopio-1536x1084.jpg 1536w, https:\/\/artome.fi\/wp-content\/uploads\/2022\/06\/artome_M10_refe3-kopio-300x212.jpg 300w, https:\/\/artome.fi\/wp-content\/uploads\/2022\/06\/artome_M10_refe3-kopio-1024x722.jpg 1024w, https:\/\/artome.fi\/wp-content\/uploads\/2022\/06\/artome_M10_refe3-kopio-768x542.jpg 768w, https:\/\/artome.fi\/wp-content\/uploads\/2022\/06\/artome_M10_refe3-kopio-2048x1445.jpg 2048w, https:\/\/artome.fi\/wp-content\/uploads\/2022\/06\/artome_M10_refe3-kopio-18x12.jpg 18w\" sizes=\"(max-width: 1536px) 100vw, 1536px\" \/>\t\t\t\t\t\t\t\t\t\t\t\t\t\t\t<\/div>\n\t\t\t\t<\/div>\n\t\t\t\t<div class=\"elementor-element elementor-element-89f0c3c elementor-widget-mobile__width-inherit elementor-widget elementor-widget-heading\" data-id=\"89f0c3c\" data-element_type=\"widget\" data-widget_type=\"heading.default\">\n\t\t\t\t<div class=\"elementor-widget-container\">\n\t\t\t\t\t<h2 class=\"elementor-heading-title elementor-size-default\">Imparare senza confini<\/h2>\t\t\t\t<\/div>\n\t\t\t\t<\/div>\n\t\t\t\t<div class=\"elementor-element elementor-element-39154e6 elementor-widget elementor-widget-text-editor\" data-id=\"39154e6\" data-element_type=\"widget\" data-widget_type=\"text-editor.default\">\n\t\t\t\t<div class=\"elementor-widget-container\">\n\t\t\t\t\t\t\t\t\t<p><span style=\"color: #4b4b4b; font-family: montserrat, Helvetica, Arial, sans-serif; font-size: 18px; background-color: #ffffff;\">Un\u2019esperienza di apprendimento di alta qualit\u00e0 sarebbe impossibile se sia il tuo insegnante che i tuoi compagni di classe fossero dall\u2019altra parte del globo? Noi di Artome diremmo di no, e per fortuna abbiamo trovato anche altri pionieri innovativi come noi che portano avanti con noi la buona notizia della didattica ibrida. L&#039;Helsinki Education Hub \u00e8 uno di questi pionieri che danno l&#039;esempio di come esperienze di apprendimento autentiche e discussioni interattive possano essere implementate nella vita di tutti i giorni, anche da Helsinki a Pechino<\/span><\/p>\t\t\t\t\t\t\t\t<\/div>\n\t\t\t\t<\/div>\n\t\t\t\t<div class=\"elementor-element elementor-element-2e25157 elementor-blockquote--skin-quotation elementor-blockquote--align-center elementor-widget elementor-widget-blockquote\" data-id=\"2e25157\" data-element_type=\"widget\" data-widget_type=\"blockquote.default\">\n\t\t\t\t<div class=\"elementor-widget-container\">\n\t\t\t\t\t\t\t<blockquote class=\"elementor-blockquote\">\n\t\t\t<p class=\"elementor-blockquote__content\">\n\t\t\t\tQuanto spesso utilizziamo Artome M10? Ogni giorno! \u00c8 davvero intelligente organizzare riunioni ibride e non \u00e8 affatto difficile da usare. Abbiamo organizzato una scuola temporanea qui nella nostra sede in occasione della Beijing Design Week nel settembre 2021 e, naturalmente, gli insegnanti delle classi ospiti sono venuti a conoscere la tecnologia spaziale con largo anticipo, prima che venissero stabilite le connessioni remote con il mondo . Sono rimasti positivamente sorpresi anche dalla facilit\u00e0 con cui \u00e8 stato possibile utilizzare l&#039;Artome M10 sul proprio computer tramite la connessione HDMI. E poi abbiamo gi\u00e0 stabilito collegamenti con Pechino<br>\t\t\t<\/p>\n\t\t\t\t\t\t\t<div class=\"e-q-footer\">\n\t\t\t\t\t\t\t\t\t\t\t<cite class=\"elementor-blockquote__author\">Ulla Hemminki-Reijonen, community manager dell&#039;Helsinki Education Hub<\/cite>\n\t\t\t\t\t\t\t\t\t\t\t\t\t\t<\/div>\n\t\t\t\t\t<\/blockquote>\n\t\t\t\t\t\t<\/div>\n\t\t\t\t<\/div>\n\t\t\t\t<div class=\"elementor-element elementor-element-98a20e5 elementor-widget elementor-widget-image\" data-id=\"98a20e5\" data-element_type=\"widget\" data-widget_type=\"image.default\">\n\t\t\t\t<div class=\"elementor-widget-container\">\n\t\t\t\t\t\t\t\t\t\t\t\t\t\t\t<img decoding=\"async\" width=\"1536\" height=\"1024\" src=\"https:\/\/artome.fi\/wp-content\/uploads\/2022\/12\/Edu-Hub-web-1536x1024.jpg\" class=\"attachment-1536x1536 size-1536x1536 wp-image-3510\" alt=\"Soluzione audiovisiva senza installazione, Artome M10, presso l&#039;Helsinki Education Hub\" srcset=\"https:\/\/artome.fi\/wp-content\/uploads\/2022\/12\/Edu-Hub-web-1536x1024.jpg 1536w, https:\/\/artome.fi\/wp-content\/uploads\/2022\/12\/Edu-Hub-web-300x200.jpg 300w, https:\/\/artome.fi\/wp-content\/uploads\/2022\/12\/Edu-Hub-web-1024x683.jpg 1024w, https:\/\/artome.fi\/wp-content\/uploads\/2022\/12\/Edu-Hub-web-768x512.jpg 768w, https:\/\/artome.fi\/wp-content\/uploads\/2022\/12\/Edu-Hub-web-2048x1366.jpg 2048w, https:\/\/artome.fi\/wp-content\/uploads\/2022\/12\/Edu-Hub-web-18x12.jpg 18w\" sizes=\"(max-width: 1536px) 100vw, 1536px\" \/>\t\t\t\t\t\t\t\t\t\t\t\t\t\t\t<\/div>\n\t\t\t\t<\/div>\n\t\t\t\t<div class=\"elementor-element elementor-element-a204446 elementor-widget elementor-widget-text-editor\" data-id=\"a204446\" data-element_type=\"widget\" data-widget_type=\"text-editor.default\">\n\t\t\t\t<div class=\"elementor-widget-container\">\n\t\t\t\t\t\t\t\t\t<p><span style=\"color: #4b4b4b; font-family: montserrat, Helvetica, Arial, sans-serif; font-size: 18px; background-color: #ffffff;\">La connessione remota facile da usare offerta da Artome M10 \u00e8 stata apprezzata anche dagli studenti di una scuola media di Helsinki, quando hanno potuto incontrare virtualmente altri studenti della scuola dell&#039;amicizia di Pechino. I saluti dell&#039;Artome M10 da entrambi i lati sono stati ricevuti in tempo reale con l&#039;aiuto della fotocamera integrata e del microfono wireless. Quindi l\u2019esperienza di apprendimento del futuro \u00e8 gi\u00e0 reale.<\/span><\/p><p><span style=\"color: #4b4b4b; font-family: montserrat, Helvetica, Arial, sans-serif; font-size: 18px; background-color: #ffffff;\">Nel corso dell\u2019ultimo decennio, il modo di condividere e ricevere informazioni ha subito importanti cambiamenti. Grazie agli smartphone siamo sempre a pochi tocchi da nuove informazioni. Ci\u00f2 pone anche nuove esigenze alle scuole. La condivisione unilaterale della conoscenza esistente non \u00e8 pi\u00f9 sufficiente, ma \u00e8 necessario essere in grado di innovare nuovi modi per riunire le persone per apprendere e consentire una conversazione di apprendimento tra tutte le parti in tutto il mondo. Per questo motivo anche le soluzioni di comunicazione devono essere pi\u00f9 agili.<\/span><\/p>\t\t\t\t\t\t\t\t<\/div>\n\t\t\t\t<\/div>\n\t\t\t\t<div class=\"elementor-element elementor-element-6e08e02 elementor-blockquote--skin-quotation elementor-blockquote--align-center elementor-widget elementor-widget-blockquote\" data-id=\"6e08e02\" data-element_type=\"widget\" data-widget_type=\"blockquote.default\">\n\t\t\t\t<div class=\"elementor-widget-container\">\n\t\t\t\t\t\t\t<blockquote class=\"elementor-blockquote\">\n\t\t\t<p class=\"elementor-blockquote__content\">\n\t\t\t\tDisponiamo anche di un touch screen pi\u00f9 grande nella nostra sede e recentemente ci siamo resi conto che possiamo collegare il touch screen Artome M10, che rende possibile il mirroring dei suoi contenuti anche nelle riunioni remote. In realt\u00e0 quasi tutti gli spettacoli sono possibili, l&#039;unico limite \u00e8 la tua immaginazione.\t\t\t<\/p>\n\t\t\t\t\t<\/blockquote>\n\t\t\t\t\t\t<\/div>\n\t\t\t\t<\/div>\n\t\t\t\t\t<\/div>\n\t\t<\/div>\n\t\t\t\t\t<\/div>\n\t\t<\/section>\n\t\t\t\t<\/div>","protected":false},"excerpt":{"rendered":"<p>Kokemuksia Helsinki Education Hub Oppimista ilman rajoja Olisiko laadukas oppimiskokemus mahdotonta toteuttaa, jos sek\u00e4 opettajasi ett\u00e4 koulutoverisi olisivatkin toisella puolella maapalloa? Me Artomella sanoisimme, ett\u00e4 ei ja onneksi olemme l\u00f6yt\u00e4neet my\u00f6s muita kaltaisiamme innovatiivisia edell\u00e4k\u00e4vij\u00f6it\u00e4 viem\u00e4\u00e4n kanssamme hybridiopettamisen ilosanomaa eteenp\u00e4in. Helsinki Education Hub on yksi n\u00e4ist\u00e4 pioneereista, jotka n\u00e4ytt\u00e4v\u00e4t esimerkki\u00e4, miten aitoja oppimiskokemuksia ja vuorovaikutteista [&hellip;]<\/p>\n","protected":false},"author":1,"featured_media":0,"parent":0,"menu_order":0,"comment_status":"closed","ping_status":"closed","template":"elementor_header_footer","meta":{"om_disable_all_campaigns":false,"_monsterinsights_skip_tracking":false,"_monsterinsights_sitenote_active":false,"_monsterinsights_sitenote_note":"","_monsterinsights_sitenote_category":0,"_uf_show_specific_survey":0,"_uf_disable_surveys":false,"footnotes":""},"class_list":["post-809","page","type-page","status-publish","hentry"],"blocksy_meta":{"styles_descriptor":{"styles":{"desktop":"","tablet":"","mobile":""},"google_fonts":[],"version":6}},"aioseo_notices":[],"yoast_head":"<!-- This site is optimized with the Yoast SEO Premium plugin v23.2 (Yoast SEO v26.3) - https:\/\/yoast.com\/wordpress\/plugins\/seo\/ -->\n<title>Artome | Experiences - Helsinki Education Hub<\/title>\n<meta name=\"description\" content=\"Helsinki Education Hub x Artome. Learning without borders. Read more about why Helsinki Education Hub chose Artome M10.\" \/>\n<meta name=\"robots\" content=\"index, follow, max-snippet:-1, max-image-preview:large, max-video-preview:-1\" \/>\n<link rel=\"canonical\" href=\"https:\/\/artome.fi\/it\/sperimenta-il-centro-educativo-di-helsinki\/\" \/>\n<meta property=\"og:locale\" content=\"it_IT\" \/>\n<meta property=\"og:type\" content=\"article\" \/>\n<meta property=\"og:title\" content=\"Helsinki Education Hub\" \/>\n<meta property=\"og:description\" content=\"Helsinki Education Hub x Artome. Learning without borders. Read more about why Helsinki Education Hub chose Artome M10.\" \/>\n<meta property=\"og:url\" content=\"https:\/\/artome.fi\/it\/sperimenta-il-centro-educativo-di-helsinki\/\" \/>\n<meta property=\"og:site_name\" content=\"Artome\" \/>\n<meta property=\"article:modified_time\" content=\"2022-12-07T12:42:35+00:00\" \/>\n<meta property=\"og:image\" content=\"https:\/\/artome.fi\/wp-content\/uploads\/2022\/06\/artome_M10_refe3-kopio-1536x1084.jpg\" \/>\n<meta name=\"twitter:card\" content=\"summary_large_image\" \/>\n<meta name=\"twitter:label1\" content=\"Tempo di lettura stimato\" \/>\n\t<meta name=\"twitter:data1\" content=\"3 minuti\" \/>\n<script type=\"application\/ld+json\" class=\"yoast-schema-graph\">{\"@context\":\"https:\/\/schema.org\",\"@graph\":[{\"@type\":\"WebPage\",\"@id\":\"https:\/\/artome.fi\/es\/experiencias-centro-educativo-helsinki\/\",\"url\":\"https:\/\/artome.fi\/es\/experiencias-centro-educativo-helsinki\/\",\"name\":\"Artome | Experiences - Helsinki Education Hub\",\"isPartOf\":{\"@id\":\"https:\/\/artome.fi\/en\/#website\"},\"primaryImageOfPage\":{\"@id\":\"https:\/\/artome.fi\/es\/experiencias-centro-educativo-helsinki\/#primaryimage\"},\"image\":{\"@id\":\"https:\/\/artome.fi\/es\/experiencias-centro-educativo-helsinki\/#primaryimage\"},\"thumbnailUrl\":\"https:\/\/artome.fi\/wp-content\/uploads\/2022\/06\/artome_M10_refe3-kopio-1536x1084.jpg\",\"datePublished\":\"2022-06-07T14:11:59+00:00\",\"dateModified\":\"2022-12-07T12:42:35+00:00\",\"description\":\"Helsinki Education Hub x Artome. Learning without borders. Read more about why Helsinki Education Hub chose Artome M10.\",\"breadcrumb\":{\"@id\":\"https:\/\/artome.fi\/es\/experiencias-centro-educativo-helsinki\/#breadcrumb\"},\"inLanguage\":\"it-IT\",\"potentialAction\":[{\"@type\":\"ReadAction\",\"target\":[\"https:\/\/artome.fi\/es\/experiencias-centro-educativo-helsinki\/\"]}]},{\"@type\":\"ImageObject\",\"inLanguage\":\"it-IT\",\"@id\":\"https:\/\/artome.fi\/es\/experiencias-centro-educativo-helsinki\/#primaryimage\",\"url\":\"https:\/\/artome.fi\/wp-content\/uploads\/2022\/06\/artome_M10_refe3-kopio-1536x1084.jpg\",\"contentUrl\":\"https:\/\/artome.fi\/wp-content\/uploads\/2022\/06\/artome_M10_refe3-kopio-1536x1084.jpg\"},{\"@type\":\"BreadcrumbList\",\"@id\":\"https:\/\/artome.fi\/es\/experiencias-centro-educativo-helsinki\/#breadcrumb\",\"itemListElement\":[{\"@type\":\"ListItem\",\"position\":1,\"name\":\"Etusivu\",\"item\":\"https:\/\/artome.fi\/en\/\"},{\"@type\":\"ListItem\",\"position\":2,\"name\":\"Helsinki Education Hub\"}]},{\"@type\":\"WebSite\",\"@id\":\"https:\/\/artome.fi\/en\/#website\",\"url\":\"https:\/\/artome.fi\/en\/\",\"name\":\"Artome\",\"description\":\"Redesigning audiovisual with smart furniture\",\"publisher\":{\"@id\":\"https:\/\/artome.fi\/en\/#organization\"},\"potentialAction\":[{\"@type\":\"SearchAction\",\"target\":{\"@type\":\"EntryPoint\",\"urlTemplate\":\"https:\/\/artome.fi\/en\/?s={search_term_string}\"},\"query-input\":{\"@type\":\"PropertyValueSpecification\",\"valueRequired\":true,\"valueName\":\"search_term_string\"}}],\"inLanguage\":\"it-IT\"},{\"@type\":\"Organization\",\"@id\":\"https:\/\/artome.fi\/en\/#organization\",\"name\":\"Artome\",\"url\":\"https:\/\/artome.fi\/en\/\",\"logo\":{\"@type\":\"ImageObject\",\"inLanguage\":\"it-IT\",\"@id\":\"https:\/\/artome.fi\/en\/#\/schema\/logo\/image\/\",\"url\":\"https:\/\/artome.fi\/wp-content\/uploads\/2022\/02\/artome_logo_black.png\",\"contentUrl\":\"https:\/\/artome.fi\/wp-content\/uploads\/2022\/02\/artome_logo_black.png\",\"width\":1280,\"height\":496,\"caption\":\"Artome\"},\"image\":{\"@id\":\"https:\/\/artome.fi\/en\/#\/schema\/logo\/image\/\"}}]}<\/script>\n<!-- \/ Yoast SEO Premium plugin. -->","yoast_head_json":{"title":"Artome | Esperienze - Centro educativo di Helsinki","description":"Centro educativo di Helsinki x Artome. Imparare senza confini. Scopri di pi\u00f9 sul motivo per cui Helsinki Education Hub ha scelto Artome M10.","robots":{"index":"index","follow":"follow","max-snippet":"max-snippet:-1","max-image-preview":"max-image-preview:large","max-video-preview":"max-video-preview:-1"},"canonical":"https:\/\/artome.fi\/it\/sperimenta-il-centro-educativo-di-helsinki\/","og_locale":"it_IT","og_type":"article","og_title":"Helsinki Education Hub","og_description":"Helsinki Education Hub x Artome. Learning without borders. Read more about why Helsinki Education Hub chose Artome M10.","og_url":"https:\/\/artome.fi\/it\/sperimenta-il-centro-educativo-di-helsinki\/","og_site_name":"Artome","article_modified_time":"2022-12-07T12:42:35+00:00","og_image":[{"url":"https:\/\/artome.fi\/wp-content\/uploads\/2022\/06\/artome_M10_refe3-kopio-1536x1084.jpg","type":"","width":"","height":""}],"twitter_card":"summary_large_image","twitter_misc":{"Tempo di lettura stimato":"3 minuti"},"schema":{"@context":"https:\/\/schema.org","@graph":[{"@type":"WebPage","@id":"https:\/\/artome.fi\/es\/experiencias-centro-educativo-helsinki\/","url":"https:\/\/artome.fi\/es\/experiencias-centro-educativo-helsinki\/","name":"Artome | Esperienze - Centro educativo di Helsinki","isPartOf":{"@id":"https:\/\/artome.fi\/en\/#website"},"primaryImageOfPage":{"@id":"https:\/\/artome.fi\/es\/experiencias-centro-educativo-helsinki\/#primaryimage"},"image":{"@id":"https:\/\/artome.fi\/es\/experiencias-centro-educativo-helsinki\/#primaryimage"},"thumbnailUrl":"https:\/\/artome.fi\/wp-content\/uploads\/2022\/06\/artome_M10_refe3-kopio-1536x1084.jpg","datePublished":"2022-06-07T14:11:59+00:00","dateModified":"2022-12-07T12:42:35+00:00","description":"Centro educativo di Helsinki x Artome. Imparare senza confini. Scopri di pi\u00f9 sul motivo per cui Helsinki Education Hub ha scelto Artome M10.","breadcrumb":{"@id":"https:\/\/artome.fi\/es\/experiencias-centro-educativo-helsinki\/#breadcrumb"},"inLanguage":"it-IT","potentialAction":[{"@type":"ReadAction","target":["https:\/\/artome.fi\/es\/experiencias-centro-educativo-helsinki\/"]}]},{"@type":"ImageObject","inLanguage":"it-IT","@id":"https:\/\/artome.fi\/es\/experiencias-centro-educativo-helsinki\/#primaryimage","url":"https:\/\/artome.fi\/wp-content\/uploads\/2022\/06\/artome_M10_refe3-kopio-1536x1084.jpg","contentUrl":"https:\/\/artome.fi\/wp-content\/uploads\/2022\/06\/artome_M10_refe3-kopio-1536x1084.jpg"},{"@type":"BreadcrumbList","@id":"https:\/\/artome.fi\/es\/experiencias-centro-educativo-helsinki\/#breadcrumb","itemListElement":[{"@type":"ListItem","position":1,"name":"Etusivu","item":"https:\/\/artome.fi\/en\/"},{"@type":"ListItem","position":2,"name":"Helsinki Education Hub"}]},{"@type":"WebSite","@id":"https:\/\/artome.fi\/en\/#website","url":"https:\/\/artome.fi\/en\/","name":"Artome","description":"Riprogettare l&#039;audiovisivo con mobili intelligenti","publisher":{"@id":"https:\/\/artome.fi\/en\/#organization"},"potentialAction":[{"@type":"SearchAction","target":{"@type":"EntryPoint","urlTemplate":"https:\/\/artome.fi\/en\/?s={search_term_string}"},"query-input":{"@type":"PropertyValueSpecification","valueRequired":true,"valueName":"search_term_string"}}],"inLanguage":"it-IT"},{"@type":"Organization","@id":"https:\/\/artome.fi\/en\/#organization","name":"Artome","url":"https:\/\/artome.fi\/en\/","logo":{"@type":"ImageObject","inLanguage":"it-IT","@id":"https:\/\/artome.fi\/en\/#\/schema\/logo\/image\/","url":"https:\/\/artome.fi\/wp-content\/uploads\/2022\/02\/artome_logo_black.png","contentUrl":"https:\/\/artome.fi\/wp-content\/uploads\/2022\/02\/artome_logo_black.png","width":1280,"height":496,"caption":"Artome"},"image":{"@id":"https:\/\/artome.fi\/en\/#\/schema\/logo\/image\/"}}]}},"_links":{"self":[{"href":"https:\/\/artome.fi\/it\/wp-json\/wp\/v2\/pages\/809","targetHints":{"allow":["GET"]}}],"collection":[{"href":"https:\/\/artome.fi\/it\/wp-json\/wp\/v2\/pages"}],"about":[{"href":"https:\/\/artome.fi\/it\/wp-json\/wp\/v2\/types\/page"}],"author":[{"embeddable":true,"href":"https:\/\/artome.fi\/it\/wp-json\/wp\/v2\/users\/1"}],"replies":[{"embeddable":true,"href":"https:\/\/artome.fi\/it\/wp-json\/wp\/v2\/comments?post=809"}],"version-history":[{"count":52,"href":"https:\/\/artome.fi\/it\/wp-json\/wp\/v2\/pages\/809\/revisions"}],"predecessor-version":[{"id":3519,"href":"https:\/\/artome.fi\/it\/wp-json\/wp\/v2\/pages\/809\/revisions\/3519"}],"wp:attachment":[{"href":"https:\/\/artome.fi\/it\/wp-json\/wp\/v2\/media?parent=809"}],"curies":[{"name":"parola chiave","href":"https:\/\/api.w.org\/{rel}","templated":true}]}}