{"id":1010,"date":"2022-06-08T18:07:02","date_gmt":"2022-06-08T18:07:02","guid":{"rendered":"https:\/\/artome.fi\/?page_id=1010"},"modified":"2023-11-08T15:56:58","modified_gmt":"2023-11-08T15:56:58","slug":"story","status":"publish","type":"page","link":"https:\/\/artome.fi\/sv\/story\/","title":{"rendered":"Artome ber\u00e4ttelse"},"content":{"rendered":"<div data-elementor-type=\"wp-page\" data-elementor-id=\"1010\" class=\"elementor elementor-1010\" data-elementor-post-type=\"page\">\n\t\t\t\t\t\t<section class=\"elementor-section elementor-top-section elementor-element elementor-element-73fa7923 ct-section-stretched elementor-section-boxed elementor-section-height-default elementor-section-height-default\" data-id=\"73fa7923\" data-element_type=\"section\">\n\t\t\t\t\t\t<div class=\"elementor-container elementor-column-gap-no\">\n\t\t\t\t\t<div class=\"elementor-column elementor-col-100 elementor-top-column elementor-element elementor-element-41cf59bb\" data-id=\"41cf59bb\" data-element_type=\"column\">\n\t\t\t<div class=\"elementor-widget-wrap elementor-element-populated\">\n\t\t\t\t\t\t<div class=\"elementor-element elementor-element-597340b1 elementor-widget elementor-widget-heading\" data-id=\"597340b1\" data-element_type=\"widget\" data-widget_type=\"heading.default\">\n\t\t\t\t<div class=\"elementor-widget-container\">\n\t\t\t\t\t<h2 class=\"elementor-heading-title elementor-size-default\">Ber\u00e4ttelsen om Artome<\/h2>\t\t\t\t<\/div>\n\t\t\t\t<\/div>\n\t\t\t\t<div class=\"elementor-element elementor-element-3fec15c elementor-widget elementor-widget-heading\" data-id=\"3fec15c\" data-element_type=\"widget\" data-widget_type=\"heading.default\">\n\t\t\t\t<div class=\"elementor-widget-container\">\n\t\t\t\t\t<h2 class=\"elementor-heading-title elementor-size-default\">N\u00e4r det enda alternativet var att skapa n\u00e5got nytt<\/h2>\t\t\t\t<\/div>\n\t\t\t\t<\/div>\n\t\t\t\t<div class=\"elementor-element elementor-element-3f754f6d elementor-widget elementor-widget-text-editor\" data-id=\"3f754f6d\" data-element_type=\"widget\" data-widget_type=\"text-editor.default\">\n\t\t\t\t<div class=\"elementor-widget-container\">\n\t\t\t\t\t\t\t\t\t<p>K\u00e4nner du n\u00e5gon som reser jorden runt i jobbet och alltid m\u00e5ste organisera resten av sitt liv efter det, och som inte kan planera sin framtid mer \u00e4n sex m\u00e5nader fram\u00e5t?.<br \/><br \/>En s\u00e5dan person var ocks\u00e5 grundaren av Artome, <strong>Toni Parikka<\/strong><\/p>\t\t\t\t\t\t\t\t<\/div>\n\t\t\t\t<\/div>\n\t\t\t\t\t<\/div>\n\t\t<\/div>\n\t\t\t\t\t<\/div>\n\t\t<\/section>\n\t\t\t\t<section class=\"elementor-section elementor-top-section elementor-element elementor-element-281afc44 ct-section-stretched elementor-section-boxed elementor-section-height-default elementor-section-height-default\" data-id=\"281afc44\" data-element_type=\"section\" data-settings=\"{&quot;background_background&quot;:&quot;classic&quot;}\">\n\t\t\t\t\t\t<div class=\"elementor-container elementor-column-gap-default\">\n\t\t\t\t\t<div class=\"elementor-column elementor-col-100 elementor-top-column elementor-element elementor-element-cd3189f\" data-id=\"cd3189f\" data-element_type=\"column\">\n\t\t\t<div class=\"elementor-widget-wrap elementor-element-populated\">\n\t\t\t\t\t\t<section class=\"elementor-section elementor-inner-section elementor-element elementor-element-cb239ae elementor-section-boxed elementor-section-height-default elementor-section-height-default\" data-id=\"cb239ae\" data-element_type=\"section\">\n\t\t\t\t\t\t<div class=\"elementor-container elementor-column-gap-default\">\n\t\t\t\t\t<div class=\"elementor-column elementor-col-50 elementor-inner-column elementor-element elementor-element-341b29b\" data-id=\"341b29b\" data-element_type=\"column\">\n\t\t\t<div class=\"elementor-widget-wrap elementor-element-populated\">\n\t\t\t\t\t\t<div class=\"elementor-element elementor-element-085c280 elementor-blockquote--skin-quotation elementor-widget elementor-widget-blockquote\" data-id=\"085c280\" data-element_type=\"widget\" data-widget_type=\"blockquote.default\">\n\t\t\t\t<div class=\"elementor-widget-container\">\n\t\t\t\t\t\t\t<blockquote class=\"elementor-blockquote\">\n\t\t\t<p class=\"elementor-blockquote__content\">\n\t\t\t\tJag ins\u00e5g att den sista pusselbiten som saknades i min produktid\u00e9 var tekniken som skulle m\u00f6jligg\u00f6ra linser f\u00f6r n\u00e4rprojektion, vilket skulle revolutionera hela AV-industrin och eliminera behovet av takinstallationer. Den f\u00f6rsta produkten s\u00e5g dock dagens ljus f\u00f6rst 2014, eftersom det var f\u00f6rst d\u00e5 som de k\u00e4nsliga linserna var s\u00e4kra att anv\u00e4nda i mobila produkter\t\t\t<\/p>\n\t\t\t\t\t\t\t<div class=\"e-q-footer\">\n\t\t\t\t\t\t\t\t\t\t\t<cite class=\"elementor-blockquote__author\">Toni Parikka, grundare &amp; CVO<\/cite>\n\t\t\t\t\t\t\t\t\t\t\t\t\t\t<\/div>\n\t\t\t\t\t<\/blockquote>\n\t\t\t\t\t\t<\/div>\n\t\t\t\t<\/div>\n\t\t\t\t\t<\/div>\n\t\t<\/div>\n\t\t\t\t<div class=\"elementor-column elementor-col-50 elementor-inner-column elementor-element elementor-element-16d40bd\" data-id=\"16d40bd\" data-element_type=\"column\">\n\t\t\t<div class=\"elementor-widget-wrap\">\n\t\t\t\t\t\t\t<\/div>\n\t\t<\/div>\n\t\t\t\t\t<\/div>\n\t\t<\/section>\n\t\t\t\t\t<\/div>\n\t\t<\/div>\n\t\t\t\t\t<\/div>\n\t\t<\/section>\n\t\t\t\t<section class=\"elementor-section elementor-top-section elementor-element elementor-element-553739ef ct-section-stretched elementor-section-boxed elementor-section-height-default elementor-section-height-default\" data-id=\"553739ef\" data-element_type=\"section\">\n\t\t\t\t\t\t<div class=\"elementor-container elementor-column-gap-default\">\n\t\t\t\t\t<div class=\"elementor-column elementor-col-50 elementor-top-column elementor-element elementor-element-6041f3a7\" data-id=\"6041f3a7\" data-element_type=\"column\" data-settings=\"{&quot;background_background&quot;:&quot;classic&quot;}\">\n\t\t\t<div class=\"elementor-widget-wrap elementor-element-populated\">\n\t\t\t\t\t\t<div class=\"elementor-element elementor-element-2940ecd elementor-widget elementor-widget-heading\" data-id=\"2940ecd\" data-element_type=\"widget\" data-widget_type=\"heading.default\">\n\t\t\t\t<div class=\"elementor-widget-container\">\n\t\t\t\t\t<h2 class=\"elementor-heading-title elementor-size-default\">Fr\u00e5n AV-integrat\u00f6r till designer av smarta m\u00f6bler<\/h2>\t\t\t\t<\/div>\n\t\t\t\t<\/div>\n\t\t\t\t<div class=\"elementor-element elementor-element-1ecf70a elementor-widget elementor-widget-text-editor\" data-id=\"1ecf70a\" data-element_type=\"widget\" data-widget_type=\"text-editor.default\">\n\t\t\t\t<div class=\"elementor-widget-container\">\n\t\t\t\t\t\t\t\t\t<p>Tonis jobb som AV-integrat\u00f6r innebar mycket resande, os\u00e4kra projektplaner och l\u00e5nga arbetsdagar. Arbetets karakt\u00e4r illustreras v\u00e4l av det faktum att n\u00e4r den \u00f6vriga personalen p\u00e5 byggarbetsplatsen \u00e4r klar med att m\u00e5la v\u00e4ggarna och installera elen, b\u00f6rjar AV-integrat\u00f6rens arbete f\u00f6rst. Och vid den tidpunkten kan m\u00e5nga byggprojekt redan ligga l\u00e5ngt efter tidsplanen.<\/p><p>\u00c4ven om Toni hade vant sig vid st\u00e4ndiga resor och projektscheman under en karri\u00e4r som str\u00e4ckte sig \u00f6ver mer \u00e4n tio \u00e5r, var tanken p\u00e5 att sl\u00e5 sig till ro och bilda familj n\u00e5gon g\u00e5ng i livet fortfarande viktig f\u00f6r henne.  Han ins\u00e5g att hans nuvarande jobb inte skulle vara f\u00f6renligt med hans dr\u00f6m, men han var inte redo att l\u00e4mna AV-sektorn. N\u00e5gonting m\u00e5ste ges.<\/p>\t\t\t\t\t\t\t\t<\/div>\n\t\t\t\t<\/div>\n\t\t\t\t\t<\/div>\n\t\t<\/div>\n\t\t\t\t<div class=\"elementor-column elementor-col-50 elementor-top-column elementor-element elementor-element-dd60a80\" data-id=\"dd60a80\" data-element_type=\"column\" data-settings=\"{&quot;background_background&quot;:&quot;classic&quot;}\">\n\t\t\t<div class=\"elementor-widget-wrap elementor-element-populated\">\n\t\t\t\t\t\t<div class=\"elementor-element elementor-element-514cd10 elementor-widget elementor-widget-heading\" data-id=\"514cd10\" data-element_type=\"widget\" data-widget_type=\"heading.default\">\n\t\t\t\t<div class=\"elementor-widget-container\">\n\t\t\t\t\t<h2 class=\"elementor-heading-title elementor-size-default\">Inga fler installationer<\/h2>\t\t\t\t<\/div>\n\t\t\t\t<\/div>\n\t\t\t\t<div class=\"elementor-element elementor-element-6513e861 elementor-widget elementor-widget-text-editor\" data-id=\"6513e861\" data-element_type=\"widget\" data-widget_type=\"text-editor.default\">\n\t\t\t\t<div class=\"elementor-widget-container\">\n\t\t\t\t\t\t\t\t\t<p>Det h\u00e4r s\u00e5g \u00e4ntligen dagens ljus 2012, n\u00e4r Toni installerade den f\u00f6rsta laserprojektorn med ultrakort kastl\u00e4ngd i ett skolprojekt. Sj\u00e4lva projektet var kaotiskt, eftersom hela byggnadens elektriska design m\u00e5ste g\u00f6ras om, vilket innebar att vi l\u00e5g l\u00e5ngt efter i tidsplanen och AV-integrat\u00f6rerna hamnade \u00e5terigen i en utmanande situation, eftersom l\u00f6sningarna f\u00f6r bild- och ljud\u00e5tergivningen i klassrummen m\u00e5ste t\u00e4nkas om helt och h\u00e5llet. Detta var droppen som fick b\u00e4garen att rinna \u00f6ver f\u00f6r Toni. Tack vare sin gedigna erfarenhet inom ljudbranschen hade han i flera \u00e5r arbetat med en id\u00e9 som skulle g\u00f6ra det m\u00f6jligt att kombinera bild och ljud till en f\u00e4rdig produkt utan fasta installationer och utan att AV-integrat\u00f6ren beh\u00f6vde resa till byggplatsen.<\/p><p>2014 visade sig ocks\u00e5 vara ett betydelsefullt \u00e5r f\u00f6r Toni. Han gifte sig och blev pappa. Dessutom fick han presentera den f\u00f6rsta konceptuella designen f\u00f6r en helt installationsfri smart m\u00f6bel, som inneh\u00f6ll en projektor och ett ljudsystem med mikrofoner. Efter n\u00e5gra \u00e5r av produktutveckling och olika tekniska genombrott kunde den f\u00e4rdiga produkten 2018 \u00e4ntligen presenteras f\u00f6r allm\u00e4nheten -Artome Movea, en mobil, allt-i-ett audiovisuell smart m\u00f6bel f\u00f6r f\u00f6retag och offentliga f\u00f6rvaltningar, var f\u00f6dd.<\/p>\t\t\t\t\t\t\t\t<\/div>\n\t\t\t\t<\/div>\n\t\t\t\t\t<\/div>\n\t\t<\/div>\n\t\t\t\t\t<\/div>\n\t\t<\/section>\n\t\t\t\t<section class=\"elementor-section elementor-top-section elementor-element elementor-element-5bd06a0 elementor-section-boxed elementor-section-height-default elementor-section-height-default\" data-id=\"5bd06a0\" data-element_type=\"section\">\n\t\t\t\t\t\t<div class=\"elementor-container elementor-column-gap-default\">\n\t\t\t\t\t<div class=\"elementor-column elementor-col-100 elementor-top-column elementor-element elementor-element-4aa59dc\" data-id=\"4aa59dc\" data-element_type=\"column\">\n\t\t\t<div class=\"elementor-widget-wrap elementor-element-populated\">\n\t\t\t\t\t\t<div class=\"elementor-element elementor-element-97a0af1 elementor-blockquote--skin-quotation elementor-widget elementor-widget-blockquote\" data-id=\"97a0af1\" data-element_type=\"widget\" data-widget_type=\"blockquote.default\">\n\t\t\t\t<div class=\"elementor-widget-container\">\n\t\t\t\t\t\t\t<blockquote class=\"elementor-blockquote\">\n\t\t\t<p class=\"elementor-blockquote__content\">\n\t\t\t\tEtt av mina huvudm\u00e5l var att skapa en helt ny metod f\u00f6r bild- och ljudproduktion som inte bara skulle underl\u00e4tta arbetsb\u00f6rdan f\u00f6r AV-integrat\u00f6rer, utan ocks\u00e5 ge slutanv\u00e4ndarna en enkel anv\u00e4ndarupplevelse. P\u00e5 ett personligt plan innebar det naturligtvis ocks\u00e5 att jag fick m\u00f6jlighet att f\u00f6rverkliga en dr\u00f6m om att sl\u00e5 mig till ro och \u00e4nd\u00e5 forts\u00e4tta att arbeta med att utveckla AV-branschen. Vad jag inte f\u00f6rv\u00e4ntade mig var att det skulle ge mig m\u00f6jlighet att starta tv\u00e5 familjer, en hemma och en som kallas Artome.\t\t\t<\/p>\n\t\t\t\t\t\t\t<div class=\"e-q-footer\">\n\t\t\t\t\t\t\t\t\t\t\t<cite class=\"elementor-blockquote__author\">Toni Parikka<\/cite>\n\t\t\t\t\t\t\t\t\t\t\t\t\t\t<\/div>\n\t\t\t\t\t<\/blockquote>\n\t\t\t\t\t\t<\/div>\n\t\t\t\t<\/div>\n\t\t\t\t<div class=\"elementor-element elementor-element-dc6021c elementor-widget-divider--view-line elementor-widget elementor-widget-divider\" data-id=\"dc6021c\" data-element_type=\"widget\" data-widget_type=\"divider.default\">\n\t\t\t\t<div class=\"elementor-widget-container\">\n\t\t\t\t\t\t\t<div class=\"elementor-divider\">\n\t\t\t<span class=\"elementor-divider-separator\">\n\t\t\t\t\t\t<\/span>\n\t\t<\/div>\n\t\t\t\t\t\t<\/div>\n\t\t\t\t<\/div>\n\t\t\t\t<div class=\"elementor-element elementor-element-561a328 elementor-widget elementor-widget-heading\" data-id=\"561a328\" data-element_type=\"widget\" data-widget_type=\"heading.default\">\n\t\t\t\t<div class=\"elementor-widget-container\">\n\t\t\t\t\t<h2 class=\"elementor-heading-title elementor-size-default\">Fr\u00e5n Artomesta<\/h2>\t\t\t\t<\/div>\n\t\t\t\t<\/div>\n\t\t\t\t<div class=\"elementor-element elementor-element-28f7aaf elementor-widget elementor-widget-text-editor\" data-id=\"28f7aaf\" data-element_type=\"widget\" data-widget_type=\"text-editor.default\">\n\t\t\t\t<div class=\"elementor-widget-container\">\n\t\t\t\t\t\t\t\t\t<p>Id\u00e9n om installationsfri och l\u00e4tt anpassningsbar presentationsteknik har varit - och \u00e4r fortfarande - grunden f\u00f6r Artome. F\u00f6retagets m\u00e5l \u00e4r att designa och bygga audiovisuell teknik p\u00e5 ett h\u00e5llbart s\u00e4tt och ge anv\u00e4ndarna flexibilitet och anv\u00e4ndarv\u00e4nlighet, utan att gl\u00f6mma bort den finska designen. Artome tillverkar b\u00e4rbara plug-and-play smarta m\u00f6bler f\u00f6r presentation, l\u00e4rande och mycket mer i sin fabrik i Heinola - bara fantasin s\u00e4tter gr\u00e4nser.<\/p>\t\t\t\t\t\t\t\t<\/div>\n\t\t\t\t<\/div>\n\t\t\t\t<div class=\"elementor-element elementor-element-2fe5341 elementor-widget-divider--view-line elementor-widget elementor-widget-divider\" data-id=\"2fe5341\" data-element_type=\"widget\" data-widget_type=\"divider.default\">\n\t\t\t\t<div class=\"elementor-widget-container\">\n\t\t\t\t\t\t\t<div class=\"elementor-divider\">\n\t\t\t<span class=\"elementor-divider-separator\">\n\t\t\t\t\t\t<\/span>\n\t\t<\/div>\n\t\t\t\t\t\t<\/div>\n\t\t\t\t<\/div>\n\t\t\t\t\t<\/div>\n\t\t<\/div>\n\t\t\t\t\t<\/div>\n\t\t<\/section>\n\t\t\t\t<\/div>","protected":false},"excerpt":{"rendered":"<p>Artomen tarina Kun ainoa vaihtoehto oli luoda jotain uutta Kuuluuko tuttavapiiriisi henkil\u00f6, joka matkustelee maailman ymp\u00e4ri ty\u00f6n per\u00e4ss\u00e4 ja jonka t\u00e4ytyy aina j\u00e4rjestell\u00e4 koko muu el\u00e4m\u00e4 sen mukaan, eik\u00e4 h\u00e4n voi suunnitella tulevaisuuttaan enemp\u00e4\u00e4 kuin puoli vuotta eteenp\u00e4in. Sellainen henkil\u00f6 oli my\u00f6s Artomen perustaja, Toni Parikka Ymm\u00e4rsin, ett\u00e4 tuoteideani viimeinen puuttuva palanen oli juuri l\u00e4hiprojektorilinssit [&hellip;]<\/p>\n","protected":false},"author":1,"featured_media":0,"parent":0,"menu_order":0,"comment_status":"closed","ping_status":"closed","template":"elementor_header_footer","meta":{"om_disable_all_campaigns":false,"_monsterinsights_skip_tracking":false,"_monsterinsights_sitenote_active":false,"_monsterinsights_sitenote_note":"","_monsterinsights_sitenote_category":0,"_uf_show_specific_survey":0,"_uf_disable_surveys":false,"footnotes":""},"class_list":["post-1010","page","type-page","status-publish","hentry"],"blocksy_meta":{"styles_descriptor":{"styles":{"desktop":"","tablet":"","mobile":""},"google_fonts":[],"version":6}},"aioseo_notices":[],"yoast_head":"<!-- This site is optimized with the Yoast SEO Premium plugin v23.2 (Yoast SEO v26.3) - https:\/\/yoast.com\/wordpress\/plugins\/seo\/ -->\n<title>Artome | Story of Artome<\/title>\n<meta name=\"description\" content=\"Artome plans and builds audiovisual technology and makes products that bring flexibility and easiness without forgetting the aesthetic side.\" \/>\n<meta name=\"robots\" content=\"index, follow, max-snippet:-1, max-image-preview:large, max-video-preview:-1\" \/>\n<link rel=\"canonical\" href=\"https:\/\/artome.fi\/sv\/story\/\" \/>\n<meta property=\"og:locale\" content=\"sv_SE\" \/>\n<meta property=\"og:type\" content=\"article\" \/>\n<meta property=\"og:title\" content=\"Artome Story\" \/>\n<meta property=\"og:description\" content=\"Artome plans and builds audiovisual technology and makes products that bring flexibility and easiness without forgetting the aesthetic side.\" \/>\n<meta property=\"og:url\" content=\"https:\/\/artome.fi\/sv\/story\/\" \/>\n<meta property=\"og:site_name\" content=\"Artome\" \/>\n<meta property=\"article:modified_time\" content=\"2023-11-08T15:56:58+00:00\" \/>\n<meta name=\"twitter:card\" content=\"summary_large_image\" \/>\n<meta name=\"twitter:label1\" content=\"Ber\u00e4knad l\u00e4stid\" \/>\n\t<meta name=\"twitter:data1\" content=\"3 minuter\" \/>\n<script type=\"application\/ld+json\" class=\"yoast-schema-graph\">{\"@context\":\"https:\/\/schema.org\",\"@graph\":[{\"@type\":\"WebPage\",\"@id\":\"https:\/\/artome.fi\/fr\/histoire\/\",\"url\":\"https:\/\/artome.fi\/fr\/histoire\/\",\"name\":\"Artome | Story of Artome\",\"isPartOf\":{\"@id\":\"https:\/\/artome.fi\/en\/#website\"},\"datePublished\":\"2022-06-08T18:07:02+00:00\",\"dateModified\":\"2023-11-08T15:56:58+00:00\",\"description\":\"Artome plans and builds audiovisual technology and makes products that bring flexibility and easiness without forgetting the aesthetic side.\",\"breadcrumb\":{\"@id\":\"https:\/\/artome.fi\/fr\/histoire\/#breadcrumb\"},\"inLanguage\":\"sv-SE\",\"potentialAction\":[{\"@type\":\"ReadAction\",\"target\":[\"https:\/\/artome.fi\/fr\/histoire\/\"]}]},{\"@type\":\"BreadcrumbList\",\"@id\":\"https:\/\/artome.fi\/fr\/histoire\/#breadcrumb\",\"itemListElement\":[{\"@type\":\"ListItem\",\"position\":1,\"name\":\"Etusivu\",\"item\":\"https:\/\/artome.fi\/en\/\"},{\"@type\":\"ListItem\",\"position\":2,\"name\":\"Artome Story\"}]},{\"@type\":\"WebSite\",\"@id\":\"https:\/\/artome.fi\/en\/#website\",\"url\":\"https:\/\/artome.fi\/en\/\",\"name\":\"Artome\",\"description\":\"Redesigning audiovisual with smart furniture\",\"publisher\":{\"@id\":\"https:\/\/artome.fi\/en\/#organization\"},\"potentialAction\":[{\"@type\":\"SearchAction\",\"target\":{\"@type\":\"EntryPoint\",\"urlTemplate\":\"https:\/\/artome.fi\/en\/?s={search_term_string}\"},\"query-input\":{\"@type\":\"PropertyValueSpecification\",\"valueRequired\":true,\"valueName\":\"search_term_string\"}}],\"inLanguage\":\"sv-SE\"},{\"@type\":\"Organization\",\"@id\":\"https:\/\/artome.fi\/en\/#organization\",\"name\":\"Artome\",\"url\":\"https:\/\/artome.fi\/en\/\",\"logo\":{\"@type\":\"ImageObject\",\"inLanguage\":\"sv-SE\",\"@id\":\"https:\/\/artome.fi\/en\/#\/schema\/logo\/image\/\",\"url\":\"https:\/\/artome.fi\/wp-content\/uploads\/2022\/02\/artome_logo_black.png\",\"contentUrl\":\"https:\/\/artome.fi\/wp-content\/uploads\/2022\/02\/artome_logo_black.png\",\"width\":1280,\"height\":496,\"caption\":\"Artome\"},\"image\":{\"@id\":\"https:\/\/artome.fi\/en\/#\/schema\/logo\/image\/\"}}]}<\/script>\n<!-- \/ Yoast SEO Premium plugin. -->","yoast_head_json":{"title":"Artome | Historien om Artome","description":"Artome planerar och bygger audiovisuell teknik och tillverkar produkter som ger flexibilitet och enkelhet utan att gl\u00f6mma bort den estetiska sidan.","robots":{"index":"index","follow":"follow","max-snippet":"max-snippet:-1","max-image-preview":"max-image-preview:large","max-video-preview":"max-video-preview:-1"},"canonical":"https:\/\/artome.fi\/sv\/story\/","og_locale":"sv_SE","og_type":"article","og_title":"Artome Story","og_description":"Artome plans and builds audiovisual technology and makes products that bring flexibility and easiness without forgetting the aesthetic side.","og_url":"https:\/\/artome.fi\/sv\/story\/","og_site_name":"Artome","article_modified_time":"2023-11-08T15:56:58+00:00","twitter_card":"summary_large_image","twitter_misc":{"Ber\u00e4knad l\u00e4stid":"3 minuter"},"schema":{"@context":"https:\/\/schema.org","@graph":[{"@type":"WebPage","@id":"https:\/\/artome.fi\/fr\/histoire\/","url":"https:\/\/artome.fi\/fr\/histoire\/","name":"Artome | Historien om Artome","isPartOf":{"@id":"https:\/\/artome.fi\/en\/#website"},"datePublished":"2022-06-08T18:07:02+00:00","dateModified":"2023-11-08T15:56:58+00:00","description":"Artome planerar och bygger audiovisuell teknik och tillverkar produkter som ger flexibilitet och enkelhet utan att gl\u00f6mma bort den estetiska sidan.","breadcrumb":{"@id":"https:\/\/artome.fi\/fr\/histoire\/#breadcrumb"},"inLanguage":"sv-SE","potentialAction":[{"@type":"ReadAction","target":["https:\/\/artome.fi\/fr\/histoire\/"]}]},{"@type":"BreadcrumbList","@id":"https:\/\/artome.fi\/fr\/histoire\/#breadcrumb","itemListElement":[{"@type":"ListItem","position":1,"name":"Etusivu","item":"https:\/\/artome.fi\/en\/"},{"@type":"ListItem","position":2,"name":"Artome Story"}]},{"@type":"WebSite","@id":"https:\/\/artome.fi\/en\/#website","url":"https:\/\/artome.fi\/en\/","name":"Artome","description":"Omdesign av audiovisuella medier med smarta m\u00f6bler","publisher":{"@id":"https:\/\/artome.fi\/en\/#organization"},"potentialAction":[{"@type":"SearchAction","target":{"@type":"EntryPoint","urlTemplate":"https:\/\/artome.fi\/en\/?s={search_term_string}"},"query-input":{"@type":"PropertyValueSpecification","valueRequired":true,"valueName":"search_term_string"}}],"inLanguage":"sv-SE"},{"@type":"Organization","@id":"https:\/\/artome.fi\/en\/#organization","name":"Artome","url":"https:\/\/artome.fi\/en\/","logo":{"@type":"ImageObject","inLanguage":"sv-SE","@id":"https:\/\/artome.fi\/en\/#\/schema\/logo\/image\/","url":"https:\/\/artome.fi\/wp-content\/uploads\/2022\/02\/artome_logo_black.png","contentUrl":"https:\/\/artome.fi\/wp-content\/uploads\/2022\/02\/artome_logo_black.png","width":1280,"height":496,"caption":"Artome"},"image":{"@id":"https:\/\/artome.fi\/en\/#\/schema\/logo\/image\/"}}]}},"_links":{"self":[{"href":"https:\/\/artome.fi\/sv\/wp-json\/wp\/v2\/pages\/1010","targetHints":{"allow":["GET"]}}],"collection":[{"href":"https:\/\/artome.fi\/sv\/wp-json\/wp\/v2\/pages"}],"about":[{"href":"https:\/\/artome.fi\/sv\/wp-json\/wp\/v2\/types\/page"}],"author":[{"embeddable":true,"href":"https:\/\/artome.fi\/sv\/wp-json\/wp\/v2\/users\/1"}],"replies":[{"embeddable":true,"href":"https:\/\/artome.fi\/sv\/wp-json\/wp\/v2\/comments?post=1010"}],"version-history":[{"count":55,"href":"https:\/\/artome.fi\/sv\/wp-json\/wp\/v2\/pages\/1010\/revisions"}],"predecessor-version":[{"id":6612,"href":"https:\/\/artome.fi\/sv\/wp-json\/wp\/v2\/pages\/1010\/revisions\/6612"}],"wp:attachment":[{"href":"https:\/\/artome.fi\/sv\/wp-json\/wp\/v2\/media?parent=1010"}],"curies":[{"name":"wp","href":"https:\/\/api.w.org\/{rel}","templated":true}]}}