{"id":1082,"date":"2022-06-09T10:42:23","date_gmt":"2022-06-09T10:42:23","guid":{"rendered":"https:\/\/artome.fi\/?page_id=1082"},"modified":"2023-11-08T15:47:00","modified_gmt":"2023-11-08T15:47:00","slug":"experiences-verona-international","status":"publish","type":"page","link":"https:\/\/artome.fi\/sv\/experiences-verona-international\/","title":{"rendered":"Verona"},"content":{"rendered":"<div data-elementor-type=\"wp-page\" data-elementor-id=\"1082\" class=\"elementor elementor-1082\" data-elementor-post-type=\"page\">\n\t\t\t\t\t\t<section class=\"elementor-section elementor-top-section elementor-element elementor-element-78929c24 elementor-section-boxed elementor-section-height-default elementor-section-height-default\" data-id=\"78929c24\" data-element_type=\"section\">\n\t\t\t\t\t\t<div class=\"elementor-container elementor-column-gap-default\">\n\t\t\t\t\t<div class=\"elementor-column elementor-col-100 elementor-top-column elementor-element elementor-element-74ff65c5\" data-id=\"74ff65c5\" data-element_type=\"column\">\n\t\t\t<div class=\"elementor-widget-wrap elementor-element-populated\">\n\t\t\t\t\t\t<div class=\"elementor-element elementor-element-7bb94d5 elementor-mobile-align-center elementor-widget elementor-widget-button\" data-id=\"7bb94d5\" data-element_type=\"widget\" data-widget_type=\"button.default\">\n\t\t\t\t<div class=\"elementor-widget-container\">\n\t\t\t\t\t\t\t\t\t<div class=\"elementor-button-wrapper\">\n\t\t\t\t\t<a class=\"elementor-button elementor-button-link elementor-size-sm\" href=\"https:\/\/artome.fi\/sv\/experiences\/\">\n\t\t\t\t\t\t<span class=\"elementor-button-content-wrapper\">\n\t\t\t\t\t\t\t\t\t<span class=\"elementor-button-text\">Erfarenheter<\/span>\n\t\t\t\t\t<\/span>\n\t\t\t\t\t<\/a>\n\t\t\t\t<\/div>\n\t\t\t\t\t\t\t\t<\/div>\n\t\t\t\t<\/div>\n\t\t\t\t<div class=\"elementor-element elementor-element-25a70d32 elementor-widget elementor-widget-heading\" data-id=\"25a70d32\" data-element_type=\"widget\" data-widget_type=\"heading.default\">\n\t\t\t\t<div class=\"elementor-widget-container\">\n\t\t\t\t\t<h2 class=\"elementor-heading-title elementor-size-xl\">Verona<\/h2>\t\t\t\t<\/div>\n\t\t\t\t<\/div>\n\t\t\t\t\t<\/div>\n\t\t<\/div>\n\t\t\t\t\t<\/div>\n\t\t<\/section>\n\t\t\t\t<section class=\"elementor-section elementor-top-section elementor-element elementor-element-139709ca elementor-section-boxed elementor-section-height-default elementor-section-height-default\" data-id=\"139709ca\" data-element_type=\"section\">\n\t\t\t\t\t\t<div class=\"elementor-container elementor-column-gap-default\">\n\t\t\t\t\t<div class=\"elementor-column elementor-col-100 elementor-top-column elementor-element elementor-element-7223068f\" data-id=\"7223068f\" data-element_type=\"column\">\n\t\t\t<div class=\"elementor-widget-wrap elementor-element-populated\">\n\t\t\t\t\t\t<div class=\"elementor-element elementor-element-7d074d49 elementor-widget elementor-widget-image\" data-id=\"7d074d49\" data-element_type=\"widget\" data-widget_type=\"image.default\">\n\t\t\t\t<div class=\"elementor-widget-container\">\n\t\t\t\t\t\t\t\t\t\t\t\t\t\t\t<img fetchpriority=\"high\" decoding=\"async\" width=\"1536\" height=\"864\" src=\"https:\/\/artome.fi\/wp-content\/uploads\/2022\/06\/Verona_office_2021_edited-1536x864.jpg\" class=\"attachment-1536x1536 size-1536x1536 wp-image-1201\" alt=\"Artome M10 anv\u00e4nds i Verona International.\" srcset=\"https:\/\/artome.fi\/wp-content\/uploads\/2022\/06\/Verona_office_2021_edited-1536x864.jpg 1536w, https:\/\/artome.fi\/wp-content\/uploads\/2022\/06\/Verona_office_2021_edited-300x169.jpg 300w, https:\/\/artome.fi\/wp-content\/uploads\/2022\/06\/Verona_office_2021_edited-1024x576.jpg 1024w, https:\/\/artome.fi\/wp-content\/uploads\/2022\/06\/Verona_office_2021_edited-768x432.jpg 768w, https:\/\/artome.fi\/wp-content\/uploads\/2022\/06\/Verona_office_2021_edited-18x10.jpg 18w, https:\/\/artome.fi\/wp-content\/uploads\/2022\/06\/Verona_office_2021_edited.jpg 1920w\" sizes=\"(max-width: 1536px) 100vw, 1536px\" \/>\t\t\t\t\t\t\t\t\t\t\t\t\t\t\t<\/div>\n\t\t\t\t<\/div>\n\t\t\t\t<div class=\"elementor-element elementor-element-d5cd383 elementor-widget elementor-widget-heading\" data-id=\"d5cd383\" data-element_type=\"widget\" data-widget_type=\"heading.default\">\n\t\t\t\t<div class=\"elementor-widget-container\">\n\t\t\t\t\t<h2 class=\"elementor-heading-title elementor-size-default\">Stil och teknik<\/h2>\t\t\t\t<\/div>\n\t\t\t\t<\/div>\n\t\t\t\t<div class=\"elementor-element elementor-element-11b04830 elementor-widget elementor-widget-text-editor\" data-id=\"11b04830\" data-element_type=\"widget\" data-widget_type=\"text-editor.default\">\n\t\t\t\t<div class=\"elementor-widget-container\">\n\t\t\t\t\t\t\t\t\t<p>I hj\u00e4rtat av Helsingfors, mitt i myllret av m\u00e4nniskor och sp\u00e5rvagnar, ligger Verona, ett managementkonsultf\u00f6retag. Deras m\u00e5l \u00e4r att hj\u00e4lpa kunder med aff\u00e4rsutmaningar och skapa h\u00e5llbar tillv\u00e4xt med ett transformativt och m\u00e4nniskocentrerat f\u00f6rh\u00e5llningss\u00e4tt. I Verona renoverades nyligen kontorslokalerna i den prestigefyllda byggnaden Bulevardi. Man ville renovera interi\u00f6ren och uppgradera presentationstekniken i m\u00f6tesrummen. Men kontorets nya utseende st\u00e4llde ocks\u00e5 krav p\u00e5 hur utrustningen skulle kunna monteras in i lokalen p\u00e5 ett snyggt s\u00e4tt. I Veronas styrelserum finns nu en smart m\u00f6bel som kombinerar inhemsk design med l\u00e4ttanv\u00e4nd teknik. Den kallas Artome M10.<br \/>Veronan \u00e4r en internationell operat\u00f6r med kontor i Helsingfors, \u00c5bo och Luxemburg, s\u00e5 f\u00f6r att g\u00f6ra kundm\u00f6tena smidigare ville de ha en l\u00f6sning som \u00e4ven kunde anv\u00e4ndas f\u00f6r distansm\u00f6ten.<\/p>\t\t\t\t\t\t\t\t<\/div>\n\t\t\t\t<\/div>\n\t\t\t\t<div class=\"elementor-element elementor-element-6012e57 elementor-blockquote--skin-quotation elementor-blockquote--align-center elementor-widget elementor-widget-blockquote\" data-id=\"6012e57\" data-element_type=\"widget\" data-widget_type=\"blockquote.default\">\n\t\t\t\t<div class=\"elementor-widget-container\">\n\t\t\t\t\t\t\t<blockquote class=\"elementor-blockquote\">\n\t\t\t<p class=\"elementor-blockquote__content\">\n\t\t\t\tI v\u00e5r renovering ville vi inte bara fokusera p\u00e5 stil, utan ocks\u00e5 p\u00e5 anv\u00e4ndarv\u00e4nlighet. Artome M10-l\u00f6sningen g\u00f6r det enkelt att s\u00e4tta upp en presentation f\u00f6r m\u00f6ten p\u00e5 distans och lokalt, och den ser bra ut i v\u00e5rt renoverade kontor.\t\t\t<\/p>\n\t\t\t\t\t\t\t<div class=\"e-q-footer\">\n\t\t\t\t\t\t\t\t\t\t\t<cite class=\"elementor-blockquote__author\"> Mari Tammivaara, administrativ assistent<\/cite>\n\t\t\t\t\t\t\t\t\t\t\t\t\t\t<\/div>\n\t\t\t\t\t<\/blockquote>\n\t\t\t\t\t\t<\/div>\n\t\t\t\t<\/div>\n\t\t\t\t<div class=\"elementor-element elementor-element-632b413a elementor-widget elementor-widget-text-editor\" data-id=\"632b413a\" data-element_type=\"widget\" data-widget_type=\"text-editor.default\">\n\t\t\t\t<div class=\"elementor-widget-container\">\n\t\t\t\t\t\t\t\t\t<p>Artome M10 valdes f\u00f6r Verona-lokalerna bland tre olika stommar i svartm\u00e5lad ask. Designm\u00f6blerna avslutades med en gr\u00e5 tygkl\u00e4dsel p\u00e5 ytterd\u00f6rren. I det m\u00f6rkt f\u00e4rgade konferensrummet skapar de olika tr\u00e4f\u00e4rgerna en v\u00e4rdig atmosf\u00e4r, medan ljuset fr\u00e5n de stora f\u00f6nstren ger en mjuk och organisk k\u00e4nsla.<\/p>\t\t\t\t\t\t\t\t<\/div>\n\t\t\t\t<\/div>\n\t\t\t\t<div class=\"elementor-element elementor-element-147e82d elementor-widget elementor-widget-heading\" data-id=\"147e82d\" data-element_type=\"widget\" data-widget_type=\"heading.default\">\n\t\t\t\t<div class=\"elementor-widget-container\">\n\t\t\t\t\t<h2 class=\"elementor-heading-title elementor-size-default\">Kompatibilitet mellan olika operativsystem<\/h2>\t\t\t\t<\/div>\n\t\t\t\t<\/div>\n\t\t\t\t<div class=\"elementor-element elementor-element-05a175c elementor-widget elementor-widget-text-editor\" data-id=\"05a175c\" data-element_type=\"widget\" data-widget_type=\"text-editor.default\">\n\t\t\t\t<div class=\"elementor-widget-container\">\n\t\t\t\t\t\t\t\t\t<p>Artome M10 \u00e4r en komplett l\u00f6sning som kombinerar laserprojektor, ljudsystem, videokonferens och finsk design. Artome M10 \u00e4r kompatibel med alla operativsystem (Windows, MacOS, ChromeOS, Linux) utan behov av separat installationsprogramvara. Detsamma g\u00e4ller f\u00f6r de olika plattformarna f\u00f6r fj\u00e4rrsamarbete, oavsett om du anv\u00e4nder Teams, Zoom eller Google Meet.  Inneh\u00e5llet kan enkelt presenteras fr\u00e5n en dator via HDMI-kabel eller delas av deltagarna tr\u00e5dl\u00f6st fr\u00e5n en mobil enhet. Med fabriksbyggda smarta m\u00f6bler fungerar alla komponenter s\u00f6ml\u00f6st tillsammans och eventuella reparationer eller underh\u00e5ll av h\u00e5rdvara hanteras med ett enda supporttelefonnummer<\/p>\t\t\t\t\t\t\t\t<\/div>\n\t\t\t\t<\/div>\n\t\t\t\t<div class=\"elementor-element elementor-element-710e3831 elementor-blockquote--skin-quotation elementor-blockquote--align-center elementor-widget elementor-widget-blockquote\" data-id=\"710e3831\" data-element_type=\"widget\" data-widget_type=\"blockquote.default\">\n\t\t\t\t<div class=\"elementor-widget-container\">\n\t\t\t\t\t\t\t<blockquote class=\"elementor-blockquote\">\n\t\t\t<p class=\"elementor-blockquote__content\">\n\t\t\t\tArtomes support har varit riktigt bra. Enheten i sig har fungerat bra, men det har varit vissa problem med den tr\u00e5dl\u00f6sa mikrofonen i Teams. Detta l\u00f6stes dock snabbt och det var l\u00e4tt att hitta r\u00e4tt mikrofonval i menyn p\u00e5 Teams-plattformen.\t\t\t<\/p>\n\t\t\t\t\t<\/blockquote>\n\t\t\t\t\t\t<\/div>\n\t\t\t\t<\/div>\n\t\t\t\t<div class=\"elementor-element elementor-element-138fee82 elementor-widget elementor-widget-image\" data-id=\"138fee82\" data-element_type=\"widget\" data-widget_type=\"image.default\">\n\t\t\t\t<div class=\"elementor-widget-container\">\n\t\t\t\t\t\t\t\t\t\t\t\t\t\t\t<img decoding=\"async\" width=\"1152\" height=\"1536\" src=\"https:\/\/artome.fi\/wp-content\/uploads\/2022\/06\/Verona_office_portrait_2021_edited-1152x1536.jpg\" class=\"attachment-1536x1536 size-1536x1536 wp-image-1202\" alt=\"Artome M10 anv\u00e4nds i Verona International.\" srcset=\"https:\/\/artome.fi\/wp-content\/uploads\/2022\/06\/Verona_office_portrait_2021_edited-1152x1536.jpg 1152w, https:\/\/artome.fi\/wp-content\/uploads\/2022\/06\/Verona_office_portrait_2021_edited-225x300.jpg 225w, https:\/\/artome.fi\/wp-content\/uploads\/2022\/06\/Verona_office_portrait_2021_edited-768x1024.jpg 768w, https:\/\/artome.fi\/wp-content\/uploads\/2022\/06\/Verona_office_portrait_2021_edited-1536x2048.jpg 1536w, https:\/\/artome.fi\/wp-content\/uploads\/2022\/06\/Verona_office_portrait_2021_edited-9x12.jpg 9w, https:\/\/artome.fi\/wp-content\/uploads\/2022\/06\/Verona_office_portrait_2021_edited.jpg 1920w\" sizes=\"(max-width: 1152px) 100vw, 1152px\" \/>\t\t\t\t\t\t\t\t\t\t\t\t\t\t\t<\/div>\n\t\t\t\t<\/div>\n\t\t\t\t\t<\/div>\n\t\t<\/div>\n\t\t\t\t\t<\/div>\n\t\t<\/section>\n\t\t\t\t<section class=\"elementor-section elementor-top-section elementor-element elementor-element-09036b8 elementor-section-boxed elementor-section-height-default elementor-section-height-default\" data-id=\"09036b8\" data-element_type=\"section\">\n\t\t\t\t\t\t<div class=\"elementor-container elementor-column-gap-default\">\n\t\t\t\t\t<div class=\"elementor-column elementor-col-50 elementor-top-column elementor-element elementor-element-8790f2c\" data-id=\"8790f2c\" data-element_type=\"column\">\n\t\t\t<div class=\"elementor-widget-wrap elementor-element-populated\">\n\t\t\t\t\t\t<div class=\"elementor-element elementor-element-96661a3 elementor-widget elementor-widget-heading\" data-id=\"96661a3\" data-element_type=\"widget\" data-widget_type=\"heading.default\">\n\t\t\t\t<div class=\"elementor-widget-container\">\n\t\t\t\t\t<h2 class=\"elementor-heading-title elementor-size-default\">Exp\u00e9riences d'Artome ici<\/h2>\t\t\t\t<\/div>\n\t\t\t\t<\/div>\n\t\t\t\t<div class=\"elementor-element elementor-element-b9f7655 elementor-mobile-align-center elementor-align-center elementor-widget elementor-widget-button\" data-id=\"b9f7655\" data-element_type=\"widget\" data-widget_type=\"button.default\">\n\t\t\t\t<div class=\"elementor-widget-container\">\n\t\t\t\t\t\t\t\t\t<div class=\"elementor-button-wrapper\">\n\t\t\t\t\t<a class=\"elementor-button elementor-button-link elementor-size-sm\" href=\"https:\/\/artome.fi\/en\/experiences-verona-international\/\">\n\t\t\t\t\t\t<span class=\"elementor-button-content-wrapper\">\n\t\t\t\t\t\t\t\t\t<span class=\"elementor-button-text\">L\u00e4s mer (en anglais)<\/span>\n\t\t\t\t\t<\/span>\n\t\t\t\t\t<\/a>\n\t\t\t\t<\/div>\n\t\t\t\t\t\t\t\t<\/div>\n\t\t\t\t<\/div>\n\t\t\t\t\t<\/div>\n\t\t<\/div>\n\t\t\t\t<div class=\"elementor-column elementor-col-50 elementor-top-column elementor-element elementor-element-6fabe48\" data-id=\"6fabe48\" data-element_type=\"column\">\n\t\t\t<div class=\"elementor-widget-wrap elementor-element-populated\">\n\t\t\t\t\t\t<div class=\"elementor-element elementor-element-ed8aa67 elementor-widget elementor-widget-image\" data-id=\"ed8aa67\" data-element_type=\"widget\" data-widget_type=\"image.default\">\n\t\t\t\t<div class=\"elementor-widget-container\">\n\t\t\t\t\t\t\t\t\t\t\t\t\t\t\t<img decoding=\"async\" width=\"1024\" height=\"576\" src=\"https:\/\/artome.fi\/wp-content\/uploads\/2022\/06\/Verona_office_2021_edited-1024x576.jpg\" class=\"attachment-large size-large wp-image-1201\" alt=\"Artome M10 anv\u00e4nds i Verona International.\" srcset=\"https:\/\/artome.fi\/wp-content\/uploads\/2022\/06\/Verona_office_2021_edited-1024x576.jpg 1024w, https:\/\/artome.fi\/wp-content\/uploads\/2022\/06\/Verona_office_2021_edited-300x169.jpg 300w, https:\/\/artome.fi\/wp-content\/uploads\/2022\/06\/Verona_office_2021_edited-768x432.jpg 768w, https:\/\/artome.fi\/wp-content\/uploads\/2022\/06\/Verona_office_2021_edited-1536x864.jpg 1536w, https:\/\/artome.fi\/wp-content\/uploads\/2022\/06\/Verona_office_2021_edited-18x10.jpg 18w, https:\/\/artome.fi\/wp-content\/uploads\/2022\/06\/Verona_office_2021_edited.jpg 1920w\" sizes=\"(max-width: 1024px) 100vw, 1024px\" \/>\t\t\t\t\t\t\t\t\t\t\t\t\t\t\t<\/div>\n\t\t\t\t<\/div>\n\t\t\t\t\t<\/div>\n\t\t<\/div>\n\t\t\t\t\t<\/div>\n\t\t<\/section>\n\t\t\t\t<\/div>","protected":false},"excerpt":{"rendered":"<p>Kokemuksia Verona Tyylikkyytt\u00e4 ja teknologiaa Helsingin syd\u00e4mess\u00e4, ihmisvilin\u00e4n ja kiskoilla kiit\u00e4vien raitiovaunujen keskell\u00e4 sijaitsee liikkeenjohdon konsultointitoimisto Verona. Heid\u00e4n tavoitteenaan on auttaa asiakkaita liiketoimintahaasteissa ja luoda kest\u00e4v\u00e4\u00e4 kasvua uudistavalla ja ihmisl\u00e4heisell\u00e4 otteella. Veronassa uudistukseen p\u00e4\u00e4siv\u00e4t jokin aika sitten my\u00f6s Bulevardin arvokiinteist\u00f6ss\u00e4 sijaitsevat toimistotilat. He halusivat remontoida sis\u00e4tilat uuteen uskoon ja p\u00e4ivitt\u00e4\u00e4 samalla my\u00f6s neuvotteluhuoneiden esitysteknologiaa. Toimiston [&hellip;]<\/p>\n","protected":false},"author":1,"featured_media":0,"parent":0,"menu_order":0,"comment_status":"closed","ping_status":"closed","template":"elementor_header_footer","meta":{"om_disable_all_campaigns":false,"_monsterinsights_skip_tracking":false,"_monsterinsights_sitenote_active":false,"_monsterinsights_sitenote_note":"","_monsterinsights_sitenote_category":0,"_uf_show_specific_survey":0,"_uf_disable_surveys":false,"footnotes":""},"class_list":["post-1082","page","type-page","status-publish","hentry"],"blocksy_meta":{"styles_descriptor":{"styles":{"desktop":"","tablet":"","mobile":""},"google_fonts":[],"version":6}},"aioseo_notices":[],"yoast_head":"<!-- This site is optimized with the Yoast SEO Premium plugin v23.2 (Yoast SEO v26.3) - https:\/\/yoast.com\/wordpress\/plugins\/seo\/ -->\n<title>Artome | Experiences - Verona<\/title>\n<meta name=\"description\" content=\"Customized style for unique space. Meets the needs without additional installations.Read more about why Verona international chose Artome M10\" \/>\n<meta name=\"robots\" content=\"index, follow, max-snippet:-1, max-image-preview:large, max-video-preview:-1\" \/>\n<link rel=\"canonical\" href=\"https:\/\/artome.fi\/sv\/experiences-verona-international\/\" \/>\n<meta property=\"og:locale\" content=\"sv_SE\" \/>\n<meta property=\"og:type\" content=\"article\" \/>\n<meta property=\"og:title\" content=\"Verona\" \/>\n<meta property=\"og:description\" content=\"Customized style for unique space. Meets the needs without additional installations.Read more about why Verona international chose Artome M10\" \/>\n<meta property=\"og:url\" content=\"https:\/\/artome.fi\/sv\/experiences-verona-international\/\" \/>\n<meta property=\"og:site_name\" content=\"Artome\" \/>\n<meta property=\"article:modified_time\" content=\"2023-11-08T15:47:00+00:00\" \/>\n<meta property=\"og:image\" content=\"https:\/\/artome.fi\/wp-content\/uploads\/2022\/06\/Verona_office_2021_edited-1536x864.jpg\" \/>\n<meta name=\"twitter:card\" content=\"summary_large_image\" \/>\n<meta name=\"twitter:label1\" content=\"Ber\u00e4knad l\u00e4stid\" \/>\n\t<meta name=\"twitter:data1\" content=\"2 minuter\" \/>\n<script type=\"application\/ld+json\" class=\"yoast-schema-graph\">{\"@context\":\"https:\/\/schema.org\",\"@graph\":[{\"@type\":\"WebPage\",\"@id\":\"https:\/\/artome.fi\/en\/experiences-verona-international\/\",\"url\":\"https:\/\/artome.fi\/en\/experiences-verona-international\/\",\"name\":\"Artome | Experiences - Verona\",\"isPartOf\":{\"@id\":\"https:\/\/artome.fi\/en\/#website\"},\"primaryImageOfPage\":{\"@id\":\"https:\/\/artome.fi\/en\/experiences-verona-international\/#primaryimage\"},\"image\":{\"@id\":\"https:\/\/artome.fi\/en\/experiences-verona-international\/#primaryimage\"},\"thumbnailUrl\":\"https:\/\/artome.fi\/wp-content\/uploads\/2022\/06\/Verona_office_2021_edited-1536x864.jpg\",\"datePublished\":\"2022-06-09T10:42:23+00:00\",\"dateModified\":\"2023-11-08T15:47:00+00:00\",\"description\":\"Customized style for unique space. Meets the needs without additional installations.Read more about why Verona international chose Artome M10\",\"breadcrumb\":{\"@id\":\"https:\/\/artome.fi\/en\/experiences-verona-international\/#breadcrumb\"},\"inLanguage\":\"sv-SE\",\"potentialAction\":[{\"@type\":\"ReadAction\",\"target\":[\"https:\/\/artome.fi\/en\/experiences-verona-international\/\"]}]},{\"@type\":\"ImageObject\",\"inLanguage\":\"sv-SE\",\"@id\":\"https:\/\/artome.fi\/en\/experiences-verona-international\/#primaryimage\",\"url\":\"https:\/\/artome.fi\/wp-content\/uploads\/2022\/06\/Verona_office_2021_edited-1536x864.jpg\",\"contentUrl\":\"https:\/\/artome.fi\/wp-content\/uploads\/2022\/06\/Verona_office_2021_edited-1536x864.jpg\"},{\"@type\":\"BreadcrumbList\",\"@id\":\"https:\/\/artome.fi\/en\/experiences-verona-international\/#breadcrumb\",\"itemListElement\":[{\"@type\":\"ListItem\",\"position\":1,\"name\":\"Etusivu\",\"item\":\"https:\/\/artome.fi\/en\/\"},{\"@type\":\"ListItem\",\"position\":2,\"name\":\"Verona\"}]},{\"@type\":\"WebSite\",\"@id\":\"https:\/\/artome.fi\/en\/#website\",\"url\":\"https:\/\/artome.fi\/en\/\",\"name\":\"Artome\",\"description\":\"Redesigning audiovisual with smart furniture\",\"publisher\":{\"@id\":\"https:\/\/artome.fi\/en\/#organization\"},\"potentialAction\":[{\"@type\":\"SearchAction\",\"target\":{\"@type\":\"EntryPoint\",\"urlTemplate\":\"https:\/\/artome.fi\/en\/?s={search_term_string}\"},\"query-input\":{\"@type\":\"PropertyValueSpecification\",\"valueRequired\":true,\"valueName\":\"search_term_string\"}}],\"inLanguage\":\"sv-SE\"},{\"@type\":\"Organization\",\"@id\":\"https:\/\/artome.fi\/en\/#organization\",\"name\":\"Artome\",\"url\":\"https:\/\/artome.fi\/en\/\",\"logo\":{\"@type\":\"ImageObject\",\"inLanguage\":\"sv-SE\",\"@id\":\"https:\/\/artome.fi\/en\/#\/schema\/logo\/image\/\",\"url\":\"https:\/\/artome.fi\/wp-content\/uploads\/2022\/02\/artome_logo_black.png\",\"contentUrl\":\"https:\/\/artome.fi\/wp-content\/uploads\/2022\/02\/artome_logo_black.png\",\"width\":1280,\"height\":496,\"caption\":\"Artome\"},\"image\":{\"@id\":\"https:\/\/artome.fi\/en\/#\/schema\/logo\/image\/\"}}]}<\/script>\n<!-- \/ Yoast SEO Premium plugin. -->","yoast_head_json":{"title":"Artome | Upplevelser - Verona","description":"Anpassad stil f\u00f6r unika utrymmen. Uppfyller behoven utan ytterligare installationer.L\u00e4s mer om varf\u00f6r Verona International valde Artome M10","robots":{"index":"index","follow":"follow","max-snippet":"max-snippet:-1","max-image-preview":"max-image-preview:large","max-video-preview":"max-video-preview:-1"},"canonical":"https:\/\/artome.fi\/sv\/experiences-verona-international\/","og_locale":"sv_SE","og_type":"article","og_title":"Verona","og_description":"Customized style for unique space. Meets the needs without additional installations.Read more about why Verona international chose Artome M10","og_url":"https:\/\/artome.fi\/sv\/experiences-verona-international\/","og_site_name":"Artome","article_modified_time":"2023-11-08T15:47:00+00:00","og_image":[{"url":"https:\/\/artome.fi\/wp-content\/uploads\/2022\/06\/Verona_office_2021_edited-1536x864.jpg","type":"","width":"","height":""}],"twitter_card":"summary_large_image","twitter_misc":{"Ber\u00e4knad l\u00e4stid":"2 minuter"},"schema":{"@context":"https:\/\/schema.org","@graph":[{"@type":"WebPage","@id":"https:\/\/artome.fi\/en\/experiences-verona-international\/","url":"https:\/\/artome.fi\/en\/experiences-verona-international\/","name":"Artome | Upplevelser - Verona","isPartOf":{"@id":"https:\/\/artome.fi\/en\/#website"},"primaryImageOfPage":{"@id":"https:\/\/artome.fi\/en\/experiences-verona-international\/#primaryimage"},"image":{"@id":"https:\/\/artome.fi\/en\/experiences-verona-international\/#primaryimage"},"thumbnailUrl":"https:\/\/artome.fi\/wp-content\/uploads\/2022\/06\/Verona_office_2021_edited-1536x864.jpg","datePublished":"2022-06-09T10:42:23+00:00","dateModified":"2023-11-08T15:47:00+00:00","description":"Anpassad stil f\u00f6r unika utrymmen. Uppfyller behoven utan ytterligare installationer.L\u00e4s mer om varf\u00f6r Verona International valde Artome M10","breadcrumb":{"@id":"https:\/\/artome.fi\/en\/experiences-verona-international\/#breadcrumb"},"inLanguage":"sv-SE","potentialAction":[{"@type":"ReadAction","target":["https:\/\/artome.fi\/en\/experiences-verona-international\/"]}]},{"@type":"ImageObject","inLanguage":"sv-SE","@id":"https:\/\/artome.fi\/en\/experiences-verona-international\/#primaryimage","url":"https:\/\/artome.fi\/wp-content\/uploads\/2022\/06\/Verona_office_2021_edited-1536x864.jpg","contentUrl":"https:\/\/artome.fi\/wp-content\/uploads\/2022\/06\/Verona_office_2021_edited-1536x864.jpg"},{"@type":"BreadcrumbList","@id":"https:\/\/artome.fi\/en\/experiences-verona-international\/#breadcrumb","itemListElement":[{"@type":"ListItem","position":1,"name":"Etusivu","item":"https:\/\/artome.fi\/en\/"},{"@type":"ListItem","position":2,"name":"Verona"}]},{"@type":"WebSite","@id":"https:\/\/artome.fi\/en\/#website","url":"https:\/\/artome.fi\/en\/","name":"Artome","description":"Omdesign av audiovisuella medier med smarta m\u00f6bler","publisher":{"@id":"https:\/\/artome.fi\/en\/#organization"},"potentialAction":[{"@type":"SearchAction","target":{"@type":"EntryPoint","urlTemplate":"https:\/\/artome.fi\/en\/?s={search_term_string}"},"query-input":{"@type":"PropertyValueSpecification","valueRequired":true,"valueName":"search_term_string"}}],"inLanguage":"sv-SE"},{"@type":"Organization","@id":"https:\/\/artome.fi\/en\/#organization","name":"Artome","url":"https:\/\/artome.fi\/en\/","logo":{"@type":"ImageObject","inLanguage":"sv-SE","@id":"https:\/\/artome.fi\/en\/#\/schema\/logo\/image\/","url":"https:\/\/artome.fi\/wp-content\/uploads\/2022\/02\/artome_logo_black.png","contentUrl":"https:\/\/artome.fi\/wp-content\/uploads\/2022\/02\/artome_logo_black.png","width":1280,"height":496,"caption":"Artome"},"image":{"@id":"https:\/\/artome.fi\/en\/#\/schema\/logo\/image\/"}}]}},"_links":{"self":[{"href":"https:\/\/artome.fi\/sv\/wp-json\/wp\/v2\/pages\/1082","targetHints":{"allow":["GET"]}}],"collection":[{"href":"https:\/\/artome.fi\/sv\/wp-json\/wp\/v2\/pages"}],"about":[{"href":"https:\/\/artome.fi\/sv\/wp-json\/wp\/v2\/types\/page"}],"author":[{"embeddable":true,"href":"https:\/\/artome.fi\/sv\/wp-json\/wp\/v2\/users\/1"}],"replies":[{"embeddable":true,"href":"https:\/\/artome.fi\/sv\/wp-json\/wp\/v2\/comments?post=1082"}],"version-history":[{"count":34,"href":"https:\/\/artome.fi\/sv\/wp-json\/wp\/v2\/pages\/1082\/revisions"}],"predecessor-version":[{"id":6603,"href":"https:\/\/artome.fi\/sv\/wp-json\/wp\/v2\/pages\/1082\/revisions\/6603"}],"wp:attachment":[{"href":"https:\/\/artome.fi\/sv\/wp-json\/wp\/v2\/media?parent=1082"}],"curies":[{"name":"wp","href":"https:\/\/api.w.org\/{rel}","templated":true}]}}