{"id":1332,"date":"2022-06-15T02:53:31","date_gmt":"2022-06-15T02:53:31","guid":{"rendered":"https:\/\/artome.fi\/?page_id=1332"},"modified":"2022-11-28T13:07:19","modified_gmt":"2022-11-28T13:07:19","slug":"artome-wins-gold-in-best-of-neocon","status":"publish","type":"page","link":"https:\/\/artome.fi\/sv\/artome-wins-gold-in-best-of-neocon\/","title":{"rendered":"Artome vinner guld i Best of NeoCon"},"content":{"rendered":"<div data-elementor-type=\"wp-page\" data-elementor-id=\"1332\" class=\"elementor elementor-1332\" data-elementor-post-type=\"page\">\n\t\t\t\t\t\t<section class=\"elementor-section elementor-top-section elementor-element elementor-element-1a7b4e02 ct-section-stretched elementor-section-height-min-height elementor-section-full_width elementor-section-height-default elementor-section-items-middle\" data-id=\"1a7b4e02\" data-element_type=\"section\" data-settings=\"{&quot;background_background&quot;:&quot;classic&quot;}\">\n\t\t\t\t\t\t<div class=\"elementor-container elementor-column-gap-no\">\n\t\t\t\t\t<div class=\"elementor-column elementor-col-100 elementor-top-column elementor-element elementor-element-2bd09a6c\" data-id=\"2bd09a6c\" data-element_type=\"column\">\n\t\t\t<div class=\"elementor-widget-wrap elementor-element-populated\">\n\t\t\t\t\t\t<div class=\"elementor-element elementor-element-5102820 elementor-widget elementor-widget-heading\" data-id=\"5102820\" data-element_type=\"widget\" data-widget_type=\"heading.default\">\n\t\t\t\t<div class=\"elementor-widget-container\">\n\t\t\t\t\t<h1 class=\"elementor-heading-title elementor-size-default\">Nyheter om Artome<\/h1>\t\t\t\t<\/div>\n\t\t\t\t<\/div>\n\t\t\t\t\t<\/div>\n\t\t<\/div>\n\t\t\t\t\t<\/div>\n\t\t<\/section>\n\t\t\t\t<section class=\"elementor-section elementor-top-section elementor-element elementor-element-66a6e5e4 ct-section-stretched elementor-section-boxed elementor-section-height-default elementor-section-height-default\" data-id=\"66a6e5e4\" data-element_type=\"section\">\n\t\t\t\t\t\t<div class=\"elementor-container elementor-column-gap-no\">\n\t\t\t\t\t<div class=\"elementor-column elementor-col-100 elementor-top-column elementor-element elementor-element-4d3f3079\" data-id=\"4d3f3079\" data-element_type=\"column\">\n\t\t\t<div class=\"elementor-widget-wrap elementor-element-populated\">\n\t\t\t\t\t\t<div class=\"elementor-element elementor-element-68da30a0 elementor-widget elementor-widget-heading\" data-id=\"68da30a0\" data-element_type=\"widget\" data-widget_type=\"heading.default\">\n\t\t\t\t<div class=\"elementor-widget-container\">\n\t\t\t\t\t<h2 class=\"elementor-heading-title elementor-size-default\">Heinola-baserade tillv\u00e4xtf\u00f6retaget Artome vinner det mest lysande priset i USA<\/h2>\t\t\t\t<\/div>\n\t\t\t\t<\/div>\n\t\t\t\t<div class=\"elementor-element elementor-element-20bffcf3 elementor-widget elementor-widget-text-editor\" data-id=\"20bffcf3\" data-element_type=\"widget\" data-widget_type=\"text-editor.default\">\n\t\t\t\t<div class=\"elementor-widget-container\">\n\t\t\t\t\t\t\t\t\t<p>Artome, den Heinola-baserade tillverkaren av smarta m\u00f6bler, lanserade den smarta m\u00f6beln Artome M10 p\u00e5 den amerikanska marknaden vid kontinentens viktigaste inredningsevenemang, NeoCon i Chicago. F\u00f6retaget deltog i t\u00e4vlingen Best of NeoCon i kategorin Integrated Solutions och vann guld med den smarta m\u00f6beln Artome M10. Artome har redan utm\u00e4rkt sig internationellt i m\u00e5nga l\u00e4nder, men den amerikanska marknaden \u00e4r en ny satsning f\u00f6r Artome.<\/p>\t\t\t\t\t\t\t\t<\/div>\n\t\t\t\t<\/div>\n\t\t\t\t<div class=\"elementor-element elementor-element-cb02c85 elementor-blockquote--skin-quotation elementor-widget elementor-widget-blockquote\" data-id=\"cb02c85\" data-element_type=\"widget\" data-widget_type=\"blockquote.default\">\n\t\t\t\t<div class=\"elementor-widget-container\">\n\t\t\t\t\t\t\t<blockquote class=\"elementor-blockquote\">\n\t\t\t<p class=\"elementor-blockquote__content\">\n\t\t\t\tDet internationella intresset f\u00f6r Artome tog fart direkt efter lanseringen i mars 2021 och redan inom de f\u00f6rsta tre m\u00e5naderna efter lanseringen hade distributionsavtal tecknats i 12 l\u00e4nder.\t\t\t<\/p>\n\t\t\t\t\t\t\t<div class=\"e-q-footer\">\n\t\t\t\t\t\t\t\t\t\t\t<cite class=\"elementor-blockquote__author\">Toni Parikka, grundare av Artome<\/cite>\n\t\t\t\t\t\t\t\t\t\t\t\t\t\t<\/div>\n\t\t\t\t\t<\/blockquote>\n\t\t\t\t\t\t<\/div>\n\t\t\t\t<\/div>\n\t\t\t\t<div class=\"elementor-element elementor-element-9914ce5 elementor-widget elementor-widget-image\" data-id=\"9914ce5\" data-element_type=\"widget\" data-widget_type=\"image.default\">\n\t\t\t\t<div class=\"elementor-widget-container\">\n\t\t\t\t\t\t\t\t\t\t\t\t\t\t\t<img fetchpriority=\"high\" decoding=\"async\" width=\"1080\" height=\"1350\" src=\"https:\/\/artome.fi\/wp-content\/uploads\/2022\/06\/Artome_M10_winner_NeoCon2022.jpg\" class=\"attachment-1536x1536 size-1536x1536 wp-image-1335\" alt=\"Artome M10 \u00e4r vinnaren i t\u00e4vlingen &quot;Best of NeoCon&quot;...\" srcset=\"https:\/\/artome.fi\/wp-content\/uploads\/2022\/06\/Artome_M10_winner_NeoCon2022.jpg 1080w, https:\/\/artome.fi\/wp-content\/uploads\/2022\/06\/Artome_M10_winner_NeoCon2022-240x300.jpg 240w, https:\/\/artome.fi\/wp-content\/uploads\/2022\/06\/Artome_M10_winner_NeoCon2022-819x1024.jpg 819w, https:\/\/artome.fi\/wp-content\/uploads\/2022\/06\/Artome_M10_winner_NeoCon2022-768x960.jpg 768w, https:\/\/artome.fi\/wp-content\/uploads\/2022\/06\/Artome_M10_winner_NeoCon2022-10x12.jpg 10w\" sizes=\"(max-width: 1080px) 100vw, 1080px\" \/>\t\t\t\t\t\t\t\t\t\t\t\t\t\t\t<\/div>\n\t\t\t\t<\/div>\n\t\t\t\t\t<\/div>\n\t\t<\/div>\n\t\t\t\t\t<\/div>\n\t\t<\/section>\n\t\t\t\t<section class=\"elementor-section elementor-top-section elementor-element elementor-element-68e2526e ct-section-stretched elementor-reverse-mobile elementor-section-boxed elementor-section-height-default elementor-section-height-default\" data-id=\"68e2526e\" data-element_type=\"section\">\n\t\t\t\t\t\t<div class=\"elementor-container elementor-column-gap-default\">\n\t\t\t\t\t<div class=\"elementor-column elementor-col-50 elementor-top-column elementor-element elementor-element-53b8ec4e\" data-id=\"53b8ec4e\" data-element_type=\"column\" data-settings=\"{&quot;background_background&quot;:&quot;classic&quot;}\">\n\t\t\t<div class=\"elementor-widget-wrap elementor-element-populated\">\n\t\t\t\t\t\t<div class=\"elementor-element elementor-element-1a55a112 elementor-widget elementor-widget-text-editor\" data-id=\"1a55a112\" data-element_type=\"widget\" data-widget_type=\"text-editor.default\">\n\t\t\t\t<div class=\"elementor-widget-container\">\n\t\t\t\t\t\t\t\t\t<p>Den fritt monterbara Artome M10 utmanar traditionella fasta audiovisuella l\u00f6sningar. Den kombinerar en laserprojektor fr\u00e5n Epson, ett ljudsystem och videokonferensfunktioner. Denna b\u00e4rbara smarta enhet levererar r\u00e4tt bild (upp till 150 tum) och ljud f\u00f6r alla utrymmen. Artome M10 levereras ocks\u00e5 med f\u00e4rdiga anslutningar f\u00f6r mikrofoner och kameror.<\/p><p><span style=\"font-family: 'Nunito Sans'; font-size: inherit; text-align: inherit; background-color: var(--palettecolor7); font-style: var(--fontStyle, inherit); letter-spacing: var(--letterSpacing); text-transform: var(--textTransform);\">Det audiovisuella teknikorienterade f\u00f6retaget flaggar f\u00f6r h\u00e5llbar rumsdesign och installationsfri teknik. Artome str\u00e4var efter att tillhandah\u00e5lla l\u00e4ttanv\u00e4nd presentationsteknik och elegans f\u00f6r alla typer av utrymmen \u00f6ver hela v\u00e4rlden.<\/span><\/p>\t\t\t\t\t\t\t\t<\/div>\n\t\t\t\t<\/div>\n\t\t\t\t<div class=\"elementor-element elementor-element-11d2320 elementor-widget elementor-widget-text-editor\" data-id=\"11d2320\" data-element_type=\"widget\" data-widget_type=\"text-editor.default\">\n\t\t\t\t<div class=\"elementor-widget-container\">\n\t\t\t\t\t\t\t\t\t<p>NeoCon 2022, Chicago 13-15 juni 2022<\/p>\t\t\t\t\t\t\t\t<\/div>\n\t\t\t\t<\/div>\n\t\t\t\t\t<\/div>\n\t\t<\/div>\n\t\t\t\t<div class=\"elementor-column elementor-col-50 elementor-top-column elementor-element elementor-element-5a5bb826\" data-id=\"5a5bb826\" data-element_type=\"column\" data-settings=\"{&quot;background_background&quot;:&quot;classic&quot;}\">\n\t\t\t<div class=\"elementor-widget-wrap elementor-element-populated\">\n\t\t\t\t\t\t<div class=\"elementor-element elementor-element-33ea681b elementor-widget elementor-widget-heading\" data-id=\"33ea681b\" data-element_type=\"widget\" data-widget_type=\"heading.default\">\n\t\t\t\t<div class=\"elementor-widget-container\">\n\t\t\t\t\t<h2 class=\"elementor-heading-title elementor-size-default\">Artome M10<\/h2>\t\t\t\t<\/div>\n\t\t\t\t<\/div>\n\t\t\t\t\t<\/div>\n\t\t<\/div>\n\t\t\t\t\t<\/div>\n\t\t<\/section>\n\t\t\t\t<section class=\"elementor-section elementor-top-section elementor-element elementor-element-a924b12 elementor-section-boxed elementor-section-height-default elementor-section-height-default\" data-id=\"a924b12\" data-element_type=\"section\">\n\t\t\t\t\t\t<div class=\"elementor-container elementor-column-gap-default\">\n\t\t\t\t\t<div class=\"elementor-column elementor-col-100 elementor-top-column elementor-element elementor-element-e051d95\" data-id=\"e051d95\" data-element_type=\"column\">\n\t\t\t<div class=\"elementor-widget-wrap elementor-element-populated\">\n\t\t\t\t\t\t<div class=\"elementor-element elementor-element-68d93bb elementor-widget elementor-widget-heading\" data-id=\"68d93bb\" data-element_type=\"widget\" data-widget_type=\"heading.default\">\n\t\t\t\t<div class=\"elementor-widget-container\">\n\t\t\t\t\t<h2 class=\"elementor-heading-title elementor-size-default\">Vill du veta mer om Artome M10 smarta m\u00f6bler?<\/h2>\t\t\t\t<\/div>\n\t\t\t\t<\/div>\n\t\t\t\t<div class=\"elementor-element elementor-element-7ec2e66 elementor-align-center elementor-widget elementor-widget-button\" data-id=\"7ec2e66\" data-element_type=\"widget\" data-widget_type=\"button.default\">\n\t\t\t\t<div class=\"elementor-widget-container\">\n\t\t\t\t\t\t\t\t\t<div class=\"elementor-button-wrapper\">\n\t\t\t\t\t<a class=\"elementor-button elementor-button-link elementor-size-sm\" href=\"https:\/\/artome.fi\/sv\/artomem10\/\">\n\t\t\t\t\t\t<span class=\"elementor-button-content-wrapper\">\n\t\t\t\t\t\t\t\t\t<span class=\"elementor-button-text\">Klicka h\u00e4r<\/span>\n\t\t\t\t\t<\/span>\n\t\t\t\t\t<\/a>\n\t\t\t\t<\/div>\n\t\t\t\t\t\t\t\t<\/div>\n\t\t\t\t<\/div>\n\t\t\t\t\t<\/div>\n\t\t<\/div>\n\t\t\t\t\t<\/div>\n\t\t<\/section>\n\t\t\t\t<\/div>","protected":false},"excerpt":{"rendered":"<p>Artome News Heinolalainen kasvuyritys Artome nappasi kirkkaimman palkinnon Yhdysvalloissa Heinolalainen \u00e4lykalustevalmistaja Artome lanseerasi Artome M10 \u00e4lykalusteen Yhdysvaltojen markkinoille maanosan t\u00e4rkeimm\u00e4ss\u00e4 sisustusalan tapahtumassa NeoConissa Chicagossa. Yritys osallistui samassa yhteydess\u00e4 j\u00e4rjestettyyn Best of NeoCon -kilpailuun Integrated Solutions -kategoriassa ja voitti kultaa Artome M10 \u00e4lykalusteella. Artome on erottautunut kansainv\u00e4lisell\u00e4 tasolla edukseen jo monessa eri maassa, mutta Yhdysvaltojen markkinat [&hellip;]<\/p>\n","protected":false},"author":1,"featured_media":0,"parent":0,"menu_order":0,"comment_status":"closed","ping_status":"closed","template":"elementor_header_footer","meta":{"om_disable_all_campaigns":false,"_monsterinsights_skip_tracking":false,"_monsterinsights_sitenote_active":false,"_monsterinsights_sitenote_note":"","_monsterinsights_sitenote_category":0,"_uf_show_specific_survey":0,"_uf_disable_surveys":false,"footnotes":""},"class_list":["post-1332","page","type-page","status-publish","hentry"],"blocksy_meta":{"styles_descriptor":{"styles":{"desktop":"","tablet":"","mobile":""},"google_fonts":[],"version":6}},"aioseo_notices":[],"yoast_head":"<!-- This site is optimized with the Yoast SEO Premium plugin v23.2 (Yoast SEO v26.3) - https:\/\/yoast.com\/wordpress\/plugins\/seo\/ -->\n<title>Artome | News - Artome takes gold in the Best of NeoCon<\/title>\n<meta name=\"description\" content=\"Artome | News | Artome takes gold in the Best of NeoCon competition in Chicago US. Check out more.\" \/>\n<meta name=\"robots\" content=\"index, follow, max-snippet:-1, max-image-preview:large, max-video-preview:-1\" \/>\n<link rel=\"canonical\" href=\"https:\/\/artome.fi\/sv\/artome-wins-gold-in-best-of-neocon\/\" \/>\n<meta property=\"og:locale\" content=\"sv_SE\" \/>\n<meta property=\"og:type\" content=\"article\" \/>\n<meta property=\"og:title\" content=\"Artome wins gold in the Best of NeoCon\" \/>\n<meta property=\"og:description\" content=\"Artome | News | Artome takes gold in the Best of NeoCon competition in Chicago US. Check out more.\" \/>\n<meta property=\"og:url\" content=\"https:\/\/artome.fi\/sv\/artome-wins-gold-in-best-of-neocon\/\" \/>\n<meta property=\"og:site_name\" content=\"Artome\" \/>\n<meta property=\"article:modified_time\" content=\"2022-11-28T13:07:19+00:00\" \/>\n<meta property=\"og:image\" content=\"https:\/\/artome.fi\/wp-content\/uploads\/2022\/06\/Artome_M10_winner_NeoCon2022.jpg\" \/>\n<meta name=\"twitter:card\" content=\"summary_large_image\" \/>\n<meta name=\"twitter:label1\" content=\"Ber\u00e4knad l\u00e4stid\" \/>\n\t<meta name=\"twitter:data1\" content=\"2 minuter\" \/>\n<script type=\"application\/ld+json\" class=\"yoast-schema-graph\">{\"@context\":\"https:\/\/schema.org\",\"@graph\":[{\"@type\":\"WebPage\",\"@id\":\"https:\/\/artome.fi\/artome-wins-gold-in-best-of-neocon\/\",\"url\":\"https:\/\/artome.fi\/artome-wins-gold-in-best-of-neocon\/\",\"name\":\"Artome | News - Artome takes gold in the Best of NeoCon\",\"isPartOf\":{\"@id\":\"https:\/\/artome.fi\/en\/#website\"},\"primaryImageOfPage\":{\"@id\":\"https:\/\/artome.fi\/artome-wins-gold-in-best-of-neocon\/#primaryimage\"},\"image\":{\"@id\":\"https:\/\/artome.fi\/artome-wins-gold-in-best-of-neocon\/#primaryimage\"},\"thumbnailUrl\":\"https:\/\/artome.fi\/wp-content\/uploads\/2022\/06\/Artome_M10_winner_NeoCon2022.jpg\",\"datePublished\":\"2022-06-15T02:53:31+00:00\",\"dateModified\":\"2022-11-28T13:07:19+00:00\",\"description\":\"Artome | News | Artome takes gold in the Best of NeoCon competition in Chicago US. Check out more.\",\"breadcrumb\":{\"@id\":\"https:\/\/artome.fi\/artome-wins-gold-in-best-of-neocon\/#breadcrumb\"},\"inLanguage\":\"sv-SE\",\"potentialAction\":[{\"@type\":\"ReadAction\",\"target\":[\"https:\/\/artome.fi\/artome-wins-gold-in-best-of-neocon\/\"]}]},{\"@type\":\"ImageObject\",\"inLanguage\":\"sv-SE\",\"@id\":\"https:\/\/artome.fi\/artome-wins-gold-in-best-of-neocon\/#primaryimage\",\"url\":\"https:\/\/artome.fi\/wp-content\/uploads\/2022\/06\/Artome_M10_winner_NeoCon2022.jpg\",\"contentUrl\":\"https:\/\/artome.fi\/wp-content\/uploads\/2022\/06\/Artome_M10_winner_NeoCon2022.jpg\"},{\"@type\":\"BreadcrumbList\",\"@id\":\"https:\/\/artome.fi\/artome-wins-gold-in-best-of-neocon\/#breadcrumb\",\"itemListElement\":[{\"@type\":\"ListItem\",\"position\":1,\"name\":\"Etusivu\",\"item\":\"https:\/\/artome.fi\/en\/\"},{\"@type\":\"ListItem\",\"position\":2,\"name\":\"Artome wins gold in the Best of NeoCon\"}]},{\"@type\":\"WebSite\",\"@id\":\"https:\/\/artome.fi\/en\/#website\",\"url\":\"https:\/\/artome.fi\/en\/\",\"name\":\"Artome\",\"description\":\"Redesigning audiovisual with smart furniture\",\"publisher\":{\"@id\":\"https:\/\/artome.fi\/en\/#organization\"},\"potentialAction\":[{\"@type\":\"SearchAction\",\"target\":{\"@type\":\"EntryPoint\",\"urlTemplate\":\"https:\/\/artome.fi\/en\/?s={search_term_string}\"},\"query-input\":{\"@type\":\"PropertyValueSpecification\",\"valueRequired\":true,\"valueName\":\"search_term_string\"}}],\"inLanguage\":\"sv-SE\"},{\"@type\":\"Organization\",\"@id\":\"https:\/\/artome.fi\/en\/#organization\",\"name\":\"Artome\",\"url\":\"https:\/\/artome.fi\/en\/\",\"logo\":{\"@type\":\"ImageObject\",\"inLanguage\":\"sv-SE\",\"@id\":\"https:\/\/artome.fi\/en\/#\/schema\/logo\/image\/\",\"url\":\"https:\/\/artome.fi\/wp-content\/uploads\/2022\/02\/artome_logo_black.png\",\"contentUrl\":\"https:\/\/artome.fi\/wp-content\/uploads\/2022\/02\/artome_logo_black.png\",\"width\":1280,\"height\":496,\"caption\":\"Artome\"},\"image\":{\"@id\":\"https:\/\/artome.fi\/en\/#\/schema\/logo\/image\/\"}}]}<\/script>\n<!-- \/ Yoast SEO Premium plugin. -->","yoast_head_json":{"title":"Artome | Nyheter - Artome tar guld i Best of NeoCon","description":"Artome | Nyheter | Artome tar guld i t\u00e4vlingen Best of NeoCon i Chicago, USA. L\u00e4s mer.","robots":{"index":"index","follow":"follow","max-snippet":"max-snippet:-1","max-image-preview":"max-image-preview:large","max-video-preview":"max-video-preview:-1"},"canonical":"https:\/\/artome.fi\/sv\/artome-wins-gold-in-best-of-neocon\/","og_locale":"sv_SE","og_type":"article","og_title":"Artome wins gold in the Best of NeoCon","og_description":"Artome | News | Artome takes gold in the Best of NeoCon competition in Chicago US. Check out more.","og_url":"https:\/\/artome.fi\/sv\/artome-wins-gold-in-best-of-neocon\/","og_site_name":"Artome","article_modified_time":"2022-11-28T13:07:19+00:00","og_image":[{"url":"https:\/\/artome.fi\/wp-content\/uploads\/2022\/06\/Artome_M10_winner_NeoCon2022.jpg","type":"","width":"","height":""}],"twitter_card":"summary_large_image","twitter_misc":{"Ber\u00e4knad l\u00e4stid":"2 minuter"},"schema":{"@context":"https:\/\/schema.org","@graph":[{"@type":"WebPage","@id":"https:\/\/artome.fi\/artome-wins-gold-in-best-of-neocon\/","url":"https:\/\/artome.fi\/artome-wins-gold-in-best-of-neocon\/","name":"Artome | Nyheter - Artome tar guld i Best of NeoCon","isPartOf":{"@id":"https:\/\/artome.fi\/en\/#website"},"primaryImageOfPage":{"@id":"https:\/\/artome.fi\/artome-wins-gold-in-best-of-neocon\/#primaryimage"},"image":{"@id":"https:\/\/artome.fi\/artome-wins-gold-in-best-of-neocon\/#primaryimage"},"thumbnailUrl":"https:\/\/artome.fi\/wp-content\/uploads\/2022\/06\/Artome_M10_winner_NeoCon2022.jpg","datePublished":"2022-06-15T02:53:31+00:00","dateModified":"2022-11-28T13:07:19+00:00","description":"Artome | Nyheter | Artome tar guld i t\u00e4vlingen Best of NeoCon i Chicago, USA. L\u00e4s mer.","breadcrumb":{"@id":"https:\/\/artome.fi\/artome-wins-gold-in-best-of-neocon\/#breadcrumb"},"inLanguage":"sv-SE","potentialAction":[{"@type":"ReadAction","target":["https:\/\/artome.fi\/artome-wins-gold-in-best-of-neocon\/"]}]},{"@type":"ImageObject","inLanguage":"sv-SE","@id":"https:\/\/artome.fi\/artome-wins-gold-in-best-of-neocon\/#primaryimage","url":"https:\/\/artome.fi\/wp-content\/uploads\/2022\/06\/Artome_M10_winner_NeoCon2022.jpg","contentUrl":"https:\/\/artome.fi\/wp-content\/uploads\/2022\/06\/Artome_M10_winner_NeoCon2022.jpg"},{"@type":"BreadcrumbList","@id":"https:\/\/artome.fi\/artome-wins-gold-in-best-of-neocon\/#breadcrumb","itemListElement":[{"@type":"ListItem","position":1,"name":"Etusivu","item":"https:\/\/artome.fi\/en\/"},{"@type":"ListItem","position":2,"name":"Artome wins gold in the Best of NeoCon"}]},{"@type":"WebSite","@id":"https:\/\/artome.fi\/en\/#website","url":"https:\/\/artome.fi\/en\/","name":"Artome","description":"Omdesign av audiovisuella medier med smarta m\u00f6bler","publisher":{"@id":"https:\/\/artome.fi\/en\/#organization"},"potentialAction":[{"@type":"SearchAction","target":{"@type":"EntryPoint","urlTemplate":"https:\/\/artome.fi\/en\/?s={search_term_string}"},"query-input":{"@type":"PropertyValueSpecification","valueRequired":true,"valueName":"search_term_string"}}],"inLanguage":"sv-SE"},{"@type":"Organization","@id":"https:\/\/artome.fi\/en\/#organization","name":"Artome","url":"https:\/\/artome.fi\/en\/","logo":{"@type":"ImageObject","inLanguage":"sv-SE","@id":"https:\/\/artome.fi\/en\/#\/schema\/logo\/image\/","url":"https:\/\/artome.fi\/wp-content\/uploads\/2022\/02\/artome_logo_black.png","contentUrl":"https:\/\/artome.fi\/wp-content\/uploads\/2022\/02\/artome_logo_black.png","width":1280,"height":496,"caption":"Artome"},"image":{"@id":"https:\/\/artome.fi\/en\/#\/schema\/logo\/image\/"}}]}},"_links":{"self":[{"href":"https:\/\/artome.fi\/sv\/wp-json\/wp\/v2\/pages\/1332","targetHints":{"allow":["GET"]}}],"collection":[{"href":"https:\/\/artome.fi\/sv\/wp-json\/wp\/v2\/pages"}],"about":[{"href":"https:\/\/artome.fi\/sv\/wp-json\/wp\/v2\/types\/page"}],"author":[{"embeddable":true,"href":"https:\/\/artome.fi\/sv\/wp-json\/wp\/v2\/users\/1"}],"replies":[{"embeddable":true,"href":"https:\/\/artome.fi\/sv\/wp-json\/wp\/v2\/comments?post=1332"}],"version-history":[{"count":25,"href":"https:\/\/artome.fi\/sv\/wp-json\/wp\/v2\/pages\/1332\/revisions"}],"predecessor-version":[{"id":2495,"href":"https:\/\/artome.fi\/sv\/wp-json\/wp\/v2\/pages\/1332\/revisions\/2495"}],"wp:attachment":[{"href":"https:\/\/artome.fi\/sv\/wp-json\/wp\/v2\/media?parent=1332"}],"curies":[{"name":"wp","href":"https:\/\/api.w.org\/{rel}","templated":true}]}}