{"id":1556,"date":"2022-07-20T05:51:22","date_gmt":"2022-07-20T05:51:22","guid":{"rendered":"https:\/\/artome.fi\/?page_id=1556"},"modified":"2022-11-24T13:03:34","modified_gmt":"2022-11-24T13:03:34","slug":"experiences_hotel_ax","status":"publish","type":"page","link":"https:\/\/artome.fi\/sv\/experiences_hotel_ax\/","title":{"rendered":"Hotell AX"},"content":{"rendered":"<div data-elementor-type=\"wp-page\" data-elementor-id=\"1556\" class=\"elementor elementor-1556\" data-elementor-post-type=\"page\">\n\t\t\t\t\t\t<section class=\"elementor-section elementor-top-section elementor-element elementor-element-3534248f elementor-section-boxed elementor-section-height-default elementor-section-height-default\" data-id=\"3534248f\" data-element_type=\"section\">\n\t\t\t\t\t\t<div class=\"elementor-container elementor-column-gap-default\">\n\t\t\t\t\t<div class=\"elementor-column elementor-col-100 elementor-top-column elementor-element elementor-element-7e992384\" data-id=\"7e992384\" data-element_type=\"column\">\n\t\t\t<div class=\"elementor-widget-wrap elementor-element-populated\">\n\t\t\t\t\t\t<div class=\"elementor-element elementor-element-1c6fc7a6 elementor-mobile-align-center elementor-widget elementor-widget-button\" data-id=\"1c6fc7a6\" data-element_type=\"widget\" data-widget_type=\"button.default\">\n\t\t\t\t<div class=\"elementor-widget-container\">\n\t\t\t\t\t\t\t\t\t<div class=\"elementor-button-wrapper\">\n\t\t\t\t\t<a class=\"elementor-button elementor-button-link elementor-size-sm\" href=\"https:\/\/artome.fi\/sv\/experiences\/\">\n\t\t\t\t\t\t<span class=\"elementor-button-content-wrapper\">\n\t\t\t\t\t\t\t\t\t<span class=\"elementor-button-text\">Erfarenheter<\/span>\n\t\t\t\t\t<\/span>\n\t\t\t\t\t<\/a>\n\t\t\t\t<\/div>\n\t\t\t\t\t\t\t\t<\/div>\n\t\t\t\t<\/div>\n\t\t\t\t<div class=\"elementor-element elementor-element-45ba0a9e elementor-widget elementor-widget-heading\" data-id=\"45ba0a9e\" data-element_type=\"widget\" data-widget_type=\"heading.default\">\n\t\t\t\t<div class=\"elementor-widget-container\">\n\t\t\t\t\t<h2 class=\"elementor-heading-title elementor-size-xl\">Hotell AX<\/h2>\t\t\t\t<\/div>\n\t\t\t\t<\/div>\n\t\t\t\t\t<\/div>\n\t\t<\/div>\n\t\t\t\t\t<\/div>\n\t\t<\/section>\n\t\t\t\t<section class=\"elementor-section elementor-top-section elementor-element elementor-element-7b47d842 elementor-section-boxed elementor-section-height-default elementor-section-height-default\" data-id=\"7b47d842\" data-element_type=\"section\">\n\t\t\t\t\t\t<div class=\"elementor-container elementor-column-gap-default\">\n\t\t\t\t\t<div class=\"elementor-column elementor-col-100 elementor-top-column elementor-element elementor-element-17e83ab1\" data-id=\"17e83ab1\" data-element_type=\"column\">\n\t\t\t<div class=\"elementor-widget-wrap elementor-element-populated\">\n\t\t\t\t\t\t<div class=\"elementor-element elementor-element-f637159 elementor-widget elementor-widget-video\" data-id=\"f637159\" data-element_type=\"widget\" data-settings=\"{&quot;youtube_url&quot;:&quot;https:\\\/\\\/www.youtube.com\\\/watch?v=24bLYCeXx8E&amp;t=1s&quot;,&quot;video_type&quot;:&quot;youtube&quot;,&quot;controls&quot;:&quot;yes&quot;}\" data-widget_type=\"video.default\">\n\t\t\t\t<div class=\"elementor-widget-container\">\n\t\t\t\t\t\t\t<div class=\"elementor-wrapper elementor-open-inline\">\n\t\t\t<div class=\"elementor-video\"><\/div>\t\t<\/div>\n\t\t\t\t\t\t<\/div>\n\t\t\t\t<\/div>\n\t\t\t\t<div class=\"elementor-element elementor-element-21ac9ca elementor-widget elementor-widget-video\" data-id=\"21ac9ca\" data-element_type=\"widget\" data-settings=\"{&quot;youtube_url&quot;:&quot;https:\\\/\\\/youtu.be\\\/iIffHor3efA&quot;,&quot;video_type&quot;:&quot;youtube&quot;,&quot;controls&quot;:&quot;yes&quot;}\" data-widget_type=\"video.default\">\n\t\t\t\t<div class=\"elementor-widget-container\">\n\t\t\t\t\t\t\t<div class=\"elementor-wrapper elementor-open-inline\">\n\t\t\t<div class=\"elementor-video\"><\/div>\t\t<\/div>\n\t\t\t\t\t\t<\/div>\n\t\t\t\t<\/div>\n\t\t\t\t<div class=\"elementor-element elementor-element-35d1e67 elementor-widget elementor-widget-heading\" data-id=\"35d1e67\" data-element_type=\"widget\" data-widget_type=\"heading.default\">\n\t\t\t\t<div class=\"elementor-widget-container\">\n\t\t\t\t\t<h2 class=\"elementor-heading-title elementor-size-default\">Kun perinteinen esitystekniikka ei ollut vaihtoehto<\/h2>\t\t\t\t<\/div>\n\t\t\t\t<\/div>\n\t\t\t\t<div class=\"elementor-element elementor-element-5f09e624 elementor-widget elementor-widget-text-editor\" data-id=\"5f09e624\" data-element_type=\"widget\" data-widget_type=\"text-editor.default\">\n\t\t\t\t<div class=\"elementor-widget-container\">\n\t\t\t\t\t\t\t\t\t<p class=\"translation-block\">Hotel AX avasi ovensa toukokuussa 2022 Helsingin J\u00e4tk\u00e4saareen ja samalla ovet avautuivat taiteen ja kulttuurin pariin. Hotel AX on taiteen ymp\u00e4rille rakennettu hotelli, jossa inspiraatio p\u00e4\u00e4see valloilleen. Hotel AX:n rakennusvaiheessa ajankohtaiseksi tulivat erilaiset esitystekniikkaan liittyv\u00e4t ratkaisut. Hotel AX:n hotellinjohtaja Riitta Liikamaan mukaan tilasta ei haluttu tehd\u00e4 liikaa kokoustilan n\u00e4k\u00f6ist\u00e4, joten perinteiset tykit esitystekniikan vaihtoehtona karsiutuivat pois. Etsinn\u00e4ss\u00e4 oli monipuolinen laite, jota pystyisi my\u00f6s tarvittaessa siirt\u00e4m\u00e4\u00e4n tilasta toiseen ja hy\u00f6dynt\u00e4m\u00e4\u00e4n monipuolisesti kaikissa tilaisuuksissa, juhlista kokouksiin. \u201dMe ihastuimme t\u00e4h\u00e4n laitteeseen\u201d, summaa Liikamaa. <br>Ent\u00e4 miten Artomeen p\u00e4\u00e4dyttiin? Hotel AX:ss\u00e4 kukaan ei ollut aiemmin kuullut t\u00e4llaisesta liikuteltavasta designkalusteesta, mutta pienen googlailun my\u00f6t\u00e4 l\u00f6ytyi Artome ja siit\u00e4 hetkest\u00e4 alkoi Hotel AX:n ja Artome M10:n yhteinen tarina.<\/p>\t\t\t\t\t\t\t\t<\/div>\n\t\t\t\t<\/div>\n\t\t\t\t<div class=\"elementor-element elementor-element-69d9d6f elementor-widget elementor-widget-heading\" data-id=\"69d9d6f\" data-element_type=\"widget\" data-widget_type=\"heading.default\">\n\t\t\t\t<div class=\"elementor-widget-container\">\n\t\t\t\t\t<h2 class=\"elementor-heading-title elementor-size-default\">Suomalainen design oli \u00e4\u00e4rett\u00f6m\u00e4n hyv\u00e4 match <\/h2>\t\t\t\t<\/div>\n\t\t\t\t<\/div>\n\t\t\t\t<div class=\"elementor-element elementor-element-05035f2 elementor-widget elementor-widget-text-editor\" data-id=\"05035f2\" data-element_type=\"widget\" data-widget_type=\"text-editor.default\">\n\t\t\t\t<div class=\"elementor-widget-container\">\n\t\t\t\t\t\t\t\t\t<p>Hotel AX:n huonekalut ovat suomalaista designia, joten Artome M10:n suomalainen design oli Liikamaan mielest\u00e4 \u00e4\u00e4rett\u00f6m\u00e4n hyv\u00e4 match Hotel AX:lle.<\/p>\t\t\t\t\t\t\t\t<\/div>\n\t\t\t\t<\/div>\n\t\t\t\t<div class=\"elementor-element elementor-element-f6ddf01 elementor-widget elementor-widget-image\" data-id=\"f6ddf01\" data-element_type=\"widget\" data-widget_type=\"image.default\">\n\t\t\t\t<div class=\"elementor-widget-container\">\n\t\t\t\t\t\t\t\t\t\t\t\t\t\t\t<img fetchpriority=\"high\" decoding=\"async\" width=\"1536\" height=\"1024\" src=\"https:\/\/artome.fi\/wp-content\/uploads\/2022\/07\/ArtomeM10-Hotel-AX-5-1536x1024.jpg\" class=\"attachment-1536x1536 size-1536x1536 wp-image-1734\" alt=\"Artome M10 i Hotel AX.\" srcset=\"https:\/\/artome.fi\/wp-content\/uploads\/2022\/07\/ArtomeM10-Hotel-AX-5-1536x1024.jpg 1536w, https:\/\/artome.fi\/wp-content\/uploads\/2022\/07\/ArtomeM10-Hotel-AX-5-300x200.jpg 300w, https:\/\/artome.fi\/wp-content\/uploads\/2022\/07\/ArtomeM10-Hotel-AX-5-1024x683.jpg 1024w, https:\/\/artome.fi\/wp-content\/uploads\/2022\/07\/ArtomeM10-Hotel-AX-5-768x512.jpg 768w, https:\/\/artome.fi\/wp-content\/uploads\/2022\/07\/ArtomeM10-Hotel-AX-5-2048x1365.jpg 2048w, https:\/\/artome.fi\/wp-content\/uploads\/2022\/07\/ArtomeM10-Hotel-AX-5-18x12.jpg 18w\" sizes=\"(max-width: 1536px) 100vw, 1536px\" \/>\t\t\t\t\t\t\t\t\t\t\t\t\t\t\t<\/div>\n\t\t\t\t<\/div>\n\t\t\t\t<div class=\"elementor-element elementor-element-a33282e elementor-blockquote--skin-quotation elementor-blockquote--align-center elementor-widget elementor-widget-blockquote\" data-id=\"a33282e\" data-element_type=\"widget\" data-widget_type=\"blockquote.default\">\n\t\t\t\t<div class=\"elementor-widget-container\">\n\t\t\t\t\t\t\t<blockquote class=\"elementor-blockquote\">\n\t\t\t<p class=\"elementor-blockquote__content\">\n\t\t\t\tMeille on todella t\u00e4rke\u00e4\u00e4, ett\u00e4 Artome M10 edustaa suomalaista designia, koska me olemme taide- ja kulttuurihotelli, joka on taiteen ja kulttuurin portti Helsinkiin\t\t\t<\/p>\n\t\t\t\t\t\t\t<div class=\"e-q-footer\">\n\t\t\t\t\t\t\t\t\t\t\t<cite class=\"elementor-blockquote__author\">Riitta Liikamaa, hotellinjohtaja Hotel AX<\/cite>\n\t\t\t\t\t\t\t\t\t\t\t\t\t\t<\/div>\n\t\t\t\t\t<\/blockquote>\n\t\t\t\t\t\t<\/div>\n\t\t\t\t<\/div>\n\t\t\t\t\t<\/div>\n\t\t<\/div>\n\t\t\t\t\t<\/div>\n\t\t<\/section>\n\t\t\t\t<section class=\"elementor-section elementor-top-section elementor-element elementor-element-6d447f8 elementor-section-boxed elementor-section-height-default elementor-section-height-default\" data-id=\"6d447f8\" data-element_type=\"section\">\n\t\t\t\t\t\t<div class=\"elementor-container elementor-column-gap-default\">\n\t\t\t\t\t<div class=\"elementor-column elementor-col-100 elementor-top-column elementor-element elementor-element-61fb02f\" data-id=\"61fb02f\" data-element_type=\"column\">\n\t\t\t<div class=\"elementor-widget-wrap elementor-element-populated\">\n\t\t\t\t\t\t<div class=\"elementor-element elementor-element-bedba96 elementor-widget elementor-widget-heading\" data-id=\"bedba96\" data-element_type=\"widget\" data-widget_type=\"heading.default\">\n\t\t\t\t<div class=\"elementor-widget-container\">\n\t\t\t\t\t<h2 class=\"elementor-heading-title elementor-size-default\">Vain taivas rajana - palvelusopimus mahdollisti monipuolisen k\u00e4yt\u00f6n<\/h2>\t\t\t\t<\/div>\n\t\t\t\t<\/div>\n\t\t\t\t\t<\/div>\n\t\t<\/div>\n\t\t\t\t\t<\/div>\n\t\t<\/section>\n\t\t\t\t<section class=\"elementor-section elementor-top-section elementor-element elementor-element-384c645 elementor-section-boxed elementor-section-height-default elementor-section-height-default\" data-id=\"384c645\" data-element_type=\"section\">\n\t\t\t\t\t\t<div class=\"elementor-container elementor-column-gap-default\">\n\t\t\t\t\t<div class=\"elementor-column elementor-col-100 elementor-top-column elementor-element elementor-element-ea0d4ef\" data-id=\"ea0d4ef\" data-element_type=\"column\">\n\t\t\t<div class=\"elementor-widget-wrap elementor-element-populated\">\n\t\t\t\t\t\t<div class=\"elementor-element elementor-element-e8ea627 elementor-widget elementor-widget-text-editor\" data-id=\"e8ea627\" data-element_type=\"widget\" data-widget_type=\"text-editor.default\">\n\t\t\t\t<div class=\"elementor-widget-container\">\n\t\t\t\t\t\t\t\t\t<p>Artome M10 hankkiminen palvelusopimuksella Hotel AX:\u00e4\u00e4n oli Liikamaan mielest\u00e4 \u00e4\u00e4rett\u00f6m\u00e4n helppoa ja vaihtoehdoista paras. Erityisesti uusimman teknologian saaminen k\u00e4ytt\u00f6\u00f6n sek\u00e4 riskitt\u00f6myys palvelusopimuksessa, olivat asioita, joita Liikamaa kertoo Hotel AX:n arvostaneen. Artome M10 k\u00e4ytt\u00f6 Hotel AX:ss\u00e4 mahdollistaa monipuolisen k\u00e4yt\u00f6n, jossa vain taivas on rajana. Artome M10 toimii kaikenlaisen show\u2019n v\u00e4lineen\u00e4 Hotel AX:ss\u00e4 runokaraokesta perinteisempiin kokouksiin.<\/p>\t\t\t\t\t\t\t\t<\/div>\n\t\t\t\t<\/div>\n\t\t\t\t\t<\/div>\n\t\t<\/div>\n\t\t\t\t\t<\/div>\n\t\t<\/section>\n\t\t\t\t<section class=\"elementor-section elementor-top-section elementor-element elementor-element-59bea58 elementor-section-boxed elementor-section-height-default elementor-section-height-default\" data-id=\"59bea58\" data-element_type=\"section\">\n\t\t\t\t\t\t<div class=\"elementor-container elementor-column-gap-default\">\n\t\t\t\t\t<div class=\"elementor-column elementor-col-100 elementor-top-column elementor-element elementor-element-6727a97\" data-id=\"6727a97\" data-element_type=\"column\">\n\t\t\t<div class=\"elementor-widget-wrap elementor-element-populated\">\n\t\t\t\t\t\t<div class=\"elementor-element elementor-element-c969dde elementor-blockquote--skin-quotation elementor-blockquote--align-center elementor-widget elementor-widget-blockquote\" data-id=\"c969dde\" data-element_type=\"widget\" data-widget_type=\"blockquote.default\">\n\t\t\t\t<div class=\"elementor-widget-container\">\n\t\t\t\t\t\t\t<blockquote class=\"elementor-blockquote\">\n\t\t\t<p class=\"elementor-blockquote__content\">\n\t\t\t\tArtome M10 toimii meill\u00e4 t\u00e4\u00e4ll\u00e4 \u00e4\u00e4rett\u00f6m\u00e4n hyv\u00e4n\u00e4 kaverina\t\t\t<\/p>\n\t\t\t\t\t\t\t<div class=\"e-q-footer\">\n\t\t\t\t\t\t\t\t\t\t\t<cite class=\"elementor-blockquote__author\">Riitta Liikamaa<\/cite>\n\t\t\t\t\t\t\t\t\t\t\t\t\t\t<\/div>\n\t\t\t\t\t<\/blockquote>\n\t\t\t\t\t\t<\/div>\n\t\t\t\t<\/div>\n\t\t\t\t<div class=\"elementor-element elementor-element-e279a47 elementor-widget elementor-widget-image\" data-id=\"e279a47\" data-element_type=\"widget\" data-widget_type=\"image.default\">\n\t\t\t\t<div class=\"elementor-widget-container\">\n\t\t\t\t\t\t\t\t\t\t\t\t\t\t\t<img decoding=\"async\" width=\"1536\" height=\"1024\" src=\"https:\/\/artome.fi\/wp-content\/uploads\/2022\/07\/ArtomeM10-Hotel-AX-6-1536x1024.jpg\" class=\"attachment-1536x1536 size-1536x1536 wp-image-1735\" alt=\"Artome M10 n\u00e4rbild i Hotel AX.\" srcset=\"https:\/\/artome.fi\/wp-content\/uploads\/2022\/07\/ArtomeM10-Hotel-AX-6-1536x1024.jpg 1536w, https:\/\/artome.fi\/wp-content\/uploads\/2022\/07\/ArtomeM10-Hotel-AX-6-300x200.jpg 300w, https:\/\/artome.fi\/wp-content\/uploads\/2022\/07\/ArtomeM10-Hotel-AX-6-1024x683.jpg 1024w, https:\/\/artome.fi\/wp-content\/uploads\/2022\/07\/ArtomeM10-Hotel-AX-6-768x512.jpg 768w, https:\/\/artome.fi\/wp-content\/uploads\/2022\/07\/ArtomeM10-Hotel-AX-6-2048x1365.jpg 2048w, https:\/\/artome.fi\/wp-content\/uploads\/2022\/07\/ArtomeM10-Hotel-AX-6-18x12.jpg 18w\" sizes=\"(max-width: 1536px) 100vw, 1536px\" \/>\t\t\t\t\t\t\t\t\t\t\t\t\t\t\t<\/div>\n\t\t\t\t<\/div>\n\t\t\t\t\t<\/div>\n\t\t<\/div>\n\t\t\t\t\t<\/div>\n\t\t<\/section>\n\t\t\t\t<\/div>","protected":false},"excerpt":{"rendered":"<p>Kokemuksia Hotel AX Kun perinteinen esitystekniikka ei ollut vaihtoehto Hotel AX avasi ovensa toukokuussa 2022 Helsingin J\u00e4tk\u00e4saareen ja samalla ovet avautuivat taiteen ja kulttuurin pariin. Hotel AX on taiteen ymp\u00e4rille rakennettu hotelli, jossa inspiraatio p\u00e4\u00e4see valloilleen. Hotel AX:n rakennusvaiheessa ajankohtaiseksi tulivat erilaiset esitystekniikkaan liittyv\u00e4t ratkaisut. Hotel AX:n hotellinjohtaja Riitta Liikamaan mukaan tilasta ei haluttu tehd\u00e4 [&hellip;]<\/p>\n","protected":false},"author":3,"featured_media":0,"parent":0,"menu_order":0,"comment_status":"closed","ping_status":"closed","template":"elementor_header_footer","meta":{"om_disable_all_campaigns":false,"_monsterinsights_skip_tracking":false,"_monsterinsights_sitenote_active":false,"_monsterinsights_sitenote_note":"","_monsterinsights_sitenote_category":0,"_uf_show_specific_survey":0,"_uf_disable_surveys":false,"footnotes":""},"class_list":["post-1556","page","type-page","status-publish","hentry"],"blocksy_meta":{"styles_descriptor":{"styles":{"desktop":"","tablet":"","mobile":""},"google_fonts":[],"version":6}},"aioseo_notices":[],"yoast_head":"<!-- This site is optimized with the Yoast SEO Premium plugin v23.2 (Yoast SEO v26.3) - https:\/\/yoast.com\/wordpress\/plugins\/seo\/ -->\n<title>Artome | Experiences - Hotel AX<\/title>\n<meta name=\"description\" content=\"When the traditional presentation solution wasn&#039;t an option. Read more about why Artome M10 was a perfect match for Hotel AX.\" \/>\n<meta name=\"robots\" content=\"index, follow, max-snippet:-1, max-image-preview:large, max-video-preview:-1\" \/>\n<link rel=\"canonical\" href=\"https:\/\/artome.fi\/sv\/experiences_hotel_ax\/\" \/>\n<meta property=\"og:locale\" content=\"sv_SE\" \/>\n<meta property=\"og:type\" content=\"article\" \/>\n<meta property=\"og:title\" content=\"Hotel AX\" \/>\n<meta property=\"og:description\" content=\"When the traditional presentation solution wasn&#039;t an option. Read more about why Artome M10 was a perfect match for Hotel AX.\" \/>\n<meta property=\"og:url\" content=\"https:\/\/artome.fi\/sv\/experiences_hotel_ax\/\" \/>\n<meta property=\"og:site_name\" content=\"Artome\" \/>\n<meta property=\"article:modified_time\" content=\"2022-11-24T13:03:34+00:00\" \/>\n<meta property=\"og:image\" content=\"https:\/\/artome.fi\/wp-content\/uploads\/2022\/07\/ArtomeM10-Hotel-AX-5-1536x1024.jpg\" \/>\n<meta name=\"twitter:card\" content=\"summary_large_image\" \/>\n<meta name=\"twitter:label1\" content=\"Ber\u00e4knad l\u00e4stid\" \/>\n\t<meta name=\"twitter:data1\" content=\"2 minuter\" \/>\n<script type=\"application\/ld+json\" class=\"yoast-schema-graph\">{\"@context\":\"https:\/\/schema.org\",\"@graph\":[{\"@type\":\"WebPage\",\"@id\":\"https:\/\/artome.fi\/fr\/experiences_hotel_ax\/\",\"url\":\"https:\/\/artome.fi\/fr\/experiences_hotel_ax\/\",\"name\":\"Artome | Experiences - Hotel AX\",\"isPartOf\":{\"@id\":\"https:\/\/artome.fi\/en\/#website\"},\"primaryImageOfPage\":{\"@id\":\"https:\/\/artome.fi\/fr\/experiences_hotel_ax\/#primaryimage\"},\"image\":{\"@id\":\"https:\/\/artome.fi\/fr\/experiences_hotel_ax\/#primaryimage\"},\"thumbnailUrl\":\"https:\/\/artome.fi\/wp-content\/uploads\/2022\/07\/ArtomeM10-Hotel-AX-5-1536x1024.jpg\",\"datePublished\":\"2022-07-20T05:51:22+00:00\",\"dateModified\":\"2022-11-24T13:03:34+00:00\",\"description\":\"When the traditional presentation solution wasn't an option. Read more about why Artome M10 was a perfect match for Hotel AX.\",\"breadcrumb\":{\"@id\":\"https:\/\/artome.fi\/fr\/experiences_hotel_ax\/#breadcrumb\"},\"inLanguage\":\"sv-SE\",\"potentialAction\":[{\"@type\":\"ReadAction\",\"target\":[\"https:\/\/artome.fi\/fr\/experiences_hotel_ax\/\"]}]},{\"@type\":\"ImageObject\",\"inLanguage\":\"sv-SE\",\"@id\":\"https:\/\/artome.fi\/fr\/experiences_hotel_ax\/#primaryimage\",\"url\":\"https:\/\/artome.fi\/wp-content\/uploads\/2022\/07\/ArtomeM10-Hotel-AX-5-1536x1024.jpg\",\"contentUrl\":\"https:\/\/artome.fi\/wp-content\/uploads\/2022\/07\/ArtomeM10-Hotel-AX-5-1536x1024.jpg\"},{\"@type\":\"BreadcrumbList\",\"@id\":\"https:\/\/artome.fi\/fr\/experiences_hotel_ax\/#breadcrumb\",\"itemListElement\":[{\"@type\":\"ListItem\",\"position\":1,\"name\":\"Etusivu\",\"item\":\"https:\/\/artome.fi\/en\/\"},{\"@type\":\"ListItem\",\"position\":2,\"name\":\"Hotel AX\"}]},{\"@type\":\"WebSite\",\"@id\":\"https:\/\/artome.fi\/en\/#website\",\"url\":\"https:\/\/artome.fi\/en\/\",\"name\":\"Artome\",\"description\":\"Redesigning audiovisual with smart furniture\",\"publisher\":{\"@id\":\"https:\/\/artome.fi\/en\/#organization\"},\"potentialAction\":[{\"@type\":\"SearchAction\",\"target\":{\"@type\":\"EntryPoint\",\"urlTemplate\":\"https:\/\/artome.fi\/en\/?s={search_term_string}\"},\"query-input\":{\"@type\":\"PropertyValueSpecification\",\"valueRequired\":true,\"valueName\":\"search_term_string\"}}],\"inLanguage\":\"sv-SE\"},{\"@type\":\"Organization\",\"@id\":\"https:\/\/artome.fi\/en\/#organization\",\"name\":\"Artome\",\"url\":\"https:\/\/artome.fi\/en\/\",\"logo\":{\"@type\":\"ImageObject\",\"inLanguage\":\"sv-SE\",\"@id\":\"https:\/\/artome.fi\/en\/#\/schema\/logo\/image\/\",\"url\":\"https:\/\/artome.fi\/wp-content\/uploads\/2022\/02\/artome_logo_black.png\",\"contentUrl\":\"https:\/\/artome.fi\/wp-content\/uploads\/2022\/02\/artome_logo_black.png\",\"width\":1280,\"height\":496,\"caption\":\"Artome\"},\"image\":{\"@id\":\"https:\/\/artome.fi\/en\/#\/schema\/logo\/image\/\"}}]}<\/script>\n<!-- \/ Yoast SEO Premium plugin. -->","yoast_head_json":{"title":"Artome | Experiences - Hotel AX","description":"When the traditional presentation solution wasn't an option. Read more about why Artome M10 was a perfect match for Hotel AX.","robots":{"index":"index","follow":"follow","max-snippet":"max-snippet:-1","max-image-preview":"max-image-preview:large","max-video-preview":"max-video-preview:-1"},"canonical":"https:\/\/artome.fi\/sv\/experiences_hotel_ax\/","og_locale":"sv_SE","og_type":"article","og_title":"Hotel AX","og_description":"When the traditional presentation solution wasn't an option. Read more about why Artome M10 was a perfect match for Hotel AX.","og_url":"https:\/\/artome.fi\/sv\/experiences_hotel_ax\/","og_site_name":"Artome","article_modified_time":"2022-11-24T13:03:34+00:00","og_image":[{"url":"https:\/\/artome.fi\/wp-content\/uploads\/2022\/07\/ArtomeM10-Hotel-AX-5-1536x1024.jpg","type":"","width":"","height":""}],"twitter_card":"summary_large_image","twitter_misc":{"Ber\u00e4knad l\u00e4stid":"2 minuter"},"schema":{"@context":"https:\/\/schema.org","@graph":[{"@type":"WebPage","@id":"https:\/\/artome.fi\/fr\/experiences_hotel_ax\/","url":"https:\/\/artome.fi\/fr\/experiences_hotel_ax\/","name":"Artome | Experiences - Hotel AX","isPartOf":{"@id":"https:\/\/artome.fi\/en\/#website"},"primaryImageOfPage":{"@id":"https:\/\/artome.fi\/fr\/experiences_hotel_ax\/#primaryimage"},"image":{"@id":"https:\/\/artome.fi\/fr\/experiences_hotel_ax\/#primaryimage"},"thumbnailUrl":"https:\/\/artome.fi\/wp-content\/uploads\/2022\/07\/ArtomeM10-Hotel-AX-5-1536x1024.jpg","datePublished":"2022-07-20T05:51:22+00:00","dateModified":"2022-11-24T13:03:34+00:00","description":"When the traditional presentation solution wasn't an option. Read more about why Artome M10 was a perfect match for Hotel AX.","breadcrumb":{"@id":"https:\/\/artome.fi\/fr\/experiences_hotel_ax\/#breadcrumb"},"inLanguage":"sv-SE","potentialAction":[{"@type":"ReadAction","target":["https:\/\/artome.fi\/fr\/experiences_hotel_ax\/"]}]},{"@type":"ImageObject","inLanguage":"sv-SE","@id":"https:\/\/artome.fi\/fr\/experiences_hotel_ax\/#primaryimage","url":"https:\/\/artome.fi\/wp-content\/uploads\/2022\/07\/ArtomeM10-Hotel-AX-5-1536x1024.jpg","contentUrl":"https:\/\/artome.fi\/wp-content\/uploads\/2022\/07\/ArtomeM10-Hotel-AX-5-1536x1024.jpg"},{"@type":"BreadcrumbList","@id":"https:\/\/artome.fi\/fr\/experiences_hotel_ax\/#breadcrumb","itemListElement":[{"@type":"ListItem","position":1,"name":"Etusivu","item":"https:\/\/artome.fi\/en\/"},{"@type":"ListItem","position":2,"name":"Hotel AX"}]},{"@type":"WebSite","@id":"https:\/\/artome.fi\/en\/#website","url":"https:\/\/artome.fi\/en\/","name":"Artome","description":"Omdesign av audiovisuella medier med smarta m\u00f6bler","publisher":{"@id":"https:\/\/artome.fi\/en\/#organization"},"potentialAction":[{"@type":"SearchAction","target":{"@type":"EntryPoint","urlTemplate":"https:\/\/artome.fi\/en\/?s={search_term_string}"},"query-input":{"@type":"PropertyValueSpecification","valueRequired":true,"valueName":"search_term_string"}}],"inLanguage":"sv-SE"},{"@type":"Organization","@id":"https:\/\/artome.fi\/en\/#organization","name":"Artome","url":"https:\/\/artome.fi\/en\/","logo":{"@type":"ImageObject","inLanguage":"sv-SE","@id":"https:\/\/artome.fi\/en\/#\/schema\/logo\/image\/","url":"https:\/\/artome.fi\/wp-content\/uploads\/2022\/02\/artome_logo_black.png","contentUrl":"https:\/\/artome.fi\/wp-content\/uploads\/2022\/02\/artome_logo_black.png","width":1280,"height":496,"caption":"Artome"},"image":{"@id":"https:\/\/artome.fi\/en\/#\/schema\/logo\/image\/"}}]}},"_links":{"self":[{"href":"https:\/\/artome.fi\/sv\/wp-json\/wp\/v2\/pages\/1556","targetHints":{"allow":["GET"]}}],"collection":[{"href":"https:\/\/artome.fi\/sv\/wp-json\/wp\/v2\/pages"}],"about":[{"href":"https:\/\/artome.fi\/sv\/wp-json\/wp\/v2\/types\/page"}],"author":[{"embeddable":true,"href":"https:\/\/artome.fi\/sv\/wp-json\/wp\/v2\/users\/3"}],"replies":[{"embeddable":true,"href":"https:\/\/artome.fi\/sv\/wp-json\/wp\/v2\/comments?post=1556"}],"version-history":[{"count":68,"href":"https:\/\/artome.fi\/sv\/wp-json\/wp\/v2\/pages\/1556\/revisions"}],"predecessor-version":[{"id":2492,"href":"https:\/\/artome.fi\/sv\/wp-json\/wp\/v2\/pages\/1556\/revisions\/2492"}],"wp:attachment":[{"href":"https:\/\/artome.fi\/sv\/wp-json\/wp\/v2\/media?parent=1556"}],"curies":[{"name":"wp","href":"https:\/\/api.w.org\/{rel}","templated":true}]}}