{"id":1636,"date":"2022-07-21T13:33:02","date_gmt":"2022-07-21T13:33:02","guid":{"rendered":"https:\/\/artome.fi\/?page_id=1636"},"modified":"2025-12-16T07:05:05","modified_gmt":"2025-12-16T07:05:05","slug":"privacy-policy","status":"publish","type":"page","link":"https:\/\/artome.fi\/sv\/privacy-policy\/","title":{"rendered":"Integritetspolicy -Privacy"},"content":{"rendered":"<div data-elementor-type=\"wp-page\" data-elementor-id=\"1636\" class=\"elementor elementor-1636\" data-elementor-post-type=\"page\">\n\t\t\t\t\t\t<section class=\"elementor-section elementor-top-section elementor-element elementor-element-375085f elementor-section-boxed elementor-section-height-default elementor-section-height-default\" data-id=\"375085f\" data-element_type=\"section\">\n\t\t\t\t\t\t<div class=\"elementor-container elementor-column-gap-default\">\n\t\t\t\t\t<div class=\"elementor-column elementor-col-100 elementor-top-column elementor-element elementor-element-f0743cd\" data-id=\"f0743cd\" data-element_type=\"column\">\n\t\t\t<div class=\"elementor-widget-wrap elementor-element-populated\">\n\t\t\t\t\t\t<div class=\"elementor-element elementor-element-b660cee elementor-widget elementor-widget-text-editor\" data-id=\"b660cee\" data-element_type=\"widget\" data-widget_type=\"text-editor.default\">\n\t\t\t\t<div class=\"elementor-widget-container\">\n\t\t\t\t\t\t\t\t\t<h2 style=\"margin-bottom: 20px; font-size: var(--fontSize); text-align: start; line-height: var(--lineHeight); font-family: -apple-system, BlinkMacSystemFont, 'Segoe UI', Roboto, Helvetica, Arial, sans-serif, 'Apple Color Emoji', 'Segoe UI Emoji', 'Segoe UI Symbol'; font-weight: var(--fontWeight); font-style: normal; letter-spacing: normal; text-transform: none; text-decoration-thickness: initial; text-decoration-style: initial; text-decoration-color: initial; --fontweight: 700; --fontsize: 35px; --lineheight: 1.5;\">Artome Oy:s integritetspolicy<\/h2>\n<p style=\"margin-bottom: var(--content-spacing); font-size: 16px; text-align: start;\">Personuppgiftslagen (523\/1999) \u00a7 10 och \u00a7 24<br>Designdag 7.5.2018<br>Senast uppdaterad: 29.6.2022<\/p>\n<h2 style=\"margin-top: 0px; margin-bottom: 20px; font-size: var(--fontSize); text-align: start; line-height: var(--lineHeight); font-family: -apple-system, BlinkMacSystemFont, 'Segoe UI', Roboto, Helvetica, Arial, sans-serif, 'Apple Color Emoji', 'Segoe UI Emoji', 'Segoe UI Symbol'; font-weight: var(--fontWeight); font-style: normal; letter-spacing: normal; text-transform: none; text-decoration-thickness: initial; text-decoration-style: initial; text-decoration-color: initial; --fontweight: 700; --fontsize: 35px; --lineheight: 1.5;\">Registerh\u00e5llare<\/h2>\n<p style=\"margin-bottom: var(--content-spacing); font-size: 16px; text-align: start;\">Artome Oy (organisationsnummer: 2775902-5)<br>Syrj\u00e4l\u00e4ntie 81, 19110 HEINOLA<br>Tel. contact@artome.fi<\/p>\n<h2 style=\"margin-top: 0px; margin-bottom: 20px; font-size: var(--fontSize); text-align: start; line-height: var(--lineHeight); font-family: -apple-system, BlinkMacSystemFont, 'Segoe UI', Roboto, Helvetica, Arial, sans-serif, 'Apple Color Emoji', 'Segoe UI Emoji', 'Segoe UI Symbol'; font-weight: var(--fontWeight); font-style: normal; letter-spacing: normal; text-transform: none; text-decoration-thickness: initial; text-decoration-style: initial; text-decoration-color: initial; --fontweight: 700; --fontsize: 35px; --lineheight: 1.5;\">Kontaktperson f\u00f6r fr\u00e5gor som r\u00f6r registret<\/h2>\n<p style=\"margin-bottom: var(--content-spacing); font-size: 16px; text-align: start;\">Toni Parikka<br>Syrj\u00e4l\u00e4ntie 81, 19110 HEINOLA<br>Tfn. 0405291821<br>toni.parikka@artome.fi<\/p>\n<h2 style=\"margin-top: 0px; margin-bottom: 20px; font-size: var(--fontSize); text-align: start; line-height: var(--lineHeight); font-family: -apple-system, BlinkMacSystemFont, 'Segoe UI', Roboto, Helvetica, Arial, sans-serif, 'Apple Color Emoji', 'Segoe UI Emoji', 'Segoe UI Symbol'; font-weight: var(--fontWeight); font-style: normal; letter-spacing: normal; text-transform: none; text-decoration-thickness: initial; text-decoration-style: initial; text-decoration-color: initial; --fontweight: 700; --fontsize: 35px; --lineheight: 1.5;\">Registrets namn<\/h2>\n<p style=\"margin-bottom: var(--content-spacing); font-size: 16px; text-align: start;\">Kundregister<\/p>\n<h2 style=\"margin-top: 0px; margin-bottom: 20px; font-size: var(--fontSize); text-align: start; line-height: var(--lineHeight); font-family: -apple-system, BlinkMacSystemFont, 'Segoe UI', Roboto, Helvetica, Arial, sans-serif, 'Apple Color Emoji', 'Segoe UI Emoji', 'Segoe UI Symbol'; font-weight: var(--fontWeight); font-style: normal; letter-spacing: normal; text-transform: none; text-decoration-thickness: initial; text-decoration-style: initial; text-decoration-color: initial; --fontweight: 700; --fontsize: 35px; --lineheight: 1.5;\">\u00c4ndam\u00e5let med behandlingen av personuppgifter<\/h2>\n<p style=\"margin-bottom: var(--content-spacing); font-size: 16px; text-align: start;\" class=\"translation-block\">Personuppgifter behandlas f\u00f6r Artomes kundrelationshantering, tillhandah\u00e5llande och anpassning av tj\u00e4nster och kundkommunikation.<br> Anv\u00e4ndaranpassad information som samlas in via v\u00e5ra webbplatser anv\u00e4nds i det begr\u00e4nsade syftet att f\u00f6rb\u00e4ttra webbplatsupplevelsen och Artomes verksamhet och tj\u00e4nster, s\u00e5vida du inte uttryckligen v\u00e4ljer bort detta.<\/p>\n<p style=\"margin-bottom: var(--content-spacing); font-size: 16px; text-align: start;\">P\u00e5 grund av tekniska krav kan uppgifterna i registret ocks\u00e5 behandlas p\u00e5 Artomes tredje parts server, men uppgifterna i registret anv\u00e4nds endast f\u00f6r att uppr\u00e4tth\u00e5lla och f\u00f6rb\u00e4ttra Artomes kundrelationer.<\/p>\n<p style=\"margin-bottom: var(--content-spacing); font-size: 16px; text-align: start;\">Uppgifterna i registret kan ocks\u00e5 anv\u00e4ndas f\u00f6r riktad marknadsf\u00f6ring, men i detta fall kommer uppgifterna att behandlas pseudonymt och kommer inte att l\u00e4mnas ut till tredje part. Artome kommer internt att fastst\u00e4lla vilka personer som \u00e4r beh\u00f6riga att behandla uppgifter som inneh\u00e5ller personuppgifter.<\/p>\n<h2 style=\"margin-top: 0px; margin-bottom: 20px; font-size: var(--fontSize); text-align: start; line-height: var(--lineHeight); font-family: -apple-system, BlinkMacSystemFont, 'Segoe UI', Roboto, Helvetica, Arial, sans-serif, 'Apple Color Emoji', 'Segoe UI Emoji', 'Segoe UI Symbol'; font-weight: var(--fontWeight); font-style: normal; letter-spacing: normal; text-transform: none; text-decoration-thickness: initial; text-decoration-style: initial; text-decoration-color: initial; --fontweight: 700; --fontsize: 35px; --lineheight: 1.5;\">Information som ing\u00e5r i registret<\/h2>\n<p style=\"margin-bottom: var(--content-spacing); font-size: 16px; text-align: start;\" class=\"translation-block\">F\u00f6ljande information om den registrerade lagras:<br>F\u00f6r- och efternamn<br>Organisation\/f\u00f6retag<br>F\u00f6retagsnamn<br>Telefonnummer<br>E-postadress<\/p>\n<h2 style=\"margin-top: 0px; margin-bottom: 20px; font-size: var(--fontSize); text-align: start; line-height: var(--lineHeight); font-family: -apple-system, BlinkMacSystemFont, 'Segoe UI', Roboto, Helvetica, Arial, sans-serif, 'Apple Color Emoji', 'Segoe UI Emoji', 'Segoe UI Symbol'; font-weight: var(--fontWeight); font-style: normal; letter-spacing: normal; text-transform: none; text-decoration-thickness: initial; text-decoration-style: initial; text-decoration-color: initial; --fontweight: 700; --fontsize: 35px; --lineheight: 1.5;\">Datak\u00e4llor<\/h2>\n<p style=\"margin-bottom: var(--content-spacing); font-size: 16px; text-align: start;\">Personuppgifter samlas in antingen 1) fr\u00e5n individen, 2) fr\u00e5n det f\u00f6retag d\u00e4r individen arbetar, 3) fr\u00e5n meddelanden som skickas via v\u00e5ra digitala kanaler, till exempel formul\u00e4r p\u00e5 v\u00e5r webbplats.<br>Information som anv\u00e4nds f\u00f6r att f\u00f6rb\u00e4ttra upplevelsen av webbplatsen och f\u00f6r riktad marknadsf\u00f6ring samlas ocks\u00e5 in baserat p\u00e5 beteendet hos anv\u00e4ndaren av Artomes webbplats.<\/p>\n<h2 style=\"margin-top: 0px; margin-bottom: 20px; font-size: var(--fontSize); text-align: start; line-height: var(--lineHeight); font-family: -apple-system, BlinkMacSystemFont, 'Segoe UI', Roboto, Helvetica, Arial, sans-serif, 'Apple Color Emoji', 'Segoe UI Emoji', 'Segoe UI Symbol'; font-weight: var(--fontWeight); font-style: normal; letter-spacing: normal; text-transform: none; text-decoration-thickness: initial; text-decoration-style: initial; text-decoration-color: initial; --fontweight: 700; --fontsize: 35px; --lineheight: 1.5;\">Utl\u00e4mnande av information<\/h2>\n<p style=\"margin-bottom: var(--content-spacing); font-size: 16px; text-align: start;\">Informationen anv\u00e4nds internt och l\u00e4mnas inte ut till tredje part. Pseudonymiserade uppgifter kan dock anv\u00e4ndas f\u00f6r tj\u00e4nster som tillhandah\u00e5lls av tredje part f\u00f6r att f\u00f6rb\u00e4ttra Artomes verksamhet och webbplatsens anv\u00e4ndbarhet.<\/p>\n<p style=\"margin-bottom: var(--content-spacing); font-size: 16px; text-align: start;\">Uppgifterna kommer inte att l\u00e4mnas ut utanf\u00f6r EU eller EES.<\/p>\n<h2 style=\"margin-top: 0px; margin-bottom: 20px; font-size: var(--fontSize); text-align: start; line-height: var(--lineHeight); font-family: -apple-system, BlinkMacSystemFont, 'Segoe UI', Roboto, Helvetica, Arial, sans-serif, 'Apple Color Emoji', 'Segoe UI Emoji', 'Segoe UI Symbol'; font-weight: var(--fontWeight); font-style: normal; letter-spacing: normal; text-transform: none; text-decoration-thickness: initial; text-decoration-style: initial; text-decoration-color: initial; --fontweight: 700; --fontsize: 35px; --lineheight: 1.5;\">Bevarandetid f\u00f6r personuppgifter<\/h2>\n<p style=\"margin-bottom: var(--content-spacing); font-size: 16px; text-align: start;\">Personuppgifterna kommer att f\u00f6rst\u00f6ras vid utg\u00e5ngen av den lagstadgade lagringstiden, inom tv\u00e5 \u00e5r efter utg\u00e5ngen av den lagstadgade lagringstiden.<\/p>\n<h2 style=\"margin-top: 0px; margin-bottom: 20px; font-size: var(--fontSize); text-align: start; line-height: var(--lineHeight); font-family: -apple-system, BlinkMacSystemFont, 'Segoe UI', Roboto, Helvetica, Arial, sans-serif, 'Apple Color Emoji', 'Segoe UI Emoji', 'Segoe UI Symbol'; font-weight: var(--fontWeight); font-style: normal; letter-spacing: normal; text-transform: none; text-decoration-thickness: initial; text-decoration-style: initial; text-decoration-color: initial; --fontweight: 700; --fontsize: 35px; --lineheight: 1.5;\">Skydd av registret<\/h2>\n<p style=\"margin-bottom: var(--content-spacing); font-size: 16px; text-align: start;\">Uppgifterna samlas in i webbl\u00e4sarbaserade applikationer som skyddas av brandv\u00e4ggar, l\u00f6senord och andra tekniska medel. Endast utsedda personer \u00e4r beh\u00f6riga att behandla och underh\u00e5lla uppgifterna i registret. Manuella uppgifter lagras i ett l\u00e5st rum som endast beh\u00f6riga personer har tillg\u00e5ng till.<\/p>\n<h2 style=\"margin-top: 0px; margin-bottom: 20px; font-size: var(--fontSize); text-align: start; line-height: var(--lineHeight); font-family: -apple-system, BlinkMacSystemFont, 'Segoe UI', Roboto, Helvetica, Arial, sans-serif, 'Apple Color Emoji', 'Segoe UI Emoji', 'Segoe UI Symbol'; font-weight: var(--fontWeight); font-style: normal; letter-spacing: normal; text-transform: none; text-decoration-thickness: initial; text-decoration-style: initial; text-decoration-color: initial; --fontweight: 700; --fontsize: 35px; --lineheight: 1.5;\">R\u00e4tt att beg\u00e4ra r\u00e4ttelse och radering av information<\/h2>\n<p style=\"margin-bottom: var(--content-spacing); font-size: 16px; text-align: start;\">Den registrerade har r\u00e4tt att beg\u00e4ra insyn i och r\u00e4ttelse av uppgifter om sig sj\u00e4lv i registret. Den registrerade har r\u00e4tt att beg\u00e4ra r\u00e4ttelse eller radering av felaktiga uppgifter om honom eller henne som finns i registret.<\/p>\n<p style=\"margin-bottom: var(--content-spacing); font-size: 16px; text-align: start;\" class=\"translation-block\">Den registrerade har r\u00e4tt att inv\u00e4nda mot att den personuppgiftsansvarige behandlar uppgifter om honom eller henne f\u00f6r direktmarknadsf\u00f6ring, distansf\u00f6rs\u00e4ljning och annan direktmarknadsf\u00f6ring, marknadsunders\u00f6kningar och opinionsunders\u00f6kningar.<br>En beg\u00e4ran om r\u00e4ttelse eller radering ska ange vilka uppgifter som \u00e4r f\u00f6rem\u00e5l f\u00f6r r\u00e4ttelse eller radering. Beg\u00e4ran ska skickas via e-post till den e-postadress som anges under \u201dRegisteransvarig\u201d.<\/p>\n<p style=\"margin-bottom: var(--content-spacing); font-size: 16px; text-align: start;\">Ett svar p\u00e5 beg\u00e4ran kommer att l\u00e4mnas utan dr\u00f6jsm\u00e5l och inom rimlig tid.<\/p>\t\t\t\t\t\t\t\t<\/div>\n\t\t\t\t<\/div>\n\t\t\t\t\t<\/div>\n\t\t<\/div>\n\t\t\t\t\t<\/div>\n\t\t<\/section>\n\t\t\t\t<\/div>","protected":false},"excerpt":{"rendered":"<p>Artome Oy:n tietosuojaseloste Henkil\u00f6tietolaki (523\/1999) 10 \u00a7 ja 24 \u00a7Laatimisp\u00e4iv\u00e4 7.5.2018P\u00e4ivitetty viimeksi: 29.6.2022 Rekisterin pit\u00e4j\u00e4 Artome Oy (y-tunnus: 2775902-5)Syrj\u00e4l\u00e4ntie 81, 19110 HEINOLAPuh. contact@artome.fi Yhteyshenkil\u00f6 rekisteri\u00e4 koskevissa asioissa Toni ParikkaSyrj\u00e4l\u00e4ntie 81, 19110 HEINOLAPuh. 0405291821toni.parikka@artome.fi Rekisterin nimi Asiakasrekisteri Henkil\u00f6tietojen k\u00e4sittelyn tarkoitus Henkil\u00f6tietoja k\u00e4sitell\u00e4\u00e4n Artomen asiakassuhteen hoitamiseen, palveluiden tuottamiseen ja -personointiin sek\u00e4 asiakasviestint\u00e4\u00e4n.Verkkosivujemme kautta ker\u00e4tt\u00e4v\u00e4\u00e4 k\u00e4ytt\u00e4jien personoitua tietoa [&hellip;]<\/p>\n","protected":false},"author":1,"featured_media":0,"parent":0,"menu_order":0,"comment_status":"closed","ping_status":"closed","template":"elementor_header_footer","meta":{"om_disable_all_campaigns":false,"_monsterinsights_skip_tracking":false,"_monsterinsights_sitenote_active":false,"_monsterinsights_sitenote_note":"","_monsterinsights_sitenote_category":0,"_uf_show_specific_survey":0,"_uf_disable_surveys":false,"footnotes":""},"class_list":["post-1636","page","type-page","status-publish","hentry"],"blocksy_meta":{"styles_descriptor":{"styles":{"desktop":"","tablet":"","mobile":""},"google_fonts":[],"version":6}},"aioseo_notices":[],"yoast_head":"<!-- This site is optimized with the Yoast SEO Premium plugin v23.2 (Yoast SEO v26.3) - https:\/\/yoast.com\/wordpress\/plugins\/seo\/ -->\n<title>Privacy Policy - Artome<\/title>\n<meta name=\"description\" content=\"The privacy policy of Artome. This document explains the company&#039;s policies of the collection, use and disclosure of personal information.\" \/>\n<meta name=\"robots\" content=\"index, follow, max-snippet:-1, max-image-preview:large, max-video-preview:-1\" \/>\n<link rel=\"canonical\" href=\"https:\/\/artome.fi\/sv\/privacy-policy\/\" \/>\n<meta property=\"og:locale\" content=\"sv_SE\" \/>\n<meta property=\"og:type\" content=\"article\" \/>\n<meta property=\"og:title\" content=\"Privacy Policy -Tietosuoja\" \/>\n<meta property=\"og:description\" content=\"The privacy policy of Artome. This document explains the company&#039;s policies of the collection, use and disclosure of personal information.\" \/>\n<meta property=\"og:url\" content=\"https:\/\/artome.fi\/sv\/privacy-policy\/\" \/>\n<meta property=\"og:site_name\" content=\"Artome\" \/>\n<meta property=\"article:modified_time\" content=\"2025-12-16T07:05:05+00:00\" \/>\n<meta name=\"twitter:card\" content=\"summary_large_image\" \/>\n<script type=\"application\/ld+json\" class=\"yoast-schema-graph\">{\"@context\":\"https:\/\/schema.org\",\"@graph\":[{\"@type\":\"WebPage\",\"@id\":\"https:\/\/artome.fi\/en\/privacy-policy\/\",\"url\":\"https:\/\/artome.fi\/en\/privacy-policy\/\",\"name\":\"Privacy Policy - Artome\",\"isPartOf\":{\"@id\":\"https:\/\/artome.fi\/en\/#website\"},\"datePublished\":\"2022-07-21T13:33:02+00:00\",\"dateModified\":\"2025-12-16T07:05:05+00:00\",\"description\":\"The privacy policy of Artome. This document explains the company's policies of the collection, use and disclosure of personal information.\",\"breadcrumb\":{\"@id\":\"https:\/\/artome.fi\/en\/privacy-policy\/#breadcrumb\"},\"inLanguage\":\"sv-SE\",\"potentialAction\":[{\"@type\":\"ReadAction\",\"target\":[\"https:\/\/artome.fi\/en\/privacy-policy\/\"]}]},{\"@type\":\"BreadcrumbList\",\"@id\":\"https:\/\/artome.fi\/en\/privacy-policy\/#breadcrumb\",\"itemListElement\":[{\"@type\":\"ListItem\",\"position\":1,\"name\":\"Etusivu\",\"item\":\"https:\/\/artome.fi\/en\/\"},{\"@type\":\"ListItem\",\"position\":2,\"name\":\"Privacy Policy -Tietosuoja\"}]},{\"@type\":\"WebSite\",\"@id\":\"https:\/\/artome.fi\/en\/#website\",\"url\":\"https:\/\/artome.fi\/en\/\",\"name\":\"Artome\",\"description\":\"Redesigning audiovisual with smart furniture\",\"publisher\":{\"@id\":\"https:\/\/artome.fi\/en\/#organization\"},\"potentialAction\":[{\"@type\":\"SearchAction\",\"target\":{\"@type\":\"EntryPoint\",\"urlTemplate\":\"https:\/\/artome.fi\/en\/?s={search_term_string}\"},\"query-input\":{\"@type\":\"PropertyValueSpecification\",\"valueRequired\":true,\"valueName\":\"search_term_string\"}}],\"inLanguage\":\"sv-SE\"},{\"@type\":\"Organization\",\"@id\":\"https:\/\/artome.fi\/en\/#organization\",\"name\":\"Artome\",\"url\":\"https:\/\/artome.fi\/en\/\",\"logo\":{\"@type\":\"ImageObject\",\"inLanguage\":\"sv-SE\",\"@id\":\"https:\/\/artome.fi\/en\/#\/schema\/logo\/image\/\",\"url\":\"https:\/\/artome.fi\/wp-content\/uploads\/2022\/02\/artome_logo_black.png\",\"contentUrl\":\"https:\/\/artome.fi\/wp-content\/uploads\/2022\/02\/artome_logo_black.png\",\"width\":1280,\"height\":496,\"caption\":\"Artome\"},\"image\":{\"@id\":\"https:\/\/artome.fi\/en\/#\/schema\/logo\/image\/\"}}]}<\/script>\n<!-- \/ Yoast SEO Premium plugin. -->","yoast_head_json":{"title":"Integritetspolicy - Artome","description":"Artomes integritetspolicy. Detta dokument f\u00f6rklarar f\u00f6retagets policy f\u00f6r insamling, anv\u00e4ndning och utl\u00e4mnande av personlig information.","robots":{"index":"index","follow":"follow","max-snippet":"max-snippet:-1","max-image-preview":"max-image-preview:large","max-video-preview":"max-video-preview:-1"},"canonical":"https:\/\/artome.fi\/sv\/privacy-policy\/","og_locale":"sv_SE","og_type":"article","og_title":"Privacy Policy -Tietosuoja","og_description":"The privacy policy of Artome. This document explains the company's policies of the collection, use and disclosure of personal information.","og_url":"https:\/\/artome.fi\/sv\/privacy-policy\/","og_site_name":"Artome","article_modified_time":"2025-12-16T07:05:05+00:00","twitter_card":"summary_large_image","schema":{"@context":"https:\/\/schema.org","@graph":[{"@type":"WebPage","@id":"https:\/\/artome.fi\/en\/privacy-policy\/","url":"https:\/\/artome.fi\/en\/privacy-policy\/","name":"Integritetspolicy - Artome","isPartOf":{"@id":"https:\/\/artome.fi\/en\/#website"},"datePublished":"2022-07-21T13:33:02+00:00","dateModified":"2025-12-16T07:05:05+00:00","description":"Artomes integritetspolicy. Detta dokument f\u00f6rklarar f\u00f6retagets policy f\u00f6r insamling, anv\u00e4ndning och utl\u00e4mnande av personlig information.","breadcrumb":{"@id":"https:\/\/artome.fi\/en\/privacy-policy\/#breadcrumb"},"inLanguage":"sv-SE","potentialAction":[{"@type":"ReadAction","target":["https:\/\/artome.fi\/en\/privacy-policy\/"]}]},{"@type":"BreadcrumbList","@id":"https:\/\/artome.fi\/en\/privacy-policy\/#breadcrumb","itemListElement":[{"@type":"ListItem","position":1,"name":"Etusivu","item":"https:\/\/artome.fi\/en\/"},{"@type":"ListItem","position":2,"name":"Privacy Policy -Tietosuoja"}]},{"@type":"WebSite","@id":"https:\/\/artome.fi\/en\/#website","url":"https:\/\/artome.fi\/en\/","name":"Artome","description":"Omdesign av audiovisuella medier med smarta m\u00f6bler","publisher":{"@id":"https:\/\/artome.fi\/en\/#organization"},"potentialAction":[{"@type":"SearchAction","target":{"@type":"EntryPoint","urlTemplate":"https:\/\/artome.fi\/en\/?s={search_term_string}"},"query-input":{"@type":"PropertyValueSpecification","valueRequired":true,"valueName":"search_term_string"}}],"inLanguage":"sv-SE"},{"@type":"Organization","@id":"https:\/\/artome.fi\/en\/#organization","name":"Artome","url":"https:\/\/artome.fi\/en\/","logo":{"@type":"ImageObject","inLanguage":"sv-SE","@id":"https:\/\/artome.fi\/en\/#\/schema\/logo\/image\/","url":"https:\/\/artome.fi\/wp-content\/uploads\/2022\/02\/artome_logo_black.png","contentUrl":"https:\/\/artome.fi\/wp-content\/uploads\/2022\/02\/artome_logo_black.png","width":1280,"height":496,"caption":"Artome"},"image":{"@id":"https:\/\/artome.fi\/en\/#\/schema\/logo\/image\/"}}]}},"_links":{"self":[{"href":"https:\/\/artome.fi\/sv\/wp-json\/wp\/v2\/pages\/1636","targetHints":{"allow":["GET"]}}],"collection":[{"href":"https:\/\/artome.fi\/sv\/wp-json\/wp\/v2\/pages"}],"about":[{"href":"https:\/\/artome.fi\/sv\/wp-json\/wp\/v2\/types\/page"}],"author":[{"embeddable":true,"href":"https:\/\/artome.fi\/sv\/wp-json\/wp\/v2\/users\/1"}],"replies":[{"embeddable":true,"href":"https:\/\/artome.fi\/sv\/wp-json\/wp\/v2\/comments?post=1636"}],"version-history":[{"count":12,"href":"https:\/\/artome.fi\/sv\/wp-json\/wp\/v2\/pages\/1636\/revisions"}],"predecessor-version":[{"id":10313,"href":"https:\/\/artome.fi\/sv\/wp-json\/wp\/v2\/pages\/1636\/revisions\/10313"}],"wp:attachment":[{"href":"https:\/\/artome.fi\/sv\/wp-json\/wp\/v2\/media?parent=1636"}],"curies":[{"name":"wp","href":"https:\/\/api.w.org\/{rel}","templated":true}]}}