{"id":3620,"date":"2023-01-19T17:08:59","date_gmt":"2023-01-19T17:08:59","guid":{"rendered":"https:\/\/artome.fi\/?page_id=3620"},"modified":"2023-01-19T17:37:11","modified_gmt":"2023-01-19T17:37:11","slug":"naava","status":"publish","type":"page","link":"https:\/\/artome.fi\/sv\/naava\/","title":{"rendered":"Naava"},"content":{"rendered":"<div data-elementor-type=\"wp-page\" data-elementor-id=\"3620\" class=\"elementor elementor-3620\" data-elementor-post-type=\"page\">\n\t\t\t\t\t\t<section class=\"elementor-section elementor-top-section elementor-element elementor-element-87cf524 elementor-section-boxed elementor-section-height-default elementor-section-height-default\" data-id=\"87cf524\" data-element_type=\"section\">\n\t\t\t\t\t\t<div class=\"elementor-container elementor-column-gap-default\">\n\t\t\t\t\t<div class=\"elementor-column elementor-col-100 elementor-top-column elementor-element elementor-element-32be7966\" data-id=\"32be7966\" data-element_type=\"column\">\n\t\t\t<div class=\"elementor-widget-wrap elementor-element-populated\">\n\t\t\t\t\t\t<div class=\"elementor-element elementor-element-5c846904 elementor-mobile-align-center elementor-widget elementor-widget-button\" data-id=\"5c846904\" data-element_type=\"widget\" data-widget_type=\"button.default\">\n\t\t\t\t<div class=\"elementor-widget-container\">\n\t\t\t\t\t\t\t\t\t<div class=\"elementor-button-wrapper\">\n\t\t\t\t\t<a class=\"elementor-button elementor-button-link elementor-size-sm\" href=\"https:\/\/artome.fi\/sv\/experiences\/\">\n\t\t\t\t\t\t<span class=\"elementor-button-content-wrapper\">\n\t\t\t\t\t\t\t\t\t<span class=\"elementor-button-text\">Erfarenheter<\/span>\n\t\t\t\t\t<\/span>\n\t\t\t\t\t<\/a>\n\t\t\t\t<\/div>\n\t\t\t\t\t\t\t\t<\/div>\n\t\t\t\t<\/div>\n\t\t\t\t<div class=\"elementor-element elementor-element-661db7f0 elementor-widget elementor-widget-heading\" data-id=\"661db7f0\" data-element_type=\"widget\" data-widget_type=\"heading.default\">\n\t\t\t\t<div class=\"elementor-widget-container\">\n\t\t\t\t\t<h2 class=\"elementor-heading-title elementor-size-xl\">Naava<\/h2>\t\t\t\t<\/div>\n\t\t\t\t<\/div>\n\t\t\t\t\t<\/div>\n\t\t<\/div>\n\t\t\t\t\t<\/div>\n\t\t<\/section>\n\t\t\t\t<section class=\"elementor-section elementor-top-section elementor-element elementor-element-388e3068 elementor-section-boxed elementor-section-height-default elementor-section-height-default\" data-id=\"388e3068\" data-element_type=\"section\">\n\t\t\t\t\t\t<div class=\"elementor-container elementor-column-gap-default\">\n\t\t\t\t\t<div class=\"elementor-column elementor-col-100 elementor-top-column elementor-element elementor-element-7002b4ca\" data-id=\"7002b4ca\" data-element_type=\"column\">\n\t\t\t<div class=\"elementor-widget-wrap elementor-element-populated\">\n\t\t\t\t\t\t<div class=\"elementor-element elementor-element-191235d1 elementor-widget elementor-widget-image\" data-id=\"191235d1\" data-element_type=\"widget\" data-widget_type=\"image.default\">\n\t\t\t\t<div class=\"elementor-widget-container\">\n\t\t\t\t\t\t\t\t\t\t\t\t\t\t\t<img fetchpriority=\"high\" decoding=\"async\" width=\"1536\" height=\"1024\" src=\"https:\/\/artome.fi\/wp-content\/uploads\/2023\/01\/Naava-showroom-1536x1024.jpg\" class=\"attachment-1536x1536 size-1536x1536 wp-image-3623\" alt=\"Artome M10 i Naavas utst\u00e4llningslokal med en man som g\u00e5r f\u00f6rbi\" srcset=\"https:\/\/artome.fi\/wp-content\/uploads\/2023\/01\/Naava-showroom-1536x1024.jpg 1536w, https:\/\/artome.fi\/wp-content\/uploads\/2023\/01\/Naava-showroom-300x200.jpg 300w, https:\/\/artome.fi\/wp-content\/uploads\/2023\/01\/Naava-showroom-1024x683.jpg 1024w, https:\/\/artome.fi\/wp-content\/uploads\/2023\/01\/Naava-showroom-768x512.jpg 768w, https:\/\/artome.fi\/wp-content\/uploads\/2023\/01\/Naava-showroom-2048x1365.jpg 2048w, https:\/\/artome.fi\/wp-content\/uploads\/2023\/01\/Naava-showroom-18x12.jpg 18w\" sizes=\"(max-width: 1536px) 100vw, 1536px\" \/>\t\t\t\t\t\t\t\t\t\t\t\t\t\t\t<\/div>\n\t\t\t\t<\/div>\n\t\t\t\t<div class=\"elementor-element elementor-element-4a9cd4da elementor-widget-mobile__width-inherit elementor-widget elementor-widget-heading\" data-id=\"4a9cd4da\" data-element_type=\"widget\" data-widget_type=\"heading.default\">\n\t\t\t\t<div class=\"elementor-widget-container\">\n\t\t\t\t\t<h2 class=\"elementor-heading-title elementor-size-default\">Samarbete utanf\u00f6r Finlands gr\u00e4nser<\/h2>\t\t\t\t<\/div>\n\t\t\t\t<\/div>\n\t\t\t\t<div class=\"elementor-element elementor-element-4f6d0d58 elementor-widget elementor-widget-text-editor\" data-id=\"4f6d0d58\" data-element_type=\"widget\" data-widget_type=\"text-editor.default\">\n\t\t\t\t<div class=\"elementor-widget-container\">\n\t\t\t\t\t\t\t\t\t<p><span lang=\"FI-FI\" xml:lang=\"FI-FI\" data-contrast=\"auto\">Naava, v\u00e4rldens ledande tillverkare av gr\u00f6na v\u00e4ggar, \u00f6ppnade sitt nya biofila showroom h\u00f6sten 2022 i hj\u00e4rtat av Helsingfors, p\u00e5 Mannerheimv\u00e4gen 4, n\u00e4r de gamla lokalerna inte l\u00e4ngre uppfyllde det v\u00e4xande f\u00f6retagets behov. Det nya showroomet kommer att fokusera p\u00e5 biofilisk rumsdesign och i synnerhet p\u00e5 lokalernas h\u00e4lsa, komfort och s\u00e4kerhet. I Naavas nya lokaler kan bes\u00f6karna ocks\u00e5 uppleva innovativa l\u00f6sningar fr\u00e5n andra showroom-partners, till exempel Artomes mobila och installationsfria displayl\u00f6sning Artome M10.&nbsp;<\/span><span data-ccp-props=\"{&quot;201341983&quot;:0,&quot;335559739&quot;:160,&quot;335559740&quot;:259}\">&nbsp;<\/span><\/p>\n<p><b><span data-contrast=\"auto\">L\u00e4ttanv\u00e4nd presentationsteknik integreras i utst\u00e4llningsmontern<\/span><\/b><span data-ccp-props=\"{&quot;201341983&quot;:0,&quot;335559739&quot;:160,&quot;335559740&quot;:259}\">&nbsp;<\/span><\/p>\n<p class=\"translation-block\"><span data-contrast=\"auto\">Artome och Naavas samarbete har \u00e4ven str\u00e4ckt sig till internationella m\u00e4ssor, d\u00e4r Naava har anv\u00e4nt Artomes l\u00e4ttanv\u00e4nda presentationsteknik i sin monter. Naavas Director of Customer Experience and Design, <strong>Eeva Niemel\u00e4<\/strong>, ber\u00e4ttar att i Naavas monter sm\u00e4lte Artomes M10-presentationsl\u00f6sning in i montern som en skandinavisk designm\u00f6bel. Dessutom gjorde Artome det enkelt att projicera videor p\u00e5 monterv\u00e4ggen under m\u00e4ssan och att flytta dess position i montern vid behov. <\/span> &lt;\/span<\/p>\t\t\t\t\t\t\t\t<\/div>\n\t\t\t\t<\/div>\n\t\t\t\t<div class=\"elementor-element elementor-element-44856550 elementor-blockquote--skin-quotation elementor-blockquote--align-center elementor-widget elementor-widget-blockquote\" data-id=\"44856550\" data-element_type=\"widget\" data-widget_type=\"blockquote.default\">\n\t\t\t\t<div class=\"elementor-widget-container\">\n\t\t\t\t\t\t\t<blockquote class=\"elementor-blockquote\">\n\t\t\t<p class=\"elementor-blockquote__content\">\n\t\t\t\tArtome gjorde det m\u00f6jligt f\u00f6r oss att producera de bilder vi ville ha projicerade p\u00e5 v\u00e4ggen och till och med enkelt \u00e4ndra vyn vid behov. Resultatet blev en snygg, h\u00e5llbar och framf\u00f6r allt attraktiv l\u00f6sning f\u00f6r g\u00e4sterna j\u00e4mf\u00f6rt med traditionell tejpning.\t\t\t<\/p>\n\t\t\t\t\t\t\t<div class=\"e-q-footer\">\n\t\t\t\t\t\t\t\t\t\t\t<cite class=\"elementor-blockquote__author\">Eeva Niemel\u00e4, chef f\u00f6r kundupplevelse och design, Naava <\/cite>\n\t\t\t\t\t\t\t\t\t\t\t\t\t\t<\/div>\n\t\t\t\t\t<\/blockquote>\n\t\t\t\t\t\t<\/div>\n\t\t\t\t<\/div>\n\t\t\t\t<div class=\"elementor-element elementor-element-513afc0 elementor-widget elementor-widget-image\" data-id=\"513afc0\" data-element_type=\"widget\" data-widget_type=\"image.default\">\n\t\t\t\t<div class=\"elementor-widget-container\">\n\t\t\t\t\t\t\t\t\t\t\t\t\t\t\t<img decoding=\"async\" width=\"768\" height=\"1152\" src=\"https:\/\/artome.fi\/wp-content\/uploads\/2023\/01\/Naava-showroom-2-768x1152.jpg\" class=\"attachment-medium_large size-medium_large wp-image-3624\" alt=\"Allt-i-ett-l\u00f6sning f\u00f6r audiovisuell kommunikation, Artome M10, i Naavas showroom\" srcset=\"https:\/\/artome.fi\/wp-content\/uploads\/2023\/01\/Naava-showroom-2-768x1152.jpg 768w, https:\/\/artome.fi\/wp-content\/uploads\/2023\/01\/Naava-showroom-2-200x300.jpg 200w, https:\/\/artome.fi\/wp-content\/uploads\/2023\/01\/Naava-showroom-2-683x1024.jpg 683w, https:\/\/artome.fi\/wp-content\/uploads\/2023\/01\/Naava-showroom-2-1024x1536.jpg 1024w, https:\/\/artome.fi\/wp-content\/uploads\/2023\/01\/Naava-showroom-2-1365x2048.jpg 1365w, https:\/\/artome.fi\/wp-content\/uploads\/2023\/01\/Naava-showroom-2-8x12.jpg 8w, https:\/\/artome.fi\/wp-content\/uploads\/2023\/01\/Naava-showroom-2-scaled.jpg 1706w\" sizes=\"(max-width: 768px) 100vw, 768px\" \/>\t\t\t\t\t\t\t\t\t\t\t\t\t\t\t<\/div>\n\t\t\t\t<\/div>\n\t\t\t\t<div class=\"elementor-element elementor-element-229eb2a9 elementor-widget elementor-widget-text-editor\" data-id=\"229eb2a9\" data-element_type=\"widget\" data-widget_type=\"text-editor.default\">\n\t\t\t\t<div class=\"elementor-widget-container\">\n\t\t\t\t\t\t\t\t\t<p><b><span data-contrast=\"auto\">Ett mer kostnadseffektivt alternativ vann avdelningens varum\u00e4rkesprofilering<\/span><\/b><span data-ccp-props=\"{&quot;201341983&quot;:0,&quot;335559739&quot;:160,&quot;335559740&quot;:259}\">\u00a0<\/span><\/p><p><span data-contrast=\"auto\">Artome \u00e4r ett mer kostnadseffektivt och milj\u00f6v\u00e4nligt alternativ till traditionella sk\u00e4rmar eller tejp. H\u00e5llbarhet \u00e4r k\u00e4rnan i varum\u00e4rket Naava, s\u00e5 Naava str\u00e4var efter att undvika allt som \u00e4r eng\u00e5ngsbruk vid konstruktion och installation av utst\u00e4llningsmontrar.\u00a0<\/span><span data-ccp-props=\"{&quot;201341983&quot;:0,&quot;335559739&quot;:160,&quot;335559740&quot;:259}\">\u00a0<\/span><\/p>\t\t\t\t\t\t\t\t<\/div>\n\t\t\t\t<\/div>\n\t\t\t\t<div class=\"elementor-element elementor-element-46659872 elementor-blockquote--skin-quotation elementor-blockquote--align-center elementor-widget elementor-widget-blockquote\" data-id=\"46659872\" data-element_type=\"widget\" data-widget_type=\"blockquote.default\">\n\t\t\t\t<div class=\"elementor-widget-container\">\n\t\t\t\t\t\t\t<blockquote class=\"elementor-blockquote\">\n\t\t\t<p class=\"elementor-blockquote__content\">\n\t\t\t\tAtt tejpa v\u00e5r avdelnings disponibla bakv\u00e4gg och installera en logotyp skulle ha kostat oss upp till tusentals euro extra, men vi best\u00e4mde oss f\u00f6r att p\u00e5 ett innovativt s\u00e4tt anv\u00e4nda Artome M10 f\u00f6r att profilera v\u00e5r avdelning.\t\t\t<\/p>\n\t\t\t\t\t<\/blockquote>\n\t\t\t\t\t\t<\/div>\n\t\t\t\t<\/div>\n\t\t\t\t<div class=\"elementor-element elementor-element-84659d3 elementor-widget elementor-widget-text-editor\" data-id=\"84659d3\" data-element_type=\"widget\" data-widget_type=\"text-editor.default\">\n\t\t\t\t<div class=\"elementor-widget-container\">\n\t\t\t\t\t\t\t\t\t<p><b><span data-contrast=\"auto\">Skandinavisk design var den sammanh\u00e5llande faktorn<\/span><\/b><span data-ccp-props=\"{&quot;201341983&quot;:0,&quot;335559739&quot;:160,&quot;335559740&quot;:259}\">\u00a0<\/span><\/p><p class=\"translation-block\"><span data-contrast=\"auto\">Vid sidan av h\u00e5llbarhet styrs Naava-varum\u00e4rket av ren, skandinavisk design. <\/span> <br><span data-contrast=\"auto\"><strong>\u201dDet var viktigt f\u00f6r oss att Artome M10 passar in i designspr\u00e5ket f\u00f6r v\u00e5ra Naava-produkter och v\u00e5rt varum\u00e4rke\u201d<\/strong>, sammanfattar Eeva Niemel\u00e4. <\/span><span> <\/span><\/p>\t\t\t\t\t\t\t\t<\/div>\n\t\t\t\t<\/div>\n\t\t\t\t\t<\/div>\n\t\t<\/div>\n\t\t\t\t\t<\/div>\n\t\t<\/section>\n\t\t\t\t<section class=\"elementor-section elementor-top-section elementor-element elementor-element-54dd5c2 elementor-section-boxed elementor-section-height-default elementor-section-height-default\" data-id=\"54dd5c2\" data-element_type=\"section\">\n\t\t\t\t\t\t<div class=\"elementor-container elementor-column-gap-default\">\n\t\t\t\t\t<div class=\"elementor-column elementor-col-100 elementor-top-column elementor-element elementor-element-6f05395\" data-id=\"6f05395\" data-element_type=\"column\">\n\t\t\t<div class=\"elementor-widget-wrap elementor-element-populated\">\n\t\t\t\t\t\t<div class=\"elementor-element elementor-element-1810b11 elementor-cta--skin-classic elementor-animated-content elementor-bg-transform elementor-bg-transform-zoom-in elementor-widget elementor-widget-call-to-action\" data-id=\"1810b11\" data-element_type=\"widget\" data-widget_type=\"call-to-action.default\">\n\t\t\t\t<div class=\"elementor-widget-container\">\n\t\t\t\t\t\t\t<div class=\"elementor-cta\">\n\t\t\t\t\t<div class=\"elementor-cta__bg-wrapper\">\n\t\t\t\t<div class=\"elementor-cta__bg elementor-bg\" style=\"background-image: url(https:\/\/artome.fi\/wp-content\/uploads\/2022\/11\/Naava-showroom-1024x683.jpg);\" role=\"img\" aria-label=\"Naavas utst\u00e4llningslokal\"><\/div>\n\t\t\t\t<div class=\"elementor-cta__bg-overlay\"><\/div>\n\t\t\t<\/div>\n\t\t\t\t\t\t\t<div class=\"elementor-cta__content\">\n\t\t\t\t\n\t\t\t\t\t\t\t\t\t<h2 class=\"elementor-cta__title elementor-cta__content-item elementor-content-item\">\n\t\t\t\t\t\t\u00c4r du intresserad av flexibel utrymmesdesign och bioodling?\t\t\t\t\t<\/h2>\n\t\t\t\t\n\t\t\t\t\t\t\t\t\t<div class=\"elementor-cta__description elementor-cta__content-item elementor-content-item\">\n\t\t\t\t\t\tKolla in v\u00e5r guide Future Flexible Workspaces, som vi har tagit fram i samarbete med Naava.\t\t\t\t\t<\/div>\n\t\t\t\t\n\t\t\t\t\t\t\t\t\t<div class=\"elementor-cta__button-wrapper elementor-cta__content-item elementor-content-item\">\n\t\t\t\t\t<a class=\"elementor-cta__button elementor-button elementor-size-\" href=\"https:\/\/artome.fi\/wp-content\/uploads\/2022\/10\/Artome_Workspace_guide_FIN_2022_WEB.pdf\">\n\t\t\t\t\t\tLadda ner guiden\t\t\t\t\t<\/a>\n\t\t\t\t\t<\/div>\n\t\t\t\t\t\t\t<\/div>\n\t\t\t\t\t\t<\/div>\n\t\t\t\t\t\t<\/div>\n\t\t\t\t<\/div>\n\t\t\t\t\t<\/div>\n\t\t<\/div>\n\t\t\t\t\t<\/div>\n\t\t<\/section>\n\t\t\t\t<\/div>","protected":false},"excerpt":{"rendered":"<p>Kokemuksia Naava Yhteisty\u00f6t\u00e4 yli Suomen rajojen Maailman johtava viherseinien valmistaja Naava avasi uuden, luonnonl\u00e4heist\u00e4 ymp\u00e4rist\u00f6\u00e4 huokuvan biofiilisen showroominsa syksyll\u00e4 2022 aivan Helsingin ydinkeskustaan, Mannerheimintie 4:\u00e4\u00e4n, kun vanhat tilat eiv\u00e4t en\u00e4\u00e4 palvelleet kasvavan yrityksen tarpeita. Uuden showroomin keski\u00f6ss\u00e4 on biofiliinen tilasuunnittelu ja erityisesti tilojen terveellisyys, viihtyvyys sek\u00e4 turvallisuus. Naavan uusissa tiloissa voi kokea my\u00f6s muiden showroom-kumppaneiden [&hellip;]<\/p>\n","protected":false},"author":1,"featured_media":0,"parent":0,"menu_order":0,"comment_status":"closed","ping_status":"closed","template":"elementor_header_footer","meta":{"om_disable_all_campaigns":false,"_monsterinsights_skip_tracking":false,"_monsterinsights_sitenote_active":false,"_monsterinsights_sitenote_note":"","_monsterinsights_sitenote_category":0,"_uf_show_specific_survey":0,"_uf_disable_surveys":false,"footnotes":""},"class_list":["post-3620","page","type-page","status-publish","hentry"],"blocksy_meta":{"styles_descriptor":{"styles":{"desktop":"","tablet":"","mobile":""},"google_fonts":[],"version":6}},"aioseo_notices":[],"yoast_head":"<!-- This site is optimized with the Yoast SEO Premium plugin v23.2 (Yoast SEO v26.3) - https:\/\/yoast.com\/wordpress\/plugins\/seo\/ -->\n<title>Artome | Experiences - Naava<\/title>\n<meta name=\"description\" content=\"Naava chose Artome to their new showroom for its Scandinavian look and also saved money on international event with the help of Artome.\" \/>\n<meta name=\"robots\" content=\"index, follow, max-snippet:-1, max-image-preview:large, max-video-preview:-1\" \/>\n<link rel=\"canonical\" href=\"https:\/\/artome.fi\/sv\/naava\/\" \/>\n<meta property=\"og:locale\" content=\"sv_SE\" \/>\n<meta property=\"og:type\" content=\"article\" \/>\n<meta property=\"og:title\" content=\"Naava\" \/>\n<meta property=\"og:description\" content=\"Naava chose Artome to their new showroom for its Scandinavian look and also saved money on international event with the help of Artome.\" \/>\n<meta property=\"og:url\" content=\"https:\/\/artome.fi\/sv\/naava\/\" \/>\n<meta property=\"og:site_name\" content=\"Artome\" \/>\n<meta property=\"article:modified_time\" content=\"2023-01-19T17:37:11+00:00\" \/>\n<meta property=\"og:image\" content=\"https:\/\/artome.fi\/wp-content\/uploads\/2023\/01\/Naava-showroom-1536x1024.jpg\" \/>\n<meta name=\"twitter:card\" content=\"summary_large_image\" \/>\n<meta name=\"twitter:label1\" content=\"Ber\u00e4knad l\u00e4stid\" \/>\n\t<meta name=\"twitter:data1\" content=\"3 minuter\" \/>\n<script type=\"application\/ld+json\" class=\"yoast-schema-graph\">{\"@context\":\"https:\/\/schema.org\",\"@graph\":[{\"@type\":\"WebPage\",\"@id\":\"https:\/\/artome.fi\/it\/nava\/\",\"url\":\"https:\/\/artome.fi\/it\/nava\/\",\"name\":\"Artome | Experiences - Naava\",\"isPartOf\":{\"@id\":\"https:\/\/artome.fi\/en\/#website\"},\"primaryImageOfPage\":{\"@id\":\"https:\/\/artome.fi\/it\/nava\/#primaryimage\"},\"image\":{\"@id\":\"https:\/\/artome.fi\/it\/nava\/#primaryimage\"},\"thumbnailUrl\":\"https:\/\/artome.fi\/wp-content\/uploads\/2023\/01\/Naava-showroom-1536x1024.jpg\",\"datePublished\":\"2023-01-19T17:08:59+00:00\",\"dateModified\":\"2023-01-19T17:37:11+00:00\",\"description\":\"Naava chose Artome to their new showroom for its Scandinavian look and also saved money on international event with the help of Artome.\",\"breadcrumb\":{\"@id\":\"https:\/\/artome.fi\/it\/nava\/#breadcrumb\"},\"inLanguage\":\"sv-SE\",\"potentialAction\":[{\"@type\":\"ReadAction\",\"target\":[\"https:\/\/artome.fi\/it\/nava\/\"]}]},{\"@type\":\"ImageObject\",\"inLanguage\":\"sv-SE\",\"@id\":\"https:\/\/artome.fi\/it\/nava\/#primaryimage\",\"url\":\"https:\/\/artome.fi\/wp-content\/uploads\/2023\/01\/Naava-showroom-1536x1024.jpg\",\"contentUrl\":\"https:\/\/artome.fi\/wp-content\/uploads\/2023\/01\/Naava-showroom-1536x1024.jpg\"},{\"@type\":\"BreadcrumbList\",\"@id\":\"https:\/\/artome.fi\/it\/nava\/#breadcrumb\",\"itemListElement\":[{\"@type\":\"ListItem\",\"position\":1,\"name\":\"Etusivu\",\"item\":\"https:\/\/artome.fi\/en\/\"},{\"@type\":\"ListItem\",\"position\":2,\"name\":\"Naava\"}]},{\"@type\":\"WebSite\",\"@id\":\"https:\/\/artome.fi\/en\/#website\",\"url\":\"https:\/\/artome.fi\/en\/\",\"name\":\"Artome\",\"description\":\"Redesigning audiovisual with smart furniture\",\"publisher\":{\"@id\":\"https:\/\/artome.fi\/en\/#organization\"},\"potentialAction\":[{\"@type\":\"SearchAction\",\"target\":{\"@type\":\"EntryPoint\",\"urlTemplate\":\"https:\/\/artome.fi\/en\/?s={search_term_string}\"},\"query-input\":{\"@type\":\"PropertyValueSpecification\",\"valueRequired\":true,\"valueName\":\"search_term_string\"}}],\"inLanguage\":\"sv-SE\"},{\"@type\":\"Organization\",\"@id\":\"https:\/\/artome.fi\/en\/#organization\",\"name\":\"Artome\",\"url\":\"https:\/\/artome.fi\/en\/\",\"logo\":{\"@type\":\"ImageObject\",\"inLanguage\":\"sv-SE\",\"@id\":\"https:\/\/artome.fi\/en\/#\/schema\/logo\/image\/\",\"url\":\"https:\/\/artome.fi\/wp-content\/uploads\/2022\/02\/artome_logo_black.png\",\"contentUrl\":\"https:\/\/artome.fi\/wp-content\/uploads\/2022\/02\/artome_logo_black.png\",\"width\":1280,\"height\":496,\"caption\":\"Artome\"},\"image\":{\"@id\":\"https:\/\/artome.fi\/en\/#\/schema\/logo\/image\/\"}}]}<\/script>\n<!-- \/ Yoast SEO Premium plugin. -->","yoast_head_json":{"title":"Artome | Erfarenheter - Naava","description":"Naava valde Artome till sitt nya showroom f\u00f6r dess skandinaviska utseende och sparade ocks\u00e5 pengar p\u00e5 ett internationellt evenemang med hj\u00e4lp av Artome.","robots":{"index":"index","follow":"follow","max-snippet":"max-snippet:-1","max-image-preview":"max-image-preview:large","max-video-preview":"max-video-preview:-1"},"canonical":"https:\/\/artome.fi\/sv\/naava\/","og_locale":"sv_SE","og_type":"article","og_title":"Naava","og_description":"Naava chose Artome to their new showroom for its Scandinavian look and also saved money on international event with the help of Artome.","og_url":"https:\/\/artome.fi\/sv\/naava\/","og_site_name":"Artome","article_modified_time":"2023-01-19T17:37:11+00:00","og_image":[{"url":"https:\/\/artome.fi\/wp-content\/uploads\/2023\/01\/Naava-showroom-1536x1024.jpg","type":"","width":"","height":""}],"twitter_card":"summary_large_image","twitter_misc":{"Ber\u00e4knad l\u00e4stid":"3 minuter"},"schema":{"@context":"https:\/\/schema.org","@graph":[{"@type":"WebPage","@id":"https:\/\/artome.fi\/it\/nava\/","url":"https:\/\/artome.fi\/it\/nava\/","name":"Artome | Erfarenheter - Naava","isPartOf":{"@id":"https:\/\/artome.fi\/en\/#website"},"primaryImageOfPage":{"@id":"https:\/\/artome.fi\/it\/nava\/#primaryimage"},"image":{"@id":"https:\/\/artome.fi\/it\/nava\/#primaryimage"},"thumbnailUrl":"https:\/\/artome.fi\/wp-content\/uploads\/2023\/01\/Naava-showroom-1536x1024.jpg","datePublished":"2023-01-19T17:08:59+00:00","dateModified":"2023-01-19T17:37:11+00:00","description":"Naava valde Artome till sitt nya showroom f\u00f6r dess skandinaviska utseende och sparade ocks\u00e5 pengar p\u00e5 ett internationellt evenemang med hj\u00e4lp av Artome.","breadcrumb":{"@id":"https:\/\/artome.fi\/it\/nava\/#breadcrumb"},"inLanguage":"sv-SE","potentialAction":[{"@type":"ReadAction","target":["https:\/\/artome.fi\/it\/nava\/"]}]},{"@type":"ImageObject","inLanguage":"sv-SE","@id":"https:\/\/artome.fi\/it\/nava\/#primaryimage","url":"https:\/\/artome.fi\/wp-content\/uploads\/2023\/01\/Naava-showroom-1536x1024.jpg","contentUrl":"https:\/\/artome.fi\/wp-content\/uploads\/2023\/01\/Naava-showroom-1536x1024.jpg"},{"@type":"BreadcrumbList","@id":"https:\/\/artome.fi\/it\/nava\/#breadcrumb","itemListElement":[{"@type":"ListItem","position":1,"name":"Etusivu","item":"https:\/\/artome.fi\/en\/"},{"@type":"ListItem","position":2,"name":"Naava"}]},{"@type":"WebSite","@id":"https:\/\/artome.fi\/en\/#website","url":"https:\/\/artome.fi\/en\/","name":"Artome","description":"Omdesign av audiovisuella medier med smarta m\u00f6bler","publisher":{"@id":"https:\/\/artome.fi\/en\/#organization"},"potentialAction":[{"@type":"SearchAction","target":{"@type":"EntryPoint","urlTemplate":"https:\/\/artome.fi\/en\/?s={search_term_string}"},"query-input":{"@type":"PropertyValueSpecification","valueRequired":true,"valueName":"search_term_string"}}],"inLanguage":"sv-SE"},{"@type":"Organization","@id":"https:\/\/artome.fi\/en\/#organization","name":"Artome","url":"https:\/\/artome.fi\/en\/","logo":{"@type":"ImageObject","inLanguage":"sv-SE","@id":"https:\/\/artome.fi\/en\/#\/schema\/logo\/image\/","url":"https:\/\/artome.fi\/wp-content\/uploads\/2022\/02\/artome_logo_black.png","contentUrl":"https:\/\/artome.fi\/wp-content\/uploads\/2022\/02\/artome_logo_black.png","width":1280,"height":496,"caption":"Artome"},"image":{"@id":"https:\/\/artome.fi\/en\/#\/schema\/logo\/image\/"}}]}},"_links":{"self":[{"href":"https:\/\/artome.fi\/sv\/wp-json\/wp\/v2\/pages\/3620","targetHints":{"allow":["GET"]}}],"collection":[{"href":"https:\/\/artome.fi\/sv\/wp-json\/wp\/v2\/pages"}],"about":[{"href":"https:\/\/artome.fi\/sv\/wp-json\/wp\/v2\/types\/page"}],"author":[{"embeddable":true,"href":"https:\/\/artome.fi\/sv\/wp-json\/wp\/v2\/users\/1"}],"replies":[{"embeddable":true,"href":"https:\/\/artome.fi\/sv\/wp-json\/wp\/v2\/comments?post=3620"}],"version-history":[{"count":10,"href":"https:\/\/artome.fi\/sv\/wp-json\/wp\/v2\/pages\/3620\/revisions"}],"predecessor-version":[{"id":3632,"href":"https:\/\/artome.fi\/sv\/wp-json\/wp\/v2\/pages\/3620\/revisions\/3632"}],"wp:attachment":[{"href":"https:\/\/artome.fi\/sv\/wp-json\/wp\/v2\/media?parent=3620"}],"curies":[{"name":"wp","href":"https:\/\/api.w.org\/{rel}","templated":true}]}}