{"id":6629,"date":"2023-11-10T07:30:52","date_gmt":"2023-11-10T07:30:52","guid":{"rendered":"https:\/\/artome.fi\/?page_id=6629"},"modified":"2023-11-13T07:39:35","modified_gmt":"2023-11-13T07:39:35","slug":"the-big-picture-in-learning","status":"publish","type":"page","link":"https:\/\/artome.fi\/sv\/the-big-picture-in-learning\/","title":{"rendered":"Den stora bilden i l\u00e4randet"},"content":{"rendered":"<div data-elementor-type=\"wp-page\" data-elementor-id=\"6629\" class=\"elementor elementor-6629\" data-elementor-post-type=\"page\">\n\t\t\t\t\t\t<section class=\"elementor-section elementor-top-section elementor-element elementor-element-3b7ab80 elementor-section-full_width elementor-section-content-middle elementor-reverse-mobile elementor-section-height-default elementor-section-height-default\" data-id=\"3b7ab80\" data-element_type=\"section\" data-settings=\"{&quot;background_background&quot;:&quot;classic&quot;}\">\n\t\t\t\t\t\t<div class=\"elementor-container elementor-column-gap-no\">\n\t\t\t\t\t<div class=\"elementor-column elementor-col-50 elementor-top-column elementor-element elementor-element-092de14\" data-id=\"092de14\" data-element_type=\"column\" data-settings=\"{&quot;background_background&quot;:&quot;gradient&quot;}\">\n\t\t\t<div class=\"elementor-widget-wrap elementor-element-populated\">\n\t\t\t\t\t\t<div class=\"elementor-element elementor-element-63faa2d elementor-widget elementor-widget-heading\" data-id=\"63faa2d\" data-element_type=\"widget\" data-widget_type=\"heading.default\">\n\t\t\t\t<div class=\"elementor-widget-container\">\n\t\t\t\t\t<h5 class=\"elementor-heading-title elementor-size-default\">Frig\u00f6r potentialen hos utrymmen<\/h5>\t\t\t\t<\/div>\n\t\t\t\t<\/div>\n\t\t\t\t<div class=\"elementor-element elementor-element-db9d476 elementor-widget-mobile__width-initial elementor-widget elementor-widget-heading\" data-id=\"db9d476\" data-element_type=\"widget\" data-widget_type=\"heading.default\">\n\t\t\t\t<div class=\"elementor-widget-container\">\n\t\t\t\t\t<h2 class=\"elementor-heading-title elementor-size-default\">Helhetsbilden \u00e4r viktig n\u00e4r det g\u00e4ller inl\u00e4rning<\/h2>\t\t\t\t<\/div>\n\t\t\t\t<\/div>\n\t\t\t\t\t<\/div>\n\t\t<\/div>\n\t\t\t\t<div class=\"elementor-column elementor-col-50 elementor-top-column elementor-element elementor-element-42d4a85\" data-id=\"42d4a85\" data-element_type=\"column\" data-settings=\"{&quot;background_background&quot;:&quot;classic&quot;}\">\n\t\t\t<div class=\"elementor-widget-wrap elementor-element-populated\">\n\t\t\t\t\t\t<div class=\"elementor-element elementor-element-6a1c493 elementor-widget elementor-widget-video\" data-id=\"6a1c493\" data-element_type=\"widget\" data-settings=\"{&quot;video_type&quot;:&quot;hosted&quot;,&quot;autoplay&quot;:&quot;yes&quot;,&quot;play_on_mobile&quot;:&quot;yes&quot;,&quot;mute&quot;:&quot;yes&quot;,&quot;loop&quot;:&quot;yes&quot;}\" data-widget_type=\"video.default\">\n\t\t\t\t<div class=\"elementor-widget-container\">\n\t\t\t\t\t\t\t<div class=\"e-hosted-video elementor-wrapper elementor-open-inline\">\n\t\t\t\t\t<video class=\"elementor-video\" src=\"https:\/\/artome.fi\/wp-content\/uploads\/2023\/08\/Education-1_1-opti.mp4\" autoplay=\"\" loop=\"\" muted=\"muted\" playsinline=\"\"><\/video>\n\t\t\t\t<\/div>\n\t\t\t\t\t\t<\/div>\n\t\t\t\t<\/div>\n\t\t\t\t\t<\/div>\n\t\t<\/div>\n\t\t\t\t\t<\/div>\n\t\t<\/section>\n\t\t\t\t<section class=\"elementor-section elementor-top-section elementor-element elementor-element-188495c elementor-section-boxed elementor-section-height-default elementor-section-height-default\" data-id=\"188495c\" data-element_type=\"section\">\n\t\t\t\t\t\t<div class=\"elementor-container elementor-column-gap-default\">\n\t\t\t\t\t<div class=\"elementor-column elementor-col-100 elementor-top-column elementor-element elementor-element-73175e1\" data-id=\"73175e1\" data-element_type=\"column\">\n\t\t\t<div class=\"elementor-widget-wrap elementor-element-populated\">\n\t\t\t\t\t\t<div class=\"elementor-element elementor-element-04150fe elementor-widget elementor-widget-text-editor\" data-id=\"04150fe\" data-element_type=\"widget\" data-widget_type=\"text-editor.default\">\n\t\t\t\t<div class=\"elementor-widget-container\">\n\t\t\t\t\t\t\t\t\t<p>L\u00e4rarens b\u00e4sta partner n\u00e4r det g\u00e4ller att skapa en engagerande inl\u00e4rningsupplevelse \u00e4r de l\u00e4romedel som anv\u00e4nds i klassrummet. Med flexibel och l\u00e4ttanv\u00e4nd audiovisuell teknik kan du f\u00f6rvandla klassrummet till ett utrymme d\u00e4r din fantasi kan fl\u00f6da fritt. Tack vare den stora sk\u00e4rmen kan inneh\u00e5llet enkelt ses fr\u00e5n klassrummets bakre del, vilket g\u00f6r att varje plats k\u00e4nns som en plats p\u00e5 f\u00f6rsta raden.<br><\/p>\t\t\t\t\t\t\t\t<\/div>\n\t\t\t\t<\/div>\n\t\t\t\t<div class=\"elementor-element elementor-element-21383ac elementor-widget elementor-widget-text-editor\" data-id=\"21383ac\" data-element_type=\"widget\" data-widget_type=\"text-editor.default\">\n\t\t\t\t<div class=\"elementor-widget-container\">\n\t\t\t\t\t\t\t\t\t<p><b><span data-contrast=\"auto\">Studie visar att 58 av %-studenterna inte kan l\u00e4sa allt inneh\u00e5ll p\u00e5 en 70-tums fast sk\u00e4rm<\/span><\/b><span data-ccp-props=\"{&quot;201341983&quot;:0,&quot;335559739&quot;:160,&quot;335559740&quot;:259}\">\u00a0<\/span><\/p><p><span data-contrast=\"auto\">Den sk\u00e4rmstorlek som vanligen anv\u00e4nds i klassrum \u00e4r en 70-tums fast sk\u00e4rm. N\u00e4r eleverna ombads att kopiera sex korta fakta fr\u00e5n det material som presenterades p\u00e5 en sk\u00e4rm av denna storlek kopierade 58 av %-eleverna i \u00e5ldern 12-22 \u00e5r minst en fakta felaktigt. Detta \u00e4r baserat p\u00e5 en studie som genomf\u00f6rdes av Radius Research i USA.\u00a0<br \/>L\u00e4s mer p\u00e5 webbplatsen f\u00f6r v\u00e5r partner Epson <a href=\"https:\/\/epson.com\/choosing-school-projectors-display-size-vs-flat-screens\">h\u00e4r<\/a>.<\/span><\/p>\t\t\t\t\t\t\t\t<\/div>\n\t\t\t\t<\/div>\n\t\t\t\t<div class=\"elementor-element elementor-element-064a34a elementor-widget elementor-widget-image\" data-id=\"064a34a\" data-element_type=\"widget\" data-widget_type=\"image.default\">\n\t\t\t\t<div class=\"elementor-widget-container\">\n\t\t\t\t\t\t\t\t\t\t\t\t\t\t\t<img fetchpriority=\"high\" decoding=\"async\" width=\"1024\" height=\"201\" src=\"https:\/\/artome.fi\/wp-content\/uploads\/2023\/11\/area-1024x201.png\" class=\"attachment-large size-large wp-image-6632\" alt=\"\" srcset=\"https:\/\/artome.fi\/wp-content\/uploads\/2023\/11\/area-1024x201.png 1024w, https:\/\/artome.fi\/wp-content\/uploads\/2023\/11\/area-300x59.png 300w, https:\/\/artome.fi\/wp-content\/uploads\/2023\/11\/area-768x150.png 768w, https:\/\/artome.fi\/wp-content\/uploads\/2023\/11\/area-18x4.png 18w, https:\/\/artome.fi\/wp-content\/uploads\/2023\/11\/area.png 1200w\" sizes=\"(max-width: 1024px) 100vw, 1024px\" \/>\t\t\t\t\t\t\t\t\t\t\t\t\t\t\t<\/div>\n\t\t\t\t<\/div>\n\t\t\t\t<div class=\"elementor-element elementor-element-c972574 elementor-widget elementor-widget-text-editor\" data-id=\"c972574\" data-element_type=\"widget\" data-widget_type=\"text-editor.default\">\n\t\t\t\t<div class=\"elementor-widget-container\">\n\t\t\t\t\t\t\t\t\t<p><b><span data-contrast=\"none\">F\u00f6rb\u00e4ttra inl\u00e4rningen med 4\/6\/8-regeln\u00a0<\/span><\/b><span data-ccp-props=\"{&quot;201341983&quot;:0,&quot;335559739&quot;:160,&quot;335559740&quot;:259}\">\u00a0<\/span><\/p><p><span data-contrast=\"auto\">N\u00e4r man \u00f6verv\u00e4ger den optimala sk\u00e4rmstorleken finns det en vanlig standard som kallas 4\/6\/8-regeln. ** Regeln bygger p\u00e5 korrelationen mellan rumsstorlek och sk\u00e4rmh\u00f6jd.<\/span><span data-ccp-props=\"{&quot;201341983&quot;:0,&quot;335559739&quot;:160,&quot;335559740&quot;:259}\">\u00a0<\/span><\/p><p><span data-contrast=\"auto\">Regeln anger att det ideala betraktningsavst\u00e5ndet ska baseras p\u00e5 den allm\u00e4nt accepterade 4-6-8-regeln, som best\u00e4mmer hur m\u00e5nga g\u00e5nger (4, 6 eller 8) avst\u00e5ndet f\u00f6r den elev som befinner sig l\u00e4ngst bort fr\u00e5n sk\u00e4rmen kan vara, beroende p\u00e5 vilket inneh\u00e5ll som presenteras. F\u00f6r passivt tittande (t.ex. titta p\u00e5 en video) \u00e4r det l\u00e4ngsta avst\u00e5ndet mer l\u00e4mpligt; f\u00f6r att titta p\u00e5 mer detaljerad information (t.ex. l\u00e4sa) \u00e4r det mellersta avst\u00e5ndet mer l\u00e4mpligt; och f\u00f6r analytiskt tittande (t.ex. l\u00e4sa kalkylblad) b\u00f6r den l\u00e4ngsta eleven inte vara mer \u00e4n 4 g\u00e5nger sk\u00e4rmens h\u00f6jd.<\/span><\/p>\t\t\t\t\t\t\t\t<\/div>\n\t\t\t\t<\/div>\n\t\t\t\t\t<\/div>\n\t\t<\/div>\n\t\t\t\t\t<\/div>\n\t\t<\/section>\n\t\t\t\t<section class=\"elementor-section elementor-top-section elementor-element elementor-element-f310058 elementor-section-boxed elementor-section-height-default elementor-section-height-default\" data-id=\"f310058\" data-element_type=\"section\">\n\t\t\t\t\t\t<div class=\"elementor-container elementor-column-gap-default\">\n\t\t\t\t\t<div class=\"elementor-column elementor-col-100 elementor-top-column elementor-element elementor-element-12e5b78\" data-id=\"12e5b78\" data-element_type=\"column\">\n\t\t\t<div class=\"elementor-widget-wrap elementor-element-populated\">\n\t\t\t\t\t\t<div class=\"elementor-element elementor-element-ebb44ec elementor-widget elementor-widget-text-editor\" data-id=\"ebb44ec\" data-element_type=\"widget\" data-widget_type=\"text-editor.default\">\n\t\t\t\t<div class=\"elementor-widget-container\">\n\t\t\t\t\t\t\t\t\t<p><b><span data-contrast=\"none\">Ju st\u00f6rre bild, desto tydligare information<\/span><\/b><\/p><p class=\"translation-block\">En f\u00f6r liten bild kan g\u00f6ra det visuella budskapet ofullst\u00e4ndigt eller till och med f\u00f6rhindra att det tas upp. <br>Artome g\u00f6r det enkelt att anpassa bildstorleken till alla utrymmen. Det g\u00f6r att du kan se och h\u00f6ra lektionen hela v\u00e4gen till den bakre raden och enkelt dela olika material med klassen. Oavsett om du har behov av en daglig presentationsl\u00f6sning f\u00f6r klassrummet eller om du vill ha en reservl\u00f6sning f\u00f6r probleml\u00f6sning som du kan lita p\u00e5 och som \u00e4r enkel att installera p\u00e5 n\u00e5gra minuter, \u00e4r Artome S1 r\u00e4tt val f\u00f6r dig.<\/p>\t\t\t\t\t\t\t\t<\/div>\n\t\t\t\t<\/div>\n\t\t\t\t\t<\/div>\n\t\t<\/div>\n\t\t\t\t\t<\/div>\n\t\t<\/section>\n\t\t\t\t<section class=\"elementor-section elementor-top-section elementor-element elementor-element-faf54cb elementor-section-boxed elementor-section-height-default elementor-section-height-default\" data-id=\"faf54cb\" data-element_type=\"section\">\n\t\t\t\t\t\t<div class=\"elementor-container elementor-column-gap-default\">\n\t\t\t\t\t<div class=\"elementor-column elementor-col-100 elementor-top-column elementor-element elementor-element-51fe3b7\" data-id=\"51fe3b7\" data-element_type=\"column\">\n\t\t\t<div class=\"elementor-widget-wrap elementor-element-populated\">\n\t\t\t\t\t\t<div class=\"elementor-element elementor-element-db24fad elementor-align-center elementor-mobile-align-center elementor-widget elementor-widget-button\" data-id=\"db24fad\" data-element_type=\"widget\" data-widget_type=\"button.default\">\n\t\t\t\t<div class=\"elementor-widget-container\">\n\t\t\t\t\t\t\t\t\t<div class=\"elementor-button-wrapper\">\n\t\t\t\t\t<a class=\"elementor-button elementor-button-link elementor-size-sm\" href=\"https:\/\/artome.fi\/sv\/request-demo\/\">\n\t\t\t\t\t\t<span class=\"elementor-button-content-wrapper\">\n\t\t\t\t\t\t\t\t\t<span class=\"elementor-button-text\">Upplev Artome live - klicka h\u00e4r<\/span>\n\t\t\t\t\t<\/span>\n\t\t\t\t\t<\/a>\n\t\t\t\t<\/div>\n\t\t\t\t\t\t\t\t<\/div>\n\t\t\t\t<\/div>\n\t\t\t\t\t<\/div>\n\t\t<\/div>\n\t\t\t\t\t<\/div>\n\t\t<\/section>\n\t\t\t\t<\/div>","protected":false},"excerpt":{"rendered":"<p>Vapauta tilojen potentiaali Oppimisessa suurella kuvalla on v\u00e4li\u00e4 https:\/\/artome.fi\/wp-content\/uploads\/2023\/08\/Education-1_1-opti.mp4 Opettajan parhaat kumppanit mukaansatempaavan oppimiskokemuksen luomisessa ovat luokassa k\u00e4ytett\u00e4v\u00e4t opetusmateriaalit. Joustava ja helppok\u00e4ytt\u00f6inen audiovisuaalinen teknologia mahdollistaa luokkahuoneen muuntamisen tilaksi, jossa mielikuvitus p\u00e4\u00e4see valloilleen. Suuren kuvan ansiosta esitett\u00e4v\u00e4 sis\u00e4lt\u00f6 on helposti n\u00e4ht\u00e4viss\u00e4 my\u00f6s luokan takaosasta, joten jokainen paikka tuntuu, kuin istuisi eturivill\u00e4. Tutkimus osoittaa, ett\u00e4 58 % [&hellip;]<\/p>\n","protected":false},"author":1,"featured_media":0,"parent":0,"menu_order":0,"comment_status":"closed","ping_status":"closed","template":"elementor_header_footer","meta":{"om_disable_all_campaigns":false,"_monsterinsights_skip_tracking":false,"_monsterinsights_sitenote_active":false,"_monsterinsights_sitenote_note":"","_monsterinsights_sitenote_category":0,"_uf_show_specific_survey":0,"_uf_disable_surveys":false,"footnotes":""},"class_list":["post-6629","page","type-page","status-publish","hentry"],"blocksy_meta":[],"aioseo_notices":[],"yoast_head":"<!-- This site is optimized with the Yoast SEO Premium plugin v23.2 (Yoast SEO v26.3) - https:\/\/yoast.com\/wordpress\/plugins\/seo\/ -->\n<title>The big picture in learning - Artome<\/title>\n<meta name=\"robots\" content=\"index, follow, max-snippet:-1, max-image-preview:large, max-video-preview:-1\" \/>\n<link rel=\"canonical\" href=\"https:\/\/artome.fi\/sv\/the-big-picture-in-learning\/\" \/>\n<meta property=\"og:locale\" content=\"sv_SE\" \/>\n<meta property=\"og:type\" content=\"article\" \/>\n<meta property=\"og:title\" content=\"The big picture in learning\" \/>\n<meta property=\"og:description\" content=\"Vapauta tilojen potentiaali Oppimisessa suurella kuvalla on v\u00e4li\u00e4 https:\/\/artome.fi\/wp-content\/uploads\/2023\/08\/Education-1_1-opti.mp4 Opettajan parhaat kumppanit mukaansatempaavan oppimiskokemuksen luomisessa ovat luokassa k\u00e4ytett\u00e4v\u00e4t opetusmateriaalit. Joustava ja helppok\u00e4ytt\u00f6inen audiovisuaalinen teknologia mahdollistaa luokkahuoneen muuntamisen tilaksi, jossa mielikuvitus p\u00e4\u00e4see valloilleen. Suuren kuvan ansiosta esitett\u00e4v\u00e4 sis\u00e4lt\u00f6 on helposti n\u00e4ht\u00e4viss\u00e4 my\u00f6s luokan takaosasta, joten jokainen paikka tuntuu, kuin istuisi eturivill\u00e4. Tutkimus osoittaa, ett\u00e4 58 % [&hellip;]\" \/>\n<meta property=\"og:url\" content=\"https:\/\/artome.fi\/sv\/the-big-picture-in-learning\/\" \/>\n<meta property=\"og:site_name\" content=\"Artome\" \/>\n<meta property=\"article:modified_time\" content=\"2023-11-13T07:39:35+00:00\" \/>\n<meta property=\"og:image\" content=\"https:\/\/artome.fi\/wp-content\/uploads\/2023\/11\/area-1024x201.png\" \/>\n<meta name=\"twitter:card\" content=\"summary_large_image\" \/>\n<meta name=\"twitter:label1\" content=\"Ber\u00e4knad l\u00e4stid\" \/>\n\t<meta name=\"twitter:data1\" content=\"2 minuter\" \/>\n<script type=\"application\/ld+json\" class=\"yoast-schema-graph\">{\"@context\":\"https:\/\/schema.org\",\"@graph\":[{\"@type\":\"WebPage\",\"@id\":\"https:\/\/artome.fi\/fi\/the-big-picture-in-learning\/\",\"url\":\"https:\/\/artome.fi\/fi\/the-big-picture-in-learning\/\",\"name\":\"The big picture in learning - Artome\",\"isPartOf\":{\"@id\":\"https:\/\/artome.fi\/en\/#website\"},\"primaryImageOfPage\":{\"@id\":\"https:\/\/artome.fi\/fi\/the-big-picture-in-learning\/#primaryimage\"},\"image\":{\"@id\":\"https:\/\/artome.fi\/fi\/the-big-picture-in-learning\/#primaryimage\"},\"thumbnailUrl\":\"https:\/\/artome.fi\/wp-content\/uploads\/2023\/11\/area-1024x201.png\",\"datePublished\":\"2023-11-10T07:30:52+00:00\",\"dateModified\":\"2023-11-13T07:39:35+00:00\",\"breadcrumb\":{\"@id\":\"https:\/\/artome.fi\/fi\/the-big-picture-in-learning\/#breadcrumb\"},\"inLanguage\":\"sv-SE\",\"potentialAction\":[{\"@type\":\"ReadAction\",\"target\":[\"https:\/\/artome.fi\/fi\/the-big-picture-in-learning\/\"]}]},{\"@type\":\"ImageObject\",\"inLanguage\":\"sv-SE\",\"@id\":\"https:\/\/artome.fi\/fi\/the-big-picture-in-learning\/#primaryimage\",\"url\":\"https:\/\/artome.fi\/wp-content\/uploads\/2023\/11\/area-1024x201.png\",\"contentUrl\":\"https:\/\/artome.fi\/wp-content\/uploads\/2023\/11\/area-1024x201.png\"},{\"@type\":\"BreadcrumbList\",\"@id\":\"https:\/\/artome.fi\/fi\/the-big-picture-in-learning\/#breadcrumb\",\"itemListElement\":[{\"@type\":\"ListItem\",\"position\":1,\"name\":\"Etusivu\",\"item\":\"https:\/\/artome.fi\/en\/\"},{\"@type\":\"ListItem\",\"position\":2,\"name\":\"The big picture in learning\"}]},{\"@type\":\"WebSite\",\"@id\":\"https:\/\/artome.fi\/en\/#website\",\"url\":\"https:\/\/artome.fi\/en\/\",\"name\":\"Artome\",\"description\":\"Redesigning audiovisual with smart furniture\",\"publisher\":{\"@id\":\"https:\/\/artome.fi\/en\/#organization\"},\"potentialAction\":[{\"@type\":\"SearchAction\",\"target\":{\"@type\":\"EntryPoint\",\"urlTemplate\":\"https:\/\/artome.fi\/en\/?s={search_term_string}\"},\"query-input\":{\"@type\":\"PropertyValueSpecification\",\"valueRequired\":true,\"valueName\":\"search_term_string\"}}],\"inLanguage\":\"sv-SE\"},{\"@type\":\"Organization\",\"@id\":\"https:\/\/artome.fi\/en\/#organization\",\"name\":\"Artome\",\"url\":\"https:\/\/artome.fi\/en\/\",\"logo\":{\"@type\":\"ImageObject\",\"inLanguage\":\"sv-SE\",\"@id\":\"https:\/\/artome.fi\/en\/#\/schema\/logo\/image\/\",\"url\":\"https:\/\/artome.fi\/wp-content\/uploads\/2022\/02\/artome_logo_black.png\",\"contentUrl\":\"https:\/\/artome.fi\/wp-content\/uploads\/2022\/02\/artome_logo_black.png\",\"width\":1280,\"height\":496,\"caption\":\"Artome\"},\"image\":{\"@id\":\"https:\/\/artome.fi\/en\/#\/schema\/logo\/image\/\"}}]}<\/script>\n<!-- \/ Yoast SEO Premium plugin. -->","yoast_head_json":{"title":"Den stora bilden av l\u00e4rande - Artome","robots":{"index":"index","follow":"follow","max-snippet":"max-snippet:-1","max-image-preview":"max-image-preview:large","max-video-preview":"max-video-preview:-1"},"canonical":"https:\/\/artome.fi\/sv\/the-big-picture-in-learning\/","og_locale":"sv_SE","og_type":"article","og_title":"The big picture in learning","og_description":"Vapauta tilojen potentiaali Oppimisessa suurella kuvalla on v\u00e4li\u00e4 https:\/\/artome.fi\/wp-content\/uploads\/2023\/08\/Education-1_1-opti.mp4 Opettajan parhaat kumppanit mukaansatempaavan oppimiskokemuksen luomisessa ovat luokassa k\u00e4ytett\u00e4v\u00e4t opetusmateriaalit. Joustava ja helppok\u00e4ytt\u00f6inen audiovisuaalinen teknologia mahdollistaa luokkahuoneen muuntamisen tilaksi, jossa mielikuvitus p\u00e4\u00e4see valloilleen. Suuren kuvan ansiosta esitett\u00e4v\u00e4 sis\u00e4lt\u00f6 on helposti n\u00e4ht\u00e4viss\u00e4 my\u00f6s luokan takaosasta, joten jokainen paikka tuntuu, kuin istuisi eturivill\u00e4. Tutkimus osoittaa, ett\u00e4 58 % [&hellip;]","og_url":"https:\/\/artome.fi\/sv\/the-big-picture-in-learning\/","og_site_name":"Artome","article_modified_time":"2023-11-13T07:39:35+00:00","og_image":[{"url":"https:\/\/artome.fi\/wp-content\/uploads\/2023\/11\/area-1024x201.png","type":"","width":"","height":""}],"twitter_card":"summary_large_image","twitter_misc":{"Ber\u00e4knad l\u00e4stid":"2 minuter"},"schema":{"@context":"https:\/\/schema.org","@graph":[{"@type":"WebPage","@id":"https:\/\/artome.fi\/fi\/the-big-picture-in-learning\/","url":"https:\/\/artome.fi\/fi\/the-big-picture-in-learning\/","name":"Den stora bilden av l\u00e4rande - Artome","isPartOf":{"@id":"https:\/\/artome.fi\/en\/#website"},"primaryImageOfPage":{"@id":"https:\/\/artome.fi\/fi\/the-big-picture-in-learning\/#primaryimage"},"image":{"@id":"https:\/\/artome.fi\/fi\/the-big-picture-in-learning\/#primaryimage"},"thumbnailUrl":"https:\/\/artome.fi\/wp-content\/uploads\/2023\/11\/area-1024x201.png","datePublished":"2023-11-10T07:30:52+00:00","dateModified":"2023-11-13T07:39:35+00:00","breadcrumb":{"@id":"https:\/\/artome.fi\/fi\/the-big-picture-in-learning\/#breadcrumb"},"inLanguage":"sv-SE","potentialAction":[{"@type":"ReadAction","target":["https:\/\/artome.fi\/fi\/the-big-picture-in-learning\/"]}]},{"@type":"ImageObject","inLanguage":"sv-SE","@id":"https:\/\/artome.fi\/fi\/the-big-picture-in-learning\/#primaryimage","url":"https:\/\/artome.fi\/wp-content\/uploads\/2023\/11\/area-1024x201.png","contentUrl":"https:\/\/artome.fi\/wp-content\/uploads\/2023\/11\/area-1024x201.png"},{"@type":"BreadcrumbList","@id":"https:\/\/artome.fi\/fi\/the-big-picture-in-learning\/#breadcrumb","itemListElement":[{"@type":"ListItem","position":1,"name":"Etusivu","item":"https:\/\/artome.fi\/en\/"},{"@type":"ListItem","position":2,"name":"The big picture in learning"}]},{"@type":"WebSite","@id":"https:\/\/artome.fi\/en\/#website","url":"https:\/\/artome.fi\/en\/","name":"Artome","description":"Omdesign av audiovisuella medier med smarta m\u00f6bler","publisher":{"@id":"https:\/\/artome.fi\/en\/#organization"},"potentialAction":[{"@type":"SearchAction","target":{"@type":"EntryPoint","urlTemplate":"https:\/\/artome.fi\/en\/?s={search_term_string}"},"query-input":{"@type":"PropertyValueSpecification","valueRequired":true,"valueName":"search_term_string"}}],"inLanguage":"sv-SE"},{"@type":"Organization","@id":"https:\/\/artome.fi\/en\/#organization","name":"Artome","url":"https:\/\/artome.fi\/en\/","logo":{"@type":"ImageObject","inLanguage":"sv-SE","@id":"https:\/\/artome.fi\/en\/#\/schema\/logo\/image\/","url":"https:\/\/artome.fi\/wp-content\/uploads\/2022\/02\/artome_logo_black.png","contentUrl":"https:\/\/artome.fi\/wp-content\/uploads\/2022\/02\/artome_logo_black.png","width":1280,"height":496,"caption":"Artome"},"image":{"@id":"https:\/\/artome.fi\/en\/#\/schema\/logo\/image\/"}}]}},"_links":{"self":[{"href":"https:\/\/artome.fi\/sv\/wp-json\/wp\/v2\/pages\/6629","targetHints":{"allow":["GET"]}}],"collection":[{"href":"https:\/\/artome.fi\/sv\/wp-json\/wp\/v2\/pages"}],"about":[{"href":"https:\/\/artome.fi\/sv\/wp-json\/wp\/v2\/types\/page"}],"author":[{"embeddable":true,"href":"https:\/\/artome.fi\/sv\/wp-json\/wp\/v2\/users\/1"}],"replies":[{"embeddable":true,"href":"https:\/\/artome.fi\/sv\/wp-json\/wp\/v2\/comments?post=6629"}],"version-history":[{"count":15,"href":"https:\/\/artome.fi\/sv\/wp-json\/wp\/v2\/pages\/6629\/revisions"}],"predecessor-version":[{"id":6711,"href":"https:\/\/artome.fi\/sv\/wp-json\/wp\/v2\/pages\/6629\/revisions\/6711"}],"wp:attachment":[{"href":"https:\/\/artome.fi\/sv\/wp-json\/wp\/v2\/media?parent=6629"}],"curies":[{"name":"wp","href":"https:\/\/api.w.org\/{rel}","templated":true}]}}