{"id":911,"date":"2022-06-09T07:01:47","date_gmt":"2022-06-09T07:01:47","guid":{"rendered":"https:\/\/artome.fi\/?page_id=911"},"modified":"2022-11-28T13:46:24","modified_gmt":"2022-11-28T13:46:24","slug":"see-the-big-picture","status":"publish","type":"page","link":"https:\/\/artome.fi\/sv\/see-the-big-picture\/","title":{"rendered":"Se den stora bilden"},"content":{"rendered":"<div data-elementor-type=\"wp-page\" data-elementor-id=\"911\" class=\"elementor elementor-911\" data-elementor-post-type=\"page\">\n\t\t\t\t\t\t<section class=\"elementor-section elementor-top-section elementor-element elementor-element-4b794f59 ct-section-stretched elementor-section-height-min-height elementor-section-full_width elementor-section-height-default elementor-section-items-middle\" data-id=\"4b794f59\" data-element_type=\"section\" data-settings=\"{&quot;background_background&quot;:&quot;classic&quot;}\">\n\t\t\t\t\t\t<div class=\"elementor-container elementor-column-gap-no\">\n\t\t\t\t\t<div class=\"elementor-column elementor-col-100 elementor-top-column elementor-element elementor-element-50c8a465\" data-id=\"50c8a465\" data-element_type=\"column\">\n\t\t\t<div class=\"elementor-widget-wrap elementor-element-populated\">\n\t\t\t\t\t\t<div class=\"elementor-element elementor-element-516f3497 elementor-widget elementor-widget-heading\" data-id=\"516f3497\" data-element_type=\"widget\" data-widget_type=\"heading.default\">\n\t\t\t\t<div class=\"elementor-widget-container\">\n\t\t\t\t\t<h1 class=\"elementor-heading-title elementor-size-default\">F\u00f6rvandla ditt utrymme p\u00e5 ett \u00f6gonblick<\/h1>\t\t\t\t<\/div>\n\t\t\t\t<\/div>\n\t\t\t\t\t<\/div>\n\t\t<\/div>\n\t\t\t\t\t<\/div>\n\t\t<\/section>\n\t\t\t\t<section class=\"elementor-section elementor-top-section elementor-element elementor-element-5bfbb6da ct-section-stretched elementor-section-boxed elementor-section-height-default elementor-section-height-default\" data-id=\"5bfbb6da\" data-element_type=\"section\">\n\t\t\t\t\t\t<div class=\"elementor-container elementor-column-gap-no\">\n\t\t\t\t\t<div class=\"elementor-column elementor-col-100 elementor-top-column elementor-element elementor-element-f8257ed\" data-id=\"f8257ed\" data-element_type=\"column\">\n\t\t\t<div class=\"elementor-widget-wrap elementor-element-populated\">\n\t\t\t\t\t\t<div class=\"elementor-element elementor-element-4d8da10e elementor-widget elementor-widget-heading\" data-id=\"4d8da10e\" data-element_type=\"widget\" data-widget_type=\"heading.default\">\n\t\t\t\t<div class=\"elementor-widget-container\">\n\t\t\t\t\t<h2 class=\"elementor-heading-title elementor-size-default\">Hitta den stora bilden<\/h2>\t\t\t\t<\/div>\n\t\t\t\t<\/div>\n\t\t\t\t<div class=\"elementor-element elementor-element-510652d3 elementor-widget elementor-widget-text-editor\" data-id=\"510652d3\" data-element_type=\"widget\" data-widget_type=\"text-editor.default\">\n\t\t\t\t<div class=\"elementor-widget-container\">\n\t\t\t\t\t\t\t\t\t<p>Artome M10 erbjuder presentationsteknik i form av en l\u00e4ttflyttad smart m\u00f6bel och g\u00f6r det m\u00f6jligt att skapa verkligt omv\u00e4lvande utrymmen p\u00e5 arbetsplatser, skolor och i offentliga milj\u00f6er.<\/p>\t\t\t\t\t\t\t\t<\/div>\n\t\t\t\t<\/div>\n\t\t\t\t<div class=\"elementor-element elementor-element-2dd7ddca elementor-widget elementor-widget-text-editor\" data-id=\"2dd7ddca\" data-element_type=\"widget\" data-widget_type=\"text-editor.default\">\n\t\t\t\t<div class=\"elementor-widget-container\">\n\t\t\t\t\t\t\t\t\t<p>Artome M10 smart furniture har en integrerad Epson laserprojektor som alltid ger en optimal bild f\u00f6r varje utrymme. Bildens bredd kan justeras stegl\u00f6st mellan 1,5 och 3,5 meter genom att flytta armaturen l\u00e4ngre bort fr\u00e5n projektionsytan. F\u00f6r att uppn\u00e5 den maximala bildstorleken (150 dark) r\u00e4cker det dock med ett avst\u00e5nd p\u00e5 ca 60 cm fr\u00e5n v\u00e4ggen\/den reflekterande ytan.<\/p>\t\t\t\t\t\t\t\t<\/div>\n\t\t\t\t<\/div>\n\t\t\t\t\t<\/div>\n\t\t<\/div>\n\t\t\t\t\t<\/div>\n\t\t<\/section>\n\t\t\t\t<section class=\"elementor-section elementor-top-section elementor-element elementor-element-2539deb5 ct-section-stretched elementor-section-items-top elementor-section-height-min-height elementor-section-boxed elementor-section-height-default\" data-id=\"2539deb5\" data-element_type=\"section\" data-settings=\"{&quot;background_background&quot;:&quot;classic&quot;}\">\n\t\t\t\t\t\t<div class=\"elementor-container elementor-column-gap-default\">\n\t\t\t\t\t<div class=\"elementor-column elementor-col-50 elementor-top-column elementor-element elementor-element-517cab6\" data-id=\"517cab6\" data-element_type=\"column\">\n\t\t\t<div class=\"elementor-widget-wrap elementor-element-populated\">\n\t\t\t\t\t\t\t<\/div>\n\t\t<\/div>\n\t\t\t\t<div class=\"elementor-column elementor-col-50 elementor-top-column elementor-element elementor-element-6ff23b70\" data-id=\"6ff23b70\" data-element_type=\"column\" data-settings=\"{&quot;background_background&quot;:&quot;classic&quot;}\">\n\t\t\t<div class=\"elementor-widget-wrap\">\n\t\t\t\t\t\t\t<\/div>\n\t\t<\/div>\n\t\t\t\t\t<\/div>\n\t\t<\/section>\n\t\t\t\t<section class=\"elementor-section elementor-top-section elementor-element elementor-element-64e905cd ct-section-stretched elementor-section-boxed elementor-section-height-default elementor-section-height-default\" data-id=\"64e905cd\" data-element_type=\"section\">\n\t\t\t\t\t\t<div class=\"elementor-container elementor-column-gap-default\">\n\t\t\t\t\t<div class=\"elementor-column elementor-col-50 elementor-top-column elementor-element elementor-element-75ded9ef\" data-id=\"75ded9ef\" data-element_type=\"column\" data-settings=\"{&quot;background_background&quot;:&quot;classic&quot;}\">\n\t\t\t<div class=\"elementor-widget-wrap elementor-element-populated\">\n\t\t\t\t\t\t<div class=\"elementor-element elementor-element-66164da6 elementor-widget elementor-widget-heading\" data-id=\"66164da6\" data-element_type=\"widget\" data-widget_type=\"heading.default\">\n\t\t\t\t<div class=\"elementor-widget-container\">\n\t\t\t\t\t<h2 class=\"elementor-heading-title elementor-size-default\">Studie visar att 58 av %-studenterna inte kan l\u00e4sa allt inneh\u00e5ll p\u00e5 en 70-tums fast sk\u00e4rm<\/h2>\t\t\t\t<\/div>\n\t\t\t\t<\/div>\n\t\t\t\t\t<\/div>\n\t\t<\/div>\n\t\t\t\t<div class=\"elementor-column elementor-col-50 elementor-top-column elementor-element elementor-element-605cefbe\" data-id=\"605cefbe\" data-element_type=\"column\" data-settings=\"{&quot;background_background&quot;:&quot;classic&quot;}\">\n\t\t\t<div class=\"elementor-widget-wrap elementor-element-populated\">\n\t\t\t\t\t\t<div class=\"elementor-element elementor-element-3a778d6 elementor-widget elementor-widget-text-editor\" data-id=\"3a778d6\" data-element_type=\"widget\" data-widget_type=\"text-editor.default\">\n\t\t\t\t<div class=\"elementor-widget-container\">\n\t\t\t\t\t\t\t\t\t<p>Ju st\u00f6rre bild, desto tydligare information. En f\u00f6r liten bild kan g\u00f6ra det visuella budskapet ofullst\u00e4ndigt eller till och med blockera det helt och h\u00e5llet. S\u00e4rskilt n\u00e4r det g\u00e4ller inl\u00e4rning \u00e4r det viktigt att det visuella budskapet n\u00e5r fram. Studien visar att 58 av %-studenterna inte kan l\u00e4sa allt inneh\u00e5ll p\u00e5 en 70-tums fast sk\u00e4rm, vilket \u00e4r en av de vanligaste sk\u00e4rmstorlekarna i till exempel klassrum. I skolorna finns det en tydlig koppling mellan l\u00e5ga testresultat och att barnen inte kan se sk\u00e4rmen tydligt<\/p>\t\t\t\t\t\t\t\t<\/div>\n\t\t\t\t<\/div>\n\t\t\t\t<div class=\"elementor-element elementor-element-707fa482 elementor-widget elementor-widget-text-editor\" data-id=\"707fa482\" data-element_type=\"widget\" data-widget_type=\"text-editor.default\">\n\t\t\t\t<div class=\"elementor-widget-container\">\n\t\t\t\t\t\t\t\t\t<p>N\u00e4r man \u00f6verv\u00e4ger den optimala sk\u00e4rmstorleken finns det en vanlig standard som kallas 4\/6\/8-regeln ** Regeln baseras p\u00e5 korrelationen mellan rumsstorlek och sk\u00e4rmh\u00f6jd. I en analytisk analys b\u00f6r till exempel sk\u00e4rmstorleken fr\u00e5n h\u00f6rn till h\u00f6rn vara 120 tum om betraktningsavst\u00e5ndet \u00e4r 6 meter och sk\u00e4rmstorleken \u00f6kar n\u00e4r betraktningsavst\u00e5ndet \u00f6kar.<\/p>\t\t\t\t\t\t\t\t<\/div>\n\t\t\t\t<\/div>\n\t\t\t\t\t<\/div>\n\t\t<\/div>\n\t\t\t\t\t<\/div>\n\t\t<\/section>\n\t\t\t\t<\/div>","protected":false},"excerpt":{"rendered":"<p>Muuntaa tilan hetkess\u00e4 L\u00f6yd\u00e4 suuri kuva Artome M10 tarjoaa esitystekniikkaa helposti liikuteltavan \u00e4lykalusteen muodossa ja mahdollistaa aidosti muuttuvien tilojen toteutuksen ty\u00f6paikoilla, kouluissa ja julkisissa tiloissa. Artome M10 \u00e4lykalusteessa on integroitu Epson laserprojektori, jonka avulla voidaan tuottaa aina optimaalinen kuva tilaan kuin tilaan. Kuvan leveytt\u00e4 voidaan s\u00e4\u00e4t\u00e4\u00e4 portaattomasti 1,5-3,5 metrin v\u00e4lill\u00e4 siirt\u00e4m\u00e4ll\u00e4 kalustetta kauemmas heijastuspinnasta. Maksimikokoisen [&hellip;]<\/p>\n","protected":false},"author":1,"featured_media":0,"parent":0,"menu_order":0,"comment_status":"closed","ping_status":"closed","template":"elementor_header_footer","meta":{"om_disable_all_campaigns":false,"_monsterinsights_skip_tracking":false,"_monsterinsights_sitenote_active":false,"_monsterinsights_sitenote_note":"","_monsterinsights_sitenote_category":0,"_uf_show_specific_survey":0,"_uf_disable_surveys":false,"footnotes":""},"class_list":["post-911","page","type-page","status-publish","hentry"],"blocksy_meta":{"styles_descriptor":{"styles":{"desktop":"","tablet":"","mobile":""},"google_fonts":[],"version":6}},"aioseo_notices":[],"yoast_head":"<!-- This site is optimized with the Yoast SEO Premium plugin v23.2 (Yoast SEO v26.3) - https:\/\/yoast.com\/wordpress\/plugins\/seo\/ -->\n<title>Artome | See the big picture<\/title>\n<meta name=\"description\" content=\"The larger the image, the clearer the information. Artome M10 adapts to any use with scalable image size up to 150 inches. Read more.\" \/>\n<meta name=\"robots\" content=\"index, follow, max-snippet:-1, max-image-preview:large, max-video-preview:-1\" \/>\n<link rel=\"canonical\" href=\"https:\/\/artome.fi\/sv\/see-the-big-picture\/\" \/>\n<meta property=\"og:locale\" content=\"sv_SE\" \/>\n<meta property=\"og:type\" content=\"article\" \/>\n<meta property=\"og:title\" content=\"See the big picture\" \/>\n<meta property=\"og:description\" content=\"The larger the image, the clearer the information. Artome M10 adapts to any use with scalable image size up to 150 inches. Read more.\" \/>\n<meta property=\"og:url\" content=\"https:\/\/artome.fi\/sv\/see-the-big-picture\/\" \/>\n<meta property=\"og:site_name\" content=\"Artome\" \/>\n<meta property=\"article:modified_time\" content=\"2022-11-28T13:46:24+00:00\" \/>\n<meta name=\"twitter:card\" content=\"summary_large_image\" \/>\n<meta name=\"twitter:label1\" content=\"Ber\u00e4knad l\u00e4stid\" \/>\n\t<meta name=\"twitter:data1\" content=\"2 minuter\" \/>\n<script type=\"application\/ld+json\" class=\"yoast-schema-graph\">{\"@context\":\"https:\/\/schema.org\",\"@graph\":[{\"@type\":\"WebPage\",\"@id\":\"https:\/\/artome.fi\/es\/ver-la-imagen-completa\/\",\"url\":\"https:\/\/artome.fi\/es\/ver-la-imagen-completa\/\",\"name\":\"Artome | See the big picture\",\"isPartOf\":{\"@id\":\"https:\/\/artome.fi\/en\/#website\"},\"datePublished\":\"2022-06-09T07:01:47+00:00\",\"dateModified\":\"2022-11-28T13:46:24+00:00\",\"description\":\"The larger the image, the clearer the information. Artome M10 adapts to any use with scalable image size up to 150 inches. Read more.\",\"breadcrumb\":{\"@id\":\"https:\/\/artome.fi\/es\/ver-la-imagen-completa\/#breadcrumb\"},\"inLanguage\":\"sv-SE\",\"potentialAction\":[{\"@type\":\"ReadAction\",\"target\":[\"https:\/\/artome.fi\/es\/ver-la-imagen-completa\/\"]}]},{\"@type\":\"BreadcrumbList\",\"@id\":\"https:\/\/artome.fi\/es\/ver-la-imagen-completa\/#breadcrumb\",\"itemListElement\":[{\"@type\":\"ListItem\",\"position\":1,\"name\":\"Etusivu\",\"item\":\"https:\/\/artome.fi\/en\/\"},{\"@type\":\"ListItem\",\"position\":2,\"name\":\"See the big picture\"}]},{\"@type\":\"WebSite\",\"@id\":\"https:\/\/artome.fi\/en\/#website\",\"url\":\"https:\/\/artome.fi\/en\/\",\"name\":\"Artome\",\"description\":\"Redesigning audiovisual with smart furniture\",\"publisher\":{\"@id\":\"https:\/\/artome.fi\/en\/#organization\"},\"potentialAction\":[{\"@type\":\"SearchAction\",\"target\":{\"@type\":\"EntryPoint\",\"urlTemplate\":\"https:\/\/artome.fi\/en\/?s={search_term_string}\"},\"query-input\":{\"@type\":\"PropertyValueSpecification\",\"valueRequired\":true,\"valueName\":\"search_term_string\"}}],\"inLanguage\":\"sv-SE\"},{\"@type\":\"Organization\",\"@id\":\"https:\/\/artome.fi\/en\/#organization\",\"name\":\"Artome\",\"url\":\"https:\/\/artome.fi\/en\/\",\"logo\":{\"@type\":\"ImageObject\",\"inLanguage\":\"sv-SE\",\"@id\":\"https:\/\/artome.fi\/en\/#\/schema\/logo\/image\/\",\"url\":\"https:\/\/artome.fi\/wp-content\/uploads\/2022\/02\/artome_logo_black.png\",\"contentUrl\":\"https:\/\/artome.fi\/wp-content\/uploads\/2022\/02\/artome_logo_black.png\",\"width\":1280,\"height\":496,\"caption\":\"Artome\"},\"image\":{\"@id\":\"https:\/\/artome.fi\/en\/#\/schema\/logo\/image\/\"}}]}<\/script>\n<!-- \/ Yoast SEO Premium plugin. -->","yoast_head_json":{"title":"Artome | Se den stora bilden","description":"Ju st\u00f6rre bilden \u00e4r, desto tydligare blir informationen. Artome M10 anpassar sig till alla anv\u00e4ndningsomr\u00e5den med en skalbar bildstorlek p\u00e5 upp till 150 tum. L\u00e4s mer om Artome M10.","robots":{"index":"index","follow":"follow","max-snippet":"max-snippet:-1","max-image-preview":"max-image-preview:large","max-video-preview":"max-video-preview:-1"},"canonical":"https:\/\/artome.fi\/sv\/see-the-big-picture\/","og_locale":"sv_SE","og_type":"article","og_title":"See the big picture","og_description":"The larger the image, the clearer the information. Artome M10 adapts to any use with scalable image size up to 150 inches. Read more.","og_url":"https:\/\/artome.fi\/sv\/see-the-big-picture\/","og_site_name":"Artome","article_modified_time":"2022-11-28T13:46:24+00:00","twitter_card":"summary_large_image","twitter_misc":{"Ber\u00e4knad l\u00e4stid":"2 minuter"},"schema":{"@context":"https:\/\/schema.org","@graph":[{"@type":"WebPage","@id":"https:\/\/artome.fi\/es\/ver-la-imagen-completa\/","url":"https:\/\/artome.fi\/es\/ver-la-imagen-completa\/","name":"Artome | Se den stora bilden","isPartOf":{"@id":"https:\/\/artome.fi\/en\/#website"},"datePublished":"2022-06-09T07:01:47+00:00","dateModified":"2022-11-28T13:46:24+00:00","description":"Ju st\u00f6rre bilden \u00e4r, desto tydligare blir informationen. Artome M10 anpassar sig till alla anv\u00e4ndningsomr\u00e5den med en skalbar bildstorlek p\u00e5 upp till 150 tum. L\u00e4s mer om Artome M10.","breadcrumb":{"@id":"https:\/\/artome.fi\/es\/ver-la-imagen-completa\/#breadcrumb"},"inLanguage":"sv-SE","potentialAction":[{"@type":"ReadAction","target":["https:\/\/artome.fi\/es\/ver-la-imagen-completa\/"]}]},{"@type":"BreadcrumbList","@id":"https:\/\/artome.fi\/es\/ver-la-imagen-completa\/#breadcrumb","itemListElement":[{"@type":"ListItem","position":1,"name":"Etusivu","item":"https:\/\/artome.fi\/en\/"},{"@type":"ListItem","position":2,"name":"See the big picture"}]},{"@type":"WebSite","@id":"https:\/\/artome.fi\/en\/#website","url":"https:\/\/artome.fi\/en\/","name":"Artome","description":"Omdesign av audiovisuella medier med smarta m\u00f6bler","publisher":{"@id":"https:\/\/artome.fi\/en\/#organization"},"potentialAction":[{"@type":"SearchAction","target":{"@type":"EntryPoint","urlTemplate":"https:\/\/artome.fi\/en\/?s={search_term_string}"},"query-input":{"@type":"PropertyValueSpecification","valueRequired":true,"valueName":"search_term_string"}}],"inLanguage":"sv-SE"},{"@type":"Organization","@id":"https:\/\/artome.fi\/en\/#organization","name":"Artome","url":"https:\/\/artome.fi\/en\/","logo":{"@type":"ImageObject","inLanguage":"sv-SE","@id":"https:\/\/artome.fi\/en\/#\/schema\/logo\/image\/","url":"https:\/\/artome.fi\/wp-content\/uploads\/2022\/02\/artome_logo_black.png","contentUrl":"https:\/\/artome.fi\/wp-content\/uploads\/2022\/02\/artome_logo_black.png","width":1280,"height":496,"caption":"Artome"},"image":{"@id":"https:\/\/artome.fi\/en\/#\/schema\/logo\/image\/"}}]}},"_links":{"self":[{"href":"https:\/\/artome.fi\/sv\/wp-json\/wp\/v2\/pages\/911","targetHints":{"allow":["GET"]}}],"collection":[{"href":"https:\/\/artome.fi\/sv\/wp-json\/wp\/v2\/pages"}],"about":[{"href":"https:\/\/artome.fi\/sv\/wp-json\/wp\/v2\/types\/page"}],"author":[{"embeddable":true,"href":"https:\/\/artome.fi\/sv\/wp-json\/wp\/v2\/users\/1"}],"replies":[{"embeddable":true,"href":"https:\/\/artome.fi\/sv\/wp-json\/wp\/v2\/comments?post=911"}],"version-history":[{"count":25,"href":"https:\/\/artome.fi\/sv\/wp-json\/wp\/v2\/pages\/911\/revisions"}],"predecessor-version":[{"id":2476,"href":"https:\/\/artome.fi\/sv\/wp-json\/wp\/v2\/pages\/911\/revisions\/2476"}],"wp:attachment":[{"href":"https:\/\/artome.fi\/sv\/wp-json\/wp\/v2\/media?parent=911"}],"curies":[{"name":"wp","href":"https:\/\/api.w.org\/{rel}","templated":true}]}}